{"id":8659,"date":"2024-09-04T05:13:45","date_gmt":"2024-09-04T05:13:45","guid":{"rendered":"https:\/\/www.juweihammer.com\/?post_type=product&#038;p=8659"},"modified":"2025-05-25T04:59:59","modified_gmt":"2025-05-25T04:59:59","slug":"dd160-16ton-diesel-pile-driver-hammers-guide-rod-type","status":"publish","type":"product","link":"https:\/\/www.juweihammer.com\/vi\/san-pham\/dd160-16ton-diesel-pile-driver-hammers-guide-rod-type\/","title":{"rendered":"M\u00e1y \u0111\u00f3ng c\u1ecdc Diesel DD160 16 t\u1ea5n | Lo\u1ea1i thanh d\u1eabn h\u01b0\u1edbng"},"content":{"rendered":"<p><span data-slate-fragment=\"JTVCJTdCJTIydHlwZSUyMiUzQSUyMnBhcmFncmFwaCUyMiUyQyUyMmNoaWxkcmVuJTIyJTNBJTVCJTdCJTIyaWQlMjIlM0ElMjJCWnlwQWdqNVF6JTIyJTJDJTIycGFyYUlkeCUyMiUzQTAlMkMlMjJzcmMlMjIlM0ElMjJKdXdlaSUyMGlzJTIwdGhlJTIwdG9wJTIwMSUyMG1hbnVmYWN0dXJlcnMlMjBhbmQlMjBzdXBwbGllcnMlMjBvZiUyMEREJTIwcmFpbCUyMGhhbW1lcnMlMjBpbiUyMENoaW5hJTIyJTJDJTIyZHN0JTIyJTNBJTIyJUU1JUI3JUE4JUU1JUE4JTgxJUU2JTk4JUFGJUU0JUI4JUFEJUU1JTlCJUJEREQlRTklOTIlQTIlRTglQkQlQTglRTklOTQlQTQlRTclOUElODQlRTclQUMlQUMlRTQlQjglODAlRTUlQTQlQTclRTUlODglQjYlRTklODAlQTAlRTUlOTUlODYlRTUlOTIlOEMlRTQlQkUlOUIlRTUlQkElOTQlRTUlOTUlODYlMjIlMkMlMjJtZXRhZGF0YSUyMiUzQSUyMiUyMiUyQyUyMm1ldGFEYXRhJTIyJTNBJTVCJTVEJTJDJTIydGV4dCUyMiUzQSUyMkp1d2VpJTIwaXMlMjB0aGUlMjB0b3AlMjAxJTIwbWFudWZhY3R1cmVycyUyMGFuZCUyMHN1cHBsaWVycyUyMG9mJTIwREQlMjByYWlsJTIwaGFtbWVycyUyMGluJTIwQ2hpbmElMjIlN0QlNUQlN0QlNUQ=\">Juwei l\u00e0 nh\u00e0 s\u1ea3n xu\u1ea5t v\u00e0 cung c\u1ea5p b\u00faa \u0111\u00f3ng c\u1ecdc diesel thanh d\u1eabn h\u01b0\u1edbng DD h\u00e0ng \u0111\u1ea7u t\u1ea1i Trung Qu\u1ed1c. <\/span>M\u00e1y \u0111\u00f3ng c\u1ecdc diesel d\u00f2ng DD c\u1ee7a Juwei \u0111\u00e3 c\u00f3 h\u01a1n 30 n\u0103m kinh nghi\u1ec7m trong thi\u1ebft k\u1ebf, s\u1ea3n xu\u1ea5t v\u00e0 \u1ee9ng d\u1ee5ng. <span style=\"color: #0000ff;\"><strong>B\u1ea5m v\u00e0o n\u00fat \u201cNh\u00e0 m\u00e1y\u201d \u0111\u1ec3 t\u00ecm hi\u1ec3u th\u00eam!<\/strong><\/span><\/p>\n<p><strong>B\u00faa diesel thanh d\u1eabn h\u01b0\u1edbng D c\u00f3 th\u1ec3 \u0111\u01b0\u1ee3c chia th\u00e0nh c\u00e1c lo\u1ea1i nh\u1eb9, trung b\u00ecnh v\u00e0 n\u1eb7ng.<\/strong><\/p>\n<p><strong><b># M\u1eabu \u0111\u00e8n<\/b><\/strong><\/p>\n<p>Model bao g\u1ed3m: DD4, DD6, DD12, DD18, DD25, DD30<\/p>\n<p>B\u00faa diesel lo\u1ea1i thanh d\u1eabn h\u01b0\u1edbng nh\u1eb9 \u0111\u01b0\u1ee3c thi\u1ebft k\u1ebf \u0111\u1ec3 \u0111\u00f3ng b\u00ea t\u00f4ng c\u1ed1t th\u00e9p, c\u1ecdc kim lo\u1ea1i, c\u1ecdc g\u1ed7 v\u00e0 c\u1ecdc v\u00e1n d\u01b0\u1edbi l\u00f2ng \u0111\u1ea5t. Thi\u1ebft b\u1ecb \u0111a ch\u1ee9c n\u0103ng n\u00e0y r\u1ea5t quan tr\u1ecdng trong c\u00e1c \u1ee9ng d\u1ee5ng x\u00e2y d\u1ef1ng kh\u00e1c nhau, bao g\u1ed3m:<\/p>\n<ul>\n<li>D\u1ef1 \u00e1n K\u1ef9 thu\u1eadt \u0110i\u1ec7n<\/li>\n<li>Qu\u1ef9 c\u00f4ng nghi\u1ec7p d\u1ea7u kh\u00ed<\/li>\n<li>Thi c\u00f4ng n\u1ec1n m\u00f3ng c\u00e1c c\u00f4ng tr\u00ecnh c\u00f4ng nghi\u1ec7p v\u00e0 d\u00e2n d\u1ee5ng<\/li>\n<\/ul>\n<p>Thi\u1ebft b\u1ecb \u0111\u00f3ng c\u1ecdc n\u00e0y th\u01b0\u1eddng \u0111\u01b0\u1ee3c l\u1eafp \u0111\u1eb7t tr\u00ean m\u00e1y m\u00f3c c\u00f3 b\u00e1nh x\u00edch v\u00e0 b\u00e1nh xe. Vi\u1ec7c hi\u1ec7n \u0111\u1ea1i h\u00f3a c\u1ea7n c\u1ea9u b\u00e1nh x\u00edch v\u00e0 m\u00e1y x\u00fac li\u00ean quan \u0111\u1ebfn vi\u1ec7c l\u1eafp \u0111\u1eb7t c\u1ecdc \u0111\u1ec3 \u0111\u1ea1t \u0111\u01b0\u1ee3c hi\u1ec7u qu\u1ea3 v\u1eadn h\u00e0nh.<\/p>\n<p>C\u00e1c t\u00ednh n\u0103ng ch\u00ednh c\u1ee7a thi\u1ebft b\u1ecb \u0111\u00f3ng c\u1ecdc nh\u1eb9 n\u00e0y bao g\u1ed3m l\u1ef1c t\u00e1c \u0111\u1ed9ng c\u1ef1c l\u1edbn v\u00e0 c\u00e1c v\u00f2ng piston b\u1ec1n b\u1ec9. Chi\u1ebfc b\u00faa n\u00e0y \u0111\u01b0\u1ee3c xu\u1ea5t kh\u1ea9u r\u1ed9ng r\u00e3i sang c\u00e1c khu v\u1ef1c nh\u01b0 Nga, Indonesia, Philippines, Ch\u00e2u Phi v\u00e0 \u0110\u00f4ng Nam \u00c1, \u0111\u1ed9 tin c\u1eady v\u00e0 hi\u1ec7u su\u1ea5t c\u1ee7a n\u00f3 \u0111\u00e3 \u0111\u01b0\u1ee3c c\u00f4ng nh\u1eadn.<\/p>\n<p><strong>#M\u00f4 h\u00ecnh trung b\u00ecnh<\/strong><\/p>\n<p>Model bao g\u1ed3m: DD35, DD45, DD55, DD65, DD75, DD85, DD105<\/p>\n<p>B\u00faa \u0111\u00f3ng c\u1ecdc thanh d\u1eabn c\u1ee1 trung th\u00edch h\u1ee3p \u0111\u1ec3 \u0111\u00f3ng nhi\u1ec1u lo\u1ea1i c\u1ecdc kh\u00e1c nhau, bao g\u1ed3m c\u1ecdc b\u00ea t\u00f4ng c\u1ed1t th\u00e9p, c\u1ecdc th\u00e9p, c\u1ecdc v\u00e1n, d\u1ea7m ch\u1eef H, c\u1ecdc tr\u00f2n, c\u1ecdc vu\u00f4ng v\u00e0 c\u1ecdc g\u1ed7. Thi\u1ebft b\u1ecb \u0111\u00f3ng c\u1ecdc c\u1ee1 trung n\u00e0y r\u1ea5t ph\u00f9 h\u1ee3p cho c\u00e1c c\u00f4ng tr\u00ecnh m\u00f3ng v\u00e0 k\u1ebft c\u1ea5u \u0111\u1ee1 trong c\u00e1c l\u0129nh v\u1ef1c sau:<\/p>\n<ul>\n<li>Ng\u00e0nh d\u1ea7u kh\u00ed<\/li>\n<li>\u0110i\u1ec7n v\u00e0 N\u0103ng l\u01b0\u1ee3ng<\/li>\n<li>Ng\u00e0nh c\u00f4ng nghi\u1ec7p<\/li>\n<li>k\u1ef9 thu\u1eadt d\u00e2n d\u1ee5ng<\/li>\n<li>k\u1ef9 thu\u1eadt th\u1ee7y l\u1ef1c<\/li>\n<\/ul>\n<p>B\u00faa \u0111\u00f3ng c\u1ecdc n\u00e0y t\u01b0\u01a1ng th\u00edch v\u1edbi c\u1ea7n c\u1ea9u b\u00e1nh x\u00edch, m\u00e1y x\u00fac, m\u00e1y \u0111\u00f3ng c\u1ecdc c\u00f3 c\u1ed9t bu\u1ed3m, m\u00e1y \u0111\u00f3ng c\u1ecdc n\u1ed5i v\u00e0 m\u00e1y \u0111\u00f3ng c\u1ecdc \u0111i b\u1ed9, \u0111\u1ed3ng th\u1eddi c\u00f3 t\u00ednh linh ho\u1ea1t v\u00e0 hi\u1ec7u qu\u1ea3.<br \/>\nB\u00faa diesel DD c\u1ee1 trung b\u00ecnh c\u1ee7a ch\u00fang t\u00f4i \u0111\u01b0\u1ee3c xu\u1ea5t kh\u1ea9u r\u1ed9ng r\u00e3i sang \u0110\u00f4ng Nam \u00c1, Trung \u0110\u00f4ng, Ch\u00e2u \u00c2u, Ch\u00e2u Phi v\u00e0 Nam M\u1ef9.<\/p>\n<p><strong>#M\u00f4 h\u00ecnh h\u1ea1ng n\u1eb7ng<\/strong><\/p>\n<p>Model bao g\u1ed3m: DD128, DD160, DD180, DD200, DD220, DD300, DD350, DD400, DD450, DD500<\/p>\n<p>B\u00faa diesel \u0111\u00f3ng c\u1ecdc DD h\u1ea1ng n\u1eb7ng c\u00f3 th\u00e0nh ph\u1ea7n ch\u1ecbu t\u00e1c \u0111\u1ed9ng n\u1eb7ng nh\u1ea5t, khi\u1ebfn n\u00f3 tr\u1edf th\u00e0nh thi\u1ebft b\u1ecb hi\u1ec7u qu\u1ea3 nh\u1ea5t cho ho\u1ea1t \u0111\u1ed9ng \u0111\u00f3ng c\u1ecdc. \u0110\u00e2y l\u00e0 s\u1ef1 l\u1ef1a ch\u1ecdn l\u00fd t\u01b0\u1edfng cho c\u00e1c m\u1ee5c \u0111\u00edch sau:<\/p>\n<ul>\n<li><span data-slate-fragment=\"JTVCJTdCJTIydHlwZSUyMiUzQSUyMnBhcmFncmFwaCUyMiUyQyUyMmNoaWxkcmVuJTIyJTNBJTVCJTdCJTIyaWQlMjIlM0ElMjJlRU5SazlnUjdWJTIyJTJDJTIycGFyYUlkeCUyMiUzQTElMkMlMjJzcmMlMjIlM0ElMjJPZmZzaG9yZSUyME9wZXJhdGlvbnMlMjIlMkMlMjJkc3QlMjIlM0ElMjJPZmZzaG9yZSUyME9wZXJhdGlvbnMlMjIlMkMlMjJtZXRhZGF0YSUyMiUzQSUyMiUyMiUyQyUyMm1ldGFEYXRhJTIyJTNBJTVCJTVEJTJDJTIydGV4dCUyMiUzQSUyMk9mZnNob3JlJTIwT3BlcmF0aW9ucyUyMiU3RCU1RCU3RCU1RA==\">Ho\u1ea1t \u0111\u1ed9ng ngo\u00e0i kh\u01a1i<\/span><\/li>\n<li><span data-slate-fragment=\"JTVCJTdCJTIydHlwZSUyMiUzQSUyMnBhcmFncmFwaCUyMiUyQyUyMmNoaWxkcmVuJTIyJTNBJTVCJTdCJTIyaWQlMjIlM0ElMjJCbzEwNjRQMG5WJTIyJTJDJTIycGFyYUlkeCUyMiUzQTIlMkMlMjJzcmMlMjIlM0ElMjJPZmZzaG9yZSUyMERyaWxsaW5nJTIwUGxhdGZvcm1zJTIyJTJDJTIyZHN0JTIyJTNBJTIyT2Zmc2hvcmUlMjBEcmlsbGluZyUyMFBsYXRmb3JtcyUyMiUyQyUyMm1ldGFkYXRhJTIyJTNBJTIyJTIyJTJDJTIybWV0YURhdGElMjIlM0ElNUIlNUQlMkMlMjJ0ZXh0JTIyJTNBJTIyT2Zmc2hvcmUlMjBEcmlsbGluZyUyMFBsYXRmb3JtcyUyMiU3RCU1RCU3RCU1RA==\">N\u1ec1n t\u1ea3ng khoan ngo\u00e0i kh\u01a1i<\/span><\/li>\n<li><span data-slate-fragment=\"JTVCJTdCJTIydHlwZSUyMiUzQSUyMnBhcmFncmFwaCUyMiUyQyUyMmNoaWxkcmVuJTIyJTNBJTVCJTdCJTIyaWQlMjIlM0ElMjJWMHJZOW9MWUFCJTIyJTJDJTIycGFyYUlkeCUyMiUzQTMlMkMlMjJzcmMlMjIlM0ElMjJEZWVwd2F0ZXIlMjBQb3J0cyUyMiUyQyUyMmRzdCUyMiUzQSUyMkRlZXB3YXRlciUyMFBvcnRzJTIyJTJDJTIybWV0YWRhdGElMjIlM0ElMjIlMjIlMkMlMjJtZXRhRGF0YSUyMiUzQSU1QiU1RCUyQyUyMnRleHQlMjIlM0ElMjJEZWVwd2F0ZXIlMjBQb3J0cyUyMiU3RCU1RCU3RCU1RA==\">C\u1ea3ng n\u01b0\u1edbc s\u00e2u<\/span><\/li>\n<li><span data-slate-fragment=\"JTVCJTdCJTIydHlwZSUyMiUzQSUyMnBhcmFncmFwaCUyMiUyQyUyMmNoaWxkcmVuJTIyJTNBJTVCJTdCJTIyaWQlMjIlM0ElMjJlSlJHNGdPR0RlJTIyJTJDJTIycGFyYUlkeCUyMiUzQTQlMkMlMjJzcmMlMjIlM0ElMjJCcmlkZ2UlMjBDb25zdHJ1Y3Rpb24lMjIlMkMlMjJkc3QlMjIlM0ElMjJCcmlkZ2UlMjBDb25zdHJ1Y3Rpb24lMjIlMkMlMjJtZXRhZGF0YSUyMiUzQSUyMiUyMiUyQyUyMm1ldGFEYXRhJTIyJTNBJTVCJTVEJTJDJTIydGV4dCUyMiUzQSUyMkJyaWRnZSUyMENvbnN0cnVjdGlvbiUyMiU3RCU1RCU3RCU1RA==\">X\u00e2y d\u1ef1ng c\u1ea7u<\/span><\/li>\n<li><span data-slate-fragment=\"JTVCJTdCJTIydHlwZSUyMiUzQSUyMnBhcmFncmFwaCUyMiUyQyUyMmNoaWxkcmVuJTIyJTNBJTVCJTdCJTIyaWQlMjIlM0ElMjJCWHd5RFBPeTd6JTIyJTJDJTIycGFyYUlkeCUyMiUzQTUlMkMlMjJzcmMlMjIlM0ElMjJCb3RoJTIwVGVycmVzdHJpYWwlMjBhbmQlMjBBcXVhdGljJTIwQnVpbGRpbmclMjBQcm9qZWN0cyUyMiUyQyUyMmRzdCUyMiUzQSUyMkJvdGglMjBUZXJyZXN0cmlhbCUyMGFuZCUyMEFxdWF0aWMlMjBCdWlsZGluZyUyMFByb2plY3RzJTIyJTJDJTIybWV0YWRhdGElMjIlM0ElMjIlMjIlMkMlMjJtZXRhRGF0YSUyMiUzQSU1QiU1RCUyQyUyMnRleHQlMjIlM0ElMjJUZXJyZXN0cmlhbCUyMGFuZCUyMEFxdWF0aWMlMjBCdWlsZGluZyUyMFByb2plY3RzJTIyJTdEJTVEJTdEJTVE\">D\u1ef1 \u00e1n x\u00e2y d\u1ef1ng tr\u00ean m\u1eb7t \u0111\u1ea5t v\u00e0 d\u01b0\u1edbi n\u01b0\u1edbc<\/span><\/li>\n<\/ul>\n<p>B\u00faa diesel h\u1ea1ng n\u1eb7ng c\u1ee7a ch\u00fang t\u00f4i \u0111\u01b0\u1ee3c s\u1eed d\u1ee5ng r\u1ed9ng r\u00e3i \u1edf B\u1eafc M\u1ef9, Nam M\u1ef9, Trung \u0110\u00f4ng, Ch\u00e2u \u00c1, Ch\u00e2u Phi, Ch\u00e2u \u00c2u, Nga v\u00e0 Th\u1ed5 Nh\u0129 K\u1ef3.<br \/>\nDD-128 v\u00e0 DD-200: \u0111\u01b0\u1ee3c trang b\u1ecb hai ray d\u1eabn h\u01b0\u1edbng \u0111\u1ec3 di chuy\u1ec3n c\u00e1c b\u1ed9 ph\u1eadn ch\u1ecbu t\u00e1c \u0111\u1ed9ng.<br \/>\nC\u00e1c m\u1eabu DD-300 v\u00e0 n\u1eb7ng h\u01a1n: s\u1eed d\u1ee5ng b\u1ed1n thanh d\u1eabn h\u01b0\u1edbng, c\u00f3 th\u1ec3 x\u1ebfp ch\u1ed3ng l\u00ean nhau theo \u0111\u1ed9 nghi\u00eang 1:3<\/p>\n<p><span style=\"color: #0000ff;\"><strong>Nh\u1ea5p v\u00e0o n\u00fat \u201cChi ti\u1ebft d\u00f2ng DD\u201d \u0111\u1ec3 t\u00ecm hi\u1ec3u th\u00eam!<\/strong><\/span><\/p>\n<p><strong>#Gi\u1ea3i ph\u00e1p t\u00f9y ch\u1ec9nh:<\/strong><\/p>\n<p>\u0110\u1ed9i ng\u0169 k\u1ef9 thu\u1eadt c\u1ee7a ch\u00fang t\u00f4i c\u00f3 th\u1ec3 t\u00f9y ch\u1ec9nh c\u00e1c gi\u1ea3i ph\u00e1p d\u1ef1a tr\u00ean t\u00ecnh h\u00ecnh d\u1ef1 \u00e1n c\u1ee7a b\u1ea1n. B\u1ea1n c\u00f3 th\u1ec3 cung c\u1ea5p b\u00e1o c\u00e1o \u0111\u1ecba ch\u1ec9 \u0111\u1ea5t, lo\u1ea1i c\u1ecdc v\u00e0 thi\u1ebft b\u1ecb \u0111\u00f3ng c\u1ecdc. Ch\u00fang t\u00f4i cung c\u1ea5p b\u00faa h\u00ecnh tr\u1ee5 t\u01b0\u01a1ng th\u00edch v\u1edbi thi\u1ebft k\u1ebf.<\/p>\n<p><strong>#\u0110\u00f3ng g\u00f3i &amp; V\u1eadn chuy\u1ec3n<\/strong>:<\/p>\n<p>Bao b\u00ec: S\u1eed d\u1ee5ng c\u00f4ng c\u1ee5 v\u1eadn chuy\u1ec3n b\u1eb1ng th\u00e9p ti\u00eau chu\u1ea9n xu\u1ea5t kh\u1ea9u \u0111\u1ec3 \u0111\u00f3ng g\u00f3i<br \/>\nV\u1eadn t\u1ea3i: V\u1eadn chuy\u1ec3n container 20GP ho\u1eb7c 40GP<\/p>\n<p><strong>#Th\u00f4ng s\u1ed1 k\u1ef9 thu\u1eadt:<\/strong><\/p>\n<style>\n    .table-container {<br \/>        overflow-x: auto;<br \/>        margin: 0 auto;<br \/>    }<br \/>    table {<br \/>        width: 100%;<br \/>        border-collapse: collapse;<br \/>    }<br \/>    th, td {<br \/>        padding: 8px;<br \/>        border: 1px solid #ddd;<br \/>        text-align: left;<br \/>    }<br \/>    @media screen and (max-width: 600px) {<br \/>        table, thead, tbody, th, td, tr {<br \/>            display: block;<br \/>            width: 100%;<br \/>        }<br \/>        thead tr {<br \/>            display: none;<br \/>        }<br \/>        tr {<br \/>            margin-bottom: 15px;<br \/>        }<br \/>        td {<br \/>            text-align: right;<br \/>            padding-left: 50%;<br \/>            position: relative;<br \/>        }<br \/>        td:before {<br \/>            content: attr(data-label);<br \/>            position: absolute;<br \/>            left: 0;<br \/>            width: 50%;<br \/>            padding-left: 10px;<br \/>            font-weight: bold;<br \/>            text-align: left;<br \/>        }<br \/>    }<br \/><\/style>\n<div class=\"table-container\">\n<table>\n<thead>\n<tr>\n<th>Th\u00f4ng s\u1ed1 k\u1ef9 thu\u1eadt<\/th>\n<th>Ki\u1ec3u<\/th>\n<th>DD160<\/th>\n<\/tr>\n<\/thead>\n<tbody>\n<tr>\n<td data-label=\"Specifications\">Kh\u1ed1i l\u01b0\u1ee3ng ph\u1ee9c h\u1ee3p xi lanh<\/td>\n<td data-label=\"Type\">kg<\/td>\n<td data-label=\"DD25\">16000<\/td>\n<\/tr>\n<tr>\n<td data-label=\"Specifications\">T\u1ed1i \u0111a. \u0110\u1ed9t qu\u1ef5 xi lanh<\/td>\n<td data-label=\"Type\">t\u00f4i<\/td>\n<td data-label=\"DD25\">3<\/td>\n<\/tr>\n<tr>\n<td data-label=\"Specifications\">T\u00ednh th\u01b0\u1eddng xuy\u00ean<\/td>\n<td data-label=\"Type\">ph\u00fat-l<\/td>\n<td data-label=\"DD25\">38~50<\/td>\n<\/tr>\n<tr>\n<td data-label=\"Specifications\">T\u1ed1i \u0111a. N\u0103ng l\u01b0\u1ee3ng<\/td>\n<td data-label=\"Type\">kj<\/td>\n<td data-label=\"DD25\">480<\/td>\n<\/tr>\n<tr>\n<td data-label=\"Specifications\">Ti\u00eau th\u1ee5 d\u1ea7u<\/td>\n<td data-label=\"Type\">L\/gi\u1edd<\/td>\n<td data-label=\"DD25\">46<\/td>\n<\/tr>\n<tr>\n<td data-label=\"Specifications\">L\u1ef1c n\u1ed5 c\u1ee7a c\u1ecdc<\/td>\n<td data-label=\"Type\">KN<\/td>\n<td data-label=\"DD25\">4325<\/td>\n<\/tr>\n<tr>\n<td data-label=\"Specifications\">T\u1ef7 l\u1ec7 gi\u1ea3m<\/td>\n<td data-label=\"Type\"><\/td>\n<td data-label=\"DD25\">28<\/td>\n<\/tr>\n<tr>\n<td data-label=\"Specifications\">Kh\u1ed1i l\u01b0\u1ee3ng b\u00faa<\/td>\n<td data-label=\"Type\">kg<\/td>\n<td data-label=\"DD25\">30200<\/td>\n<\/tr>\n<tr>\n<td data-label=\"Specifications\">Kho\u1ea3ng c\u00e1ch h\u01b0\u1edbng d\u1eabn<\/td>\n<td data-label=\"Type\">mm<\/td>\n<td data-label=\"DD25\">600<\/td>\n<\/tr>\n<\/tbody>\n<\/table>\n<h2>DD160 Diesel Hammer Packaging<\/h2>\n<p><img fetchpriority=\"high\" decoding=\"async\" class=\"size-full wp-image-11327\" src=\"https:\/\/www.juweihammer.com\/wp-content\/uploads\/2024\/09\/DD-guide-rod-diesel-hammer-packaging.webp\" alt=\"DD guide rod diesel hammer packaging\" width=\"975\" height=\"696\" srcset=\"https:\/\/www.juweihammer.com\/wp-content\/uploads\/2024\/09\/DD-guide-rod-diesel-hammer-packaging.webp 975w, https:\/\/www.juweihammer.com\/wp-content\/uploads\/2024\/09\/DD-guide-rod-diesel-hammer-packaging-768x548.webp 768w, https:\/\/www.juweihammer.com\/wp-content\/uploads\/2024\/09\/DD-guide-rod-diesel-hammer-packaging-18x12.webp 18w, https:\/\/www.juweihammer.com\/wp-content\/uploads\/2024\/09\/DD-guide-rod-diesel-hammer-packaging-600x428.webp 600w\" sizes=\"(max-width: 975px) 100vw, 975px\" \/><\/p>\n<\/div>","protected":false},"excerpt":{"rendered":"<p>B\u00faa \u0111\u00f3ng c\u1ecdc diesel d\u1eabn h\u01b0\u1edbng d\u00f2ng DD: L\u00e0 thi\u1ebft b\u1ecb \u0111\u00f3ng c\u1ecdc ho\u1ea1t \u0111\u1ed9ng theo nguy\u00ean l\u00fd c\u1ee7a \u0111\u1ed9ng c\u01a1 \u0111\u1ed1t trong hai th\u00ec.<\/p>\n<ul>\n<li>Kh\u1ed1i l\u01b0\u1ee3ng ph\u1ee9c h\u1ee3p xi lanh: 16 t\u1ea5n<\/li>\n<li>N\u0103ng l\u01b0\u1ee3ng t\u1ed1i \u0111a: 480 kj<\/li>\n<li><span data-slate-fragment=\"JTVCJTdCJTIydHlwZSUyMiUzQSUyMnBhcmFncmFwaCUyMiUyQyUyMmNoaWxkcmVuJTIyJTNBJTVCJTdCJTIyaWQlMjIlM0ElMjJ6ZzEzeDNNMkFlJTIyJTJDJTIycGFyYUlkeCUyMiUzQTMlMkMlMjJzcmMlMjIlM0ElMjI0LiUyMENvbnZlbmllbnQlMjBNYWludGVuYW5jZSUyMiUyQyUyMmRzdCUyMiUzQSUyMjQuJUU3JUJCJUI0JUU2JThBJUE0JUU2JTk2JUI5JUU0JUJFJUJGJTIyJTJDJTIybWV0YWRhdGElMjIlM0ElMjIlMjIlMkMlMjJtZXRhRGF0YSUyMiUzQSU1QiU1RCUyQyUyMnRleHQlMjIlM0ElMjJDb252ZW5pZW50JTIwTWFpbnRlbmFuY2UlMjIlN0QlNUQlN0QlNUQ=\">B\u1ea3o tr\u00ec thu\u1eadn ti\u1ec7n<\/span><\/li>\n<li>Gi\u00e1 c\u1ea1nh tranh<\/li>\n<li><span data-slate-fragment=\"JTVCJTdCJTIydHlwZSUyMiUzQSUyMnBhcmFncmFwaCUyMiUyQyUyMmNoaWxkcmVuJTIyJTNBJTVCJTdCJTIyaWQlMjIlM0ElMjJlbU1XbjdSbDJlJTIyJTJDJTIycGFyYUlkeCUyMiUzQTQlMkMlMjJzcmMlMjIlM0ElMjI1LiUyMFN1cGVyaW9yJTIwY29sZCUyMHN0YXJ0JTIwZnVuY3Rpb24lMjIlMkMlMjJkc3QlMjIlM0ElMjI1LiVFNSU4RCU5MyVFOCVCNiU4QSVFNyU5QSU4NCVFNSU4NiVCNyVFNSU5MCVBRiVFNSU4QSVBOCVFNSU4QSU5RiVFOCU4MyVCRCUyMiUyQyUyMm1ldGFkYXRhJTIyJTNBJTIyJTIyJTJDJTIybWV0YURhdGElMjIlM0ElNUIlNUQlMkMlMjJ0ZXh0JTIyJTNBJTIyU3VwZXJpb3IlMjBjb2xkJTIwc3RhcnQlMjBmdW5jdGlvbiUyMiU3RCU1RCU3RCU1RA==\">Ch\u1ee9c n\u0103ng kh\u1edfi \u0111\u1ed9ng ngu\u1ed9i v\u01b0\u1ee3t tr\u1ed9i<\/span><\/li>\n<li><span data-slate-fragment=\"JTVCJTdCJTIydHlwZSUyMiUzQSUyMnBhcmFncmFwaCUyMiUyQyUyMmNoaWxkcmVuJTIyJTNBJTVCJTdCJTIyaWQlMjIlM0ElMjJCYWFLTDgzOFpCJTIyJTJDJTIycGFyYUlkeCUyMiUzQTMlMkMlMjJzcmMlMjIlM0ElMjI0LiUyMENvbnZlbmllbnQlMjBvcGVyYXRpb24lMjBhbmQlMjBtYWludGVuYW5jZSUyMiUyQyUyMmRzdCUyMiUzQSUyMjQuJUU2JTkzJThEJUU0JUJEJTlDJUU3JUJCJUI0JUU2JThBJUE0JUU2JTk2JUI5JUU0JUJFJUJGJTIyJTJDJTIybWV0YWRhdGElMjIlM0ElMjIlMjIlMkMlMjJtZXRhRGF0YSUyMiUzQSU1QiU1RCUyQyUyMnRleHQlMjIlM0ElMjJDb252ZW5pZW50JTIwb3BlcmF0aW9uJTIyJTdEJTVEJTdEJTVE\">Ho\u1ea1t \u0111\u1ed9ng thu\u1eadn ti\u1ec7n<\/span><\/li>\n<\/ul>","protected":false},"featured_media":8663,"template":"","meta":{"_seopress_robots_primary_cat":"none","_seopress_titles_title":"DD160 16ton Diesel Pile Driver Hammers | Guide Rod Type","_seopress_titles_desc":"JUWEI china DD160 diesel pile hammer is ideal choice for offshore, dock, port bridge construction, terrestrial projects. Get Free Solutions.","_seopress_robots_index":"","site-sidebar-layout":"default","site-content-layout":"","ast-site-content-layout":"default","site-content-style":"default","site-sidebar-style":"default","ast-global-header-display":"","ast-banner-title-visibility":"","ast-main-header-display":"","ast-hfb-above-header-display":"","ast-hfb-below-header-display":"","ast-hfb-mobile-header-display":"","site-post-title":"","ast-breadcrumbs-content":"","ast-featured-img":"","footer-sml-layout":"","theme-transparent-header-meta":"default","adv-header-id-meta":"","stick-header-meta":"","header-above-stick-meta":"","header-main-stick-meta":"","header-below-stick-meta":"","astra-migrate-meta-layouts":"set","ast-page-background-enabled":"default","ast-page-background-meta":{"desktop":{"background-color":"var(--ast-global-color-4)","background-image":"","background-repeat":"repeat","background-position":"center center","background-size":"auto","background-attachment":"scroll","background-type":"","background-media":"","overlay-type":"","overlay-color":"","overlay-opacity":"","overlay-gradient":""},"tablet":{"background-color":"","background-image":"","background-repeat":"repeat","background-position":"center center","background-size":"auto","background-attachment":"scroll","background-type":"","background-media":"","overlay-type":"","overlay-color":"","overlay-opacity":"","overlay-gradient":""},"mobile":{"background-color":"","background-image":"","background-repeat":"repeat","background-position":"center center","background-size":"auto","background-attachment":"scroll","background-type":"","background-media":"","overlay-type":"","overlay-color":"","overlay-opacity":"","overlay-gradient":""}},"ast-content-background-meta":{"desktop":{"background-color":"var(--ast-global-color-5)","background-image":"","background-repeat":"repeat","background-position":"center center","background-size":"auto","background-attachment":"scroll","background-type":"","background-media":"","overlay-type":"","overlay-color":"","overlay-opacity":"","overlay-gradient":""},"tablet":{"background-color":"var(--ast-global-color-5)","background-image":"","background-repeat":"repeat","background-position":"center center","background-size":"auto","background-attachment":"scroll","background-type":"","background-media":"","overlay-type":"","overlay-color":"","overlay-opacity":"","overlay-gradient":""},"mobile":{"background-color":"var(--ast-global-color-5)","background-image":"","background-repeat":"repeat","background-position":"center center","background-size":"auto","background-attachment":"scroll","background-type":"","background-media":"","overlay-type":"","overlay-color":"","overlay-opacity":"","overlay-gradient":""}}},"product_brand":[],"product_cat":[22],"product_tag":[],"class_list":{"0":"post-8659","1":"product","2":"type-product","3":"status-publish","4":"has-post-thumbnail","6":"product_cat-dd-guide-rod-diesel-pile-hammer","7":"desktop-align-left","8":"tablet-align-left","9":"mobile-align-left","11":"first","12":"instock","13":"shipping-taxable","14":"product-type-simple"},"_links":{"self":[{"href":"https:\/\/www.juweihammer.com\/vi\/wp-json\/wp\/v2\/product\/8659","targetHints":{"allow":["GET"]}}],"collection":[{"href":"https:\/\/www.juweihammer.com\/vi\/wp-json\/wp\/v2\/product"}],"about":[{"href":"https:\/\/www.juweihammer.com\/vi\/wp-json\/wp\/v2\/types\/product"}],"version-history":[{"count":2,"href":"https:\/\/www.juweihammer.com\/vi\/wp-json\/wp\/v2\/product\/8659\/revisions"}],"predecessor-version":[{"id":11350,"href":"https:\/\/www.juweihammer.com\/vi\/wp-json\/wp\/v2\/product\/8659\/revisions\/11350"}],"wp:featuredmedia":[{"embeddable":true,"href":"https:\/\/www.juweihammer.com\/vi\/wp-json\/wp\/v2\/media\/8663"}],"wp:attachment":[{"href":"https:\/\/www.juweihammer.com\/vi\/wp-json\/wp\/v2\/media?parent=8659"}],"wp:term":[{"taxonomy":"product_brand","embeddable":true,"href":"https:\/\/www.juweihammer.com\/vi\/wp-json\/wp\/v2\/product_brand?post=8659"},{"taxonomy":"product_cat","embeddable":true,"href":"https:\/\/www.juweihammer.com\/vi\/wp-json\/wp\/v2\/product_cat?post=8659"},{"taxonomy":"product_tag","embeddable":true,"href":"https:\/\/www.juweihammer.com\/vi\/wp-json\/wp\/v2\/product_tag?post=8659"}],"curies":[{"name":"wp","href":"https:\/\/api.w.org\/{rel}","templated":true}]}}