{"id":2646,"date":"2024-07-26T05:46:47","date_gmt":"2024-07-26T05:46:47","guid":{"rendered":"https:\/\/www.juweihammer.com\/?post_type=product&#038;p=2646"},"modified":"2024-08-01T06:29:29","modified_gmt":"2024-08-01T06:29:29","slug":"4ton-hydraulic-pile-driving-hammer-china-supplier","status":"publish","type":"product","link":"https:\/\/www.juweihammer.com\/vi\/san-pham\/4ton-hydraulic-pile-driving-hammer-china-supplier\/","title":{"rendered":"B\u00faa \u0111\u00f3ng c\u1ecdc th\u1ee7y l\u1ef1c 4 t\u1ea5n | Nh\u00e0 cung c\u1ea5p Trung Qu\u1ed1c"},"content":{"rendered":"<p><span data-slate-fragment=\"JTVCJTdCJTIydHlwZSUyMiUzQSUyMnBhcmFncmFwaCUyMiUyQyUyMmNoaWxkcmVuJTIyJTNBJTVCJTdCJTIyaWQlMjIlM0ElMjJCWnlwQWdqNVF6JTIyJTJDJTIycGFyYUlkeCUyMiUzQTAlMkMlMjJzcmMlMjIlM0ElMjJKdXdlaSUyMGlzJTIwdGhlJTIwdG9wJTIwMSUyMG1hbnVmYWN0dXJlcnMlMjBhbmQlMjBzdXBwbGllcnMlMjBvZiUyMEREJTIwcmFpbCUyMGhhbW1lcnMlMjBpbiUyMENoaW5hJTIyJTJDJTIyZHN0JTIyJTNBJTIyJUU1JUI3JUE4JUU1JUE4JTgxJUU2JTk4JUFGJUU0JUI4JUFEJUU1JTlCJUJEREQlRTklOTIlQTIlRTglQkQlQTglRTklOTQlQTQlRTclOUElODQlRTclQUMlQUMlRTQlQjglODAlRTUlQTQlQTclRTUlODglQjYlRTklODAlQTAlRTUlOTUlODYlRTUlOTIlOEMlRTQlQkUlOUIlRTUlQkElOTQlRTUlOTUlODYlMjIlMkMlMjJtZXRhZGF0YSUyMiUzQSUyMiUyMiUyQyUyMm1ldGFEYXRhJTIyJTNBJTVCJTVEJTJDJTIydGV4dCUyMiUzQSUyMkp1d2VpJTIwaXMlMjB0aGUlMjB0b3AlMjAxJTIwbWFudWZhY3R1cmVycyUyMGFuZCUyMHN1cHBsaWVycyUyMG9mJTIwREQlMjByYWlsJTIwaGFtbWVycyUyMGluJTIwQ2hpbmElMjIlN0QlNUQlN0QlNUQ=\">Juwei l\u00e0 m\u1ed9t trong 10 nh\u00e0 s\u1ea3n xu\u1ea5t v\u00e0 cung c\u1ea5p b\u00faa t\u00e1c \u0111\u1ed9ng th\u1ee7y l\u1ef1c h\u00e0ng \u0111\u1ea7u tr\u00ean th\u1ebf gi\u1edbi. <\/span>Thi\u1ebft b\u1ecb \u0111\u00f3ng c\u1ecdc c\u1ee7a Juwei \u0111\u00e3 c\u00f3 h\u01a1n 30 n\u0103m kinh nghi\u1ec7m trong thi\u1ebft k\u1ebf, s\u1ea3n xu\u1ea5t v\u00e0 \u1ee9ng d\u1ee5ng. <span style=\"color: #0000ff;\"><strong>B\u1ea5m v\u00e0o n\u00fat \u201cNh\u00e0 m\u00e1y\u201d \u0111\u1ec3 t\u00ecm hi\u1ec3u th\u00eam!<\/strong><\/span><\/p>\n<p><strong><b>#<\/b><\/strong><strong><b>B\u1ea3o t\u1ed3n n\u0103ng l\u01b0\u1ee3ng v\u00e0 b\u1ea3o v\u1ec7 m\u00f4i tr\u01b0\u1eddng<\/b><\/strong><\/p>\n<p>B\u00faa t\u00e1c \u0111\u1ed9ng th\u1ee7y l\u1ef1c d\u00f2ng Juwei HI \u0111\u01b0\u1ee3c cung c\u1ea5p n\u0103ng l\u01b0\u1ee3ng b\u1edfi h\u1ec7 th\u1ed1ng th\u1ee7y l\u1ef1c, cho ph\u00e9p ki\u1ec3m so\u00e1t ch\u00ednh x\u00e1c l\u1ef1c v\u00e0 t\u1ea7n s\u1ed1 t\u00e1c \u0111\u1ed9ng. So v\u1edbi b\u00faa diesel truy\u1ec1n th\u1ed1ng, n\u00f3 c\u00f3 \u0111\u1ed9 \u1ed3n th\u1ea5p, \u00f4 nhi\u1ec5m th\u1ea5p v\u00e0 hi\u1ec7u su\u1ea5t chuy\u1ec3n \u0111\u1ed5i n\u0103ng l\u01b0\u1ee3ng cao h\u01a1n.<\/p>\n<p>T\u1ee7 \u0111i\u1ec7n \u0111\u01b0\u1ee3c \u0111i\u1ec1u khi\u1ec3n b\u1edfi nhi\u1ec1u \u0111\u1ed9ng c\u01a1, \u0111\u1ea3m b\u1ea3o t\u00ednh kh\u1ea3 thi v\u1ec1 m\u1eb7t kinh t\u1ebf, \u0111\u1ed9 tin c\u1eady v\u00e0 hi\u1ec7u su\u1ea5t t\u1ed5ng th\u1ec3 tuy\u1ec7t v\u1eddi.<\/p>\n<p><strong># <\/strong><strong><b>\u0110\u1ed9 tin c\u1eady c\u1ee7a h\u1ec7 th\u1ed1ng<\/b><\/strong><\/p>\n<p>H\u1ec7 th\u1ed1ng \u0111\u01b0\u1ee3c trang b\u1ecb c\u00e1c linh ki\u1ec7n ch\u1ea5t l\u01b0\u1ee3ng cao nh\u01b0 b\u01a1m, van, xi lanh th\u1ee7y l\u1ef1c, c\u00f3 t\u00e1c d\u1ee5ng gi\u1ea3m rung, ch\u1ed1ng va \u0111\u1eadp, b\u1ec1n b\u1ec9 t\u1ed1t, \u0111\u1ea3m b\u1ea3o \u0111\u1ed9 tin c\u1eady cao.<\/p>\n<p>V\u1eadt li\u1ec7u l\u00f5i b\u00faa v\u00e0 x\u1eed l\u00fd nhi\u1ec7t \u0111\u01b0\u1ee3c l\u1ef1a ch\u1ecdn c\u1ea9n th\u1eadn \u0111\u1ec3 t\u1ed1i \u01b0u h\u00f3a kh\u1ea3 n\u0103ng ch\u1ecbu nhi\u1ec7t \u0111\u1ed9, ch\u1ed1ng m\u00e0i m\u00f2n, h\u1ea5p th\u1ee5 rung v\u00e0 ch\u1ed1ng va \u0111\u1eadp. B\u1ed9 t\u00edch l\u0169y \u00e1p su\u1ea5t cao v\u00e0 th\u1ea5p \u00e1p d\u1ee5ng thi\u1ebft k\u1ebf piston nh\u1ecf g\u1ecdn, gi\u00fap c\u1ea3i thi\u1ec7n \u0111\u1ed9 tin c\u1eady.<\/p>\n<p><strong>#<\/strong><strong><b>Ph\u1ea1m vi \u1ee9ng d\u1ee5ng r\u1ed9ng r\u00e3i<\/b><\/strong><\/p>\n<p>V\u1edbi c\u00e1c m\u0169 c\u1ecdc composite c\u00f3 th\u1ec3 thay th\u1ebf d\u1ec5 d\u00e0ng, c\u00f3 th\u1ec3 ch\u1ee9a nhi\u1ec1u h\u00ecnh d\u1ea1ng v\u00e0 v\u1eadt li\u1ec7u c\u1ecdc kh\u00e1c nhau. L\u1ef1c t\u00e1c \u0111\u1ed9ng v\u00e0 t\u1ea7n s\u1ed1 c\u1ee7a b\u00faa c\u00f3 th\u1ec3 \u0111\u01b0\u1ee3c \u0111i\u1ec1u ch\u1ec9nh v\u00e0 ki\u1ec3m so\u00e1t t\u00f9y theo \u0111i\u1ec1u ki\u1ec7n \u0111\u1ecba ch\u1ea5t v\u00e0 c\u01b0\u1eddng \u0111\u1ed9 c\u1ee7a v\u1eadt li\u1ec7u c\u1ecdc.<\/p>\n<p>B\u00faa \u0111\u00f3ng c\u1ecdc th\u1ee7y l\u1ef1c cung c\u1ea5p gi\u1ea3i ph\u00e1p ti\u1ebft ki\u1ec7m v\u00e0 th\u00e2n thi\u1ec7n v\u1edbi m\u00f4i tr\u01b0\u1eddng \u0111\u1ec3 l\u1eafp \u0111\u1eb7t c\u1ecdc th\u00e9p ho\u1eb7c b\u00ea t\u00f4ng \u1edf c\u1ea3 m\u00f4i tr\u01b0\u1eddng \u0111\u1ea5t li\u1ec1n v\u00e0 bi\u1ec3n. N\u00f3 c\u00f3 th\u1ec3 \u0111\u01b0\u1ee3c v\u1eadn h\u00e0nh tr\u00ean m\u00e1y \u0111\u00f3ng c\u1ecdc, h\u1ec7 th\u1ed1ng treo c\u1ea7n c\u1ea9u, c\u1ea7n c\u1ea9u b\u00e1nh x\u00edch v\u00e0 s\u00e0 lan.<\/p>\n<ul>\n<li>R\u1ea5t th\u00edch h\u1ee3p cho c\u00e1c d\u1ef1 \u00e1n ngo\u00e0i kh\u01a1i, c\u01a1 s\u1edf n\u0103ng l\u01b0\u1ee3ng gi\u00f3, gi\u00e0n khoan d\u1ea7u kh\u00ed, x\u00e2y d\u1ef1ng c\u1ea3ng v\u00e0 b\u1ebfn t\u00e0u, v\u00e0 c\u1ea7u ngo\u00e0i kh\u01a1i.<\/li>\n<li>Th\u00edch h\u1ee3p cho c\u00e1c n\u1ec1n m\u00f3ng x\u00e2y d\u1ef1ng kh\u00e1c nhau, khu v\u1ef1c c\u00e1ch ly k\u1ef9 thu\u1eadt g\u1ed7, c\u0169ng nh\u01b0 c\u00e1c c\u00f4ng tr\u00ecnh c\u00f4ng c\u1ed9ng nh\u01b0 nh\u00e0 m\u00e1y \u0111i\u1ec7n v\u00e0 x\u1eed l\u00fd n\u01b0\u1edbc.<\/li>\n<\/ul>\n<p><span style=\"color: #0000ff;\"><strong>H\u00e3y nh\u1ea5p v\u00e0o n\u00fat \u201cD\u1ef1 \u00e1n\u201d \u0111\u1ec3 t\u00ecm hi\u1ec3u th\u00eam!<\/strong><\/span><\/p>\n<p><strong>#c\u00e1c lo\u1ea1i c\u1ecdc<\/strong><\/p>\n<p>B\u00faa t\u00e1c \u0111\u1ed9ng th\u1ee7y l\u1ef1c Juwei c\u00f3 th\u1ec3 \u0111\u00f3ng nhi\u1ec1u lo\u1ea1i c\u1ecdc kh\u00e1c nhau, bao g\u1ed3m c\u1ecdc b\u00ea t\u00f4ng \u0111\u00fac s\u1eb5n, d\u1ea7m ch\u1eef H, c\u1ecdc tr\u00f2n, c\u1ecdc \u1ed1ng th\u00e9p, c\u1ecdc vu\u00f4ng, c\u1ecdc g\u1ed7, v.v.<\/p>\n<p><strong>#Gi\u1ea3i ph\u00e1p t\u00f9y ch\u1ec9nh:<\/strong><\/p>\n<p>\u0110\u1ed9i ng\u0169 k\u1ef9 thu\u1eadt c\u1ee7a ch\u00fang t\u00f4i c\u00f3 th\u1ec3 t\u00f9y ch\u1ec9nh c\u00e1c gi\u1ea3i ph\u00e1p d\u1ef1a tr\u00ean t\u00ecnh h\u00ecnh d\u1ef1 \u00e1n c\u1ee7a b\u1ea1n. Do lo\u1ea1i, k\u00edch th\u01b0\u1edbc v\u00e0 \u0111i\u1ec1u ki\u1ec7n \u0111\u1ea5t c\u1ee7a c\u1ecdc kh\u00e1c nhau n\u00ean kh\u1ea3 n\u0103ng ch\u1ecbu l\u1ef1c y\u00eau c\u1ea7u c\u1ee7a b\u00faa c\u0169ng c\u00f3 th\u1ec3 kh\u00e1c nhau. B\u1ea1n c\u00f3 th\u1ec3 cung c\u1ea5p b\u00e1o c\u00e1o \u0111\u1ecba ch\u1ec9 \u0111\u1ea5t, lo\u1ea1i c\u1ecdc v\u00e0 thi\u1ebft b\u1ecb \u0111\u00f3ng c\u1ecdc. Ch\u00fang t\u00f4i cung c\u1ea5p b\u00faa t\u01b0\u01a1ng th\u00edch v\u1edbi thi\u1ebft k\u1ebf.<\/p>\n<p><strong>#\u0110\u00f3ng g\u00f3i &amp; V\u1eadn chuy\u1ec3n<\/strong>:<\/p>\n<p>Bao b\u00ec: S\u1eed d\u1ee5ng c\u00f4ng c\u1ee5 v\u1eadn chuy\u1ec3n b\u1eb1ng th\u00e9p ti\u00eau chu\u1ea9n xu\u1ea5t kh\u1ea9u \u0111\u1ec3 \u0111\u00f3ng g\u00f3i<br \/>\nV\u1eadn t\u1ea3i: V\u1eadn chuy\u1ec3n container 20GP ho\u1eb7c 40GP<\/p>\n<p><strong>#Th\u00f4ng s\u1ed1 k\u1ef9 thu\u1eadt:<\/strong><\/p>\n<div style=\"overflow-x: auto;\">\n<table style=\"border-collapse: collapse; width: 100%;\" border=\"1\" cellspacing=\"0\" cellpadding=\"0\">\n<tbody>\n<tr style=\"height: 20.00pt;\">\n<td style=\"width: 40%;\" align=\"center\"><strong>Th\u00f4ng s\u1ed1 k\u1ef9 thu\u1eadt<\/strong><\/td>\n<td style=\"width: 30%;\" align=\"center\"><strong>Ki\u1ec3u<\/strong><\/td>\n<td style=\"width: 30%;\" align=\"center\"><strong>HI-80<\/strong><\/td>\n<\/tr>\n<tr style=\"height: 20.00pt;\">\n<td style=\"width: 40%;\" align=\"center\">Model b\u1ed9 ngu\u1ed3n (t\u00f9y ch\u1ecdn)<\/td>\n<td style=\"width: 30%;\" align=\"center\"><\/td>\n<td style=\"width: 30%;\" align=\"center\">180P<\/td>\n<\/tr>\n<tr style=\"height: 20.00pt;\">\n<td style=\"width: 40%;\" align=\"center\">Model b\u1ed9 ngu\u1ed3n (Diesel)<\/td>\n<td style=\"width: 30%;\" align=\"center\"><\/td>\n<td style=\"width: 30%;\" align=\"center\">CUMMINS-C180<\/td>\n<\/tr>\n<tr style=\"height: 20.00pt;\">\n<td style=\"width: 40%;\" align=\"center\">Model b\u1ed9 ngu\u1ed3n (\u0111\u1ed9ng c\u01a1)<\/td>\n<td style=\"width: 30%;\" align=\"center\"><\/td>\n<td style=\"width: 30%;\" align=\"center\">100EP<\/td>\n<\/tr>\n<tr style=\"height: 20.00pt;\">\n<td style=\"width: 40%;\" align=\"center\">C\u00f4ng su\u1ea5t \u0111\u1ed9ng c\u01a1<\/td>\n<td style=\"width: 30%;\" align=\"center\">KW<\/td>\n<td style=\"width: 30%;\" align=\"center\">75<\/td>\n<\/tr>\n<tr style=\"height: 20.00pt;\">\n<td style=\"width: 40%;\" align=\"center\">N\u0103ng l\u01b0\u1ee3ng t\u1ed1i \u0111a<\/td>\n<td style=\"width: 30%;\" align=\"center\">kN.m<\/td>\n<td style=\"width: 30%;\" align=\"center\">80<\/td>\n<\/tr>\n<tr style=\"height: 24.00pt;\">\n<td style=\"width: 40%;\" align=\"center\">\u0110\u1ed9t qu\u1ef5 t\u1ed1i \u0111a<\/td>\n<td style=\"width: 30%;\" align=\"center\">mm<\/td>\n<td style=\"width: 30%;\" align=\"center\">1600<\/td>\n<\/tr>\n<tr style=\"height: 20.00pt;\">\n<td style=\"width: 40%;\" align=\"center\">T\u1ea7n s\u1ed1 (T\u1ed1i thi\u1ec3u\/T\u1ed1i \u0111a)<\/td>\n<td style=\"width: 30%;\" align=\"center\">nh\u1ecbp \u0111\u1eadp nhanh<\/td>\n<td style=\"width: 30%;\" align=\"center\">36\/80<\/td>\n<\/tr>\n<tr style=\"height: 20.00pt;\">\n<td style=\"width: 40%;\" align=\"center\">Tr\u1ecdng l\u01b0\u1ee3ng Ram<\/td>\n<td style=\"width: 30%;\" align=\"center\">kg<\/td>\n<td style=\"width: 30%;\" align=\"center\">4000<\/td>\n<\/tr>\n<tr style=\"height: 20.00pt;\">\n<td style=\"width: 40%;\" align=\"center\">T\u1ed5ng tr\u1ecdng l\u01b0\u1ee3ng (tr\u1eeb n\u1eafp)<\/td>\n<td style=\"width: 30%;\" align=\"center\">kg<\/td>\n<td style=\"width: 30%;\" align=\"center\">7790<\/td>\n<\/tr>\n<tr style=\"height: 24.00pt;\">\n<td style=\"width: 40%;\" align=\"center\">T\u1ed5ng chi\u1ec1u cao (tr\u1eeb n\u1eafp)<\/td>\n<td style=\"width: 30%;\" align=\"center\">mm<\/td>\n<td style=\"width: 30%;\" align=\"center\">4850<\/td>\n<\/tr>\n<tr style=\"height: 20.00pt;\">\n<td style=\"width: 100%; border-right: 1.0pt solid #000000;\" colspan=\"3\" align=\"center\"><strong>Model b\u1ed9 ngu\u1ed3n (\u0111\u1ed9ng c\u01a1): 100EP<\/strong><\/td>\n<\/tr>\n<tr style=\"height: 27.00pt;\">\n<td style=\"width: 40%;\" align=\"center\">C\u00f4ng su\u1ea5t \u0111\u1ed9ng c\u01a1<\/td>\n<td style=\"width: 30%;\" align=\"center\">kw<\/td>\n<td style=\"width: 30%;\" align=\"center\">75<\/td>\n<\/tr>\n<tr style=\"height: 20.00pt;\">\n<td style=\"width: 40%;\" align=\"center\">\u00c1p su\u1ea5t \u0111\u1ecbnh m\u1ee9c<\/td>\n<td style=\"width: 30%;\" align=\"center\">Mpa<\/td>\n<td style=\"width: 30%;\" align=\"center\">26<\/td>\n<\/tr>\n<tr style=\"height: 15.75pt;\">\n<td style=\"width: 40%;\" align=\"center\">L\u01b0u l\u01b0\u1ee3ng t\u1ed1i \u0111a<\/td>\n<td style=\"width: 30%;\" align=\"center\">L\/ph\u00fat<\/td>\n<td style=\"width: 30%;\" align=\"center\">200<\/td>\n<\/tr>\n<tr style=\"height: 15.75pt;\">\n<td style=\"width: 40%;\" align=\"center\">Th\u00f9ng d\u1ea7u th\u1ee7y l\u1ef1c<\/td>\n<td style=\"width: 30%;\" align=\"center\">L<\/td>\n<td style=\"width: 30%;\" align=\"center\">900<\/td>\n<\/tr>\n<tr style=\"height: 15.75pt;\">\n<td style=\"width: 40%;\" align=\"center\">Tr\u1ecdng l\u01b0\u1ee3ng t\u1ecbnh<\/td>\n<td style=\"width: 30%;\" align=\"center\">kg<\/td>\n<td style=\"width: 30%;\" align=\"center\">3050<\/td>\n<\/tr>\n<\/tbody>\n<\/table>\n<\/div>","protected":false},"excerpt":{"rendered":"<p>M\u00e1y \u0111\u00f3ng c\u1ecdc t\u00e1c \u0111\u1ed9ng th\u1ee7y l\u1ef1c d\u00f2ng Juwei HI c\u00f3 c\u1ea5u t\u1ea1o \u0111\u01a1n gi\u1ea3n, c\u00f3 th\u1ec3 n\u00e2ng l\u00f5i b\u00faa b\u1eb1ng n\u0103ng l\u01b0\u1ee3ng th\u1ee7y l\u1ef1c, sau \u0111\u00f3 s\u1eed d\u1ee5ng th\u1ebf n\u0103ng h\u1ea5p d\u1eabn \u0111\u1ec3 \u0111\u1eadp v\u00e0o \u0111\u1ea7u c\u1ecdc.<\/p>\n<ul>\n<li>Model: HI-80<\/li>\n<li>Tr\u1ecdng l\u01b0\u1ee3ng Ram: 4 t\u1ea5n<\/li>\n<li>T\u1ed1i \u0111a. N\u0103ng l\u01b0\u1ee3ng: 80 kj<\/li>\n<li><span data-slate-fragment=\"JTVCJTdCJTIydHlwZSUyMiUzQSUyMnBhcmFncmFwaCUyMiUyQyUyMmNoaWxkcmVuJTIyJTNBJTVCJTdCJTIyaWQlMjIlM0ElMjJ6ZzEzeDNNMkFlJTIyJTJDJTIycGFyYUlkeCUyMiUzQTMlMkMlMjJzcmMlMjIlM0ElMjI0LiUyMENvbnZlbmllbnQlMjBNYWludGVuYW5jZSUyMiUyQyUyMmRzdCUyMiUzQSUyMjQuJUU3JUJCJUI0JUU2JThBJUE0JUU2JTk2JUI5JUU0JUJFJUJGJTIyJTJDJTIybWV0YWRhdGElMjIlM0ElMjIlMjIlMkMlMjJtZXRhRGF0YSUyMiUzQSU1QiU1RCUyQyUyMnRleHQlMjIlM0ElMjJDb252ZW5pZW50JTIwTWFpbnRlbmFuY2UlMjIlN0QlNUQlN0QlNUQ=\">N\u0103ng l\u01b0\u1ee3ng t\u00e1c \u0111\u1ed9ng cao<\/span><\/li>\n<li>Ki\u1ec3m so\u00e1t ch\u00ednh x\u00e1c<\/li>\n<li>C\u1ea3i thi\u1ec7n hi\u1ec7u qu\u1ea3<\/li>\n<li>Cung c\u1ea5p d\u1ecbch v\u1ee5 h\u1eadu m\u00e3i.<\/li>\n<\/ul>","protected":false},"featured_media":2621,"template":"","meta":{"_seopress_robots_primary_cat":"none","_seopress_titles_title":"4ton Hydraulic Pile Driving Hammer - China Supplier","_seopress_titles_desc":"4ton hydraulic pile driving hammer compared with traditional diesel hammers, it has low noise and pollution, higher energy conversion efficiency. Get Quote!","_seopress_robots_index":"","site-sidebar-layout":"default","site-content-layout":"","ast-site-content-layout":"","site-content-style":"default","site-sidebar-style":"default","ast-global-header-display":"","ast-banner-title-visibility":"","ast-main-header-display":"","ast-hfb-above-header-display":"","ast-hfb-below-header-display":"","ast-hfb-mobile-header-display":"","site-post-title":"","ast-breadcrumbs-content":"","ast-featured-img":"","footer-sml-layout":"","theme-transparent-header-meta":"","adv-header-id-meta":"","stick-header-meta":"","header-above-stick-meta":"","header-main-stick-meta":"","header-below-stick-meta":"","astra-migrate-meta-layouts":"default","ast-page-background-enabled":"default","ast-page-background-meta":{"desktop":{"background-color":"var(--ast-global-color-4)","background-image":"","background-repeat":"repeat","background-position":"center center","background-size":"auto","background-attachment":"scroll","background-type":"","background-media":"","overlay-type":"","overlay-color":"","overlay-opacity":"","overlay-gradient":""},"tablet":{"background-color":"","background-image":"","background-repeat":"repeat","background-position":"center center","background-size":"auto","background-attachment":"scroll","background-type":"","background-media":"","overlay-type":"","overlay-color":"","overlay-opacity":"","overlay-gradient":""},"mobile":{"background-color":"","background-image":"","background-repeat":"repeat","background-position":"center center","background-size":"auto","background-attachment":"scroll","background-type":"","background-media":"","overlay-type":"","overlay-color":"","overlay-opacity":"","overlay-gradient":""}},"ast-content-background-meta":{"desktop":{"background-color":"var(--ast-global-color-5)","background-image":"","background-repeat":"repeat","background-position":"center center","background-size":"auto","background-attachment":"scroll","background-type":"","background-media":"","overlay-type":"","overlay-color":"","overlay-opacity":"","overlay-gradient":""},"tablet":{"background-color":"var(--ast-global-color-5)","background-image":"","background-repeat":"repeat","background-position":"center center","background-size":"auto","background-attachment":"scroll","background-type":"","background-media":"","overlay-type":"","overlay-color":"","overlay-opacity":"","overlay-gradient":""},"mobile":{"background-color":"var(--ast-global-color-5)","background-image":"","background-repeat":"repeat","background-position":"center center","background-size":"auto","background-attachment":"scroll","background-type":"","background-media":"","overlay-type":"","overlay-color":"","overlay-opacity":"","overlay-gradient":""}}},"product_brand":[],"product_cat":[23],"product_tag":[],"class_list":{"0":"post-2646","1":"product","2":"type-product","3":"status-publish","4":"has-post-thumbnail","6":"product_cat-pile-hydraulic-impact-hammers","7":"desktop-align-left","8":"tablet-align-left","9":"mobile-align-left","11":"first","12":"instock","13":"shipping-taxable","14":"product-type-simple"},"_links":{"self":[{"href":"https:\/\/www.juweihammer.com\/vi\/wp-json\/wp\/v2\/product\/2646","targetHints":{"allow":["GET"]}}],"collection":[{"href":"https:\/\/www.juweihammer.com\/vi\/wp-json\/wp\/v2\/product"}],"about":[{"href":"https:\/\/www.juweihammer.com\/vi\/wp-json\/wp\/v2\/types\/product"}],"version-history":[{"count":1,"href":"https:\/\/www.juweihammer.com\/vi\/wp-json\/wp\/v2\/product\/2646\/revisions"}],"predecessor-version":[{"id":3077,"href":"https:\/\/www.juweihammer.com\/vi\/wp-json\/wp\/v2\/product\/2646\/revisions\/3077"}],"wp:featuredmedia":[{"embeddable":true,"href":"https:\/\/www.juweihammer.com\/vi\/wp-json\/wp\/v2\/media\/2621"}],"wp:attachment":[{"href":"https:\/\/www.juweihammer.com\/vi\/wp-json\/wp\/v2\/media?parent=2646"}],"wp:term":[{"taxonomy":"product_brand","embeddable":true,"href":"https:\/\/www.juweihammer.com\/vi\/wp-json\/wp\/v2\/product_brand?post=2646"},{"taxonomy":"product_cat","embeddable":true,"href":"https:\/\/www.juweihammer.com\/vi\/wp-json\/wp\/v2\/product_cat?post=2646"},{"taxonomy":"product_tag","embeddable":true,"href":"https:\/\/www.juweihammer.com\/vi\/wp-json\/wp\/v2\/product_tag?post=2646"}],"curies":[{"name":"wp","href":"https:\/\/api.w.org\/{rel}","templated":true}]}}