{"id":2391,"date":"2024-07-22T05:31:02","date_gmt":"2024-07-22T05:31:02","guid":{"rendered":"https:\/\/www.juweihammer.com\/?post_type=product&#038;p=2391"},"modified":"2024-11-08T02:36:26","modified_gmt":"2024-11-08T02:36:26","slug":"d62-diesel-pile-hammer-with-pile-driving-leads","status":"publish","type":"product","link":"https:\/\/www.juweihammer.com\/vi\/san-pham\/d62-diesel-pile-hammer-with-pile-driving-leads\/","title":{"rendered":"M\u00e1y \u0111\u00f3ng c\u1ecdc Diesel D62 c\u00f3 \u0111\u1ea7u d\u1eabn \u0111\u00f3ng c\u1ecdc"},"content":{"rendered":"<p>L\u00e0 m\u1ed9t trong<strong> top 10<\/strong> c\u00e1c nh\u00e0 s\u1ea3n xu\u1ea5t v\u00e0 nh\u00e0 cung c\u1ea5p b\u00faa diesel Piel tr\u00ean to\u00e0n th\u1ebf gi\u1edbi. M\u00e1y \u0111\u00f3ng c\u1ecdc diesel d\u00f2ng D c\u1ee7a Juwei t\u1ef1 h\u00e0o c\u00f3 h\u01a1n 30 n\u0103m kinh nghi\u1ec7m trong thi\u1ebft k\u1ebf, s\u1ea3n xu\u1ea5t v\u00e0 \u1ee9ng d\u1ee5ng. <span style=\"color: #0000ff;\"><strong>Kh\u00e1m ph\u00e1 th\u00eam v\u1ec1 nh\u00e0 m\u00e1y c\u1ee7a ch\u00fang t\u00f4i b\u1eb1ng c\u00e1ch nh\u1ea5p v\u00e0o \u201cNh\u00e0 m\u00e1y\u201d.<\/strong><\/span><span style=\"color: #000080;\">!<\/span><\/p>\n<p><strong>#T\u1ed5ng c\u1ed9ng <span data-slate-fragment=\"JTVCJTdCJTIydHlwZSUyMiUzQSUyMnBhcmFncmFwaCUyMiUyQyUyMmNoaWxkcmVuJTIyJTNBJTVCJTdCJTIyaWQlMjIlM0ElMjJlYk40UmdFcXBlJTIyJTJDJTIycGFyYUlkeCUyMiUzQTQlMkMlMjJzcmMlMjIlM0ElMjJDb21wbGV0ZSUyME1vZGVsJTIwUmFuZ2UlMjBvZiUyMEQlMjBTZXJpZXMlMjBUdWJ1bGFyJTIwRGllc2VsJTIwUGlsZSUyMERyaXZlciUyMEhhbW1lcnMlMjIlMkMlMjJkc3QlMjIlM0ElMjJEJUU3JUIzJUJCJUU1JTg4JTk3JUU3JUFFJUExJUU3JThBJUI2JUU2JTlGJUI0JUU2JUIyJUI5JUU2JTg5JTkzJUU2JUExJUE5JUU5JTk0JUE0JUU3JTlBJTg0JUU1JUFFJThDJUU2JTk1JUI0JUU1JTlFJThCJUU1JThGJUI3JUU3JUIzJUJCJUU1JTg4JTk3JTIyJTJDJTIybWV0YWRhdGElMjIlM0ElMjIlMjIlMkMlMjJtZXRhRGF0YSUyMiUzQSU1QiU1RCUyQyUyMnRleHQlMjIlM0ElMjJDb21wbGV0ZSUyME1vZGVsJTIyJTdEJTVEJTdEJTVE\">Ng\u01b0\u1eddi m\u1eabu<\/span> c\u1ee7a m\u00e1y khoan \u0111\u1ed9ng c\u01a1 diesel d\u00f2ng D<\/strong><\/p>\n<p>D12, D16, D19, D25, D30, D36, D46, D50, D62, D80, D100, D128, D138, D160, D180, D225, D265, D320, D400. \u00a0<span style=\"color: #0000ff;\"><strong><span class=\"null\" data-slate-leaf=\"true\" data-sent-id=\"VpbK2QLMrB\">\u0110\u1ec3 bi\u1ebft th\u00f4ng tin chi ti\u1ebft, h\u00e3y nh\u1ea5p v\u00e0o n\u00fat \u201cChi ti\u1ebft d\u00f2ng D\u201d.<\/span><\/strong><\/span><\/p>\n<p><strong>#Gi\u1ea3i ph\u00e1p t\u00f9y ch\u1ec9nh:<\/strong><\/p>\n<p>\u0110\u1ed9i ng\u0169 k\u1ef9 thu\u1eadt c\u1ee7a ch\u00fang t\u00f4i c\u00f3 th\u1ec3 t\u00f9y ch\u1ec9nh c\u00e1c gi\u1ea3i ph\u00e1p <span data-slate-fragment=\"JTVCJTdCJTIydHlwZSUyMiUzQSUyMnBhcmFncmFwaCUyMiUyQyUyMmNoaWxkcmVuJTIyJTNBJTVCJTdCJTIyaWQlMjIlM0ElMjJCdjVScmFXa1B6JTIyJTJDJTIycGFyYUlkeCUyMiUzQTEwJTJDJTIyc3JjJTIyJTNBJTIyT3VyJTIwZW5naW5lZXJpbmclMjB0ZWFtJTIwb2ZmZXJzJTIwY3VzdG9taXplZCUyMHNvbHV0aW9ucyUyMHRhaWxvcmVkJTIwdG8lMjB5b3VyJTIwcHJvamVjdCUyMG5lZWRzLiUyMCUyMiUyQyUyMmRzdCUyMiUzQSUyMiVFNiU4OCU5MSVFNCVCQiVBQyVFNyU5QSU4NCVFNSVCNyVBNSVFNyVBOCU4QiVFNSU5QiVBMiVFOSU5OCU5RiVFNiVBMCVCOSVFNiU4RCVBRSVFNiU4MiVBOCVFNyU5QSU4NCVFOSVBMSVCOSVFNyU5QiVBRSVFOSU5QyU4MCVFNiVCMSU4MiVFNiU4RiU5MCVFNCVCRSU5QiVFNSVBRSU5QSVFNSU4OCVCNiVFNyU5QSU4NCVFOCVBNyVBMyVFNSU4NiVCMyVFNiU5NiVCOSVFNiVBMSU4OCVFMyU4MCU4MiUyMiUyQyUyMm1ldGFkYXRhJTIyJTNBJTIyJTIyJTJDJTIybWV0YURhdGElMjIlM0ElNUIlNUQlMkMlMjJ0ZXh0JTIyJTNBJTIydGFpbG9yZWQlMjB0byUyMHlvdXIlMjBwcm9qZWN0JTIwbmVlZHMlMjIlN0QlNUQlN0QlNUQ=\">ph\u00f9 h\u1ee3p v\u1edbi nhu c\u1ea7u d\u1ef1 \u00e1n c\u1ee7a b\u1ea1n<\/span>. <span data-slate-node=\"text\"><span class=\"null\" data-slate-leaf=\"true\" data-sent-id=\"ej04Roardz\">Cung c\u1ea5p cho ch\u00fang t\u00f4i b\u00e1o c\u00e1o \u0111\u1ecba ch\u1ec9 \u0111\u1ea5t, lo\u1ea1i c\u1ecdc v\u00e0 th\u00f4ng s\u1ed1 k\u1ef9 thu\u1eadt c\u1ee7a thi\u1ebft b\u1ecb \u0111\u00f3ng c\u1ecdc. <\/span><\/span><span data-slate-node=\"text\" data-slate-fragment=\"JTVCJTdCJTIydHlwZSUyMiUzQSUyMnBhcmFncmFwaCUyMiUyQyUyMmNoaWxkcmVuJTIyJTNBJTVCJTdCJTIyaWQlMjIlM0ElMjJlajA0Um9hcmR6JTIyJTJDJTIycGFyYUlkeCUyMiUzQTEwJTJDJTIyc3JjJTIyJTNBJTIyUHJvdmlkZSUyMHVzJTIwd2l0aCUyMGElMjBzb2lsJTIwYWRkcmVzcyUyMHJlcG9ydCUyQyUyMHBpbGUlMjB0eXBlJTJDJTIwYW5kJTIwcGlsZSUyMGRyaXZpbmclMjBlcXVpcG1lbnQlMjBzcGVjaWZpY2F0aW9ucy4lMjAlMjIlMkMlMjJkc3QlMjIlM0ElMjIlRTUlOTAlOTElRTYlODglOTElRTQlQkIlQUMlRTYlOEYlOTAlRTQlQkUlOUIlRTUlOUMlOUYlRTUlQTMlQTQlRTUlOUMlQjAlRTUlOUQlODAlRTYlOEElQTUlRTUlOTElOEElRTMlODAlODElRTYlQTElQTklRTclQjElQkIlRTUlOUUlOEIlRTUlOTIlOEMlRTYlODklOTMlRTYlQTElQTklRTglQUUlQkUlRTUlQTQlODclRTglQTclODQlRTYlQTAlQkMlRTMlODAlODIlMjIlMkMlMjJtZXRhZGF0YSUyMiUzQSUyMiUyMiUyQyUyMm1ldGFEYXRhJTIyJTNBJTVCJTVEJTJDJTIydGV4dCUyMiUzQSUyMlByb3ZpZGUlMjB1cyUyMHdpdGglMjBhJTIwc29pbCUyMGFkZHJlc3MlMjByZXBvcnQlMkMlMjBwaWxlJTIwdHlwZSUyQyUyMGFuZCUyMHBpbGUlMjBkcml2aW5nJTIwZXF1aXBtZW50JTIwc3BlY2lmaWNhdGlvbnMuJTIwJTIyJTdEJTJDJTdCJTIyaWQlMjIlM0ElMjJWTjZtbGE4RDFWJTIyJTJDJTIycGFyYUlkeCUyMiUzQTEwJTJDJTIyc3JjJTIyJTNBJTIyV2UlMjBkZWxpdmVyJTIwYSUyMGNvbXBhdGlibGUlMjBjeWxpbmRlciUyMGhhbW1lciUyMGRlc2lnbmVkJTIwZm9yJTIweW91ciUyMHByb2plY3QuJTIyJTJDJTIyZHN0JTIyJTNBJTIyJUU2JTg4JTkxJUU0JUJCJUFDJUU0JUI4JUJBJUU2JTgyJUE4JUU3JTlBJTg0JUU5JUExJUI5JUU3JTlCJUFFJUU2JThGJTkwJUU0JUJFJTlCJUU1JTg1JUJDJUU1JUFFJUI5JUU3JTlBJTg0JUU1JTlDJTg2JUU3JUFEJTkyJUU5JTk0JUE0JUUzJTgwJTgyJTIyJTJDJTIybWV0YWRhdGElMjIlM0ElMjIlMjIlMkMlMjJtZXRhRGF0YSUyMiUzQSU1QiU1RCUyQyUyMnRleHQlMjIlM0ElMjJXZSUyMGRlbGl2ZXIlMjBhJTIwY29tcGF0aWJsZSUyMGN5bGluZGVyJTIwaGFtbWVyJTIwZGVzaWduZWQlMjBmb3IlMjB5b3VyJTIwcHJvamVjdC4lMjIlN0QlNUQlN0QlNUQ=\"><span class=\"null\" data-slate-leaf=\"true\" data-sent-id=\"VN6mla8D1V\">Ch\u00fang t\u00f4i cung c\u1ea5p lo\u1ea1i b\u00faa t\u01b0\u01a1ng th\u00edch \u0111\u01b0\u1ee3c thi\u1ebft k\u1ebf cho d\u1ef1 \u00e1n c\u1ee7a b\u1ea1n.<\/span><\/span><\/p>\n<p><strong>#<\/strong><strong>Lo\u1ea1i c\u1ecdc:<\/strong><\/p>\n<p><span data-slate-fragment=\"JTVCJTdCJTIydHlwZSUyMiUzQSUyMnBhcmFncmFwaCUyMiUyQyUyMmNoaWxkcmVuJTIyJTNBJTVCJTdCJTIyaWQlMjIlM0ElMjJlbU1LUllacEplJTIyJTJDJTIycGFyYUlkeCUyMiUzQTE0JTJDJTIyc3JjJTIyJTNBJTIyT3VyJTIwaGFtbWVycyUyMGFyZSUyMHN1aXRhYmxlJTIwZm9yJTIwZHJpdmluZyUyMHZhcmlvdXMlMjBwaWxlJTIwdHlwZXMlMkMlMjBpbmNsdWRpbmclMjBwcmVjYXN0JTIwY29uY3JldGUlMjBwaWxlcyUyQyUyMEgtYmVhbXMlMkMlMjBzdGVlbCUyMHBpcGUlMjBwaWxlcyUyQyUyMGNpcmN1bGFyJTIwcGlsZXMlMkMlMjBzcXVhcmUlMjBwaWxlcyUyQyUyMHNoZWV0JTIwcGlsZXMlMkMlMjBhbmQlMjB3b29kZW4lMjBwaWxlcy4lMjIlMkMlMjJkc3QlMjIlM0ElMjIlRTYlODglOTElRTQlQkIlQUMlRTclOUElODQlRTklOTQlQTQlRTUlQUQlOTAlRTklODAlODIlRTclOTQlQTglRTQlQkElOEUlRTYlODklOTMlRTYlQTElQTklRTUlOTAlODQlRTclQTclOEQlRTYlQTElQTklRTUlOUUlOEIlRUYlQkMlOEMlRTUlOEMlODUlRTYlOEIlQUMlRTklQTIlODQlRTUlODglQjYlRTYlQjclQjclRTUlODclOUQlRTUlOUMlOUYlRTYlQTElQTklRTMlODAlODFIJUU1JTlFJThCJUU5JTkyJUEyJUUzJTgwJTgxJUU5JTkyJUEyJUU3JUFFJUExJUU2JUExJUE5JUUzJTgwJTgxJUU1JTlDJTg2JUU1JUJEJUEyJUU2JUExJUE5JUUzJTgwJTgxJUU2JTk2JUI5JUU1JUJEJUEyJUU2JUExJUE5JUUzJTgwJTgxJUU2JTlEJUJGJUU2JUExJUE5JUU1JTkyJThDJUU2JTlDJUE4JUU2JUExJUE5JUUzJTgwJTgyJTIyJTJDJTIybWV0YWRhdGElMjIlM0ElMjIlMjIlMkMlMjJtZXRhRGF0YSUyMiUzQSU1QiU1RCUyQyUyMnRleHQlMjIlM0ElMjJPdXIlMjBoYW1tZXJzJTIwYXJlJTIwc3VpdGFibGUlMjBmb3IlMjBkcml2aW5nJTIwdmFyaW91cyUyMHBpbGUlMjB0eXBlcyUyMiU3RCU1RCU3RCU1RA==\">B\u00faa c\u1ee7a ch\u00fang t\u00f4i ph\u00f9 h\u1ee3p \u0111\u1ec3 \u0111\u00f3ng nhi\u1ec1u lo\u1ea1i c\u1ecdc kh\u00e1c nhau,<\/span> bao g\u1ed3m c\u1ecdc b\u00ea t\u00f4ng \u0111\u00fac s\u1eb5n, d\u1ea7m ch\u1eef H, c\u1ecdc \u1ed1ng th\u00e9p, c\u1ecdc tr\u00f2n, c\u1ecdc vu\u00f4ng, c\u1ecdc v\u00e1n, c\u1ecdc g\u1ed7,..<\/p>\n<p><strong>#\u1ee8ng d\u1ee5ng<\/strong>:<\/p>\n<p><span data-slate-fragment=\"JTVCJTdCJTIydHlwZSUyMiUzQSUyMnBhcmFncmFwaCUyMiUyQyUyMmNoaWxkcmVuJTIyJTNBJTVCJTdCJTIyaWQlMjIlM0ElMjJCNGtLT1E2QVJ6JTIyJTJDJTIycGFyYUlkeCUyMiUzQTE4JTJDJTIyc3JjJTIyJTNBJTIyT3VyJTIwZGllc2VsJTIwaGFtbWVycyUyMGFyZSUyMGlkZWFsJTIwZm9yJTIwb2Zmc2hvcmUlMjBwcm9qZWN0cyUyMHN1Y2glMjBhcyUyMHdpbmQlMjBwb3dlciUyMGdlbmVyYXRpb24lMkMlMjBlbmVyZ3klMkMlMjBicmlkZ2VzJTJDJTIwcG9ydHMlMkMlMjBkb2NrJTIwY29uc3RydWN0aW9uJTJDJTIwYW5kJTIwb2lsJTIwYW5kJTIwZ2FzJTIwZXh0cmFjdGlvbi4lMjAlMjIlMkMlMjJkc3QlMjIlM0ElMjIlRTYlODglOTElRTQlQkIlQUMlRTclOUElODQlRTYlOUYlQjQlRTYlQjIlQjklRTklOTQlQTQlRTYlOTglQUYlRTklQTMlOEUlRTUlOEElOUIlRTUlOEYlOTElRTclOTQlQjUlRTMlODAlODElRTglODMlQkQlRTYlQkElOTAlRTMlODAlODElRTYlQTElQTUlRTYlQTIlODElRTMlODAlODElRTYlQjglQUYlRTUlOEYlQTMlRTMlODAlODElRTclQTAlODElRTUlQTQlQjQlRTUlQkIlQkElRTglQUUlQkUlRTQlQkIlQTUlRTUlOEYlOEElRTclOUYlQjMlRTYlQjIlQjklRTUlOTIlOEMlRTUlQTQlQTklRTclODQlQjYlRTYlQjAlOTQlRTUlQkMlODAlRTklODclODclRTclQUQlODklRTYlQjUlQjclRTQlQjglOEElRTklQTElQjklRTclOUIlQUUlRTclOUElODQlRTclOTAlODYlRTYlODMlQjMlRTklODAlODklRTYlOEIlQTklRTMlODAlODIlMjIlMkMlMjJtZXRhZGF0YSUyMiUzQSUyMiUyMiUyQyUyMm1ldGFEYXRhJTIyJTNBJTVCJTVEJTJDJTIydGV4dCUyMiUzQSUyMk91ciUyMGRpZXNlbCUyMGhhbW1lcnMlMjBhcmUlMjBpZGVhbCUyMGZvciUyMCUyMiU3RCU1RCU3RCU1RA==\">B\u00faa diesel c\u1ee7a ch\u00fang t\u00f4i l\u00fd t\u01b0\u1edfng cho <\/span>c\u00e1c d\u1ef1 \u00e1n ngo\u00e0i kh\u01a1i, nh\u01b0 s\u1ea3n xu\u1ea5t \u0111i\u1ec7n gi\u00f3, n\u0103ng l\u01b0\u1ee3ng, c\u1ea7u, c\u1ea3ng, x\u00e2y d\u1ef1ng b\u1ebfn t\u00e0u v\u00e0 khai th\u00e1c d\u1ea7u kh\u00ed. <span data-slate-fragment=\"JTVCJTdCJTIydHlwZSUyMiUzQSUyMnBhcmFncmFwaCUyMiUyQyUyMmNoaWxkcmVuJTIyJTNBJTVCJTdCJTIyaWQlMjIlM0ElMjJWQVlFTzhhbzFWJTIyJTJDJTIycGFyYUlkeCUyMiUzQTE4JTJDJTIyc3JjJTIyJTNBJTIyVGhleSUyMGFyZSUyMGFsc28lMjBzdWl0YWJsZSUyMGZvciUyMHJvYWQlMjBhbmQlMjBjaXZpbCUyMGVuZ2luZWVyaW5nJTIwcHJvamVjdHMlMkMlMjBwdWJsaWMlMjB1dGlsaXRpZXMlMkMlMjBjb2ZmZXJkYW1zJTJDJTIwYnJpZGdlcyUyQyUyMHBob3Rvdm9sdGFpY3MlMkMlMjBhbmQlMjBlbnZpcm9ubWVudGFsJTIwcHJvamVjdHMuJTIwJTIyJTJDJTIyZHN0JTIyJTNBJTIyJUU1JUFFJTgzJUU0JUJCJUFDJUU0JUI5JTlGJUU5JTgwJTgyJUU3JTk0JUE4JUU0JUJBJThFJUU5JTgxJTkzJUU4JUI3JUFGJUU1JTkyJThDJUU1JTlDJTlGJUU2JTlDJUE4JUU1JUI3JUE1JUU3JUE4JThCJUU5JUExJUI5JUU3JTlCJUFFJUUzJTgwJTgxJUU1JTg1JUFDJUU3JTk0JUE4JUU0JUJBJThCJUU0JUI4JTlBJUUzJTgwJTgxJUU1JTlCJUI0JUU1JUEwJUIwJUUzJTgwJTgxJUU2JUExJUE1JUU2JUEyJTgxJUUzJTgwJTgxJUU1JTg1JTg5JUU0JUJDJThGJUU1JTkyJThDJUU3JThFJUFGJUU1JUEyJTgzJUU5JUExJUI5JUU3JTlCJUFFJUUzJTgwJTgyJTIyJTJDJTIybWV0YWRhdGElMjIlM0ElMjIlMjIlMkMlMjJtZXRhRGF0YSUyMiUzQSU1QiU1RCUyQyUyMnRleHQlMjIlM0ElMjJUaGV5JTIwYXJlJTIwYWxzbyUyMHN1aXRhYmxlJTIyJTdEJTVEJTdEJTVE\">Ch\u00fang c\u0169ng th\u00edch h\u1ee3p cho <\/span>c\u00e1c d\u1ef1 \u00e1n x\u00e2y d\u1ef1ng \u0111\u01b0\u1eddng b\u1ed9 v\u00e0 d\u00e2n d\u1ee5ng, ti\u1ec7n \u00edch c\u00f4ng c\u1ed9ng, ti\u1ec7n \u00edch d\u00e2n d\u1ee5ng, \u0111\u00ea quai, c\u1ea7u, quang \u0111i\u1ec7n v\u00e0 m\u00f4i tr\u01b0\u1eddng. <span style=\"color: #000080;\">H\u00e3y nh\u1ea5p v\u00e0o n\u00fat \u201cD\u1ef1 \u00e1n\u201d \u0111\u1ec3 t\u00ecm hi\u1ec3u th\u00eam!<\/span><\/p>\n<p><strong>#\u0110\u00f3ng g\u00f3i &amp; V\u1eadn chuy\u1ec3n<\/strong>:<\/p>\n<p>Bao b\u00ec: <span data-slate-fragment=\"JTVCJTdCJTIydHlwZSUyMiUzQSUyMnBhcmFncmFwaCUyMiUyQyUyMmNoaWxkcmVuJTIyJTNBJTVCJTdCJTIyaWQlMjIlM0ElMjJ6eUswRHh2TEtlJTIyJTJDJTIycGFyYUlkeCUyMiUzQTIyJTJDJTIyc3JjJTIyJTNBJTIyUGFja2FnaW5nJTNBJTIwV2UlMjB1c2UlMjBleHBvcnQtc3RhbmRhcmQlMjBzdGVlbCUyMHRyYW5zcG9ydGF0aW9uJTIwdG9vbHMlMjBmb3IlMjBwYWNrYWdpbmcuJTIyJTJDJTIyZHN0JTIyJTNBJTIyJUU1JThDJTg1JUU4JUEzJTg1JUVGJUJDJTlBJUU2JTg4JTkxJUU0JUJCJUFDJUU0JUJEJUJGJUU3JTk0JUE4JUU1JTg3JUJBJUU1JThGJUEzJUU2JUEwJTg3JUU1JTg3JTg2JUU5JTkyJUEyJUU2JTlEJTkwJUU4JUJGJTkwJUU4JUJFJTkzJUU1JUI3JUE1JUU1JTg1JUI3JUU4JUJGJTlCJUU4JUExJThDJUU1JThDJTg1JUU4JUEzJTg1JUUzJTgwJTgyJTIyJTJDJTIybWV0YWRhdGElMjIlM0ElMjIlMjIlMkMlMjJtZXRhRGF0YSUyMiUzQSU1QiU1RCUyQyUyMnRleHQlMjIlM0ElMjJXZSUyMHVzZSUyMGV4cG9ydC1zdGFuZGFyZCUyMHN0ZWVsJTIwdHJhbnNwb3J0YXRpb24lMjB0b29scyUyMGZvciUyMHBhY2thZ2luZyUyMiU3RCU1RCU3RCU1RA==\">Ch\u00fang t\u00f4i s\u1eed d\u1ee5ng c\u00e1c c\u00f4ng c\u1ee5 v\u1eadn chuy\u1ec3n th\u00e9p ti\u00eau chu\u1ea9n xu\u1ea5t kh\u1ea9u \u0111\u1ec3 \u0111\u00f3ng g\u00f3i<\/span><br \/>\nV\u1eadn t\u1ea3i: V\u1eadn chuy\u1ec3n container 20GP ho\u1eb7c 40GP<\/p>\n<p><strong>#Xu\u1ea5t kh\u1ea9u sang nhi\u1ec1u n\u01b0\u1edbc<\/strong><\/p>\n<p>S\u1ea3n ph\u1ea9m n\u00e0y \u0111\u01b0\u1ee3c xu\u1ea5t kh\u1ea9u sang Ch\u00e2u \u00c2u, Nga, \u0110\u00f4ng Nam \u00c1, B\u1eafc M\u1ef9, Nam M\u1ef9, Trung \u0110\u00f4ng, Ch\u00e2u Phi v\u00e0 c\u00e1c khu v\u1ef1c kh\u00e1c. (Ch\u1eb3ng h\u1ea1n nh\u01b0: Philippines, T\u00fcrkiye, Indonesia, Th\u00e1i Lan, Vi\u1ec7t Nam, Bangladesh, Hoa K\u1ef3, \u1ea2 R\u1eadp Saudi, Nga, \u00dac, Brazil v\u00e0 c\u00e1c qu\u1ed1c gia kh\u00e1c)<\/p>\n<p><strong>#Th\u00f4ng s\u1ed1 k\u1ef9 thu\u1eadt:<\/strong><\/p>\n<table width=\"602\">\n<tbody>\n<tr>\n<td rowspan=\"2\" width=\"358\">Th\u00f4ng s\u1ed1 k\u1ef9 thu\u1eadt<\/td>\n<td rowspan=\"2\" width=\"105\">Ki\u1ec3u<\/td>\n<td width=\"139\">D62<\/td>\n<\/tr>\n<tr>\n<td width=\"139\">1:3\/1:1<\/td>\n<\/tr>\n<tr>\n<td width=\"358\">Tr\u1ecdng l\u01b0\u1ee3ng t\u00e1c \u0111\u1ed9ng (piston)<\/td>\n<td width=\"105\">kg<\/td>\n<td width=\"139\">6200<\/td>\n<\/tr>\n<tr>\n<td width=\"358\">N\u0103ng l\u01b0\u1ee3ng m\u1ed7i \u0111\u00f2n<\/td>\n<td width=\"105\">KNm<\/td>\n<td width=\"139\">218.96~107.05<\/td>\n<\/tr>\n<tr>\n<td width=\"358\">S\u1ed1 c\u00fa \u0111\u00e1nh<\/td>\n<td width=\"105\">ph\u00fat-l<\/td>\n<td width=\"139\">36~50<\/td>\n<\/tr>\n<tr>\n<td width=\"358\">L\u1ef1c n\u1ed5 \u00e1p l\u1ef1c l\u00ean c\u1ecdc max.<\/td>\n<td width=\"105\">KN<\/td>\n<td width=\"139\">1800<\/td>\n<\/tr>\n<tr>\n<td width=\"358\">Th\u00edch h\u1ee3p \u0111\u1ec3 \u0111\u00f3ng c\u1ecdc l\u00ean \u0111\u1ebfn<\/td>\n<td width=\"105\">Kg<\/td>\n<td width=\"139\">25000<\/td>\n<\/tr>\n<tr>\n<td width=\"358\">M\u00e1y \u0111o \u0111\u1ed9 s\u00e1ng d\u00e2y cho ph\u00e9p \u0111\u1ed1i v\u1edbi puly l\u00e0m l\u1ec7ch h\u01b0\u1edbng c\u1ee7a thi\u1ebft b\u1ecb v\u1ea5p t\u1ed1i \u0111a.<\/td>\n<td width=\"105\">mm<\/td>\n<td width=\"139\">F38<\/td>\n<\/tr>\n<tr>\n<td width=\"358\">D\u1ea7u diesel<\/td>\n<td width=\"105\">L\/gi\u1edd<\/td>\n<td width=\"139\">20<\/td>\n<\/tr>\n<tr>\n<td width=\"358\">ch\u1ea5t b\u00f4i tr\u01a1n<\/td>\n<td width=\"105\">L\/gi\u1edd<\/td>\n<td width=\"139\">3.2<\/td>\n<\/tr>\n<tr>\n<td width=\"358\">Th\u00f9ng d\u1ea7u diesel<\/td>\n<td width=\"105\">L<\/td>\n<td width=\"139\">98<\/td>\n<\/tr>\n<tr>\n<td width=\"358\">B\u1ec3 b\u00f4i tr\u01a1n<\/td>\n<td width=\"105\">L<\/td>\n<td width=\"139\">31.5<\/td>\n<\/tr>\n<tr>\n<td width=\"358\">B\u00faa c\u1ecdc diesel x\u1ea5p x\u1ec9.<\/td>\n<td width=\"105\">kg<\/td>\n<td width=\"139\">11870\/\u00a0 12280<\/td>\n<\/tr>\n<tr>\n<td width=\"358\">Thi\u1ebft b\u1ecb v\u1ea5p kho\u1ea3ng<\/td>\n<td width=\"105\">kg<\/td>\n<td width=\"139\">400<\/td>\n<\/tr>\n<tr>\n<td width=\"358\">Gi\u00e1 \u0111\u1ee1\/gi\u00e1 \u0111\u1ee1 v\u1eadn chuy\u1ec3n kho\u1ea3ng.<\/td>\n<td width=\"105\">kg<\/td>\n<td width=\"139\">72<\/td>\n<\/tr>\n<tr>\n<td width=\"358\">B\u1ea3o v\u1ec7 v\u1eadn chuy\u1ec3n kho\u1ea3ng.<\/td>\n<td width=\"105\">kg<\/td>\n<td width=\"139\">34<\/td>\n<\/tr>\n<tr>\n<td width=\"358\">H\u1ed9p c\u00f4ng c\u1ee5 kho\u1ea3ng<\/td>\n<td width=\"105\">kg<\/td>\n<td width=\"139\">125<\/td>\n<\/tr>\n<tr>\n<td width=\"358\">Chi\u1ec1u d\u00e0i b\u00faa \u0111\u00f3ng c\u1ecdc Diesel (a\/al)<\/td>\n<td width=\"105\">mm<\/td>\n<td width=\"139\">5910\/ 6910<\/td>\n<\/tr>\n<tr>\n<td width=\"358\">\u0110\u01b0\u1eddng k\u00ednh ngo\u00e0i c\u1ee7a kh\u1ed1i va \u0111\u1eadp (b)<\/td>\n<td width=\"105\">mm<\/td>\n<td width=\"139\">\u03a6710<\/td>\n<\/tr>\n<tr>\n<td width=\"358\">K\u00edch th\u01b0\u1edbc t\u1ed5ng th\u1ec3 \u0111\u01b0\u1ee3c \u0111o qua v\u00edt b\u1eaft ch\u1eb7t c\u1ee7a h\u00e0m d\u1eabn h\u01b0\u1edbng (c)<\/td>\n<td width=\"105\">mm<\/td>\n<td width=\"139\">828<\/td>\n<\/tr>\n<tr>\n<td width=\"358\">Chi\u1ec1u r\u1ed9ng b\u00faa \u0111\u00f3ng c\u1ecdc Diesel (d)<\/td>\n<td width=\"105\">mm<\/td>\n<td width=\"139\">800<\/td>\n<\/tr>\n<tr>\n<td width=\"358\">Chi\u1ec1u r\u1ed9ng \u0111\u1ec3 k\u1ebft n\u1ed1i h\u00e0m d\u1eabn h\u01b0\u1edbng (e)<\/td>\n<td width=\"105\">mm<\/td>\n<td width=\"139\">560<\/td>\n<\/tr>\n<tr>\n<td width=\"358\">T\u00e2m b\u00faa \u0111\u00f3ng c\u1ecdc Diesel t\u1edbi t\u1ea5m ch\u1eafn b\u01a1m (f)<\/td>\n<td width=\"105\">mm<\/td>\n<td width=\"139\">490<\/td>\n<\/tr>\n<tr>\n<td width=\"358\">T\u00e2m b\u00faa \u0111\u00f3ng c\u1ecdc Diesel \u0111\u1ebfn t\u00e2m l\u1ed7 ren \u0111\u1ec3 b\u1eaft v\u00edt c\u1ee7a h\u00e0m d\u1eabn h\u01b0\u1edbng (g)<\/td>\n<td width=\"105\">mm<\/td>\n<td width=\"139\">380<\/td>\n<\/tr>\n<tr>\n<td width=\"358\">\u0110\u1ed9 s\u00e2u b\u00faa \u0111\u00f3ng c\u1ecdc Diesel (h)<\/td>\n<td width=\"105\">mm<\/td>\n<td width=\"139\">970<\/td>\n<\/tr>\n<tr>\n<td width=\"358\">Kho\u1ea3ng c\u00e1ch ti\u00eau chu\u1ea9n t\u1eeb t\u00e2m b\u00faa \u0111\u00f3ng c\u1ecdc Diesel \u0111\u1ebfn t\u00e2m ch\u00ec (H)<\/td>\n<td width=\"105\">mm<\/td>\n<td width=\"139\">560<\/td>\n<\/tr>\n<tr>\n<td width=\"358\">Chi\u1ec1u r\u1ed9ng d\u00e2y d\u1eabn (L)<\/td>\n<td width=\"105\">mm<\/td>\n<td width=\"139\">600x(\u03a6102)<\/td>\n<\/tr>\n<\/tbody>\n<\/table>\n<h2>D62 Diesel Hammer Packaging<\/h2>\n<p><img fetchpriority=\"high\" decoding=\"async\" class=\"size-full wp-image-11326\" src=\"https:\/\/www.juweihammer.com\/wp-content\/uploads\/2024\/09\/D-tubular-diesel-hammer-packaging.webp\" alt=\"D tubular diesel hammer packaging\" width=\"975\" height=\"696\" srcset=\"https:\/\/www.juweihammer.com\/wp-content\/uploads\/2024\/09\/D-tubular-diesel-hammer-packaging.webp 975w, https:\/\/www.juweihammer.com\/wp-content\/uploads\/2024\/09\/D-tubular-diesel-hammer-packaging-768x548.webp 768w, https:\/\/www.juweihammer.com\/wp-content\/uploads\/2024\/09\/D-tubular-diesel-hammer-packaging-18x12.webp 18w, https:\/\/www.juweihammer.com\/wp-content\/uploads\/2024\/09\/D-tubular-diesel-hammer-packaging-600x428.webp 600w\" sizes=\"(max-width: 975px) 100vw, 975px\" \/><\/p>","protected":false},"excerpt":{"rendered":"<p>M\u00e1y \u0111\u00f3ng c\u1ecdc diesel h\u00ecnh \u1ed1ng D hi\u1ec7n l\u00e0 thi\u1ebft b\u1ecb thi c\u00f4ng m\u00f3ng \u0111\u00f3ng c\u1ecdc \u0111\u01b0\u1ee3c s\u1eed d\u1ee5ng r\u1ed9ng r\u00e3i nh\u1ea5t.<\/p>\n<ul>\n<li>Tr\u1ecdng l\u01b0\u1ee3ng va \u0111\u1eadp (Piston): 6,2 t\u1ea5n<\/li>\n<li>N\u0103ng l\u01b0\u1ee3ng Impac: 218,96 \uff5e 107,05 Kj<\/li>\n<li>Ti\u00eau th\u1ee5 d\u1ea7u th\u1ea5p<\/li>\n<li>H\u00ecnh tr\u1ee5<\/li>\n<li>Gi\u1ea3i ph\u00e1p t\u00f9y ch\u1ec9nh<\/li>\n<li><span data-slate-fragment=\"JTVCJTdCJTIydHlwZSUyMiUzQSUyMnBhcmFncmFwaCUyMiUyQyUyMmNoaWxkcmVuJTIyJTNBJTVCJTdCJTIyaWQlMjIlM0ElMjJCdjVSOFl3bFd6JTIyJTJDJTIycGFyYUlkeCUyMiUzQTAlMkMlMjJzcmMlMjIlM0ElMjJEdWFsJTIwZnVlbCUyMHB1bXAlMjBzeXN0ZW0lMjIlMkMlMjJkc3QlMjIlM0ElMjIlRTUlOEYlOEMlRTclODclODMlRTYlQjIlQjklRTYlQjMlQjUlRTclQjMlQkIlRTclQkIlOUYlMjIlMkMlMjJtZXRhZGF0YSUyMiUzQSUyMiUyMiUyQyUyMm1ldGFEYXRhJTIyJTNBJTVCJTVEJTJDJTIydGV4dCUyMiUzQSUyMkR1YWwlMjBmdWVsJTIwcHVtcCUyMHN5c3RlbSUyMiU3RCU1RCU3RCU1RA==\">Cung c\u1ea5pOEM<\/span><\/li>\n<\/ul>","protected":false},"featured_media":11343,"template":"","meta":{"_seopress_robots_primary_cat":"none","_seopress_titles_title":"Supply D62 Diesel Pile Hammers with Pile Driving Leads","_seopress_titles_desc":"JUWEI supply D62 tubular diesel pile hammers for piling foundation construction. Impact Weight (Piston): 6.2 tons. Number of Stroke: 36~50 per minute.","_seopress_robots_index":"","site-sidebar-layout":"default","site-content-layout":"","ast-site-content-layout":"default","site-content-style":"default","site-sidebar-style":"default","ast-global-header-display":"","ast-banner-title-visibility":"","ast-main-header-display":"","ast-hfb-above-header-display":"","ast-hfb-below-header-display":"","ast-hfb-mobile-header-display":"","site-post-title":"","ast-breadcrumbs-content":"","ast-featured-img":"","footer-sml-layout":"","theme-transparent-header-meta":"default","adv-header-id-meta":"","stick-header-meta":"","header-above-stick-meta":"","header-main-stick-meta":"","header-below-stick-meta":"","astra-migrate-meta-layouts":"set","ast-page-background-enabled":"default","ast-page-background-meta":{"desktop":{"background-color":"var(--ast-global-color-4)","background-image":"","background-repeat":"repeat","background-position":"center center","background-size":"auto","background-attachment":"scroll","background-type":"","background-media":"","overlay-type":"","overlay-color":"","overlay-opacity":"","overlay-gradient":""},"tablet":{"background-color":"","background-image":"","background-repeat":"repeat","background-position":"center center","background-size":"auto","background-attachment":"scroll","background-type":"","background-media":"","overlay-type":"","overlay-color":"","overlay-opacity":"","overlay-gradient":""},"mobile":{"background-color":"","background-image":"","background-repeat":"repeat","background-position":"center center","background-size":"auto","background-attachment":"scroll","background-type":"","background-media":"","overlay-type":"","overlay-color":"","overlay-opacity":"","overlay-gradient":""}},"ast-content-background-meta":{"desktop":{"background-color":"var(--ast-global-color-5)","background-image":"","background-repeat":"repeat","background-position":"center center","background-size":"auto","background-attachment":"scroll","background-type":"","background-media":"","overlay-type":"","overlay-color":"","overlay-opacity":"","overlay-gradient":""},"tablet":{"background-color":"var(--ast-global-color-5)","background-image":"","background-repeat":"repeat","background-position":"center center","background-size":"auto","background-attachment":"scroll","background-type":"","background-media":"","overlay-type":"","overlay-color":"","overlay-opacity":"","overlay-gradient":""},"mobile":{"background-color":"var(--ast-global-color-5)","background-image":"","background-repeat":"repeat","background-position":"center center","background-size":"auto","background-attachment":"scroll","background-type":"","background-media":"","overlay-type":"","overlay-color":"","overlay-opacity":"","overlay-gradient":""}}},"product_brand":[],"product_cat":[21],"product_tag":[],"class_list":{"0":"post-2391","1":"product","2":"type-product","3":"status-publish","4":"has-post-thumbnail","6":"product_cat-d-diesel-hammer","7":"desktop-align-left","8":"tablet-align-left","9":"mobile-align-left","11":"first","12":"instock","13":"shipping-taxable","14":"product-type-simple"},"_links":{"self":[{"href":"https:\/\/www.juweihammer.com\/vi\/wp-json\/wp\/v2\/product\/2391","targetHints":{"allow":["GET"]}}],"collection":[{"href":"https:\/\/www.juweihammer.com\/vi\/wp-json\/wp\/v2\/product"}],"about":[{"href":"https:\/\/www.juweihammer.com\/vi\/wp-json\/wp\/v2\/types\/product"}],"version-history":[{"count":2,"href":"https:\/\/www.juweihammer.com\/vi\/wp-json\/wp\/v2\/product\/2391\/revisions"}],"predecessor-version":[{"id":11344,"href":"https:\/\/www.juweihammer.com\/vi\/wp-json\/wp\/v2\/product\/2391\/revisions\/11344"}],"wp:featuredmedia":[{"embeddable":true,"href":"https:\/\/www.juweihammer.com\/vi\/wp-json\/wp\/v2\/media\/11343"}],"wp:attachment":[{"href":"https:\/\/www.juweihammer.com\/vi\/wp-json\/wp\/v2\/media?parent=2391"}],"wp:term":[{"taxonomy":"product_brand","embeddable":true,"href":"https:\/\/www.juweihammer.com\/vi\/wp-json\/wp\/v2\/product_brand?post=2391"},{"taxonomy":"product_cat","embeddable":true,"href":"https:\/\/www.juweihammer.com\/vi\/wp-json\/wp\/v2\/product_cat?post=2391"},{"taxonomy":"product_tag","embeddable":true,"href":"https:\/\/www.juweihammer.com\/vi\/wp-json\/wp\/v2\/product_tag?post=2391"}],"curies":[{"name":"wp","href":"https:\/\/api.w.org\/{rel}","templated":true}]}}