{"id":2333,"date":"2024-07-19T08:24:04","date_gmt":"2024-07-19T08:24:04","guid":{"rendered":"https:\/\/www.juweihammer.com\/?post_type=product&#038;p=2333"},"modified":"2024-11-08T02:39:12","modified_gmt":"2024-11-08T02:39:12","slug":"china-d19-diesel-pile-hammer-manufacturer-supplier","status":"publish","type":"product","link":"https:\/\/www.juweihammer.com\/vi\/san-pham\/china-d19-diesel-pile-hammer-manufacturer-supplier\/","title":{"rendered":"B\u00faa c\u1ecdc Diesel D19 Trung Qu\u1ed1c | Nh\u00e0 s\u1ea3n xu\u1ea5t &amp; Nh\u00e0 cung c\u1ea5p"},"content":{"rendered":"<p>Juwei l\u00e0 m\u1ed9t trong<strong> top 10<\/strong> c\u00e1c nh\u00e0 s\u1ea3n xu\u1ea5t v\u00e0 nh\u00e0 cung c\u1ea5p b\u00faa diesel tr\u00ean to\u00e0n th\u1ebf gi\u1edbi. M\u00e1y \u0111\u00f3ng c\u1ecdc diesel d\u00f2ng D c\u1ee7a Juwei \u0111\u00e3 c\u00f3 h\u01a1n 30 n\u0103m kinh nghi\u1ec7m trong thi\u1ebft k\u1ebf, s\u1ea3n xu\u1ea5t v\u00e0 \u1ee9ng d\u1ee5ng. <span style=\"color: #0000ff;\"><strong>B\u1ea5m v\u00e0o n\u00fat \u201cNh\u00e0 m\u00e1y\u201d \u0111\u1ec3 t\u00ecm hi\u1ec3u th\u00eam!<\/strong><\/span><\/p>\n<p><strong>#Total Model M\u00e1y khoan c\u1ecdc nh\u1ed3i Diesel d\u00f2ng D<\/strong><\/p>\n<p>D12, D16, D19, D25, D30, D36, D46, D50, D62, D80, D100, D128, D138, D160, D180, D225, D265, D320, D400. <span style=\"color: #0000ff;\"><strong>Nh\u1ea5p v\u00e0o n\u00fat \u201cChi ti\u1ebft d\u00f2ng D\u201d \u0111\u1ec3 t\u00ecm hi\u1ec3u th\u00eam!<\/strong><\/span><\/p>\n<p><strong>#Gi\u1ea3i ph\u00e1p t\u00f9y ch\u1ec9nh:<\/strong><\/p>\n<p>\u0110\u1ed9i ng\u0169 k\u1ef9 thu\u1eadt c\u1ee7a ch\u00fang t\u00f4i c\u00f3 th\u1ec3 t\u00f9y ch\u1ec9nh c\u00e1c gi\u1ea3i ph\u00e1p d\u1ef1a tr\u00ean t\u00ecnh h\u00ecnh d\u1ef1 \u00e1n c\u1ee7a b\u1ea1n. B\u1ea1n c\u00f3 th\u1ec3 cung c\u1ea5p b\u00e1o c\u00e1o \u0111\u1ecba ch\u1ec9 \u0111\u1ea5t, lo\u1ea1i c\u1ecdc v\u00e0 thi\u1ebft b\u1ecb \u0111\u00f3ng c\u1ecdc. Ch\u00fang t\u00f4i cung c\u1ea5p b\u00faa h\u00ecnh tr\u1ee5 t\u01b0\u01a1ng th\u00edch v\u1edbi thi\u1ebft k\u1ebf.<\/p>\n<p><strong>#<\/strong><strong>Lo\u1ea1i c\u1ecdc:<\/strong><\/p>\n<p>C\u00e1c lo\u1ea1i c\u1ecdc \u0111\u00f3ng c\u1ecdc bao g\u1ed3m c\u1ecdc b\u00ea t\u00f4ng \u0111\u00fac s\u1eb5n, d\u1ea7m ch\u1eef H, c\u1ecdc \u1ed1ng th\u00e9p, c\u1ecdc tr\u00f2n, c\u1ecdc vu\u00f4ng, c\u1ecdc v\u00e1n, c\u1ecdc g\u1ed7,\u2026<\/p>\n<p><strong>#\u1ee8ng d\u1ee5ng<\/strong>:<\/p>\n<p>c\u00e1c d\u1ef1 \u00e1n ngo\u00e0i kh\u01a1i bao g\u1ed3m s\u1ea3n xu\u1ea5t \u0111i\u1ec7n gi\u00f3, n\u0103ng l\u01b0\u1ee3ng, c\u1ea7u, c\u1ea3ng, x\u00e2y d\u1ef1ng b\u1ebfn t\u00e0u v\u00e0 khai th\u00e1c d\u1ea7u kh\u00ed. N\u00f3 c\u0169ng c\u00f3 th\u1ec3 \u00e1p d\u1ee5ng cho c\u00e1c d\u1ef1 \u00e1n x\u00e2y d\u1ef1ng \u0111\u01b0\u1eddng b\u1ed9 v\u00e0 d\u00e2n d\u1ee5ng, ti\u1ec7n \u00edch c\u00f4ng c\u1ed9ng, ti\u1ec7n \u00edch d\u00e2n d\u1ee5ng, \u0111\u00ea quai, c\u1ea7u, quang \u0111i\u1ec7n v\u00e0 m\u00f4i tr\u01b0\u1eddng. <span style=\"color: #0000ff;\"><strong>H\u00e3y nh\u1ea5p v\u00e0o n\u00fat \u201cD\u1ef1 \u00e1n\u201d \u0111\u1ec3 t\u00ecm hi\u1ec3u th\u00eam!<\/strong><\/span><\/p>\n<p><strong>#\u0110\u00f3ng g\u00f3i &amp; V\u1eadn chuy\u1ec3n<\/strong>:<\/p>\n<p>Bao b\u00ec: S\u1eed d\u1ee5ng c\u00f4ng c\u1ee5 v\u1eadn chuy\u1ec3n b\u1eb1ng th\u00e9p ti\u00eau chu\u1ea9n xu\u1ea5t kh\u1ea9u \u0111\u1ec3 \u0111\u00f3ng g\u00f3i<br \/>\nV\u1eadn t\u1ea3i: V\u1eadn chuy\u1ec3n container 20GP ho\u1eb7c 40GP<\/p>\n<p><strong>#Xu\u1ea5t kh\u1ea9u sang nhi\u1ec1u n\u01b0\u1edbc<\/strong><\/p>\n<p>S\u1ea3n ph\u1ea9m n\u00e0y \u0111\u01b0\u1ee3c xu\u1ea5t kh\u1ea9u sang Ch\u00e2u \u00c2u, Nga, \u0110\u00f4ng Nam \u00c1, B\u1eafc M\u1ef9, Nam M\u1ef9, Trung \u0110\u00f4ng, Ch\u00e2u Phi v\u00e0 c\u00e1c khu v\u1ef1c kh\u00e1c.<\/p>\n<p><strong>#Th\u00f4ng s\u1ed1 k\u1ef9 thu\u1eadt:<\/strong><\/p>\n<style>\n    .table-container {<br \/>        overflow-x: auto;<br \/>        margin: 0 auto;<br \/>    }<br \/>    table {<br \/>        width: 100%;<br \/>        border-collapse: collapse;<br \/>    }<br \/>    th, td {<br \/>        padding: 8px;<br \/>        border: 1px solid #ddd;<br \/>        text-align: left;<br \/>    }<br \/>    @media screen and (max-width: 600px) {<br \/>        table, thead, tbody, th, td, tr {<br \/>            display: block;<br \/>            width: 100%;<br \/>        }<br \/>        thead tr {<br \/>            display: none;<br \/>        }<br \/>        tr {<br \/>            margin-bottom: 15px;<br \/>        }<br \/>        td {<br \/>            text-align: right;<br \/>            padding-left: 50%;<br \/>            position: relative;<br \/>        }<br \/>        td:before {<br \/>            content: attr(data-label);<br \/>            position: absolute;<br \/>            left: 0;<br \/>            width: 50%;<br \/>            padding-left: 10px;<br \/>            font-weight: bold;<br \/>            text-align: left;<br \/>        }<br \/>    }<br \/><\/style>\n<div class=\"table-container\">\n<table>\n<thead>\n<tr>\n<th>Th\u00f4ng s\u1ed1 k\u1ef9 thu\u1eadt<\/th>\n<th>Ki\u1ec3u<\/th>\n<th>D19<\/th>\n<\/tr>\n<\/thead>\n<tbody>\n<tr>\n<td data-label=\"Specifications\">Tr\u1ecdng l\u01b0\u1ee3ng t\u00e1c \u0111\u1ed9ng (piston)<\/td>\n<td data-label=\"Type\">kg<\/td>\n<td data-label=\"D19\">1820<\/td>\n<\/tr>\n<tr>\n<td data-label=\"Specifications\">N\u0103ng l\u01b0\u1ee3ng m\u1ed7i \u0111\u00f2n<\/td>\n<td data-label=\"Type\">KNm<\/td>\n<td data-label=\"D19\">65.52~45.68<\/td>\n<\/tr>\n<tr>\n<td data-label=\"Specifications\">S\u1ed1 c\u00fa \u0111\u00e1nh<\/td>\n<td data-label=\"Type\">ph\u00fat-l<\/td>\n<td data-label=\"D19\">35~42<\/td>\n<\/tr>\n<tr>\n<td data-label=\"Specifications\">L\u1ef1c n\u1ed5 \u00e1p l\u1ef1c l\u00ean c\u1ecdc max.<\/td>\n<td data-label=\"Type\">KN<\/td>\n<td data-label=\"D19\">686<\/td>\n<\/tr>\n<tr>\n<td data-label=\"Specifications\">Th\u00edch h\u1ee3p \u0111\u1ec3 \u0111\u00f3ng c\u1ecdc l\u00ean \u0111\u1ebfn<\/td>\n<td data-label=\"Type\">Kg<\/td>\n<td data-label=\"D19\">6600<\/td>\n<\/tr>\n<tr>\n<td data-label=\"Specifications\">\u0110\u01b0\u1eddng k\u00ednh d\u00e2y cho ph\u00e9p \u0111\u1ed1i v\u1edbi puly l\u00e0m l\u1ec7ch h\u01b0\u1edbng c\u1ee7a thi\u1ebft b\u1ecb v\u1ea5p t\u1ed1i \u0111a.<\/td>\n<td data-label=\"Type\">mm<\/td>\n<td data-label=\"D19\">20<\/td>\n<\/tr>\n<tr>\n<td data-label=\"Specifications\">D\u1ea7u diesel<\/td>\n<td data-label=\"Type\">L\/gi\u1edd<\/td>\n<td data-label=\"D19\">7.5<\/td>\n<\/tr>\n<tr>\n<td data-label=\"Specifications\">ch\u1ea5t b\u00f4i tr\u01a1n<\/td>\n<td data-label=\"Type\">L\/gi\u1edd<\/td>\n<td data-label=\"D19\">0.6<\/td>\n<\/tr>\n<tr>\n<td data-label=\"Specifications\">Th\u00f9ng d\u1ea7u diesel<\/td>\n<td data-label=\"Type\">L<\/td>\n<td data-label=\"D19\">32<\/td>\n<\/tr>\n<tr>\n<td data-label=\"Specifications\">B\u1ec3 b\u00f4i tr\u01a1n<\/td>\n<td data-label=\"Type\">L<\/td>\n<td data-label=\"D19\">9<\/td>\n<\/tr>\n<tr>\n<td data-label=\"Specifications\">B\u00faa c\u1ecdc diesel x\u1ea5p x\u1ec9.<\/td>\n<td data-label=\"Type\">kg<\/td>\n<td data-label=\"D19\">3695<\/td>\n<\/tr>\n<tr>\n<td data-label=\"Specifications\">Thi\u1ebft b\u1ecb v\u1ea5p kho\u1ea3ng<\/td>\n<td data-label=\"Type\">kg<\/td>\n<td data-label=\"D19\">100<\/td>\n<\/tr>\n<tr>\n<td data-label=\"Specifications\">Gi\u00e1 \u0111\u1ee1\/gi\u00e1 \u0111\u1ee1 v\u1eadn chuy\u1ec3n kho\u1ea3ng.<\/td>\n<td data-label=\"Type\">kg<\/td>\n<td data-label=\"D19\">11<\/td>\n<\/tr>\n<tr>\n<td data-label=\"Specifications\">B\u1ea3o v\u1ec7 v\u1eadn chuy\u1ec3n kho\u1ea3ng.<\/td>\n<td data-label=\"Type\">kg<\/td>\n<td data-label=\"D19\">15<\/td>\n<\/tr>\n<tr>\n<td data-label=\"Specifications\">H\u1ed9p c\u00f4ng c\u1ee5 kho\u1ea3ng<\/td>\n<td data-label=\"Type\">kg<\/td>\n<td data-label=\"D19\">75<\/td>\n<\/tr>\n<tr>\n<td data-label=\"Specifications\">Chi\u1ec1u d\u00e0i b\u00faa \u0111\u00f3ng c\u1ecdc Diesel (a\/al)<\/td>\n<td data-label=\"Type\">mm<\/td>\n<td data-label=\"D19\">5158<\/td>\n<\/tr>\n<tr>\n<td data-label=\"Specifications\">\u0110\u01b0\u1eddng k\u00ednh ngo\u00e0i c\u1ee7a kh\u1ed1i va \u0111\u1eadp (b)<\/td>\n<td data-label=\"Type\">mm<\/td>\n<td data-label=\"D19\">440<\/td>\n<\/tr>\n<tr>\n<td data-label=\"Specifications\">K\u00edch th\u01b0\u1edbc t\u1ed5ng th\u1ec3 \u0111\u01b0\u1ee3c \u0111o qua v\u00edt b\u1eaft ch\u1eb7t c\u1ee7a h\u00e0m d\u1eabn h\u01b0\u1edbng (c)<\/td>\n<td data-label=\"Type\">mm<\/td>\n<td data-label=\"D19\">560<\/td>\n<\/tr>\n<tr>\n<td data-label=\"Specifications\">Chi\u1ec1u r\u1ed9ng b\u00faa \u0111\u00f3ng c\u1ecdc Diesel (d)<\/td>\n<td data-label=\"Type\">mm<\/td>\n<td data-label=\"D19\">485<\/td>\n<\/tr>\n<tr>\n<td data-label=\"Specifications\">Chi\u1ec1u r\u1ed9ng \u0111\u1ec3 k\u1ebft n\u1ed1i h\u00e0m d\u1eabn h\u01b0\u1edbng (e)<\/td>\n<td data-label=\"Type\">mm<\/td>\n<td data-label=\"D19\">320<\/td>\n<\/tr>\n<tr>\n<td data-label=\"Specifications\">T\u00e2m b\u00faa \u0111\u00f3ng c\u1ecdc Diesel t\u1edbi t\u1ea5m ch\u1eafn b\u01a1m (f)<\/td>\n<td data-label=\"Type\">mm<\/td>\n<td data-label=\"D19\">345<\/td>\n<\/tr>\n<tr>\n<td data-label=\"Specifications\">T\u00e2m b\u00faa \u0111\u00f3ng c\u1ecdc Diesel \u0111\u1ebfn t\u00e2m l\u1ed7 ren \u0111\u1ec3 b\u1eaft v\u00edt c\u1ee7a h\u00e0m d\u1eabn h\u01b0\u1edbng (g)<\/td>\n<td data-label=\"Type\">mm<\/td>\n<td data-label=\"D19\">280<\/td>\n<\/tr>\n<tr>\n<td data-label=\"Specifications\">\u0110\u1ed9 s\u00e2u b\u00faa \u0111\u00f3ng c\u1ecdc Diesel (h)<\/td>\n<td data-label=\"Type\">mm<\/td>\n<td data-label=\"D19\">665<\/td>\n<\/tr>\n<tr>\n<td data-label=\"Specifications\">Kho\u1ea3ng c\u00e1ch ti\u00eau chu\u1ea9n t\u1eeb t\u00e2m b\u00faa \u0111\u00f3ng c\u1ecdc Diesel \u0111\u1ebfn t\u00e2m ch\u00ec (H)<\/td>\n<td data-label=\"Type\">mm<\/td>\n<td data-label=\"D19\">440<\/td>\n<\/tr>\n<tr>\n<td data-label=\"Specifications\">Chi\u1ec1u r\u1ed9ng d\u00e2y d\u1eabn (L)<\/td>\n<td data-label=\"Type\">mm<\/td>\n<td data-label=\"D19\">330x(\u03a670)<\/td>\n<\/tr>\n<\/tbody>\n<\/table>\n<h2>D19-42 Diesel Hammer Packaging<\/h2>\n<p><img fetchpriority=\"high\" decoding=\"async\" class=\"size-full wp-image-11326\" src=\"https:\/\/www.juweihammer.com\/wp-content\/uploads\/2024\/09\/D-tubular-diesel-hammer-packaging.webp\" alt=\"D tubular diesel hammer packaging\" width=\"975\" height=\"696\" srcset=\"https:\/\/www.juweihammer.com\/wp-content\/uploads\/2024\/09\/D-tubular-diesel-hammer-packaging.webp 975w, https:\/\/www.juweihammer.com\/wp-content\/uploads\/2024\/09\/D-tubular-diesel-hammer-packaging-768x548.webp 768w, https:\/\/www.juweihammer.com\/wp-content\/uploads\/2024\/09\/D-tubular-diesel-hammer-packaging-18x12.webp 18w, https:\/\/www.juweihammer.com\/wp-content\/uploads\/2024\/09\/D-tubular-diesel-hammer-packaging-600x428.webp 600w\" sizes=\"(max-width: 975px) 100vw, 975px\" \/><\/p>\n<\/div>","protected":false},"excerpt":{"rendered":"<p>M\u00e1y \u0111\u00f3ng c\u1ecdc diesel d\u00f2ng D hi\u1ec7n l\u00e0 thi\u1ebft b\u1ecb thi c\u00f4ng m\u00f3ng \u0111\u00f3ng c\u1ecdc \u0111\u01b0\u1ee3c s\u1eed d\u1ee5ng r\u1ed9ng r\u00e3i nh\u1ea5t<\/p>\n<ul>\n<li>Tr\u1ecdng l\u01b0\u1ee3ng va \u0111\u1eadp (Piston): 1,82 t\u1ea5n<\/li>\n<li>N\u0103ng l\u01b0\u1ee3ng Impac: 65,52~45,68 Kj<\/li>\n<li>Ti\u00eau th\u1ee5 nhi\u00ean li\u1ec7u th\u1ea5p<\/li>\n<li><span data-slate-fragment=\"JTVCJTdCJTIydHlwZSUyMiUzQSUyMnBhcmFncmFwaCUyMiUyQyUyMmNoaWxkcmVuJTIyJTNBJTVCJTdCJTIyaWQlMjIlM0ElMjJlM29YZGRuUVllJTIyJTJDJTIycGFyYUlkeCUyMiUzQTAlMkMlMjJzcmMlMjIlM0ElMjJIaWdoJTIwU3RyaWtlJTIwV2ZmaWNpZW5jeSUyMiUyQyUyMmRzdCUyMiUzQSUyMiVFOSVBQiU5OCVFNiU4OSU5MyVFNSU4NyVCQiVFNiU5NSU4OCVFNyU4RSU4NyUyMiUyQyUyMm1ldGFkYXRhJTIyJTNBJTIyJTIyJTJDJTIybWV0YURhdGElMjIlM0ElNUIlNUQlMkMlMjJ0ZXh0JTIyJTNBJTIySGlnaCUyMFN0cmlrZSUyMFdmZmljaWVuY3klMjIlN0QlNUQlN0QlNUQ=\">Hi\u1ec7u qu\u1ea3 t\u1ea5n c\u00f4ng cao<\/span><\/li>\n<li>Tu\u1ed5i th\u1ecd d\u00e0i<\/li>\n<\/ul>","protected":false},"featured_media":2334,"template":"","meta":{"_seopress_robots_primary_cat":"none","_seopress_titles_title":"China D19 Diesel Pile Hammer Supplier & Manufacturer","_seopress_titles_desc":"D19 tubular diesel pile hammer is widely used pile driving foundation construction equipment. Impact Weight (Piston): 1.82 tons. Get Quotes!","_seopress_robots_index":"","site-sidebar-layout":"default","site-content-layout":"","ast-site-content-layout":"default","site-content-style":"default","site-sidebar-style":"default","ast-global-header-display":"","ast-banner-title-visibility":"","ast-main-header-display":"","ast-hfb-above-header-display":"","ast-hfb-below-header-display":"","ast-hfb-mobile-header-display":"","site-post-title":"","ast-breadcrumbs-content":"","ast-featured-img":"","footer-sml-layout":"","theme-transparent-header-meta":"default","adv-header-id-meta":"","stick-header-meta":"","header-above-stick-meta":"","header-main-stick-meta":"","header-below-stick-meta":"","astra-migrate-meta-layouts":"set","ast-page-background-enabled":"default","ast-page-background-meta":{"desktop":{"background-color":"var(--ast-global-color-4)","background-image":"","background-repeat":"repeat","background-position":"center center","background-size":"auto","background-attachment":"scroll","background-type":"","background-media":"","overlay-type":"","overlay-color":"","overlay-opacity":"","overlay-gradient":""},"tablet":{"background-color":"","background-image":"","background-repeat":"repeat","background-position":"center center","background-size":"auto","background-attachment":"scroll","background-type":"","background-media":"","overlay-type":"","overlay-color":"","overlay-opacity":"","overlay-gradient":""},"mobile":{"background-color":"","background-image":"","background-repeat":"repeat","background-position":"center center","background-size":"auto","background-attachment":"scroll","background-type":"","background-media":"","overlay-type":"","overlay-color":"","overlay-opacity":"","overlay-gradient":""}},"ast-content-background-meta":{"desktop":{"background-color":"var(--ast-global-color-5)","background-image":"","background-repeat":"repeat","background-position":"center center","background-size":"auto","background-attachment":"scroll","background-type":"","background-media":"","overlay-type":"","overlay-color":"","overlay-opacity":"","overlay-gradient":""},"tablet":{"background-color":"var(--ast-global-color-5)","background-image":"","background-repeat":"repeat","background-position":"center center","background-size":"auto","background-attachment":"scroll","background-type":"","background-media":"","overlay-type":"","overlay-color":"","overlay-opacity":"","overlay-gradient":""},"mobile":{"background-color":"var(--ast-global-color-5)","background-image":"","background-repeat":"repeat","background-position":"center center","background-size":"auto","background-attachment":"scroll","background-type":"","background-media":"","overlay-type":"","overlay-color":"","overlay-opacity":"","overlay-gradient":""}}},"product_brand":[],"product_cat":[21],"product_tag":[],"class_list":{"0":"post-2333","1":"product","2":"type-product","3":"status-publish","4":"has-post-thumbnail","6":"product_cat-d-diesel-hammer","7":"desktop-align-left","8":"tablet-align-left","9":"mobile-align-left","11":"first","12":"instock","13":"shipping-taxable","14":"product-type-simple"},"_links":{"self":[{"href":"https:\/\/www.juweihammer.com\/vi\/wp-json\/wp\/v2\/product\/2333","targetHints":{"allow":["GET"]}}],"collection":[{"href":"https:\/\/www.juweihammer.com\/vi\/wp-json\/wp\/v2\/product"}],"about":[{"href":"https:\/\/www.juweihammer.com\/vi\/wp-json\/wp\/v2\/types\/product"}],"version-history":[{"count":2,"href":"https:\/\/www.juweihammer.com\/vi\/wp-json\/wp\/v2\/product\/2333\/revisions"}],"predecessor-version":[{"id":11348,"href":"https:\/\/www.juweihammer.com\/vi\/wp-json\/wp\/v2\/product\/2333\/revisions\/11348"}],"wp:featuredmedia":[{"embeddable":true,"href":"https:\/\/www.juweihammer.com\/vi\/wp-json\/wp\/v2\/media\/2334"}],"wp:attachment":[{"href":"https:\/\/www.juweihammer.com\/vi\/wp-json\/wp\/v2\/media?parent=2333"}],"wp:term":[{"taxonomy":"product_brand","embeddable":true,"href":"https:\/\/www.juweihammer.com\/vi\/wp-json\/wp\/v2\/product_brand?post=2333"},{"taxonomy":"product_cat","embeddable":true,"href":"https:\/\/www.juweihammer.com\/vi\/wp-json\/wp\/v2\/product_cat?post=2333"},{"taxonomy":"product_tag","embeddable":true,"href":"https:\/\/www.juweihammer.com\/vi\/wp-json\/wp\/v2\/product_tag?post=2333"}],"curies":[{"name":"wp","href":"https:\/\/api.w.org\/{rel}","templated":true}]}}