{"id":2646,"date":"2024-07-26T05:46:47","date_gmt":"2024-07-26T05:46:47","guid":{"rendered":"https:\/\/www.juweihammer.com\/?post_type=product&#038;p=2646"},"modified":"2024-08-01T06:29:29","modified_gmt":"2024-08-01T06:29:29","slug":"4ton-hydraulic-pile-driving-hammer-china-supplier","status":"publish","type":"product","link":"https:\/\/www.juweihammer.com\/tr\/urun\/4ton-hydraulic-pile-driving-hammer-china-supplier\/","title":{"rendered":"4ton Hidrolik Kaz\u0131k \u00c7akma \u00c7ekici | \u00c7in Tedarik\u00e7isi"},"content":{"rendered":"<p><span data-slate-fragment=\"JTVCJTdCJTIydHlwZSUyMiUzQSUyMnBhcmFncmFwaCUyMiUyQyUyMmNoaWxkcmVuJTIyJTNBJTVCJTdCJTIyaWQlMjIlM0ElMjJCWnlwQWdqNVF6JTIyJTJDJTIycGFyYUlkeCUyMiUzQTAlMkMlMjJzcmMlMjIlM0ElMjJKdXdlaSUyMGlzJTIwdGhlJTIwdG9wJTIwMSUyMG1hbnVmYWN0dXJlcnMlMjBhbmQlMjBzdXBwbGllcnMlMjBvZiUyMEREJTIwcmFpbCUyMGhhbW1lcnMlMjBpbiUyMENoaW5hJTIyJTJDJTIyZHN0JTIyJTNBJTIyJUU1JUI3JUE4JUU1JUE4JTgxJUU2JTk4JUFGJUU0JUI4JUFEJUU1JTlCJUJEREQlRTklOTIlQTIlRTglQkQlQTglRTklOTQlQTQlRTclOUElODQlRTclQUMlQUMlRTQlQjglODAlRTUlQTQlQTclRTUlODglQjYlRTklODAlQTAlRTUlOTUlODYlRTUlOTIlOEMlRTQlQkUlOUIlRTUlQkElOTQlRTUlOTUlODYlMjIlMkMlMjJtZXRhZGF0YSUyMiUzQSUyMiUyMiUyQyUyMm1ldGFEYXRhJTIyJTNBJTVCJTVEJTJDJTIydGV4dCUyMiUzQSUyMkp1d2VpJTIwaXMlMjB0aGUlMjB0b3AlMjAxJTIwbWFudWZhY3R1cmVycyUyMGFuZCUyMHN1cHBsaWVycyUyMG9mJTIwREQlMjByYWlsJTIwaGFtbWVycyUyMGluJTIwQ2hpbmElMjIlN0QlNUQlN0QlNUQ=\">Juwei, d\u00fcnyan\u0131n en iyi 10 hidrolik darbeli \u00e7eki\u00e7 \u00fcreticisi ve tedarik\u00e7isinden biridir. <\/span>Juwei'nin kaz\u0131k \u00e7akma ekipman\u0131 tasar\u0131m, \u00fcretim ve uygulamada 30 y\u0131l\u0131 a\u015fk\u0131n deneyime sahiptir. <span style=\"color: #0000ff;\"><strong>Daha fazlas\u0131n\u0131 \u00f6\u011frenmek i\u00e7in \"Fabrika\" butonuna t\u0131klay\u0131n!<\/strong><\/span><\/p>\n<p><strong><b>#<\/b><\/strong><strong><b>Enerji tasarrufu ve \u00e7evre koruma<\/b><\/strong><\/p>\n<p>Juwei HI serisi hidrolik darbeli k\u0131r\u0131c\u0131, darbe kuvvetinin ve frekans\u0131n\u0131n hassas bir \u015fekilde kontrol edilmesini sa\u011flayan hidrolik bir sistemle \u00e7al\u0131\u015f\u0131r. Geleneksel dizel \u00e7eki\u00e7lerle kar\u015f\u0131la\u015ft\u0131r\u0131ld\u0131\u011f\u0131nda, d\u00fc\u015f\u00fck g\u00fcr\u00fclt\u00fc, d\u00fc\u015f\u00fck kirlilik ve daha y\u00fcksek enerji d\u00f6n\u00fc\u015f\u00fcm verimlili\u011fine sahiptir.<\/p>\n<p>G\u00fc\u00e7 kabini, m\u00fckemmel ekonomik fizibilite, g\u00fcvenilirlik ve genel performans sa\u011flayan \u00e7oklu motorlar taraf\u0131ndan tahrik edilir.<\/p>\n<p><strong># <\/strong><strong><b>Sistem G\u00fcvenilirli\u011fi<\/b><\/strong><\/p>\n<p>Sistem, titre\u015fim azaltma, darbe direnci ve dayan\u0131kl\u0131l\u0131k a\u00e7\u0131s\u0131ndan iyi performans g\u00f6steren ve y\u00fcksek g\u00fcvenilirlik sa\u011flayan hidrolik pompalar, valfler ve silindirlerde y\u00fcksek kaliteli bile\u015fenlerle donat\u0131lm\u0131\u015ft\u0131r.<\/p>\n<p>\u00c7eki\u00e7 \u00e7ekirdek malzemesi ve \u0131s\u0131l i\u015flem, s\u0131cakl\u0131k direncini, a\u015f\u0131nma direncini, titre\u015fim emilimini ve darbe direncini optimize etmek i\u00e7in \u00f6zenle se\u00e7ilmi\u015ftir. Y\u00fcksek ve d\u00fc\u015f\u00fck bas\u0131n\u00e7l\u0131 ak\u00fcm\u00fclat\u00f6r, g\u00fcvenilirli\u011fi art\u0131ran kompakt bir piston tasar\u0131m\u0131na sahiptir.<\/p>\n<p><strong>#<\/strong><strong><b>Geni\u015f uygulama aral\u0131\u011f\u0131<\/b><\/strong><\/p>\n<p>\u00c7e\u015fitli kaz\u0131k \u015fekillerine ve malzemelerine uyum sa\u011flayabilen, kolayca de\u011fi\u015ftirilebilen kompozit kaz\u0131k ba\u015fl\u0131klar\u0131na sahiptir. \u00c7ekicin darbe kuvveti ve frekans\u0131, jeolojik ko\u015fullara ve kaz\u0131k malzemesinin mukavemetine g\u00f6re ayarlanabilir ve kontrol edilebilir.<\/p>\n<p>Hidrolik kaz\u0131k \u00e7ak\u0131c\u0131lar, hem kara hem de deniz ortamlar\u0131nda \u00e7elik veya beton kaz\u0131klar\u0131n montaj\u0131 i\u00e7in ekonomik ve \u00e7evre dostu bir \u00e7\u00f6z\u00fcm sa\u011flar. Kaz\u0131k \u00e7ak\u0131c\u0131lar, vin\u00e7 s\u00fcspansiyonlar\u0131, paletli vin\u00e7ler ve mavnalar \u00fczerinde \u00e7al\u0131\u015ft\u0131r\u0131labilir.<\/p>\n<ul>\n<li>A\u00e7\u0131k deniz projeleri, r\u00fczgar enerjisi tesisleri, petrol ve gaz platformlar\u0131, liman ve r\u0131ht\u0131m in\u015faat\u0131 ve a\u00e7\u0131k deniz k\u00f6pr\u00fcleri i\u00e7in \u00e7ok uygundur.<\/li>\n<li>\u00c7e\u015fitli bina temelleri, ah\u015fap m\u00fchendisli\u011fi batardolar\u0131n\u0131n yan\u0131 s\u0131ra enerji ve su ar\u0131tma tesisleri gibi kamu tesisleri i\u00e7in uygundur.<\/li>\n<\/ul>\n<p><span style=\"color: #0000ff;\"><strong>Daha fazlas\u0131n\u0131 \u00f6\u011frenmek i\u00e7in \"Proje\" butonuna t\u0131klay\u0131n!<\/strong><\/span><\/p>\n<p><strong>1TP5Kaz\u0131k tipleri<\/strong><\/p>\n<p>Juwei hidrolik darbeli \u00e7eki\u00e7, prekast beton kaz\u0131klar, H-kiri\u015fler, yuvarlak kaz\u0131klar, \u00e7elik boru kaz\u0131klar, kare kaz\u0131klar, ah\u015fap kaz\u0131klar vb. dahil olmak \u00fczere \u00e7e\u015fitli kaz\u0131k t\u00fcrlerini \u00e7akabilir<\/p>\n<p><strong>1TP5\u00d6zel \u00c7\u00f6z\u00fcmler:<\/strong><\/p>\n<p>M\u00fchendislik ekibimiz, proje durumunuza g\u00f6re \u00e7\u00f6z\u00fcmleri \u00f6zelle\u015ftirebilir. Kaz\u0131klar\u0131n farkl\u0131 tipleri, boyutlar\u0131 ve zemin ko\u015fullar\u0131 nedeniyle, \u00e7eki\u00e7lerin gerekli ta\u015f\u0131ma kapasitesi de de\u011fi\u015febilir. Bir zemin adres raporu, kaz\u0131k tipi ve kaz\u0131k \u00e7akma ekipman\u0131 sa\u011flayabilirsiniz. Tasar\u0131mla uyumlu \u00e7eki\u00e7ler sa\u011fl\u0131yoruz.<\/p>\n<p><strong>1TP5Paketleme ve Nakliye<\/strong>:<\/p>\n<p>Paketleme: Paketleme i\u00e7in ihracat standard\u0131 \u00e7elik ta\u015f\u0131ma ara\u00e7lar\u0131n\u0131n kullan\u0131lmas\u0131<br \/>\nNakliye: 20GP veya 40GP konteyner ta\u015f\u0131mac\u0131l\u0131\u011f\u0131<\/p>\n<p><strong>#eknik \u00d6zellikler:<\/strong><\/p>\n<div style=\"overflow-x: auto;\">\n<table style=\"border-collapse: collapse; width: 100%;\" border=\"1\" cellspacing=\"0\" cellpadding=\"0\">\n<tbody>\n<tr style=\"height: 20.00pt;\">\n<td style=\"width: 40%;\" align=\"center\"><strong>Teknik \u00d6zellikler<\/strong><\/td>\n<td style=\"width: 30%;\" align=\"center\"><strong>Tip<\/strong><\/td>\n<td style=\"width: 30%;\" align=\"center\"><strong>HI-80<\/strong><\/td>\n<\/tr>\n<tr style=\"height: 20.00pt;\">\n<td style=\"width: 40%;\" align=\"center\">G\u00fc\u00e7 Paketi Modeli (iste\u011fe ba\u011fl\u0131)<\/td>\n<td style=\"width: 30%;\" align=\"center\"><\/td>\n<td style=\"width: 30%;\" align=\"center\">180P<\/td>\n<\/tr>\n<tr style=\"height: 20.00pt;\">\n<td style=\"width: 40%;\" align=\"center\">G\u00fc\u00e7 Paketi Modeli (Dizel)<\/td>\n<td style=\"width: 30%;\" align=\"center\"><\/td>\n<td style=\"width: 30%;\" align=\"center\">CUMMINS-C180<\/td>\n<\/tr>\n<tr style=\"height: 20.00pt;\">\n<td style=\"width: 40%;\" align=\"center\">G\u00fc\u00e7 Paketi Modeli (motor)<\/td>\n<td style=\"width: 30%;\" align=\"center\"><\/td>\n<td style=\"width: 30%;\" align=\"center\">100EP<\/td>\n<\/tr>\n<tr style=\"height: 20.00pt;\">\n<td style=\"width: 40%;\" align=\"center\">Motor g\u00fcc\u00fc<\/td>\n<td style=\"width: 30%;\" align=\"center\">KW<\/td>\n<td style=\"width: 30%;\" align=\"center\">75<\/td>\n<\/tr>\n<tr style=\"height: 20.00pt;\">\n<td style=\"width: 40%;\" align=\"center\">Maksimum Strok Enerjisi<\/td>\n<td style=\"width: 30%;\" align=\"center\">kN.m<\/td>\n<td style=\"width: 30%;\" align=\"center\">80<\/td>\n<\/tr>\n<tr style=\"height: 24.00pt;\">\n<td style=\"width: 40%;\" align=\"center\">Maksimum Strok<\/td>\n<td style=\"width: 30%;\" align=\"center\">mm<\/td>\n<td style=\"width: 30%;\" align=\"center\">1600<\/td>\n<\/tr>\n<tr style=\"height: 20.00pt;\">\n<td style=\"width: 40%;\" align=\"center\">Frekans (Min\/Maks)<\/td>\n<td style=\"width: 30%;\" align=\"center\">bpm<\/td>\n<td style=\"width: 30%;\" align=\"center\">36\/80<\/td>\n<\/tr>\n<tr style=\"height: 20.00pt;\">\n<td style=\"width: 40%;\" align=\"center\">Ko\u00e7 A\u011f\u0131rl\u0131\u011f\u0131<\/td>\n<td style=\"width: 30%;\" align=\"center\">kg<\/td>\n<td style=\"width: 30%;\" align=\"center\">4000<\/td>\n<\/tr>\n<tr style=\"height: 20.00pt;\">\n<td style=\"width: 40%;\" align=\"center\">Toplam a\u011f\u0131rl\u0131k (kapak hari\u00e7)<\/td>\n<td style=\"width: 30%;\" align=\"center\">kg<\/td>\n<td style=\"width: 30%;\" align=\"center\">7790<\/td>\n<\/tr>\n<tr style=\"height: 24.00pt;\">\n<td style=\"width: 40%;\" align=\"center\">Toplam Y\u00fckseklik (kapak hari\u00e7)<\/td>\n<td style=\"width: 30%;\" align=\"center\">mm<\/td>\n<td style=\"width: 30%;\" align=\"center\">4850<\/td>\n<\/tr>\n<tr style=\"height: 20.00pt;\">\n<td style=\"width: 100%; border-right: 1.0pt solid #000000;\" colspan=\"3\" align=\"center\"><strong>G\u00fc\u00e7 Paketi Modeli (motor): 100EP<\/strong><\/td>\n<\/tr>\n<tr style=\"height: 27.00pt;\">\n<td style=\"width: 40%;\" align=\"center\">Motor G\u00fcc\u00fc<\/td>\n<td style=\"width: 30%;\" align=\"center\">kw<\/td>\n<td style=\"width: 30%;\" align=\"center\">75<\/td>\n<\/tr>\n<tr style=\"height: 20.00pt;\">\n<td style=\"width: 40%;\" align=\"center\">Nominal Bas\u0131n\u00e7<\/td>\n<td style=\"width: 30%;\" align=\"center\">Mpa<\/td>\n<td style=\"width: 30%;\" align=\"center\">26<\/td>\n<\/tr>\n<tr style=\"height: 15.75pt;\">\n<td style=\"width: 40%;\" align=\"center\">Maksimum Ak\u0131\u015f<\/td>\n<td style=\"width: 30%;\" align=\"center\">L\/dak<\/td>\n<td style=\"width: 30%;\" align=\"center\">200<\/td>\n<\/tr>\n<tr style=\"height: 15.75pt;\">\n<td style=\"width: 40%;\" align=\"center\">Hidrolik ya\u011f tank\u0131<\/td>\n<td style=\"width: 30%;\" align=\"center\">L<\/td>\n<td style=\"width: 30%;\" align=\"center\">900<\/td>\n<\/tr>\n<tr style=\"height: 15.75pt;\">\n<td style=\"width: 40%;\" align=\"center\">Net A\u011f\u0131rl\u0131k<\/td>\n<td style=\"width: 30%;\" align=\"center\">kg<\/td>\n<td style=\"width: 30%;\" align=\"center\">3050<\/td>\n<\/tr>\n<\/tbody>\n<\/table>\n<\/div>","protected":false},"excerpt":{"rendered":"<p>Juwei HI serisi hidrolik darbeli kaz\u0131k \u00e7eki\u00e7, \u00e7eki\u00e7 \u00e7ekirde\u011fini hidrolik enerji ile kald\u0131rabilen ve daha sonra kaz\u0131k ucuna vurmak i\u00e7in yer\u00e7ekimi potansiyel enerjisini kullanabilen basit bir yap\u0131ya sahiptir.<\/p>\n<ul>\n<li>Model HI-80<\/li>\n<li>Ko\u00e7 A\u011f\u0131rl\u0131\u011f\u0131: 4 ton<\/li>\n<li>Maks. Enerji: 80 kj<\/li>\n<li><span data-slate-fragment=\"JTVCJTdCJTIydHlwZSUyMiUzQSUyMnBhcmFncmFwaCUyMiUyQyUyMmNoaWxkcmVuJTIyJTNBJTVCJTdCJTIyaWQlMjIlM0ElMjJ6ZzEzeDNNMkFlJTIyJTJDJTIycGFyYUlkeCUyMiUzQTMlMkMlMjJzcmMlMjIlM0ElMjI0LiUyMENvbnZlbmllbnQlMjBNYWludGVuYW5jZSUyMiUyQyUyMmRzdCUyMiUzQSUyMjQuJUU3JUJCJUI0JUU2JThBJUE0JUU2JTk2JUI5JUU0JUJFJUJGJTIyJTJDJTIybWV0YWRhdGElMjIlM0ElMjIlMjIlMkMlMjJtZXRhRGF0YSUyMiUzQSU1QiU1RCUyQyUyMnRleHQlMjIlM0ElMjJDb252ZW5pZW50JTIwTWFpbnRlbmFuY2UlMjIlN0QlNUQlN0QlNUQ=\">Y\u00fcksek Etkili Enerji<\/span><\/li>\n<li>Do\u011fru kontrol<\/li>\n<li>Verimlilik \u0130yile\u015ftirme<\/li>\n<li>Sat\u0131\u015f Sonras\u0131 Hizmetler Sa\u011flay\u0131n.<\/li>\n<\/ul>","protected":false},"featured_media":2621,"template":"","meta":{"_seopress_robots_primary_cat":"none","_seopress_titles_title":"4ton Hydraulic Pile Driving Hammer - China Supplier","_seopress_titles_desc":"4ton hydraulic pile driving hammer compared with traditional diesel hammers, it has low noise and pollution, higher energy conversion efficiency. Get Quote!","_seopress_robots_index":"","site-sidebar-layout":"default","site-content-layout":"","ast-site-content-layout":"","site-content-style":"default","site-sidebar-style":"default","ast-global-header-display":"","ast-banner-title-visibility":"","ast-main-header-display":"","ast-hfb-above-header-display":"","ast-hfb-below-header-display":"","ast-hfb-mobile-header-display":"","site-post-title":"","ast-breadcrumbs-content":"","ast-featured-img":"","footer-sml-layout":"","theme-transparent-header-meta":"","adv-header-id-meta":"","stick-header-meta":"","header-above-stick-meta":"","header-main-stick-meta":"","header-below-stick-meta":"","astra-migrate-meta-layouts":"default","ast-page-background-enabled":"default","ast-page-background-meta":{"desktop":{"background-color":"var(--ast-global-color-4)","background-image":"","background-repeat":"repeat","background-position":"center center","background-size":"auto","background-attachment":"scroll","background-type":"","background-media":"","overlay-type":"","overlay-color":"","overlay-opacity":"","overlay-gradient":""},"tablet":{"background-color":"","background-image":"","background-repeat":"repeat","background-position":"center center","background-size":"auto","background-attachment":"scroll","background-type":"","background-media":"","overlay-type":"","overlay-color":"","overlay-opacity":"","overlay-gradient":""},"mobile":{"background-color":"","background-image":"","background-repeat":"repeat","background-position":"center center","background-size":"auto","background-attachment":"scroll","background-type":"","background-media":"","overlay-type":"","overlay-color":"","overlay-opacity":"","overlay-gradient":""}},"ast-content-background-meta":{"desktop":{"background-color":"var(--ast-global-color-5)","background-image":"","background-repeat":"repeat","background-position":"center center","background-size":"auto","background-attachment":"scroll","background-type":"","background-media":"","overlay-type":"","overlay-color":"","overlay-opacity":"","overlay-gradient":""},"tablet":{"background-color":"var(--ast-global-color-5)","background-image":"","background-repeat":"repeat","background-position":"center center","background-size":"auto","background-attachment":"scroll","background-type":"","background-media":"","overlay-type":"","overlay-color":"","overlay-opacity":"","overlay-gradient":""},"mobile":{"background-color":"var(--ast-global-color-5)","background-image":"","background-repeat":"repeat","background-position":"center center","background-size":"auto","background-attachment":"scroll","background-type":"","background-media":"","overlay-type":"","overlay-color":"","overlay-opacity":"","overlay-gradient":""}}},"product_brand":[],"product_cat":[23],"product_tag":[],"class_list":{"0":"post-2646","1":"product","2":"type-product","3":"status-publish","4":"has-post-thumbnail","6":"product_cat-pile-hydraulic-impact-hammers","7":"desktop-align-left","8":"tablet-align-left","9":"mobile-align-left","11":"first","12":"instock","13":"shipping-taxable","14":"product-type-simple"},"_links":{"self":[{"href":"https:\/\/www.juweihammer.com\/tr\/wp-json\/wp\/v2\/product\/2646","targetHints":{"allow":["GET"]}}],"collection":[{"href":"https:\/\/www.juweihammer.com\/tr\/wp-json\/wp\/v2\/product"}],"about":[{"href":"https:\/\/www.juweihammer.com\/tr\/wp-json\/wp\/v2\/types\/product"}],"version-history":[{"count":1,"href":"https:\/\/www.juweihammer.com\/tr\/wp-json\/wp\/v2\/product\/2646\/revisions"}],"predecessor-version":[{"id":3077,"href":"https:\/\/www.juweihammer.com\/tr\/wp-json\/wp\/v2\/product\/2646\/revisions\/3077"}],"wp:featuredmedia":[{"embeddable":true,"href":"https:\/\/www.juweihammer.com\/tr\/wp-json\/wp\/v2\/media\/2621"}],"wp:attachment":[{"href":"https:\/\/www.juweihammer.com\/tr\/wp-json\/wp\/v2\/media?parent=2646"}],"wp:term":[{"taxonomy":"product_brand","embeddable":true,"href":"https:\/\/www.juweihammer.com\/tr\/wp-json\/wp\/v2\/product_brand?post=2646"},{"taxonomy":"product_cat","embeddable":true,"href":"https:\/\/www.juweihammer.com\/tr\/wp-json\/wp\/v2\/product_cat?post=2646"},{"taxonomy":"product_tag","embeddable":true,"href":"https:\/\/www.juweihammer.com\/tr\/wp-json\/wp\/v2\/product_tag?post=2646"}],"curies":[{"name":"wp","href":"https:\/\/api.w.org\/{rel}","templated":true}]}}