{"id":2577,"date":"2024-07-24T06:19:58","date_gmt":"2024-07-24T06:19:58","guid":{"rendered":"https:\/\/www.juweihammer.com\/?post_type=product&#038;p=2577"},"modified":"2024-11-08T02:43:11","modified_gmt":"2024-11-08T02:43:11","slug":"dd65-6-5ton-diesel-piling-hammer-manufacturer-guide-rod","status":"publish","type":"product","link":"https:\/\/www.juweihammer.com\/tr\/urun\/dd65-6-5ton-diesel-piling-hammer-manufacturer-guide-rod\/","title":{"rendered":"DD65 6.5ton Dizel Kaz\u0131k \u00c7eki\u00e7 \u00dcreticisi | K\u0131lavuz \u00c7ubuk"},"content":{"rendered":"<p><span data-slate-fragment=\"JTVCJTdCJTIydHlwZSUyMiUzQSUyMnBhcmFncmFwaCUyMiUyQyUyMmNoaWxkcmVuJTIyJTNBJTVCJTdCJTIyaWQlMjIlM0ElMjJCWnlwQWdqNVF6JTIyJTJDJTIycGFyYUlkeCUyMiUzQTAlMkMlMjJzcmMlMjIlM0ElMjJKdXdlaSUyMGlzJTIwdGhlJTIwdG9wJTIwMSUyMG1hbnVmYWN0dXJlcnMlMjBhbmQlMjBzdXBwbGllcnMlMjBvZiUyMEREJTIwcmFpbCUyMGhhbW1lcnMlMjBpbiUyMENoaW5hJTIyJTJDJTIyZHN0JTIyJTNBJTIyJUU1JUI3JUE4JUU1JUE4JTgxJUU2JTk4JUFGJUU0JUI4JUFEJUU1JTlCJUJEREQlRTklOTIlQTIlRTglQkQlQTglRTklOTQlQTQlRTclOUElODQlRTclQUMlQUMlRTQlQjglODAlRTUlQTQlQTclRTUlODglQjYlRTklODAlQTAlRTUlOTUlODYlRTUlOTIlOEMlRTQlQkUlOUIlRTUlQkElOTQlRTUlOTUlODYlMjIlMkMlMjJtZXRhZGF0YSUyMiUzQSUyMiUyMiUyQyUyMm1ldGFEYXRhJTIyJTNBJTVCJTVEJTJDJTIydGV4dCUyMiUzQSUyMkp1d2VpJTIwaXMlMjB0aGUlMjB0b3AlMjAxJTIwbWFudWZhY3R1cmVycyUyMGFuZCUyMHN1cHBsaWVycyUyMG9mJTIwREQlMjByYWlsJTIwaGFtbWVycyUyMGluJTIwQ2hpbmElMjIlN0QlNUQlN0QlNUQ=\">Juwei, \u00c7in'deki DD k\u0131lavuz \u00e7ubuk dizel kaz\u0131k \u00e7eki\u00e7lerinin en iyi 1 \u00fcreticisi ve tedarik\u00e7isidir. <\/span>Juwei'nin DD serisi dizel kaz\u0131k \u00e7akma \u00e7ekici, tasar\u0131m, \u00fcretim ve uygulamada 30 y\u0131l\u0131 a\u015fk\u0131n deneyime sahiptir. <span style=\"color: #0000ff;\"><strong>Daha fazlas\u0131n\u0131 \u00f6\u011frenmek i\u00e7in \"Fabrika\" butonuna t\u0131klay\u0131n!<\/strong><\/span><\/p>\n<p><strong>D k\u0131lavuz \u00e7ubuklu dizel \u00e7eki\u00e7 hafif, orta ve a\u011f\u0131r tiplere ayr\u0131labilir.<\/strong><\/p>\n<p><strong><b># I\u015f\u0131k Modeli<\/b><\/strong><\/p>\n<p>Model \u015funlar\u0131 i\u00e7erir: DD4, DD6, DD12, DD18, DD25, DD30<\/p>\n<p>Hafif k\u0131lavuz \u00e7ubuk tipi dizel \u00e7eki\u00e7, betonarme, metal kaz\u0131k, ah\u015fap kaz\u0131k ve sac kaz\u0131klar\u0131 yer alt\u0131na \u00e7akmak i\u00e7in tasarlanm\u0131\u015ft\u0131r. Bu \u00e7ok i\u015flevli cihaz, a\u015fa\u011f\u0131dakiler de dahil olmak \u00fczere \u00e7e\u015fitli bina uygulamalar\u0131nda \u00e7ok \u00f6nemlidir:<\/p>\n<ul>\n<li>Elektrik Enerjisi M\u00fchendisli\u011fi Projeleri<\/li>\n<li>Petrol ve Gaz End\u00fcstrisi Vakf\u0131<\/li>\n<li>End\u00fcstriyel ve sivil binalar i\u00e7in temel ve platform in\u015faat\u0131<\/li>\n<\/ul>\n<p>Bu kaz\u0131k \u00e7akma ekipman\u0131 genellikle paletli ve tekerlekli makinelere monte edilir. Paletli vin\u00e7lerin ve ekskavat\u00f6rlerin modernizasyonu, verimli \u00e7al\u0131\u015fma elde etmek i\u00e7in kaz\u0131klar\u0131n montaj\u0131n\u0131 i\u00e7erir.<\/p>\n<p>Bu hafif kaz\u0131k \u00e7akma ekipman\u0131n\u0131n temel \u00f6zellikleri aras\u0131nda muazzam darbe kuvveti ve dayan\u0131kl\u0131 piston segmanlar\u0131 bulunmaktad\u0131r. Bu \u00e7eki\u00e7 Rusya, Endonezya, Filipinler, Afrika ve G\u00fcneydo\u011fu Asya gibi b\u00f6lgelere yayg\u0131n olarak ihra\u00e7 edilmektedir ve g\u00fcvenilirli\u011fi ve performans\u0131 kabul g\u00f6rm\u00fc\u015ft\u00fcr.<\/p>\n<p><strong># Orta Model<\/strong><\/p>\n<p>Model \u015funlar\u0131 i\u00e7erir: DD35, DD45, DD55, DD65, DD75, DD85, DD105<\/p>\n<p>Orta k\u0131lavuz \u00e7ubuklu kaz\u0131k \u00e7ak\u0131c\u0131, betonarme kaz\u0131klar, \u00e7elik kaz\u0131klar, sac kaz\u0131klar, H-kiri\u015fler, yuvarlak kaz\u0131klar, kare kaz\u0131klar ve ah\u015fap kaz\u0131klar dahil olmak \u00fczere \u00e7e\u015fitli kaz\u0131k t\u00fcrlerini \u00e7akmak i\u00e7in uygundur. Bu orta \u00f6l\u00e7ekli kaz\u0131k \u00e7akma ekipman\u0131, a\u015fa\u011f\u0131daki alanlarda temel ve destek yap\u0131lar\u0131 i\u00e7in \u00e7ok uygundur:<\/p>\n<ul>\n<li>Petrol ve gaz end\u00fcstrisi<\/li>\n<li>Elektrik ve Enerji<\/li>\n<li>End\u00fcstri<\/li>\n<li>i\u0307n\u015faat m\u00fchendi\u0307sli\u0307\u011fi\u0307<\/li>\n<li>hi\u0307droli\u0307k m\u00fchendi\u0307sli\u0307\u011fi\u0307<\/li>\n<\/ul>\n<p>Bu kaz\u0131k \u00e7akma \u00e7ekici, paletli vin\u00e7ler, ekskavat\u00f6rler, direkli kaz\u0131k \u00e7ak\u0131c\u0131lar, y\u00fczer kaz\u0131k \u00e7ak\u0131c\u0131lar ve y\u00fcr\u00fcyen kaz\u0131k \u00e7ak\u0131c\u0131lar ile uyumludur ve \u00e7ok y\u00f6nl\u00fcl\u00fck ve verimlili\u011fe sahiptir.<br \/>\nOrta DD dizel \u00e7eki\u00e7lerimiz G\u00fcneydo\u011fu Asya, Orta Do\u011fu, Avrupa, Afrika ve G\u00fcney Amerika'ya yayg\u0131n olarak ihra\u00e7 edilmektedir.<\/p>\n<p><strong>#Heavy Model<\/strong><\/p>\n<p>Model \u015funlar\u0131 i\u00e7erir: DD128, DD160, DD180, DD200, DD220, DD300, DD350, DD400, DD450, DD500<\/p>\n<p>A\u011f\u0131r DD kaz\u0131k dizel \u00e7ekici en a\u011f\u0131r darbe bile\u015fenine sahiptir, bu da onu kaz\u0131k \u00e7akma i\u015flemleri i\u00e7in en verimli ekipman haline getirir. A\u015fa\u011f\u0131daki ama\u00e7lar i\u00e7in ideal bir se\u00e7imdir:<\/p>\n<ul>\n<li><span data-slate-fragment=\"JTVCJTdCJTIydHlwZSUyMiUzQSUyMnBhcmFncmFwaCUyMiUyQyUyMmNoaWxkcmVuJTIyJTNBJTVCJTdCJTIyaWQlMjIlM0ElMjJlRU5SazlnUjdWJTIyJTJDJTIycGFyYUlkeCUyMiUzQTElMkMlMjJzcmMlMjIlM0ElMjJPZmZzaG9yZSUyME9wZXJhdGlvbnMlMjIlMkMlMjJkc3QlMjIlM0ElMjJPZmZzaG9yZSUyME9wZXJhdGlvbnMlMjIlMkMlMjJtZXRhZGF0YSUyMiUzQSUyMiUyMiUyQyUyMm1ldGFEYXRhJTIyJTNBJTVCJTVEJTJDJTIydGV4dCUyMiUzQSUyMk9mZnNob3JlJTIwT3BlcmF0aW9ucyUyMiU3RCU1RCU3RCU1RA==\">A\u00e7\u0131k Deniz Operasyonlar\u0131<\/span><\/li>\n<li><span data-slate-fragment=\"JTVCJTdCJTIydHlwZSUyMiUzQSUyMnBhcmFncmFwaCUyMiUyQyUyMmNoaWxkcmVuJTIyJTNBJTVCJTdCJTIyaWQlMjIlM0ElMjJCbzEwNjRQMG5WJTIyJTJDJTIycGFyYUlkeCUyMiUzQTIlMkMlMjJzcmMlMjIlM0ElMjJPZmZzaG9yZSUyMERyaWxsaW5nJTIwUGxhdGZvcm1zJTIyJTJDJTIyZHN0JTIyJTNBJTIyT2Zmc2hvcmUlMjBEcmlsbGluZyUyMFBsYXRmb3JtcyUyMiUyQyUyMm1ldGFkYXRhJTIyJTNBJTIyJTIyJTJDJTIybWV0YURhdGElMjIlM0ElNUIlNUQlMkMlMjJ0ZXh0JTIyJTNBJTIyT2Zmc2hvcmUlMjBEcmlsbGluZyUyMFBsYXRmb3JtcyUyMiU3RCU1RCU3RCU1RA==\">A\u00e7\u0131k Deniz Sondaj Platformlar\u0131<\/span><\/li>\n<li><span data-slate-fragment=\"JTVCJTdCJTIydHlwZSUyMiUzQSUyMnBhcmFncmFwaCUyMiUyQyUyMmNoaWxkcmVuJTIyJTNBJTVCJTdCJTIyaWQlMjIlM0ElMjJWMHJZOW9MWUFCJTIyJTJDJTIycGFyYUlkeCUyMiUzQTMlMkMlMjJzcmMlMjIlM0ElMjJEZWVwd2F0ZXIlMjBQb3J0cyUyMiUyQyUyMmRzdCUyMiUzQSUyMkRlZXB3YXRlciUyMFBvcnRzJTIyJTJDJTIybWV0YWRhdGElMjIlM0ElMjIlMjIlMkMlMjJtZXRhRGF0YSUyMiUzQSU1QiU1RCUyQyUyMnRleHQlMjIlM0ElMjJEZWVwd2F0ZXIlMjBQb3J0cyUyMiU3RCU1RCU3RCU1RA==\">Derin Su Limanlar\u0131<\/span><\/li>\n<li><span data-slate-fragment=\"JTVCJTdCJTIydHlwZSUyMiUzQSUyMnBhcmFncmFwaCUyMiUyQyUyMmNoaWxkcmVuJTIyJTNBJTVCJTdCJTIyaWQlMjIlM0ElMjJlSlJHNGdPR0RlJTIyJTJDJTIycGFyYUlkeCUyMiUzQTQlMkMlMjJzcmMlMjIlM0ElMjJCcmlkZ2UlMjBDb25zdHJ1Y3Rpb24lMjIlMkMlMjJkc3QlMjIlM0ElMjJCcmlkZ2UlMjBDb25zdHJ1Y3Rpb24lMjIlMkMlMjJtZXRhZGF0YSUyMiUzQSUyMiUyMiUyQyUyMm1ldGFEYXRhJTIyJTNBJTVCJTVEJTJDJTIydGV4dCUyMiUzQSUyMkJyaWRnZSUyMENvbnN0cnVjdGlvbiUyMiU3RCU1RCU3RCU1RA==\">K\u00f6pr\u00fc \u0130n\u015faat\u0131<\/span><\/li>\n<li><span data-slate-fragment=\"JTVCJTdCJTIydHlwZSUyMiUzQSUyMnBhcmFncmFwaCUyMiUyQyUyMmNoaWxkcmVuJTIyJTNBJTVCJTdCJTIyaWQlMjIlM0ElMjJCWHd5RFBPeTd6JTIyJTJDJTIycGFyYUlkeCUyMiUzQTUlMkMlMjJzcmMlMjIlM0ElMjJCb3RoJTIwVGVycmVzdHJpYWwlMjBhbmQlMjBBcXVhdGljJTIwQnVpbGRpbmclMjBQcm9qZWN0cyUyMiUyQyUyMmRzdCUyMiUzQSUyMkJvdGglMjBUZXJyZXN0cmlhbCUyMGFuZCUyMEFxdWF0aWMlMjBCdWlsZGluZyUyMFByb2plY3RzJTIyJTJDJTIybWV0YWRhdGElMjIlM0ElMjIlMjIlMkMlMjJtZXRhRGF0YSUyMiUzQSU1QiU1RCUyQyUyMnRleHQlMjIlM0ElMjJUZXJyZXN0cmlhbCUyMGFuZCUyMEFxdWF0aWMlMjBCdWlsZGluZyUyMFByb2plY3RzJTIyJTdEJTVEJTdEJTVE\">Karasal ve Sucul Yap\u0131 Projeleri<\/span><\/li>\n<\/ul>\n<p>A\u011f\u0131r hizmet tipi dizel \u00e7eki\u00e7lerimiz Kuzey Amerika, G\u00fcney Amerika, Orta Do\u011fu, Asya, Afrika, Avrupa, Rusya ve T\u00fcrkiye'de yayg\u0131n olarak kullan\u0131lmaktad\u0131r.<br \/>\nDD-128 ve DD-200: darbe bile\u015fenlerini hareket ettirmek i\u00e7in iki k\u0131lavuz ray ile donat\u0131lm\u0131\u015ft\u0131r.<br \/>\nDD-300 ve daha a\u011f\u0131r modeller: d\u00f6rt k\u0131lavuz ray kullan\u0131larak 1:3 e\u011fimde istiflenebilir<\/p>\n<p><span style=\"color: #0000ff;\"><strong>Daha fazlas\u0131n\u0131 \u00f6\u011frenmek i\u00e7in \"DD Serisi Detaylar\u0131\" butonuna t\u0131klay\u0131n!<\/strong><\/span><\/p>\n<p><strong>1TP5\u00d6zel \u00c7\u00f6z\u00fcmler:<\/strong><\/p>\n<p>M\u00fchendislik ekibimiz, proje durumunuza g\u00f6re \u00e7\u00f6z\u00fcmleri \u00f6zelle\u015ftirebilir. Bir zemin adres raporu, kaz\u0131k tipi ve kaz\u0131k \u00e7akma ekipman\u0131 sa\u011flayabilirsiniz. Tasar\u0131mla uyumlu bir silindir \u00e7eki\u00e7 sa\u011fl\u0131yoruz.<\/p>\n<p><strong>1TP5Paketleme ve Nakliye<\/strong>:<\/p>\n<p>Paketleme: Paketleme i\u00e7in ihracat standard\u0131 \u00e7elik ta\u015f\u0131ma ara\u00e7lar\u0131n\u0131n kullan\u0131lmas\u0131<br \/>\nNakliye: 20GP veya 40GP konteyner ta\u015f\u0131mac\u0131l\u0131\u011f\u0131<\/p>\n<p><strong>#eknik \u00d6zellikler:<\/strong><\/p>\n<style>\n    .table-container {<br \/>        overflow-x: auto;<br \/>        margin: 0 auto;<br \/>    }<br \/>    table {<br \/>        width: 100%;<br \/>        border-collapse: collapse;<br \/>    }<br \/>    th, td {<br \/>        padding: 8px;<br \/>        border: 1px solid #ddd;<br \/>        text-align: left;<br \/>    }<br \/>    @media screen and (max-width: 600px) {<br \/>        table, thead, tbody, th, td, tr {<br \/>            display: block;<br \/>            width: 100%;<br \/>        }<br \/>        thead tr {<br \/>            display: none;<br \/>        }<br \/>        tr {<br \/>            margin-bottom: 15px;<br \/>        }<br \/>        td {<br \/>            text-align: right;<br \/>            padding-left: 50%;<br \/>            position: relative;<br \/>        }<br \/>        td:before {<br \/>            content: attr(data-label);<br \/>            position: absolute;<br \/>            left: 0;<br \/>            width: 50%;<br \/>            padding-left: 10px;<br \/>            font-weight: bold;<br \/>            text-align: left;<br \/>        }<br \/>    }<br \/><\/style>\n<div class=\"table-container\">\n<table>\n<thead>\n<tr>\n<th>Teknik \u00d6zellikler<\/th>\n<th>Tip<\/th>\n<th>DD65<\/th>\n<\/tr>\n<\/thead>\n<tbody>\n<tr>\n<td data-label=\"Specifications\">Silindir Karma\u015f\u0131k K\u00fctle<\/td>\n<td data-label=\"Type\">kg<\/td>\n<td data-label=\"DD25\">6500<\/td>\n<\/tr>\n<tr>\n<td data-label=\"Specifications\">Maks. Silindir Stroku<\/td>\n<td data-label=\"Type\">m<\/td>\n<td data-label=\"DD25\">3<\/td>\n<\/tr>\n<tr>\n<td data-label=\"Specifications\">Frekans<\/td>\n<td data-label=\"Type\">min-l<\/td>\n<td data-label=\"DD25\">38~50<\/td>\n<\/tr>\n<tr>\n<td data-label=\"Specifications\">Maks. Enerji<\/td>\n<td data-label=\"Type\">kj<\/td>\n<td data-label=\"DD25\">195<\/td>\n<\/tr>\n<tr>\n<td data-label=\"Specifications\">Ya\u011f T\u00fcketimi<\/td>\n<td data-label=\"Type\">L\/h<\/td>\n<td data-label=\"DD25\">18<\/td>\n<\/tr>\n<tr>\n<td data-label=\"Specifications\">Patlama Kuvveti Kaz\u0131k<\/td>\n<td data-label=\"Type\">KN<\/td>\n<td data-label=\"DD25\">1980<\/td>\n<\/tr>\n<tr>\n<td data-label=\"Specifications\">Azaltma Oran\u0131<\/td>\n<td data-label=\"Type\"><\/td>\n<td data-label=\"DD25\">22<\/td>\n<\/tr>\n<tr>\n<td data-label=\"Specifications\">\u00c7eki\u00e7 K\u00fctlesi<\/td>\n<td data-label=\"Type\">kg<\/td>\n<td data-label=\"DD25\">13000<\/td>\n<\/tr>\n<tr>\n<td data-label=\"Specifications\">K\u0131lavuz Mesafesi<\/td>\n<td data-label=\"Type\">mm<\/td>\n<td data-label=\"DD25\">330<\/td>\n<\/tr>\n<\/tbody>\n<\/table>\n<h2>DD65 Dizel Kaz\u0131k \u00c7eki\u00e7 Paketleme<\/h2>\n<p><img fetchpriority=\"high\" decoding=\"async\" class=\"size-full wp-image-11327\" src=\"https:\/\/www.juweihammer.com\/wp-content\/uploads\/2024\/09\/DD-guide-rod-diesel-hammer-packaging.webp\" alt=\"DD k\u0131lavuz \u00e7ubuk dizel \u00e7eki\u00e7 ambalaj\u0131\" width=\"975\" height=\"696\" srcset=\"https:\/\/www.juweihammer.com\/wp-content\/uploads\/2024\/09\/DD-guide-rod-diesel-hammer-packaging.webp 975w, https:\/\/www.juweihammer.com\/wp-content\/uploads\/2024\/09\/DD-guide-rod-diesel-hammer-packaging-768x548.webp 768w, https:\/\/www.juweihammer.com\/wp-content\/uploads\/2024\/09\/DD-guide-rod-diesel-hammer-packaging-18x12.webp 18w, https:\/\/www.juweihammer.com\/wp-content\/uploads\/2024\/09\/DD-guide-rod-diesel-hammer-packaging-600x428.webp 600w\" sizes=\"(max-width: 975px) 100vw, 975px\" \/><\/p>\n<\/div>","protected":false},"excerpt":{"rendered":"<p>DD serisi k\u0131lavuz \u00e7ubuklu dizel kaz\u0131k \u00e7ak\u0131c\u0131: \u0130ki zamanl\u0131 i\u00e7ten yanmal\u0131 motor prensibini kullanarak \u00e7al\u0131\u015fan bir kaz\u0131k \u00e7akma ekipman\u0131d\u0131r.<\/p>\n<ul>\n<li>Silindir Kompleksi K\u00fctlesi: 6,5 ton<\/li>\n<li>Maks. Enerji: 195 kj<\/li>\n<li>Patent Otomatik Dekuplaj Cihaz\u0131<\/li>\n<li>Hafif ve Y\u00fcksek Mukavemetli<\/li>\n<li><span data-slate-fragment=\"JTVCJTdCJTIydHlwZSUyMiUzQSUyMnBhcmFncmFwaCUyMiUyQyUyMmNoaWxkcmVuJTIyJTNBJTVCJTdCJTIyaWQlMjIlM0ElMjJWUU9KWW9LM0VCJTIyJTJDJTIycGFyYUlkeCUyMiUzQTAlMkMlMjJzcmMlMjIlM0ElMjJoaWdoJTIwd29yayUyMGVmZmljaWVuY3klMjIlMkMlMjJkc3QlMjIlM0ElMjIlRTUlQjclQTUlRTQlQkQlOUMlRTYlOTUlODglRTclOEUlODclRTklQUIlOTglMjIlMkMlMjJtZXRhZGF0YSUyMiUzQSUyMiUyMiUyQyUyMm1ldGFEYXRhJTIyJTNBJTVCJTVEJTJDJTIydGV4dCUyMiUzQSUyMmhpZ2glMjB3b3JrJTIwZWZmaWNpZW5jeSUyMiU3RCU1RCU3RCU1RA==\">Y\u00fcksek \u0130\u015f Verimlili\u011fi<\/span><\/li>\n<\/ul>","protected":false},"featured_media":2524,"template":"","meta":{"_seopress_robots_primary_cat":"none","_seopress_titles_title":"DD65 6.5ton Diesel Piling Hammer Manufacturer - Guide Rod","_seopress_titles_desc":"DD65 6.5ton diesel piling hammer with guide type is suitable for driving concrete piles, steel and sheet piles, H-beams, wooden piles. Get Free Quote!","_seopress_robots_index":"","site-sidebar-layout":"default","site-content-layout":"","ast-site-content-layout":"default","site-content-style":"default","site-sidebar-style":"default","ast-global-header-display":"","ast-banner-title-visibility":"","ast-main-header-display":"","ast-hfb-above-header-display":"","ast-hfb-below-header-display":"","ast-hfb-mobile-header-display":"","site-post-title":"","ast-breadcrumbs-content":"","ast-featured-img":"","footer-sml-layout":"","theme-transparent-header-meta":"default","adv-header-id-meta":"","stick-header-meta":"","header-above-stick-meta":"","header-main-stick-meta":"","header-below-stick-meta":"","astra-migrate-meta-layouts":"set","ast-page-background-enabled":"default","ast-page-background-meta":{"desktop":{"background-color":"var(--ast-global-color-4)","background-image":"","background-repeat":"repeat","background-position":"center center","background-size":"auto","background-attachment":"scroll","background-type":"","background-media":"","overlay-type":"","overlay-color":"","overlay-opacity":"","overlay-gradient":""},"tablet":{"background-color":"","background-image":"","background-repeat":"repeat","background-position":"center center","background-size":"auto","background-attachment":"scroll","background-type":"","background-media":"","overlay-type":"","overlay-color":"","overlay-opacity":"","overlay-gradient":""},"mobile":{"background-color":"","background-image":"","background-repeat":"repeat","background-position":"center center","background-size":"auto","background-attachment":"scroll","background-type":"","background-media":"","overlay-type":"","overlay-color":"","overlay-opacity":"","overlay-gradient":""}},"ast-content-background-meta":{"desktop":{"background-color":"var(--ast-global-color-5)","background-image":"","background-repeat":"repeat","background-position":"center center","background-size":"auto","background-attachment":"scroll","background-type":"","background-media":"","overlay-type":"","overlay-color":"","overlay-opacity":"","overlay-gradient":""},"tablet":{"background-color":"var(--ast-global-color-5)","background-image":"","background-repeat":"repeat","background-position":"center center","background-size":"auto","background-attachment":"scroll","background-type":"","background-media":"","overlay-type":"","overlay-color":"","overlay-opacity":"","overlay-gradient":""},"mobile":{"background-color":"var(--ast-global-color-5)","background-image":"","background-repeat":"repeat","background-position":"center center","background-size":"auto","background-attachment":"scroll","background-type":"","background-media":"","overlay-type":"","overlay-color":"","overlay-opacity":"","overlay-gradient":""}}},"product_brand":[],"product_cat":[22],"product_tag":[],"class_list":{"0":"post-2577","1":"product","2":"type-product","3":"status-publish","4":"has-post-thumbnail","6":"product_cat-dd-guide-rod-diesel-pile-hammer","7":"desktop-align-left","8":"tablet-align-left","9":"mobile-align-left","11":"first","12":"instock","13":"shipping-taxable","14":"product-type-simple"},"_links":{"self":[{"href":"https:\/\/www.juweihammer.com\/tr\/wp-json\/wp\/v2\/product\/2577","targetHints":{"allow":["GET"]}}],"collection":[{"href":"https:\/\/www.juweihammer.com\/tr\/wp-json\/wp\/v2\/product"}],"about":[{"href":"https:\/\/www.juweihammer.com\/tr\/wp-json\/wp\/v2\/types\/product"}],"version-history":[{"count":2,"href":"https:\/\/www.juweihammer.com\/tr\/wp-json\/wp\/v2\/product\/2577\/revisions"}],"predecessor-version":[{"id":11353,"href":"https:\/\/www.juweihammer.com\/tr\/wp-json\/wp\/v2\/product\/2577\/revisions\/11353"}],"wp:featuredmedia":[{"embeddable":true,"href":"https:\/\/www.juweihammer.com\/tr\/wp-json\/wp\/v2\/media\/2524"}],"wp:attachment":[{"href":"https:\/\/www.juweihammer.com\/tr\/wp-json\/wp\/v2\/media?parent=2577"}],"wp:term":[{"taxonomy":"product_brand","embeddable":true,"href":"https:\/\/www.juweihammer.com\/tr\/wp-json\/wp\/v2\/product_brand?post=2577"},{"taxonomy":"product_cat","embeddable":true,"href":"https:\/\/www.juweihammer.com\/tr\/wp-json\/wp\/v2\/product_cat?post=2577"},{"taxonomy":"product_tag","embeddable":true,"href":"https:\/\/www.juweihammer.com\/tr\/wp-json\/wp\/v2\/product_tag?post=2577"}],"curies":[{"name":"wp","href":"https:\/\/api.w.org\/{rel}","templated":true}]}}