{"id":2411,"date":"2024-07-22T06:58:48","date_gmt":"2024-07-22T06:58:48","guid":{"rendered":"https:\/\/www.juweihammer.com\/?post_type=product&#038;p=2411"},"modified":"2024-11-08T02:26:12","modified_gmt":"2024-11-08T02:26:12","slug":"supply-d100-diesel-pile-hammer-for-offshore-and-road","status":"publish","type":"product","link":"https:\/\/www.juweihammer.com\/tr\/urun\/supply-d100-diesel-pile-hammer-for-offshore-and-road\/","title":{"rendered":"Offshore ve Yol i\u00e7in D100 Dizel Kaz\u0131k \u00c7eki\u00e7 Temini"},"content":{"rendered":"<p>Biri olarak<strong> ilk 10<\/strong> piel dizel \u00e7eki\u00e7 \u00fcreticileri ve tedarik\u00e7ileri d\u00fcnya \u00e7ap\u0131nda. Juwei'nin D serisi dizel kaz\u0131k \u00e7ak\u0131c\u0131lar\u0131 tasar\u0131m, \u00fcretim ve uygulamada 30 y\u0131l\u0131 a\u015fk\u0131n deneyime sahiptir. <span style=\"color: #0000ff;\"><strong>\"Fabrika \"ya t\u0131klayarak fabrikam\u0131z hakk\u0131nda daha fazla bilgi edinebilirsiniz.<\/strong><\/span><span style=\"color: #000080;\">!<\/span><\/p>\n<p><strong>#All <span data-slate-fragment=\"JTVCJTdCJTIydHlwZSUyMiUzQSUyMnBhcmFncmFwaCUyMiUyQyUyMmNoaWxkcmVuJTIyJTNBJTVCJTdCJTIyaWQlMjIlM0ElMjJlYk40UmdFcXBlJTIyJTJDJTIycGFyYUlkeCUyMiUzQTQlMkMlMjJzcmMlMjIlM0ElMjJDb21wbGV0ZSUyME1vZGVsJTIwUmFuZ2UlMjBvZiUyMEQlMjBTZXJpZXMlMjBUdWJ1bGFyJTIwRGllc2VsJTIwUGlsZSUyMERyaXZlciUyMEhhbW1lcnMlMjIlMkMlMjJkc3QlMjIlM0ElMjJEJUU3JUIzJUJCJUU1JTg4JTk3JUU3JUFFJUExJUU3JThBJUI2JUU2JTlGJUI0JUU2JUIyJUI5JUU2JTg5JTkzJUU2JUExJUE5JUU5JTk0JUE0JUU3JTlBJTg0JUU1JUFFJThDJUU2JTk1JUI0JUU1JTlFJThCJUU1JThGJUI3JUU3JUIzJUJCJUU1JTg4JTk3JTIyJTJDJTIybWV0YWRhdGElMjIlM0ElMjIlMjIlMkMlMjJtZXRhRGF0YSUyMiUzQSU1QiU1RCUyQyUyMnRleHQlMjIlM0ElMjJDb21wbGV0ZSUyME1vZGVsJTIyJTdEJTVEJTdEJTVE\">Model<\/span> D Serisi Kaz\u0131k Dizel \u00c7eki\u00e7lerinin<\/strong><\/p>\n<p>D12: 1.28 ton, D16: 1.6 ton, D19: 1.82 ton, D25: 2.5 ton, D30: 3 ton, D36: 3.6 ton, D46: 4.6 ton, D50: 5 ton, D62:6.2 ton, D80: 80 ton, D100: 10 ton, D128: 12,8 ton, D138: 13,8 ton, D160: 16 ton, D180: 18 ton, D225: 22,5 ton, D265: 26,5 ton, D320: 32 ton, D400: 40 ton. \u00a0<span style=\"color: #0000ff;\"><strong><span class=\"null\" data-slate-leaf=\"true\" data-sent-id=\"VpbK2QLMrB\">Ayr\u0131nt\u0131l\u0131 bilgi i\u00e7in \"D Serisi Ayr\u0131nt\u0131lar\u0131\" d\u00fc\u011fmesine t\u0131klay\u0131n.<\/span><\/strong><\/span><\/p>\n<p><strong>1TP5\u00d6zel \u00c7\u00f6z\u00fcmler:<\/strong><\/p>\n<p>M\u00fchendislik ekibimiz \u00f6zelle\u015ftirilmi\u015f \u00e7\u00f6z\u00fcmler sunabilir <span data-slate-fragment=\"JTVCJTdCJTIydHlwZSUyMiUzQSUyMnBhcmFncmFwaCUyMiUyQyUyMmNoaWxkcmVuJTIyJTNBJTVCJTdCJTIyaWQlMjIlM0ElMjJCdjVScmFXa1B6JTIyJTJDJTIycGFyYUlkeCUyMiUzQTEwJTJDJTIyc3JjJTIyJTNBJTIyT3VyJTIwZW5naW5lZXJpbmclMjB0ZWFtJTIwb2ZmZXJzJTIwY3VzdG9taXplZCUyMHNvbHV0aW9ucyUyMHRhaWxvcmVkJTIwdG8lMjB5b3VyJTIwcHJvamVjdCUyMG5lZWRzLiUyMCUyMiUyQyUyMmRzdCUyMiUzQSUyMiVFNiU4OCU5MSVFNCVCQiVBQyVFNyU5QSU4NCVFNSVCNyVBNSVFNyVBOCU4QiVFNSU5QiVBMiVFOSU5OCU5RiVFNiVBMCVCOSVFNiU4RCVBRSVFNiU4MiVBOCVFNyU5QSU4NCVFOSVBMSVCOSVFNyU5QiVBRSVFOSU5QyU4MCVFNiVCMSU4MiVFNiU4RiU5MCVFNCVCRSU5QiVFNSVBRSU5QSVFNSU4OCVCNiVFNyU5QSU4NCVFOCVBNyVBMyVFNSU4NiVCMyVFNiU5NiVCOSVFNiVBMSU4OCVFMyU4MCU4MiUyMiUyQyUyMm1ldGFkYXRhJTIyJTNBJTIyJTIyJTJDJTIybWV0YURhdGElMjIlM0ElNUIlNUQlMkMlMjJ0ZXh0JTIyJTNBJTIydGFpbG9yZWQlMjB0byUyMHlvdXIlMjBwcm9qZWN0JTIwbmVlZHMlMjIlN0QlNUQlN0QlNUQ=\">proje ihtiya\u00e7lar\u0131n\u0131za g\u00f6re uyarlanm\u0131\u015f<\/span>. <span data-slate-node=\"text\"><span class=\"null\" data-slate-leaf=\"true\" data-sent-id=\"ej04Roardz\">Bize bir zemin adres raporu, kaz\u0131k tipi ve kaz\u0131k \u00e7akma ekipman\u0131 \u00f6zellikleri sa\u011flay\u0131n. <\/span><\/span><span data-slate-node=\"text\" data-slate-fragment=\"JTVCJTdCJTIydHlwZSUyMiUzQSUyMnBhcmFncmFwaCUyMiUyQyUyMmNoaWxkcmVuJTIyJTNBJTVCJTdCJTIyaWQlMjIlM0ElMjJlajA0Um9hcmR6JTIyJTJDJTIycGFyYUlkeCUyMiUzQTEwJTJDJTIyc3JjJTIyJTNBJTIyUHJvdmlkZSUyMHVzJTIwd2l0aCUyMGElMjBzb2lsJTIwYWRkcmVzcyUyMHJlcG9ydCUyQyUyMHBpbGUlMjB0eXBlJTJDJTIwYW5kJTIwcGlsZSUyMGRyaXZpbmclMjBlcXVpcG1lbnQlMjBzcGVjaWZpY2F0aW9ucy4lMjAlMjIlMkMlMjJkc3QlMjIlM0ElMjIlRTUlOTAlOTElRTYlODglOTElRTQlQkIlQUMlRTYlOEYlOTAlRTQlQkUlOUIlRTUlOUMlOUYlRTUlQTMlQTQlRTUlOUMlQjAlRTUlOUQlODAlRTYlOEElQTUlRTUlOTElOEElRTMlODAlODElRTYlQTElQTklRTclQjElQkIlRTUlOUUlOEIlRTUlOTIlOEMlRTYlODklOTMlRTYlQTElQTklRTglQUUlQkUlRTUlQTQlODclRTglQTclODQlRTYlQTAlQkMlRTMlODAlODIlMjIlMkMlMjJtZXRhZGF0YSUyMiUzQSUyMiUyMiUyQyUyMm1ldGFEYXRhJTIyJTNBJTVCJTVEJTJDJTIydGV4dCUyMiUzQSUyMlByb3ZpZGUlMjB1cyUyMHdpdGglMjBhJTIwc29pbCUyMGFkZHJlc3MlMjByZXBvcnQlMkMlMjBwaWxlJTIwdHlwZSUyQyUyMGFuZCUyMHBpbGUlMjBkcml2aW5nJTIwZXF1aXBtZW50JTIwc3BlY2lmaWNhdGlvbnMuJTIwJTIyJTdEJTJDJTdCJTIyaWQlMjIlM0ElMjJWTjZtbGE4RDFWJTIyJTJDJTIycGFyYUlkeCUyMiUzQTEwJTJDJTIyc3JjJTIyJTNBJTIyV2UlMjBkZWxpdmVyJTIwYSUyMGNvbXBhdGlibGUlMjBjeWxpbmRlciUyMGhhbW1lciUyMGRlc2lnbmVkJTIwZm9yJTIweW91ciUyMHByb2plY3QuJTIyJTJDJTIyZHN0JTIyJTNBJTIyJUU2JTg4JTkxJUU0JUJCJUFDJUU0JUI4JUJBJUU2JTgyJUE4JUU3JTlBJTg0JUU5JUExJUI5JUU3JTlCJUFFJUU2JThGJTkwJUU0JUJFJTlCJUU1JTg1JUJDJUU1JUFFJUI5JUU3JTlBJTg0JUU1JTlDJTg2JUU3JUFEJTkyJUU5JTk0JUE0JUUzJTgwJTgyJTIyJTJDJTIybWV0YWRhdGElMjIlM0ElMjIlMjIlMkMlMjJtZXRhRGF0YSUyMiUzQSU1QiU1RCUyQyUyMnRleHQlMjIlM0ElMjJXZSUyMGRlbGl2ZXIlMjBhJTIwY29tcGF0aWJsZSUyMGN5bGluZGVyJTIwaGFtbWVyJTIwZGVzaWduZWQlMjBmb3IlMjB5b3VyJTIwcHJvamVjdC4lMjIlN0QlNUQlN0QlNUQ=\"><span class=\"null\" data-slate-leaf=\"true\" data-sent-id=\"VN6mla8D1V\">Projeniz i\u00e7in tasarlanm\u0131\u015f uyumlu bir \u00e7eki\u00e7 teslim ediyoruz.<\/span><\/span><\/p>\n<p><strong>#<\/strong><strong>Hav Tipi:<\/strong><\/p>\n<p><span data-slate-fragment=\"JTVCJTdCJTIydHlwZSUyMiUzQSUyMnBhcmFncmFwaCUyMiUyQyUyMmNoaWxkcmVuJTIyJTNBJTVCJTdCJTIyaWQlMjIlM0ElMjJlbU1LUllacEplJTIyJTJDJTIycGFyYUlkeCUyMiUzQTE0JTJDJTIyc3JjJTIyJTNBJTIyT3VyJTIwaGFtbWVycyUyMGFyZSUyMHN1aXRhYmxlJTIwZm9yJTIwZHJpdmluZyUyMHZhcmlvdXMlMjBwaWxlJTIwdHlwZXMlMkMlMjBpbmNsdWRpbmclMjBwcmVjYXN0JTIwY29uY3JldGUlMjBwaWxlcyUyQyUyMEgtYmVhbXMlMkMlMjBzdGVlbCUyMHBpcGUlMjBwaWxlcyUyQyUyMGNpcmN1bGFyJTIwcGlsZXMlMkMlMjBzcXVhcmUlMjBwaWxlcyUyQyUyMHNoZWV0JTIwcGlsZXMlMkMlMjBhbmQlMjB3b29kZW4lMjBwaWxlcy4lMjIlMkMlMjJkc3QlMjIlM0ElMjIlRTYlODglOTElRTQlQkIlQUMlRTclOUElODQlRTklOTQlQTQlRTUlQUQlOTAlRTklODAlODIlRTclOTQlQTglRTQlQkElOEUlRTYlODklOTMlRTYlQTElQTklRTUlOTAlODQlRTclQTclOEQlRTYlQTElQTklRTUlOUUlOEIlRUYlQkMlOEMlRTUlOEMlODUlRTYlOEIlQUMlRTklQTIlODQlRTUlODglQjYlRTYlQjclQjclRTUlODclOUQlRTUlOUMlOUYlRTYlQTElQTklRTMlODAlODFIJUU1JTlFJThCJUU5JTkyJUEyJUUzJTgwJTgxJUU5JTkyJUEyJUU3JUFFJUExJUU2JUExJUE5JUUzJTgwJTgxJUU1JTlDJTg2JUU1JUJEJUEyJUU2JUExJUE5JUUzJTgwJTgxJUU2JTk2JUI5JUU1JUJEJUEyJUU2JUExJUE5JUUzJTgwJTgxJUU2JTlEJUJGJUU2JUExJUE5JUU1JTkyJThDJUU2JTlDJUE4JUU2JUExJUE5JUUzJTgwJTgyJTIyJTJDJTIybWV0YWRhdGElMjIlM0ElMjIlMjIlMkMlMjJtZXRhRGF0YSUyMiUzQSU1QiU1RCUyQyUyMnRleHQlMjIlM0ElMjJPdXIlMjBoYW1tZXJzJTIwYXJlJTIwc3VpdGFibGUlMjBmb3IlMjBkcml2aW5nJTIwdmFyaW91cyUyMHBpbGUlMjB0eXBlcyUyMiU3RCU1RCU3RCU1RA==\">\u00c7eki\u00e7lerimiz \u00e7e\u015fitli kaz\u0131k t\u00fcrlerini \u00e7akmak i\u00e7in idealdir,<\/span> prekast beton kaz\u0131klar, H-kiri\u015fler, \u00e7elik boru kaz\u0131klar, dairesel kaz\u0131klar, kare kaz\u0131klar, sac kaz\u0131klar, ah\u015fap kaz\u0131klar vb.<\/p>\n<p><strong>#Auygulama<\/strong>:<\/p>\n<p><span data-slate-fragment=\"JTVCJTdCJTIydHlwZSUyMiUzQSUyMnBhcmFncmFwaCUyMiUyQyUyMmNoaWxkcmVuJTIyJTNBJTVCJTdCJTIyaWQlMjIlM0ElMjJCNGtLT1E2QVJ6JTIyJTJDJTIycGFyYUlkeCUyMiUzQTE4JTJDJTIyc3JjJTIyJTNBJTIyT3VyJTIwZGllc2VsJTIwaGFtbWVycyUyMGFyZSUyMGlkZWFsJTIwZm9yJTIwb2Zmc2hvcmUlMjBwcm9qZWN0cyUyMHN1Y2glMjBhcyUyMHdpbmQlMjBwb3dlciUyMGdlbmVyYXRpb24lMkMlMjBlbmVyZ3klMkMlMjBicmlkZ2VzJTJDJTIwcG9ydHMlMkMlMjBkb2NrJTIwY29uc3RydWN0aW9uJTJDJTIwYW5kJTIwb2lsJTIwYW5kJTIwZ2FzJTIwZXh0cmFjdGlvbi4lMjAlMjIlMkMlMjJkc3QlMjIlM0ElMjIlRTYlODglOTElRTQlQkIlQUMlRTclOUElODQlRTYlOUYlQjQlRTYlQjIlQjklRTklOTQlQTQlRTYlOTglQUYlRTklQTMlOEUlRTUlOEElOUIlRTUlOEYlOTElRTclOTQlQjUlRTMlODAlODElRTglODMlQkQlRTYlQkElOTAlRTMlODAlODElRTYlQTElQTUlRTYlQTIlODElRTMlODAlODElRTYlQjglQUYlRTUlOEYlQTMlRTMlODAlODElRTclQTAlODElRTUlQTQlQjQlRTUlQkIlQkElRTglQUUlQkUlRTQlQkIlQTUlRTUlOEYlOEElRTclOUYlQjMlRTYlQjIlQjklRTUlOTIlOEMlRTUlQTQlQTklRTclODQlQjYlRTYlQjAlOTQlRTUlQkMlODAlRTklODclODclRTclQUQlODklRTYlQjUlQjclRTQlQjglOEElRTklQTElQjklRTclOUIlQUUlRTclOUElODQlRTclOTAlODYlRTYlODMlQjMlRTklODAlODklRTYlOEIlQTklRTMlODAlODIlMjIlMkMlMjJtZXRhZGF0YSUyMiUzQSUyMiUyMiUyQyUyMm1ldGFEYXRhJTIyJTNBJTVCJTVEJTJDJTIydGV4dCUyMiUzQSUyMk91ciUyMGRpZXNlbCUyMGhhbW1lcnMlMjBhcmUlMjBpZGVhbCUyMGZvciUyMCUyMiU3RCU1RCU3RCU1RA==\">Dizel \u00e7eki\u00e7lerimiz \u015funlar i\u00e7in idealdir <\/span>R\u00fczgar enerjisi \u00fcretimi, enerji, k\u00f6pr\u00fcler, limanlar, r\u0131ht\u0131m in\u015faat\u0131 ve petrol ve gaz \u00e7\u0131karma gibi a\u00e7\u0131k deniz projeleri. <span data-slate-fragment=\"JTVCJTdCJTIydHlwZSUyMiUzQSUyMnBhcmFncmFwaCUyMiUyQyUyMmNoaWxkcmVuJTIyJTNBJTVCJTdCJTIyaWQlMjIlM0ElMjJWQVlFTzhhbzFWJTIyJTJDJTIycGFyYUlkeCUyMiUzQTE4JTJDJTIyc3JjJTIyJTNBJTIyVGhleSUyMGFyZSUyMGFsc28lMjBzdWl0YWJsZSUyMGZvciUyMHJvYWQlMjBhbmQlMjBjaXZpbCUyMGVuZ2luZWVyaW5nJTIwcHJvamVjdHMlMkMlMjBwdWJsaWMlMjB1dGlsaXRpZXMlMkMlMjBjb2ZmZXJkYW1zJTJDJTIwYnJpZGdlcyUyQyUyMHBob3Rvdm9sdGFpY3MlMkMlMjBhbmQlMjBlbnZpcm9ubWVudGFsJTIwcHJvamVjdHMuJTIwJTIyJTJDJTIyZHN0JTIyJTNBJTIyJUU1JUFFJTgzJUU0JUJCJUFDJUU0JUI5JTlGJUU5JTgwJTgyJUU3JTk0JUE4JUU0JUJBJThFJUU5JTgxJTkzJUU4JUI3JUFGJUU1JTkyJThDJUU1JTlDJTlGJUU2JTlDJUE4JUU1JUI3JUE1JUU3JUE4JThCJUU5JUExJUI5JUU3JTlCJUFFJUUzJTgwJTgxJUU1JTg1JUFDJUU3JTk0JUE4JUU0JUJBJThCJUU0JUI4JTlBJUUzJTgwJTgxJUU1JTlCJUI0JUU1JUEwJUIwJUUzJTgwJTgxJUU2JUExJUE1JUU2JUEyJTgxJUUzJTgwJTgxJUU1JTg1JTg5JUU0JUJDJThGJUU1JTkyJThDJUU3JThFJUFGJUU1JUEyJTgzJUU5JUExJUI5JUU3JTlCJUFFJUUzJTgwJTgyJTIyJTJDJTIybWV0YWRhdGElMjIlM0ElMjIlMjIlMkMlMjJtZXRhRGF0YSUyMiUzQSU1QiU1RCUyQyUyMnRleHQlMjIlM0ElMjJUaGV5JTIwYXJlJTIwYWxzbyUyMHN1aXRhYmxlJTIyJTdEJTVEJTdEJTVE\">Ayr\u0131ca a\u015fa\u011f\u0131dakiler i\u00e7in de uygundurlar <\/span>yol ve in\u015faat m\u00fchendisli\u011fi projeleri, kamu hizmetleri, in\u015faat hizmetleri, batardolar, Trestle k\u00f6pr\u00fcleri, fotovoltaikler ve \u00e7evre. <span style=\"color: #000080;\"><strong>Daha fazlas\u0131n\u0131 \u00f6\u011frenmek i\u00e7in \"Projeler\" butonuna t\u0131klay\u0131n!<\/strong><\/span><\/p>\n<p><strong>1TP5Paketleme ve Nakliye<\/strong>:<\/p>\n<p>Paketleme: <span data-slate-fragment=\"JTVCJTdCJTIydHlwZSUyMiUzQSUyMnBhcmFncmFwaCUyMiUyQyUyMmNoaWxkcmVuJTIyJTNBJTVCJTdCJTIyaWQlMjIlM0ElMjJ6eUswRHh2TEtlJTIyJTJDJTIycGFyYUlkeCUyMiUzQTIyJTJDJTIyc3JjJTIyJTNBJTIyUGFja2FnaW5nJTNBJTIwV2UlMjB1c2UlMjBleHBvcnQtc3RhbmRhcmQlMjBzdGVlbCUyMHRyYW5zcG9ydGF0aW9uJTIwdG9vbHMlMjBmb3IlMjBwYWNrYWdpbmcuJTIyJTJDJTIyZHN0JTIyJTNBJTIyJUU1JThDJTg1JUU4JUEzJTg1JUVGJUJDJTlBJUU2JTg4JTkxJUU0JUJCJUFDJUU0JUJEJUJGJUU3JTk0JUE4JUU1JTg3JUJBJUU1JThGJUEzJUU2JUEwJTg3JUU1JTg3JTg2JUU5JTkyJUEyJUU2JTlEJTkwJUU4JUJGJTkwJUU4JUJFJTkzJUU1JUI3JUE1JUU1JTg1JUI3JUU4JUJGJTlCJUU4JUExJThDJUU1JThDJTg1JUU4JUEzJTg1JUUzJTgwJTgyJTIyJTJDJTIybWV0YWRhdGElMjIlM0ElMjIlMjIlMkMlMjJtZXRhRGF0YSUyMiUzQSU1QiU1RCUyQyUyMnRleHQlMjIlM0ElMjJXZSUyMHVzZSUyMGV4cG9ydC1zdGFuZGFyZCUyMHN0ZWVsJTIwdHJhbnNwb3J0YXRpb24lMjB0b29scyUyMGZvciUyMHBhY2thZ2luZyUyMiU3RCU1RCU3RCU1RA==\">Paketleme i\u00e7in ihracat standard\u0131nda \u00e7elik ta\u015f\u0131ma ara\u00e7lar\u0131 kullan\u0131yoruz<\/span><br \/>\nNakliye: 20GP veya 40GP konteyner ta\u015f\u0131mac\u0131l\u0131\u011f\u0131<\/p>\n<p><strong>#Exported to Many Countries<\/strong><\/p>\n<p>Bu \u00fcr\u00fcn Avrupa, Rusya, G\u00fcneydo\u011fu Asya, Kuzey Amerika, G\u00fcney Amerika, Orta Do\u011fu, Afrika ve di\u011fer b\u00f6lgelere ihra\u00e7 edilmektedir. (\u00d6rne\u011fin: Filipinler, T\u00fcrkiye, Endonezya, Tayland, Vietnam, Banglade\u015f, Amerika Birle\u015fik Devletleri, Suudi Arabistan, Rusya, Avustralya, Brezilya ve di\u011fer \u00fclkeler)<\/p>\n<p><strong>#eknik \u00d6zellikler:<\/strong><\/p>\n<style>\n    .table-container {<br \/>        overflow-x: auto;<br \/>        margin: 0 auto;<br \/>    }<br \/>    table {<br \/>        width: 100%;<br \/>        border-collapse: collapse;<br \/>    }<br \/>    th, td {<br \/>        padding: 8px;<br \/>        border: 1px solid #ddd;<br \/>        text-align: left;<br \/>    }<br \/>    @media screen and (max-width: 600px) {<br \/>        table, thead, tbody, th, td, tr {<br \/>            display: block;<br \/>            width: 100%;<br \/>        }<br \/>        thead tr {<br \/>            display: none;<br \/>        }<br \/>        tr {<br \/>            margin-bottom: 15px;<br \/>        }<br \/>        td {<br \/>            text-align: right;<br \/>            padding-left: 50%;<br \/>            position: relative;<br \/>        }<br \/>        td:before {<br \/>            content: attr(data-label);<br \/>            position: absolute;<br \/>            left: 0;<br \/>            width: 50%;<br \/>            padding-left: 10px;<br \/>            font-weight: bold;<br \/>            text-align: left;<br \/>        }<br \/>    }<br \/><\/style>\n<div class=\"table-container\">\n<table>\n<thead>\n<tr>\n<th>Teknik \u00d6zellikler<\/th>\n<th>Tip<\/th>\n<th>D100<\/th>\n<\/tr>\n<\/thead>\n<tbody>\n<tr>\n<td data-label=\"Specifications\">Darbe A\u011f\u0131rl\u0131\u011f\u0131 (piston)<\/td>\n<td data-label=\"Type\">kg<\/td>\n<td data-label=\"D100\">10000<\/td>\n<\/tr>\n<tr>\n<td data-label=\"Specifications\">Darbe ba\u015f\u0131na enerji<\/td>\n<td data-label=\"Type\">KNm<\/td>\n<td data-label=\"D100\">333.54~213.86<\/td>\n<\/tr>\n<tr>\n<td data-label=\"Specifications\">Darbe say\u0131s\u0131<\/td>\n<td data-label=\"Type\">min-l<\/td>\n<td data-label=\"D100\">36~45<\/td>\n<\/tr>\n<tr>\n<td data-label=\"Specifications\">Kaz\u0131k \u00fczerindeki patlama bas\u0131nc\u0131 kuvveti maks.<\/td>\n<td data-label=\"Type\">KN<\/td>\n<td data-label=\"D100\">2600<\/td>\n<\/tr>\n<tr>\n<td data-label=\"Specifications\">'ye kadar kaz\u0131k \u00e7akmak i\u00e7in uygundur.<\/td>\n<td data-label=\"Type\">Kg<\/td>\n<td data-label=\"D100\">40000<\/td>\n<\/tr>\n<tr>\n<td data-label=\"Specifications\">A\u00e7ma tertibat\u0131n\u0131n sapt\u0131r\u0131c\u0131 kasna\u011f\u0131 i\u00e7in izin verilen halat \u00e7ap\u0131 maks.<\/td>\n<td data-label=\"Type\">mm<\/td>\n<td data-label=\"D100\">\u03a630<\/td>\n<\/tr>\n<tr>\n<td data-label=\"Specifications\">Dizel ya\u011f<\/td>\n<td data-label=\"Type\">L\/h<\/td>\n<td data-label=\"D100\">30<\/td>\n<\/tr>\n<tr>\n<td data-label=\"Specifications\">Ya\u011flay\u0131c\u0131<\/td>\n<td data-label=\"Type\">L\/h<\/td>\n<td data-label=\"D100\">2.9<\/td>\n<\/tr>\n<tr>\n<td data-label=\"Specifications\">Dizel ya\u011f tank\u0131<\/td>\n<td data-label=\"Type\">L<\/td>\n<td data-label=\"D100\">155<\/td>\n<\/tr>\n<tr>\n<td data-label=\"Specifications\">Ya\u011flama tank\u0131<\/td>\n<td data-label=\"Type\">L<\/td>\n<td data-label=\"D100\">32<\/td>\n<\/tr>\n<tr>\n<td data-label=\"Specifications\">Dizel kaz\u0131k \u00e7ak\u0131c\u0131 yakla\u015f\u0131k.<\/td>\n<td data-label=\"Type\">kg<\/td>\n<td data-label=\"D100\">19820\/ 20360<\/td>\n<\/tr>\n<tr>\n<td data-label=\"Specifications\">A\u00e7ma cihaz\u0131 yakla\u015f\u0131k<\/td>\n<td data-label=\"Type\">kg<\/td>\n<td data-label=\"D100\">750<\/td>\n<\/tr>\n<tr>\n<td data-label=\"Specifications\">Ta\u015f\u0131ma braketi\/be\u015fi\u011fi yakl.<\/td>\n<td data-label=\"Type\">kg<\/td>\n<td data-label=\"D100\">135<\/td>\n<\/tr>\n<tr>\n<td data-label=\"Specifications\">Nakliye g\u00f6revlisi yakla\u015f\u0131k.<\/td>\n<td data-label=\"Type\">kg<\/td>\n<td data-label=\"D100\">220<\/td>\n<\/tr>\n<tr>\n<td data-label=\"Specifications\">Alet kutusu yakla\u015f\u0131k<\/td>\n<td data-label=\"Type\">kg<\/td>\n<td data-label=\"D100\">125<\/td>\n<\/tr>\n<tr>\n<td data-label=\"Specifications\">Dizel kaz\u0131k \u00e7ak\u0131c\u0131n\u0131n uzunlu\u011fu (a\/al)<\/td>\n<td data-label=\"Type\">mm<\/td>\n<td data-label=\"D100\">6358\/ 7358<\/td>\n<\/tr>\n<tr>\n<td data-label=\"Specifications\">Darbe blo\u011funun d\u0131\u015f \u00e7ap\u0131 (b)<\/td>\n<td data-label=\"Type\">mm<\/td>\n<td data-label=\"D100\">\u03a6820<\/td>\n<\/tr>\n<tr>\n<td data-label=\"Specifications\">K\u0131lavuz \u00e7enelerin sabitleme vidalar\u0131 \u00fczerinden \u00f6l\u00e7\u00fclen genel boyutlar (c)<\/td>\n<td data-label=\"Type\">mm<\/td>\n<td data-label=\"D100\">1110<\/td>\n<\/tr>\n<tr>\n<td data-label=\"Specifications\">Dizel kaz\u0131k \u00e7ak\u0131c\u0131n\u0131n geni\u015fli\u011fi (d)<\/td>\n<td data-label=\"Type\">mm<\/td>\n<td data-label=\"D100\">890<\/td>\n<\/tr>\n<tr>\n<td data-label=\"Specifications\">K\u0131lavuz \u00e7enelerin ba\u011flant\u0131s\u0131 i\u00e7in geni\u015flik (e)<\/td>\n<td data-label=\"Type\">mm<\/td>\n<td data-label=\"D100\">800<\/td>\n<\/tr>\n<tr>\n<td data-label=\"Specifications\">Dizel kaz\u0131k \u00e7eki\u00e7 merkezi pompa korumas\u0131na kadar (f)<\/td>\n<td data-label=\"Type\">mm<\/td>\n<td data-label=\"D100\">550<\/td>\n<\/tr>\n<tr>\n<td data-label=\"Specifications\">Dizel kaz\u0131k \u00e7ak\u0131c\u0131n\u0131n merkezi, k\u0131lavuz \u00e7enelerin sabitleme vidas\u0131 i\u00e7in di\u015fli deli\u011fin merkezine kadar (g)<\/td>\n<td data-label=\"Type\">mm<\/td>\n<td data-label=\"D100\">350<\/td>\n<\/tr>\n<tr>\n<td data-label=\"Specifications\">Dizel kaz\u0131k \u00e7ak\u0131c\u0131n\u0131n derinli\u011fi (h)<\/td>\n<td data-label=\"Type\">mm<\/td>\n<td data-label=\"D100\">1110<\/td>\n<\/tr>\n<tr>\n<td data-label=\"Specifications\">Dizel kaz\u0131k \u00e7eki\u00e7 merkezinden kur\u015fun merkezine kadar standart mesafe (H)<\/td>\n<td data-label=\"Type\">mm<\/td>\n<td data-label=\"D100\">720<\/td>\n<\/tr>\n<tr>\n<td data-label=\"Specifications\">U\u00e7 geni\u015fli\u011fi (L)<\/td>\n<td data-label=\"Type\">mm<\/td>\n<td data-label=\"D100\">600x(\u03a6102)<\/td>\n<\/tr>\n<\/tbody>\n<\/table>\n<h2>D1oo Dizel \u00c7eki\u00e7 Ambalaj\u0131<\/h2>\n<p><img fetchpriority=\"high\" decoding=\"async\" class=\"size-full wp-image-11326\" src=\"https:\/\/www.juweihammer.com\/wp-content\/uploads\/2024\/09\/D-tubular-diesel-hammer-packaging.webp\" alt=\"D borulu dizel \u00e7eki\u00e7 ambalaj\u0131\" width=\"975\" height=\"696\" srcset=\"https:\/\/www.juweihammer.com\/wp-content\/uploads\/2024\/09\/D-tubular-diesel-hammer-packaging.webp 975w, https:\/\/www.juweihammer.com\/wp-content\/uploads\/2024\/09\/D-tubular-diesel-hammer-packaging-768x548.webp 768w, https:\/\/www.juweihammer.com\/wp-content\/uploads\/2024\/09\/D-tubular-diesel-hammer-packaging-18x12.webp 18w, https:\/\/www.juweihammer.com\/wp-content\/uploads\/2024\/09\/D-tubular-diesel-hammer-packaging-600x428.webp 600w\" sizes=\"(max-width: 975px) 100vw, 975px\" \/><\/p>\n<\/div>","protected":false},"excerpt":{"rendered":"<p><span data-slate-fragment=\"JTVCJTdCJTIydHlwZSUyMiUzQSUyMnBhcmFncmFwaCUyMiUyQyUyMmNoaWxkcmVuJTIyJTNBJTVCJTdCJTIyaWQlMjIlM0ElMjJlNm5BUG44S3ZlJTIyJTJDJTIycGFyYUlkeCUyMiUzQTAlMkMlMjJzcmMlMjIlM0ElMjJUaGUlMjBEJTIwc2VyaWVzJTIwdHVidWxhciUyMGRpZXNlbCUyMHBpbGUlMjBoYW1tZXIlMjBpcyUyMHBvd2VyZnVsJTJDJTIwd2l0aCUyMGhpZ2glMjBzdHJpa2luZyUyMGVuZXJneSUyQyUyMGxvdyUyMGZ1ZWwlMjBjb25zdW1wdGlvbiUyQyUyMGxvdyUyMGZhaWx1cmUlMjByYXRlJTJDJTIwYW5kJTIwbG9uZyUyMGNvbnRpbnVvdXMlMjBjb25zdHJ1Y3Rpb24lMjBvcGVyYXRpb24lMjB0aW1lLiUyMCUyMiUyQyUyMmRzdCUyMiUzQSUyMkQlRTclQjMlQkIlRTUlODglOTclRTclQUUlQTElRTUlQkMlOEYlRTYlOUYlQjQlRTYlQjIlQjklRTYlQTElQTklRTklOTQlQTQlRTUlOEElQTglRTUlOEElOUIlRTUlQkMlQkElRTUlOEElQjIlRUYlQkMlOEMlRTUlODYlQjIlRTUlODclQkIlRTglODMlQkQlRTklODclOEYlRTklQUIlOTglRUYlQkMlOEMlRTYlQjIlQjklRTglODAlOTclRTQlQkQlOEUlRUYlQkMlOEMlRTYlOTUlODUlRTklOUElOUMlRTclOEUlODclRTQlQkQlOEUlRUYlQkMlOEMlRTglQkYlOUUlRTclQkIlQUQlRTYlOTYlQkQlRTUlQjclQTUlRTQlQkQlOUMlRTQlQjglOUElRTYlOTclQjYlRTklOTclQjQlRTklOTUlQkYlRTMlODAlODIlMjIlMkMlMjJtZXRhZGF0YSUyMiUzQSUyMiUyMiUyQyUyMm1ldGFEYXRhJTIyJTNBJTVCJTVEJTJDJTIydGV4dCUyMiUzQSUyMlRoZSUyMEQlMjBzZXJpZXMlMjB0dWJ1bGFyJTIwZGllc2VsJTIwcGlsZSUyMGhhbW1lciUyMGlzJTIwcG93ZXJmdWwlMkMlMjB3aXRoJTIwaGlnaCUyMHN0cmlraW5nJTIwZW5lcmd5JTJDJTIwbG93JTIwZnVlbCUyMGNvbnN1bXB0aW9uJTJDJTIwbG93JTIwZmFpbHVyZSUyMHJhdGUlMkMlMjBhbmQlMjBsb25nJTIwY29udGludW91cyUyMGNvbnN0cnVjdGlvbiUyMG9wZXJhdGlvbiUyMHRpbWUuJTIwJTIyJTdEJTVEJTdEJTVE\">D serisi borulu dizel kaz\u0131k \u00e7ak\u0131c\u0131, y\u00fcksek vuru\u015f enerjisi, d\u00fc\u015f\u00fck yak\u0131t t\u00fcketimi, d\u00fc\u015f\u00fck ar\u0131za oran\u0131 ve uzun s\u00fcrekli in\u015faat \u00e7al\u0131\u015fma s\u00fcresi ile g\u00fc\u00e7l\u00fcd\u00fcr. <\/span><\/p>\n<div data-slate-node=\"element\" data-slate-fragment=\"JTVCJTdCJTIydHlwZSUyMiUzQSUyMnBhcmFncmFwaCUyMiUyQyUyMmNoaWxkcmVuJTIyJTNBJTVCJTdCJTIyaWQlMjIlM0ElMjJWNVhOYlhkTTNlJTIyJTJDJTIycGFyYUlkeCUyMiUzQTIlMkMlMjJzcmMlMjIlM0ElMjJJdCUyMGNhbiUyMGJlJTIwZXF1aXBwZWQlMjB3aXRoJTIwYSUyMGR1YWwlMjBmdWVsJTIwcHVtcCUyMHN5c3RlbSUyQyUyMG9wZW4lMjBhbmQlMjBzZW1pJTIwb3BlbiUyMHN1c3BlbnNpb24lMjBkZXZpY2VzJTJDJTIwb3IlMjBhJTIwbmV3JTIwZmxvYXRpbmclMjBwaWxlJTIwY2FwJTIwdG8lMjBtZWV0JTIwdmFyaW91cyUyMGNvbnN0cnVjdGlvbiUyMG9wZXJhdGlvbiUyMHJlcXVpcmVtZW50cy4lMjIlMkMlMjJkc3QlMjIlM0ElMjIlRTUlQUUlODMlRTUlOEYlQUYlRTQlQkIlQTUlRTklODUlOEQlRTUlQTQlODclRTUlOEYlOEMlRTclODclODMlRTYlOTYlOTklRTYlQjMlQjUlRTclQjMlQkIlRTclQkIlOUYlRTMlODAlODElRTUlQkMlODAlRTYlOTQlQkUlRTUlQkMlOEYlRTUlOTIlOEMlRTUlOEQlOEElRTUlQkMlODAlRTYlOTQlQkUlRTUlQkMlOEYlRTYlODIlQUMlRTYlOEMlODIlRTglQTMlODUlRTclQkQlQUUlRUYlQkMlOEMlRTYlODglOTYlRTYlOTYlQjAlRTclOUElODQlRTYlQjUlQUUlRTUlOEElQTglRTYlQTElQTklRTUlQjglQkQlRUYlQkMlOEMlRTQlQkIlQTUlRTYlQkIlQTElRTglQjYlQjMlRTUlOTAlODQlRTclQTclOEQlRTYlOTYlQkQlRTUlQjclQTUlRTQlQkQlOUMlRTQlQjglOUElRTglQTYlODElRTYlQjElODIlRTMlODAlODIlMjIlMkMlMjJtZXRhZGF0YSUyMiUzQSUyMiUyMiUyQyUyMm1ldGFEYXRhJTIyJTNBJTVCJTVEJTJDJTIydGV4dCUyMiUzQSUyMkl0JTIwY2FuJTIwYmUlMjBlcXVpcHBlZCUyMHdpdGglMjBhJTIwZHVhbCUyMGZ1ZWwlMjBwdW1wJTIwc3lzdGVtJTJDJTIwb3BlbiUyMGFuZCUyMHNlbWklMjBvcGVuJTIwc3VzcGVuc2lvbiUyMGRldmljZXMlMkMlMjBvciUyMGElMjBuZXclMjBmbG9hdGluZyUyMHBpbGUlMjBjYXAlMjB0byUyMG1lZXQlMjB2YXJpb3VzJTIwY29uc3RydWN0aW9uJTIwb3BlcmF0aW9uJTIwcmVxdWlyZW1lbnRzLiUyMiU3RCU1RCU3RCUyQyU3QiUyMnR5cGUlMjIlM0ElMjJwYXJhZ3JhcGglMjIlMkMlMjJjaGlsZHJlbiUyMiUzQSU1QiU3QiUyMmlkJTIyJTNBJTIyenlLMDZLcUptZSUyMiUyQyUyMnBhcmFJZHglMjIlM0EzJTJDJTIyc3JjJTIyJTNBJTIyJTIyJTJDJTIyZHN0JTIyJTNBJTIyJTIyJTJDJTIybWV0YWRhdGElMjIlM0ElMjIlMjIlMkMlMjJtZXRhRGF0YSUyMiUzQSU1QiU1RCUyQyUyMnRleHQlMjIlM0ElMjIlMjIlN0QlNUQlN0QlNUQ=\"><span data-slate-node=\"text\">\u00c7e\u015fitli in\u015faat operasyon gereksinimlerini kar\u015f\u0131lamak i\u00e7in \u00e7ift yak\u0131tl\u0131 pompa sistemi, a\u00e7\u0131k ve yar\u0131 a\u00e7\u0131k s\u00fcspansiyon cihazlar\u0131 veya yeni bir y\u00fczer kaz\u0131k ba\u015fl\u0131\u011f\u0131 ile donat\u0131labilir.<\/span><\/div>","protected":false},"featured_media":2412,"template":"","meta":{"_seopress_robots_primary_cat":"none","_seopress_titles_title":"Supply D100 Diesel Pile Hammer for Offshore and Road","_seopress_titles_desc":"D100 tubular diesel pile hammer is powerful, with high striking energy, low fuel consumption. Get Free Quotes!","_seopress_robots_index":"","site-sidebar-layout":"default","site-content-layout":"","ast-site-content-layout":"default","site-content-style":"default","site-sidebar-style":"default","ast-global-header-display":"","ast-banner-title-visibility":"","ast-main-header-display":"","ast-hfb-above-header-display":"","ast-hfb-below-header-display":"","ast-hfb-mobile-header-display":"","site-post-title":"","ast-breadcrumbs-content":"","ast-featured-img":"","footer-sml-layout":"","theme-transparent-header-meta":"default","adv-header-id-meta":"","stick-header-meta":"","header-above-stick-meta":"","header-main-stick-meta":"","header-below-stick-meta":"","astra-migrate-meta-layouts":"set","ast-page-background-enabled":"default","ast-page-background-meta":{"desktop":{"background-color":"var(--ast-global-color-4)","background-image":"","background-repeat":"repeat","background-position":"center center","background-size":"auto","background-attachment":"scroll","background-type":"","background-media":"","overlay-type":"","overlay-color":"","overlay-opacity":"","overlay-gradient":""},"tablet":{"background-color":"","background-image":"","background-repeat":"repeat","background-position":"center center","background-size":"auto","background-attachment":"scroll","background-type":"","background-media":"","overlay-type":"","overlay-color":"","overlay-opacity":"","overlay-gradient":""},"mobile":{"background-color":"","background-image":"","background-repeat":"repeat","background-position":"center center","background-size":"auto","background-attachment":"scroll","background-type":"","background-media":"","overlay-type":"","overlay-color":"","overlay-opacity":"","overlay-gradient":""}},"ast-content-background-meta":{"desktop":{"background-color":"var(--ast-global-color-5)","background-image":"","background-repeat":"repeat","background-position":"center center","background-size":"auto","background-attachment":"scroll","background-type":"","background-media":"","overlay-type":"","overlay-color":"","overlay-opacity":"","overlay-gradient":""},"tablet":{"background-color":"var(--ast-global-color-5)","background-image":"","background-repeat":"repeat","background-position":"center center","background-size":"auto","background-attachment":"scroll","background-type":"","background-media":"","overlay-type":"","overlay-color":"","overlay-opacity":"","overlay-gradient":""},"mobile":{"background-color":"var(--ast-global-color-5)","background-image":"","background-repeat":"repeat","background-position":"center center","background-size":"auto","background-attachment":"scroll","background-type":"","background-media":"","overlay-type":"","overlay-color":"","overlay-opacity":"","overlay-gradient":""}}},"product_brand":[],"product_cat":[21],"product_tag":[],"class_list":{"0":"post-2411","1":"product","2":"type-product","3":"status-publish","4":"has-post-thumbnail","6":"product_cat-d-diesel-hammer","7":"desktop-align-left","8":"tablet-align-left","9":"mobile-align-left","11":"first","12":"instock","13":"shipping-taxable","14":"product-type-simple"},"_links":{"self":[{"href":"https:\/\/www.juweihammer.com\/tr\/wp-json\/wp\/v2\/product\/2411","targetHints":{"allow":["GET"]}}],"collection":[{"href":"https:\/\/www.juweihammer.com\/tr\/wp-json\/wp\/v2\/product"}],"about":[{"href":"https:\/\/www.juweihammer.com\/tr\/wp-json\/wp\/v2\/types\/product"}],"version-history":[{"count":2,"href":"https:\/\/www.juweihammer.com\/tr\/wp-json\/wp\/v2\/product\/2411\/revisions"}],"predecessor-version":[{"id":11339,"href":"https:\/\/www.juweihammer.com\/tr\/wp-json\/wp\/v2\/product\/2411\/revisions\/11339"}],"wp:featuredmedia":[{"embeddable":true,"href":"https:\/\/www.juweihammer.com\/tr\/wp-json\/wp\/v2\/media\/2412"}],"wp:attachment":[{"href":"https:\/\/www.juweihammer.com\/tr\/wp-json\/wp\/v2\/media?parent=2411"}],"wp:term":[{"taxonomy":"product_brand","embeddable":true,"href":"https:\/\/www.juweihammer.com\/tr\/wp-json\/wp\/v2\/product_brand?post=2411"},{"taxonomy":"product_cat","embeddable":true,"href":"https:\/\/www.juweihammer.com\/tr\/wp-json\/wp\/v2\/product_cat?post=2411"},{"taxonomy":"product_tag","embeddable":true,"href":"https:\/\/www.juweihammer.com\/tr\/wp-json\/wp\/v2\/product_tag?post=2411"}],"curies":[{"name":"wp","href":"https:\/\/api.w.org\/{rel}","templated":true}]}}