{"id":2333,"date":"2024-07-19T08:24:04","date_gmt":"2024-07-19T08:24:04","guid":{"rendered":"https:\/\/www.juweihammer.com\/?post_type=product&#038;p=2333"},"modified":"2024-11-08T02:39:12","modified_gmt":"2024-11-08T02:39:12","slug":"china-d19-diesel-pile-hammer-manufacturer-supplier","status":"publish","type":"product","link":"https:\/\/www.juweihammer.com\/tr\/urun\/china-d19-diesel-pile-hammer-manufacturer-supplier\/","title":{"rendered":"\u00c7in D19 Dizel Kaz\u0131k \u00c7eki\u00e7 | \u00dcretici ve Tedarik\u00e7i"},"content":{"rendered":"<p>Juwei, T\u00fcrkiye'deki<strong> ilk 10<\/strong> d\u00fcnya \u00e7ap\u0131nda dizel \u00e7eki\u00e7 \u00fcreticileri ve tedarik\u00e7ileri. Juwei'nin D serisi dizel kaz\u0131k \u00e7ak\u0131c\u0131lar\u0131 tasar\u0131m, \u00fcretim ve uygulamada 30 y\u0131l\u0131 a\u015fk\u0131n deneyime sahiptir. <span style=\"color: #0000ff;\"><strong>Daha fazlas\u0131n\u0131 \u00f6\u011frenmek i\u00e7in \"Fabrika\" butonuna t\u0131klay\u0131n!<\/strong><\/span><\/p>\n<p><strong>#oplam D Serisi Dizel Kaz\u0131k \u00c7eki\u00e7 Modeli<\/strong><\/p>\n<p>D12, D16, D19, D25, D30, D36, D46, D50, D62, D80, D100, D128, D138, D160, D180, D225, D265, D320, D400. <span style=\"color: #0000ff;\"><strong>Daha fazlas\u0131n\u0131 \u00f6\u011frenmek i\u00e7in \"D Serisi Detaylar\u0131\" butonuna t\u0131klay\u0131n!<\/strong><\/span><\/p>\n<p><strong>1TP5\u00d6zel \u00c7\u00f6z\u00fcmler:<\/strong><\/p>\n<p>M\u00fchendislik ekibimiz, proje durumunuza g\u00f6re \u00e7\u00f6z\u00fcmleri \u00f6zelle\u015ftirebilir. Bir zemin adres raporu, kaz\u0131k tipi ve kaz\u0131k \u00e7akma ekipman\u0131 sa\u011flayabilirsiniz. Tasar\u0131mla uyumlu bir silindir \u00e7eki\u00e7 sa\u011fl\u0131yoruz.<\/p>\n<p><strong>#<\/strong><strong>Hav Tipi:<\/strong><\/p>\n<p>Kaz\u0131k \u00e7ak\u0131m\u0131 i\u00e7in kaz\u0131k t\u00fcrleri aras\u0131nda prekast beton kaz\u0131klar, H-kiri\u015fler, \u00e7elik boru kaz\u0131klar, dairesel kaz\u0131klar, kare kaz\u0131klar, palplan\u015f kaz\u0131klar, ah\u015fap kaz\u0131klar vb. yer almaktad\u0131r.<\/p>\n<p><strong>#Auygulama<\/strong>:<\/p>\n<p>A\u00e7\u0131k deniz projeleri aras\u0131nda r\u00fczgar enerjisi \u00fcretimi, enerji, k\u00f6pr\u00fcler, limanlar, r\u0131ht\u0131m in\u015faat\u0131 ve petrol ve gaz \u00e7\u0131karma yer almaktad\u0131r. Ayr\u0131ca yol ve in\u015faat m\u00fchendisli\u011fi projeleri, kamu hizmetleri, in\u015faat hizmetleri, batardolar, k\u00f6pr\u00fcler, fotovoltaikler ve \u00e7evre i\u00e7in de ge\u00e7erlidir. <span style=\"color: #0000ff;\"><strong>Daha fazlas\u0131n\u0131 \u00f6\u011frenmek i\u00e7in \"Projeler\" butonuna t\u0131klay\u0131n!<\/strong><\/span><\/p>\n<p><strong>1TP5Paketleme ve Nakliye<\/strong>:<\/p>\n<p>Paketleme: Paketleme i\u00e7in ihracat standard\u0131 \u00e7elik ta\u015f\u0131ma ara\u00e7lar\u0131n\u0131n kullan\u0131lmas\u0131<br \/>\nNakliye: 20GP veya 40GP konteyner ta\u015f\u0131mac\u0131l\u0131\u011f\u0131<\/p>\n<p><strong>#Exported to Many Countries<\/strong><\/p>\n<p>Bu \u00fcr\u00fcn Avrupa, Rusya, G\u00fcneydo\u011fu Asya, Kuzey Amerika, G\u00fcney Amerika, Orta Do\u011fu, Afrika ve di\u011fer b\u00f6lgelere ihra\u00e7 edilmektedir.<\/p>\n<p><strong>#eknik \u00d6zellikler:<\/strong><\/p>\n<style>\n    .table-container {<br \/>        overflow-x: auto;<br \/>        margin: 0 auto;<br \/>    }<br \/>    table {<br \/>        width: 100%;<br \/>        border-collapse: collapse;<br \/>    }<br \/>    th, td {<br \/>        padding: 8px;<br \/>        border: 1px solid #ddd;<br \/>        text-align: left;<br \/>    }<br \/>    @media screen and (max-width: 600px) {<br \/>        table, thead, tbody, th, td, tr {<br \/>            display: block;<br \/>            width: 100%;<br \/>        }<br \/>        thead tr {<br \/>            display: none;<br \/>        }<br \/>        tr {<br \/>            margin-bottom: 15px;<br \/>        }<br \/>        td {<br \/>            text-align: right;<br \/>            padding-left: 50%;<br \/>            position: relative;<br \/>        }<br \/>        td:before {<br \/>            content: attr(data-label);<br \/>            position: absolute;<br \/>            left: 0;<br \/>            width: 50%;<br \/>            padding-left: 10px;<br \/>            font-weight: bold;<br \/>            text-align: left;<br \/>        }<br \/>    }<br \/><\/style>\n<div class=\"table-container\">\n<table>\n<thead>\n<tr>\n<th>Teknik \u00d6zellikler<\/th>\n<th>Tip<\/th>\n<th>D19<\/th>\n<\/tr>\n<\/thead>\n<tbody>\n<tr>\n<td data-label=\"Specifications\">Darbe A\u011f\u0131rl\u0131\u011f\u0131 (piston)<\/td>\n<td data-label=\"Type\">kg<\/td>\n<td data-label=\"D19\">1820<\/td>\n<\/tr>\n<tr>\n<td data-label=\"Specifications\">Darbe ba\u015f\u0131na enerji<\/td>\n<td data-label=\"Type\">KNm<\/td>\n<td data-label=\"D19\">65.52~45.68<\/td>\n<\/tr>\n<tr>\n<td data-label=\"Specifications\">Darbe say\u0131s\u0131<\/td>\n<td data-label=\"Type\">min-l<\/td>\n<td data-label=\"D19\">35~42<\/td>\n<\/tr>\n<tr>\n<td data-label=\"Specifications\">Kaz\u0131k \u00fczerindeki patlama bas\u0131nc\u0131 kuvveti maks.<\/td>\n<td data-label=\"Type\">KN<\/td>\n<td data-label=\"D19\">686<\/td>\n<\/tr>\n<tr>\n<td data-label=\"Specifications\">'ye kadar kaz\u0131k \u00e7akmak i\u00e7in uygundur.<\/td>\n<td data-label=\"Type\">Kg<\/td>\n<td data-label=\"D19\">6600<\/td>\n<\/tr>\n<tr>\n<td data-label=\"Specifications\">A\u00e7ma tertibat\u0131n\u0131n sapt\u0131r\u0131c\u0131 kasna\u011f\u0131 i\u00e7in izin verilen halat \u00e7ap\u0131 maks.<\/td>\n<td data-label=\"Type\">mm<\/td>\n<td data-label=\"D19\">20<\/td>\n<\/tr>\n<tr>\n<td data-label=\"Specifications\">Dizel ya\u011f<\/td>\n<td data-label=\"Type\">L\/h<\/td>\n<td data-label=\"D19\">7.5<\/td>\n<\/tr>\n<tr>\n<td data-label=\"Specifications\">Ya\u011flay\u0131c\u0131<\/td>\n<td data-label=\"Type\">L\/h<\/td>\n<td data-label=\"D19\">0.6<\/td>\n<\/tr>\n<tr>\n<td data-label=\"Specifications\">Dizel ya\u011f tank\u0131<\/td>\n<td data-label=\"Type\">L<\/td>\n<td data-label=\"D19\">32<\/td>\n<\/tr>\n<tr>\n<td data-label=\"Specifications\">Ya\u011flama tank\u0131<\/td>\n<td data-label=\"Type\">L<\/td>\n<td data-label=\"D19\">9<\/td>\n<\/tr>\n<tr>\n<td data-label=\"Specifications\">Dizel kaz\u0131k \u00e7ak\u0131c\u0131 yakla\u015f\u0131k.<\/td>\n<td data-label=\"Type\">kg<\/td>\n<td data-label=\"D19\">3695<\/td>\n<\/tr>\n<tr>\n<td data-label=\"Specifications\">A\u00e7ma cihaz\u0131 yakla\u015f\u0131k<\/td>\n<td data-label=\"Type\">kg<\/td>\n<td data-label=\"D19\">100<\/td>\n<\/tr>\n<tr>\n<td data-label=\"Specifications\">Ta\u015f\u0131ma braketi\/be\u015fi\u011fi yakl.<\/td>\n<td data-label=\"Type\">kg<\/td>\n<td data-label=\"D19\">11<\/td>\n<\/tr>\n<tr>\n<td data-label=\"Specifications\">Nakliye g\u00f6revlisi yakla\u015f\u0131k.<\/td>\n<td data-label=\"Type\">kg<\/td>\n<td data-label=\"D19\">15<\/td>\n<\/tr>\n<tr>\n<td data-label=\"Specifications\">Alet kutusu yakla\u015f\u0131k<\/td>\n<td data-label=\"Type\">kg<\/td>\n<td data-label=\"D19\">75<\/td>\n<\/tr>\n<tr>\n<td data-label=\"Specifications\">Dizel kaz\u0131k \u00e7ak\u0131c\u0131n\u0131n uzunlu\u011fu (a\/al)<\/td>\n<td data-label=\"Type\">mm<\/td>\n<td data-label=\"D19\">5158<\/td>\n<\/tr>\n<tr>\n<td data-label=\"Specifications\">Darbe blo\u011funun d\u0131\u015f \u00e7ap\u0131 (b)<\/td>\n<td data-label=\"Type\">mm<\/td>\n<td data-label=\"D19\">440<\/td>\n<\/tr>\n<tr>\n<td data-label=\"Specifications\">K\u0131lavuz \u00e7enelerin sabitleme vidalar\u0131 \u00fczerinden \u00f6l\u00e7\u00fclen genel boyutlar (c)<\/td>\n<td data-label=\"Type\">mm<\/td>\n<td data-label=\"D19\">560<\/td>\n<\/tr>\n<tr>\n<td data-label=\"Specifications\">Dizel kaz\u0131k \u00e7ak\u0131c\u0131n\u0131n geni\u015fli\u011fi (d)<\/td>\n<td data-label=\"Type\">mm<\/td>\n<td data-label=\"D19\">485<\/td>\n<\/tr>\n<tr>\n<td data-label=\"Specifications\">K\u0131lavuz \u00e7enelerin ba\u011flant\u0131s\u0131 i\u00e7in geni\u015flik (e)<\/td>\n<td data-label=\"Type\">mm<\/td>\n<td data-label=\"D19\">320<\/td>\n<\/tr>\n<tr>\n<td data-label=\"Specifications\">Dizel kaz\u0131k \u00e7eki\u00e7 merkezi pompa korumas\u0131na kadar (f)<\/td>\n<td data-label=\"Type\">mm<\/td>\n<td data-label=\"D19\">345<\/td>\n<\/tr>\n<tr>\n<td data-label=\"Specifications\">Dizel kaz\u0131k \u00e7ak\u0131c\u0131n\u0131n merkezi, k\u0131lavuz \u00e7enelerin sabitleme vidas\u0131 i\u00e7in di\u015fli deli\u011fin merkezine kadar (g)<\/td>\n<td data-label=\"Type\">mm<\/td>\n<td data-label=\"D19\">280<\/td>\n<\/tr>\n<tr>\n<td data-label=\"Specifications\">Dizel kaz\u0131k \u00e7ak\u0131c\u0131n\u0131n derinli\u011fi (h)<\/td>\n<td data-label=\"Type\">mm<\/td>\n<td data-label=\"D19\">665<\/td>\n<\/tr>\n<tr>\n<td data-label=\"Specifications\">Dizel kaz\u0131k \u00e7eki\u00e7 merkezinden kur\u015fun merkezine kadar standart mesafe (H)<\/td>\n<td data-label=\"Type\">mm<\/td>\n<td data-label=\"D19\">440<\/td>\n<\/tr>\n<tr>\n<td data-label=\"Specifications\">U\u00e7 geni\u015fli\u011fi (L)<\/td>\n<td data-label=\"Type\">mm<\/td>\n<td data-label=\"D19\">330x(\u03a670)<\/td>\n<\/tr>\n<\/tbody>\n<\/table>\n<h2>D19-42 Dizel \u00c7eki\u00e7 Ambalaj\u0131<\/h2>\n<p><img fetchpriority=\"high\" decoding=\"async\" class=\"size-full wp-image-11326\" src=\"https:\/\/www.juweihammer.com\/wp-content\/uploads\/2024\/09\/D-tubular-diesel-hammer-packaging.webp\" alt=\"D borulu dizel \u00e7eki\u00e7 ambalaj\u0131\" width=\"975\" height=\"696\" srcset=\"https:\/\/www.juweihammer.com\/wp-content\/uploads\/2024\/09\/D-tubular-diesel-hammer-packaging.webp 975w, https:\/\/www.juweihammer.com\/wp-content\/uploads\/2024\/09\/D-tubular-diesel-hammer-packaging-768x548.webp 768w, https:\/\/www.juweihammer.com\/wp-content\/uploads\/2024\/09\/D-tubular-diesel-hammer-packaging-18x12.webp 18w, https:\/\/www.juweihammer.com\/wp-content\/uploads\/2024\/09\/D-tubular-diesel-hammer-packaging-600x428.webp 600w\" sizes=\"(max-width: 975px) 100vw, 975px\" \/><\/p>\n<\/div>","protected":false},"excerpt":{"rendered":"<p>D serisi dizel kaz\u0131k \u00e7ak\u0131c\u0131 \u015fu anda en yayg\u0131n kullan\u0131lan kaz\u0131k \u00e7akma temel in\u015faat ekipman\u0131d\u0131r<\/p>\n<ul>\n<li>Darbe A\u011f\u0131rl\u0131\u011f\u0131 (Piston): 1,82 ton<\/li>\n<li>Impac Enerji: 65,52~45,68 Kj<\/li>\n<li>D\u00fc\u015f\u00fck Yak\u0131t T\u00fcketimi<\/li>\n<li><span data-slate-fragment=\"JTVCJTdCJTIydHlwZSUyMiUzQSUyMnBhcmFncmFwaCUyMiUyQyUyMmNoaWxkcmVuJTIyJTNBJTVCJTdCJTIyaWQlMjIlM0ElMjJlM29YZGRuUVllJTIyJTJDJTIycGFyYUlkeCUyMiUzQTAlMkMlMjJzcmMlMjIlM0ElMjJIaWdoJTIwU3RyaWtlJTIwV2ZmaWNpZW5jeSUyMiUyQyUyMmRzdCUyMiUzQSUyMiVFOSVBQiU5OCVFNiU4OSU5MyVFNSU4NyVCQiVFNiU5NSU4OCVFNyU4RSU4NyUyMiUyQyUyMm1ldGFkYXRhJTIyJTNBJTIyJTIyJTJDJTIybWV0YURhdGElMjIlM0ElNUIlNUQlMkMlMjJ0ZXh0JTIyJTNBJTIySGlnaCUyMFN0cmlrZSUyMFdmZmljaWVuY3klMjIlN0QlNUQlN0QlNUQ=\">Y\u00fcksek Vuru\u015f Verimlili\u011fi<\/span><\/li>\n<li>Uzun Hizmet \u00d6mr\u00fc<\/li>\n<\/ul>","protected":false},"featured_media":2334,"template":"","meta":{"_seopress_robots_primary_cat":"none","_seopress_titles_title":"China D19 Diesel Pile Hammer Supplier & Manufacturer","_seopress_titles_desc":"D19 tubular diesel pile hammer is widely used pile driving foundation construction equipment. Impact Weight (Piston): 1.82 tons. Get Quotes!","_seopress_robots_index":"","site-sidebar-layout":"default","site-content-layout":"","ast-site-content-layout":"default","site-content-style":"default","site-sidebar-style":"default","ast-global-header-display":"","ast-banner-title-visibility":"","ast-main-header-display":"","ast-hfb-above-header-display":"","ast-hfb-below-header-display":"","ast-hfb-mobile-header-display":"","site-post-title":"","ast-breadcrumbs-content":"","ast-featured-img":"","footer-sml-layout":"","theme-transparent-header-meta":"default","adv-header-id-meta":"","stick-header-meta":"","header-above-stick-meta":"","header-main-stick-meta":"","header-below-stick-meta":"","astra-migrate-meta-layouts":"set","ast-page-background-enabled":"default","ast-page-background-meta":{"desktop":{"background-color":"var(--ast-global-color-4)","background-image":"","background-repeat":"repeat","background-position":"center center","background-size":"auto","background-attachment":"scroll","background-type":"","background-media":"","overlay-type":"","overlay-color":"","overlay-opacity":"","overlay-gradient":""},"tablet":{"background-color":"","background-image":"","background-repeat":"repeat","background-position":"center center","background-size":"auto","background-attachment":"scroll","background-type":"","background-media":"","overlay-type":"","overlay-color":"","overlay-opacity":"","overlay-gradient":""},"mobile":{"background-color":"","background-image":"","background-repeat":"repeat","background-position":"center center","background-size":"auto","background-attachment":"scroll","background-type":"","background-media":"","overlay-type":"","overlay-color":"","overlay-opacity":"","overlay-gradient":""}},"ast-content-background-meta":{"desktop":{"background-color":"var(--ast-global-color-5)","background-image":"","background-repeat":"repeat","background-position":"center center","background-size":"auto","background-attachment":"scroll","background-type":"","background-media":"","overlay-type":"","overlay-color":"","overlay-opacity":"","overlay-gradient":""},"tablet":{"background-color":"var(--ast-global-color-5)","background-image":"","background-repeat":"repeat","background-position":"center center","background-size":"auto","background-attachment":"scroll","background-type":"","background-media":"","overlay-type":"","overlay-color":"","overlay-opacity":"","overlay-gradient":""},"mobile":{"background-color":"var(--ast-global-color-5)","background-image":"","background-repeat":"repeat","background-position":"center center","background-size":"auto","background-attachment":"scroll","background-type":"","background-media":"","overlay-type":"","overlay-color":"","overlay-opacity":"","overlay-gradient":""}}},"product_brand":[],"product_cat":[21],"product_tag":[],"class_list":{"0":"post-2333","1":"product","2":"type-product","3":"status-publish","4":"has-post-thumbnail","6":"product_cat-d-diesel-hammer","7":"desktop-align-left","8":"tablet-align-left","9":"mobile-align-left","11":"first","12":"instock","13":"shipping-taxable","14":"product-type-simple"},"_links":{"self":[{"href":"https:\/\/www.juweihammer.com\/tr\/wp-json\/wp\/v2\/product\/2333","targetHints":{"allow":["GET"]}}],"collection":[{"href":"https:\/\/www.juweihammer.com\/tr\/wp-json\/wp\/v2\/product"}],"about":[{"href":"https:\/\/www.juweihammer.com\/tr\/wp-json\/wp\/v2\/types\/product"}],"version-history":[{"count":2,"href":"https:\/\/www.juweihammer.com\/tr\/wp-json\/wp\/v2\/product\/2333\/revisions"}],"predecessor-version":[{"id":11348,"href":"https:\/\/www.juweihammer.com\/tr\/wp-json\/wp\/v2\/product\/2333\/revisions\/11348"}],"wp:featuredmedia":[{"embeddable":true,"href":"https:\/\/www.juweihammer.com\/tr\/wp-json\/wp\/v2\/media\/2334"}],"wp:attachment":[{"href":"https:\/\/www.juweihammer.com\/tr\/wp-json\/wp\/v2\/media?parent=2333"}],"wp:term":[{"taxonomy":"product_brand","embeddable":true,"href":"https:\/\/www.juweihammer.com\/tr\/wp-json\/wp\/v2\/product_brand?post=2333"},{"taxonomy":"product_cat","embeddable":true,"href":"https:\/\/www.juweihammer.com\/tr\/wp-json\/wp\/v2\/product_cat?post=2333"},{"taxonomy":"product_tag","embeddable":true,"href":"https:\/\/www.juweihammer.com\/tr\/wp-json\/wp\/v2\/product_tag?post=2333"}],"curies":[{"name":"wp","href":"https:\/\/api.w.org\/{rel}","templated":true}]}}