{"id":2579,"date":"2024-07-24T07:06:29","date_gmt":"2024-07-24T07:06:29","guid":{"rendered":"https:\/\/www.juweihammer.com\/?post_type=product&#038;p=2579"},"modified":"2024-11-08T02:42:30","modified_gmt":"2024-11-08T02:42:30","slug":"dd105-diesel-hammer-pile-driver-with-leads-manufacturer","status":"publish","type":"product","link":"https:\/\/www.juweihammer.com\/ro\/produs\/dd105-diesel-hammer-pile-driver-with-leads-manufacturer\/","title":{"rendered":"DD105 Diesel Hammer Pile Driver cu Leads | Producator"},"content":{"rendered":"<p><span data-slate-fragment=\"JTVCJTdCJTIydHlwZSUyMiUzQSUyMnBhcmFncmFwaCUyMiUyQyUyMmNoaWxkcmVuJTIyJTNBJTVCJTdCJTIyaWQlMjIlM0ElMjJCWnlwQWdqNVF6JTIyJTJDJTIycGFyYUlkeCUyMiUzQTAlMkMlMjJzcmMlMjIlM0ElMjJKdXdlaSUyMGlzJTIwdGhlJTIwdG9wJTIwMSUyMG1hbnVmYWN0dXJlcnMlMjBhbmQlMjBzdXBwbGllcnMlMjBvZiUyMEREJTIwcmFpbCUyMGhhbW1lcnMlMjBpbiUyMENoaW5hJTIyJTJDJTIyZHN0JTIyJTNBJTIyJUU1JUI3JUE4JUU1JUE4JTgxJUU2JTk4JUFGJUU0JUI4JUFEJUU1JTlCJUJEREQlRTklOTIlQTIlRTglQkQlQTglRTklOTQlQTQlRTclOUElODQlRTclQUMlQUMlRTQlQjglODAlRTUlQTQlQTclRTUlODglQjYlRTklODAlQTAlRTUlOTUlODYlRTUlOTIlOEMlRTQlQkUlOUIlRTUlQkElOTQlRTUlOTUlODYlMjIlMkMlMjJtZXRhZGF0YSUyMiUzQSUyMiUyMiUyQyUyMm1ldGFEYXRhJTIyJTNBJTVCJTVEJTJDJTIydGV4dCUyMiUzQSUyMkp1d2VpJTIwaXMlMjB0aGUlMjB0b3AlMjAxJTIwbWFudWZhY3R1cmVycyUyMGFuZCUyMHN1cHBsaWVycyUyMG9mJTIwREQlMjByYWlsJTIwaGFtbWVycyUyMGluJTIwQ2hpbmElMjIlN0QlNUQlN0QlNUQ=\">Juwei este top 1 produc\u0103tori \u0219i furnizori de tij\u0103 de ghidare DD diesel ciocan de pilo\u021bi \u00een China. <\/span>Ciocanul diesel pentru baterea pilo\u021bilor Juwei din seria DD are peste 30 de ani de experien\u021b\u0103 \u00een proiectare, produc\u021bie \u0219i aplicare. <span style=\"color: #0000ff;\"><strong>Face\u021bi clic pe butonul \"Fabrica\" pentru a afla mai multe!<\/strong><\/span><\/p>\n<p><strong>Ciocanul diesel cu tij\u0103 de ghidare D poate fi \u00eemp\u0103r\u021bit \u00een tipuri u\u0219oare, medii \u0219i grele.<\/strong><\/p>\n<p><strong><b># Model de lumin\u0103<\/b><\/strong><\/p>\n<p>Modelul include: DD4, DD6, DD12, DD18, DD25, DD30<\/p>\n<p>Ciocanul diesel u\u0219or de tip tij\u0103 de ghidare este proiectat pentru a conduce \u00een subteran st\u00e2lpi din beton armat, st\u00e2lpi metalici, st\u00e2lpi din lemn \u0219i st\u00e2lpi din tabl\u0103. Acest dispozitiv multifunc\u021bional este crucial \u00een diverse aplica\u021bii de construc\u021bie, inclusiv:<\/p>\n<ul>\n<li>Proiecte de inginerie \u00een domeniul energiei electrice<\/li>\n<li>Funda\u021bia industriei petrolului \u0219i gazelor<\/li>\n<li>Construc\u021bia de funda\u021bii \u0219i platforme pentru cl\u0103diri industriale \u0219i civile<\/li>\n<\/ul>\n<p>Acest echipament de batere a pilo\u021bilor este de obicei instalat pe utilaje pe \u0219enile \u0219i pe ro\u021bi. Modernizarea macaralelor pe \u0219enile \u0219i a excavatoarelor implic\u0103 instalarea de pilo\u021bi pentru a ob\u021bine o func\u021bionare eficient\u0103.<\/p>\n<p>Principalele caracteristici ale acestui echipament u\u0219or de batere a pilo\u021bilor includ for\u021ba sa de impact enorm\u0103 \u0219i inelele de piston durabile. Acest ciocan este exportat pe scar\u0103 larg\u0103 \u00een regiuni precum Rusia, Indonezia, Filipine, Africa \u0219i Asia de Sud-Est, iar fiabilitatea \u0219i performan\u021ba sa au fost recunoscute.<\/p>\n<p><strong># Model mediu<\/strong><\/p>\n<p>Modelul include: DD35, DD45, DD55, DD65, DD75, DD85, DD105<\/p>\n<p>Ciocanul pentru pilo\u021bi cu tij\u0103 de ghidare medie este adecvat pentru baterea diferitelor tipuri de pilo\u021bi, inclusiv pilo\u021bi din beton armat, pilo\u021bi din o\u021bel, pilo\u021bi din tabl\u0103, grinzi H, pilo\u021bi rotunzi, pilo\u021bi p\u0103tra\u021bi \u0219i pilo\u021bi din lemn. Acest echipament de batere a pilo\u021bilor de dimensiuni medii este foarte potrivit pentru funda\u021bii \u0219i structuri de sus\u021binere \u00een urm\u0103toarele domenii:<\/p>\n<ul>\n<li>Industria petrolului \u0219i a gazelor<\/li>\n<li>Electricitate \u0219i energie<\/li>\n<li>Industrie<\/li>\n<li>inginerie civil\u0103<\/li>\n<li>inginerie hidraulic\u0103<\/li>\n<\/ul>\n<p>Acest ciocan pentru batere de pilo\u021bi este compatibil cu macarale pe \u0219enile, excavatoare, batere de pilo\u021bi cu catarge, batere de pilo\u021bi plutitoare \u0219i batere de pilo\u021bi pe jos \u0219i are versatilitate \u0219i eficien\u021b\u0103.<br \/>\nCiocanele noastre diesel DD medii sunt exportate pe scar\u0103 larg\u0103 \u00een Asia de Sud-Est, Orientul Mijlociu, Europa, Africa \u0219i America de Sud.<\/p>\n<p><strong>#Heavy Model<\/strong><\/p>\n<p>Modelul include: DD128, DD160, DD180, DD200, DD220, DD300, DD350, DD400, DD450, DD500<\/p>\n<p>Ciocanul diesel pentru pilo\u021bi DD greu are cea mai grea component\u0103 de impact, ceea ce \u00eel face cel mai eficient echipament pentru opera\u021biunile de batere a pilo\u021bilor. Este o alegere ideal\u0103 pentru urm\u0103toarele scopuri:<\/p>\n<ul>\n<li><span data-slate-fragment=\"JTVCJTdCJTIydHlwZSUyMiUzQSUyMnBhcmFncmFwaCUyMiUyQyUyMmNoaWxkcmVuJTIyJTNBJTVCJTdCJTIyaWQlMjIlM0ElMjJlRU5SazlnUjdWJTIyJTJDJTIycGFyYUlkeCUyMiUzQTElMkMlMjJzcmMlMjIlM0ElMjJPZmZzaG9yZSUyME9wZXJhdGlvbnMlMjIlMkMlMjJkc3QlMjIlM0ElMjJPZmZzaG9yZSUyME9wZXJhdGlvbnMlMjIlMkMlMjJtZXRhZGF0YSUyMiUzQSUyMiUyMiUyQyUyMm1ldGFEYXRhJTIyJTNBJTVCJTVEJTJDJTIydGV4dCUyMiUzQSUyMk9mZnNob3JlJTIwT3BlcmF0aW9ucyUyMiU3RCU1RCU3RCU1RA==\">Opera\u021biuni offshore<\/span><\/li>\n<li><span data-slate-fragment=\"JTVCJTdCJTIydHlwZSUyMiUzQSUyMnBhcmFncmFwaCUyMiUyQyUyMmNoaWxkcmVuJTIyJTNBJTVCJTdCJTIyaWQlMjIlM0ElMjJCbzEwNjRQMG5WJTIyJTJDJTIycGFyYUlkeCUyMiUzQTIlMkMlMjJzcmMlMjIlM0ElMjJPZmZzaG9yZSUyMERyaWxsaW5nJTIwUGxhdGZvcm1zJTIyJTJDJTIyZHN0JTIyJTNBJTIyT2Zmc2hvcmUlMjBEcmlsbGluZyUyMFBsYXRmb3JtcyUyMiUyQyUyMm1ldGFkYXRhJTIyJTNBJTIyJTIyJTJDJTIybWV0YURhdGElMjIlM0ElNUIlNUQlMkMlMjJ0ZXh0JTIyJTNBJTIyT2Zmc2hvcmUlMjBEcmlsbGluZyUyMFBsYXRmb3JtcyUyMiU3RCU1RCU3RCU1RA==\">Platforme de foraj offshore<\/span><\/li>\n<li><span data-slate-fragment=\"JTVCJTdCJTIydHlwZSUyMiUzQSUyMnBhcmFncmFwaCUyMiUyQyUyMmNoaWxkcmVuJTIyJTNBJTVCJTdCJTIyaWQlMjIlM0ElMjJWMHJZOW9MWUFCJTIyJTJDJTIycGFyYUlkeCUyMiUzQTMlMkMlMjJzcmMlMjIlM0ElMjJEZWVwd2F0ZXIlMjBQb3J0cyUyMiUyQyUyMmRzdCUyMiUzQSUyMkRlZXB3YXRlciUyMFBvcnRzJTIyJTJDJTIybWV0YWRhdGElMjIlM0ElMjIlMjIlMkMlMjJtZXRhRGF0YSUyMiUzQSU1QiU1RCUyQyUyMnRleHQlMjIlM0ElMjJEZWVwd2F0ZXIlMjBQb3J0cyUyMiU3RCU1RCU3RCU1RA==\">Porturi de mare ad\u00e2ncime<\/span><\/li>\n<li><span data-slate-fragment=\"JTVCJTdCJTIydHlwZSUyMiUzQSUyMnBhcmFncmFwaCUyMiUyQyUyMmNoaWxkcmVuJTIyJTNBJTVCJTdCJTIyaWQlMjIlM0ElMjJlSlJHNGdPR0RlJTIyJTJDJTIycGFyYUlkeCUyMiUzQTQlMkMlMjJzcmMlMjIlM0ElMjJCcmlkZ2UlMjBDb25zdHJ1Y3Rpb24lMjIlMkMlMjJkc3QlMjIlM0ElMjJCcmlkZ2UlMjBDb25zdHJ1Y3Rpb24lMjIlMkMlMjJtZXRhZGF0YSUyMiUzQSUyMiUyMiUyQyUyMm1ldGFEYXRhJTIyJTNBJTVCJTVEJTJDJTIydGV4dCUyMiUzQSUyMkJyaWRnZSUyMENvbnN0cnVjdGlvbiUyMiU3RCU1RCU3RCU1RA==\">Construc\u021bia de poduri<\/span><\/li>\n<li><span data-slate-fragment=\"JTVCJTdCJTIydHlwZSUyMiUzQSUyMnBhcmFncmFwaCUyMiUyQyUyMmNoaWxkcmVuJTIyJTNBJTVCJTdCJTIyaWQlMjIlM0ElMjJCWHd5RFBPeTd6JTIyJTJDJTIycGFyYUlkeCUyMiUzQTUlMkMlMjJzcmMlMjIlM0ElMjJCb3RoJTIwVGVycmVzdHJpYWwlMjBhbmQlMjBBcXVhdGljJTIwQnVpbGRpbmclMjBQcm9qZWN0cyUyMiUyQyUyMmRzdCUyMiUzQSUyMkJvdGglMjBUZXJyZXN0cmlhbCUyMGFuZCUyMEFxdWF0aWMlMjBCdWlsZGluZyUyMFByb2plY3RzJTIyJTJDJTIybWV0YWRhdGElMjIlM0ElMjIlMjIlMkMlMjJtZXRhRGF0YSUyMiUzQSU1QiU1RCUyQyUyMnRleHQlMjIlM0ElMjJUZXJyZXN0cmlhbCUyMGFuZCUyMEFxdWF0aWMlMjBCdWlsZGluZyUyMFByb2plY3RzJTIyJTdEJTVEJTdEJTVE\">Proiecte de construc\u021bie terestr\u0103 \u0219i acvatic\u0103<\/span><\/li>\n<\/ul>\n<p>Ciocanele noastre diesel de mare putere sunt utilizate pe scar\u0103 larg\u0103 \u00een America de Nord, America de Sud, Orientul Mijlociu, Asia, Africa, Europa, Rusia \u0219i Turcia.<br \/>\nDD-128 \u0219i DD-200: echipate cu dou\u0103 \u0219ine de ghidare pentru deplasarea componentelor de impact.<br \/>\nDD-300 \u0219i modelele mai grele: folosind patru \u0219ine de ghidare, pot fi stivuite la o \u00eenclinare de 1:3<\/p>\n<p><span style=\"color: #0000ff;\"><strong>Face\u021bi clic pe butonul \"Detalii despre seria DD\" pentru a afla mai multe!<\/strong><\/span><\/p>\n<p><strong>Solu\u021bii personalizate #C:<\/strong><\/p>\n<p>Echipa noastr\u0103 de ingineri poate personaliza solu\u021biile \u00een func\u021bie de situa\u021bia proiectului dumneavoastr\u0103. Pute\u021bi furniza un raport privind adresa solului, tipul de st\u00e2lp \u0219i echipamentul de batere a st\u00e2lpilor. Noi furniz\u0103m un ciocan cilindric compatibil cu proiectul.<\/p>\n<p><strong>1TP5\u00cempachetare \u0219i transport<\/strong>:<\/p>\n<p>Ambalare: Utilizarea instrumentelor de transport din o\u021bel standard de export pentru ambalare<br \/>\nTransport: transport \u00een containere 20GP sau 40GP<\/p>\n<p><strong>#Specifica\u021bii:<\/strong><\/p>\n<style>\n    .table-container {<br \/>        overflow-x: auto;<br \/>        margin: 0 auto;<br \/>    }<br \/>    table {<br \/>        width: 100%;<br \/>        border-collapse: collapse;<br \/>    }<br \/>    th, td {<br \/>        padding: 8px;<br \/>        border: 1px solid #ddd;<br \/>        text-align: left;<br \/>    }<br \/>    @media screen and (max-width: 600px) {<br \/>        table, thead, tbody, th, td, tr {<br \/>            display: block;<br \/>            width: 100%;<br \/>        }<br \/>        thead tr {<br \/>            display: none;<br \/>        }<br \/>        tr {<br \/>            margin-bottom: 15px;<br \/>        }<br \/>        td {<br \/>            text-align: right;<br \/>            padding-left: 50%;<br \/>            position: relative;<br \/>        }<br \/>        td:before {<br \/>            content: attr(data-label);<br \/>            position: absolute;<br \/>            left: 0;<br \/>            width: 50%;<br \/>            padding-left: 10px;<br \/>            font-weight: bold;<br \/>            text-align: left;<br \/>        }<br \/>    }<br \/><\/style>\n<div class=\"table-container\">\n<table>\n<thead>\n<tr>\n<th>Specifica\u021bii<\/th>\n<th>Tip<\/th>\n<th>DD105<\/th>\n<\/tr>\n<\/thead>\n<tbody>\n<tr>\n<td data-label=\"Specifications\">Cilindru Masa complex\u0103<\/td>\n<td data-label=\"Type\">kg<\/td>\n<td data-label=\"DD25\">10500<\/td>\n<\/tr>\n<tr>\n<td data-label=\"Specifications\">Max. Cursa cilindrului<\/td>\n<td data-label=\"Type\">m<\/td>\n<td data-label=\"DD25\">3<\/td>\n<\/tr>\n<tr>\n<td data-label=\"Specifications\">Frecven\u021ba<\/td>\n<td data-label=\"Type\">min-l<\/td>\n<td data-label=\"DD25\">38~50<\/td>\n<\/tr>\n<tr>\n<td data-label=\"Specifications\">Max. Energie<\/td>\n<td data-label=\"Type\">kj<\/td>\n<td data-label=\"DD25\">315<\/td>\n<\/tr>\n<tr>\n<td data-label=\"Specifications\">Consumul de ulei<\/td>\n<td data-label=\"Type\">L\/h<\/td>\n<td data-label=\"DD25\">31<\/td>\n<\/tr>\n<tr>\n<td data-label=\"Specifications\">For\u021ba de explozie Pilo\u021bi<\/td>\n<td data-label=\"Type\">KN<\/td>\n<td data-label=\"DD25\">2950<\/td>\n<\/tr>\n<tr>\n<td data-label=\"Specifications\">Raport de reducere<\/td>\n<td data-label=\"Type\"><\/td>\n<td data-label=\"DD25\">25<\/td>\n<\/tr>\n<tr>\n<td data-label=\"Specifications\">Masa ciocanului<\/td>\n<td data-label=\"Type\">kg<\/td>\n<td data-label=\"DD25\">19600<\/td>\n<\/tr>\n<tr>\n<td data-label=\"Specifications\">Distan\u021ba de ghidare<\/td>\n<td data-label=\"Type\">mm<\/td>\n<td data-label=\"DD25\">330-600<\/td>\n<\/tr>\n<\/tbody>\n<\/table>\n<h2>DD105 Diesel Hammer Pile Driver ambalare<\/h2>\n<p><img fetchpriority=\"high\" decoding=\"async\" class=\"size-full wp-image-11327\" src=\"https:\/\/www.juweihammer.com\/wp-content\/uploads\/2024\/09\/DD-guide-rod-diesel-hammer-packaging.webp\" alt=\"DD tij\u0103 de ghidare ciocan diesel ambalare\" width=\"975\" height=\"696\" srcset=\"https:\/\/www.juweihammer.com\/wp-content\/uploads\/2024\/09\/DD-guide-rod-diesel-hammer-packaging.webp 975w, https:\/\/www.juweihammer.com\/wp-content\/uploads\/2024\/09\/DD-guide-rod-diesel-hammer-packaging-768x548.webp 768w, https:\/\/www.juweihammer.com\/wp-content\/uploads\/2024\/09\/DD-guide-rod-diesel-hammer-packaging-18x12.webp 18w, https:\/\/www.juweihammer.com\/wp-content\/uploads\/2024\/09\/DD-guide-rod-diesel-hammer-packaging-600x428.webp 600w\" sizes=\"(max-width: 975px) 100vw, 975px\" \/><\/p>\n<\/div>","protected":false},"excerpt":{"rendered":"<p>Ciocan pentru pilo\u021bi diesel cu tij\u0103 de ghidare seria DD: Este un echipament de batere a pilo\u021bilor care func\u021bioneaz\u0103 folosind principiul unui motor cu ardere intern\u0103 \u00een doi timpi.<\/p>\n<ul>\n<li>Masa complex\u0103 a cilindrului: 10,5 tone<\/li>\n<li>Max. Energie: 315 kj<\/li>\n<li><span data-slate-fragment=\"JTVCJTdCJTIydHlwZSUyMiUzQSUyMnBhcmFncmFwaCUyMiUyQyUyMmNoaWxkcmVuJTIyJTNBJTVCJTdCJTIyaWQlMjIlM0ElMjJ6ZzEzeDNNMkFlJTIyJTJDJTIycGFyYUlkeCUyMiUzQTMlMkMlMjJzcmMlMjIlM0ElMjI0LiUyMENvbnZlbmllbnQlMjBNYWludGVuYW5jZSUyMiUyQyUyMmRzdCUyMiUzQSUyMjQuJUU3JUJCJUI0JUU2JThBJUE0JUU2JTk2JUI5JUU0JUJFJUJGJTIyJTJDJTIybWV0YWRhdGElMjIlM0ElMjIlMjIlMkMlMjJtZXRhRGF0YSUyMiUzQSU1QiU1RCUyQyUyMnRleHQlMjIlM0ElMjJDb252ZW5pZW50JTIwTWFpbnRlbmFuY2UlMjIlN0QlNUQlN0QlNUQ=\">\u00centre\u021binere convenabil\u0103<\/span><\/li>\n<li>Dispozitiv de decuplare automat\u0103 brevetat<\/li>\n<li><span data-slate-fragment=\"JTVCJTdCJTIydHlwZSUyMiUzQSUyMnBhcmFncmFwaCUyMiUyQyUyMmNoaWxkcmVuJTIyJTNBJTVCJTdCJTIyaWQlMjIlM0ElMjJlbU1XbjdSbDJlJTIyJTJDJTIycGFyYUlkeCUyMiUzQTQlMkMlMjJzcmMlMjIlM0ElMjI1LiUyMFN1cGVyaW9yJTIwY29sZCUyMHN0YXJ0JTIwZnVuY3Rpb24lMjIlMkMlMjJkc3QlMjIlM0ElMjI1LiVFNSU4RCU5MyVFOCVCNiU4QSVFNyU5QSU4NCVFNSU4NiVCNyVFNSU5MCVBRiVFNSU4QSVBOCVFNSU4QSU5RiVFOCU4MyVCRCUyMiUyQyUyMm1ldGFkYXRhJTIyJTNBJTIyJTIyJTJDJTIybWV0YURhdGElMjIlM0ElNUIlNUQlMkMlMjJ0ZXh0JTIyJTNBJTIyU3VwZXJpb3IlMjBjb2xkJTIwc3RhcnQlMjBmdW5jdGlvbiUyMiU3RCU1RCU3RCU1RA==\">Func\u021bie superioar\u0103 de pornire la rece<\/span><\/li>\n<li><span data-slate-fragment=\"JTVCJTdCJTIydHlwZSUyMiUzQSUyMnBhcmFncmFwaCUyMiUyQyUyMmNoaWxkcmVuJTIyJTNBJTVCJTdCJTIyaWQlMjIlM0ElMjJCYWFLTDgzOFpCJTIyJTJDJTIycGFyYUlkeCUyMiUzQTMlMkMlMjJzcmMlMjIlM0ElMjI0LiUyMENvbnZlbmllbnQlMjBvcGVyYXRpb24lMjBhbmQlMjBtYWludGVuYW5jZSUyMiUyQyUyMmRzdCUyMiUzQSUyMjQuJUU2JTkzJThEJUU0JUJEJTlDJUU3JUJCJUI0JUU2JThBJUE0JUU2JTk2JUI5JUU0JUJFJUJGJTIyJTJDJTIybWV0YWRhdGElMjIlM0ElMjIlMjIlMkMlMjJtZXRhRGF0YSUyMiUzQSU1QiU1RCUyQyUyMnRleHQlMjIlM0ElMjJDb252ZW5pZW50JTIwb3BlcmF0aW9uJTIyJTdEJTVEJTdEJTVE\">Func\u021bionare convenabil\u0103<\/span><\/li>\n<\/ul>","protected":false},"featured_media":2519,"template":"","meta":{"_seopress_robots_primary_cat":"none","_seopress_titles_title":"DD105 Diesel Hammer Pile Driver with Leads - Manufacturer","_seopress_titles_desc":"DD105 diesel hammer pile driver is compatible with crawler cranes, excavators, pile drivers with masts, floating pile drivers, and walking pile drivers.","_seopress_robots_index":"","site-sidebar-layout":"default","site-content-layout":"","ast-site-content-layout":"default","site-content-style":"default","site-sidebar-style":"default","ast-global-header-display":"","ast-banner-title-visibility":"","ast-main-header-display":"","ast-hfb-above-header-display":"","ast-hfb-below-header-display":"","ast-hfb-mobile-header-display":"","site-post-title":"","ast-breadcrumbs-content":"","ast-featured-img":"","footer-sml-layout":"","theme-transparent-header-meta":"default","adv-header-id-meta":"","stick-header-meta":"","header-above-stick-meta":"","header-main-stick-meta":"","header-below-stick-meta":"","astra-migrate-meta-layouts":"set","ast-page-background-enabled":"default","ast-page-background-meta":{"desktop":{"background-color":"var(--ast-global-color-4)","background-image":"","background-repeat":"repeat","background-position":"center center","background-size":"auto","background-attachment":"scroll","background-type":"","background-media":"","overlay-type":"","overlay-color":"","overlay-opacity":"","overlay-gradient":""},"tablet":{"background-color":"","background-image":"","background-repeat":"repeat","background-position":"center center","background-size":"auto","background-attachment":"scroll","background-type":"","background-media":"","overlay-type":"","overlay-color":"","overlay-opacity":"","overlay-gradient":""},"mobile":{"background-color":"","background-image":"","background-repeat":"repeat","background-position":"center center","background-size":"auto","background-attachment":"scroll","background-type":"","background-media":"","overlay-type":"","overlay-color":"","overlay-opacity":"","overlay-gradient":""}},"ast-content-background-meta":{"desktop":{"background-color":"var(--ast-global-color-5)","background-image":"","background-repeat":"repeat","background-position":"center center","background-size":"auto","background-attachment":"scroll","background-type":"","background-media":"","overlay-type":"","overlay-color":"","overlay-opacity":"","overlay-gradient":""},"tablet":{"background-color":"var(--ast-global-color-5)","background-image":"","background-repeat":"repeat","background-position":"center center","background-size":"auto","background-attachment":"scroll","background-type":"","background-media":"","overlay-type":"","overlay-color":"","overlay-opacity":"","overlay-gradient":""},"mobile":{"background-color":"var(--ast-global-color-5)","background-image":"","background-repeat":"repeat","background-position":"center center","background-size":"auto","background-attachment":"scroll","background-type":"","background-media":"","overlay-type":"","overlay-color":"","overlay-opacity":"","overlay-gradient":""}}},"product_brand":[],"product_cat":[22],"product_tag":[],"class_list":{"0":"post-2579","1":"product","2":"type-product","3":"status-publish","4":"has-post-thumbnail","6":"product_cat-dd-guide-rod-diesel-pile-hammer","7":"desktop-align-left","8":"tablet-align-left","9":"mobile-align-left","11":"first","12":"instock","13":"shipping-taxable","14":"product-type-simple"},"_links":{"self":[{"href":"https:\/\/www.juweihammer.com\/ro\/wp-json\/wp\/v2\/product\/2579","targetHints":{"allow":["GET"]}}],"collection":[{"href":"https:\/\/www.juweihammer.com\/ro\/wp-json\/wp\/v2\/product"}],"about":[{"href":"https:\/\/www.juweihammer.com\/ro\/wp-json\/wp\/v2\/types\/product"}],"version-history":[{"count":2,"href":"https:\/\/www.juweihammer.com\/ro\/wp-json\/wp\/v2\/product\/2579\/revisions"}],"predecessor-version":[{"id":11352,"href":"https:\/\/www.juweihammer.com\/ro\/wp-json\/wp\/v2\/product\/2579\/revisions\/11352"}],"wp:featuredmedia":[{"embeddable":true,"href":"https:\/\/www.juweihammer.com\/ro\/wp-json\/wp\/v2\/media\/2519"}],"wp:attachment":[{"href":"https:\/\/www.juweihammer.com\/ro\/wp-json\/wp\/v2\/media?parent=2579"}],"wp:term":[{"taxonomy":"product_brand","embeddable":true,"href":"https:\/\/www.juweihammer.com\/ro\/wp-json\/wp\/v2\/product_brand?post=2579"},{"taxonomy":"product_cat","embeddable":true,"href":"https:\/\/www.juweihammer.com\/ro\/wp-json\/wp\/v2\/product_cat?post=2579"},{"taxonomy":"product_tag","embeddable":true,"href":"https:\/\/www.juweihammer.com\/ro\/wp-json\/wp\/v2\/product_tag?post=2579"}],"curies":[{"name":"wp","href":"https:\/\/api.w.org\/{rel}","templated":true}]}}