{"id":2421,"date":"2024-07-22T07:20:44","date_gmt":"2024-07-22T07:20:44","guid":{"rendered":"https:\/\/www.juweihammer.com\/?post_type=product&#038;p=2421"},"modified":"2024-11-08T02:24:54","modified_gmt":"2024-11-08T02:24:54","slug":"d160-diesel-pile-hammer-supplier-china-factory","status":"publish","type":"product","link":"https:\/\/www.juweihammer.com\/ro\/produs\/d160-diesel-pile-hammer-supplier-china-factory\/","title":{"rendered":"D160 Diesel Pile Hammer Furnizor | China Factory"},"content":{"rendered":"<p>Ca unul dintre<strong> top 10<\/strong> piel diesel ciocan produc\u0103tori \u0219i furnizori \u00een \u00eentreaga lume. Juwei seria D diesel pilon ciocan se m\u00e2ndresc cu peste 30 de ani de experien\u021b\u0103 \u00een proiectare, fabrica\u021bie \u0219i aplicare. <span style=\"color: #0000ff;\"><strong>Descoperi\u021bi mai multe despre fabrica noastr\u0103 f\u0103c\u00e2nd clic pe \"Fabrica\".<\/strong><\/span><span style=\"color: #000080;\">!<\/span><\/p>\n<p><strong>#All <span data-slate-fragment=\"JTVCJTdCJTIydHlwZSUyMiUzQSUyMnBhcmFncmFwaCUyMiUyQyUyMmNoaWxkcmVuJTIyJTNBJTVCJTdCJTIyaWQlMjIlM0ElMjJlYk40UmdFcXBlJTIyJTJDJTIycGFyYUlkeCUyMiUzQTQlMkMlMjJzcmMlMjIlM0ElMjJDb21wbGV0ZSUyME1vZGVsJTIwUmFuZ2UlMjBvZiUyMEQlMjBTZXJpZXMlMjBUdWJ1bGFyJTIwRGllc2VsJTIwUGlsZSUyMERyaXZlciUyMEhhbW1lcnMlMjIlMkMlMjJkc3QlMjIlM0ElMjJEJUU3JUIzJUJCJUU1JTg4JTk3JUU3JUFFJUExJUU3JThBJUI2JUU2JTlGJUI0JUU2JUIyJUI5JUU2JTg5JTkzJUU2JUExJUE5JUU5JTk0JUE0JUU3JTlBJTg0JUU1JUFFJThDJUU2JTk1JUI0JUU1JTlFJThCJUU1JThGJUI3JUU3JUIzJUJCJUU1JTg4JTk3JTIyJTJDJTIybWV0YWRhdGElMjIlM0ElMjIlMjIlMkMlMjJtZXRhRGF0YSUyMiUzQSU1QiU1RCUyQyUyMnRleHQlMjIlM0ElMjJDb21wbGV0ZSUyME1vZGVsJTIyJTdEJTVEJTdEJTVE\">Model<\/span> de ciocane Diesel pentru pilo\u021bi din seria D<\/strong><\/p>\n<p>D12: 1,28 tone, D16: 1,6 tone, D19: 1,82 tone, D25: 2,5 tone, D30: 3 tone, D36: 3,6 tone, D46: 4,6 tone, D50: 5 tone, D62:6.2 tone, D80: 80 tone, D100: 10 tone, D128: 12,8 tone, D138: 13,8 tone, D160: 16 tone, D180: 18 tone, D225: 22,5 tone, D265: 26,5 tone, D320: 32 tone, D400: 40 tone. \u00a0<span style=\"color: #0000ff;\"><strong><span class=\"null\" data-slate-leaf=\"true\" data-sent-id=\"VpbK2QLMrB\">Pentru informa\u021bii detaliate, face\u021bi clic pe butonul \"Detalii serie D\".<\/span><\/strong><\/span><\/p>\n<p><strong>Solu\u021bii personalizate #C:<\/strong><\/p>\n<p>Echipa noastr\u0103 de ingineri poate oferi solu\u021bii personalizate <span data-slate-fragment=\"JTVCJTdCJTIydHlwZSUyMiUzQSUyMnBhcmFncmFwaCUyMiUyQyUyMmNoaWxkcmVuJTIyJTNBJTVCJTdCJTIyaWQlMjIlM0ElMjJCdjVScmFXa1B6JTIyJTJDJTIycGFyYUlkeCUyMiUzQTEwJTJDJTIyc3JjJTIyJTNBJTIyT3VyJTIwZW5naW5lZXJpbmclMjB0ZWFtJTIwb2ZmZXJzJTIwY3VzdG9taXplZCUyMHNvbHV0aW9ucyUyMHRhaWxvcmVkJTIwdG8lMjB5b3VyJTIwcHJvamVjdCUyMG5lZWRzLiUyMCUyMiUyQyUyMmRzdCUyMiUzQSUyMiVFNiU4OCU5MSVFNCVCQiVBQyVFNyU5QSU4NCVFNSVCNyVBNSVFNyVBOCU4QiVFNSU5QiVBMiVFOSU5OCU5RiVFNiVBMCVCOSVFNiU4RCVBRSVFNiU4MiVBOCVFNyU5QSU4NCVFOSVBMSVCOSVFNyU5QiVBRSVFOSU5QyU4MCVFNiVCMSU4MiVFNiU4RiU5MCVFNCVCRSU5QiVFNSVBRSU5QSVFNSU4OCVCNiVFNyU5QSU4NCVFOCVBNyVBMyVFNSU4NiVCMyVFNiU5NiVCOSVFNiVBMSU4OCVFMyU4MCU4MiUyMiUyQyUyMm1ldGFkYXRhJTIyJTNBJTIyJTIyJTJDJTIybWV0YURhdGElMjIlM0ElNUIlNUQlMkMlMjJ0ZXh0JTIyJTNBJTIydGFpbG9yZWQlMjB0byUyMHlvdXIlMjBwcm9qZWN0JTIwbmVlZHMlMjIlN0QlNUQlN0QlNUQ=\">adaptate la nevoile proiectului dumneavoastr\u0103<\/span>. <span data-slate-node=\"text\"><span class=\"null\" data-slate-leaf=\"true\" data-sent-id=\"ej04Roardz\">Furniza\u021bi-ne un raport privind adresa solului, tipul de st\u00e2lp \u0219i specifica\u021biile echipamentului de batere a st\u00e2lpilor. <\/span><\/span><span data-slate-node=\"text\" data-slate-fragment=\"JTVCJTdCJTIydHlwZSUyMiUzQSUyMnBhcmFncmFwaCUyMiUyQyUyMmNoaWxkcmVuJTIyJTNBJTVCJTdCJTIyaWQlMjIlM0ElMjJlajA0Um9hcmR6JTIyJTJDJTIycGFyYUlkeCUyMiUzQTEwJTJDJTIyc3JjJTIyJTNBJTIyUHJvdmlkZSUyMHVzJTIwd2l0aCUyMGElMjBzb2lsJTIwYWRkcmVzcyUyMHJlcG9ydCUyQyUyMHBpbGUlMjB0eXBlJTJDJTIwYW5kJTIwcGlsZSUyMGRyaXZpbmclMjBlcXVpcG1lbnQlMjBzcGVjaWZpY2F0aW9ucy4lMjAlMjIlMkMlMjJkc3QlMjIlM0ElMjIlRTUlOTAlOTElRTYlODglOTElRTQlQkIlQUMlRTYlOEYlOTAlRTQlQkUlOUIlRTUlOUMlOUYlRTUlQTMlQTQlRTUlOUMlQjAlRTUlOUQlODAlRTYlOEElQTUlRTUlOTElOEElRTMlODAlODElRTYlQTElQTklRTclQjElQkIlRTUlOUUlOEIlRTUlOTIlOEMlRTYlODklOTMlRTYlQTElQTklRTglQUUlQkUlRTUlQTQlODclRTglQTclODQlRTYlQTAlQkMlRTMlODAlODIlMjIlMkMlMjJtZXRhZGF0YSUyMiUzQSUyMiUyMiUyQyUyMm1ldGFEYXRhJTIyJTNBJTVCJTVEJTJDJTIydGV4dCUyMiUzQSUyMlByb3ZpZGUlMjB1cyUyMHdpdGglMjBhJTIwc29pbCUyMGFkZHJlc3MlMjByZXBvcnQlMkMlMjBwaWxlJTIwdHlwZSUyQyUyMGFuZCUyMHBpbGUlMjBkcml2aW5nJTIwZXF1aXBtZW50JTIwc3BlY2lmaWNhdGlvbnMuJTIwJTIyJTdEJTJDJTdCJTIyaWQlMjIlM0ElMjJWTjZtbGE4RDFWJTIyJTJDJTIycGFyYUlkeCUyMiUzQTEwJTJDJTIyc3JjJTIyJTNBJTIyV2UlMjBkZWxpdmVyJTIwYSUyMGNvbXBhdGlibGUlMjBjeWxpbmRlciUyMGhhbW1lciUyMGRlc2lnbmVkJTIwZm9yJTIweW91ciUyMHByb2plY3QuJTIyJTJDJTIyZHN0JTIyJTNBJTIyJUU2JTg4JTkxJUU0JUJCJUFDJUU0JUI4JUJBJUU2JTgyJUE4JUU3JTlBJTg0JUU5JUExJUI5JUU3JTlCJUFFJUU2JThGJTkwJUU0JUJFJTlCJUU1JTg1JUJDJUU1JUFFJUI5JUU3JTlBJTg0JUU1JTlDJTg2JUU3JUFEJTkyJUU5JTk0JUE0JUUzJTgwJTgyJTIyJTJDJTIybWV0YWRhdGElMjIlM0ElMjIlMjIlMkMlMjJtZXRhRGF0YSUyMiUzQSU1QiU1RCUyQyUyMnRleHQlMjIlM0ElMjJXZSUyMGRlbGl2ZXIlMjBhJTIwY29tcGF0aWJsZSUyMGN5bGluZGVyJTIwaGFtbWVyJTIwZGVzaWduZWQlMjBmb3IlMjB5b3VyJTIwcHJvamVjdC4lMjIlN0QlNUQlN0QlNUQ=\"><span class=\"null\" data-slate-leaf=\"true\" data-sent-id=\"VN6mla8D1V\">Livr\u0103m un ciocan compatibil conceput pentru proiectul dumneavoastr\u0103.<\/span><\/span><\/p>\n<p><strong>#<\/strong><strong>Tip gramada:<\/strong><\/p>\n<p><span data-slate-fragment=\"JTVCJTdCJTIydHlwZSUyMiUzQSUyMnBhcmFncmFwaCUyMiUyQyUyMmNoaWxkcmVuJTIyJTNBJTVCJTdCJTIyaWQlMjIlM0ElMjJlbU1LUllacEplJTIyJTJDJTIycGFyYUlkeCUyMiUzQTE0JTJDJTIyc3JjJTIyJTNBJTIyT3VyJTIwaGFtbWVycyUyMGFyZSUyMHN1aXRhYmxlJTIwZm9yJTIwZHJpdmluZyUyMHZhcmlvdXMlMjBwaWxlJTIwdHlwZXMlMkMlMjBpbmNsdWRpbmclMjBwcmVjYXN0JTIwY29uY3JldGUlMjBwaWxlcyUyQyUyMEgtYmVhbXMlMkMlMjBzdGVlbCUyMHBpcGUlMjBwaWxlcyUyQyUyMGNpcmN1bGFyJTIwcGlsZXMlMkMlMjBzcXVhcmUlMjBwaWxlcyUyQyUyMHNoZWV0JTIwcGlsZXMlMkMlMjBhbmQlMjB3b29kZW4lMjBwaWxlcy4lMjIlMkMlMjJkc3QlMjIlM0ElMjIlRTYlODglOTElRTQlQkIlQUMlRTclOUElODQlRTklOTQlQTQlRTUlQUQlOTAlRTklODAlODIlRTclOTQlQTglRTQlQkElOEUlRTYlODklOTMlRTYlQTElQTklRTUlOTAlODQlRTclQTclOEQlRTYlQTElQTklRTUlOUUlOEIlRUYlQkMlOEMlRTUlOEMlODUlRTYlOEIlQUMlRTklQTIlODQlRTUlODglQjYlRTYlQjclQjclRTUlODclOUQlRTUlOUMlOUYlRTYlQTElQTklRTMlODAlODFIJUU1JTlFJThCJUU5JTkyJUEyJUUzJTgwJTgxJUU5JTkyJUEyJUU3JUFFJUExJUU2JUExJUE5JUUzJTgwJTgxJUU1JTlDJTg2JUU1JUJEJUEyJUU2JUExJUE5JUUzJTgwJTgxJUU2JTk2JUI5JUU1JUJEJUEyJUU2JUExJUE5JUUzJTgwJTgxJUU2JTlEJUJGJUU2JUExJUE5JUU1JTkyJThDJUU2JTlDJUE4JUU2JUExJUE5JUUzJTgwJTgyJTIyJTJDJTIybWV0YWRhdGElMjIlM0ElMjIlMjIlMkMlMjJtZXRhRGF0YSUyMiUzQSU1QiU1RCUyQyUyMnRleHQlMjIlM0ElMjJPdXIlMjBoYW1tZXJzJTIwYXJlJTIwc3VpdGFibGUlMjBmb3IlMjBkcml2aW5nJTIwdmFyaW91cyUyMHBpbGUlMjB0eXBlcyUyMiU3RCU1RCU3RCU1RA==\">Ciocanele noastre sunt ideale pentru baterea diferitelor tipuri de pilo\u021bi,<\/span> includ pilo\u021bi din beton prefabricat, grinzi H, pilo\u021bi din \u021bevi de o\u021bel, pilo\u021bi circulari, pilo\u021bi p\u0103tra\u021bi, pilo\u021bi din tabl\u0103, pilo\u021bi din lemn etc.<\/p>\n<p><strong>#Aaplica\u021bie<\/strong>:<\/p>\n<p><span data-slate-fragment=\"JTVCJTdCJTIydHlwZSUyMiUzQSUyMnBhcmFncmFwaCUyMiUyQyUyMmNoaWxkcmVuJTIyJTNBJTVCJTdCJTIyaWQlMjIlM0ElMjJCNGtLT1E2QVJ6JTIyJTJDJTIycGFyYUlkeCUyMiUzQTE4JTJDJTIyc3JjJTIyJTNBJTIyT3VyJTIwZGllc2VsJTIwaGFtbWVycyUyMGFyZSUyMGlkZWFsJTIwZm9yJTIwb2Zmc2hvcmUlMjBwcm9qZWN0cyUyMHN1Y2glMjBhcyUyMHdpbmQlMjBwb3dlciUyMGdlbmVyYXRpb24lMkMlMjBlbmVyZ3klMkMlMjBicmlkZ2VzJTJDJTIwcG9ydHMlMkMlMjBkb2NrJTIwY29uc3RydWN0aW9uJTJDJTIwYW5kJTIwb2lsJTIwYW5kJTIwZ2FzJTIwZXh0cmFjdGlvbi4lMjAlMjIlMkMlMjJkc3QlMjIlM0ElMjIlRTYlODglOTElRTQlQkIlQUMlRTclOUElODQlRTYlOUYlQjQlRTYlQjIlQjklRTklOTQlQTQlRTYlOTglQUYlRTklQTMlOEUlRTUlOEElOUIlRTUlOEYlOTElRTclOTQlQjUlRTMlODAlODElRTglODMlQkQlRTYlQkElOTAlRTMlODAlODElRTYlQTElQTUlRTYlQTIlODElRTMlODAlODElRTYlQjglQUYlRTUlOEYlQTMlRTMlODAlODElRTclQTAlODElRTUlQTQlQjQlRTUlQkIlQkElRTglQUUlQkUlRTQlQkIlQTUlRTUlOEYlOEElRTclOUYlQjMlRTYlQjIlQjklRTUlOTIlOEMlRTUlQTQlQTklRTclODQlQjYlRTYlQjAlOTQlRTUlQkMlODAlRTklODclODclRTclQUQlODklRTYlQjUlQjclRTQlQjglOEElRTklQTElQjklRTclOUIlQUUlRTclOUElODQlRTclOTAlODYlRTYlODMlQjMlRTklODAlODklRTYlOEIlQTklRTMlODAlODIlMjIlMkMlMjJtZXRhZGF0YSUyMiUzQSUyMiUyMiUyQyUyMm1ldGFEYXRhJTIyJTNBJTVCJTVEJTJDJTIydGV4dCUyMiUzQSUyMk91ciUyMGRpZXNlbCUyMGhhbW1lcnMlMjBhcmUlMjBpZGVhbCUyMGZvciUyMCUyMiU3RCU1RCU3RCU1RA==\">Ciocanele noastre diesel sunt ideale pentru <\/span>proiecte offshore, cum ar fi produc\u021bia de energie eolian\u0103, energie, poduri, porturi, construc\u021bia de docuri \u0219i extrac\u021bia de petrol \u0219i gaze. <span data-slate-fragment=\"JTVCJTdCJTIydHlwZSUyMiUzQSUyMnBhcmFncmFwaCUyMiUyQyUyMmNoaWxkcmVuJTIyJTNBJTVCJTdCJTIyaWQlMjIlM0ElMjJWQVlFTzhhbzFWJTIyJTJDJTIycGFyYUlkeCUyMiUzQTE4JTJDJTIyc3JjJTIyJTNBJTIyVGhleSUyMGFyZSUyMGFsc28lMjBzdWl0YWJsZSUyMGZvciUyMHJvYWQlMjBhbmQlMjBjaXZpbCUyMGVuZ2luZWVyaW5nJTIwcHJvamVjdHMlMkMlMjBwdWJsaWMlMjB1dGlsaXRpZXMlMkMlMjBjb2ZmZXJkYW1zJTJDJTIwYnJpZGdlcyUyQyUyMHBob3Rvdm9sdGFpY3MlMkMlMjBhbmQlMjBlbnZpcm9ubWVudGFsJTIwcHJvamVjdHMuJTIwJTIyJTJDJTIyZHN0JTIyJTNBJTIyJUU1JUFFJTgzJUU0JUJCJUFDJUU0JUI5JTlGJUU5JTgwJTgyJUU3JTk0JUE4JUU0JUJBJThFJUU5JTgxJTkzJUU4JUI3JUFGJUU1JTkyJThDJUU1JTlDJTlGJUU2JTlDJUE4JUU1JUI3JUE1JUU3JUE4JThCJUU5JUExJUI5JUU3JTlCJUFFJUUzJTgwJTgxJUU1JTg1JUFDJUU3JTk0JUE4JUU0JUJBJThCJUU0JUI4JTlBJUUzJTgwJTgxJUU1JTlCJUI0JUU1JUEwJUIwJUUzJTgwJTgxJUU2JUExJUE1JUU2JUEyJTgxJUUzJTgwJTgxJUU1JTg1JTg5JUU0JUJDJThGJUU1JTkyJThDJUU3JThFJUFGJUU1JUEyJTgzJUU5JUExJUI5JUU3JTlCJUFFJUUzJTgwJTgyJTIyJTJDJTIybWV0YWRhdGElMjIlM0ElMjIlMjIlMkMlMjJtZXRhRGF0YSUyMiUzQSU1QiU1RCUyQyUyMnRleHQlMjIlM0ElMjJUaGV5JTIwYXJlJTIwYWxzbyUyMHN1aXRhYmxlJTIyJTdEJTVEJTdEJTVE\">Acestea sunt, de asemenea, potrivite pentru <\/span>proiecte rutiere \u0219i de inginerie civil\u0103, utilit\u0103\u021bi publice, utilit\u0103\u021bi civile, cofferdams, poduri Trestle, fotovoltaice \u0219i mediu. <span style=\"color: #000080;\"><strong>Face\u021bi clic pe butonul \"Proiecte\" pentru a afla mai multe!<\/strong><\/span><\/p>\n<p><strong>1TP5\u00cempachetare \u0219i transport<\/strong>:<\/p>\n<p>Ambalare: <span data-slate-fragment=\"JTVCJTdCJTIydHlwZSUyMiUzQSUyMnBhcmFncmFwaCUyMiUyQyUyMmNoaWxkcmVuJTIyJTNBJTVCJTdCJTIyaWQlMjIlM0ElMjJ6eUswRHh2TEtlJTIyJTJDJTIycGFyYUlkeCUyMiUzQTIyJTJDJTIyc3JjJTIyJTNBJTIyUGFja2FnaW5nJTNBJTIwV2UlMjB1c2UlMjBleHBvcnQtc3RhbmRhcmQlMjBzdGVlbCUyMHRyYW5zcG9ydGF0aW9uJTIwdG9vbHMlMjBmb3IlMjBwYWNrYWdpbmcuJTIyJTJDJTIyZHN0JTIyJTNBJTIyJUU1JThDJTg1JUU4JUEzJTg1JUVGJUJDJTlBJUU2JTg4JTkxJUU0JUJCJUFDJUU0JUJEJUJGJUU3JTk0JUE4JUU1JTg3JUJBJUU1JThGJUEzJUU2JUEwJTg3JUU1JTg3JTg2JUU5JTkyJUEyJUU2JTlEJTkwJUU4JUJGJTkwJUU4JUJFJTkzJUU1JUI3JUE1JUU1JTg1JUI3JUU4JUJGJTlCJUU4JUExJThDJUU1JThDJTg1JUU4JUEzJTg1JUUzJTgwJTgyJTIyJTJDJTIybWV0YWRhdGElMjIlM0ElMjIlMjIlMkMlMjJtZXRhRGF0YSUyMiUzQSU1QiU1RCUyQyUyMnRleHQlMjIlM0ElMjJXZSUyMHVzZSUyMGV4cG9ydC1zdGFuZGFyZCUyMHN0ZWVsJTIwdHJhbnNwb3J0YXRpb24lMjB0b29scyUyMGZvciUyMHBhY2thZ2luZyUyMiU3RCU1RCU3RCU1RA==\">Folosim instrumente de transport din o\u021bel la standarde de export pentru ambalare<\/span><br \/>\nTransport: transport \u00een containere 20GP sau 40GP<\/p>\n<p><strong>#Exportat \u00een multe \u021b\u0103ri<\/strong><\/p>\n<p>Acest produs este exportat \u00een Europa, Rusia, Asia de Sud-Est, America de Nord, America de Sud, Orientul Mijlociu, Africa \u0219i alte regiuni. (Cum ar fi: Filipine, T\u00fcrkiye, Indonezia, Thailanda, Vietnam, Bangladesh, Statele Unite, Arabia Saudit\u0103, Rusia, Australia, Brazilia \u0219i alte \u021b\u0103ri )<\/p>\n<p><strong>#Specifica\u021bii:<\/strong><\/p>\n<table width=\"602\">\n<tbody>\n<tr>\n<td rowspan=\"2\" width=\"358\">Specifica\u021bii<\/td>\n<td rowspan=\"2\" width=\"105\">Tip<\/td>\n<td width=\"139\">D160<\/td>\n<\/tr>\n<tr>\n<td width=\"139\">1:3\/1:2<\/td>\n<\/tr>\n<tr>\n<td width=\"358\">Greutate de impact (piston)<\/td>\n<td width=\"105\">kg<\/td>\n<td width=\"139\">16000<\/td>\n<\/tr>\n<tr>\n<td width=\"358\">Energie per lovitur\u0103<\/td>\n<td width=\"105\">KNm<\/td>\n<td width=\"139\">544.00\uff5e 331.84<\/td>\n<\/tr>\n<tr>\n<td width=\"358\">Num\u0103rul de lovituri<\/td>\n<td width=\"105\">min-l<\/td>\n<td width=\"139\">36\uff5e46<\/td>\n<\/tr>\n<tr>\n<td width=\"358\">For\u021ba de presiune a exploziei asupra pilonului max.<\/td>\n<td width=\"105\">KN<\/td>\n<td width=\"139\">4600<\/td>\n<\/tr>\n<tr>\n<td width=\"358\">Potrivit pentru baterea pilo\u021bilor p\u00e2n\u0103 la<\/td>\n<td width=\"105\">Kg<\/td>\n<td width=\"139\">90000<\/td>\n<\/tr>\n<tr>\n<td width=\"358\">Dimetrul admisibil al cablului pentru foaia deflectoare a dispozitivului de declan\u0219are max.<\/td>\n<td width=\"105\">mm<\/td>\n<td width=\"139\">\u03a638<\/td>\n<\/tr>\n<tr>\n<td width=\"358\">Motorin\u0103<\/td>\n<td width=\"105\">L\/h<\/td>\n<td width=\"139\">45<\/td>\n<\/tr>\n<tr>\n<td width=\"358\">Lubrifiant<\/td>\n<td width=\"105\">L\/h<\/td>\n<td width=\"139\">5<\/td>\n<\/tr>\n<tr>\n<td width=\"358\">Rezervor de motorin\u0103<\/td>\n<td width=\"105\">L<\/td>\n<td width=\"139\">240<\/td>\n<\/tr>\n<tr>\n<td width=\"358\">Rezervor de lubrifiant<\/td>\n<td width=\"105\">L<\/td>\n<td width=\"139\">80<\/td>\n<\/tr>\n<tr>\n<td width=\"358\">Ciocan pentru pilo\u021bi diesel aprox.<\/td>\n<td width=\"105\">kg<\/td>\n<td width=\"139\">31200<\/td>\n<\/tr>\n<tr>\n<td width=\"358\">Dispozitiv de declan\u0219are aprox<\/td>\n<td width=\"105\">kg<\/td>\n<td width=\"139\">1300<\/td>\n<\/tr>\n<tr>\n<td width=\"358\">Suport de transport \/ suport aprox.<\/td>\n<td width=\"105\">kg<\/td>\n<td width=\"139\">150<\/td>\n<\/tr>\n<tr>\n<td width=\"358\">Garda de transport aprox.<\/td>\n<td width=\"105\">kg<\/td>\n<td width=\"139\">220<\/td>\n<\/tr>\n<tr>\n<td width=\"358\">Cutie de scule aprox<\/td>\n<td width=\"105\">kg<\/td>\n<td width=\"139\">125<\/td>\n<\/tr>\n<tr>\n<td width=\"358\">Lungimea ciocanului pentru pilo\u021bi Diesel (a\/al)<\/td>\n<td width=\"105\">mm<\/td>\n<td width=\"139\">7855<\/td>\n<\/tr>\n<tr>\n<td width=\"358\">Diametrul exterior al blocului de impact (b)<\/td>\n<td width=\"105\">mm<\/td>\n<td width=\"139\">\u03a61045<\/td>\n<\/tr>\n<tr>\n<td width=\"358\">Dimensiuni generale m\u0103surate peste \u0219uruburile de fixare ale f\u0103lcilor de ghidare (c)<\/td>\n<td width=\"105\">mm<\/td>\n<td width=\"139\">1260<\/td>\n<\/tr>\n<tr>\n<td width=\"358\">L\u0103\u021bimea ciocanului pentru pilo\u021bi Diesel (d)<\/td>\n<td width=\"105\">mm<\/td>\n<td width=\"139\">1156<\/td>\n<\/tr>\n<tr>\n<td width=\"358\">L\u0103\u021bime pentru conectarea f\u0103lcilor de ghidare (e)<\/td>\n<td width=\"105\">mm<\/td>\n<td width=\"139\">900<\/td>\n<\/tr>\n<tr>\n<td width=\"358\">Centrul ciocanului Diesel p\u00e2n\u0103 la protec\u021bia pompei (f)<\/td>\n<td width=\"105\">mm<\/td>\n<td width=\"139\">610<\/td>\n<\/tr>\n<tr>\n<td width=\"358\">Centrul ciocanului pentru pilo\u021bi Diesel p\u00e2n\u0103 la centrul orificiului filetat pentru \u0219urubul de fixare al f\u0103lcilor de ghidare (g)<\/td>\n<td width=\"105\">mm<\/td>\n<td width=\"139\">440<\/td>\n<\/tr>\n<tr>\n<td width=\"358\">Ad\u00e2ncimea ciocanului pentru pilo\u021bi Diesel (h)<\/td>\n<td width=\"105\">mm<\/td>\n<td width=\"139\">1420<\/td>\n<\/tr>\n<tr>\n<td width=\"358\">Distan\u021ba standard de la centrul ciocanului Diesel p\u00e2n\u0103 la centrul conductei (H)<\/td>\n<td width=\"105\">mm<\/td>\n<td width=\"139\">950<\/td>\n<\/tr>\n<tr>\n<td width=\"358\">L\u0103\u021bimea cablurilor (L)<\/td>\n<td width=\"105\">mm<\/td>\n<td width=\"139\">600x(\u03a6102)<\/td>\n<\/tr>\n<\/tbody>\n<\/table>\n<h2>D160 Diesel Hammer ambalare<\/h2>\n<p><img fetchpriority=\"high\" decoding=\"async\" class=\"size-full wp-image-11326\" src=\"https:\/\/www.juweihammer.com\/wp-content\/uploads\/2024\/09\/D-tubular-diesel-hammer-packaging.webp\" alt=\"D tubulare diesel ciocan ambalare\" width=\"975\" height=\"696\" srcset=\"https:\/\/www.juweihammer.com\/wp-content\/uploads\/2024\/09\/D-tubular-diesel-hammer-packaging.webp 975w, https:\/\/www.juweihammer.com\/wp-content\/uploads\/2024\/09\/D-tubular-diesel-hammer-packaging-768x548.webp 768w, https:\/\/www.juweihammer.com\/wp-content\/uploads\/2024\/09\/D-tubular-diesel-hammer-packaging-18x12.webp 18w, https:\/\/www.juweihammer.com\/wp-content\/uploads\/2024\/09\/D-tubular-diesel-hammer-packaging-600x428.webp 600w\" sizes=\"(max-width: 975px) 100vw, 975px\" \/><\/p>","protected":false},"excerpt":{"rendered":"<p>Ciocanul diesel pentru pilo\u021bi \u00een form\u0103 de cilindru D este \u00een prezent cel mai utilizat echipament de construc\u021bie a funda\u021biilor pentru baterea pilo\u021bilor.<\/p>\n<ul>\n<li>Greutatea de impact (piston): 16 tone<\/li>\n<li><span data-slate-fragment=\"JTVCJTdCJTIydHlwZSUyMiUzQSUyMnBhcmFncmFwaCUyMiUyQyUyMmNoaWxkcmVuJTIyJTNBJTVCJTdCJTIyaWQlMjIlM0ElMjJCNGtLdjI1cVl6JTIyJTJDJTIycGFyYUlkeCUyMiUzQTQlMkMlMjJzcmMlMjIlM0ElMjJIaWdoJTIwU3RyaWtpbmclMjBFbmVyZ3klMjIlMkMlMjJkc3QlMjIlM0ElMjIlRTklQUIlOTglRTglODMlQkQlRTglODAlOTclMjIlMkMlMjJtZXRhZGF0YSUyMiUzQSUyMiUyMiUyQyUyMm1ldGFEYXRhJTIyJTNBJTVCJTVEJTJDJTIydGV4dCUyMiUzQSUyMkhpZ2glMjBTdHJpa2luZyUyMEVuZXJneSUyMiU3RCU1RCU3RCU1RA==\">Energie mare de lovire<\/span><\/li>\n<li><span data-slate-fragment=\"JTVCJTdCJTIydHlwZSUyMiUzQSUyMnBhcmFncmFwaCUyMiUyQyUyMmNoaWxkcmVuJTIyJTNBJTVCJTdCJTIyaWQlMjIlM0ElMjJWQVlFM1hMMFBWJTIyJTJDJTIycGFyYUlkeCUyMiUzQTUlMkMlMjJzcmMlMjIlM0ElMjJMb3clMjBGdWVsJTIwQ29uc3VtcHRpb24lMjIlMkMlMjJkc3QlMjIlM0ElMjIlRTclODclODMlRTYlQjIlQjklRTYlQjYlODglRTglODAlOTclRTQlQkQlOEUlMjIlMkMlMjJtZXRhZGF0YSUyMiUzQSUyMiUyMiUyQyUyMm1ldGFEYXRhJTIyJTNBJTVCJTVEJTJDJTIydGV4dCUyMiUzQSUyMkxvdyUyMEZ1ZWwlMjBDb25zdW1wdGlvbiUyMiU3RCU1RCU3RCU1RA==\">Consum redus de combustibil<\/span><\/li>\n<li><span data-slate-fragment=\"JTVCJTdCJTIydHlwZSUyMiUzQSUyMnBhcmFncmFwaCUyMiUyQyUyMmNoaWxkcmVuJTIyJTNBJTVCJTdCJTIyaWQlMjIlM0ElMjJlR2dFM1g2MGxlJTIyJTJDJTIycGFyYUlkeCUyMiUzQTYlMkMlMjJzcmMlMjIlM0ElMjJMb3clMjBGYWlsdXJlJTIwUmF0ZSUyMiUyQyUyMmRzdCUyMiUzQSUyMiVFNiU5NSU4NSVFOSU5QSU5QyVFNyU4RSU4NyVFNCVCRCU4RSUyMiUyQyUyMm1ldGFkYXRhJTIyJTNBJTIyJTIyJTJDJTIybWV0YURhdGElMjIlM0ElNUIlNUQlMkMlMjJ0ZXh0JTIyJTNBJTIyTG93JTIwRmFpbHVyZSUyMFJhdGUlMjIlN0QlNUQlN0QlNUQ=\">Rata sc\u0103zut\u0103 de e\u0219ec<\/span><\/li>\n<li><span data-slate-fragment=\"JTVCJTdCJTIydHlwZSUyMiUzQSUyMnBhcmFncmFwaCUyMiUyQyUyMmNoaWxkcmVuJTIyJTNBJTVCJTdCJTIyaWQlMjIlM0ElMjJlNm5BTjJNMERlJTIyJTJDJTIycGFyYUlkeCUyMiUzQTclMkMlMjJzcmMlMjIlM0ElMjJDb21wcmVoZW5zaXZlJTIwUmFuZ2UlMjBvZiUyMFBpbGUlMjBUeXBlcyUyMiUyQyUyMmRzdCUyMiUzQSUyMiVFNiVBMSVBOSVFNyVCMSVCQiVFNSU5RSU4QiVFNyU5QSU4NCVFNSU4NSVBOCVFOSU5RCVBMiVFOCU4QyU4MyVFNSU5QiVCNCUyMiUyQyUyMm1ldGFkYXRhJTIyJTNBJTIyJTIyJTJDJTIybWV0YURhdGElMjIlM0ElNUIlNUQlMkMlMjJ0ZXh0JTIyJTNBJTIyQ29tcHJlaGVuc2l2ZSUyMFJhbmdlJTIwb2YlMjBQaWxlJTIwVHlwZXMlMjIlN0QlNUQlN0QlNUQ=\">Gam\u0103 cuprinz\u0103toare de tipuri de pilo\u021bi<\/span><\/li>\n<li><span data-slate-fragment=\"JTVCJTdCJTIydHlwZSUyMiUzQSUyMnBhcmFncmFwaCUyMiUyQyUyMmNoaWxkcmVuJTIyJTNBJTVCJTdCJTIyaWQlMjIlM0ElMjJWUlBtM2RaSmpCJTIyJTJDJTIycGFyYUlkeCUyMiUzQTglMkMlMjJzcmMlMjIlM0ElMjJPRU0lMjBhbmQlMjBDdXN0b21pemVkJTIyJTJDJTIyZHN0JTIyJTNBJTIyT0VNJUU1JTkyJThDJUU1JUFFJTlBJUU1JTg4JUI2JTIyJTJDJTIybWV0YWRhdGElMjIlM0ElMjIlMjIlMkMlMjJtZXRhRGF0YSUyMiUzQSU1QiU1RCUyQyUyMnRleHQlMjIlM0ElMjJPRU0lMjBhbmQlMjBDdXN0b21pemVkJTIyJTdEJTVEJTdEJTVE\">OEM \u0219i personalizate<\/span><\/li>\n<\/ul>","protected":false},"featured_media":2422,"template":"","meta":{"_seopress_robots_primary_cat":"none","_seopress_titles_title":"D160 Diesel Pile Hammer Supplier | China Factory","_seopress_titles_desc":"JUWEI d160 diesel pile hammer supplier is ideal for offshore, energy projects, ports, dock and more foundation construction. Get Free Quote!","_seopress_robots_index":"","site-sidebar-layout":"default","site-content-layout":"","ast-site-content-layout":"default","site-content-style":"default","site-sidebar-style":"default","ast-global-header-display":"","ast-banner-title-visibility":"","ast-main-header-display":"","ast-hfb-above-header-display":"","ast-hfb-below-header-display":"","ast-hfb-mobile-header-display":"","site-post-title":"","ast-breadcrumbs-content":"","ast-featured-img":"","footer-sml-layout":"","theme-transparent-header-meta":"default","adv-header-id-meta":"","stick-header-meta":"","header-above-stick-meta":"","header-main-stick-meta":"","header-below-stick-meta":"","astra-migrate-meta-layouts":"set","ast-page-background-enabled":"default","ast-page-background-meta":{"desktop":{"background-color":"var(--ast-global-color-4)","background-image":"","background-repeat":"repeat","background-position":"center center","background-size":"auto","background-attachment":"scroll","background-type":"","background-media":"","overlay-type":"","overlay-color":"","overlay-opacity":"","overlay-gradient":""},"tablet":{"background-color":"","background-image":"","background-repeat":"repeat","background-position":"center center","background-size":"auto","background-attachment":"scroll","background-type":"","background-media":"","overlay-type":"","overlay-color":"","overlay-opacity":"","overlay-gradient":""},"mobile":{"background-color":"","background-image":"","background-repeat":"repeat","background-position":"center center","background-size":"auto","background-attachment":"scroll","background-type":"","background-media":"","overlay-type":"","overlay-color":"","overlay-opacity":"","overlay-gradient":""}},"ast-content-background-meta":{"desktop":{"background-color":"var(--ast-global-color-5)","background-image":"","background-repeat":"repeat","background-position":"center center","background-size":"auto","background-attachment":"scroll","background-type":"","background-media":"","overlay-type":"","overlay-color":"","overlay-opacity":"","overlay-gradient":""},"tablet":{"background-color":"var(--ast-global-color-5)","background-image":"","background-repeat":"repeat","background-position":"center center","background-size":"auto","background-attachment":"scroll","background-type":"","background-media":"","overlay-type":"","overlay-color":"","overlay-opacity":"","overlay-gradient":""},"mobile":{"background-color":"var(--ast-global-color-5)","background-image":"","background-repeat":"repeat","background-position":"center center","background-size":"auto","background-attachment":"scroll","background-type":"","background-media":"","overlay-type":"","overlay-color":"","overlay-opacity":"","overlay-gradient":""}}},"product_brand":[],"product_cat":[21],"product_tag":[],"class_list":{"0":"post-2421","1":"product","2":"type-product","3":"status-publish","4":"has-post-thumbnail","6":"product_cat-d-diesel-hammer","7":"desktop-align-left","8":"tablet-align-left","9":"mobile-align-left","11":"first","12":"instock","13":"shipping-taxable","14":"product-type-simple"},"_links":{"self":[{"href":"https:\/\/www.juweihammer.com\/ro\/wp-json\/wp\/v2\/product\/2421","targetHints":{"allow":["GET"]}}],"collection":[{"href":"https:\/\/www.juweihammer.com\/ro\/wp-json\/wp\/v2\/product"}],"about":[{"href":"https:\/\/www.juweihammer.com\/ro\/wp-json\/wp\/v2\/types\/product"}],"version-history":[{"count":2,"href":"https:\/\/www.juweihammer.com\/ro\/wp-json\/wp\/v2\/product\/2421\/revisions"}],"predecessor-version":[{"id":11337,"href":"https:\/\/www.juweihammer.com\/ro\/wp-json\/wp\/v2\/product\/2421\/revisions\/11337"}],"wp:featuredmedia":[{"embeddable":true,"href":"https:\/\/www.juweihammer.com\/ro\/wp-json\/wp\/v2\/media\/2422"}],"wp:attachment":[{"href":"https:\/\/www.juweihammer.com\/ro\/wp-json\/wp\/v2\/media?parent=2421"}],"wp:term":[{"taxonomy":"product_brand","embeddable":true,"href":"https:\/\/www.juweihammer.com\/ro\/wp-json\/wp\/v2\/product_brand?post=2421"},{"taxonomy":"product_cat","embeddable":true,"href":"https:\/\/www.juweihammer.com\/ro\/wp-json\/wp\/v2\/product_cat?post=2421"},{"taxonomy":"product_tag","embeddable":true,"href":"https:\/\/www.juweihammer.com\/ro\/wp-json\/wp\/v2\/product_tag?post=2421"}],"curies":[{"name":"wp","href":"https:\/\/api.w.org\/{rel}","templated":true}]}}