{"id":2367,"date":"2024-07-22T02:11:37","date_gmt":"2024-07-22T02:11:37","guid":{"rendered":"https:\/\/www.juweihammer.com\/?post_type=product&#038;p=2367"},"modified":"2024-11-08T02:38:36","modified_gmt":"2024-11-08T02:38:36","slug":"d25-diesel-pile-driver-hammer","status":"publish","type":"product","link":"https:\/\/www.juweihammer.com\/ro\/produs\/d25-diesel-pile-driver-hammer\/","title":{"rendered":"D25 Diesel Pile Driver Hammer de v\u00e2nzare | OEM disponibil"},"content":{"rendered":"<p>Juwei este unul dintre<strong> top 10<\/strong> produc\u0103tori \u0219i furnizori de ciocane diesel din \u00eentreaga lume. Ciocanul diesel pentru pilo\u021bi Juwei din seria D are peste 30 de ani de experien\u021b\u0103 \u00een proiectare, produc\u021bie \u0219i aplicare. <strong><span style=\"color: #0000ff;\">Face\u021bi clic pe butonul \"Fabrica\" pentru a afla mai multe!<\/span><\/strong><\/p>\n<p><strong>#Total Model de ciocane tubulare diesel pentru pilo\u021bi din seria D<\/strong><\/p>\n<p>D12, D16, D19, D25, D30, D36, D46, D50, D62, D80, D100, D128, D138, D160, D180, D225, D265, D320, D400. <strong><span style=\"color: #0000ff;\">Face\u021bi clic pe butonul \"Detalii seria D\" pentru a afla mai multe!<\/span><\/strong><\/p>\n<p><strong>Solu\u021bii personalizate #C:<\/strong><\/p>\n<p>Echipa noastr\u0103 de ingineri poate personaliza solu\u021biile \u00een func\u021bie de situa\u021bia proiectului dumneavoastr\u0103. Trebuie doar s\u0103 furniza\u021bi un raport privind adresa solului, tipul de st\u00e2lp \u0219i echipamentul de batere a st\u00e2lpilor. Noi v\u0103 furniz\u0103m un ciocan cilindric compatibil cu proiectul.<\/p>\n<p><strong>#<\/strong><strong>Tip gramada:<\/strong><\/p>\n<p>Tipurile de pilo\u021bi pentru baterea pilo\u021bilor includ pilo\u021bi din beton prefabricat, grinzi H, pilo\u021bi din \u021bevi de o\u021bel, pilo\u021bi circulari, pilo\u021bi p\u0103tra\u021bi, pilo\u021bi din tabl\u0103, pilo\u021bi din lemn etc.<\/p>\n<p><strong>#Aaplica\u021bie<\/strong>:<\/p>\n<p>proiectele offshore includ produc\u021bia de energie eolian\u0103, energie, poduri, porturi, construc\u021bia de docuri \u0219i extrac\u021bia de petrol \u0219i gaze. Se aplic\u0103, de asemenea, proiectelor de inginerie rutier\u0103 \u0219i civil\u0103, utilit\u0103\u021bilor publice, utilit\u0103\u021bilor civile, cofferdams, poduri, fotovoltaice \u0219i mediului. <strong><span style=\"color: #0000ff;\">Face\u021bi clic pe butonul \"Proiecte\" pentru a afla mai multe!<\/span><\/strong><\/p>\n<p><strong>1TP5\u00cempachetare \u0219i transport<\/strong>:<\/p>\n<p>Ambalare: Utilizarea instrumentelor de transport din o\u021bel standard de export pentru ambalare<br \/>\nTransport: transport \u00een containere 20GP sau 40GP<\/p>\n<p><strong>#Exportat \u00een multe \u021b\u0103ri<\/strong><\/p>\n<p>Acest produs este exportat \u00een Europa, Rusia, Asia de Sud-Est, America de Nord, America de Sud, Orientul Mijlociu, Africa \u0219i alte regiuni. (Cum ar fi )<\/p>\n<p><strong>#Specifica\u021bii:<\/strong><\/p>\n<style>\n    .table-container {<br \/>        overflow-x: auto;<br \/>        margin: 0 auto;<br \/>    }<br \/>    table {<br \/>        width: 100%;<br \/>        border-collapse: collapse;<br \/>    }<br \/>    th, td {<br \/>        padding: 8px;<br \/>        border: 1px solid #ddd;<br \/>        text-align: left;<br \/>    }<br \/>    @media screen and (max-width: 600px) {<br \/>        table, thead, tbody, th, td, tr {<br \/>            display: block;<br \/>            width: 100%;<br \/>        }<br \/>        thead tr {<br \/>            display: none;<br \/>        }<br \/>        tr {<br \/>            margin-bottom: 15px;<br \/>        }<br \/>        td {<br \/>            text-align: right;<br \/>            padding-left: 50%;<br \/>            position: relative;<br \/>        }<br \/>        td:before {<br \/>            content: attr(data-label);<br \/>            position: absolute;<br \/>            left: 0;<br \/>            width: 50%;<br \/>            padding-left: 10px;<br \/>            font-weight: bold;<br \/>            text-align: left;<br \/>        }<br \/>    }<br \/><\/style>\n<div class=\"table-container\">\n<table>\n<thead>\n<tr>\n<th>Specifica\u021bii<\/th>\n<th>Tip<\/th>\n<th>D25<\/th>\n<\/tr>\n<\/thead>\n<tbody>\n<tr>\n<td data-label=\"Specifications\">Greutate de impact (piston)<\/td>\n<td data-label=\"Type\">kg<\/td>\n<td data-label=\"D25\">2500<\/td>\n<\/tr>\n<tr>\n<td data-label=\"Specifications\">Energie per lovitur\u0103<\/td>\n<td data-label=\"Type\">KNm<\/td>\n<td data-label=\"D25\">90.00~39.98<\/td>\n<\/tr>\n<tr>\n<td data-label=\"Specifications\">Num\u0103rul de lovituri<\/td>\n<td data-label=\"Type\">min-l<\/td>\n<td data-label=\"D25\">35~52<\/td>\n<\/tr>\n<tr>\n<td data-label=\"Specifications\">For\u021ba de presiune a exploziei asupra pilonului max.<\/td>\n<td data-label=\"Type\">KN<\/td>\n<td data-label=\"D25\">1304<\/td>\n<\/tr>\n<tr>\n<td data-label=\"Specifications\">Potrivit pentru baterea pilo\u021bilor p\u00e2n\u0103 la<\/td>\n<td data-label=\"Type\">Kg<\/td>\n<td data-label=\"D25\">7500<\/td>\n<\/tr>\n<tr>\n<td data-label=\"Specifications\">Diametrul admisibil al cablului pentru roata devietoare a dispozitivului de declan\u0219are max.<\/td>\n<td data-label=\"Type\">mm<\/td>\n<td data-label=\"D25\">\u03a622<\/td>\n<\/tr>\n<tr>\n<td data-label=\"Specifications\">Motorin\u0103<\/td>\n<td data-label=\"Type\">L\/h<\/td>\n<td data-label=\"D25\">8<\/td>\n<\/tr>\n<tr>\n<td data-label=\"Specifications\">Lubrifiant<\/td>\n<td data-label=\"Type\">L\/h<\/td>\n<td data-label=\"D25\">1<\/td>\n<\/tr>\n<tr>\n<td data-label=\"Specifications\">Rezervor de motorin\u0103<\/td>\n<td data-label=\"Type\">L<\/td>\n<td data-label=\"D25\">67<\/td>\n<\/tr>\n<tr>\n<td data-label=\"Specifications\">Rezervor de lubrifiant<\/td>\n<td data-label=\"Type\">L<\/td>\n<td data-label=\"D25\">19<\/td>\n<\/tr>\n<tr>\n<td data-label=\"Specifications\">Ciocan pentru pilo\u021bi diesel aprox.<\/td>\n<td data-label=\"Type\">kg<\/td>\n<td data-label=\"D25\">5330\/ 5810<\/td>\n<\/tr>\n<tr>\n<td data-label=\"Specifications\">Dispozitiv de declan\u0219are aprox<\/td>\n<td data-label=\"Type\">kg<\/td>\n<td data-label=\"D25\">180<\/td>\n<\/tr>\n<tr>\n<td data-label=\"Specifications\">Suport de transport \/ suport aprox.<\/td>\n<td data-label=\"Type\">kg<\/td>\n<td data-label=\"D25\">20<\/td>\n<\/tr>\n<tr>\n<td data-label=\"Specifications\">Garda de transport aprox.<\/td>\n<td data-label=\"Type\">kg<\/td>\n<td data-label=\"D25\">23<\/td>\n<\/tr>\n<tr>\n<td data-label=\"Specifications\">Cutie de scule aprox<\/td>\n<td data-label=\"Type\">kg<\/td>\n<td data-label=\"D25\">100<\/td>\n<\/tr>\n<tr>\n<td data-label=\"Specifications\">Lungimea ciocanului pentru pilo\u021bi Diesel (a\/al)<\/td>\n<td data-label=\"Type\">mm<\/td>\n<td data-label=\"D25\">5450\/ 6290<\/td>\n<\/tr>\n<tr>\n<td data-label=\"Specifications\">Diametrul exterior al blocului de impact (b)<\/td>\n<td data-label=\"Type\">mm<\/td>\n<td data-label=\"D25\">560<\/td>\n<\/tr>\n<tr>\n<td data-label=\"Specifications\">Dimensiuni generale m\u0103surate peste \u0219uruburile de fixare ale f\u0103lcilor de ghidare (c)<\/td>\n<td data-label=\"Type\">mm<\/td>\n<td data-label=\"D25\">780<\/td>\n<\/tr>\n<tr>\n<td data-label=\"Specifications\">L\u0103\u021bimea ciocanului pentru pilo\u021bi Diesel (d)<\/td>\n<td data-label=\"Type\">mm<\/td>\n<td data-label=\"D25\">640<\/td>\n<\/tr>\n<tr>\n<td data-label=\"Specifications\">L\u0103\u021bime pentru conectarea f\u0103lcilor de ghidare (e)<\/td>\n<td data-label=\"Type\">mm<\/td>\n<td data-label=\"D25\">540<\/td>\n<\/tr>\n<tr>\n<td data-label=\"Specifications\">Centrul ciocanului Diesel p\u00e2n\u0103 la protec\u021bia pompei (f)<\/td>\n<td data-label=\"Type\">mm<\/td>\n<td data-label=\"D25\">405<\/td>\n<\/tr>\n<tr>\n<td data-label=\"Specifications\">Centrul ciocanului pentru pilo\u021bi Diesel p\u00e2n\u0103 la centrul orificiului filetat pentru \u0219urubul de fixare al f\u0103lcilor de ghidare (g)<\/td>\n<td data-label=\"Type\">mm<\/td>\n<td data-label=\"D25\">235<\/td>\n<\/tr>\n<tr>\n<td data-label=\"Specifications\">Ad\u00e2ncimea ciocanului pentru pilo\u021bi Diesel (h)<\/td>\n<td data-label=\"Type\">mm<\/td>\n<td data-label=\"D25\">715<\/td>\n<\/tr>\n<tr>\n<td data-label=\"Specifications\">Distan\u021ba standard de la centrul ciocanului Diesel p\u00e2n\u0103 la centrul conductei (H)<\/td>\n<td data-label=\"Type\">mm<\/td>\n<td data-label=\"D25\">440<\/td>\n<\/tr>\n<tr>\n<td data-label=\"Specifications\">L\u0103\u021bimea cablurilor (L)<\/td>\n<td data-label=\"Type\">mm<\/td>\n<td data-label=\"D25\">330x(\u03a670)<\/td>\n<\/tr>\n<\/tbody>\n<\/table>\n<h2>D25 Diesel Hammer Ambalare<\/h2>\n<p><img fetchpriority=\"high\" decoding=\"async\" class=\"size-full wp-image-11326\" src=\"https:\/\/www.juweihammer.com\/wp-content\/uploads\/2024\/09\/D-tubular-diesel-hammer-packaging.webp\" alt=\"D tubulare diesel ciocan ambalare\" width=\"975\" height=\"696\" srcset=\"https:\/\/www.juweihammer.com\/wp-content\/uploads\/2024\/09\/D-tubular-diesel-hammer-packaging.webp 975w, https:\/\/www.juweihammer.com\/wp-content\/uploads\/2024\/09\/D-tubular-diesel-hammer-packaging-768x548.webp 768w, https:\/\/www.juweihammer.com\/wp-content\/uploads\/2024\/09\/D-tubular-diesel-hammer-packaging-18x12.webp 18w, https:\/\/www.juweihammer.com\/wp-content\/uploads\/2024\/09\/D-tubular-diesel-hammer-packaging-600x428.webp 600w\" sizes=\"(max-width: 975px) 100vw, 975px\" \/><\/p>\n<\/div>","protected":false},"excerpt":{"rendered":"<p>Ciocanul pentru pilo\u021bi diesel tubular din seria D este \u00een prezent cel mai utilizat echipament de construc\u021bie a funda\u021biilor pentru baterea pilo\u021bilor<\/p>\n<ul>\n<li>Greutatea de impact (piston): 2,5 tone<\/li>\n<li>Impac Energy: 90~39.98 Kj<\/li>\n<li>OEM <span data-slate-fragment=\"JTVCJTdCJTIydHlwZSUyMiUzQSUyMnBhcmFncmFwaCUyMiUyQyUyMmNoaWxkcmVuJTIyJTNBJTVCJTdCJTIyaWQlMjIlM0ElMjJWMHJtR2R2NjJCJTIyJTJDJTIycGFyYUlkeCUyMiUzQTAlMkMlMjJzcmMlMjIlM0ElMjJhdmFpbGFibGUlMjIlMkMlMjJkc3QlMjIlM0ElMjIlRTUlOEYlQUYlRTglOEUlQjclRTUlQkUlOTclRTclOUElODQlMjIlMkMlMjJtZXRhZGF0YSUyMiUzQSUyMiUyMiUyQyUyMm1ldGFEYXRhJTIyJTNBJTVCJTVEJTJDJTIydGV4dCUyMiUzQSUyMmF2YWlsYWJsZSUyMiU3RCU1RCU3RCU1RA==\">Disponibil<\/span><\/li>\n<li>Solu\u021bii personalizate<\/li>\n<li><span data-slate-fragment=\"JTVCJTdCJTIydHlwZSUyMiUzQSUyMnBhcmFncmFwaCUyMiUyQyUyMmNoaWxkcmVuJTIyJTNBJTVCJTdCJTIyaWQlMjIlM0ElMjJCdjVSOFl3bFd6JTIyJTJDJTIycGFyYUlkeCUyMiUzQTAlMkMlMjJzcmMlMjIlM0ElMjJEdWFsJTIwZnVlbCUyMHB1bXAlMjBzeXN0ZW0lMjIlMkMlMjJkc3QlMjIlM0ElMjIlRTUlOEYlOEMlRTclODclODMlRTYlQjIlQjklRTYlQjMlQjUlRTclQjMlQkIlRTclQkIlOUYlMjIlMkMlMjJtZXRhZGF0YSUyMiUzQSUyMiUyMiUyQyUyMm1ldGFEYXRhJTIyJTNBJTVCJTVEJTJDJTIydGV4dCUyMiUzQSUyMkR1YWwlMjBmdWVsJTIwcHVtcCUyMHN5c3RlbSUyMiU3RCU1RCU3RCU1RA==\">Sistem cu pomp\u0103 dubl\u0103 de combustibil<\/span><\/li>\n<\/ul>","protected":false},"featured_media":2374,"template":"","meta":{"_seopress_robots_primary_cat":"none","_seopress_titles_title":"China D25 Diesel Pile Driver Hammer for Sale | OEM","_seopress_titles_desc":"The D25 tubular diesel pile hammer is used pile driving foundation construction equipment.\r\nImpact Weight (Piston): 2.5 tons OEM Available. Get Quotes","_seopress_robots_index":"","site-sidebar-layout":"default","site-content-layout":"","ast-site-content-layout":"default","site-content-style":"default","site-sidebar-style":"default","ast-global-header-display":"","ast-banner-title-visibility":"","ast-main-header-display":"","ast-hfb-above-header-display":"","ast-hfb-below-header-display":"","ast-hfb-mobile-header-display":"","site-post-title":"","ast-breadcrumbs-content":"","ast-featured-img":"","footer-sml-layout":"","theme-transparent-header-meta":"default","adv-header-id-meta":"","stick-header-meta":"","header-above-stick-meta":"","header-main-stick-meta":"","header-below-stick-meta":"","astra-migrate-meta-layouts":"set","ast-page-background-enabled":"default","ast-page-background-meta":{"desktop":{"background-color":"var(--ast-global-color-4)","background-image":"","background-repeat":"repeat","background-position":"center center","background-size":"auto","background-attachment":"scroll","background-type":"","background-media":"","overlay-type":"","overlay-color":"","overlay-opacity":"","overlay-gradient":""},"tablet":{"background-color":"","background-image":"","background-repeat":"repeat","background-position":"center center","background-size":"auto","background-attachment":"scroll","background-type":"","background-media":"","overlay-type":"","overlay-color":"","overlay-opacity":"","overlay-gradient":""},"mobile":{"background-color":"","background-image":"","background-repeat":"repeat","background-position":"center center","background-size":"auto","background-attachment":"scroll","background-type":"","background-media":"","overlay-type":"","overlay-color":"","overlay-opacity":"","overlay-gradient":""}},"ast-content-background-meta":{"desktop":{"background-color":"var(--ast-global-color-5)","background-image":"","background-repeat":"repeat","background-position":"center center","background-size":"auto","background-attachment":"scroll","background-type":"","background-media":"","overlay-type":"","overlay-color":"","overlay-opacity":"","overlay-gradient":""},"tablet":{"background-color":"var(--ast-global-color-5)","background-image":"","background-repeat":"repeat","background-position":"center center","background-size":"auto","background-attachment":"scroll","background-type":"","background-media":"","overlay-type":"","overlay-color":"","overlay-opacity":"","overlay-gradient":""},"mobile":{"background-color":"var(--ast-global-color-5)","background-image":"","background-repeat":"repeat","background-position":"center center","background-size":"auto","background-attachment":"scroll","background-type":"","background-media":"","overlay-type":"","overlay-color":"","overlay-opacity":"","overlay-gradient":""}}},"product_brand":[],"product_cat":[21],"product_tag":[],"class_list":{"0":"post-2367","1":"product","2":"type-product","3":"status-publish","4":"has-post-thumbnail","6":"product_cat-d-diesel-hammer","7":"desktop-align-left","8":"tablet-align-left","9":"mobile-align-left","11":"first","12":"instock","13":"shipping-taxable","14":"product-type-simple"},"_links":{"self":[{"href":"https:\/\/www.juweihammer.com\/ro\/wp-json\/wp\/v2\/product\/2367","targetHints":{"allow":["GET"]}}],"collection":[{"href":"https:\/\/www.juweihammer.com\/ro\/wp-json\/wp\/v2\/product"}],"about":[{"href":"https:\/\/www.juweihammer.com\/ro\/wp-json\/wp\/v2\/types\/product"}],"version-history":[{"count":2,"href":"https:\/\/www.juweihammer.com\/ro\/wp-json\/wp\/v2\/product\/2367\/revisions"}],"predecessor-version":[{"id":11347,"href":"https:\/\/www.juweihammer.com\/ro\/wp-json\/wp\/v2\/product\/2367\/revisions\/11347"}],"wp:featuredmedia":[{"embeddable":true,"href":"https:\/\/www.juweihammer.com\/ro\/wp-json\/wp\/v2\/media\/2374"}],"wp:attachment":[{"href":"https:\/\/www.juweihammer.com\/ro\/wp-json\/wp\/v2\/media?parent=2367"}],"wp:term":[{"taxonomy":"product_brand","embeddable":true,"href":"https:\/\/www.juweihammer.com\/ro\/wp-json\/wp\/v2\/product_brand?post=2367"},{"taxonomy":"product_cat","embeddable":true,"href":"https:\/\/www.juweihammer.com\/ro\/wp-json\/wp\/v2\/product_cat?post=2367"},{"taxonomy":"product_tag","embeddable":true,"href":"https:\/\/www.juweihammer.com\/ro\/wp-json\/wp\/v2\/product_tag?post=2367"}],"curies":[{"name":"wp","href":"https:\/\/api.w.org\/{rel}","templated":true}]}}