{"id":22611,"date":"2025-10-30T07:13:39","date_gmt":"2025-10-30T07:13:39","guid":{"rendered":"https:\/\/www.juweihammer.com\/?post_type=product&#038;p=22611"},"modified":"2025-10-30T07:31:33","modified_gmt":"2025-10-30T07:31:33","slug":"china-14ton-hydraulic-impact-pile-hammer-for-piling","status":"publish","type":"product","link":"https:\/\/www.juweihammer.com\/ro\/produs\/china-14ton-hydraulic-impact-pile-hammer-for-piling\/","title":{"rendered":"China 14ton hidraulice Impact Pile Hammer pentru Piling"},"content":{"rendered":"<p><span data-slate-fragment=\"JTVCJTdCJTIydHlwZSUyMiUzQSUyMnBhcmFncmFwaCUyMiUyQyUyMmNoaWxkcmVuJTIyJTNBJTVCJTdCJTIyaWQlMjIlM0ElMjJCWnlwQWdqNVF6JTIyJTJDJTIycGFyYUlkeCUyMiUzQTAlMkMlMjJzcmMlMjIlM0ElMjJKdXdlaSUyMGlzJTIwdGhlJTIwdG9wJTIwMSUyMG1hbnVmYWN0dXJlcnMlMjBhbmQlMjBzdXBwbGllcnMlMjBvZiUyMEREJTIwcmFpbCUyMGhhbW1lcnMlMjBpbiUyMENoaW5hJTIyJTJDJTIyZHN0JTIyJTNBJTIyJUU1JUI3JUE4JUU1JUE4JTgxJUU2JTk4JUFGJUU0JUI4JUFEJUU1JTlCJUJEREQlRTklOTIlQTIlRTglQkQlQTglRTklOTQlQTQlRTclOUElODQlRTclQUMlQUMlRTQlQjglODAlRTUlQTQlQTclRTUlODglQjYlRTklODAlQTAlRTUlOTUlODYlRTUlOTIlOEMlRTQlQkUlOUIlRTUlQkElOTQlRTUlOTUlODYlMjIlMkMlMjJtZXRhZGF0YSUyMiUzQSUyMiUyMiUyQyUyMm1ldGFEYXRhJTIyJTNBJTVCJTVEJTJDJTIydGV4dCUyMiUzQSUyMkp1d2VpJTIwaXMlMjB0aGUlMjB0b3AlMjAxJTIwbWFudWZhY3R1cmVycyUyMGFuZCUyMHN1cHBsaWVycyUyMG9mJTIwREQlMjByYWlsJTIwaGFtbWVycyUyMGluJTIwQ2hpbmElMjIlN0QlNUQlN0QlNUQ=\">Juwei este unul dintre primii 10 produc\u0103tori \u0219i furnizori de ciocane hidraulice cu impact din lume. <\/span>Echipamentul de batere a pilo\u021bilor Juwei are peste 30 de ani de experien\u021b\u0103 \u00een proiectare, produc\u021bie \u0219i aplicare. <span style=\"color: #0000ff;\"><strong>Face\u021bi clic pe butonul \"Fabrica\" pentru a afla mai multe!<\/strong><\/span><\/p>\n<p><strong><b>#<\/b><\/strong><strong><b>Conservarea energiei \u0219i protec\u021bia mediului<\/b><\/strong><\/p>\n<p>Ciocanul hidraulic cu impact din seria Juwei HI este ac\u021bionat de un sistem hidraulic, care permite controlul precis al for\u021bei \u0219i frecven\u021bei de impact. \u00cen compara\u021bie cu ciocanele diesel tradi\u021bionale, are un zgomot redus, o poluare redus\u0103 \u0219i o eficien\u021b\u0103 mai mare de conversie a energiei.<\/p>\n<p>Dulapul de alimentare este ac\u021bionat de mai multe motoare, asigur\u00e2nd o fezabilitate economic\u0103 excelent\u0103, fiabilitate \u0219i performan\u021b\u0103 general\u0103.<\/p>\n<p><strong># <\/strong><strong><b>Fiabilitatea sistemului<\/b><\/strong><\/p>\n<p>Sistemul este echipat cu componente de \u00eenalt\u0103 calitate \u00een pompe hidraulice, supape \u0219i cilindri, care au performan\u021be bune \u00een ceea ce prive\u0219te reducerea vibra\u021biilor, rezisten\u021ba la impact \u0219i durabilitatea, asigur\u00e2nd o fiabilitate ridicat\u0103.<\/p>\n<p>Materialul de baz\u0103 al ciocanului \u0219i tratamentul termic sunt atent selectate pentru a optimiza rezisten\u021ba la temperatur\u0103, rezisten\u021ba la uzur\u0103, absorb\u021bia vibra\u021biilor \u0219i rezisten\u021ba la impact. Acumulatorul de \u00eenalt\u0103 \u0219i joas\u0103 presiune adopt\u0103 un design compact al pistonului, care \u00eembun\u0103t\u0103\u021be\u0219te fiabilitatea.<\/p>\n<p><strong>#<\/strong><strong><b>Gam\u0103 larg\u0103 de aplica\u021bii<\/b><\/strong><\/p>\n<p>Dispune de capace de st\u00e2lpi compozite u\u0219or de \u00eenlocuit care se pot adapta la diverse forme \u0219i materiale de st\u00e2lpi. For\u021ba de impact \u0219i frecven\u021ba ciocanului pot fi ajustate \u0219i controlate \u00een func\u021bie de condi\u021biile geologice \u0219i de rezisten\u021ba materialului pilonului.<\/p>\n<p>Ciocanul hidraulic pentru pilo\u021bi ofer\u0103 o solu\u021bie economic\u0103 \u0219i ecologic\u0103 pentru instalarea pilo\u021bilor din o\u021bel sau beton at\u00e2t \u00een mediul terestru, c\u00e2t \u0219i \u00een cel marin. Acesta poate fi utilizat pe pilo\u021bi, macarale suspendate, macarale pe \u0219enile \u0219i barje.<\/p>\n<ul>\n<li>Foarte potrivit pentru proiecte offshore, instala\u021bii eoliene, platforme petroliere \u0219i de gaze, construc\u021bii portuare \u0219i de docuri \u0219i poduri offshore.<\/li>\n<li>Potrivit pentru diverse funda\u021bii de cl\u0103diri, cofferdams de inginerie din lemn, precum \u0219i pentru instala\u021bii publice, cum ar fi centralele electrice \u0219i de tratare a apei.<\/li>\n<\/ul>\n<p><span style=\"color: #0000ff;\"><strong>Face\u021bi clic pe butonul \"Proiect\" pentru a afla mai multe!<\/strong><\/span><\/p>\n<p><strong>#ipuri de \u021bevi<\/strong><\/p>\n<p>Ciocanul de impact hidraulic Juwei poate conduce diferite tipuri de pilo\u021bi, inclusiv pilo\u021bi din beton prefabricat, grinzi H, pilo\u021bi rotunzi, pilo\u021bi din \u021bevi de o\u021bel, pilo\u021bi p\u0103tra\u021bi, pilo\u021bi din lemn etc<\/p>\n<p><strong>Solu\u021bii personalizate #C:<\/strong><\/p>\n<p>Echipa noastr\u0103 de ingineri poate personaliza solu\u021biile \u00een func\u021bie de situa\u021bia proiectului dumneavoastr\u0103. Datorit\u0103 diferitelor tipuri, dimensiuni \u0219i condi\u021bii de sol ale pilo\u021bilor, capacitatea portant\u0103 necesar\u0103 a ciocanelor poate varia, de asemenea. Pute\u021bi furniza un raport privind adresa solului, tipul de pilon \u0219i echipamentul de batere a pilo\u021bilor. Noi furniz\u0103m ciocane care sunt compatibile cu proiectul.<\/p>\n<p><strong>1TP5\u00cempachetare \u0219i transport<\/strong>:<\/p>\n<p>Ambalare: Utilizarea instrumentelor de transport din o\u021bel standard de export pentru ambalare<br \/>\nTransport: transport \u00een containere 20GP sau 40GP<\/p>\n<p><strong>#Specifica\u021bii:<\/strong><\/p>\n<div style=\"overflow-x: auto;\">\n<table style=\"border-collapse: collapse; width: 100%;\" border=\"1\" cellspacing=\"0\" cellpadding=\"0\">\n<tbody>\n<tr style=\"height: 20.00pt;\">\n<td style=\"width: 40%;\" align=\"center\"><strong>Specifica\u021bii<\/strong><\/td>\n<td style=\"width: 30%;\" align=\"center\"><strong>Tip<\/strong><\/td>\n<td style=\"width: 30%;\" align=\"center\"><strong>HI-14<\/strong><\/td>\n<\/tr>\n<tr style=\"height: 20.00pt;\">\n<td style=\"width: 40%;\" align=\"center\">Model Power Pack (op\u021bional)<\/td>\n<td style=\"width: 30%;\" align=\"center\">Motor diesel\/<br \/>\nMotor electric<\/td>\n<td style=\"width: 30%;\" align=\"center\">DP400\/<br \/>\nEP300<\/td>\n<\/tr>\n<tr style=\"height: 20.00pt;\">\n<td style=\"width: 40%;\" align=\"center\">Energie curs\u0103 maxim\u0103<\/td>\n<td style=\"width: 30%;\" align=\"center\">kN.m<\/td>\n<td style=\"width: 30%;\" align=\"center\">210<\/td>\n<\/tr>\n<tr style=\"height: 24.00pt;\">\n<td style=\"width: 40%;\" align=\"center\">Curs\u0103 maxim\u0103<\/td>\n<td style=\"width: 30%;\" align=\"center\">mm<\/td>\n<td style=\"width: 30%;\" align=\"center\">1500<\/td>\n<\/tr>\n<tr style=\"height: 20.00pt;\">\n<td style=\"width: 40%;\" align=\"center\">Frecven\u021b\u0103 (Min\/Max)<\/td>\n<td style=\"width: 30%;\" align=\"center\">bpm<\/td>\n<td style=\"width: 30%;\" align=\"center\">30\/80<\/td>\n<\/tr>\n<tr style=\"height: 20.00pt;\">\n<td style=\"width: 40%;\" align=\"center\">Greutatea berbecului<\/td>\n<td style=\"width: 30%;\" align=\"center\">kg<\/td>\n<td style=\"width: 30%;\" align=\"center\">14000<\/td>\n<\/tr>\n<tr style=\"height: 20.00pt;\">\n<td style=\"width: 40%;\" align=\"center\">Greutate total\u0103 (cu excep\u021bia capacului)<\/td>\n<td style=\"width: 30%;\" align=\"center\">kg<\/td>\n<td style=\"width: 30%;\" align=\"center\">19950<\/td>\n<\/tr>\n<tr style=\"height: 24.00pt;\">\n<td style=\"width: 40%;\" align=\"center\">\u00cen\u0103l\u021bime total\u0103 (cu excep\u021bia capacului)<\/td>\n<td style=\"width: 30%;\" align=\"center\">mm<\/td>\n<td style=\"width: 30%;\" align=\"center\">5770<\/td>\n<\/tr>\n<tr style=\"height: 20.00pt;\">\n<td style=\"width: 100%; border-right: 1.0pt solid #000000;\" colspan=\"3\" align=\"center\"><strong>Motor diesel Power Pack Model: DP400<\/strong><\/td>\n<\/tr>\n<tr style=\"height: 27.00pt;\">\n<td style=\"width: 40%;\" align=\"center\">Model de motor diesel<\/td>\n<td style=\"width: 100%; border-right: 1.0pt solid #000000;\" colspan=\"3\" align=\"center\">CUMMINS-QS-M11\/WEICHAI-WP12<\/td>\n<\/tr>\n<tr style=\"height: 27.00pt;\">\n<td style=\"width: 40%;\" align=\"center\">Puterea motorului diesel<\/td>\n<td style=\"width: 30%;\" align=\"center\">KW<\/td>\n<td style=\"width: 30%;\" align=\"center\">298\/316<\/td>\n<\/tr>\n<tr style=\"height: 20.00pt;\">\n<td style=\"width: 40%;\" align=\"center\">Presiune nominal\u0103<\/td>\n<td style=\"width: 30%;\" align=\"center\">Mpa<\/td>\n<td style=\"width: 30%;\" align=\"center\">25<\/td>\n<\/tr>\n<tr style=\"height: 15.75pt;\">\n<td style=\"width: 40%;\" align=\"center\">Debit maxim<\/td>\n<td style=\"width: 30%;\" align=\"center\">L\/min<\/td>\n<td style=\"width: 30%;\" align=\"center\">540<\/td>\n<\/tr>\n<tr style=\"height: 15.75pt;\">\n<td style=\"width: 40%;\" align=\"center\">Rezervor de ulei hidraulic<\/td>\n<td style=\"width: 30%;\" align=\"center\">L<\/td>\n<td style=\"width: 30%;\" align=\"center\">2100<\/td>\n<\/tr>\n<tr style=\"height: 15.75pt;\">\n<td style=\"width: 40%;\" align=\"center\">Rezervor de motorin\u0103<\/td>\n<td style=\"width: 30%;\" align=\"center\">L<\/td>\n<td style=\"width: 30%;\" align=\"center\">500<\/td>\n<\/tr>\n<tr style=\"height: 15.75pt;\">\n<td style=\"width: 40%;\" align=\"center\">Greutate net\u0103<\/td>\n<td style=\"width: 30%;\" align=\"center\">kg<\/td>\n<td style=\"width: 30%;\" align=\"center\">6850<\/td>\n<\/tr>\n<tr style=\"height: 20.00pt;\">\n<td style=\"width: 100%; border-right: 1.0pt solid #000000;\" colspan=\"3\" align=\"center\"><strong>Bloc de alimentare cu motor electric Model: EP300<\/strong><\/td>\n<\/tr>\n<tr style=\"height: 27.00pt;\">\n<td style=\"width: 40%;\" align=\"center\">Puterea motorului<\/td>\n<td style=\"width: 30%;\" align=\"center\">KW<\/td>\n<td style=\"width: 30%;\" align=\"center\">90\u00d72+55<\/td>\n<\/tr>\n<tr style=\"height: 20.00pt;\">\n<td style=\"width: 40%;\" align=\"center\">Presiune nominal\u0103<\/td>\n<td style=\"width: 30%;\" align=\"center\">Mpa<\/td>\n<td style=\"width: 30%;\" align=\"center\">23<\/td>\n<\/tr>\n<tr style=\"height: 15.75pt;\">\n<td style=\"width: 40%;\" align=\"center\">Debit maxim<\/td>\n<td style=\"width: 30%;\" align=\"center\">L\/min<\/td>\n<td style=\"width: 30%;\" align=\"center\">650<\/td>\n<\/tr>\n<tr style=\"height: 15.75pt;\">\n<td style=\"width: 40%;\" align=\"center\">Rezervor de ulei hidraulic<\/td>\n<td style=\"width: 30%;\" align=\"center\">L<\/td>\n<td style=\"width: 30%;\" align=\"center\">2275<\/td>\n<\/tr>\n<tr style=\"height: 15.75pt;\">\n<td style=\"width: 40%;\" align=\"center\">Greutate net\u0103<\/td>\n<td style=\"width: 30%;\" align=\"center\">kg<\/td>\n<td style=\"width: 30%;\" align=\"center\">6570<\/td>\n<\/tr>\n<\/tbody>\n<\/table>\n<\/div>","protected":false},"excerpt":{"rendered":"<p>Ciocanul pentru pilo\u021bi cu impact hidraulic din seria Juwei HI are o structur\u0103 simpl\u0103, care poate ridica miezul ciocanului prin energie hidraulic\u0103 \u0219i apoi poate utiliza energia poten\u021bial\u0103 gravita\u021bional\u0103 pentru a lovi cap\u0103tul pilo\u021bilor.<\/p>\n<ul>\n<li>Model: HI-14<\/li>\n<li>Greutatea berbecului: 14 tone<\/li>\n<li>Max. Energie: 210 kj<\/li>\n<li>Adoptarea capacelor compozite pentru pilo\u021bi<\/li>\n<li>Eficien\u021b\u0103 ridicat\u0103 a muncii<\/li>\n<li>Pre\u021buri competitive<\/li>\n<li>Sistemul hidraulic furnizeaz\u0103 putere<\/li>\n<\/ul>","protected":false},"featured_media":22561,"template":"","meta":{"_seopress_robots_primary_cat":"none","_seopress_titles_title":"China 14ton Hydraulic Impact Pile Hammer for Piling","_seopress_titles_desc":"14ton hydraulic hammer piling machine is double acting hammer. Widely exported to North America, Europe, South America, Southeast Asia, Australia and more.","_seopress_robots_index":"","site-sidebar-layout":"default","site-content-layout":"","ast-site-content-layout":"default","site-content-style":"default","site-sidebar-style":"default","ast-global-header-display":"","ast-banner-title-visibility":"","ast-main-header-display":"","ast-hfb-above-header-display":"","ast-hfb-below-header-display":"","ast-hfb-mobile-header-display":"","site-post-title":"","ast-breadcrumbs-content":"","ast-featured-img":"","footer-sml-layout":"","theme-transparent-header-meta":"default","adv-header-id-meta":"","stick-header-meta":"","header-above-stick-meta":"","header-main-stick-meta":"","header-below-stick-meta":"","astra-migrate-meta-layouts":"set","ast-page-background-enabled":"default","ast-page-background-meta":{"desktop":{"background-color":"var(--ast-global-color-4)","background-image":"","background-repeat":"repeat","background-position":"center center","background-size":"auto","background-attachment":"scroll","background-type":"","background-media":"","overlay-type":"","overlay-color":"","overlay-opacity":"","overlay-gradient":""},"tablet":{"background-color":"","background-image":"","background-repeat":"repeat","background-position":"center center","background-size":"auto","background-attachment":"scroll","background-type":"","background-media":"","overlay-type":"","overlay-color":"","overlay-opacity":"","overlay-gradient":""},"mobile":{"background-color":"","background-image":"","background-repeat":"repeat","background-position":"center center","background-size":"auto","background-attachment":"scroll","background-type":"","background-media":"","overlay-type":"","overlay-color":"","overlay-opacity":"","overlay-gradient":""}},"ast-content-background-meta":{"desktop":{"background-color":"var(--ast-global-color-5)","background-image":"","background-repeat":"repeat","background-position":"center center","background-size":"auto","background-attachment":"scroll","background-type":"","background-media":"","overlay-type":"","overlay-color":"","overlay-opacity":"","overlay-gradient":""},"tablet":{"background-color":"var(--ast-global-color-5)","background-image":"","background-repeat":"repeat","background-position":"center center","background-size":"auto","background-attachment":"scroll","background-type":"","background-media":"","overlay-type":"","overlay-color":"","overlay-opacity":"","overlay-gradient":""},"mobile":{"background-color":"var(--ast-global-color-5)","background-image":"","background-repeat":"repeat","background-position":"center center","background-size":"auto","background-attachment":"scroll","background-type":"","background-media":"","overlay-type":"","overlay-color":"","overlay-opacity":"","overlay-gradient":""}}},"product_brand":[],"product_cat":[23],"product_tag":[],"class_list":{"0":"post-22611","1":"product","2":"type-product","3":"status-publish","4":"has-post-thumbnail","6":"product_cat-pile-hydraulic-impact-hammers","7":"desktop-align-left","8":"tablet-align-left","9":"mobile-align-left","11":"first","12":"instock","13":"shipping-taxable","14":"product-type-simple"},"_links":{"self":[{"href":"https:\/\/www.juweihammer.com\/ro\/wp-json\/wp\/v2\/product\/22611","targetHints":{"allow":["GET"]}}],"collection":[{"href":"https:\/\/www.juweihammer.com\/ro\/wp-json\/wp\/v2\/product"}],"about":[{"href":"https:\/\/www.juweihammer.com\/ro\/wp-json\/wp\/v2\/types\/product"}],"version-history":[{"count":4,"href":"https:\/\/www.juweihammer.com\/ro\/wp-json\/wp\/v2\/product\/22611\/revisions"}],"predecessor-version":[{"id":22624,"href":"https:\/\/www.juweihammer.com\/ro\/wp-json\/wp\/v2\/product\/22611\/revisions\/22624"}],"wp:featuredmedia":[{"embeddable":true,"href":"https:\/\/www.juweihammer.com\/ro\/wp-json\/wp\/v2\/media\/22561"}],"wp:attachment":[{"href":"https:\/\/www.juweihammer.com\/ro\/wp-json\/wp\/v2\/media?parent=22611"}],"wp:term":[{"taxonomy":"product_brand","embeddable":true,"href":"https:\/\/www.juweihammer.com\/ro\/wp-json\/wp\/v2\/product_brand?post=22611"},{"taxonomy":"product_cat","embeddable":true,"href":"https:\/\/www.juweihammer.com\/ro\/wp-json\/wp\/v2\/product_cat?post=22611"},{"taxonomy":"product_tag","embeddable":true,"href":"https:\/\/www.juweihammer.com\/ro\/wp-json\/wp\/v2\/product_tag?post=22611"}],"curies":[{"name":"wp","href":"https:\/\/api.w.org\/{rel}","templated":true}]}}