{"id":8219,"date":"2024-08-27T05:44:11","date_gmt":"2024-08-27T05:44:11","guid":{"rendered":"https:\/\/www.juweihammer.com\/?post_type=product&#038;p=8219"},"modified":"2024-11-08T02:22:00","modified_gmt":"2024-11-08T02:22:00","slug":"d50-tubular-diesel-hammers-for-pile-driving-customized","status":"publish","type":"product","link":"https:\/\/www.juweihammer.com\/pt\/produto\/d50-tubular-diesel-hammers-for-pile-driving-customized\/","title":{"rendered":"Martelos a diesel tubulares D50 para crava\u00e7\u00e3o de estacas"},"content":{"rendered":"<p>Como um dos<strong> Os 10 melhores<\/strong> fabricantes e fornecedores de martelos a diesel para estacas em todo o mundo. O martelo a diesel para estacas da s\u00e9rie D da Juwei tem mais de 30 anos de experi\u00eancia em projeto, fabrica\u00e7\u00e3o e aplica\u00e7\u00e3o. <span style=\"color: #0000ff;\"><strong>Saiba mais sobre nossa f\u00e1brica clicando em \"F\u00e1brica\".<\/strong><\/span><span style=\"color: #000080;\">!<\/span><\/p>\n<p><strong>#All <span data-slate-fragment=\"JTVCJTdCJTIydHlwZSUyMiUzQSUyMnBhcmFncmFwaCUyMiUyQyUyMmNoaWxkcmVuJTIyJTNBJTVCJTdCJTIyaWQlMjIlM0ElMjJlYk40UmdFcXBlJTIyJTJDJTIycGFyYUlkeCUyMiUzQTQlMkMlMjJzcmMlMjIlM0ElMjJDb21wbGV0ZSUyME1vZGVsJTIwUmFuZ2UlMjBvZiUyMEQlMjBTZXJpZXMlMjBUdWJ1bGFyJTIwRGllc2VsJTIwUGlsZSUyMERyaXZlciUyMEhhbW1lcnMlMjIlMkMlMjJkc3QlMjIlM0ElMjJEJUU3JUIzJUJCJUU1JTg4JTk3JUU3JUFFJUExJUU3JThBJUI2JUU2JTlGJUI0JUU2JUIyJUI5JUU2JTg5JTkzJUU2JUExJUE5JUU5JTk0JUE0JUU3JTlBJTg0JUU1JUFFJThDJUU2JTk1JUI0JUU1JTlFJThCJUU1JThGJUI3JUU3JUIzJUJCJUU1JTg4JTk3JTIyJTJDJTIybWV0YWRhdGElMjIlM0ElMjIlMjIlMkMlMjJtZXRhRGF0YSUyMiUzQSU1QiU1RCUyQyUyMnRleHQlMjIlM0ElMjJDb21wbGV0ZSUyME1vZGVsJTIyJTdEJTVEJTdEJTVE\">Modelo<\/span> de martelos a diesel para estacas da s\u00e9rie D<\/strong><\/p>\n<p>D12: 1,28 toneladas, D16: 1,6 toneladas, D19: 1,82 toneladas, D25: 2,5 toneladas, D30: 3 toneladas, D36: 3,6 toneladas, D46: 4,6 toneladas, D50: 5 toneladas, D62:6.2 toneladas, D80: 80tons, D100: 10 toneladas, D128: 12,8tons, D138: 13,8tons, D160: 16tons, D180: 18tons, D225: 22,5tons, D265: 26,5tons, D320: 32tons, D400: 40tons. \u00a0<span style=\"color: #0000ff;\"><strong><span class=\"null\" data-slate-leaf=\"true\" data-sent-id=\"VpbK2QLMrB\">Para obter informa\u00e7\u00f5es detalhadas, clique no bot\u00e3o \"Detalhes da s\u00e9rie D\".<\/span><\/strong><\/span><\/p>\n<p><strong>1TP5Solu\u00e7\u00f5es personalizadas:<\/strong><\/p>\n<p>Nossa equipe de engenharia pode oferecer solu\u00e7\u00f5es personalizadas <span data-slate-fragment=\"JTVCJTdCJTIydHlwZSUyMiUzQSUyMnBhcmFncmFwaCUyMiUyQyUyMmNoaWxkcmVuJTIyJTNBJTVCJTdCJTIyaWQlMjIlM0ElMjJCdjVScmFXa1B6JTIyJTJDJTIycGFyYUlkeCUyMiUzQTEwJTJDJTIyc3JjJTIyJTNBJTIyT3VyJTIwZW5naW5lZXJpbmclMjB0ZWFtJTIwb2ZmZXJzJTIwY3VzdG9taXplZCUyMHNvbHV0aW9ucyUyMHRhaWxvcmVkJTIwdG8lMjB5b3VyJTIwcHJvamVjdCUyMG5lZWRzLiUyMCUyMiUyQyUyMmRzdCUyMiUzQSUyMiVFNiU4OCU5MSVFNCVCQiVBQyVFNyU5QSU4NCVFNSVCNyVBNSVFNyVBOCU4QiVFNSU5QiVBMiVFOSU5OCU5RiVFNiVBMCVCOSVFNiU4RCVBRSVFNiU4MiVBOCVFNyU5QSU4NCVFOSVBMSVCOSVFNyU5QiVBRSVFOSU5QyU4MCVFNiVCMSU4MiVFNiU4RiU5MCVFNCVCRSU5QiVFNSVBRSU5QSVFNSU4OCVCNiVFNyU5QSU4NCVFOCVBNyVBMyVFNSU4NiVCMyVFNiU5NiVCOSVFNiVBMSU4OCVFMyU4MCU4MiUyMiUyQyUyMm1ldGFkYXRhJTIyJTNBJTIyJTIyJTJDJTIybWV0YURhdGElMjIlM0ElNUIlNUQlMkMlMjJ0ZXh0JTIyJTNBJTIydGFpbG9yZWQlMjB0byUyMHlvdXIlMjBwcm9qZWN0JTIwbmVlZHMlMjIlN0QlNUQlN0QlNUQ=\">adaptado \u00e0s necessidades de seu projeto<\/span>. <span data-slate-node=\"text\"><span class=\"null\" data-slate-leaf=\"true\" data-sent-id=\"ej04Roardz\">Forne\u00e7a-nos um relat\u00f3rio de endere\u00e7o do solo, tipo de estaca e especifica\u00e7\u00f5es do equipamento de crava\u00e7\u00e3o de estacas. <\/span><\/span><span data-slate-node=\"text\" data-slate-fragment=\"JTVCJTdCJTIydHlwZSUyMiUzQSUyMnBhcmFncmFwaCUyMiUyQyUyMmNoaWxkcmVuJTIyJTNBJTVCJTdCJTIyaWQlMjIlM0ElMjJlajA0Um9hcmR6JTIyJTJDJTIycGFyYUlkeCUyMiUzQTEwJTJDJTIyc3JjJTIyJTNBJTIyUHJvdmlkZSUyMHVzJTIwd2l0aCUyMGElMjBzb2lsJTIwYWRkcmVzcyUyMHJlcG9ydCUyQyUyMHBpbGUlMjB0eXBlJTJDJTIwYW5kJTIwcGlsZSUyMGRyaXZpbmclMjBlcXVpcG1lbnQlMjBzcGVjaWZpY2F0aW9ucy4lMjAlMjIlMkMlMjJkc3QlMjIlM0ElMjIlRTUlOTAlOTElRTYlODglOTElRTQlQkIlQUMlRTYlOEYlOTAlRTQlQkUlOUIlRTUlOUMlOUYlRTUlQTMlQTQlRTUlOUMlQjAlRTUlOUQlODAlRTYlOEElQTUlRTUlOTElOEElRTMlODAlODElRTYlQTElQTklRTclQjElQkIlRTUlOUUlOEIlRTUlOTIlOEMlRTYlODklOTMlRTYlQTElQTklRTglQUUlQkUlRTUlQTQlODclRTglQTclODQlRTYlQTAlQkMlRTMlODAlODIlMjIlMkMlMjJtZXRhZGF0YSUyMiUzQSUyMiUyMiUyQyUyMm1ldGFEYXRhJTIyJTNBJTVCJTVEJTJDJTIydGV4dCUyMiUzQSUyMlByb3ZpZGUlMjB1cyUyMHdpdGglMjBhJTIwc29pbCUyMGFkZHJlc3MlMjByZXBvcnQlMkMlMjBwaWxlJTIwdHlwZSUyQyUyMGFuZCUyMHBpbGUlMjBkcml2aW5nJTIwZXF1aXBtZW50JTIwc3BlY2lmaWNhdGlvbnMuJTIwJTIyJTdEJTJDJTdCJTIyaWQlMjIlM0ElMjJWTjZtbGE4RDFWJTIyJTJDJTIycGFyYUlkeCUyMiUzQTEwJTJDJTIyc3JjJTIyJTNBJTIyV2UlMjBkZWxpdmVyJTIwYSUyMGNvbXBhdGlibGUlMjBjeWxpbmRlciUyMGhhbW1lciUyMGRlc2lnbmVkJTIwZm9yJTIweW91ciUyMHByb2plY3QuJTIyJTJDJTIyZHN0JTIyJTNBJTIyJUU2JTg4JTkxJUU0JUJCJUFDJUU0JUI4JUJBJUU2JTgyJUE4JUU3JTlBJTg0JUU5JUExJUI5JUU3JTlCJUFFJUU2JThGJTkwJUU0JUJFJTlCJUU1JTg1JUJDJUU1JUFFJUI5JUU3JTlBJTg0JUU1JTlDJTg2JUU3JUFEJTkyJUU5JTk0JUE0JUUzJTgwJTgyJTIyJTJDJTIybWV0YWRhdGElMjIlM0ElMjIlMjIlMkMlMjJtZXRhRGF0YSUyMiUzQSU1QiU1RCUyQyUyMnRleHQlMjIlM0ElMjJXZSUyMGRlbGl2ZXIlMjBhJTIwY29tcGF0aWJsZSUyMGN5bGluZGVyJTIwaGFtbWVyJTIwZGVzaWduZWQlMjBmb3IlMjB5b3VyJTIwcHJvamVjdC4lMjIlN0QlNUQlN0QlNUQ=\"><span class=\"null\" data-slate-leaf=\"true\" data-sent-id=\"VN6mla8D1V\">Fornecemos um martelo compat\u00edvel projetado para seu projeto.<\/span><\/span><\/p>\n<p><strong>#<\/strong><strong>Tipo de pelo:<\/strong><\/p>\n<p><span data-slate-fragment=\"JTVCJTdCJTIydHlwZSUyMiUzQSUyMnBhcmFncmFwaCUyMiUyQyUyMmNoaWxkcmVuJTIyJTNBJTVCJTdCJTIyaWQlMjIlM0ElMjJlbU1LUllacEplJTIyJTJDJTIycGFyYUlkeCUyMiUzQTE0JTJDJTIyc3JjJTIyJTNBJTIyT3VyJTIwaGFtbWVycyUyMGFyZSUyMHN1aXRhYmxlJTIwZm9yJTIwZHJpdmluZyUyMHZhcmlvdXMlMjBwaWxlJTIwdHlwZXMlMkMlMjBpbmNsdWRpbmclMjBwcmVjYXN0JTIwY29uY3JldGUlMjBwaWxlcyUyQyUyMEgtYmVhbXMlMkMlMjBzdGVlbCUyMHBpcGUlMjBwaWxlcyUyQyUyMGNpcmN1bGFyJTIwcGlsZXMlMkMlMjBzcXVhcmUlMjBwaWxlcyUyQyUyMHNoZWV0JTIwcGlsZXMlMkMlMjBhbmQlMjB3b29kZW4lMjBwaWxlcy4lMjIlMkMlMjJkc3QlMjIlM0ElMjIlRTYlODglOTElRTQlQkIlQUMlRTclOUElODQlRTklOTQlQTQlRTUlQUQlOTAlRTklODAlODIlRTclOTQlQTglRTQlQkElOEUlRTYlODklOTMlRTYlQTElQTklRTUlOTAlODQlRTclQTclOEQlRTYlQTElQTklRTUlOUUlOEIlRUYlQkMlOEMlRTUlOEMlODUlRTYlOEIlQUMlRTklQTIlODQlRTUlODglQjYlRTYlQjclQjclRTUlODclOUQlRTUlOUMlOUYlRTYlQTElQTklRTMlODAlODFIJUU1JTlFJThCJUU5JTkyJUEyJUUzJTgwJTgxJUU5JTkyJUEyJUU3JUFFJUExJUU2JUExJUE5JUUzJTgwJTgxJUU1JTlDJTg2JUU1JUJEJUEyJUU2JUExJUE5JUUzJTgwJTgxJUU2JTk2JUI5JUU1JUJEJUEyJUU2JUExJUE5JUUzJTgwJTgxJUU2JTlEJUJGJUU2JUExJUE5JUU1JTkyJThDJUU2JTlDJUE4JUU2JUExJUE5JUUzJTgwJTgyJTIyJTJDJTIybWV0YWRhdGElMjIlM0ElMjIlMjIlMkMlMjJtZXRhRGF0YSUyMiUzQSU1QiU1RCUyQyUyMnRleHQlMjIlM0ElMjJPdXIlMjBoYW1tZXJzJTIwYXJlJTIwc3VpdGFibGUlMjBmb3IlMjBkcml2aW5nJTIwdmFyaW91cyUyMHBpbGUlMjB0eXBlcyUyMiU3RCU1RCU3RCU1RA==\">Nossos martelos a diesel d s\u00e3o ideais para cravar v\u00e1rios tipos de estacas.<\/span>\u00a0incluem estacas de concreto pr\u00e9-moldado, vigas H, estacas de tubos de a\u00e7o, estacas circulares, estacas quadradas, estacas-pranchas, estacas de madeira, etc.<\/p>\n<p><strong>#Aplicativo<\/strong>:<\/p>\n<p><span data-slate-fragment=\"JTVCJTdCJTIydHlwZSUyMiUzQSUyMnBhcmFncmFwaCUyMiUyQyUyMmNoaWxkcmVuJTIyJTNBJTVCJTdCJTIyaWQlMjIlM0ElMjJCNGtLT1E2QVJ6JTIyJTJDJTIycGFyYUlkeCUyMiUzQTE4JTJDJTIyc3JjJTIyJTNBJTIyT3VyJTIwZGllc2VsJTIwaGFtbWVycyUyMGFyZSUyMGlkZWFsJTIwZm9yJTIwb2Zmc2hvcmUlMjBwcm9qZWN0cyUyMHN1Y2glMjBhcyUyMHdpbmQlMjBwb3dlciUyMGdlbmVyYXRpb24lMkMlMjBlbmVyZ3klMkMlMjBicmlkZ2VzJTJDJTIwcG9ydHMlMkMlMjBkb2NrJTIwY29uc3RydWN0aW9uJTJDJTIwYW5kJTIwb2lsJTIwYW5kJTIwZ2FzJTIwZXh0cmFjdGlvbi4lMjAlMjIlMkMlMjJkc3QlMjIlM0ElMjIlRTYlODglOTElRTQlQkIlQUMlRTclOUElODQlRTYlOUYlQjQlRTYlQjIlQjklRTklOTQlQTQlRTYlOTglQUYlRTklQTMlOEUlRTUlOEElOUIlRTUlOEYlOTElRTclOTQlQjUlRTMlODAlODElRTglODMlQkQlRTYlQkElOTAlRTMlODAlODElRTYlQTElQTUlRTYlQTIlODElRTMlODAlODElRTYlQjglQUYlRTUlOEYlQTMlRTMlODAlODElRTclQTAlODElRTUlQTQlQjQlRTUlQkIlQkElRTglQUUlQkUlRTQlQkIlQTUlRTUlOEYlOEElRTclOUYlQjMlRTYlQjIlQjklRTUlOTIlOEMlRTUlQTQlQTklRTclODQlQjYlRTYlQjAlOTQlRTUlQkMlODAlRTklODclODclRTclQUQlODklRTYlQjUlQjclRTQlQjglOEElRTklQTElQjklRTclOUIlQUUlRTclOUElODQlRTclOTAlODYlRTYlODMlQjMlRTklODAlODklRTYlOEIlQTklRTMlODAlODIlMjIlMkMlMjJtZXRhZGF0YSUyMiUzQSUyMiUyMiUyQyUyMm1ldGFEYXRhJTIyJTNBJTVCJTVEJTJDJTIydGV4dCUyMiUzQSUyMk91ciUyMGRpZXNlbCUyMGhhbW1lcnMlMjBhcmUlMjBpZGVhbCUyMGZvciUyMCUyMiU3RCU1RCU3RCU1RA==\">Nossos martelos a diesel s\u00e3o ideais para <\/span>projetos offshore. Tais como gera\u00e7\u00e3o de energia e\u00f3lica, energia, pontes, portos, constru\u00e7\u00e3o de docas e extra\u00e7\u00e3o de petr\u00f3leo e g\u00e1s. <span data-slate-fragment=\"JTVCJTdCJTIydHlwZSUyMiUzQSUyMnBhcmFncmFwaCUyMiUyQyUyMmNoaWxkcmVuJTIyJTNBJTVCJTdCJTIyaWQlMjIlM0ElMjJWQVlFTzhhbzFWJTIyJTJDJTIycGFyYUlkeCUyMiUzQTE4JTJDJTIyc3JjJTIyJTNBJTIyVGhleSUyMGFyZSUyMGFsc28lMjBzdWl0YWJsZSUyMGZvciUyMHJvYWQlMjBhbmQlMjBjaXZpbCUyMGVuZ2luZWVyaW5nJTIwcHJvamVjdHMlMkMlMjBwdWJsaWMlMjB1dGlsaXRpZXMlMkMlMjBjb2ZmZXJkYW1zJTJDJTIwYnJpZGdlcyUyQyUyMHBob3Rvdm9sdGFpY3MlMkMlMjBhbmQlMjBlbnZpcm9ubWVudGFsJTIwcHJvamVjdHMuJTIwJTIyJTJDJTIyZHN0JTIyJTNBJTIyJUU1JUFFJTgzJUU0JUJCJUFDJUU0JUI5JTlGJUU5JTgwJTgyJUU3JTk0JUE4JUU0JUJBJThFJUU5JTgxJTkzJUU4JUI3JUFGJUU1JTkyJThDJUU1JTlDJTlGJUU2JTlDJUE4JUU1JUI3JUE1JUU3JUE4JThCJUU5JUExJUI5JUU3JTlCJUFFJUUzJTgwJTgxJUU1JTg1JUFDJUU3JTk0JUE4JUU0JUJBJThCJUU0JUI4JTlBJUUzJTgwJTgxJUU1JTlCJUI0JUU1JUEwJUIwJUUzJTgwJTgxJUU2JUExJUE1JUU2JUEyJTgxJUUzJTgwJTgxJUU1JTg1JTg5JUU0JUJDJThGJUU1JTkyJThDJUU3JThFJUFGJUU1JUEyJTgzJUU5JUExJUI5JUU3JTlCJUFFJUUzJTgwJTgyJTIyJTJDJTIybWV0YWRhdGElMjIlM0ElMjIlMjIlMkMlMjJtZXRhRGF0YSUyMiUzQSU1QiU1RCUyQyUyMnRleHQlMjIlM0ElMjJUaGV5JTIwYXJlJTIwYWxzbyUyMHN1aXRhYmxlJTIyJTdEJTVEJTdEJTVE\">Eles tamb\u00e9m s\u00e3o adequados para <\/span>projetos de engenharia civil e rodovi\u00e1ria, servi\u00e7os p\u00fablicos, utilidades civis, ensecadeiras, pontes de cavalete, energia fotovoltaica e meio ambiente. <span style=\"color: #000080;\"><strong>Clique no bot\u00e3o \"Projetos\" para saber mais!<\/strong><\/span><\/p>\n<p>#<strong>Sele\u00e7\u00e3o de equipamentos\uff1a<\/strong><\/p>\n<p>Escavadeira, guindaste sobre esteiras, bate-estacas, bate-estacas e outros.<\/p>\n<p><strong>#P Embalagem e transporte<\/strong>:<\/p>\n<p>Embalagem: <span data-slate-fragment=\"JTVCJTdCJTIydHlwZSUyMiUzQSUyMnBhcmFncmFwaCUyMiUyQyUyMmNoaWxkcmVuJTIyJTNBJTVCJTdCJTIyaWQlMjIlM0ElMjJ6eUswRHh2TEtlJTIyJTJDJTIycGFyYUlkeCUyMiUzQTIyJTJDJTIyc3JjJTIyJTNBJTIyUGFja2FnaW5nJTNBJTIwV2UlMjB1c2UlMjBleHBvcnQtc3RhbmRhcmQlMjBzdGVlbCUyMHRyYW5zcG9ydGF0aW9uJTIwdG9vbHMlMjBmb3IlMjBwYWNrYWdpbmcuJTIyJTJDJTIyZHN0JTIyJTNBJTIyJUU1JThDJTg1JUU4JUEzJTg1JUVGJUJDJTlBJUU2JTg4JTkxJUU0JUJCJUFDJUU0JUJEJUJGJUU3JTk0JUE4JUU1JTg3JUJBJUU1JThGJUEzJUU2JUEwJTg3JUU1JTg3JTg2JUU5JTkyJUEyJUU2JTlEJTkwJUU4JUJGJTkwJUU4JUJFJTkzJUU1JUI3JUE1JUU1JTg1JUI3JUU4JUJGJTlCJUU4JUExJThDJUU1JThDJTg1JUU4JUEzJTg1JUUzJTgwJTgyJTIyJTJDJTIybWV0YWRhdGElMjIlM0ElMjIlMjIlMkMlMjJtZXRhRGF0YSUyMiUzQSU1QiU1RCUyQyUyMnRleHQlMjIlM0ElMjJXZSUyMHVzZSUyMGV4cG9ydC1zdGFuZGFyZCUyMHN0ZWVsJTIwdHJhbnNwb3J0YXRpb24lMjB0b29scyUyMGZvciUyMHBhY2thZ2luZyUyMiU3RCU1RCU3RCU1RA==\">Usamos ferramentas de transporte de a\u00e7o padr\u00e3o de exporta\u00e7\u00e3o para embalagem<\/span><br \/>\nTransporte: transporte em cont\u00eaineres de 20GP ou 40GP<\/p>\n<p><strong>#Exportado para v\u00e1rios pa\u00edses<\/strong><\/p>\n<p>Esse produto \u00e9 exportado para a Europa, R\u00fassia, Sudeste Asi\u00e1tico, Am\u00e9rica do Norte, Am\u00e9rica do Sul, Oriente M\u00e9dio, \u00c1frica e outras regi\u00f5es. (Tais como: Filipinas, Turquia, Indon\u00e9sia, Tail\u00e2ndia, Vietn\u00e3, Bangladesh, Estados Unidos, Ar\u00e1bia Saudita, R\u00fassia, Austr\u00e1lia, Brasil e outros pa\u00edses)<\/p>\n<p><strong>#Specifica\u00e7\u00f5es:<\/strong><\/p>\n<style>\n    .table-container {<br \/>        overflow-x: auto;<br \/>        margin: 0 auto;<br \/>    }<br \/>    table {<br \/>        width: 100%;<br \/>        border-collapse: collapse;<br \/>    }<br \/>    th, td {<br \/>        padding: 8px;<br \/>        border: 1px solid #ddd;<br \/>        text-align: left;<br \/>    }<br \/>    @media screen and (max-width: 600px) {<br \/>        table, thead, tbody, th, td, tr {<br \/>            display: block;<br \/>            width: 100%;<br \/>        }<br \/>        thead tr {<br \/>            display: none;<br \/>        }<br \/>        tr {<br \/>            margin-bottom: 15px;<br \/>        }<br \/>        td {<br \/>            text-align: right;<br \/>            padding-left: 50%;<br \/>            position: relative;<br \/>        }<br \/>        td:before {<br \/>            content: attr(data-label);<br \/>            position: absolute;<br \/>            left: 0;<br \/>            width: 50%;<br \/>            padding-left: 10px;<br \/>            font-weight: bold;<br \/>            text-align: left;<br \/>        }<br \/>    }<br \/><\/style>\n<div class=\"table-container\">\n<table>\n<thead>\n<tr>\n<th>Especifica\u00e7\u00f5es<\/th>\n<th>Tipo<\/th>\n<th>D50<\/th>\n<\/tr>\n<\/thead>\n<tbody>\n<tr>\n<td data-label=\"Specifications\">Peso do impacto (pist\u00e3o)<\/td>\n<td data-label=\"Type\">kg<\/td>\n<td data-label=\"D138\">5000<\/td>\n<\/tr>\n<tr>\n<td data-label=\"Specifications\">Energia por golpe<\/td>\n<td data-label=\"Type\">KNm<\/td>\n<td data-label=\"D138\">180~80<\/td>\n<\/tr>\n<tr>\n<td data-label=\"Specifications\">N\u00famero de golpes<\/td>\n<td data-label=\"Type\">min-l<\/td>\n<td data-label=\"D138\">35~52<\/td>\n<\/tr>\n<tr>\n<td data-label=\"Specifications\">For\u00e7a da press\u00e3o de explos\u00e3o na pilha, no m\u00e1ximo.<\/td>\n<td data-label=\"Type\">KN<\/td>\n<td data-label=\"D138\">1770<\/td>\n<\/tr>\n<tr>\n<td data-label=\"Specifications\">Adequado para cravar estacas de at\u00e9<\/td>\n<td data-label=\"Type\">Kg<\/td>\n<td data-label=\"D138\">20000<\/td>\n<\/tr>\n<tr>\n<td data-label=\"Specifications\">Di\u00e2metro permitido do cabo para a roldana defletora do dispositivo de disparo m\u00e1x.<\/td>\n<td data-label=\"Type\">mm<\/td>\n<td data-label=\"D138\">\u03a625<\/td>\n<\/tr>\n<tr>\n<td data-label=\"Specifications\">\u00d3leo diesel<\/td>\n<td data-label=\"Type\">L\/h<\/td>\n<td data-label=\"D138\">17.6<\/td>\n<\/tr>\n<tr>\n<td data-label=\"Specifications\">Lubrificante<\/td>\n<td data-label=\"Type\">L\/h<\/td>\n<td data-label=\"D138\">3<\/td>\n<\/tr>\n<tr>\n<td data-label=\"Specifications\">Tanque de \u00f3leo diesel<\/td>\n<td data-label=\"Type\">L<\/td>\n<td data-label=\"D138\">83<\/td>\n<\/tr>\n<tr>\n<td data-label=\"Specifications\">Tanque de lubrificante<\/td>\n<td data-label=\"Type\">L<\/td>\n<td data-label=\"D138\">20.9<\/td>\n<\/tr>\n<tr>\n<td data-label=\"Specifications\">Martelo de estaca a diesel aprox.<\/td>\n<td data-label=\"Type\">kg<\/td>\n<td data-label=\"D138\">11400<\/td>\n<\/tr>\n<tr>\n<td data-label=\"Specifications\">Dispositivo de disparo aprox.<\/td>\n<td data-label=\"Type\">kg<\/td>\n<td data-label=\"D138\">600<\/td>\n<\/tr>\n<tr>\n<td data-label=\"Specifications\">Suporte\/grades de transporte aprox.<\/td>\n<td data-label=\"Type\">kg<\/td>\n<td data-label=\"D138\">45<\/td>\n<\/tr>\n<tr>\n<td data-label=\"Specifications\">Guarda de transporte aprox.<\/td>\n<td data-label=\"Type\">kg<\/td>\n<td data-label=\"D138\">25<\/td>\n<\/tr>\n<tr>\n<td data-label=\"Specifications\">Caixa de ferramentas aprox.<\/td>\n<td data-label=\"Type\">kg<\/td>\n<td data-label=\"D138\">100<\/td>\n<\/tr>\n<tr>\n<td data-label=\"Specifications\">Comprimento do martelo de estaca diesel (a\/al)<\/td>\n<td data-label=\"Type\">mm<\/td>\n<td data-label=\"D138\">5560<\/td>\n<\/tr>\n<tr>\n<td data-label=\"Specifications\">Di\u00e2metro externo do bloco de impacto (b)<\/td>\n<td data-label=\"Type\">mm<\/td>\n<td data-label=\"D138\">\u03a6670<\/td>\n<\/tr>\n<tr>\n<td data-label=\"Specifications\">Dimens\u00f5es gerais medidas sobre os parafusos de fixa\u00e7\u00e3o das garras-guia (c)<\/td>\n<td data-label=\"Type\">mm<\/td>\n<td data-label=\"D138\">900<\/td>\n<\/tr>\n<tr>\n<td data-label=\"Specifications\">Largura do martelo de estaca diesel (d)<\/td>\n<td data-label=\"Type\">mm<\/td>\n<td data-label=\"D138\">1002<\/td>\n<\/tr>\n<tr>\n<td data-label=\"Specifications\">Largura para conex\u00e3o das garras-guia (e)<\/td>\n<td data-label=\"Type\">mm<\/td>\n<td data-label=\"D138\">660<\/td>\n<\/tr>\n<tr>\n<td data-label=\"Specifications\">Centro do martelo de estaca Diesel at\u00e9 a prote\u00e7\u00e3o da bomba (f)<\/td>\n<td data-label=\"Type\">mm<\/td>\n<td data-label=\"D138\">460<\/td>\n<\/tr>\n<tr>\n<td data-label=\"Specifications\">Centro do martelo de estaca Diesel at\u00e9 o centro do furo roscado para o parafuso de fixa\u00e7\u00e3o das garras de guia (g)<\/td>\n<td data-label=\"Type\">mm<\/td>\n<td data-label=\"D138\">320<\/td>\n<\/tr>\n<tr>\n<td data-label=\"Specifications\">Profundidade do martelo de estaca a diesel (h)<\/td>\n<td data-label=\"Type\">mm<\/td>\n<td data-label=\"D138\">880<\/td>\n<\/tr>\n<tr>\n<td data-label=\"Specifications\">Dist\u00e2ncia padr\u00e3o do centro do martelo de estaca Diesel at\u00e9 o centro do chumbo (H)<\/td>\n<td data-label=\"Type\">mm<\/td>\n<td data-label=\"D138\">544<\/td>\n<\/tr>\n<tr>\n<td data-label=\"Specifications\">Largura dos cabos (L)<\/td>\n<td data-label=\"Type\">mm<\/td>\n<td data-label=\"D138\">600*(\u03a6102)<\/td>\n<\/tr>\n<\/tbody>\n<\/table>\n<h2>Embalagem do martelo a diesel D50<\/h2>\n<p><img fetchpriority=\"high\" decoding=\"async\" class=\"size-full wp-image-11326\" src=\"https:\/\/www.juweihammer.com\/wp-content\/uploads\/2024\/09\/D-tubular-diesel-hammer-packaging.webp\" alt=\"D Embalagem tubular de martelo a diesel\" width=\"975\" height=\"696\" srcset=\"https:\/\/www.juweihammer.com\/wp-content\/uploads\/2024\/09\/D-tubular-diesel-hammer-packaging.webp 975w, https:\/\/www.juweihammer.com\/wp-content\/uploads\/2024\/09\/D-tubular-diesel-hammer-packaging-768x548.webp 768w, https:\/\/www.juweihammer.com\/wp-content\/uploads\/2024\/09\/D-tubular-diesel-hammer-packaging-18x12.webp 18w, https:\/\/www.juweihammer.com\/wp-content\/uploads\/2024\/09\/D-tubular-diesel-hammer-packaging-600x428.webp 600w\" sizes=\"(max-width: 975px) 100vw, 975px\" \/><\/p>\n<\/div>","protected":false},"excerpt":{"rendered":"<p><span data-slate-node=\"text\">Em projetos de constru\u00e7\u00e3o de funda\u00e7\u00f5es mais profundas. <\/span><span data-slate-node=\"text\">Os martelos a diesel tubulares D s\u00e3o um equipamento fundamental. <\/span><span data-slate-node=\"text\">Esse equipamento de crava\u00e7\u00e3o de estacas finca as estacas no solo. E<\/span><span data-slate-node=\"text\" data-slate-fragment=\"JTVCJTdCJTIydHlwZSUyMiUzQSUyMnBhcmFncmFwaCUyMiUyQyUyMmNoaWxkcmVuJTIyJTNBJTVCJTdCJTIyaWQlMjIlM0ElMjJCUE1wNWxvMlJlJTIyJTJDJTIycGFyYUlkeCUyMiUzQTAlMkMlMjJzcmMlMjIlM0ElMjJJbiUyMG1vcmUlMjBkZWVwJTIwZm91bmRhdGlvbiUyMGNvbnN0cnVjdGlvbiUyMHByb2plY3RzLiUyMCUyMiUyQyUyMmRzdCUyMiUzQSUyMiVFNSU5QyVBOCVFNiU5QiVCNCVFNiVCNyVCMSVFNSVCMSU4MiVFNyU5QSU4NCVFNSU5RiVCQSVFNyVBMSU4MCVFNSVCQiVCQSVFOCVBRSVCRSVFOSVBMSVCOSVFNyU5QiVBRSVFNCVCOCVBRCVFMyU4MCU4MiUyMiUyQyUyMm1ldGFkYXRhJTIyJTNBJTIyJTIyJTJDJTIybWV0YURhdGElMjIlM0ElNUIlNUQlMkMlMjJ0ZXh0JTIyJTNBJTIySW4lMjBtb3JlJTIwZGVlcCUyMGZvdW5kYXRpb24lMjBjb25zdHJ1Y3Rpb24lMjBwcm9qZWN0cy4lMjAlMjIlN0QlMkMlN0IlMjJpZCUyMiUzQSUyMkJ3Z2tNTldHNUIlMjIlMkMlMjJwYXJhSWR4JTIyJTNBMCUyQyUyMnNyYyUyMiUzQSUyMkQlMjBkaWVzZWwlMjBoYW1tZXJzJTIwaXMlMjBhJTIwa2V5JTIwZXF1aXBtZW50LiUyMCUyMiUyQyUyMmRzdCUyMiUzQSUyMkQlRTUlOUUlOEIlRTYlOUYlQjQlRTYlQjIlQjklRTklOTQlQTQlRTYlOTglQUYlRTQlQjglODAlRTclQTclOEQlRTUlODUlQjMlRTklOTQlQUUlRTglQUUlQkUlRTUlQTQlODclRTMlODAlODIlMjIlMkMlMjJtZXRhZGF0YSUyMiUzQSUyMiUyMiUyQyUyMm1ldGFEYXRhJTIyJTNBJTVCJTVEJTJDJTIydGV4dCUyMiUzQSUyMkQlMjBkaWVzZWwlMjBoYW1tZXJzJTIwaXMlMjBhJTIwa2V5JTIwZXF1aXBtZW50LiUyMCUyMiU3RCUyQyU3QiUyMmlkJTIyJTNBJTIyejlkbll5UXJkViUyMiUyQyUyMnBhcmFJZHglMjIlM0EwJTJDJTIyc3JjJTIyJTNBJTIyVGhpcyUyMHBpbGUlMjBkcml2aW5nJTIwbWFjaGluZSUyMGRyaXZlcyUyMHBpbGVzJTIwaW50byUyMHRoZSUyMGdyb3VuZC4lMjAlMjIlMkMlMjJkc3QlMjIlM0ElMjIlRTglQkYlOTklRTUlOEYlQjAlRTYlODklOTMlRTYlQTElQTklRTYlOUMlQkElRTYlOEElOEElRTYlQTElQTklRTYlODklOTMlRTUlODUlQTUlRTUlOUMlQjAlRTQlQjglOEIlRTMlODAlODIlMjIlMkMlMjJtZXRhZGF0YSUyMiUzQSUyMiUyMiUyQyUyMm1ldGFEYXRhJTIyJTNBJTVCJTVEJTJDJTIydGV4dCUyMiUzQSUyMlRoaXMlMjBwaWxlJTIwZHJpdmluZyUyMG1hY2hpbmUlMjBkcml2ZXMlMjBwaWxlcyUyMGludG8lMjB0aGUlMjBncm91bmQuJTIwJTIyJTdEJTJDJTdCJTIyaWQlMjIlM0ElMjJCYWF3OVptRFlCJTIyJTJDJTIycGFyYUlkeCUyMiUzQTAlMkMlMjJzcmMlMjIlM0ElMjJlbnN1cmluZyUyMHRoZSUyMHN0YWJpbGl0eSUyMG9mJTIwZm91bmRhdGlvbiUyMHN0cnVjdHVyZXMuJTIwJTIyJTJDJTIyZHN0JTIyJTNBJTIyJUU3JUExJUFFJUU0JUJGJTlEJUU1JTlGJUJBJUU3JUExJTgwJUU3JUJCJTkzJUU2JTlFJTg0JUU3JTlBJTg0JUU3JUE4JUIzJUU1JUFFJTlBJUU2JTgwJUE3JUUzJTgwJTgyJTIyJTJDJTIybWV0YWRhdGElMjIlM0ElMjIlMjIlMkMlMjJtZXRhRGF0YSUyMiUzQSU1QiU1RCUyQyUyMnRleHQlMjIlM0ElMjJlbnN1cmluZyUyMHRoZSUyMHN0YWJpbGl0eSUyMG9mJTIwZm91bmRhdGlvbiUyMHN0cnVjdHVyZXMuJTIwJTIyJTdEJTVEJTdEJTVE\">Garantir a estabilidade das estruturas de funda\u00e7\u00e3o. <\/span><\/p>\n<ul>\n<li>Peso do impacto (pist\u00e3o): 5 toneladas<\/li>\n<li><span data-slate-fragment=\"JTVCJTdCJTIydHlwZSUyMiUzQSUyMnBhcmFncmFwaCUyMiUyQyUyMmNoaWxkcmVuJTIyJTNBJTVCJTdCJTIyaWQlMjIlM0ElMjJCNGtLdjI1cVl6JTIyJTJDJTIycGFyYUlkeCUyMiUzQTQlMkMlMjJzcmMlMjIlM0ElMjJIaWdoJTIwU3RyaWtpbmclMjBFbmVyZ3klMjIlMkMlMjJkc3QlMjIlM0ElMjIlRTklQUIlOTglRTglODMlQkQlRTglODAlOTclMjIlMkMlMjJtZXRhZGF0YSUyMiUzQSUyMiUyMiUyQyUyMm1ldGFEYXRhJTIyJTNBJTVCJTVEJTJDJTIydGV4dCUyMiUzQSUyMkhpZ2glMjBTdHJpa2luZyUyMEVuZXJneSUyMiU3RCU1RCU3RCU1RA==\">Alta energia impressionante<\/span><\/li>\n<li><span data-slate-fragment=\"JTVCJTdCJTIydHlwZSUyMiUzQSUyMnBhcmFncmFwaCUyMiUyQyUyMmNoaWxkcmVuJTIyJTNBJTVCJTdCJTIyaWQlMjIlM0ElMjJWQVlFM1hMMFBWJTIyJTJDJTIycGFyYUlkeCUyMiUzQTUlMkMlMjJzcmMlMjIlM0ElMjJMb3clMjBGdWVsJTIwQ29uc3VtcHRpb24lMjIlMkMlMjJkc3QlMjIlM0ElMjIlRTclODclODMlRTYlQjIlQjklRTYlQjYlODglRTglODAlOTclRTQlQkQlOEUlMjIlMkMlMjJtZXRhZGF0YSUyMiUzQSUyMiUyMiUyQyUyMm1ldGFEYXRhJTIyJTNBJTVCJTVEJTJDJTIydGV4dCUyMiUzQSUyMkxvdyUyMEZ1ZWwlMjBDb25zdW1wdGlvbiUyMiU3RCU1RCU3RCU1RA==\">Precis\u00e3o na crava\u00e7\u00e3o de estacas<\/span><\/li>\n<li>F\u00e1cil de operar e manter<\/li>\n<li><span data-slate-fragment=\"JTVCJTdCJTIydHlwZSUyMiUzQSUyMnBhcmFncmFwaCUyMiUyQyUyMmNoaWxkcmVuJTIyJTNBJTVCJTdCJTIyaWQlMjIlM0ElMjJlNm5BTjJNMERlJTIyJTJDJTIycGFyYUlkeCUyMiUzQTclMkMlMjJzcmMlMjIlM0ElMjJDb21wcmVoZW5zaXZlJTIwUmFuZ2UlMjBvZiUyMFBpbGUlMjBUeXBlcyUyMiUyQyUyMmRzdCUyMiUzQSUyMiVFNiVBMSVBOSVFNyVCMSVCQiVFNSU5RSU4QiVFNyU5QSU4NCVFNSU4NSVBOCVFOSU5RCVBMiVFOCU4QyU4MyVFNSU5QiVCNCUyMiUyQyUyMm1ldGFkYXRhJTIyJTNBJTIyJTIyJTJDJTIybWV0YURhdGElMjIlM0ElNUIlNUQlMkMlMjJ0ZXh0JTIyJTNBJTIyQ29tcHJlaGVuc2l2ZSUyMFJhbmdlJTIwb2YlMjBQaWxlJTIwVHlwZXMlMjIlN0QlNUQlN0QlNUQ=\">Disponibilidade de OEM<\/span><\/li>\n<li><span data-slate-fragment=\"JTVCJTdCJTIydHlwZSUyMiUzQSUyMnBhcmFncmFwaCUyMiUyQyUyMmNoaWxkcmVuJTIyJTNBJTVCJTdCJTIyaWQlMjIlM0ElMjJleHJBOVhSWDl6JTIyJTJDJTIycGFyYUlkeCUyMiUzQTAlMkMlMjJzcmMlMjIlM0ElMjJlbnZpcm9ubWVudC1mcmllbmRseSUyMiUyQyUyMmRzdCUyMiUzQSUyMiVFNyU4RSVBRiVFNSVBMiU4MyVFNSU4RiU4QiVFNSVBNSVCRCVFNyU5QSU4NCUyMiUyQyUyMm1ldGFkYXRhJTIyJTNBJTIyJTIyJTJDJTIybWV0YURhdGElMjIlM0ElNUIlNUQlMkMlMjJ0ZXh0JTIyJTNBJTIyZW52aXJvbm1lbnQtZnJpZW5kbHklMjIlN0QlNUQlN0QlNUQ=\">Solu\u00e7\u00f5es personalizadas<\/span><\/li>\n<\/ul>","protected":false},"featured_media":2401,"template":"","meta":{"_seopress_robots_primary_cat":"none","_seopress_titles_title":"D225 Largest Pile Diesel Hammers | 22.5ton","_seopress_titles_desc":"D50 diesel hammers is a key equipment in more deep foundation construction projects. This pile driving equipment drives piles into the ground.","_seopress_robots_index":"","site-sidebar-layout":"default","site-content-layout":"","ast-site-content-layout":"default","site-content-style":"default","site-sidebar-style":"default","ast-global-header-display":"","ast-banner-title-visibility":"","ast-main-header-display":"","ast-hfb-above-header-display":"","ast-hfb-below-header-display":"","ast-hfb-mobile-header-display":"","site-post-title":"","ast-breadcrumbs-content":"","ast-featured-img":"","footer-sml-layout":"","theme-transparent-header-meta":"default","adv-header-id-meta":"","stick-header-meta":"","header-above-stick-meta":"","header-main-stick-meta":"","header-below-stick-meta":"","astra-migrate-meta-layouts":"set","ast-page-background-enabled":"default","ast-page-background-meta":{"desktop":{"background-color":"var(--ast-global-color-4)","background-image":"","background-repeat":"repeat","background-position":"center center","background-size":"auto","background-attachment":"scroll","background-type":"","background-media":"","overlay-type":"","overlay-color":"","overlay-opacity":"","overlay-gradient":""},"tablet":{"background-color":"","background-image":"","background-repeat":"repeat","background-position":"center center","background-size":"auto","background-attachment":"scroll","background-type":"","background-media":"","overlay-type":"","overlay-color":"","overlay-opacity":"","overlay-gradient":""},"mobile":{"background-color":"","background-image":"","background-repeat":"repeat","background-position":"center center","background-size":"auto","background-attachment":"scroll","background-type":"","background-media":"","overlay-type":"","overlay-color":"","overlay-opacity":"","overlay-gradient":""}},"ast-content-background-meta":{"desktop":{"background-color":"var(--ast-global-color-5)","background-image":"","background-repeat":"repeat","background-position":"center center","background-size":"auto","background-attachment":"scroll","background-type":"","background-media":"","overlay-type":"","overlay-color":"","overlay-opacity":"","overlay-gradient":""},"tablet":{"background-color":"var(--ast-global-color-5)","background-image":"","background-repeat":"repeat","background-position":"center center","background-size":"auto","background-attachment":"scroll","background-type":"","background-media":"","overlay-type":"","overlay-color":"","overlay-opacity":"","overlay-gradient":""},"mobile":{"background-color":"var(--ast-global-color-5)","background-image":"","background-repeat":"repeat","background-position":"center center","background-size":"auto","background-attachment":"scroll","background-type":"","background-media":"","overlay-type":"","overlay-color":"","overlay-opacity":"","overlay-gradient":""}}},"product_brand":[],"product_cat":[21],"product_tag":[],"class_list":{"0":"post-8219","1":"product","2":"type-product","3":"status-publish","4":"has-post-thumbnail","6":"product_cat-d-diesel-hammer","7":"desktop-align-left","8":"tablet-align-left","9":"mobile-align-left","11":"first","12":"instock","13":"shipping-taxable","14":"product-type-simple"},"_links":{"self":[{"href":"https:\/\/www.juweihammer.com\/pt\/wp-json\/wp\/v2\/product\/8219","targetHints":{"allow":["GET"]}}],"collection":[{"href":"https:\/\/www.juweihammer.com\/pt\/wp-json\/wp\/v2\/product"}],"about":[{"href":"https:\/\/www.juweihammer.com\/pt\/wp-json\/wp\/v2\/types\/product"}],"version-history":[{"count":2,"href":"https:\/\/www.juweihammer.com\/pt\/wp-json\/wp\/v2\/product\/8219\/revisions"}],"predecessor-version":[{"id":11332,"href":"https:\/\/www.juweihammer.com\/pt\/wp-json\/wp\/v2\/product\/8219\/revisions\/11332"}],"wp:featuredmedia":[{"embeddable":true,"href":"https:\/\/www.juweihammer.com\/pt\/wp-json\/wp\/v2\/media\/2401"}],"wp:attachment":[{"href":"https:\/\/www.juweihammer.com\/pt\/wp-json\/wp\/v2\/media?parent=8219"}],"wp:term":[{"taxonomy":"product_brand","embeddable":true,"href":"https:\/\/www.juweihammer.com\/pt\/wp-json\/wp\/v2\/product_brand?post=8219"},{"taxonomy":"product_cat","embeddable":true,"href":"https:\/\/www.juweihammer.com\/pt\/wp-json\/wp\/v2\/product_cat?post=8219"},{"taxonomy":"product_tag","embeddable":true,"href":"https:\/\/www.juweihammer.com\/pt\/wp-json\/wp\/v2\/product_tag?post=8219"}],"curies":[{"name":"wp","href":"https:\/\/api.w.org\/{rel}","templated":true}]}}