{"id":2503,"date":"2024-07-24T03:40:31","date_gmt":"2024-07-24T03:40:31","guid":{"rendered":"https:\/\/www.juweihammer.com\/?post_type=product&#038;p=2503"},"modified":"2024-11-08T02:47:22","modified_gmt":"2024-11-08T02:47:22","slug":"dd30-diesel-hammer-pile-driver-supplier-guide-rod-type","status":"publish","type":"product","link":"https:\/\/www.juweihammer.com\/pt\/produto\/dd30-diesel-hammer-pile-driver-supplier-guide-rod-type\/","title":{"rendered":"Fornecedor de bate-estacas a diesel DD30 com haste guia"},"content":{"rendered":"<p><span data-slate-fragment=\"JTVCJTdCJTIydHlwZSUyMiUzQSUyMnBhcmFncmFwaCUyMiUyQyUyMmNoaWxkcmVuJTIyJTNBJTVCJTdCJTIyaWQlMjIlM0ElMjJCWnlwQWdqNVF6JTIyJTJDJTIycGFyYUlkeCUyMiUzQTAlMkMlMjJzcmMlMjIlM0ElMjJKdXdlaSUyMGlzJTIwdGhlJTIwdG9wJTIwMSUyMG1hbnVmYWN0dXJlcnMlMjBhbmQlMjBzdXBwbGllcnMlMjBvZiUyMEREJTIwcmFpbCUyMGhhbW1lcnMlMjBpbiUyMENoaW5hJTIyJTJDJTIyZHN0JTIyJTNBJTIyJUU1JUI3JUE4JUU1JUE4JTgxJUU2JTk4JUFGJUU0JUI4JUFEJUU1JTlCJUJEREQlRTklOTIlQTIlRTglQkQlQTglRTklOTQlQTQlRTclOUElODQlRTclQUMlQUMlRTQlQjglODAlRTUlQTQlQTclRTUlODglQjYlRTklODAlQTAlRTUlOTUlODYlRTUlOTIlOEMlRTQlQkUlOUIlRTUlQkElOTQlRTUlOTUlODYlMjIlMkMlMjJtZXRhZGF0YSUyMiUzQSUyMiUyMiUyQyUyMm1ldGFEYXRhJTIyJTNBJTVCJTVEJTJDJTIydGV4dCUyMiUzQSUyMkp1d2VpJTIwaXMlMjB0aGUlMjB0b3AlMjAxJTIwbWFudWZhY3R1cmVycyUyMGFuZCUyMHN1cHBsaWVycyUyMG9mJTIwREQlMjByYWlsJTIwaGFtbWVycyUyMGluJTIwQ2hpbmElMjIlN0QlNUQlN0QlNUQ=\">A Juwei \u00e9 a principal fabricante e fornecedora de martelo de estaca a diesel com haste guia DD na China. <\/span>O martelo de bate-estaca a diesel da s\u00e9rie DD da Juwei tem mais de 30 anos de experi\u00eancia em projeto, fabrica\u00e7\u00e3o e aplica\u00e7\u00e3o. <span style=\"color: #0000ff;\"><strong>Clique no bot\u00e3o \"F\u00e1brica\" para saber mais!<\/strong><\/span><\/p>\n<p><strong>O martelo a diesel com haste guia D pode ser dividido em tipos leves, m\u00e9dios e pesados.<\/strong><\/p>\n<p><strong><b>Modelo de luz #<\/b><\/strong><\/p>\n<p>Os modelos incluem: DD4, DD6, DD12, DD18, DD25, DD30<\/p>\n<p>O martelo a diesel do tipo haste guia leve foi projetado para acionar concreto refor\u00e7ado, estacas met\u00e1licas, estacas de madeira e estacas-pranchas subterr\u00e2neas. Esse dispositivo multifuncional \u00e9 crucial em v\u00e1rias aplica\u00e7\u00f5es de constru\u00e7\u00e3o, incluindo:<\/p>\n<ul>\n<li>Projetos de engenharia de energia el\u00e9trica<\/li>\n<li>Funda\u00e7\u00e3o do setor de petr\u00f3leo e g\u00e1s<\/li>\n<li>Constru\u00e7\u00e3o de funda\u00e7\u00f5es e plataformas para edif\u00edcios industriais e civis<\/li>\n<\/ul>\n<p>Esse equipamento de crava\u00e7\u00e3o de estacas geralmente \u00e9 instalado em m\u00e1quinas sobre esteiras e rodas. A moderniza\u00e7\u00e3o de guindastes sobre esteiras e escavadeiras envolve a instala\u00e7\u00e3o de estacas para obter uma opera\u00e7\u00e3o eficiente.<\/p>\n<p>As principais caracter\u00edsticas desse equipamento leve de crava\u00e7\u00e3o de estacas incluem sua enorme for\u00e7a de impacto e an\u00e9is de pist\u00e3o dur\u00e1veis. Esse martelo \u00e9 amplamente exportado para regi\u00f5es como R\u00fassia, Indon\u00e9sia, Filipinas, \u00c1frica e Sudeste Asi\u00e1tico, e sua confiabilidade e desempenho s\u00e3o reconhecidos.<\/p>\n<p><strong># Modelo m\u00e9dio<\/strong><\/p>\n<p>Os modelos incluem: DD35, DD45, DD55, DD65, DD75, DD85, DD105<\/p>\n<p>O martelo de estaca de haste guia m\u00e9dio \u00e9 adequado para cravar v\u00e1rios tipos de estacas, inclusive estacas de concreto refor\u00e7ado, estacas de a\u00e7o, estacas-pranchas, vigas H, estacas redondas, estacas quadradas e estacas de madeira. Esse equipamento de crava\u00e7\u00e3o de estacas de tamanho m\u00e9dio \u00e9 muito adequado para funda\u00e7\u00f5es e estruturas de suporte nos seguintes campos:<\/p>\n<ul>\n<li>Setor de petr\u00f3leo e g\u00e1s<\/li>\n<li>Eletricidade e energia<\/li>\n<li>Setor<\/li>\n<li>engenharia civil<\/li>\n<li>engenharia hidr\u00e1ulica<\/li>\n<\/ul>\n<p>Esse martelo bate-estaca \u00e9 compat\u00edvel com guindastes sobre esteiras, escavadeiras, bate-estacas com mastros, bate-estacas flutuante e bate-estacas m\u00f3vel, al\u00e9m de ser vers\u00e1til e eficiente.<br \/>\nNossos martelos a diesel DD m\u00e9dios s\u00e3o amplamente exportados para o Sudeste Asi\u00e1tico, o Oriente M\u00e9dio, a Europa, a \u00c1frica e a Am\u00e9rica do Sul.<\/p>\n<p><strong>Modelo #Heavy<\/strong><\/p>\n<p>Os modelos incluem: DD128, DD160, DD180, DD200, DD220, DD300, DD350, DD400, DD450, DD500<\/p>\n<p>O martelo diesel para estacas DD pesado tem o componente de impacto mais pesado, o que o torna o equipamento mais eficiente para opera\u00e7\u00f5es de crava\u00e7\u00e3o de estacas. \u00c9 a escolha ideal para as seguintes finalidades:<\/p>\n<ul>\n<li><span data-slate-fragment=\"JTVCJTdCJTIydHlwZSUyMiUzQSUyMnBhcmFncmFwaCUyMiUyQyUyMmNoaWxkcmVuJTIyJTNBJTVCJTdCJTIyaWQlMjIlM0ElMjJlRU5SazlnUjdWJTIyJTJDJTIycGFyYUlkeCUyMiUzQTElMkMlMjJzcmMlMjIlM0ElMjJPZmZzaG9yZSUyME9wZXJhdGlvbnMlMjIlMkMlMjJkc3QlMjIlM0ElMjJPZmZzaG9yZSUyME9wZXJhdGlvbnMlMjIlMkMlMjJtZXRhZGF0YSUyMiUzQSUyMiUyMiUyQyUyMm1ldGFEYXRhJTIyJTNBJTVCJTVEJTJDJTIydGV4dCUyMiUzQSUyMk9mZnNob3JlJTIwT3BlcmF0aW9ucyUyMiU3RCU1RCU3RCU1RA==\">Opera\u00e7\u00f5es offshore<\/span><\/li>\n<li><span data-slate-fragment=\"JTVCJTdCJTIydHlwZSUyMiUzQSUyMnBhcmFncmFwaCUyMiUyQyUyMmNoaWxkcmVuJTIyJTNBJTVCJTdCJTIyaWQlMjIlM0ElMjJCbzEwNjRQMG5WJTIyJTJDJTIycGFyYUlkeCUyMiUzQTIlMkMlMjJzcmMlMjIlM0ElMjJPZmZzaG9yZSUyMERyaWxsaW5nJTIwUGxhdGZvcm1zJTIyJTJDJTIyZHN0JTIyJTNBJTIyT2Zmc2hvcmUlMjBEcmlsbGluZyUyMFBsYXRmb3JtcyUyMiUyQyUyMm1ldGFkYXRhJTIyJTNBJTIyJTIyJTJDJTIybWV0YURhdGElMjIlM0ElNUIlNUQlMkMlMjJ0ZXh0JTIyJTNBJTIyT2Zmc2hvcmUlMjBEcmlsbGluZyUyMFBsYXRmb3JtcyUyMiU3RCU1RCU3RCU1RA==\">Plataformas de perfura\u00e7\u00e3o offshore<\/span><\/li>\n<li><span data-slate-fragment=\"JTVCJTdCJTIydHlwZSUyMiUzQSUyMnBhcmFncmFwaCUyMiUyQyUyMmNoaWxkcmVuJTIyJTNBJTVCJTdCJTIyaWQlMjIlM0ElMjJWMHJZOW9MWUFCJTIyJTJDJTIycGFyYUlkeCUyMiUzQTMlMkMlMjJzcmMlMjIlM0ElMjJEZWVwd2F0ZXIlMjBQb3J0cyUyMiUyQyUyMmRzdCUyMiUzQSUyMkRlZXB3YXRlciUyMFBvcnRzJTIyJTJDJTIybWV0YWRhdGElMjIlM0ElMjIlMjIlMkMlMjJtZXRhRGF0YSUyMiUzQSU1QiU1RCUyQyUyMnRleHQlMjIlM0ElMjJEZWVwd2F0ZXIlMjBQb3J0cyUyMiU3RCU1RCU3RCU1RA==\">Portos de \u00e1guas profundas<\/span><\/li>\n<li><span data-slate-fragment=\"JTVCJTdCJTIydHlwZSUyMiUzQSUyMnBhcmFncmFwaCUyMiUyQyUyMmNoaWxkcmVuJTIyJTNBJTVCJTdCJTIyaWQlMjIlM0ElMjJlSlJHNGdPR0RlJTIyJTJDJTIycGFyYUlkeCUyMiUzQTQlMkMlMjJzcmMlMjIlM0ElMjJCcmlkZ2UlMjBDb25zdHJ1Y3Rpb24lMjIlMkMlMjJkc3QlMjIlM0ElMjJCcmlkZ2UlMjBDb25zdHJ1Y3Rpb24lMjIlMkMlMjJtZXRhZGF0YSUyMiUzQSUyMiUyMiUyQyUyMm1ldGFEYXRhJTIyJTNBJTVCJTVEJTJDJTIydGV4dCUyMiUzQSUyMkJyaWRnZSUyMENvbnN0cnVjdGlvbiUyMiU3RCU1RCU3RCU1RA==\">Constru\u00e7\u00e3o de pontes<\/span><\/li>\n<li><span data-slate-fragment=\"JTVCJTdCJTIydHlwZSUyMiUzQSUyMnBhcmFncmFwaCUyMiUyQyUyMmNoaWxkcmVuJTIyJTNBJTVCJTdCJTIyaWQlMjIlM0ElMjJCWHd5RFBPeTd6JTIyJTJDJTIycGFyYUlkeCUyMiUzQTUlMkMlMjJzcmMlMjIlM0ElMjJCb3RoJTIwVGVycmVzdHJpYWwlMjBhbmQlMjBBcXVhdGljJTIwQnVpbGRpbmclMjBQcm9qZWN0cyUyMiUyQyUyMmRzdCUyMiUzQSUyMkJvdGglMjBUZXJyZXN0cmlhbCUyMGFuZCUyMEFxdWF0aWMlMjBCdWlsZGluZyUyMFByb2plY3RzJTIyJTJDJTIybWV0YWRhdGElMjIlM0ElMjIlMjIlMkMlMjJtZXRhRGF0YSUyMiUzQSU1QiU1RCUyQyUyMnRleHQlMjIlM0ElMjJUZXJyZXN0cmlhbCUyMGFuZCUyMEFxdWF0aWMlMjBCdWlsZGluZyUyMFByb2plY3RzJTIyJTdEJTVEJTdEJTVE\">Projetos de constru\u00e7\u00e3o terrestre e aqu\u00e1tica<\/span><\/li>\n<\/ul>\n<p>Nossos martelos a diesel para servi\u00e7os pesados s\u00e3o amplamente utilizados na Am\u00e9rica do Norte, Am\u00e9rica do Sul, Oriente M\u00e9dio, \u00c1sia, \u00c1frica, Europa, R\u00fassia e Turquia.<br \/>\nDD-128 e DD-200: equipados com dois trilhos-guia para mover os componentes de impacto.<br \/>\nModelos DD-300 e mais pesados: usando quatro trilhos de guia, podem ser empilhados em uma inclina\u00e7\u00e3o de 1:3<\/p>\n<p><span style=\"color: #0000ff;\"><strong>Clique no bot\u00e3o \"Detalhes da s\u00e9rie DD\" para saber mais!<\/strong><\/span><\/p>\n<p><strong>1TP5Solu\u00e7\u00f5es personalizadas:<\/strong><\/p>\n<p>Nossa equipe de engenharia pode personalizar solu\u00e7\u00f5es com base na situa\u00e7\u00e3o do seu projeto. Voc\u00ea pode fornecer um relat\u00f3rio de endere\u00e7o do solo, tipo de estaca e equipamento de crava\u00e7\u00e3o de estacas. Fornecemos um martelo cil\u00edndrico compat\u00edvel com o projeto.<\/p>\n<p><strong>#P Embalagem e transporte<\/strong>:<\/p>\n<p>Embalagem: Uso de ferramentas de transporte de a\u00e7o padr\u00e3o de exporta\u00e7\u00e3o para embalagem<br \/>\nTransporte: transporte em cont\u00eaineres de 20GP ou 40GP<\/p>\n<p><strong>#Specifica\u00e7\u00f5es:<\/strong><\/p>\n<style>\n    .table-container {<br \/>        overflow-x: auto;<br \/>        margin: 0 auto;<br \/>    }<br \/>    table {<br \/>        width: 100%;<br \/>        border-collapse: collapse;<br \/>    }<br \/>    th, td {<br \/>        padding: 8px;<br \/>        border: 1px solid #ddd;<br \/>        text-align: left;<br \/>    }<br \/>    @media screen and (max-width: 600px) {<br \/>        table, thead, tbody, th, td, tr {<br \/>            display: block;<br \/>            width: 100%;<br \/>        }<br \/>        thead tr {<br \/>            display: none;<br \/>        }<br \/>        tr {<br \/>            margin-bottom: 15px;<br \/>        }<br \/>        td {<br \/>            text-align: right;<br \/>            padding-left: 50%;<br \/>            position: relative;<br \/>        }<br \/>        td:before {<br \/>            content: attr(data-label);<br \/>            position: absolute;<br \/>            left: 0;<br \/>            width: 50%;<br \/>            padding-left: 10px;<br \/>            font-weight: bold;<br \/>            text-align: left;<br \/>        }<br \/>    }<br \/><\/style>\n<div class=\"table-container\">\n<table>\n<thead>\n<tr>\n<th>Especifica\u00e7\u00f5es<\/th>\n<th>Tipo<\/th>\n<th>DD30<\/th>\n<\/tr>\n<\/thead>\n<tbody>\n<tr>\n<td data-label=\"Specifications\">Massa complexa do cilindro<\/td>\n<td data-label=\"Type\">kg<\/td>\n<td data-label=\"DD25\">3000<\/td>\n<\/tr>\n<tr>\n<td data-label=\"Specifications\">M\u00e1x. Curso do cilindro<\/td>\n<td data-label=\"Type\">m<\/td>\n<td data-label=\"DD25\">2.6<\/td>\n<\/tr>\n<tr>\n<td data-label=\"Specifications\">Frequ\u00eancia<\/td>\n<td data-label=\"Type\">min-l<\/td>\n<td data-label=\"DD25\">42~50<\/td>\n<\/tr>\n<tr>\n<td data-label=\"Specifications\">M\u00e1ximo. Energia<\/td>\n<td data-label=\"Type\">kj<\/td>\n<td data-label=\"DD25\">78<\/td>\n<\/tr>\n<tr>\n<td data-label=\"Specifications\">Consumo de \u00f3leo<\/td>\n<td data-label=\"Type\">L\/h<\/td>\n<td data-label=\"DD25\">10<\/td>\n<\/tr>\n<tr>\n<td data-label=\"Specifications\">For\u00e7a de explos\u00e3o Pilha<\/td>\n<td data-label=\"Type\">KN<\/td>\n<td data-label=\"DD25\">968<\/td>\n<\/tr>\n<tr>\n<td data-label=\"Specifications\">Taxa de redu\u00e7\u00e3o<\/td>\n<td data-label=\"Type\"><\/td>\n<td data-label=\"DD25\">18<\/td>\n<\/tr>\n<tr>\n<td data-label=\"Specifications\">Massa do martelo<\/td>\n<td data-label=\"Type\">kg<\/td>\n<td data-label=\"DD25\">5200<\/td>\n<\/tr>\n<tr>\n<td data-label=\"Specifications\">Dist\u00e2ncia do guia<\/td>\n<td data-label=\"Type\">mm<\/td>\n<td data-label=\"DD25\">360\/330<\/td>\n<\/tr>\n<\/tbody>\n<\/table>\n<h2>Embalagem do bate-estaca a diesel DD30<\/h2>\n<p><img fetchpriority=\"high\" decoding=\"async\" class=\"size-full wp-image-11327\" src=\"https:\/\/www.juweihammer.com\/wp-content\/uploads\/2024\/09\/DD-guide-rod-diesel-hammer-packaging.webp\" alt=\"Embalagem do martelo a diesel com haste guia DD\" width=\"975\" height=\"696\" srcset=\"https:\/\/www.juweihammer.com\/wp-content\/uploads\/2024\/09\/DD-guide-rod-diesel-hammer-packaging.webp 975w, https:\/\/www.juweihammer.com\/wp-content\/uploads\/2024\/09\/DD-guide-rod-diesel-hammer-packaging-768x548.webp 768w, https:\/\/www.juweihammer.com\/wp-content\/uploads\/2024\/09\/DD-guide-rod-diesel-hammer-packaging-18x12.webp 18w, https:\/\/www.juweihammer.com\/wp-content\/uploads\/2024\/09\/DD-guide-rod-diesel-hammer-packaging-600x428.webp 600w\" sizes=\"(max-width: 975px) 100vw, 975px\" \/><\/p>\n<\/div>","protected":false},"excerpt":{"rendered":"<p>Martelo bate-estacas a diesel com haste guia da s\u00e9rie DD: \u00c9 uma m\u00e1quina de bate-estaca que funciona usando o princ\u00edpio de um motor de combust\u00e3o interna de dois tempos.<\/p>\n<ul>\n<li>Massa do Complexo de Cilindros: 3,0 toneladas<\/li>\n<li>M\u00e1x. Energia: 62,5 Kj<\/li>\n<li>O martelo da haste guia \u00e9 mais f\u00e1cil de iniciar<\/li>\n<li><span data-slate-fragment=\"JTVCJTdCJTIydHlwZSUyMiUzQSUyMnBhcmFncmFwaCUyMiUyQyUyMmNoaWxkcmVuJTIyJTNBJTVCJTdCJTIyaWQlMjIlM0ElMjJlM29YZGRuUVllJTIyJTJDJTIycGFyYUlkeCUyMiUzQTAlMkMlMjJzcmMlMjIlM0ElMjJIaWdoJTIwU3RyaWtlJTIwV2ZmaWNpZW5jeSUyMiUyQyUyMmRzdCUyMiUzQSUyMiVFOSVBQiU5OCVFNiU4OSU5MyVFNSU4NyVCQiVFNiU5NSU4OCVFNyU4RSU4NyUyMiUyQyUyMm1ldGFkYXRhJTIyJTNBJTIyJTIyJTJDJTIybWV0YURhdGElMjIlM0ElNUIlNUQlMkMlMjJ0ZXh0JTIyJTNBJTIySGlnaCUyMFN0cmlrZSUyMFdmZmljaWVuY3klMjIlN0QlNUQlN0QlNUQ=\">Pre\u00e7os competitivos<\/span><\/li>\n<li>Economizar combust\u00edvel<\/li>\n<\/ul>","protected":false},"featured_media":2489,"template":"","meta":{"_seopress_robots_primary_cat":"none","_seopress_titles_title":"DD30 Diesel Hammer Pile Driver Supplier - Guide Rod Type","_seopress_titles_desc":"JUWEI DD30 diesel hammer pile driver can mounted\u00a0on crawler crane, excavator, crane and other machine. Get Free Quotes!","_seopress_robots_index":"","site-sidebar-layout":"default","site-content-layout":"","ast-site-content-layout":"default","site-content-style":"default","site-sidebar-style":"default","ast-global-header-display":"","ast-banner-title-visibility":"","ast-main-header-display":"","ast-hfb-above-header-display":"","ast-hfb-below-header-display":"","ast-hfb-mobile-header-display":"","site-post-title":"","ast-breadcrumbs-content":"","ast-featured-img":"","footer-sml-layout":"","theme-transparent-header-meta":"default","adv-header-id-meta":"","stick-header-meta":"","header-above-stick-meta":"","header-main-stick-meta":"","header-below-stick-meta":"","astra-migrate-meta-layouts":"set","ast-page-background-enabled":"default","ast-page-background-meta":{"desktop":{"background-color":"var(--ast-global-color-4)","background-image":"","background-repeat":"repeat","background-position":"center center","background-size":"auto","background-attachment":"scroll","background-type":"","background-media":"","overlay-type":"","overlay-color":"","overlay-opacity":"","overlay-gradient":""},"tablet":{"background-color":"","background-image":"","background-repeat":"repeat","background-position":"center center","background-size":"auto","background-attachment":"scroll","background-type":"","background-media":"","overlay-type":"","overlay-color":"","overlay-opacity":"","overlay-gradient":""},"mobile":{"background-color":"","background-image":"","background-repeat":"repeat","background-position":"center center","background-size":"auto","background-attachment":"scroll","background-type":"","background-media":"","overlay-type":"","overlay-color":"","overlay-opacity":"","overlay-gradient":""}},"ast-content-background-meta":{"desktop":{"background-color":"var(--ast-global-color-5)","background-image":"","background-repeat":"repeat","background-position":"center center","background-size":"auto","background-attachment":"scroll","background-type":"","background-media":"","overlay-type":"","overlay-color":"","overlay-opacity":"","overlay-gradient":""},"tablet":{"background-color":"var(--ast-global-color-5)","background-image":"","background-repeat":"repeat","background-position":"center center","background-size":"auto","background-attachment":"scroll","background-type":"","background-media":"","overlay-type":"","overlay-color":"","overlay-opacity":"","overlay-gradient":""},"mobile":{"background-color":"var(--ast-global-color-5)","background-image":"","background-repeat":"repeat","background-position":"center center","background-size":"auto","background-attachment":"scroll","background-type":"","background-media":"","overlay-type":"","overlay-color":"","overlay-opacity":"","overlay-gradient":""}}},"product_brand":[],"product_cat":[22],"product_tag":[],"class_list":{"0":"post-2503","1":"product","2":"type-product","3":"status-publish","4":"has-post-thumbnail","6":"product_cat-dd-guide-rod-diesel-pile-hammer","7":"desktop-align-left","8":"tablet-align-left","9":"mobile-align-left","11":"first","12":"instock","13":"shipping-taxable","14":"product-type-simple"},"_links":{"self":[{"href":"https:\/\/www.juweihammer.com\/pt\/wp-json\/wp\/v2\/product\/2503","targetHints":{"allow":["GET"]}}],"collection":[{"href":"https:\/\/www.juweihammer.com\/pt\/wp-json\/wp\/v2\/product"}],"about":[{"href":"https:\/\/www.juweihammer.com\/pt\/wp-json\/wp\/v2\/types\/product"}],"version-history":[{"count":2,"href":"https:\/\/www.juweihammer.com\/pt\/wp-json\/wp\/v2\/product\/2503\/revisions"}],"predecessor-version":[{"id":11358,"href":"https:\/\/www.juweihammer.com\/pt\/wp-json\/wp\/v2\/product\/2503\/revisions\/11358"}],"wp:featuredmedia":[{"embeddable":true,"href":"https:\/\/www.juweihammer.com\/pt\/wp-json\/wp\/v2\/media\/2489"}],"wp:attachment":[{"href":"https:\/\/www.juweihammer.com\/pt\/wp-json\/wp\/v2\/media?parent=2503"}],"wp:term":[{"taxonomy":"product_brand","embeddable":true,"href":"https:\/\/www.juweihammer.com\/pt\/wp-json\/wp\/v2\/product_brand?post=2503"},{"taxonomy":"product_cat","embeddable":true,"href":"https:\/\/www.juweihammer.com\/pt\/wp-json\/wp\/v2\/product_cat?post=2503"},{"taxonomy":"product_tag","embeddable":true,"href":"https:\/\/www.juweihammer.com\/pt\/wp-json\/wp\/v2\/product_tag?post=2503"}],"curies":[{"name":"wp","href":"https:\/\/api.w.org\/{rel}","templated":true}]}}