{"id":2367,"date":"2024-07-22T02:11:37","date_gmt":"2024-07-22T02:11:37","guid":{"rendered":"https:\/\/www.juweihammer.com\/?post_type=product&#038;p=2367"},"modified":"2024-11-08T02:38:36","modified_gmt":"2024-11-08T02:38:36","slug":"d25-diesel-pile-driver-hammer","status":"publish","type":"product","link":"https:\/\/www.juweihammer.com\/pt\/produto\/d25-diesel-pile-driver-hammer\/","title":{"rendered":"Martelo bate-estaca a diesel D25 para venda - OEM dispon\u00edvel"},"content":{"rendered":"<p>A Juwei \u00e9 uma das<strong> Os 10 melhores<\/strong> fabricantes e fornecedores de martelos a diesel em todo o mundo. O martelo a diesel para estacas da s\u00e9rie D da Juwei tem mais de 30 anos de experi\u00eancia em projeto, fabrica\u00e7\u00e3o e aplica\u00e7\u00e3o. <strong><span style=\"color: #0000ff;\">Clique no bot\u00e3o \"F\u00e1brica\" para saber mais!<\/span><\/strong><\/p>\n<p><strong>#Total do modelo de martelos bate-estacas a diesel tubulares da s\u00e9rie D<\/strong><\/p>\n<p>D12, D16, D19, D25, D30, D36, D46, D50, D62, D80, D100, D128, D138, D160, D180, D225, D265, D320, D400. <strong><span style=\"color: #0000ff;\">Clique no bot\u00e3o \"Detalhes da S\u00e9rie D\" para saber mais!<\/span><\/strong><\/p>\n<p><strong>1TP5Solu\u00e7\u00f5es personalizadas:<\/strong><\/p>\n<p>Nossa equipe de engenharia pode personalizar solu\u00e7\u00f5es com base na situa\u00e7\u00e3o do seu projeto. Basta fornecer um relat\u00f3rio de endere\u00e7o do solo, tipo de estaca e equipamento de crava\u00e7\u00e3o de estacas. N\u00f3s fornecemos um martelo cil\u00edndrico compat\u00edvel com o projeto.<\/p>\n<p><strong>#<\/strong><strong>Tipo de pelo:<\/strong><\/p>\n<p>Os tipos de estacas para crava\u00e7\u00e3o incluem estacas de concreto pr\u00e9-moldado, vigas H, estacas de tubos de a\u00e7o, estacas circulares, estacas quadradas, estacas-pranchas, estacas de madeira, etc.<\/p>\n<p><strong>#Aplicativo<\/strong>:<\/p>\n<p>Os projetos offshore incluem gera\u00e7\u00e3o de energia e\u00f3lica, energia, pontes, portos, constru\u00e7\u00e3o de docas e extra\u00e7\u00e3o de petr\u00f3leo e g\u00e1s. Tamb\u00e9m \u00e9 aplic\u00e1vel a projetos de engenharia civil e rodovi\u00e1ria, servi\u00e7os p\u00fablicos, servi\u00e7os p\u00fablicos civis, ensecadeiras, pontes, energia fotovoltaica e meio ambiente. <strong><span style=\"color: #0000ff;\">Clique no bot\u00e3o \"Projetos\" para saber mais!<\/span><\/strong><\/p>\n<p><strong>#P Embalagem e transporte<\/strong>:<\/p>\n<p>Embalagem: Uso de ferramentas de transporte de a\u00e7o padr\u00e3o de exporta\u00e7\u00e3o para embalagem<br \/>\nTransporte: transporte em cont\u00eaineres de 20GP ou 40GP<\/p>\n<p><strong>#Exportado para v\u00e1rios pa\u00edses<\/strong><\/p>\n<p>Esse produto \u00e9 exportado para a Europa, R\u00fassia, Sudeste Asi\u00e1tico, Am\u00e9rica do Norte, Am\u00e9rica do Sul, Oriente M\u00e9dio, \u00c1frica e outras regi\u00f5es. (Tais como )<\/p>\n<p><strong>#Specifica\u00e7\u00f5es:<\/strong><\/p>\n<style>\n    .table-container {<br \/>        overflow-x: auto;<br \/>        margin: 0 auto;<br \/>    }<br \/>    table {<br \/>        width: 100%;<br \/>        border-collapse: collapse;<br \/>    }<br \/>    th, td {<br \/>        padding: 8px;<br \/>        border: 1px solid #ddd;<br \/>        text-align: left;<br \/>    }<br \/>    @media screen and (max-width: 600px) {<br \/>        table, thead, tbody, th, td, tr {<br \/>            display: block;<br \/>            width: 100%;<br \/>        }<br \/>        thead tr {<br \/>            display: none;<br \/>        }<br \/>        tr {<br \/>            margin-bottom: 15px;<br \/>        }<br \/>        td {<br \/>            text-align: right;<br \/>            padding-left: 50%;<br \/>            position: relative;<br \/>        }<br \/>        td:before {<br \/>            content: attr(data-label);<br \/>            position: absolute;<br \/>            left: 0;<br \/>            width: 50%;<br \/>            padding-left: 10px;<br \/>            font-weight: bold;<br \/>            text-align: left;<br \/>        }<br \/>    }<br \/><\/style>\n<div class=\"table-container\">\n<table>\n<thead>\n<tr>\n<th>Especifica\u00e7\u00f5es<\/th>\n<th>Tipo<\/th>\n<th>D25<\/th>\n<\/tr>\n<\/thead>\n<tbody>\n<tr>\n<td data-label=\"Specifications\">Peso do impacto (pist\u00e3o)<\/td>\n<td data-label=\"Type\">kg<\/td>\n<td data-label=\"D25\">2500<\/td>\n<\/tr>\n<tr>\n<td data-label=\"Specifications\">Energia por golpe<\/td>\n<td data-label=\"Type\">KNm<\/td>\n<td data-label=\"D25\">90.00~39.98<\/td>\n<\/tr>\n<tr>\n<td data-label=\"Specifications\">N\u00famero de golpes<\/td>\n<td data-label=\"Type\">min-l<\/td>\n<td data-label=\"D25\">35~52<\/td>\n<\/tr>\n<tr>\n<td data-label=\"Specifications\">For\u00e7a da press\u00e3o de explos\u00e3o na pilha, no m\u00e1ximo.<\/td>\n<td data-label=\"Type\">KN<\/td>\n<td data-label=\"D25\">1304<\/td>\n<\/tr>\n<tr>\n<td data-label=\"Specifications\">Adequado para cravar estacas de at\u00e9<\/td>\n<td data-label=\"Type\">Kg<\/td>\n<td data-label=\"D25\">7500<\/td>\n<\/tr>\n<tr>\n<td data-label=\"Specifications\">Di\u00e2metro permitido do cabo para a roldana defletora do dispositivo de disparo m\u00e1x.<\/td>\n<td data-label=\"Type\">mm<\/td>\n<td data-label=\"D25\">\u03a622<\/td>\n<\/tr>\n<tr>\n<td data-label=\"Specifications\">\u00d3leo diesel<\/td>\n<td data-label=\"Type\">L\/h<\/td>\n<td data-label=\"D25\">8<\/td>\n<\/tr>\n<tr>\n<td data-label=\"Specifications\">Lubrificante<\/td>\n<td data-label=\"Type\">L\/h<\/td>\n<td data-label=\"D25\">1<\/td>\n<\/tr>\n<tr>\n<td data-label=\"Specifications\">Tanque de \u00f3leo diesel<\/td>\n<td data-label=\"Type\">L<\/td>\n<td data-label=\"D25\">67<\/td>\n<\/tr>\n<tr>\n<td data-label=\"Specifications\">Tanque de lubrificante<\/td>\n<td data-label=\"Type\">L<\/td>\n<td data-label=\"D25\">19<\/td>\n<\/tr>\n<tr>\n<td data-label=\"Specifications\">Martelo de estaca a diesel aprox.<\/td>\n<td data-label=\"Type\">kg<\/td>\n<td data-label=\"D25\">5330\/ 5810<\/td>\n<\/tr>\n<tr>\n<td data-label=\"Specifications\">Dispositivo de disparo aprox.<\/td>\n<td data-label=\"Type\">kg<\/td>\n<td data-label=\"D25\">180<\/td>\n<\/tr>\n<tr>\n<td data-label=\"Specifications\">Suporte\/grades de transporte aprox.<\/td>\n<td data-label=\"Type\">kg<\/td>\n<td data-label=\"D25\">20<\/td>\n<\/tr>\n<tr>\n<td data-label=\"Specifications\">Guarda de transporte aprox.<\/td>\n<td data-label=\"Type\">kg<\/td>\n<td data-label=\"D25\">23<\/td>\n<\/tr>\n<tr>\n<td data-label=\"Specifications\">Caixa de ferramentas aprox.<\/td>\n<td data-label=\"Type\">kg<\/td>\n<td data-label=\"D25\">100<\/td>\n<\/tr>\n<tr>\n<td data-label=\"Specifications\">Comprimento do martelo de estaca diesel (a\/al)<\/td>\n<td data-label=\"Type\">mm<\/td>\n<td data-label=\"D25\">5450\/ 6290<\/td>\n<\/tr>\n<tr>\n<td data-label=\"Specifications\">Di\u00e2metro externo do bloco de impacto (b)<\/td>\n<td data-label=\"Type\">mm<\/td>\n<td data-label=\"D25\">560<\/td>\n<\/tr>\n<tr>\n<td data-label=\"Specifications\">Dimens\u00f5es gerais medidas sobre os parafusos de fixa\u00e7\u00e3o das garras-guia (c)<\/td>\n<td data-label=\"Type\">mm<\/td>\n<td data-label=\"D25\">780<\/td>\n<\/tr>\n<tr>\n<td data-label=\"Specifications\">Largura do martelo de estaca diesel (d)<\/td>\n<td data-label=\"Type\">mm<\/td>\n<td data-label=\"D25\">640<\/td>\n<\/tr>\n<tr>\n<td data-label=\"Specifications\">Largura para conex\u00e3o das garras-guia (e)<\/td>\n<td data-label=\"Type\">mm<\/td>\n<td data-label=\"D25\">540<\/td>\n<\/tr>\n<tr>\n<td data-label=\"Specifications\">Centro do martelo de estaca Diesel at\u00e9 a prote\u00e7\u00e3o da bomba (f)<\/td>\n<td data-label=\"Type\">mm<\/td>\n<td data-label=\"D25\">405<\/td>\n<\/tr>\n<tr>\n<td data-label=\"Specifications\">Centro do martelo de estaca Diesel at\u00e9 o centro do furo roscado para o parafuso de fixa\u00e7\u00e3o das garras de guia (g)<\/td>\n<td data-label=\"Type\">mm<\/td>\n<td data-label=\"D25\">235<\/td>\n<\/tr>\n<tr>\n<td data-label=\"Specifications\">Profundidade do martelo de estaca a diesel (h)<\/td>\n<td data-label=\"Type\">mm<\/td>\n<td data-label=\"D25\">715<\/td>\n<\/tr>\n<tr>\n<td data-label=\"Specifications\">Dist\u00e2ncia padr\u00e3o do centro do martelo de estaca Diesel at\u00e9 o centro do chumbo (H)<\/td>\n<td data-label=\"Type\">mm<\/td>\n<td data-label=\"D25\">440<\/td>\n<\/tr>\n<tr>\n<td data-label=\"Specifications\">Largura dos cabos (L)<\/td>\n<td data-label=\"Type\">mm<\/td>\n<td data-label=\"D25\">330x(\u03a670)<\/td>\n<\/tr>\n<\/tbody>\n<\/table>\n<h2>Embalagem do martelo a diesel D25<\/h2>\n<p><img fetchpriority=\"high\" decoding=\"async\" class=\"size-full wp-image-11326\" src=\"https:\/\/www.juweihammer.com\/wp-content\/uploads\/2024\/09\/D-tubular-diesel-hammer-packaging.webp\" alt=\"D Embalagem tubular de martelo a diesel\" width=\"975\" height=\"696\" srcset=\"https:\/\/www.juweihammer.com\/wp-content\/uploads\/2024\/09\/D-tubular-diesel-hammer-packaging.webp 975w, https:\/\/www.juweihammer.com\/wp-content\/uploads\/2024\/09\/D-tubular-diesel-hammer-packaging-768x548.webp 768w, https:\/\/www.juweihammer.com\/wp-content\/uploads\/2024\/09\/D-tubular-diesel-hammer-packaging-18x12.webp 18w, https:\/\/www.juweihammer.com\/wp-content\/uploads\/2024\/09\/D-tubular-diesel-hammer-packaging-600x428.webp 600w\" sizes=\"(max-width: 975px) 100vw, 975px\" \/><\/p>\n<\/div>","protected":false},"excerpt":{"rendered":"<p>O martelo de estaca tubular a diesel da s\u00e9rie D \u00e9 atualmente o equipamento de constru\u00e7\u00e3o de funda\u00e7\u00f5es por crava\u00e7\u00e3o de estacas mais amplamente utilizado<\/p>\n<ul>\n<li>Peso do impacto (pist\u00e3o): 2,5 toneladas<\/li>\n<li>Energia Impac: 90~39,98 Kj<\/li>\n<li>OEM <span data-slate-fragment=\"JTVCJTdCJTIydHlwZSUyMiUzQSUyMnBhcmFncmFwaCUyMiUyQyUyMmNoaWxkcmVuJTIyJTNBJTVCJTdCJTIyaWQlMjIlM0ElMjJWMHJtR2R2NjJCJTIyJTJDJTIycGFyYUlkeCUyMiUzQTAlMkMlMjJzcmMlMjIlM0ElMjJhdmFpbGFibGUlMjIlMkMlMjJkc3QlMjIlM0ElMjIlRTUlOEYlQUYlRTglOEUlQjclRTUlQkUlOTclRTclOUElODQlMjIlMkMlMjJtZXRhZGF0YSUyMiUzQSUyMiUyMiUyQyUyMm1ldGFEYXRhJTIyJTNBJTVCJTVEJTJDJTIydGV4dCUyMiUzQSUyMmF2YWlsYWJsZSUyMiU3RCU1RCU3RCU1RA==\">Dispon\u00edvel<\/span><\/li>\n<li>Solu\u00e7\u00f5es personalizadas<\/li>\n<li><span data-slate-fragment=\"JTVCJTdCJTIydHlwZSUyMiUzQSUyMnBhcmFncmFwaCUyMiUyQyUyMmNoaWxkcmVuJTIyJTNBJTVCJTdCJTIyaWQlMjIlM0ElMjJCdjVSOFl3bFd6JTIyJTJDJTIycGFyYUlkeCUyMiUzQTAlMkMlMjJzcmMlMjIlM0ElMjJEdWFsJTIwZnVlbCUyMHB1bXAlMjBzeXN0ZW0lMjIlMkMlMjJkc3QlMjIlM0ElMjIlRTUlOEYlOEMlRTclODclODMlRTYlQjIlQjklRTYlQjMlQjUlRTclQjMlQkIlRTclQkIlOUYlMjIlMkMlMjJtZXRhZGF0YSUyMiUzQSUyMiUyMiUyQyUyMm1ldGFEYXRhJTIyJTNBJTVCJTVEJTJDJTIydGV4dCUyMiUzQSUyMkR1YWwlMjBmdWVsJTIwcHVtcCUyMHN5c3RlbSUyMiU3RCU1RCU3RCU1RA==\">Sistema de bomba de combust\u00edvel dupla<\/span><\/li>\n<\/ul>","protected":false},"featured_media":2374,"template":"","meta":{"_seopress_robots_primary_cat":"none","_seopress_titles_title":"China D25 Diesel Pile Driver Hammer for Sale | OEM","_seopress_titles_desc":"The D25 tubular diesel pile hammer is used pile driving foundation construction equipment.\r\nImpact Weight (Piston): 2.5 tons OEM Available. Get Quotes","_seopress_robots_index":"","site-sidebar-layout":"default","site-content-layout":"","ast-site-content-layout":"default","site-content-style":"default","site-sidebar-style":"default","ast-global-header-display":"","ast-banner-title-visibility":"","ast-main-header-display":"","ast-hfb-above-header-display":"","ast-hfb-below-header-display":"","ast-hfb-mobile-header-display":"","site-post-title":"","ast-breadcrumbs-content":"","ast-featured-img":"","footer-sml-layout":"","theme-transparent-header-meta":"default","adv-header-id-meta":"","stick-header-meta":"","header-above-stick-meta":"","header-main-stick-meta":"","header-below-stick-meta":"","astra-migrate-meta-layouts":"set","ast-page-background-enabled":"default","ast-page-background-meta":{"desktop":{"background-color":"var(--ast-global-color-4)","background-image":"","background-repeat":"repeat","background-position":"center center","background-size":"auto","background-attachment":"scroll","background-type":"","background-media":"","overlay-type":"","overlay-color":"","overlay-opacity":"","overlay-gradient":""},"tablet":{"background-color":"","background-image":"","background-repeat":"repeat","background-position":"center center","background-size":"auto","background-attachment":"scroll","background-type":"","background-media":"","overlay-type":"","overlay-color":"","overlay-opacity":"","overlay-gradient":""},"mobile":{"background-color":"","background-image":"","background-repeat":"repeat","background-position":"center center","background-size":"auto","background-attachment":"scroll","background-type":"","background-media":"","overlay-type":"","overlay-color":"","overlay-opacity":"","overlay-gradient":""}},"ast-content-background-meta":{"desktop":{"background-color":"var(--ast-global-color-5)","background-image":"","background-repeat":"repeat","background-position":"center center","background-size":"auto","background-attachment":"scroll","background-type":"","background-media":"","overlay-type":"","overlay-color":"","overlay-opacity":"","overlay-gradient":""},"tablet":{"background-color":"var(--ast-global-color-5)","background-image":"","background-repeat":"repeat","background-position":"center center","background-size":"auto","background-attachment":"scroll","background-type":"","background-media":"","overlay-type":"","overlay-color":"","overlay-opacity":"","overlay-gradient":""},"mobile":{"background-color":"var(--ast-global-color-5)","background-image":"","background-repeat":"repeat","background-position":"center center","background-size":"auto","background-attachment":"scroll","background-type":"","background-media":"","overlay-type":"","overlay-color":"","overlay-opacity":"","overlay-gradient":""}}},"product_brand":[],"product_cat":[21],"product_tag":[],"class_list":{"0":"post-2367","1":"product","2":"type-product","3":"status-publish","4":"has-post-thumbnail","6":"product_cat-d-diesel-hammer","7":"desktop-align-left","8":"tablet-align-left","9":"mobile-align-left","11":"first","12":"instock","13":"shipping-taxable","14":"product-type-simple"},"_links":{"self":[{"href":"https:\/\/www.juweihammer.com\/pt\/wp-json\/wp\/v2\/product\/2367","targetHints":{"allow":["GET"]}}],"collection":[{"href":"https:\/\/www.juweihammer.com\/pt\/wp-json\/wp\/v2\/product"}],"about":[{"href":"https:\/\/www.juweihammer.com\/pt\/wp-json\/wp\/v2\/types\/product"}],"version-history":[{"count":2,"href":"https:\/\/www.juweihammer.com\/pt\/wp-json\/wp\/v2\/product\/2367\/revisions"}],"predecessor-version":[{"id":11347,"href":"https:\/\/www.juweihammer.com\/pt\/wp-json\/wp\/v2\/product\/2367\/revisions\/11347"}],"wp:featuredmedia":[{"embeddable":true,"href":"https:\/\/www.juweihammer.com\/pt\/wp-json\/wp\/v2\/media\/2374"}],"wp:attachment":[{"href":"https:\/\/www.juweihammer.com\/pt\/wp-json\/wp\/v2\/media?parent=2367"}],"wp:term":[{"taxonomy":"product_brand","embeddable":true,"href":"https:\/\/www.juweihammer.com\/pt\/wp-json\/wp\/v2\/product_brand?post=2367"},{"taxonomy":"product_cat","embeddable":true,"href":"https:\/\/www.juweihammer.com\/pt\/wp-json\/wp\/v2\/product_cat?post=2367"},{"taxonomy":"product_tag","embeddable":true,"href":"https:\/\/www.juweihammer.com\/pt\/wp-json\/wp\/v2\/product_tag?post=2367"}],"curies":[{"name":"wp","href":"https:\/\/api.w.org\/{rel}","templated":true}]}}