{"id":22614,"date":"2025-10-30T07:15:30","date_gmt":"2025-10-30T07:15:30","guid":{"rendered":"https:\/\/www.juweihammer.com\/?post_type=product&#038;p=22614"},"modified":"2025-10-30T07:28:12","modified_gmt":"2025-10-30T07:28:12","slug":"18ton-hydraulic-impact-pile-driver-hammer-for-deep-foundation","status":"publish","type":"product","link":"https:\/\/www.juweihammer.com\/pt\/produto\/18ton-hydraulic-impact-pile-driver-hammer-for-deep-foundation\/","title":{"rendered":"Martelo bate-estaca de impacto hidr\u00e1ulico de 18 toneladas para funda\u00e7\u00f5es profundas"},"content":{"rendered":"<p><span data-slate-fragment=\"JTVCJTdCJTIydHlwZSUyMiUzQSUyMnBhcmFncmFwaCUyMiUyQyUyMmNoaWxkcmVuJTIyJTNBJTVCJTdCJTIyaWQlMjIlM0ElMjJCWnlwQWdqNVF6JTIyJTJDJTIycGFyYUlkeCUyMiUzQTAlMkMlMjJzcmMlMjIlM0ElMjJKdXdlaSUyMGlzJTIwdGhlJTIwdG9wJTIwMSUyMG1hbnVmYWN0dXJlcnMlMjBhbmQlMjBzdXBwbGllcnMlMjBvZiUyMEREJTIwcmFpbCUyMGhhbW1lcnMlMjBpbiUyMENoaW5hJTIyJTJDJTIyZHN0JTIyJTNBJTIyJUU1JUI3JUE4JUU1JUE4JTgxJUU2JTk4JUFGJUU0JUI4JUFEJUU1JTlCJUJEREQlRTklOTIlQTIlRTglQkQlQTglRTklOTQlQTQlRTclOUElODQlRTclQUMlQUMlRTQlQjglODAlRTUlQTQlQTclRTUlODglQjYlRTklODAlQTAlRTUlOTUlODYlRTUlOTIlOEMlRTQlQkUlOUIlRTUlQkElOTQlRTUlOTUlODYlMjIlMkMlMjJtZXRhZGF0YSUyMiUzQSUyMiUyMiUyQyUyMm1ldGFEYXRhJTIyJTNBJTVCJTVEJTJDJTIydGV4dCUyMiUzQSUyMkp1d2VpJTIwaXMlMjB0aGUlMjB0b3AlMjAxJTIwbWFudWZhY3R1cmVycyUyMGFuZCUyMHN1cHBsaWVycyUyMG9mJTIwREQlMjByYWlsJTIwaGFtbWVycyUyMGluJTIwQ2hpbmElMjIlN0QlNUQlN0QlNUQ=\">A Juwei \u00e9 um dos 10 principais fabricantes e fornecedores de martelo de impacto hidr\u00e1ulico do mundo. <\/span>O equipamento de crava\u00e7\u00e3o de estacas da Juwei tem mais de 30 anos de experi\u00eancia em projeto, fabrica\u00e7\u00e3o e aplica\u00e7\u00e3o. <span style=\"color: #0000ff;\"><strong>Clique no bot\u00e3o \"F\u00e1brica\" para saber mais!<\/strong><\/span><\/p>\n<p><strong><b>#<\/b><\/strong><strong><b>Conserva\u00e7\u00e3o de energia e prote\u00e7\u00e3o ambiental<\/b><\/strong><\/p>\n<p>O martelo de impacto hidr\u00e1ulico da s\u00e9rie Juwei HI \u00e9 alimentado por um sistema hidr\u00e1ulico, que permite o controle preciso da for\u00e7a e da frequ\u00eancia do impacto. Em compara\u00e7\u00e3o com os martelos a diesel tradicionais, ele tem baixo ru\u00eddo, baixa polui\u00e7\u00e3o e maior efici\u00eancia de convers\u00e3o de energia.<\/p>\n<p>O gabinete de energia \u00e9 acionado por v\u00e1rios motores, garantindo excelente viabilidade econ\u00f4mica, confiabilidade e desempenho geral.<\/p>\n<p><strong># <\/strong><strong><b>Confiabilidade do sistema<\/b><\/strong><\/p>\n<p>O sistema \u00e9 equipado com componentes de alta qualidade em bombas hidr\u00e1ulicas, v\u00e1lvulas e cilindros, que apresentam bom desempenho em termos de redu\u00e7\u00e3o de vibra\u00e7\u00e3o, resist\u00eancia a impactos e durabilidade, garantindo alta confiabilidade.<\/p>\n<p>O material do n\u00facleo do martelo e o tratamento t\u00e9rmico s\u00e3o cuidadosamente selecionados para otimizar a resist\u00eancia \u00e0 temperatura, a resist\u00eancia ao desgaste, a absor\u00e7\u00e3o de vibra\u00e7\u00e3o e a resist\u00eancia ao impacto. O acumulador de alta e baixa press\u00e3o adota um design de pist\u00e3o compacto, o que aumenta a confiabilidade.<\/p>\n<p><strong>#<\/strong><strong><b>Ampla gama de aplica\u00e7\u00f5es<\/b><\/strong><\/p>\n<p>Apresenta tampas de estacas compostas facilmente substitu\u00edveis que podem acomodar v\u00e1rios formatos e materiais de estacas. A for\u00e7a de impacto e a frequ\u00eancia do martelo podem ser ajustadas e controladas de acordo com as condi\u00e7\u00f5es geol\u00f3gicas e a resist\u00eancia do material da estaca.<\/p>\n<p>Os bate-estacas hidr\u00e1ulicos oferecem uma solu\u00e7\u00e3o econ\u00f4mica e ecologicamente correta para a instala\u00e7\u00e3o de estacas de a\u00e7o ou concreto em ambientes terrestres e mar\u00edtimos. Ele pode ser operado em bate-estacas, suspens\u00f5es de guindastes, guindastes sobre esteiras, escavadeiras e barca\u00e7as.<\/p>\n<ul>\n<li>Muito adequado para projetos offshore, instala\u00e7\u00f5es de energia e\u00f3lica, plataformas de petr\u00f3leo e g\u00e1s, constru\u00e7\u00e3o de portos e docas e pontes offshore.<\/li>\n<li>Adequado para v\u00e1rias funda\u00e7\u00f5es de edif\u00edcios, ensecadeiras de engenharia de madeira, bem como instala\u00e7\u00f5es p\u00fablicas, como usinas de energia e tratamento de \u00e1gua.<\/li>\n<\/ul>\n<p><span style=\"color: #0000ff;\"><strong>Clique no bot\u00e3o \"Projeto\" para saber mais!<\/strong><\/span><\/p>\n<p><strong>#ipos de pilha<\/strong><\/p>\n<p>O martelo de impacto hidr\u00e1ulico Juwei pode cravar v\u00e1rios tipos de estacas, incluindo estacas de concreto pr\u00e9-moldado, vigas H, estacas redondas, estacas de tubos de a\u00e7o, estacas quadradas, estacas de madeira, etc<\/p>\n<p><strong>1TP5Solu\u00e7\u00f5es personalizadas:<\/strong><\/p>\n<p>Nossa equipe de engenharia pode personalizar solu\u00e7\u00f5es com base na situa\u00e7\u00e3o do seu projeto. Devido aos diferentes tipos, tamanhos e condi\u00e7\u00f5es de solo das estacas, a capacidade de suporte necess\u00e1ria dos martelos tamb\u00e9m pode variar. Voc\u00ea pode fornecer um relat\u00f3rio de endere\u00e7o do solo, tipo de estaca e equipamento de crava\u00e7\u00e3o de estacas. Fornecemos martelos que s\u00e3o compat\u00edveis com o projeto.<\/p>\n<p><strong>#P Embalagem e transporte<\/strong>:<\/p>\n<p>Embalagem: Uso de ferramentas de transporte de a\u00e7o padr\u00e3o de exporta\u00e7\u00e3o para embalagem<br \/>\nTransporte: transporte em cont\u00eaineres de 20GP ou 40GP<\/p>\n<p><strong>#Specifica\u00e7\u00f5es:<\/strong><\/p>\n<div style=\"overflow-x: auto;\">\n<table style=\"border-collapse: collapse; width: 100%;\" border=\"1\" cellspacing=\"0\" cellpadding=\"0\">\n<tbody>\n<tr style=\"height: 20.00pt;\">\n<td style=\"width: 40%;\" align=\"center\"><strong>Especifica\u00e7\u00f5es<\/strong><\/td>\n<td style=\"width: 30%;\" align=\"center\"><strong>Tipo<\/strong><\/td>\n<td style=\"width: 30%;\" align=\"center\"><strong>HI-18<\/strong><\/td>\n<\/tr>\n<tr style=\"height: 20.00pt;\">\n<td style=\"width: 40%;\" align=\"center\">Modelo do Power Pack (opcional)<\/td>\n<td style=\"width: 30%;\" align=\"center\">Motor diesel\/<br \/>\nMotor el\u00e9trico<\/td>\n<td style=\"width: 30%;\" align=\"center\">DP600\/<br \/>\nEP350<\/td>\n<\/tr>\n<tr style=\"height: 20.00pt;\">\n<td style=\"width: 40%;\" align=\"center\">Energia m\u00e1xima do curso<\/td>\n<td style=\"width: 30%;\" align=\"center\">kN.m<\/td>\n<td style=\"width: 30%;\" align=\"center\">270<\/td>\n<\/tr>\n<tr style=\"height: 24.00pt;\">\n<td style=\"width: 40%;\" align=\"center\">Curso m\u00e1ximo<\/td>\n<td style=\"width: 30%;\" align=\"center\">mm<\/td>\n<td style=\"width: 30%;\" align=\"center\">1500<\/td>\n<\/tr>\n<tr style=\"height: 20.00pt;\">\n<td style=\"width: 40%;\" align=\"center\">Frequ\u00eancia (m\u00ednimo\/m\u00e1ximo)<\/td>\n<td style=\"width: 30%;\" align=\"center\">bpm<\/td>\n<td style=\"width: 30%;\" align=\"center\">30\/80<\/td>\n<\/tr>\n<tr style=\"height: 20.00pt;\">\n<td style=\"width: 40%;\" align=\"center\">Peso do carneiro<\/td>\n<td style=\"width: 30%;\" align=\"center\">kg<\/td>\n<td style=\"width: 30%;\" align=\"center\">18000<\/td>\n<\/tr>\n<tr style=\"height: 20.00pt;\">\n<td style=\"width: 40%;\" align=\"center\">Peso total (exceto a tampa)<\/td>\n<td style=\"width: 30%;\" align=\"center\">kg<\/td>\n<td style=\"width: 30%;\" align=\"center\">25535<\/td>\n<\/tr>\n<tr style=\"height: 24.00pt;\">\n<td style=\"width: 40%;\" align=\"center\">Altura total (exceto a tampa)<\/td>\n<td style=\"width: 30%;\" align=\"center\">mm<\/td>\n<td style=\"width: 30%;\" align=\"center\">5800<\/td>\n<\/tr>\n<tr style=\"height: 20.00pt;\">\n<td style=\"width: 100%; border-right: 1.0pt solid #000000;\" colspan=\"3\" align=\"center\"><strong>Modelo de conjunto de pot\u00eancia do motor diesel: DP600<\/strong><\/td>\n<\/tr>\n<tr style=\"height: 27.00pt;\">\n<td style=\"width: 40%;\" align=\"center\">Modelo de motor diesel<\/td>\n<td style=\"width: 100%; border-right: 1.0pt solid #000000;\" colspan=\"3\" align=\"center\">CUMMINS-QSX15-C600\/WEICHAI-WP15H<\/td>\n<\/tr>\n<tr style=\"height: 27.00pt;\">\n<td style=\"width: 40%;\" align=\"center\">Pot\u00eancia do motor diesel<\/td>\n<td style=\"width: 30%;\" align=\"center\">KW<\/td>\n<td style=\"width: 30%;\" align=\"center\">447\/566<\/td>\n<\/tr>\n<tr style=\"height: 20.00pt;\">\n<td style=\"width: 40%;\" align=\"center\">Press\u00e3o nominal<\/td>\n<td style=\"width: 30%;\" align=\"center\">Mpa<\/td>\n<td style=\"width: 30%;\" align=\"center\">25<\/td>\n<\/tr>\n<tr style=\"height: 15.75pt;\">\n<td style=\"width: 40%;\" align=\"center\">Fluxo m\u00e1ximo<\/td>\n<td style=\"width: 30%;\" align=\"center\">L\/min<\/td>\n<td style=\"width: 30%;\" align=\"center\">770<\/td>\n<\/tr>\n<tr style=\"height: 15.75pt;\">\n<td style=\"width: 40%;\" align=\"center\">Tanque de \u00f3leo hidr\u00e1ulico<\/td>\n<td style=\"width: 30%;\" align=\"center\">L<\/td>\n<td style=\"width: 30%;\" align=\"center\">2310<\/td>\n<\/tr>\n<tr style=\"height: 15.75pt;\">\n<td style=\"width: 40%;\" align=\"center\">Tanque de \u00f3leo diesel<\/td>\n<td style=\"width: 30%;\" align=\"center\">L<\/td>\n<td style=\"width: 30%;\" align=\"center\">750<\/td>\n<\/tr>\n<tr style=\"height: 15.75pt;\">\n<td style=\"width: 40%;\" align=\"center\">Peso l\u00edquido<\/td>\n<td style=\"width: 30%;\" align=\"center\">kg<\/td>\n<td style=\"width: 30%;\" align=\"center\">7250<\/td>\n<\/tr>\n<tr style=\"height: 20.00pt;\">\n<td style=\"width: 100%; border-right: 1.0pt solid #000000;\" colspan=\"3\" align=\"center\"><strong>Modelo de pacote de energia para motor el\u00e9trico: EP350<\/strong><\/td>\n<\/tr>\n<tr style=\"height: 27.00pt;\">\n<td style=\"width: 40%;\" align=\"center\">Pot\u00eancia do motor<\/td>\n<td style=\"width: 30%;\" align=\"center\">KW<\/td>\n<td style=\"width: 30%;\" align=\"center\">90\u00d73<\/td>\n<\/tr>\n<tr style=\"height: 20.00pt;\">\n<td style=\"width: 40%;\" align=\"center\">Press\u00e3o nominal<\/td>\n<td style=\"width: 30%;\" align=\"center\">Mpa<\/td>\n<td style=\"width: 30%;\" align=\"center\">23<\/td>\n<\/tr>\n<tr style=\"height: 15.75pt;\">\n<td style=\"width: 40%;\" align=\"center\">Fluxo m\u00e1ximo<\/td>\n<td style=\"width: 30%;\" align=\"center\">L\/min<\/td>\n<td style=\"width: 30%;\" align=\"center\">760<\/td>\n<\/tr>\n<tr style=\"height: 15.75pt;\">\n<td style=\"width: 40%;\" align=\"center\">Tanque de \u00f3leo hidr\u00e1ulico<\/td>\n<td style=\"width: 30%;\" align=\"center\">L<\/td>\n<td style=\"width: 30%;\" align=\"center\">2280<\/td>\n<\/tr>\n<tr style=\"height: 15.75pt;\">\n<td style=\"width: 40%;\" align=\"center\">Peso l\u00edquido<\/td>\n<td style=\"width: 30%;\" align=\"center\">kg<\/td>\n<td style=\"width: 30%;\" align=\"center\">6650<\/td>\n<\/tr>\n<\/tbody>\n<\/table>\n<\/div>","protected":false},"excerpt":{"rendered":"<p>O martelo hidr\u00e1ulico de impacto para estacas da s\u00e9rie Juwei HI tem uma estrutura simples, que pode elevar o n\u00facleo do martelo por meio de energia hidr\u00e1ulica e, em seguida, usar a energia potencial gravitacional para atingir a extremidade da estaca.<\/p>\n<ul>\n<li>Modelo: HI-18<\/li>\n<li>Peso do carneiro: 18 toneladas<\/li>\n<li>M\u00e1x. Energia: 270 kj<\/li>\n<li>Ado\u00e7\u00e3o de capas de estacas compostas<\/li>\n<li>Alta efici\u00eancia na utiliza\u00e7\u00e3o de energia<\/li>\n<li>F\u00e1cil de operar e manter<\/li>\n<li>O sistema hidr\u00e1ulico fornece energia<\/li>\n<\/ul>","protected":false},"featured_media":2608,"template":"","meta":{"_seopress_robots_primary_cat":"none","_seopress_titles_title":"18ton Hydraulic Impact Pile Driver Hammer for Deep Foundation","_seopress_titles_desc":"JUWEI 18ton hydraulic impact pile hammer. It's ideal for offshore projects, wind power, oil and gas platforms, bridges and various building foundations.","_seopress_robots_index":"","site-sidebar-layout":"default","site-content-layout":"","ast-site-content-layout":"default","site-content-style":"default","site-sidebar-style":"default","ast-global-header-display":"","ast-banner-title-visibility":"","ast-main-header-display":"","ast-hfb-above-header-display":"","ast-hfb-below-header-display":"","ast-hfb-mobile-header-display":"","site-post-title":"","ast-breadcrumbs-content":"","ast-featured-img":"","footer-sml-layout":"","theme-transparent-header-meta":"default","adv-header-id-meta":"","stick-header-meta":"","header-above-stick-meta":"","header-main-stick-meta":"","header-below-stick-meta":"","astra-migrate-meta-layouts":"set","ast-page-background-enabled":"default","ast-page-background-meta":{"desktop":{"background-color":"var(--ast-global-color-4)","background-image":"","background-repeat":"repeat","background-position":"center center","background-size":"auto","background-attachment":"scroll","background-type":"","background-media":"","overlay-type":"","overlay-color":"","overlay-opacity":"","overlay-gradient":""},"tablet":{"background-color":"","background-image":"","background-repeat":"repeat","background-position":"center center","background-size":"auto","background-attachment":"scroll","background-type":"","background-media":"","overlay-type":"","overlay-color":"","overlay-opacity":"","overlay-gradient":""},"mobile":{"background-color":"","background-image":"","background-repeat":"repeat","background-position":"center center","background-size":"auto","background-attachment":"scroll","background-type":"","background-media":"","overlay-type":"","overlay-color":"","overlay-opacity":"","overlay-gradient":""}},"ast-content-background-meta":{"desktop":{"background-color":"var(--ast-global-color-5)","background-image":"","background-repeat":"repeat","background-position":"center center","background-size":"auto","background-attachment":"scroll","background-type":"","background-media":"","overlay-type":"","overlay-color":"","overlay-opacity":"","overlay-gradient":""},"tablet":{"background-color":"var(--ast-global-color-5)","background-image":"","background-repeat":"repeat","background-position":"center center","background-size":"auto","background-attachment":"scroll","background-type":"","background-media":"","overlay-type":"","overlay-color":"","overlay-opacity":"","overlay-gradient":""},"mobile":{"background-color":"var(--ast-global-color-5)","background-image":"","background-repeat":"repeat","background-position":"center center","background-size":"auto","background-attachment":"scroll","background-type":"","background-media":"","overlay-type":"","overlay-color":"","overlay-opacity":"","overlay-gradient":""}}},"product_brand":[],"product_cat":[23],"product_tag":[],"class_list":{"0":"post-22614","1":"product","2":"type-product","3":"status-publish","4":"has-post-thumbnail","6":"product_cat-pile-hydraulic-impact-hammers","7":"desktop-align-left","8":"tablet-align-left","9":"mobile-align-left","11":"first","12":"instock","13":"shipping-taxable","14":"product-type-simple"},"_links":{"self":[{"href":"https:\/\/www.juweihammer.com\/pt\/wp-json\/wp\/v2\/product\/22614","targetHints":{"allow":["GET"]}}],"collection":[{"href":"https:\/\/www.juweihammer.com\/pt\/wp-json\/wp\/v2\/product"}],"about":[{"href":"https:\/\/www.juweihammer.com\/pt\/wp-json\/wp\/v2\/types\/product"}],"version-history":[{"count":4,"href":"https:\/\/www.juweihammer.com\/pt\/wp-json\/wp\/v2\/product\/22614\/revisions"}],"predecessor-version":[{"id":22622,"href":"https:\/\/www.juweihammer.com\/pt\/wp-json\/wp\/v2\/product\/22614\/revisions\/22622"}],"wp:featuredmedia":[{"embeddable":true,"href":"https:\/\/www.juweihammer.com\/pt\/wp-json\/wp\/v2\/media\/2608"}],"wp:attachment":[{"href":"https:\/\/www.juweihammer.com\/pt\/wp-json\/wp\/v2\/media?parent=22614"}],"wp:term":[{"taxonomy":"product_brand","embeddable":true,"href":"https:\/\/www.juweihammer.com\/pt\/wp-json\/wp\/v2\/product_brand?post=22614"},{"taxonomy":"product_cat","embeddable":true,"href":"https:\/\/www.juweihammer.com\/pt\/wp-json\/wp\/v2\/product_cat?post=22614"},{"taxonomy":"product_tag","embeddable":true,"href":"https:\/\/www.juweihammer.com\/pt\/wp-json\/wp\/v2\/product_tag?post=22614"}],"curies":[{"name":"wp","href":"https:\/\/api.w.org\/{rel}","templated":true}]}}