{"id":675,"date":"2024-07-02T06:05:23","date_gmt":"2024-07-02T06:05:23","guid":{"rendered":"https:\/\/juweihammer.com\/?page_id=675"},"modified":"2024-08-21T03:37:39","modified_gmt":"2024-08-21T03:37:39","slug":"our-story","status":"publish","type":"page","link":"https:\/\/www.juweihammer.com\/pt\/about-us\/our-story\/","title":{"rendered":"Nossa hist\u00f3ria"},"content":{"rendered":"<div data-elementor-type=\"wp-page\" data-elementor-id=\"675\" class=\"elementor elementor-675\" data-elementor-post-type=\"page\">\n\t\t\t\t<div class=\"elementor-element elementor-element-2f1cbbb e-flex e-con-boxed e-con e-parent\" data-id=\"2f1cbbb\" data-element_type=\"container\" data-settings=\"{&quot;background_background&quot;:&quot;gradient&quot;}\">\n\t\t\t\t\t<div class=\"e-con-inner\">\n\t\t\t\t<div class=\"elementor-element elementor-element-d6e7b24 elementor-widget elementor-widget-heading\" data-id=\"d6e7b24\" data-element_type=\"widget\" data-widget_type=\"heading.default\">\n\t\t\t\t<div class=\"elementor-widget-container\">\n\t\t\t\t\t<h2 class=\"elementor-heading-title elementor-size-default\">Nossa hist\u00f3ria - Juwei Hammer<\/h2>\t\t\t\t<\/div>\n\t\t\t\t<\/div>\n\t\t\t\t<div class=\"elementor-element elementor-element-87ae130 elementor-widget-divider--view-line elementor-widget elementor-widget-divider\" data-id=\"87ae130\" data-element_type=\"widget\" data-widget_type=\"divider.default\">\n\t\t\t\t<div class=\"elementor-widget-container\">\n\t\t\t\t\t\t\t<div class=\"elementor-divider\">\n\t\t\t<span class=\"elementor-divider-separator\">\n\t\t\t\t\t\t<\/span>\n\t\t<\/div>\n\t\t\t\t\t\t<\/div>\n\t\t\t\t<\/div>\n\t\t<div class=\"elementor-element elementor-element-b8a87ae e-con-full e-flex e-con e-child\" data-id=\"b8a87ae\" data-element_type=\"container\">\n\t\t<div class=\"elementor-element elementor-element-4799df2 e-con-full e-flex e-con e-child\" data-id=\"4799df2\" data-element_type=\"container\" data-settings=\"{&quot;background_background&quot;:&quot;classic&quot;}\">\n\t\t\t\t<div class=\"elementor-element elementor-element-7f19af9 elementor-widget elementor-widget-text-editor\" data-id=\"7f19af9\" data-element_type=\"widget\" data-widget_type=\"text-editor.default\">\n\t\t\t\t<div class=\"elementor-widget-container\">\n\t\t\t\t\t\t\t\t\t<p>Estabeleceu a Dongtai City Shipping Parts Factory e produziu o primeiro martelo de estaca a diesel, usado para a constru\u00e7\u00e3o de pontes fluviais.<\/p><p><img fetchpriority=\"high\" decoding=\"async\" class=\"size-medium wp-image-730\" src=\"https:\/\/www.juweihammer.com\/wp-content\/uploads\/2024\/07\/c.0-4-1994-300x183.webp\" alt=\"Juwei Machinery First Factory\" width=\"300\" height=\"183\" srcset=\"https:\/\/www.juweihammer.com\/wp-content\/uploads\/2024\/07\/c.0-4-1994-300x183.webp 300w, https:\/\/www.juweihammer.com\/wp-content\/uploads\/2024\/07\/c.0-4-1994-600x366.webp 600w, https:\/\/www.juweihammer.com\/wp-content\/uploads\/2024\/07\/c.0-4-1994-768x468.webp 768w, https:\/\/www.juweihammer.com\/wp-content\/uploads\/2024\/07\/c.0-4-1994-18x12.webp 18w, https:\/\/www.juweihammer.com\/wp-content\/uploads\/2024\/07\/c.0-4-1994.webp 820w\" sizes=\"(max-width: 300px) 100vw, 300px\" \/><\/p>\t\t\t\t\t\t\t\t<\/div>\n\t\t\t\t<\/div>\n\t\t\t\t<\/div>\n\t\t<div class=\"elementor-element elementor-element-5d2bd1e e-con-full e-flex e-con e-child\" data-id=\"5d2bd1e\" data-element_type=\"container\">\n\t\t\t\t<div class=\"elementor-element elementor-element-7e91fab elementor-widget elementor-widget-heading\" data-id=\"7e91fab\" data-element_type=\"widget\" data-widget_type=\"heading.default\">\n\t\t\t\t<div class=\"elementor-widget-container\">\n\t\t\t\t\t<h3 class=\"elementor-heading-title elementor-size-default\">Data: 1994<\/h3>\t\t\t\t<\/div>\n\t\t\t\t<\/div>\n\t\t\t\t<\/div>\n\t\t\t\t<\/div>\n\t\t<div class=\"elementor-element elementor-element-7bfcdea e-con-full e-flex e-con e-child\" data-id=\"7bfcdea\" data-element_type=\"container\">\n\t\t<div class=\"elementor-element elementor-element-3c8eb6b e-con-full e-flex e-con e-child\" data-id=\"3c8eb6b\" data-element_type=\"container\">\n\t\t\t\t<div class=\"elementor-element elementor-element-d359b67 elementor-widget elementor-widget-heading\" data-id=\"d359b67\" data-element_type=\"widget\" data-widget_type=\"heading.default\">\n\t\t\t\t<div class=\"elementor-widget-container\">\n\t\t\t\t\t<h3 class=\"elementor-heading-title elementor-size-default\">Data: 2001-2006<\/h3>\t\t\t\t<\/div>\n\t\t\t\t<\/div>\n\t\t\t\t<\/div>\n\t\t<div class=\"elementor-element elementor-element-b724396 e-con-full e-flex e-con e-child\" data-id=\"b724396\" data-element_type=\"container\" data-settings=\"{&quot;background_background&quot;:&quot;classic&quot;}\">\n\t\t\t\t<div class=\"elementor-element elementor-element-d421e83 elementor-widget elementor-widget-text-editor\" data-id=\"d421e83\" data-element_type=\"widget\" data-widget_type=\"text-editor.default\">\n\t\t\t\t<div class=\"elementor-widget-container\">\n\t\t\t\t\t\t\t\t\t<p>A empresa foi atualizada e mudou o nome para Jiangsu Juwei Machinery Co., Ltd, nova constru\u00e7\u00e3o 1<sup>st<\/sup>\u00a0e 2<sup>nd<\/sup> A f\u00e1brica, que cobre uma \u00e1rea de 160.000\u33a1, serve como o principal centro de fabrica\u00e7\u00e3o.<\/p><p><img decoding=\"async\" class=\"size-medium wp-image-731\" src=\"https:\/\/www.juweihammer.com\/wp-content\/uploads\/2024\/07\/c.0-5-2001-300x183.webp\" alt=\"F\u00e1brica e oficina da Juwei Machinery Now\" width=\"300\" height=\"183\" srcset=\"https:\/\/www.juweihammer.com\/wp-content\/uploads\/2024\/07\/c.0-5-2001-300x183.webp 300w, https:\/\/www.juweihammer.com\/wp-content\/uploads\/2024\/07\/c.0-5-2001-600x366.webp 600w, https:\/\/www.juweihammer.com\/wp-content\/uploads\/2024\/07\/c.0-5-2001-768x468.webp 768w, https:\/\/www.juweihammer.com\/wp-content\/uploads\/2024\/07\/c.0-5-2001-18x12.webp 18w, https:\/\/www.juweihammer.com\/wp-content\/uploads\/2024\/07\/c.0-5-2001.webp 820w\" sizes=\"(max-width: 300px) 100vw, 300px\" \/><\/p>\t\t\t\t\t\t\t\t<\/div>\n\t\t\t\t<\/div>\n\t\t\t\t<\/div>\n\t\t\t\t<\/div>\n\t\t<div class=\"elementor-element elementor-element-fb72de4 e-con-full e-flex e-con e-child\" data-id=\"fb72de4\" data-element_type=\"container\">\n\t\t<div class=\"elementor-element elementor-element-b79992e e-con-full e-flex e-con e-child\" data-id=\"b79992e\" data-element_type=\"container\" data-settings=\"{&quot;background_background&quot;:&quot;classic&quot;}\">\n\t\t\t\t<div class=\"elementor-element elementor-element-ed08c34 elementor-widget elementor-widget-text-editor\" data-id=\"ed08c34\" data-element_type=\"widget\" data-widget_type=\"text-editor.default\">\n\t\t\t\t<div class=\"elementor-widget-container\">\n\t\t\t\t\t\t\t\t\t<p>Nova constru\u00e7\u00e3o 3<sup>rd<\/sup>\u00a0F\u00e1brica, construa a PRIMEIRA e \u00daNICA Esta\u00e7\u00e3o de Teste de Martelo de Estaca na China<\/p><p><img decoding=\"async\" class=\"size-medium wp-image-776\" src=\"https:\/\/www.juweihammer.com\/wp-content\/uploads\/2024\/07\/c.0-6-2007-246x300.webp\" alt=\"A primeira plataforma de testes do martelo de estaca Juwei\" width=\"246\" height=\"300\" srcset=\"https:\/\/www.juweihammer.com\/wp-content\/uploads\/2024\/07\/c.0-6-2007-246x300.webp 246w, https:\/\/www.juweihammer.com\/wp-content\/uploads\/2024\/07\/c.0-6-2007-600x732.webp 600w, https:\/\/www.juweihammer.com\/wp-content\/uploads\/2024\/07\/c.0-6-2007-768x937.webp 768w, https:\/\/www.juweihammer.com\/wp-content\/uploads\/2024\/07\/c.0-6-2007-10x12.webp 10w, https:\/\/www.juweihammer.com\/wp-content\/uploads\/2024\/07\/c.0-6-2007.webp 820w\" sizes=\"(max-width: 246px) 100vw, 246px\" \/><\/p>\t\t\t\t\t\t\t\t<\/div>\n\t\t\t\t<\/div>\n\t\t\t\t<\/div>\n\t\t<div class=\"elementor-element elementor-element-0a0cf6a e-con-full e-flex e-con e-child\" data-id=\"0a0cf6a\" data-element_type=\"container\">\n\t\t\t\t<div class=\"elementor-element elementor-element-13b8e3e elementor-widget elementor-widget-heading\" data-id=\"13b8e3e\" data-element_type=\"widget\" data-widget_type=\"heading.default\">\n\t\t\t\t<div class=\"elementor-widget-container\">\n\t\t\t\t\t<h3 class=\"elementor-heading-title elementor-size-default\">Data: 2008<\/h3>\t\t\t\t<\/div>\n\t\t\t\t<\/div>\n\t\t\t\t<\/div>\n\t\t\t\t<\/div>\n\t\t<div class=\"elementor-element elementor-element-2e8e9cd e-con-full e-flex e-con e-child\" data-id=\"2e8e9cd\" data-element_type=\"container\">\n\t\t<div class=\"elementor-element elementor-element-94eb91a e-con-full e-flex e-con e-child\" data-id=\"94eb91a\" data-element_type=\"container\">\n\t\t\t\t<div class=\"elementor-element elementor-element-dc0efcc elementor-widget elementor-widget-heading\" data-id=\"dc0efcc\" data-element_type=\"widget\" data-widget_type=\"heading.default\">\n\t\t\t\t<div class=\"elementor-widget-container\">\n\t\t\t\t\t<h3 class=\"elementor-heading-title elementor-size-default\">Data: 2011<\/h3>\t\t\t\t<\/div>\n\t\t\t\t<\/div>\n\t\t\t\t<\/div>\n\t\t<div class=\"elementor-element elementor-element-d004f53 e-con-full e-flex e-con e-child\" data-id=\"d004f53\" data-element_type=\"container\" data-settings=\"{&quot;background_background&quot;:&quot;classic&quot;}\">\n\t\t\t\t<div class=\"elementor-element elementor-element-65d3f2d elementor-widget elementor-widget-text-editor\" data-id=\"65d3f2d\" data-element_type=\"widget\" data-widget_type=\"text-editor.default\">\n\t\t\t\t<div class=\"elementor-widget-container\">\n\t\t\t\t\t\t\t\t\t<p>P&amp;D independente da JUWEI dos primeiros martelos de estaca a diesel com resfriamento a \u00e1gua.<\/p><p><img loading=\"lazy\" decoding=\"async\" class=\"size-medium wp-image-777\" src=\"https:\/\/www.juweihammer.com\/wp-content\/uploads\/2024\/07\/c.0-7-2008-246x300.webp\" alt=\"f\u00e1brica de martelos a diesel juwei\" width=\"246\" height=\"300\" srcset=\"https:\/\/www.juweihammer.com\/wp-content\/uploads\/2024\/07\/c.0-7-2008-246x300.webp 246w, https:\/\/www.juweihammer.com\/wp-content\/uploads\/2024\/07\/c.0-7-2008-600x732.webp 600w, https:\/\/www.juweihammer.com\/wp-content\/uploads\/2024\/07\/c.0-7-2008-768x937.webp 768w, https:\/\/www.juweihammer.com\/wp-content\/uploads\/2024\/07\/c.0-7-2008-10x12.webp 10w, https:\/\/www.juweihammer.com\/wp-content\/uploads\/2024\/07\/c.0-7-2008.webp 820w\" sizes=\"(max-width: 246px) 100vw, 246px\" \/><\/p>\t\t\t\t\t\t\t\t<\/div>\n\t\t\t\t<\/div>\n\t\t\t\t<\/div>\n\t\t\t\t<\/div>\n\t\t<div class=\"elementor-element elementor-element-fc38bb7 e-con-full e-flex e-con e-child\" data-id=\"fc38bb7\" data-element_type=\"container\">\n\t\t<div class=\"elementor-element elementor-element-b7a55d9 e-con-full e-flex e-con e-child\" data-id=\"b7a55d9\" data-element_type=\"container\" data-settings=\"{&quot;background_background&quot;:&quot;classic&quot;}\">\n\t\t\t\t<div class=\"elementor-element elementor-element-d7c4cd3 elementor-widget elementor-widget-text-editor\" data-id=\"d7c4cd3\" data-element_type=\"widget\" data-widget_type=\"text-editor.default\">\n\t\t\t\t<div class=\"elementor-widget-container\">\n\t\t\t\t\t\t\t\t\t<p>Alcan\u00e7ar a parceria estrat\u00e9gica de coopera\u00e7\u00e3o com a INTERTRANS LTD<\/p><p><img loading=\"lazy\" decoding=\"async\" class=\"size-medium wp-image-778\" src=\"https:\/\/www.juweihammer.com\/wp-content\/uploads\/2024\/07\/c.0-8-2011-246x300.webp\" alt=\"Cliente da Juwei visita a f\u00e1brica\" width=\"246\" height=\"300\" srcset=\"https:\/\/www.juweihammer.com\/wp-content\/uploads\/2024\/07\/c.0-8-2011-246x300.webp 246w, https:\/\/www.juweihammer.com\/wp-content\/uploads\/2024\/07\/c.0-8-2011-600x732.webp 600w, https:\/\/www.juweihammer.com\/wp-content\/uploads\/2024\/07\/c.0-8-2011-768x937.webp 768w, https:\/\/www.juweihammer.com\/wp-content\/uploads\/2024\/07\/c.0-8-2011-10x12.webp 10w, https:\/\/www.juweihammer.com\/wp-content\/uploads\/2024\/07\/c.0-8-2011.webp 820w\" sizes=\"(max-width: 246px) 100vw, 246px\" \/><\/p>\t\t\t\t\t\t\t\t<\/div>\n\t\t\t\t<\/div>\n\t\t\t\t<\/div>\n\t\t<div class=\"elementor-element elementor-element-b51221a e-con-full e-flex e-con e-child\" data-id=\"b51221a\" data-element_type=\"container\">\n\t\t\t\t<div class=\"elementor-element elementor-element-805023c elementor-widget elementor-widget-heading\" data-id=\"805023c\" data-element_type=\"widget\" data-widget_type=\"heading.default\">\n\t\t\t\t<div class=\"elementor-widget-container\">\n\t\t\t\t\t<h3 class=\"elementor-heading-title elementor-size-default\">Data: 2012<\/h3>\t\t\t\t<\/div>\n\t\t\t\t<\/div>\n\t\t\t\t<\/div>\n\t\t\t\t<\/div>\n\t\t<div class=\"elementor-element elementor-element-a1b5ee8 e-con-full e-flex e-con e-child\" data-id=\"a1b5ee8\" data-element_type=\"container\">\n\t\t<div class=\"elementor-element elementor-element-6ce37a7 e-con-full e-flex e-con e-child\" data-id=\"6ce37a7\" data-element_type=\"container\">\n\t\t\t\t<div class=\"elementor-element elementor-element-720cbb7 elementor-widget elementor-widget-heading\" data-id=\"720cbb7\" data-element_type=\"widget\" data-widget_type=\"heading.default\">\n\t\t\t\t<div class=\"elementor-widget-container\">\n\t\t\t\t\t<h3 class=\"elementor-heading-title elementor-size-default\">Data: 2015<\/h3>\t\t\t\t<\/div>\n\t\t\t\t<\/div>\n\t\t\t\t<\/div>\n\t\t<div class=\"elementor-element elementor-element-bbaca34 e-con-full e-flex e-con e-child\" data-id=\"bbaca34\" data-element_type=\"container\" data-settings=\"{&quot;background_background&quot;:&quot;classic&quot;}\">\n\t\t\t\t<div class=\"elementor-element elementor-element-cc2afe0 elementor-widget elementor-widget-text-editor\" data-id=\"cc2afe0\" data-element_type=\"widget\" data-widget_type=\"text-editor.default\">\n\t\t\t\t<div class=\"elementor-widget-container\">\n\t\t\t\t\t\t\t\t\t<p>A JUWEI lan\u00e7a o primeiro P&amp;D independente de martelo de impacto hidr\u00e1ulico com haste guia na China<\/p><p><img loading=\"lazy\" decoding=\"async\" class=\"size-medium wp-image-795\" src=\"https:\/\/www.juweihammer.com\/wp-content\/uploads\/2024\/07\/c.0-9-2015-300x183.webp\" alt=\"Martelo de impacto hidr\u00e1ulico de P&amp;D do fabricante Juwei\" width=\"300\" height=\"183\" srcset=\"https:\/\/www.juweihammer.com\/wp-content\/uploads\/2024\/07\/c.0-9-2015-300x183.webp 300w, https:\/\/www.juweihammer.com\/wp-content\/uploads\/2024\/07\/c.0-9-2015-600x366.webp 600w, https:\/\/www.juweihammer.com\/wp-content\/uploads\/2024\/07\/c.0-9-2015-768x468.webp 768w, https:\/\/www.juweihammer.com\/wp-content\/uploads\/2024\/07\/c.0-9-2015-18x12.webp 18w, https:\/\/www.juweihammer.com\/wp-content\/uploads\/2024\/07\/c.0-9-2015.webp 820w\" sizes=\"(max-width: 300px) 100vw, 300px\" \/><\/p>\t\t\t\t\t\t\t\t<\/div>\n\t\t\t\t<\/div>\n\t\t\t\t<\/div>\n\t\t\t\t<\/div>\n\t\t<div class=\"elementor-element elementor-element-8679b0c e-con-full e-flex e-con e-child\" data-id=\"8679b0c\" data-element_type=\"container\">\n\t\t<div class=\"elementor-element elementor-element-34477ba e-con-full e-flex e-con e-child\" data-id=\"34477ba\" data-element_type=\"container\" data-settings=\"{&quot;background_background&quot;:&quot;classic&quot;}\">\n\t\t\t\t<div class=\"elementor-element elementor-element-608fa1a elementor-widget elementor-widget-text-editor\" data-id=\"608fa1a\" data-element_type=\"widget\" data-widget_type=\"text-editor.default\">\n\t\t\t\t<div class=\"elementor-widget-container\">\n\t\t\t\t\t\t\t\t\t<p>Atualize o martelo a diesel tradicional com um sistema operacional inteligente, permitindo a inspe\u00e7\u00e3o de bate-estacas em tempo real com inicializa\u00e7\u00e3o autom\u00e1tica.<\/p><p><img loading=\"lazy\" decoding=\"async\" class=\"size-medium wp-image-796\" src=\"https:\/\/www.juweihammer.com\/wp-content\/uploads\/2024\/07\/c.0-10-2022-246x300.webp\" alt=\"Juwei atualiza o sistema inteligente do martelo a diesel\" width=\"246\" height=\"300\" srcset=\"https:\/\/www.juweihammer.com\/wp-content\/uploads\/2024\/07\/c.0-10-2022-246x300.webp 246w, https:\/\/www.juweihammer.com\/wp-content\/uploads\/2024\/07\/c.0-10-2022-600x732.webp 600w, https:\/\/www.juweihammer.com\/wp-content\/uploads\/2024\/07\/c.0-10-2022-768x937.webp 768w, https:\/\/www.juweihammer.com\/wp-content\/uploads\/2024\/07\/c.0-10-2022-10x12.webp 10w, https:\/\/www.juweihammer.com\/wp-content\/uploads\/2024\/07\/c.0-10-2022.webp 820w\" sizes=\"(max-width: 246px) 100vw, 246px\" \/><\/p>\t\t\t\t\t\t\t\t<\/div>\n\t\t\t\t<\/div>\n\t\t\t\t<\/div>\n\t\t<div class=\"elementor-element elementor-element-3ced72d e-con-full e-flex e-con e-child\" data-id=\"3ced72d\" data-element_type=\"container\">\n\t\t\t\t<div class=\"elementor-element elementor-element-011a30b elementor-widget elementor-widget-heading\" data-id=\"011a30b\" data-element_type=\"widget\" data-widget_type=\"heading.default\">\n\t\t\t\t<div class=\"elementor-widget-container\">\n\t\t\t\t\t<h3 class=\"elementor-heading-title elementor-size-default\">Data: 2020<\/h3>\t\t\t\t<\/div>\n\t\t\t\t<\/div>\n\t\t\t\t<\/div>\n\t\t\t\t<\/div>\n\t\t<div class=\"elementor-element elementor-element-068ca2e e-con-full e-flex e-con e-child\" data-id=\"068ca2e\" data-element_type=\"container\">\n\t\t<div class=\"elementor-element elementor-element-2361473 e-con-full e-flex e-con e-child\" data-id=\"2361473\" data-element_type=\"container\">\n\t\t\t\t<div class=\"elementor-element elementor-element-ecab859 elementor-widget elementor-widget-heading\" data-id=\"ecab859\" data-element_type=\"widget\" data-widget_type=\"heading.default\">\n\t\t\t\t<div class=\"elementor-widget-container\">\n\t\t\t\t\t<h3 class=\"elementor-heading-title elementor-size-default\">Data: 2024<\/h3>\t\t\t\t<\/div>\n\t\t\t\t<\/div>\n\t\t\t\t<\/div>\n\t\t<div class=\"elementor-element elementor-element-4d9ffb0 e-con-full e-flex e-con e-child\" data-id=\"4d9ffb0\" data-element_type=\"container\" data-settings=\"{&quot;background_background&quot;:&quot;classic&quot;}\">\n\t\t\t\t<div class=\"elementor-element elementor-element-94373a6 elementor-widget elementor-widget-text-editor\" data-id=\"94373a6\" data-element_type=\"widget\" data-widget_type=\"text-editor.default\">\n\t\t\t\t<div class=\"elementor-widget-container\">\n\t\t\t\t\t\t\t\t\t<p>O 4\u00ba martelo hidr\u00e1ulico de estaca \u00e9 equipado com dispositivo de amortecimento e silenciador, adequado para a constru\u00e7\u00e3o de moradias urbanas e rodovias.<\/p><p><img loading=\"lazy\" decoding=\"async\" class=\"size-medium wp-image-797\" src=\"https:\/\/www.juweihammer.com\/wp-content\/uploads\/2024\/07\/c.0-11-2024-246x300.webp\" alt=\"Funcionamento do martelo hidr\u00e1ulico de impacto Juwei\" width=\"246\" height=\"300\" srcset=\"https:\/\/www.juweihammer.com\/wp-content\/uploads\/2024\/07\/c.0-11-2024-246x300.webp 246w, https:\/\/www.juweihammer.com\/wp-content\/uploads\/2024\/07\/c.0-11-2024-600x732.webp 600w, https:\/\/www.juweihammer.com\/wp-content\/uploads\/2024\/07\/c.0-11-2024-768x937.webp 768w, https:\/\/www.juweihammer.com\/wp-content\/uploads\/2024\/07\/c.0-11-2024-10x12.webp 10w, https:\/\/www.juweihammer.com\/wp-content\/uploads\/2024\/07\/c.0-11-2024.webp 820w\" sizes=\"(max-width: 246px) 100vw, 246px\" \/><\/p>\t\t\t\t\t\t\t\t<\/div>\n\t\t\t\t<\/div>\n\t\t\t\t<\/div>\n\t\t\t\t<\/div>\n\t\t\t\t\t<\/div>\n\t\t\t\t<\/div>\n\t\t\t\t<section class=\"elementor-section elementor-top-section elementor-element elementor-element-437f84ba custom-ele-section-css elementor-section-boxed elementor-section-height-default elementor-section-height-default\" data-id=\"437f84ba\" data-element_type=\"section\" data-settings=\"{&quot;background_background&quot;:&quot;classic&quot;}\">\n\t\t\t\t\t\t\t<div class=\"elementor-background-overlay\"><\/div>\n\t\t\t\t\t\t\t<div class=\"elementor-container elementor-column-gap-default\">\n\t\t\t\t\t<div class=\"elementor-column elementor-col-100 elementor-top-column elementor-element elementor-element-6bfabab8\" data-id=\"6bfabab8\" data-element_type=\"column\">\n\t\t\t<div class=\"elementor-widget-wrap elementor-element-populated\">\n\t\t\t\t\t\t<div class=\"elementor-element elementor-element-fde0ae elementor-invisible elementor-widget elementor-widget-heading\" data-id=\"fde0ae\" data-element_type=\"widget\" data-settings=\"{&quot;_animation&quot;:&quot;fadeInUp&quot;}\" data-widget_type=\"heading.default\">\n\t\t\t\t<div class=\"elementor-widget-container\">\n\t\t\t\t\t<h2 class=\"elementor-heading-title elementor-size-default\">Obtenha cota\u00e7\u00f5es de solu\u00e7\u00f5es ou torne-se um distribuidor<\/h2>\t\t\t\t<\/div>\n\t\t\t\t<\/div>\n\t\t\t\t<div class=\"elementor-element elementor-element-76b7822 elementor-widget__width-initial elementor-widget elementor-widget-text-editor\" data-id=\"76b7822\" data-element_type=\"widget\" data-widget_type=\"text-editor.default\">\n\t\t\t\t<div class=\"elementor-widget-container\">\n\t\t\t\t\t\t\t\t\t<p>Nossa busca inabal\u00e1vel pela excel\u00eancia n\u00e3o se limita aos nossos equipamentos de martelo para bate-estaca. Tamb\u00e9m estamos buscando revendedores que possuam essas mesmas qualidades. Os revendedores da Juwei est\u00e3o focados em estabelecer parcerias duradouras.<\/p>\t\t\t\t\t\t\t\t<\/div>\n\t\t\t\t<\/div>\n\t\t\t\t<div class=\"elementor-element elementor-element-3a707a71 elementor-widget elementor-widget-spacer\" data-id=\"3a707a71\" data-element_type=\"widget\" data-widget_type=\"spacer.default\">\n\t\t\t\t<div class=\"elementor-widget-container\">\n\t\t\t\t\t\t\t<div class=\"elementor-spacer\">\n\t\t\t<div class=\"elementor-spacer-inner\"><\/div>\n\t\t<\/div>\n\t\t\t\t\t\t<\/div>\n\t\t\t\t<\/div>\n\t\t\t\t<div class=\"elementor-element elementor-element-aa3b526 elementor-align-center elementor-tablet-align-center elementor-mobile-align-center elementor-widget elementor-widget-button\" data-id=\"aa3b526\" data-element_type=\"widget\" data-settings=\"{&quot;_animation&quot;:&quot;none&quot;}\" data-widget_type=\"button.default\">\n\t\t\t\t<div class=\"elementor-widget-container\">\n\t\t\t\t\t\t\t\t\t<div class=\"elementor-button-wrapper\">\n\t\t\t\t\t<a class=\"elementor-button elementor-button-link elementor-size-sm elementor-animation-bob\" href=\"#elementor-action%3Aaction%3Dpopup%3Aopen%26settings%3DeyJpZCI6IjMxNzgiLCJ0b2dnbGUiOmZhbHNlfQ%3D%3D\">\n\t\t\t\t\t\t<span class=\"elementor-button-content-wrapper\">\n\t\t\t\t\t\t<span class=\"elementor-button-icon\">\n\t\t\t\t<svg aria-hidden=\"true\" class=\"e-font-icon-svg e-fas-caret-right\" viewbox=\"0 0 192 512\" xmlns=\"http:\/\/www.w3.org\/2000\/svg\"><path d=\"M0 384.662V127.338c0-17.818 21.543-26.741 34.142-14.142l128.662 128.662c7.81 7.81 7.81 20.474 0 28.284L34.142 398.804C21.543 411.404 0 402.48 0 384.662z\"><\/path><\/svg>\t\t\t<\/span>\n\t\t\t\t\t\t\t\t\t<span class=\"elementor-button-text\">Obter cota\u00e7\u00f5es \/ Tornar-se ag\u00eancias<\/span>\n\t\t\t\t\t<\/span>\n\t\t\t\t\t<\/a>\n\t\t\t\t<\/div>\n\t\t\t\t\t\t\t\t<\/div>\n\t\t\t\t<\/div>\n\t\t\t\t\t<\/div>\n\t\t<\/div>\n\t\t\t\t\t<\/div>\n\t\t<\/section>\n\t\t\t\t<\/div>","protected":false},"excerpt":{"rendered":"<p>Nossa hist\u00f3ria - Juwei Hammer Criou a Dongtai City Shipping Parts Factory e produziu o primeiro martelo a diesel para estacas, usado para [...]<\/p>","protected":false},"author":1,"featured_media":0,"parent":23,"menu_order":1,"comment_status":"closed","ping_status":"closed","template":"","meta":{"_seopress_robots_primary_cat":"","_seopress_titles_title":"Development History - Juwei Machinery Pile Driving Equipment","_seopress_titles_desc":"Learn more about the development story of Juwei Machinery. Embark on a new chapter in the field of pile driving with JUWEI","_seopress_robots_index":"","site-sidebar-layout":"default","site-content-layout":"","ast-site-content-layout":"","site-content-style":"default","site-sidebar-style":"default","ast-global-header-display":"","ast-banner-title-visibility":"","ast-main-header-display":"","ast-hfb-above-header-display":"","ast-hfb-below-header-display":"","ast-hfb-mobile-header-display":"","site-post-title":"","ast-breadcrumbs-content":"","ast-featured-img":"","footer-sml-layout":"","theme-transparent-header-meta":"","adv-header-id-meta":"","stick-header-meta":"","header-above-stick-meta":"","header-main-stick-meta":"","header-below-stick-meta":"","astra-migrate-meta-layouts":"default","ast-page-background-enabled":"default","ast-page-background-meta":{"desktop":{"background-color":"var(--ast-global-color-4)","background-image":"","background-repeat":"repeat","background-position":"center center","background-size":"auto","background-attachment":"scroll","background-type":"","background-media":"","overlay-type":"","overlay-color":"","overlay-opacity":"","overlay-gradient":""},"tablet":{"background-color":"","background-image":"","background-repeat":"repeat","background-position":"center center","background-size":"auto","background-attachment":"scroll","background-type":"","background-media":"","overlay-type":"","overlay-color":"","overlay-opacity":"","overlay-gradient":""},"mobile":{"background-color":"","background-image":"","background-repeat":"repeat","background-position":"center center","background-size":"auto","background-attachment":"scroll","background-type":"","background-media":"","overlay-type":"","overlay-color":"","overlay-opacity":"","overlay-gradient":""}},"ast-content-background-meta":{"desktop":{"background-color":"var(--ast-global-color-5)","background-image":"","background-repeat":"repeat","background-position":"center center","background-size":"auto","background-attachment":"scroll","background-type":"","background-media":"","overlay-type":"","overlay-color":"","overlay-opacity":"","overlay-gradient":""},"tablet":{"background-color":"var(--ast-global-color-5)","background-image":"","background-repeat":"repeat","background-position":"center center","background-size":"auto","background-attachment":"scroll","background-type":"","background-media":"","overlay-type":"","overlay-color":"","overlay-opacity":"","overlay-gradient":""},"mobile":{"background-color":"var(--ast-global-color-5)","background-image":"","background-repeat":"repeat","background-position":"center center","background-size":"auto","background-attachment":"scroll","background-type":"","background-media":"","overlay-type":"","overlay-color":"","overlay-opacity":"","overlay-gradient":""}},"footnotes":""},"class_list":["post-675","page","type-page","status-publish","hentry"],"_links":{"self":[{"href":"https:\/\/www.juweihammer.com\/pt\/wp-json\/wp\/v2\/pages\/675","targetHints":{"allow":["GET"]}}],"collection":[{"href":"https:\/\/www.juweihammer.com\/pt\/wp-json\/wp\/v2\/pages"}],"about":[{"href":"https:\/\/www.juweihammer.com\/pt\/wp-json\/wp\/v2\/types\/page"}],"author":[{"embeddable":true,"href":"https:\/\/www.juweihammer.com\/pt\/wp-json\/wp\/v2\/users\/1"}],"replies":[{"embeddable":true,"href":"https:\/\/www.juweihammer.com\/pt\/wp-json\/wp\/v2\/comments?post=675"}],"version-history":[{"count":161,"href":"https:\/\/www.juweihammer.com\/pt\/wp-json\/wp\/v2\/pages\/675\/revisions"}],"predecessor-version":[{"id":7660,"href":"https:\/\/www.juweihammer.com\/pt\/wp-json\/wp\/v2\/pages\/675\/revisions\/7660"}],"up":[{"embeddable":true,"href":"https:\/\/www.juweihammer.com\/pt\/wp-json\/wp\/v2\/pages\/23"}],"wp:attachment":[{"href":"https:\/\/www.juweihammer.com\/pt\/wp-json\/wp\/v2\/media?parent=675"}],"curies":[{"name":"wp","href":"https:\/\/api.w.org\/{rel}","templated":true}]}}