{"id":2576,"date":"2024-07-24T06:14:29","date_gmt":"2024-07-24T06:14:29","guid":{"rendered":"https:\/\/www.juweihammer.com\/?post_type=product&#038;p=2576"},"modified":"2024-11-08T02:45:14","modified_gmt":"2024-11-08T02:45:14","slug":"dd55-guide-rod-pile-diesel-hammer-for-concrete-sheet","status":"publish","type":"product","link":"https:\/\/www.juweihammer.com\/pl\/produkt\/dd55-guide-rod-pile-diesel-hammer-for-concrete-sheet\/","title":{"rendered":"DD55 M\u0142ot spalinowy z pr\u0119tem prowadz\u0105cym do p\u0142yt betonowych"},"content":{"rendered":"<p><span data-slate-fragment=\"JTVCJTdCJTIydHlwZSUyMiUzQSUyMnBhcmFncmFwaCUyMiUyQyUyMmNoaWxkcmVuJTIyJTNBJTVCJTdCJTIyaWQlMjIlM0ElMjJCWnlwQWdqNVF6JTIyJTJDJTIycGFyYUlkeCUyMiUzQTAlMkMlMjJzcmMlMjIlM0ElMjJKdXdlaSUyMGlzJTIwdGhlJTIwdG9wJTIwMSUyMG1hbnVmYWN0dXJlcnMlMjBhbmQlMjBzdXBwbGllcnMlMjBvZiUyMEREJTIwcmFpbCUyMGhhbW1lcnMlMjBpbiUyMENoaW5hJTIyJTJDJTIyZHN0JTIyJTNBJTIyJUU1JUI3JUE4JUU1JUE4JTgxJUU2JTk4JUFGJUU0JUI4JUFEJUU1JTlCJUJEREQlRTklOTIlQTIlRTglQkQlQTglRTklOTQlQTQlRTclOUElODQlRTclQUMlQUMlRTQlQjglODAlRTUlQTQlQTclRTUlODglQjYlRTklODAlQTAlRTUlOTUlODYlRTUlOTIlOEMlRTQlQkUlOUIlRTUlQkElOTQlRTUlOTUlODYlMjIlMkMlMjJtZXRhZGF0YSUyMiUzQSUyMiUyMiUyQyUyMm1ldGFEYXRhJTIyJTNBJTVCJTVEJTJDJTIydGV4dCUyMiUzQSUyMkp1d2VpJTIwaXMlMjB0aGUlMjB0b3AlMjAxJTIwbWFudWZhY3R1cmVycyUyMGFuZCUyMHN1cHBsaWVycyUyMG9mJTIwREQlMjByYWlsJTIwaGFtbWVycyUyMGluJTIwQ2hpbmElMjIlN0QlNUQlN0QlNUQ=\">Juwei jest czo\u0142owym producentem i dostawc\u0105 wysokopr\u0119\u017cnych m\u0142ot\u00f3w udarowych DD w Chinach. <\/span>M\u0142oty udarowe Juwei serii DD maj\u0105 ponad 30-letnie do\u015bwiadczenie w projektowaniu, produkcji i zastosowaniu. <span style=\"color: #0000ff;\"><strong>Kliknij przycisk \"Fabryka\", aby dowiedzie\u0107 si\u0119 wi\u0119cej!<\/strong><\/span><\/p>\n<p><strong>M\u0142ot spalinowy z dr\u0105\u017ckiem prowadz\u0105cym D mo\u017cna podzieli\u0107 na lekkie, \u015brednie i ci\u0119\u017ckie.<\/strong><\/p>\n<p><strong><b>Model \u015bwiat\u0142a #<\/b><\/strong><\/p>\n<p>Model obejmuje: DD4, DD6, DD12, DD18, DD25, DD30<\/p>\n<p>Lekki m\u0142ot spalinowy z dr\u0105\u017ckiem prowadz\u0105cym jest przeznaczony do wbijania pod ziemi\u0119 pali \u017celbetowych, metalowych, drewnianych i grodzic. To wielofunkcyjne urz\u0105dzenie ma kluczowe znaczenie w r\u00f3\u017cnych zastosowaniach budowlanych, w tym:<\/p>\n<ul>\n<li>Projekty in\u017cynierii elektroenergetycznej<\/li>\n<li>Fundacja Przemys\u0142u Naftowego i Gazowniczego<\/li>\n<li>Budowa fundament\u00f3w i platform dla budynk\u00f3w przemys\u0142owych i cywilnych<\/li>\n<\/ul>\n<p>Ten sprz\u0119t do wbijania pali jest zwykle instalowany na maszynach g\u0105sienicowych i ko\u0142owych. Modernizacja \u017curawi g\u0105sienicowych i koparek obejmuje instalacj\u0119 pali w celu osi\u0105gni\u0119cia wydajnej pracy.<\/p>\n<p>G\u0142\u00f3wne cechy tego lekkiego sprz\u0119tu do wbijania pali to ogromna si\u0142a uderzenia i trwa\u0142e pier\u015bcienie t\u0142okowe. M\u0142ot ten jest szeroko eksportowany do region\u00f3w takich jak Rosja, Indonezja, Filipiny, Afryka i Azja Po\u0142udniowo-Wschodnia, a jego niezawodno\u015b\u0107 i wydajno\u015b\u0107 zosta\u0142y docenione.<\/p>\n<p><strong># Model \u015bredni<\/strong><\/p>\n<p>Modele obejmuj\u0105: DD35, DD45, DD55, DD65, DD75, DD85, DD105<\/p>\n<p>\u015aredni m\u0142ot do wbijania pali z pr\u0119tem prowadz\u0105cym nadaje si\u0119 do wbijania r\u00f3\u017cnego rodzaju pali, w tym pali \u017celbetowych, pali stalowych, grodzic, belek dwuteowych, pali okr\u0105g\u0142ych, pali kwadratowych i pali drewnianych. Ten \u015bredniej wielko\u015bci sprz\u0119t do wbijania pali jest bardzo odpowiedni do fundament\u00f3w i konstrukcji wsporczych w nast\u0119puj\u0105cych dziedzinach:<\/p>\n<ul>\n<li>Przemys\u0142 naftowy i gazowy<\/li>\n<li>Elektryczno\u015b\u0107 i energia<\/li>\n<li>Przemys\u0142<\/li>\n<li>in\u017cynieria l\u0105dowa<\/li>\n<li>in\u017cynieria hydrauliczna<\/li>\n<\/ul>\n<p>Ten m\u0142ot kafarowy jest kompatybilny z \u017curawiami g\u0105sienicowymi, koparkami, kafarami z masztami, kafarami p\u0142ywaj\u0105cymi i kafarami krocz\u0105cymi oraz charakteryzuje si\u0119 wszechstronno\u015bci\u0105 i wydajno\u015bci\u0105.<br \/>\nNasze m\u0142oty spalinowe DD s\u0105 szeroko eksportowane do Azji Po\u0142udniowo-Wschodniej, Bliskiego Wschodu, Europy, Afryki i Ameryki Po\u0142udniowej.<\/p>\n<p><strong>#Heavy Model<\/strong><\/p>\n<p>Modele obejmuj\u0105: DD128, DD160, DD180, DD200, DD220, DD300, DD350, DD400, DD450, DD500<\/p>\n<p>Ci\u0119\u017cki m\u0142ot spalinowy DD ma najci\u0119\u017cszy element udarowy, co czyni go najbardziej wydajnym sprz\u0119tem do wbijania pali. Jest to idealny wyb\u00f3r do nast\u0119puj\u0105cych cel\u00f3w:<\/p>\n<ul>\n<li><span data-slate-fragment=\"JTVCJTdCJTIydHlwZSUyMiUzQSUyMnBhcmFncmFwaCUyMiUyQyUyMmNoaWxkcmVuJTIyJTNBJTVCJTdCJTIyaWQlMjIlM0ElMjJlRU5SazlnUjdWJTIyJTJDJTIycGFyYUlkeCUyMiUzQTElMkMlMjJzcmMlMjIlM0ElMjJPZmZzaG9yZSUyME9wZXJhdGlvbnMlMjIlMkMlMjJkc3QlMjIlM0ElMjJPZmZzaG9yZSUyME9wZXJhdGlvbnMlMjIlMkMlMjJtZXRhZGF0YSUyMiUzQSUyMiUyMiUyQyUyMm1ldGFEYXRhJTIyJTNBJTVCJTVEJTJDJTIydGV4dCUyMiUzQSUyMk9mZnNob3JlJTIwT3BlcmF0aW9ucyUyMiU3RCU1RCU3RCU1RA==\">Operacje na morzu<\/span><\/li>\n<li><span data-slate-fragment=\"JTVCJTdCJTIydHlwZSUyMiUzQSUyMnBhcmFncmFwaCUyMiUyQyUyMmNoaWxkcmVuJTIyJTNBJTVCJTdCJTIyaWQlMjIlM0ElMjJCbzEwNjRQMG5WJTIyJTJDJTIycGFyYUlkeCUyMiUzQTIlMkMlMjJzcmMlMjIlM0ElMjJPZmZzaG9yZSUyMERyaWxsaW5nJTIwUGxhdGZvcm1zJTIyJTJDJTIyZHN0JTIyJTNBJTIyT2Zmc2hvcmUlMjBEcmlsbGluZyUyMFBsYXRmb3JtcyUyMiUyQyUyMm1ldGFkYXRhJTIyJTNBJTIyJTIyJTJDJTIybWV0YURhdGElMjIlM0ElNUIlNUQlMkMlMjJ0ZXh0JTIyJTNBJTIyT2Zmc2hvcmUlMjBEcmlsbGluZyUyMFBsYXRmb3JtcyUyMiU3RCU1RCU3RCU1RA==\">Morskie platformy wiertnicze<\/span><\/li>\n<li><span data-slate-fragment=\"JTVCJTdCJTIydHlwZSUyMiUzQSUyMnBhcmFncmFwaCUyMiUyQyUyMmNoaWxkcmVuJTIyJTNBJTVCJTdCJTIyaWQlMjIlM0ElMjJWMHJZOW9MWUFCJTIyJTJDJTIycGFyYUlkeCUyMiUzQTMlMkMlMjJzcmMlMjIlM0ElMjJEZWVwd2F0ZXIlMjBQb3J0cyUyMiUyQyUyMmRzdCUyMiUzQSUyMkRlZXB3YXRlciUyMFBvcnRzJTIyJTJDJTIybWV0YWRhdGElMjIlM0ElMjIlMjIlMkMlMjJtZXRhRGF0YSUyMiUzQSU1QiU1RCUyQyUyMnRleHQlMjIlM0ElMjJEZWVwd2F0ZXIlMjBQb3J0cyUyMiU3RCU1RCU3RCU1RA==\">Porty g\u0142\u0119bokowodne<\/span><\/li>\n<li><span data-slate-fragment=\"JTVCJTdCJTIydHlwZSUyMiUzQSUyMnBhcmFncmFwaCUyMiUyQyUyMmNoaWxkcmVuJTIyJTNBJTVCJTdCJTIyaWQlMjIlM0ElMjJlSlJHNGdPR0RlJTIyJTJDJTIycGFyYUlkeCUyMiUzQTQlMkMlMjJzcmMlMjIlM0ElMjJCcmlkZ2UlMjBDb25zdHJ1Y3Rpb24lMjIlMkMlMjJkc3QlMjIlM0ElMjJCcmlkZ2UlMjBDb25zdHJ1Y3Rpb24lMjIlMkMlMjJtZXRhZGF0YSUyMiUzQSUyMiUyMiUyQyUyMm1ldGFEYXRhJTIyJTNBJTVCJTVEJTJDJTIydGV4dCUyMiUzQSUyMkJyaWRnZSUyMENvbnN0cnVjdGlvbiUyMiU3RCU1RCU3RCU1RA==\">Budowa mostu<\/span><\/li>\n<li><span data-slate-fragment=\"JTVCJTdCJTIydHlwZSUyMiUzQSUyMnBhcmFncmFwaCUyMiUyQyUyMmNoaWxkcmVuJTIyJTNBJTVCJTdCJTIyaWQlMjIlM0ElMjJCWHd5RFBPeTd6JTIyJTJDJTIycGFyYUlkeCUyMiUzQTUlMkMlMjJzcmMlMjIlM0ElMjJCb3RoJTIwVGVycmVzdHJpYWwlMjBhbmQlMjBBcXVhdGljJTIwQnVpbGRpbmclMjBQcm9qZWN0cyUyMiUyQyUyMmRzdCUyMiUzQSUyMkJvdGglMjBUZXJyZXN0cmlhbCUyMGFuZCUyMEFxdWF0aWMlMjBCdWlsZGluZyUyMFByb2plY3RzJTIyJTJDJTIybWV0YWRhdGElMjIlM0ElMjIlMjIlMkMlMjJtZXRhRGF0YSUyMiUzQSU1QiU1RCUyQyUyMnRleHQlMjIlM0ElMjJUZXJyZXN0cmlhbCUyMGFuZCUyMEFxdWF0aWMlMjBCdWlsZGluZyUyMFByb2plY3RzJTIyJTdEJTVEJTdEJTVE\">Projekty budynk\u00f3w l\u0105dowych i wodnych<\/span><\/li>\n<\/ul>\n<p>Nasze ci\u0119\u017ckie m\u0142oty spalinowe s\u0105 szeroko stosowane w Ameryce P\u00f3\u0142nocnej, Ameryce Po\u0142udniowej, na Bliskim Wschodzie, w Azji, Afryce, Europie, Rosji i Turcji.<br \/>\nDD-128 i DD-200: wyposa\u017cone w dwie szyny prowadz\u0105ce do przemieszczania element\u00f3w udarowych.<br \/>\nDD-300 i ci\u0119\u017csze modele: przy u\u017cyciu czterech szyn prowadz\u0105cych, mog\u0105 by\u0107 uk\u0142adane w stos z nachyleniem 1:3.<\/p>\n<p><span style=\"color: #0000ff;\"><strong>Kliknij przycisk \"Szczeg\u00f3\u0142y serii DD\", aby dowiedzie\u0107 si\u0119 wi\u0119cej!<\/strong><\/span><\/p>\n<p><strong>1TP5Rozwi\u0105zania niestandardowe:<\/strong><\/p>\n<p>Nasz zesp\u00f3\u0142 in\u017cynier\u00f3w mo\u017ce dostosowa\u0107 rozwi\u0105zania w oparciu o sytuacj\u0119 projektu. Mo\u017cesz dostarczy\u0107 raport dotycz\u0105cy adresu gruntu, typ pala i sprz\u0119t do wbijania pali. Zapewniamy m\u0142ot walcowy, kt\u00f3ry jest zgodny z projektem.<\/p>\n<p><strong>#Pakowanie i transport<\/strong>:<\/p>\n<p>Opakowanie: Korzystanie z eksportowych standardowych stalowych narz\u0119dzi transportowych do pakowania<br \/>\nTransport: transport kontenerowy 20GP lub 40GP<\/p>\n<p><strong>#Specyfikacja:<\/strong><\/p>\n<style>\n    .table-container {<br \/>        overflow-x: auto;<br \/>        margin: 0 auto;<br \/>    }<br \/>    table {<br \/>        width: 100%;<br \/>        border-collapse: collapse;<br \/>    }<br \/>    th, td {<br \/>        padding: 8px;<br \/>        border: 1px solid #ddd;<br \/>        text-align: left;<br \/>    }<br \/>    @media screen and (max-width: 600px) {<br \/>        table, thead, tbody, th, td, tr {<br \/>            display: block;<br \/>            width: 100%;<br \/>        }<br \/>        thead tr {<br \/>            display: none;<br \/>        }<br \/>        tr {<br \/>            margin-bottom: 15px;<br \/>        }<br \/>        td {<br \/>            text-align: right;<br \/>            padding-left: 50%;<br \/>            position: relative;<br \/>        }<br \/>        td:before {<br \/>            content: attr(data-label);<br \/>            position: absolute;<br \/>            left: 0;<br \/>            width: 50%;<br \/>            padding-left: 10px;<br \/>            font-weight: bold;<br \/>            text-align: left;<br \/>        }<br \/>    }<br \/><\/style>\n<div class=\"table-container\">\n<table>\n<thead>\n<tr>\n<th>Specyfikacje<\/th>\n<th>Typ<\/th>\n<th>DD55<\/th>\n<\/tr>\n<\/thead>\n<tbody>\n<tr>\n<td data-label=\"Specifications\">Masa z\u0142o\u017cona cylindra<\/td>\n<td data-label=\"Type\">kg<\/td>\n<td data-label=\"DD25\">5500<\/td>\n<\/tr>\n<tr>\n<td data-label=\"Specifications\">Maks. Skok cylindra<\/td>\n<td data-label=\"Type\">m<\/td>\n<td data-label=\"DD25\">3<\/td>\n<\/tr>\n<tr>\n<td data-label=\"Specifications\">Cz\u0119stotliwo\u015b\u0107<\/td>\n<td data-label=\"Type\">min-l<\/td>\n<td data-label=\"DD25\">38~50<\/td>\n<\/tr>\n<tr>\n<td data-label=\"Specifications\">Max. Energia<\/td>\n<td data-label=\"Type\">kj<\/td>\n<td data-label=\"DD25\">165<\/td>\n<\/tr>\n<tr>\n<td data-label=\"Specifications\">Zu\u017cycie oleju<\/td>\n<td data-label=\"Type\">L\/h<\/td>\n<td data-label=\"DD25\">16<\/td>\n<\/tr>\n<tr>\n<td data-label=\"Specifications\">Si\u0142a eksplozji stosu<\/td>\n<td data-label=\"Type\">KN<\/td>\n<td data-label=\"DD25\">1690<\/td>\n<\/tr>\n<tr>\n<td data-label=\"Specifications\">Wsp\u00f3\u0142czynnik redukcji<\/td>\n<td data-label=\"Type\"><\/td>\n<td data-label=\"DD25\">22<\/td>\n<\/tr>\n<tr>\n<td data-label=\"Specifications\">Masa m\u0142ota<\/td>\n<td data-label=\"Type\">kg<\/td>\n<td data-label=\"DD25\">9800<\/td>\n<\/tr>\n<tr>\n<td data-label=\"Specifications\">Odleg\u0142o\u015b\u0107 przewodnika<\/td>\n<td data-label=\"Type\">mm<\/td>\n<td data-label=\"DD25\">330<\/td>\n<\/tr>\n<\/tbody>\n<\/table>\n<h2>DD55 M\u0142ot palowy z pr\u0119tem prowadz\u0105cym Opakowanie<\/h2>\n<p><img fetchpriority=\"high\" decoding=\"async\" class=\"size-full wp-image-11327\" src=\"https:\/\/www.juweihammer.com\/wp-content\/uploads\/2024\/09\/DD-guide-rod-diesel-hammer-packaging.webp\" alt=\"DD dr\u0105\u017cek prowadz\u0105cy m\u0142ot z silnikiem wysokopr\u0119\u017cnym\" width=\"975\" height=\"696\" srcset=\"https:\/\/www.juweihammer.com\/wp-content\/uploads\/2024\/09\/DD-guide-rod-diesel-hammer-packaging.webp 975w, https:\/\/www.juweihammer.com\/wp-content\/uploads\/2024\/09\/DD-guide-rod-diesel-hammer-packaging-768x548.webp 768w, https:\/\/www.juweihammer.com\/wp-content\/uploads\/2024\/09\/DD-guide-rod-diesel-hammer-packaging-18x12.webp 18w, https:\/\/www.juweihammer.com\/wp-content\/uploads\/2024\/09\/DD-guide-rod-diesel-hammer-packaging-600x428.webp 600w\" sizes=\"(max-width: 975px) 100vw, 975px\" \/><\/p>\n<\/div>","protected":false},"excerpt":{"rendered":"<p>M\u0142ot kafarowy z silnikiem wysokopr\u0119\u017cnym serii DD: Jest to maszyna do wbijania pali, kt\u00f3ra dzia\u0142a na zasadzie dwusuwowego silnika spalinowego.<\/p>\n<ul>\n<li>Masa kompleksu cylindr\u00f3w: 5,5 tony<\/li>\n<li>Maks. Energia: 165 Kj<\/li>\n<li>Opatentowane automatyczne urz\u0105dzenie odsprz\u0119gaj\u0105ce<\/li>\n<li>\u0141atwiejszy start<\/li>\n<li>Przystosowanie do pracy pod du\u017cym obci\u0105\u017ceniem<\/li>\n<\/ul>","protected":false},"featured_media":2518,"template":"","meta":{"_seopress_robots_primary_cat":"none","_seopress_titles_title":"DD55 Guide Rod Pile Diesel Hammer for Concrete Sheet","_seopress_titles_desc":"DD55 5.5ton guide rod pile diesel hammer is suitable for driving concrete piles, steel piles, sheet piles, H-beams, round piles, square piles, wooden piles.","_seopress_robots_index":"","site-sidebar-layout":"default","site-content-layout":"","ast-site-content-layout":"default","site-content-style":"default","site-sidebar-style":"default","ast-global-header-display":"","ast-banner-title-visibility":"","ast-main-header-display":"","ast-hfb-above-header-display":"","ast-hfb-below-header-display":"","ast-hfb-mobile-header-display":"","site-post-title":"","ast-breadcrumbs-content":"","ast-featured-img":"","footer-sml-layout":"","theme-transparent-header-meta":"default","adv-header-id-meta":"","stick-header-meta":"","header-above-stick-meta":"","header-main-stick-meta":"","header-below-stick-meta":"","astra-migrate-meta-layouts":"set","ast-page-background-enabled":"default","ast-page-background-meta":{"desktop":{"background-color":"var(--ast-global-color-4)","background-image":"","background-repeat":"repeat","background-position":"center center","background-size":"auto","background-attachment":"scroll","background-type":"","background-media":"","overlay-type":"","overlay-color":"","overlay-opacity":"","overlay-gradient":""},"tablet":{"background-color":"","background-image":"","background-repeat":"repeat","background-position":"center center","background-size":"auto","background-attachment":"scroll","background-type":"","background-media":"","overlay-type":"","overlay-color":"","overlay-opacity":"","overlay-gradient":""},"mobile":{"background-color":"","background-image":"","background-repeat":"repeat","background-position":"center center","background-size":"auto","background-attachment":"scroll","background-type":"","background-media":"","overlay-type":"","overlay-color":"","overlay-opacity":"","overlay-gradient":""}},"ast-content-background-meta":{"desktop":{"background-color":"var(--ast-global-color-5)","background-image":"","background-repeat":"repeat","background-position":"center center","background-size":"auto","background-attachment":"scroll","background-type":"","background-media":"","overlay-type":"","overlay-color":"","overlay-opacity":"","overlay-gradient":""},"tablet":{"background-color":"var(--ast-global-color-5)","background-image":"","background-repeat":"repeat","background-position":"center center","background-size":"auto","background-attachment":"scroll","background-type":"","background-media":"","overlay-type":"","overlay-color":"","overlay-opacity":"","overlay-gradient":""},"mobile":{"background-color":"var(--ast-global-color-5)","background-image":"","background-repeat":"repeat","background-position":"center center","background-size":"auto","background-attachment":"scroll","background-type":"","background-media":"","overlay-type":"","overlay-color":"","overlay-opacity":"","overlay-gradient":""}}},"product_brand":[],"product_cat":[22],"product_tag":[],"class_list":{"0":"post-2576","1":"product","2":"type-product","3":"status-publish","4":"has-post-thumbnail","6":"product_cat-dd-guide-rod-diesel-pile-hammer","7":"desktop-align-left","8":"tablet-align-left","9":"mobile-align-left","11":"first","12":"instock","13":"shipping-taxable","14":"product-type-simple"},"_links":{"self":[{"href":"https:\/\/www.juweihammer.com\/pl\/wp-json\/wp\/v2\/product\/2576","targetHints":{"allow":["GET"]}}],"collection":[{"href":"https:\/\/www.juweihammer.com\/pl\/wp-json\/wp\/v2\/product"}],"about":[{"href":"https:\/\/www.juweihammer.com\/pl\/wp-json\/wp\/v2\/types\/product"}],"version-history":[{"count":2,"href":"https:\/\/www.juweihammer.com\/pl\/wp-json\/wp\/v2\/product\/2576\/revisions"}],"predecessor-version":[{"id":11355,"href":"https:\/\/www.juweihammer.com\/pl\/wp-json\/wp\/v2\/product\/2576\/revisions\/11355"}],"wp:featuredmedia":[{"embeddable":true,"href":"https:\/\/www.juweihammer.com\/pl\/wp-json\/wp\/v2\/media\/2518"}],"wp:attachment":[{"href":"https:\/\/www.juweihammer.com\/pl\/wp-json\/wp\/v2\/media?parent=2576"}],"wp:term":[{"taxonomy":"product_brand","embeddable":true,"href":"https:\/\/www.juweihammer.com\/pl\/wp-json\/wp\/v2\/product_brand?post=2576"},{"taxonomy":"product_cat","embeddable":true,"href":"https:\/\/www.juweihammer.com\/pl\/wp-json\/wp\/v2\/product_cat?post=2576"},{"taxonomy":"product_tag","embeddable":true,"href":"https:\/\/www.juweihammer.com\/pl\/wp-json\/wp\/v2\/product_tag?post=2576"}],"curies":[{"name":"wp","href":"https:\/\/api.w.org\/{rel}","templated":true}]}}