{"id":2411,"date":"2024-07-22T06:58:48","date_gmt":"2024-07-22T06:58:48","guid":{"rendered":"https:\/\/www.juweihammer.com\/?post_type=product&#038;p=2411"},"modified":"2024-11-08T02:26:12","modified_gmt":"2024-11-08T02:26:12","slug":"supply-d100-diesel-pile-hammer-for-offshore-and-road","status":"publish","type":"product","link":"https:\/\/www.juweihammer.com\/pl\/produkt\/supply-d100-diesel-pile-hammer-for-offshore-and-road\/","title":{"rendered":"Dostawa m\u0142ota kafarowego z silnikiem wysokopr\u0119\u017cnym D100 do zastosowa\u0144 morskich i drogowych"},"content":{"rendered":"<p>Jako jeden z<strong> top 10<\/strong> Producenci i dostawcy m\u0142ot\u00f3w z silnikiem wysokopr\u0119\u017cnym na ca\u0142ym \u015bwiecie. M\u0142oty spalinowe Juwei serii D posiadaj\u0105 ponad 30-letnie do\u015bwiadczenie w projektowaniu, produkcji i zastosowaniu. <span style=\"color: #0000ff;\"><strong>Dowiedz si\u0119 wi\u0119cej o naszej fabryce, klikaj\u0105c \"Fabryka\".<\/strong><\/span><span style=\"color: #000080;\">!<\/span><\/p>\n<p><strong>#All <span data-slate-fragment=\"JTVCJTdCJTIydHlwZSUyMiUzQSUyMnBhcmFncmFwaCUyMiUyQyUyMmNoaWxkcmVuJTIyJTNBJTVCJTdCJTIyaWQlMjIlM0ElMjJlYk40UmdFcXBlJTIyJTJDJTIycGFyYUlkeCUyMiUzQTQlMkMlMjJzcmMlMjIlM0ElMjJDb21wbGV0ZSUyME1vZGVsJTIwUmFuZ2UlMjBvZiUyMEQlMjBTZXJpZXMlMjBUdWJ1bGFyJTIwRGllc2VsJTIwUGlsZSUyMERyaXZlciUyMEhhbW1lcnMlMjIlMkMlMjJkc3QlMjIlM0ElMjJEJUU3JUIzJUJCJUU1JTg4JTk3JUU3JUFFJUExJUU3JThBJUI2JUU2JTlGJUI0JUU2JUIyJUI5JUU2JTg5JTkzJUU2JUExJUE5JUU5JTk0JUE0JUU3JTlBJTg0JUU1JUFFJThDJUU2JTk1JUI0JUU1JTlFJThCJUU1JThGJUI3JUU3JUIzJUJCJUU1JTg4JTk3JTIyJTJDJTIybWV0YWRhdGElMjIlM0ElMjIlMjIlMkMlMjJtZXRhRGF0YSUyMiUzQSU1QiU1RCUyQyUyMnRleHQlMjIlM0ElMjJDb21wbGV0ZSUyME1vZGVsJTIyJTdEJTVEJTdEJTVE\">Model<\/span> M\u0142oty kafarowe serii D z silnikiem wysokopr\u0119\u017cnym<\/strong><\/p>\n<p>D12: 1,28 tony, D16: 1,6 tony, D19: 1,82 tony, D25: 2,5 tony, D30: 3 tony, D36: 3,6 tony, D46: 4,6 tony, D50: 5 ton, D62:6.2 tony, D80: 80 ton, D100: 10 ton, D128: 12,8 tony, D138: 13,8 tony, D160: 16 ton, D180: 18 ton, D225: 22,5 tony, D265: 26,5 tony, D320: 32 tony, D400: 40 ton. \u00a0<span style=\"color: #0000ff;\"><strong><span class=\"null\" data-slate-leaf=\"true\" data-sent-id=\"VpbK2QLMrB\">Aby uzyska\u0107 szczeg\u00f3\u0142owe informacje, kliknij przycisk \"Szczeg\u00f3\u0142y serii D\".<\/span><\/strong><\/span><\/p>\n<p><strong>1TP5Rozwi\u0105zania niestandardowe:<\/strong><\/p>\n<p>Nasz zesp\u00f3\u0142 in\u017cynier\u00f3w mo\u017ce dostosowa\u0107 rozwi\u0105zania <span data-slate-fragment=\"JTVCJTdCJTIydHlwZSUyMiUzQSUyMnBhcmFncmFwaCUyMiUyQyUyMmNoaWxkcmVuJTIyJTNBJTVCJTdCJTIyaWQlMjIlM0ElMjJCdjVScmFXa1B6JTIyJTJDJTIycGFyYUlkeCUyMiUzQTEwJTJDJTIyc3JjJTIyJTNBJTIyT3VyJTIwZW5naW5lZXJpbmclMjB0ZWFtJTIwb2ZmZXJzJTIwY3VzdG9taXplZCUyMHNvbHV0aW9ucyUyMHRhaWxvcmVkJTIwdG8lMjB5b3VyJTIwcHJvamVjdCUyMG5lZWRzLiUyMCUyMiUyQyUyMmRzdCUyMiUzQSUyMiVFNiU4OCU5MSVFNCVCQiVBQyVFNyU5QSU4NCVFNSVCNyVBNSVFNyVBOCU4QiVFNSU5QiVBMiVFOSU5OCU5RiVFNiVBMCVCOSVFNiU4RCVBRSVFNiU4MiVBOCVFNyU5QSU4NCVFOSVBMSVCOSVFNyU5QiVBRSVFOSU5QyU4MCVFNiVCMSU4MiVFNiU4RiU5MCVFNCVCRSU5QiVFNSVBRSU5QSVFNSU4OCVCNiVFNyU5QSU4NCVFOCVBNyVBMyVFNSU4NiVCMyVFNiU5NiVCOSVFNiVBMSU4OCVFMyU4MCU4MiUyMiUyQyUyMm1ldGFkYXRhJTIyJTNBJTIyJTIyJTJDJTIybWV0YURhdGElMjIlM0ElNUIlNUQlMkMlMjJ0ZXh0JTIyJTNBJTIydGFpbG9yZWQlMjB0byUyMHlvdXIlMjBwcm9qZWN0JTIwbmVlZHMlMjIlN0QlNUQlN0QlNUQ=\">Dostosowane do potrzeb projektu<\/span>. <span data-slate-node=\"text\"><span class=\"null\" data-slate-leaf=\"true\" data-sent-id=\"ej04Roardz\">Przeka\u017c nam raport dotycz\u0105cy adresu gruntu, typu pali i specyfikacji sprz\u0119tu do wbijania pali. <\/span><\/span><span data-slate-node=\"text\" data-slate-fragment=\"JTVCJTdCJTIydHlwZSUyMiUzQSUyMnBhcmFncmFwaCUyMiUyQyUyMmNoaWxkcmVuJTIyJTNBJTVCJTdCJTIyaWQlMjIlM0ElMjJlajA0Um9hcmR6JTIyJTJDJTIycGFyYUlkeCUyMiUzQTEwJTJDJTIyc3JjJTIyJTNBJTIyUHJvdmlkZSUyMHVzJTIwd2l0aCUyMGElMjBzb2lsJTIwYWRkcmVzcyUyMHJlcG9ydCUyQyUyMHBpbGUlMjB0eXBlJTJDJTIwYW5kJTIwcGlsZSUyMGRyaXZpbmclMjBlcXVpcG1lbnQlMjBzcGVjaWZpY2F0aW9ucy4lMjAlMjIlMkMlMjJkc3QlMjIlM0ElMjIlRTUlOTAlOTElRTYlODglOTElRTQlQkIlQUMlRTYlOEYlOTAlRTQlQkUlOUIlRTUlOUMlOUYlRTUlQTMlQTQlRTUlOUMlQjAlRTUlOUQlODAlRTYlOEElQTUlRTUlOTElOEElRTMlODAlODElRTYlQTElQTklRTclQjElQkIlRTUlOUUlOEIlRTUlOTIlOEMlRTYlODklOTMlRTYlQTElQTklRTglQUUlQkUlRTUlQTQlODclRTglQTclODQlRTYlQTAlQkMlRTMlODAlODIlMjIlMkMlMjJtZXRhZGF0YSUyMiUzQSUyMiUyMiUyQyUyMm1ldGFEYXRhJTIyJTNBJTVCJTVEJTJDJTIydGV4dCUyMiUzQSUyMlByb3ZpZGUlMjB1cyUyMHdpdGglMjBhJTIwc29pbCUyMGFkZHJlc3MlMjByZXBvcnQlMkMlMjBwaWxlJTIwdHlwZSUyQyUyMGFuZCUyMHBpbGUlMjBkcml2aW5nJTIwZXF1aXBtZW50JTIwc3BlY2lmaWNhdGlvbnMuJTIwJTIyJTdEJTJDJTdCJTIyaWQlMjIlM0ElMjJWTjZtbGE4RDFWJTIyJTJDJTIycGFyYUlkeCUyMiUzQTEwJTJDJTIyc3JjJTIyJTNBJTIyV2UlMjBkZWxpdmVyJTIwYSUyMGNvbXBhdGlibGUlMjBjeWxpbmRlciUyMGhhbW1lciUyMGRlc2lnbmVkJTIwZm9yJTIweW91ciUyMHByb2plY3QuJTIyJTJDJTIyZHN0JTIyJTNBJTIyJUU2JTg4JTkxJUU0JUJCJUFDJUU0JUI4JUJBJUU2JTgyJUE4JUU3JTlBJTg0JUU5JUExJUI5JUU3JTlCJUFFJUU2JThGJTkwJUU0JUJFJTlCJUU1JTg1JUJDJUU1JUFFJUI5JUU3JTlBJTg0JUU1JTlDJTg2JUU3JUFEJTkyJUU5JTk0JUE0JUUzJTgwJTgyJTIyJTJDJTIybWV0YWRhdGElMjIlM0ElMjIlMjIlMkMlMjJtZXRhRGF0YSUyMiUzQSU1QiU1RCUyQyUyMnRleHQlMjIlM0ElMjJXZSUyMGRlbGl2ZXIlMjBhJTIwY29tcGF0aWJsZSUyMGN5bGluZGVyJTIwaGFtbWVyJTIwZGVzaWduZWQlMjBmb3IlMjB5b3VyJTIwcHJvamVjdC4lMjIlN0QlNUQlN0QlNUQ=\"><span class=\"null\" data-slate-leaf=\"true\" data-sent-id=\"VN6mla8D1V\">Dostarczamy kompatybilny m\u0142ot zaprojektowany dla Twojego projektu.<\/span><\/span><\/p>\n<p><strong>#<\/strong><strong>Rodzaj runa:<\/strong><\/p>\n<p><span data-slate-fragment=\"JTVCJTdCJTIydHlwZSUyMiUzQSUyMnBhcmFncmFwaCUyMiUyQyUyMmNoaWxkcmVuJTIyJTNBJTVCJTdCJTIyaWQlMjIlM0ElMjJlbU1LUllacEplJTIyJTJDJTIycGFyYUlkeCUyMiUzQTE0JTJDJTIyc3JjJTIyJTNBJTIyT3VyJTIwaGFtbWVycyUyMGFyZSUyMHN1aXRhYmxlJTIwZm9yJTIwZHJpdmluZyUyMHZhcmlvdXMlMjBwaWxlJTIwdHlwZXMlMkMlMjBpbmNsdWRpbmclMjBwcmVjYXN0JTIwY29uY3JldGUlMjBwaWxlcyUyQyUyMEgtYmVhbXMlMkMlMjBzdGVlbCUyMHBpcGUlMjBwaWxlcyUyQyUyMGNpcmN1bGFyJTIwcGlsZXMlMkMlMjBzcXVhcmUlMjBwaWxlcyUyQyUyMHNoZWV0JTIwcGlsZXMlMkMlMjBhbmQlMjB3b29kZW4lMjBwaWxlcy4lMjIlMkMlMjJkc3QlMjIlM0ElMjIlRTYlODglOTElRTQlQkIlQUMlRTclOUElODQlRTklOTQlQTQlRTUlQUQlOTAlRTklODAlODIlRTclOTQlQTglRTQlQkElOEUlRTYlODklOTMlRTYlQTElQTklRTUlOTAlODQlRTclQTclOEQlRTYlQTElQTklRTUlOUUlOEIlRUYlQkMlOEMlRTUlOEMlODUlRTYlOEIlQUMlRTklQTIlODQlRTUlODglQjYlRTYlQjclQjclRTUlODclOUQlRTUlOUMlOUYlRTYlQTElQTklRTMlODAlODFIJUU1JTlFJThCJUU5JTkyJUEyJUUzJTgwJTgxJUU5JTkyJUEyJUU3JUFFJUExJUU2JUExJUE5JUUzJTgwJTgxJUU1JTlDJTg2JUU1JUJEJUEyJUU2JUExJUE5JUUzJTgwJTgxJUU2JTk2JUI5JUU1JUJEJUEyJUU2JUExJUE5JUUzJTgwJTgxJUU2JTlEJUJGJUU2JUExJUE5JUU1JTkyJThDJUU2JTlDJUE4JUU2JUExJUE5JUUzJTgwJTgyJTIyJTJDJTIybWV0YWRhdGElMjIlM0ElMjIlMjIlMkMlMjJtZXRhRGF0YSUyMiUzQSU1QiU1RCUyQyUyMnRleHQlMjIlM0ElMjJPdXIlMjBoYW1tZXJzJTIwYXJlJTIwc3VpdGFibGUlMjBmb3IlMjBkcml2aW5nJTIwdmFyaW91cyUyMHBpbGUlMjB0eXBlcyUyMiU3RCU1RCU3RCU1RA==\">Nasze m\u0142oty s\u0105 idealne do wbijania r\u00f3\u017cnego rodzaju pali,<\/span> obejmuj\u0105 prefabrykowane pale betonowe, belki dwuteowe, pale z rur stalowych, pale okr\u0105g\u0142e, pale kwadratowe, grodzice, pale drewniane itp.<\/p>\n<p><strong>#AZastosowanie<\/strong>:<\/p>\n<p><span data-slate-fragment=\"JTVCJTdCJTIydHlwZSUyMiUzQSUyMnBhcmFncmFwaCUyMiUyQyUyMmNoaWxkcmVuJTIyJTNBJTVCJTdCJTIyaWQlMjIlM0ElMjJCNGtLT1E2QVJ6JTIyJTJDJTIycGFyYUlkeCUyMiUzQTE4JTJDJTIyc3JjJTIyJTNBJTIyT3VyJTIwZGllc2VsJTIwaGFtbWVycyUyMGFyZSUyMGlkZWFsJTIwZm9yJTIwb2Zmc2hvcmUlMjBwcm9qZWN0cyUyMHN1Y2glMjBhcyUyMHdpbmQlMjBwb3dlciUyMGdlbmVyYXRpb24lMkMlMjBlbmVyZ3klMkMlMjBicmlkZ2VzJTJDJTIwcG9ydHMlMkMlMjBkb2NrJTIwY29uc3RydWN0aW9uJTJDJTIwYW5kJTIwb2lsJTIwYW5kJTIwZ2FzJTIwZXh0cmFjdGlvbi4lMjAlMjIlMkMlMjJkc3QlMjIlM0ElMjIlRTYlODglOTElRTQlQkIlQUMlRTclOUElODQlRTYlOUYlQjQlRTYlQjIlQjklRTklOTQlQTQlRTYlOTglQUYlRTklQTMlOEUlRTUlOEElOUIlRTUlOEYlOTElRTclOTQlQjUlRTMlODAlODElRTglODMlQkQlRTYlQkElOTAlRTMlODAlODElRTYlQTElQTUlRTYlQTIlODElRTMlODAlODElRTYlQjglQUYlRTUlOEYlQTMlRTMlODAlODElRTclQTAlODElRTUlQTQlQjQlRTUlQkIlQkElRTglQUUlQkUlRTQlQkIlQTUlRTUlOEYlOEElRTclOUYlQjMlRTYlQjIlQjklRTUlOTIlOEMlRTUlQTQlQTklRTclODQlQjYlRTYlQjAlOTQlRTUlQkMlODAlRTklODclODclRTclQUQlODklRTYlQjUlQjclRTQlQjglOEElRTklQTElQjklRTclOUIlQUUlRTclOUElODQlRTclOTAlODYlRTYlODMlQjMlRTklODAlODklRTYlOEIlQTklRTMlODAlODIlMjIlMkMlMjJtZXRhZGF0YSUyMiUzQSUyMiUyMiUyQyUyMm1ldGFEYXRhJTIyJTNBJTVCJTVEJTJDJTIydGV4dCUyMiUzQSUyMk91ciUyMGRpZXNlbCUyMGhhbW1lcnMlMjBhcmUlMjBpZGVhbCUyMGZvciUyMCUyMiU3RCU1RCU3RCU1RA==\">Nasze m\u0142oty spalinowe s\u0105 idealne do <\/span>projekty offshore, takie jak wytwarzanie energii wiatrowej, energia, mosty, porty, budowa dok\u00f3w oraz wydobycie ropy i gazu. <span data-slate-fragment=\"JTVCJTdCJTIydHlwZSUyMiUzQSUyMnBhcmFncmFwaCUyMiUyQyUyMmNoaWxkcmVuJTIyJTNBJTVCJTdCJTIyaWQlMjIlM0ElMjJWQVlFTzhhbzFWJTIyJTJDJTIycGFyYUlkeCUyMiUzQTE4JTJDJTIyc3JjJTIyJTNBJTIyVGhleSUyMGFyZSUyMGFsc28lMjBzdWl0YWJsZSUyMGZvciUyMHJvYWQlMjBhbmQlMjBjaXZpbCUyMGVuZ2luZWVyaW5nJTIwcHJvamVjdHMlMkMlMjBwdWJsaWMlMjB1dGlsaXRpZXMlMkMlMjBjb2ZmZXJkYW1zJTJDJTIwYnJpZGdlcyUyQyUyMHBob3Rvdm9sdGFpY3MlMkMlMjBhbmQlMjBlbnZpcm9ubWVudGFsJTIwcHJvamVjdHMuJTIwJTIyJTJDJTIyZHN0JTIyJTNBJTIyJUU1JUFFJTgzJUU0JUJCJUFDJUU0JUI5JTlGJUU5JTgwJTgyJUU3JTk0JUE4JUU0JUJBJThFJUU5JTgxJTkzJUU4JUI3JUFGJUU1JTkyJThDJUU1JTlDJTlGJUU2JTlDJUE4JUU1JUI3JUE1JUU3JUE4JThCJUU5JUExJUI5JUU3JTlCJUFFJUUzJTgwJTgxJUU1JTg1JUFDJUU3JTk0JUE4JUU0JUJBJThCJUU0JUI4JTlBJUUzJTgwJTgxJUU1JTlCJUI0JUU1JUEwJUIwJUUzJTgwJTgxJUU2JUExJUE1JUU2JUEyJTgxJUUzJTgwJTgxJUU1JTg1JTg5JUU0JUJDJThGJUU1JTkyJThDJUU3JThFJUFGJUU1JUEyJTgzJUU5JUExJUI5JUU3JTlCJUFFJUUzJTgwJTgyJTIyJTJDJTIybWV0YWRhdGElMjIlM0ElMjIlMjIlMkMlMjJtZXRhRGF0YSUyMiUzQSU1QiU1RCUyQyUyMnRleHQlMjIlM0ElMjJUaGV5JTIwYXJlJTIwYWxzbyUyMHN1aXRhYmxlJTIyJTdEJTVEJTdEJTVE\">S\u0105 one r\u00f3wnie\u017c odpowiednie dla <\/span>projekty drogowe i in\u017cynierii l\u0105dowej, obiekty u\u017cyteczno\u015bci publicznej, obiekty u\u017cyteczno\u015bci publicznej, koferdamy, estakady, fotowoltaika i \u015brodowisko. <span style=\"color: #000080;\"><strong>Kliknij przycisk \"Projekty\", aby dowiedzie\u0107 si\u0119 wi\u0119cej!<\/strong><\/span><\/p>\n<p><strong>#Pakowanie i transport<\/strong>:<\/p>\n<p>Opakowanie: <span data-slate-fragment=\"JTVCJTdCJTIydHlwZSUyMiUzQSUyMnBhcmFncmFwaCUyMiUyQyUyMmNoaWxkcmVuJTIyJTNBJTVCJTdCJTIyaWQlMjIlM0ElMjJ6eUswRHh2TEtlJTIyJTJDJTIycGFyYUlkeCUyMiUzQTIyJTJDJTIyc3JjJTIyJTNBJTIyUGFja2FnaW5nJTNBJTIwV2UlMjB1c2UlMjBleHBvcnQtc3RhbmRhcmQlMjBzdGVlbCUyMHRyYW5zcG9ydGF0aW9uJTIwdG9vbHMlMjBmb3IlMjBwYWNrYWdpbmcuJTIyJTJDJTIyZHN0JTIyJTNBJTIyJUU1JThDJTg1JUU4JUEzJTg1JUVGJUJDJTlBJUU2JTg4JTkxJUU0JUJCJUFDJUU0JUJEJUJGJUU3JTk0JUE4JUU1JTg3JUJBJUU1JThGJUEzJUU2JUEwJTg3JUU1JTg3JTg2JUU5JTkyJUEyJUU2JTlEJTkwJUU4JUJGJTkwJUU4JUJFJTkzJUU1JUI3JUE1JUU1JTg1JUI3JUU4JUJGJTlCJUU4JUExJThDJUU1JThDJTg1JUU4JUEzJTg1JUUzJTgwJTgyJTIyJTJDJTIybWV0YWRhdGElMjIlM0ElMjIlMjIlMkMlMjJtZXRhRGF0YSUyMiUzQSU1QiU1RCUyQyUyMnRleHQlMjIlM0ElMjJXZSUyMHVzZSUyMGV4cG9ydC1zdGFuZGFyZCUyMHN0ZWVsJTIwdHJhbnNwb3J0YXRpb24lMjB0b29scyUyMGZvciUyMHBhY2thZ2luZyUyMiU3RCU1RCU3RCU1RA==\">Do pakowania u\u017cywamy stalowych narz\u0119dzi transportowych o standardzie eksportowym<\/span><br \/>\nTransport: transport kontenerowy 20GP lub 40GP<\/p>\n<p><strong>#Eksportowane do wielu kraj\u00f3w<\/strong><\/p>\n<p>Produkt ten jest eksportowany do Europy, Rosji, Azji Po\u0142udniowo-Wschodniej, Ameryki P\u00f3\u0142nocnej, Ameryki Po\u0142udniowej, Bliskiego Wschodu, Afryki i innych region\u00f3w. (Takich jak: Filipiny, Turcja, Indonezja, Tajlandia, Wietnam, Bangladesz, Stany Zjednoczone, Arabia Saudyjska, Rosja, Australia, Brazylia i inne kraje).<\/p>\n<p><strong>#Specyfikacja:<\/strong><\/p>\n<style>\n    .table-container {<br \/>        overflow-x: auto;<br \/>        margin: 0 auto;<br \/>    }<br \/>    table {<br \/>        width: 100%;<br \/>        border-collapse: collapse;<br \/>    }<br \/>    th, td {<br \/>        padding: 8px;<br \/>        border: 1px solid #ddd;<br \/>        text-align: left;<br \/>    }<br \/>    @media screen and (max-width: 600px) {<br \/>        table, thead, tbody, th, td, tr {<br \/>            display: block;<br \/>            width: 100%;<br \/>        }<br \/>        thead tr {<br \/>            display: none;<br \/>        }<br \/>        tr {<br \/>            margin-bottom: 15px;<br \/>        }<br \/>        td {<br \/>            text-align: right;<br \/>            padding-left: 50%;<br \/>            position: relative;<br \/>        }<br \/>        td:before {<br \/>            content: attr(data-label);<br \/>            position: absolute;<br \/>            left: 0;<br \/>            width: 50%;<br \/>            padding-left: 10px;<br \/>            font-weight: bold;<br \/>            text-align: left;<br \/>        }<br \/>    }<br \/><\/style>\n<div class=\"table-container\">\n<table>\n<thead>\n<tr>\n<th>Specyfikacje<\/th>\n<th>Typ<\/th>\n<th>D100<\/th>\n<\/tr>\n<\/thead>\n<tbody>\n<tr>\n<td data-label=\"Specifications\">Masa uderzeniowa (t\u0142ok)<\/td>\n<td data-label=\"Type\">kg<\/td>\n<td data-label=\"D100\">10000<\/td>\n<\/tr>\n<tr>\n<td data-label=\"Specifications\">Energia na uderzenie<\/td>\n<td data-label=\"Type\">KNm<\/td>\n<td data-label=\"D100\">333.54~213.86<\/td>\n<\/tr>\n<tr>\n<td data-label=\"Specifications\">Liczba uderze\u0144<\/td>\n<td data-label=\"Type\">min-l<\/td>\n<td data-label=\"D100\">36~45<\/td>\n<\/tr>\n<tr>\n<td data-label=\"Specifications\">Si\u0142a nacisku eksplozji na pal maks.<\/td>\n<td data-label=\"Type\">KN<\/td>\n<td data-label=\"D100\">2600<\/td>\n<\/tr>\n<tr>\n<td data-label=\"Specifications\">Nadaje si\u0119 do wbijania pali do<\/td>\n<td data-label=\"Type\">kg<\/td>\n<td data-label=\"D100\">40000<\/td>\n<\/tr>\n<tr>\n<td data-label=\"Specifications\">Dopuszczalna \u015brednica liny dla rolki odchylaj\u0105cej urz\u0105dzenia wyzwalaj\u0105cego maks.<\/td>\n<td data-label=\"Type\">mm<\/td>\n<td data-label=\"D100\">\u03a630<\/td>\n<\/tr>\n<tr>\n<td data-label=\"Specifications\">Olej nap\u0119dowy<\/td>\n<td data-label=\"Type\">L\/h<\/td>\n<td data-label=\"D100\">30<\/td>\n<\/tr>\n<tr>\n<td data-label=\"Specifications\">Smar<\/td>\n<td data-label=\"Type\">L\/h<\/td>\n<td data-label=\"D100\">2.9<\/td>\n<\/tr>\n<tr>\n<td data-label=\"Specifications\">Zbiornik oleju nap\u0119dowego<\/td>\n<td data-label=\"Type\">L<\/td>\n<td data-label=\"D100\">155<\/td>\n<\/tr>\n<tr>\n<td data-label=\"Specifications\">Zbiornik smaru<\/td>\n<td data-label=\"Type\">L<\/td>\n<td data-label=\"D100\">32<\/td>\n<\/tr>\n<tr>\n<td data-label=\"Specifications\">M\u0142ot kafarowy z silnikiem wysokopr\u0119\u017cnym ok.<\/td>\n<td data-label=\"Type\">kg<\/td>\n<td data-label=\"D100\">19820\/ 20360<\/td>\n<\/tr>\n<tr>\n<td data-label=\"Specifications\">Urz\u0105dzenie wyzwalaj\u0105ce ok<\/td>\n<td data-label=\"Type\">kg<\/td>\n<td data-label=\"D100\">750<\/td>\n<\/tr>\n<tr>\n<td data-label=\"Specifications\">Uchwyt transportowy\/ko\u0142yska ok.<\/td>\n<td data-label=\"Type\">kg<\/td>\n<td data-label=\"D100\">135<\/td>\n<\/tr>\n<tr>\n<td data-label=\"Specifications\">Stra\u017c transportowa ok.<\/td>\n<td data-label=\"Type\">kg<\/td>\n<td data-label=\"D100\">220<\/td>\n<\/tr>\n<tr>\n<td data-label=\"Specifications\">Skrzynka narz\u0119dziowa ok.<\/td>\n<td data-label=\"Type\">kg<\/td>\n<td data-label=\"D100\">125<\/td>\n<\/tr>\n<tr>\n<td data-label=\"Specifications\">D\u0142ugo\u015b\u0107 m\u0142ota spalinowego (a\/al)<\/td>\n<td data-label=\"Type\">mm<\/td>\n<td data-label=\"D100\">6358\/ 7358<\/td>\n<\/tr>\n<tr>\n<td data-label=\"Specifications\">\u015arednica zewn\u0119trzna bloku udarowego (b)<\/td>\n<td data-label=\"Type\">mm<\/td>\n<td data-label=\"D100\">\u03a6820<\/td>\n<\/tr>\n<tr>\n<td data-label=\"Specifications\">Wymiary ca\u0142kowite mierzone nad \u015brubami mocuj\u0105cymi szcz\u0119ki prowadz\u0105ce (c)<\/td>\n<td data-label=\"Type\">mm<\/td>\n<td data-label=\"D100\">1110<\/td>\n<\/tr>\n<tr>\n<td data-label=\"Specifications\">Szeroko\u015b\u0107 m\u0142ota spalinowego (d)<\/td>\n<td data-label=\"Type\">mm<\/td>\n<td data-label=\"D100\">890<\/td>\n<\/tr>\n<tr>\n<td data-label=\"Specifications\">Szeroko\u015b\u0107 po\u0142\u0105czenia szcz\u0119k prowadz\u0105cych (e)<\/td>\n<td data-label=\"Type\">mm<\/td>\n<td data-label=\"D100\">800<\/td>\n<\/tr>\n<tr>\n<td data-label=\"Specifications\">\u015arodek m\u0142ota z silnikiem wysokopr\u0119\u017cnym do os\u0142ony pompy (f)<\/td>\n<td data-label=\"Type\">mm<\/td>\n<td data-label=\"D100\">550<\/td>\n<\/tr>\n<tr>\n<td data-label=\"Specifications\">\u015arodek m\u0142otka z nap\u0119dem Diesla do \u015brodka gwintowanego otworu na \u015brub\u0119 mocuj\u0105c\u0105 szcz\u0119ki prowadz\u0105ce (g)<\/td>\n<td data-label=\"Type\">mm<\/td>\n<td data-label=\"D100\">350<\/td>\n<\/tr>\n<tr>\n<td data-label=\"Specifications\">G\u0142\u0119boko\u015b\u0107 m\u0142ota spalinowego (h)<\/td>\n<td data-label=\"Type\">mm<\/td>\n<td data-label=\"D100\">1110<\/td>\n<\/tr>\n<tr>\n<td data-label=\"Specifications\">Standardowa odleg\u0142o\u015b\u0107 od \u015brodka m\u0142ota do wbijania pali do \u015brodka o\u0142owiu (H)<\/td>\n<td data-label=\"Type\">mm<\/td>\n<td data-label=\"D100\">720<\/td>\n<\/tr>\n<tr>\n<td data-label=\"Specifications\">Szeroko\u015b\u0107 przewod\u00f3w (L)<\/td>\n<td data-label=\"Type\">mm<\/td>\n<td data-label=\"D100\">600x(\u03a6102)<\/td>\n<\/tr>\n<\/tbody>\n<\/table>\n<h2>Opakowanie m\u0142ota z silnikiem wysokopr\u0119\u017cnym D1oo<\/h2>\n<p><img fetchpriority=\"high\" decoding=\"async\" class=\"size-full wp-image-11326\" src=\"https:\/\/www.juweihammer.com\/wp-content\/uploads\/2024\/09\/D-tubular-diesel-hammer-packaging.webp\" alt=\"D rurowy m\u0142ot z silnikiem wysokopr\u0119\u017cnym\" width=\"975\" height=\"696\" srcset=\"https:\/\/www.juweihammer.com\/wp-content\/uploads\/2024\/09\/D-tubular-diesel-hammer-packaging.webp 975w, https:\/\/www.juweihammer.com\/wp-content\/uploads\/2024\/09\/D-tubular-diesel-hammer-packaging-768x548.webp 768w, https:\/\/www.juweihammer.com\/wp-content\/uploads\/2024\/09\/D-tubular-diesel-hammer-packaging-18x12.webp 18w, https:\/\/www.juweihammer.com\/wp-content\/uploads\/2024\/09\/D-tubular-diesel-hammer-packaging-600x428.webp 600w\" sizes=\"(max-width: 975px) 100vw, 975px\" \/><\/p>\n<\/div>","protected":false},"excerpt":{"rendered":"<p><span data-slate-fragment=\"JTVCJTdCJTIydHlwZSUyMiUzQSUyMnBhcmFncmFwaCUyMiUyQyUyMmNoaWxkcmVuJTIyJTNBJTVCJTdCJTIyaWQlMjIlM0ElMjJlNm5BUG44S3ZlJTIyJTJDJTIycGFyYUlkeCUyMiUzQTAlMkMlMjJzcmMlMjIlM0ElMjJUaGUlMjBEJTIwc2VyaWVzJTIwdHVidWxhciUyMGRpZXNlbCUyMHBpbGUlMjBoYW1tZXIlMjBpcyUyMHBvd2VyZnVsJTJDJTIwd2l0aCUyMGhpZ2glMjBzdHJpa2luZyUyMGVuZXJneSUyQyUyMGxvdyUyMGZ1ZWwlMjBjb25zdW1wdGlvbiUyQyUyMGxvdyUyMGZhaWx1cmUlMjByYXRlJTJDJTIwYW5kJTIwbG9uZyUyMGNvbnRpbnVvdXMlMjBjb25zdHJ1Y3Rpb24lMjBvcGVyYXRpb24lMjB0aW1lLiUyMCUyMiUyQyUyMmRzdCUyMiUzQSUyMkQlRTclQjMlQkIlRTUlODglOTclRTclQUUlQTElRTUlQkMlOEYlRTYlOUYlQjQlRTYlQjIlQjklRTYlQTElQTklRTklOTQlQTQlRTUlOEElQTglRTUlOEElOUIlRTUlQkMlQkElRTUlOEElQjIlRUYlQkMlOEMlRTUlODYlQjIlRTUlODclQkIlRTglODMlQkQlRTklODclOEYlRTklQUIlOTglRUYlQkMlOEMlRTYlQjIlQjklRTglODAlOTclRTQlQkQlOEUlRUYlQkMlOEMlRTYlOTUlODUlRTklOUElOUMlRTclOEUlODclRTQlQkQlOEUlRUYlQkMlOEMlRTglQkYlOUUlRTclQkIlQUQlRTYlOTYlQkQlRTUlQjclQTUlRTQlQkQlOUMlRTQlQjglOUElRTYlOTclQjYlRTklOTclQjQlRTklOTUlQkYlRTMlODAlODIlMjIlMkMlMjJtZXRhZGF0YSUyMiUzQSUyMiUyMiUyQyUyMm1ldGFEYXRhJTIyJTNBJTVCJTVEJTJDJTIydGV4dCUyMiUzQSUyMlRoZSUyMEQlMjBzZXJpZXMlMjB0dWJ1bGFyJTIwZGllc2VsJTIwcGlsZSUyMGhhbW1lciUyMGlzJTIwcG93ZXJmdWwlMkMlMjB3aXRoJTIwaGlnaCUyMHN0cmlraW5nJTIwZW5lcmd5JTJDJTIwbG93JTIwZnVlbCUyMGNvbnN1bXB0aW9uJTJDJTIwbG93JTIwZmFpbHVyZSUyMHJhdGUlMkMlMjBhbmQlMjBsb25nJTIwY29udGludW91cyUyMGNvbnN0cnVjdGlvbiUyMG9wZXJhdGlvbiUyMHRpbWUuJTIwJTIyJTdEJTVEJTdEJTVE\">Rurowy m\u0142ot kafarowy serii D charakteryzuje si\u0119 du\u017c\u0105 moc\u0105, wysok\u0105 energi\u0105 uderzenia, niskim zu\u017cyciem paliwa, niskim wska\u017anikiem awaryjno\u015bci i d\u0142ugim czasem ci\u0105g\u0142ej pracy. <\/span><\/p>\n<div data-slate-node=\"element\" data-slate-fragment=\"JTVCJTdCJTIydHlwZSUyMiUzQSUyMnBhcmFncmFwaCUyMiUyQyUyMmNoaWxkcmVuJTIyJTNBJTVCJTdCJTIyaWQlMjIlM0ElMjJWNVhOYlhkTTNlJTIyJTJDJTIycGFyYUlkeCUyMiUzQTIlMkMlMjJzcmMlMjIlM0ElMjJJdCUyMGNhbiUyMGJlJTIwZXF1aXBwZWQlMjB3aXRoJTIwYSUyMGR1YWwlMjBmdWVsJTIwcHVtcCUyMHN5c3RlbSUyQyUyMG9wZW4lMjBhbmQlMjBzZW1pJTIwb3BlbiUyMHN1c3BlbnNpb24lMjBkZXZpY2VzJTJDJTIwb3IlMjBhJTIwbmV3JTIwZmxvYXRpbmclMjBwaWxlJTIwY2FwJTIwdG8lMjBtZWV0JTIwdmFyaW91cyUyMGNvbnN0cnVjdGlvbiUyMG9wZXJhdGlvbiUyMHJlcXVpcmVtZW50cy4lMjIlMkMlMjJkc3QlMjIlM0ElMjIlRTUlQUUlODMlRTUlOEYlQUYlRTQlQkIlQTUlRTklODUlOEQlRTUlQTQlODclRTUlOEYlOEMlRTclODclODMlRTYlOTYlOTklRTYlQjMlQjUlRTclQjMlQkIlRTclQkIlOUYlRTMlODAlODElRTUlQkMlODAlRTYlOTQlQkUlRTUlQkMlOEYlRTUlOTIlOEMlRTUlOEQlOEElRTUlQkMlODAlRTYlOTQlQkUlRTUlQkMlOEYlRTYlODIlQUMlRTYlOEMlODIlRTglQTMlODUlRTclQkQlQUUlRUYlQkMlOEMlRTYlODglOTYlRTYlOTYlQjAlRTclOUElODQlRTYlQjUlQUUlRTUlOEElQTglRTYlQTElQTklRTUlQjglQkQlRUYlQkMlOEMlRTQlQkIlQTUlRTYlQkIlQTElRTglQjYlQjMlRTUlOTAlODQlRTclQTclOEQlRTYlOTYlQkQlRTUlQjclQTUlRTQlQkQlOUMlRTQlQjglOUElRTglQTYlODElRTYlQjElODIlRTMlODAlODIlMjIlMkMlMjJtZXRhZGF0YSUyMiUzQSUyMiUyMiUyQyUyMm1ldGFEYXRhJTIyJTNBJTVCJTVEJTJDJTIydGV4dCUyMiUzQSUyMkl0JTIwY2FuJTIwYmUlMjBlcXVpcHBlZCUyMHdpdGglMjBhJTIwZHVhbCUyMGZ1ZWwlMjBwdW1wJTIwc3lzdGVtJTJDJTIwb3BlbiUyMGFuZCUyMHNlbWklMjBvcGVuJTIwc3VzcGVuc2lvbiUyMGRldmljZXMlMkMlMjBvciUyMGElMjBuZXclMjBmbG9hdGluZyUyMHBpbGUlMjBjYXAlMjB0byUyMG1lZXQlMjB2YXJpb3VzJTIwY29uc3RydWN0aW9uJTIwb3BlcmF0aW9uJTIwcmVxdWlyZW1lbnRzLiUyMiU3RCU1RCU3RCUyQyU3QiUyMnR5cGUlMjIlM0ElMjJwYXJhZ3JhcGglMjIlMkMlMjJjaGlsZHJlbiUyMiUzQSU1QiU3QiUyMmlkJTIyJTNBJTIyenlLMDZLcUptZSUyMiUyQyUyMnBhcmFJZHglMjIlM0EzJTJDJTIyc3JjJTIyJTNBJTIyJTIyJTJDJTIyZHN0JTIyJTNBJTIyJTIyJTJDJTIybWV0YWRhdGElMjIlM0ElMjIlMjIlMkMlMjJtZXRhRGF0YSUyMiUzQSU1QiU1RCUyQyUyMnRleHQlMjIlM0ElMjIlMjIlN0QlNUQlN0QlNUQ=\"><span data-slate-node=\"text\">Mo\u017ce by\u0107 wyposa\u017cony w system podw\u00f3jnej pompy paliwowej, otwarte i p\u00f3\u0142otwarte urz\u0105dzenia zawieszenia lub now\u0105 p\u0142ywaj\u0105c\u0105 pokryw\u0119 pala, aby spe\u0142ni\u0107 r\u00f3\u017cne wymagania dotycz\u0105ce operacji budowlanych.<\/span><\/div>","protected":false},"featured_media":2412,"template":"","meta":{"_seopress_robots_primary_cat":"none","_seopress_titles_title":"Supply D100 Diesel Pile Hammer for Offshore and Road","_seopress_titles_desc":"D100 tubular diesel pile hammer is powerful, with high striking energy, low fuel consumption. Get Free Quotes!","_seopress_robots_index":"","site-sidebar-layout":"default","site-content-layout":"","ast-site-content-layout":"default","site-content-style":"default","site-sidebar-style":"default","ast-global-header-display":"","ast-banner-title-visibility":"","ast-main-header-display":"","ast-hfb-above-header-display":"","ast-hfb-below-header-display":"","ast-hfb-mobile-header-display":"","site-post-title":"","ast-breadcrumbs-content":"","ast-featured-img":"","footer-sml-layout":"","theme-transparent-header-meta":"default","adv-header-id-meta":"","stick-header-meta":"","header-above-stick-meta":"","header-main-stick-meta":"","header-below-stick-meta":"","astra-migrate-meta-layouts":"set","ast-page-background-enabled":"default","ast-page-background-meta":{"desktop":{"background-color":"var(--ast-global-color-4)","background-image":"","background-repeat":"repeat","background-position":"center center","background-size":"auto","background-attachment":"scroll","background-type":"","background-media":"","overlay-type":"","overlay-color":"","overlay-opacity":"","overlay-gradient":""},"tablet":{"background-color":"","background-image":"","background-repeat":"repeat","background-position":"center center","background-size":"auto","background-attachment":"scroll","background-type":"","background-media":"","overlay-type":"","overlay-color":"","overlay-opacity":"","overlay-gradient":""},"mobile":{"background-color":"","background-image":"","background-repeat":"repeat","background-position":"center center","background-size":"auto","background-attachment":"scroll","background-type":"","background-media":"","overlay-type":"","overlay-color":"","overlay-opacity":"","overlay-gradient":""}},"ast-content-background-meta":{"desktop":{"background-color":"var(--ast-global-color-5)","background-image":"","background-repeat":"repeat","background-position":"center center","background-size":"auto","background-attachment":"scroll","background-type":"","background-media":"","overlay-type":"","overlay-color":"","overlay-opacity":"","overlay-gradient":""},"tablet":{"background-color":"var(--ast-global-color-5)","background-image":"","background-repeat":"repeat","background-position":"center center","background-size":"auto","background-attachment":"scroll","background-type":"","background-media":"","overlay-type":"","overlay-color":"","overlay-opacity":"","overlay-gradient":""},"mobile":{"background-color":"var(--ast-global-color-5)","background-image":"","background-repeat":"repeat","background-position":"center center","background-size":"auto","background-attachment":"scroll","background-type":"","background-media":"","overlay-type":"","overlay-color":"","overlay-opacity":"","overlay-gradient":""}}},"product_brand":[],"product_cat":[21],"product_tag":[],"class_list":{"0":"post-2411","1":"product","2":"type-product","3":"status-publish","4":"has-post-thumbnail","6":"product_cat-d-diesel-hammer","7":"desktop-align-left","8":"tablet-align-left","9":"mobile-align-left","11":"first","12":"instock","13":"shipping-taxable","14":"product-type-simple"},"_links":{"self":[{"href":"https:\/\/www.juweihammer.com\/pl\/wp-json\/wp\/v2\/product\/2411","targetHints":{"allow":["GET"]}}],"collection":[{"href":"https:\/\/www.juweihammer.com\/pl\/wp-json\/wp\/v2\/product"}],"about":[{"href":"https:\/\/www.juweihammer.com\/pl\/wp-json\/wp\/v2\/types\/product"}],"version-history":[{"count":2,"href":"https:\/\/www.juweihammer.com\/pl\/wp-json\/wp\/v2\/product\/2411\/revisions"}],"predecessor-version":[{"id":11339,"href":"https:\/\/www.juweihammer.com\/pl\/wp-json\/wp\/v2\/product\/2411\/revisions\/11339"}],"wp:featuredmedia":[{"embeddable":true,"href":"https:\/\/www.juweihammer.com\/pl\/wp-json\/wp\/v2\/media\/2412"}],"wp:attachment":[{"href":"https:\/\/www.juweihammer.com\/pl\/wp-json\/wp\/v2\/media?parent=2411"}],"wp:term":[{"taxonomy":"product_brand","embeddable":true,"href":"https:\/\/www.juweihammer.com\/pl\/wp-json\/wp\/v2\/product_brand?post=2411"},{"taxonomy":"product_cat","embeddable":true,"href":"https:\/\/www.juweihammer.com\/pl\/wp-json\/wp\/v2\/product_cat?post=2411"},{"taxonomy":"product_tag","embeddable":true,"href":"https:\/\/www.juweihammer.com\/pl\/wp-json\/wp\/v2\/product_tag?post=2411"}],"curies":[{"name":"wp","href":"https:\/\/api.w.org\/{rel}","templated":true}]}}