{"id":22614,"date":"2025-10-30T07:15:30","date_gmt":"2025-10-30T07:15:30","guid":{"rendered":"https:\/\/www.juweihammer.com\/?post_type=product&#038;p=22614"},"modified":"2025-10-30T07:28:12","modified_gmt":"2025-10-30T07:28:12","slug":"18ton-hydraulic-impact-pile-driver-hammer-for-deep-foundation","status":"publish","type":"product","link":"https:\/\/www.juweihammer.com\/pl\/produkt\/18ton-hydraulic-impact-pile-driver-hammer-for-deep-foundation\/","title":{"rendered":"18-tonowy hydrauliczny m\u0142ot udarowy do g\u0142\u0119bokich fundament\u00f3w"},"content":{"rendered":"<p><span data-slate-fragment=\"JTVCJTdCJTIydHlwZSUyMiUzQSUyMnBhcmFncmFwaCUyMiUyQyUyMmNoaWxkcmVuJTIyJTNBJTVCJTdCJTIyaWQlMjIlM0ElMjJCWnlwQWdqNVF6JTIyJTJDJTIycGFyYUlkeCUyMiUzQTAlMkMlMjJzcmMlMjIlM0ElMjJKdXdlaSUyMGlzJTIwdGhlJTIwdG9wJTIwMSUyMG1hbnVmYWN0dXJlcnMlMjBhbmQlMjBzdXBwbGllcnMlMjBvZiUyMEREJTIwcmFpbCUyMGhhbW1lcnMlMjBpbiUyMENoaW5hJTIyJTJDJTIyZHN0JTIyJTNBJTIyJUU1JUI3JUE4JUU1JUE4JTgxJUU2JTk4JUFGJUU0JUI4JUFEJUU1JTlCJUJEREQlRTklOTIlQTIlRTglQkQlQTglRTklOTQlQTQlRTclOUElODQlRTclQUMlQUMlRTQlQjglODAlRTUlQTQlQTclRTUlODglQjYlRTklODAlQTAlRTUlOTUlODYlRTUlOTIlOEMlRTQlQkUlOUIlRTUlQkElOTQlRTUlOTUlODYlMjIlMkMlMjJtZXRhZGF0YSUyMiUzQSUyMiUyMiUyQyUyMm1ldGFEYXRhJTIyJTNBJTVCJTVEJTJDJTIydGV4dCUyMiUzQSUyMkp1d2VpJTIwaXMlMjB0aGUlMjB0b3AlMjAxJTIwbWFudWZhY3R1cmVycyUyMGFuZCUyMHN1cHBsaWVycyUyMG9mJTIwREQlMjByYWlsJTIwaGFtbWVycyUyMGluJTIwQ2hpbmElMjIlN0QlNUQlN0QlNUQ=\">Juwei jest jednym z 10 najwi\u0119kszych producent\u00f3w i dostawc\u00f3w hydraulicznych m\u0142ot\u00f3w udarowych na \u015bwiecie. <\/span>Sprz\u0119t do wbijania pali Juwei ma ponad 30-letnie do\u015bwiadczenie w projektowaniu, produkcji i zastosowaniu. <span style=\"color: #0000ff;\"><strong>Kliknij przycisk \"Fabryka\", aby dowiedzie\u0107 si\u0119 wi\u0119cej!<\/strong><\/span><\/p>\n<p><strong><b>#<\/b><\/strong><strong><b>Oszcz\u0119dzanie energii i ochrona \u015brodowiska<\/b><\/strong><\/p>\n<p>Hydrauliczny m\u0142ot udarowy Juwei serii HI jest zasilany przez uk\u0142ad hydrauliczny, kt\u00f3ry umo\u017cliwia precyzyjn\u0105 kontrol\u0119 si\u0142y i cz\u0119stotliwo\u015bci uderzenia. W por\u00f3wnaniu z tradycyjnymi m\u0142otami spalinowymi charakteryzuje si\u0119 niskim poziomem ha\u0142asu, niskim poziomem zanieczyszcze\u0144 i wy\u017csz\u0105 wydajno\u015bci\u0105 konwersji energii.<\/p>\n<p>Szafa zasilaj\u0105ca jest nap\u0119dzana wieloma silnikami, co zapewnia doskona\u0142\u0105 ekonomiczno\u015b\u0107, niezawodno\u015b\u0107 i og\u00f3ln\u0105 wydajno\u015b\u0107.<\/p>\n<p><strong># <\/strong><strong><b>Niezawodno\u015b\u0107 systemu<\/b><\/strong><\/p>\n<p>System jest wyposa\u017cony w wysokiej jako\u015bci komponenty w pompach hydraulicznych, zaworach i cylindrach, kt\u00f3re dobrze radz\u0105 sobie z redukcj\u0105 wibracji, odporno\u015bci\u0105 na uderzenia i trwa\u0142o\u015bci\u0105, zapewniaj\u0105c wysok\u0105 niezawodno\u015b\u0107.<\/p>\n<p>Materia\u0142 rdzenia m\u0142ota i obr\u00f3bka cieplna s\u0105 starannie dobrane, aby zoptymalizowa\u0107 odporno\u015b\u0107 na temperatur\u0119, odporno\u015b\u0107 na zu\u017cycie, poch\u0142anianie wibracji i odporno\u015b\u0107 na uderzenia. Akumulator wysokiego i niskiego ci\u015bnienia ma kompaktow\u0105 konstrukcj\u0119 t\u0142oka, co zwi\u0119ksza jego niezawodno\u015b\u0107.<\/p>\n<p><strong>#<\/strong><strong><b>Szeroki zakres zastosowa\u0144<\/b><\/strong><\/p>\n<p>Wyposa\u017cony w \u0142atwo wymienialne kompozytowe nak\u0142adki na pale, kt\u00f3re mog\u0105 pomie\u015bci\u0107 r\u00f3\u017cne kszta\u0142ty i materia\u0142y pali. Si\u0142a uderzenia i cz\u0119stotliwo\u015b\u0107 m\u0142ota mog\u0105 by\u0107 regulowane i kontrolowane w zale\u017cno\u015bci od warunk\u00f3w geologicznych i wytrzyma\u0142o\u015bci materia\u0142u pala.<\/p>\n<p>Hydrauliczne m\u0142oty do wbijania pali zapewniaj\u0105 ekonomiczne i przyjazne dla \u015brodowiska rozwi\u0105zanie do instalowania stalowych lub betonowych pali zar\u00f3wno w \u015brodowisku l\u0105dowym, jak i morskim. Mog\u0105 by\u0107 obs\u0142ugiwane na kafarach, zawieszeniach d\u017awig\u00f3w, d\u017awigach g\u0105sienicowych, koparkach i barkach.<\/p>\n<ul>\n<li>Bardzo dobrze nadaje si\u0119 do projekt\u00f3w morskich, elektrowni wiatrowych, platform naftowych i gazowych, budowy port\u00f3w i dok\u00f3w oraz most\u00f3w morskich.<\/li>\n<li>Nadaje si\u0119 do r\u00f3\u017cnych fundament\u00f3w budynk\u00f3w, drewnianych grodzic in\u017cynieryjnych, a tak\u017ce obiekt\u00f3w u\u017cyteczno\u015bci publicznej, takich jak elektrownie i stacje uzdatniania wody.<\/li>\n<\/ul>\n<p><span style=\"color: #0000ff;\"><strong>Kliknij przycisk \"Projekt\", aby dowiedzie\u0107 si\u0119 wi\u0119cej!<\/strong><\/span><\/p>\n<p><strong>1TP5Rodzaje p\u0142ytek<\/strong><\/p>\n<p>Hydrauliczny m\u0142ot udarowy Juwei mo\u017ce wbija\u0107 r\u00f3\u017cnego rodzaju pale, w tym prefabrykowane pale betonowe, belki dwuteowe, pale okr\u0105g\u0142e, pale z rur stalowych, pale kwadratowe, pale drewniane itp.<\/p>\n<p><strong>1TP5Rozwi\u0105zania niestandardowe:<\/strong><\/p>\n<p>Nasz zesp\u00f3\u0142 in\u017cynier\u00f3w mo\u017ce dostosowa\u0107 rozwi\u0105zania do sytuacji projektowej klienta. Ze wzgl\u0119du na r\u00f3\u017cne typy, rozmiary i warunki gruntowe pali, wymagana no\u015bno\u015b\u0107 m\u0142ot\u00f3w r\u00f3wnie\u017c mo\u017ce si\u0119 r\u00f3\u017cni\u0107. Mo\u017cesz dostarczy\u0107 raport dotycz\u0105cy adresu gruntu, typu pala i sprz\u0119tu do wbijania pali. Dostarczamy m\u0142oty, kt\u00f3re s\u0105 kompatybilne z projektem.<\/p>\n<p><strong>#Pakowanie i transport<\/strong>:<\/p>\n<p>Opakowanie: Korzystanie z eksportowych standardowych stalowych narz\u0119dzi transportowych do pakowania<br \/>\nTransport: transport kontenerowy 20GP lub 40GP<\/p>\n<p><strong>#Specyfikacja:<\/strong><\/p>\n<div style=\"overflow-x: auto;\">\n<table style=\"border-collapse: collapse; width: 100%;\" border=\"1\" cellspacing=\"0\" cellpadding=\"0\">\n<tbody>\n<tr style=\"height: 20.00pt;\">\n<td style=\"width: 40%;\" align=\"center\"><strong>Specyfikacje<\/strong><\/td>\n<td style=\"width: 30%;\" align=\"center\"><strong>Typ<\/strong><\/td>\n<td style=\"width: 30%;\" align=\"center\"><strong>HI-18<\/strong><\/td>\n<\/tr>\n<tr style=\"height: 20.00pt;\">\n<td style=\"width: 40%;\" align=\"center\">Model zasilacza (opcjonalny)<\/td>\n<td style=\"width: 30%;\" align=\"center\">Silnik wysokopr\u0119\u017cny\/<br \/>\nSilnik elektryczny<\/td>\n<td style=\"width: 30%;\" align=\"center\">DP600\/<br \/>\nEP350<\/td>\n<\/tr>\n<tr style=\"height: 20.00pt;\">\n<td style=\"width: 40%;\" align=\"center\">Maksymalna energia skoku<\/td>\n<td style=\"width: 30%;\" align=\"center\">kN.m<\/td>\n<td style=\"width: 30%;\" align=\"center\">270<\/td>\n<\/tr>\n<tr style=\"height: 24.00pt;\">\n<td style=\"width: 40%;\" align=\"center\">Maks. skok<\/td>\n<td style=\"width: 30%;\" align=\"center\">mm<\/td>\n<td style=\"width: 30%;\" align=\"center\">1500<\/td>\n<\/tr>\n<tr style=\"height: 20.00pt;\">\n<td style=\"width: 40%;\" align=\"center\">Cz\u0119stotliwo\u015b\u0107 (min.\/maks.)<\/td>\n<td style=\"width: 30%;\" align=\"center\">bpm<\/td>\n<td style=\"width: 30%;\" align=\"center\">30\/80<\/td>\n<\/tr>\n<tr style=\"height: 20.00pt;\">\n<td style=\"width: 40%;\" align=\"center\">Waga barana<\/td>\n<td style=\"width: 30%;\" align=\"center\">kg<\/td>\n<td style=\"width: 30%;\" align=\"center\">18000<\/td>\n<\/tr>\n<tr style=\"height: 20.00pt;\">\n<td style=\"width: 40%;\" align=\"center\">Masa ca\u0142kowita (z wyj\u0105tkiem nasadki)<\/td>\n<td style=\"width: 30%;\" align=\"center\">kg<\/td>\n<td style=\"width: 30%;\" align=\"center\">25535<\/td>\n<\/tr>\n<tr style=\"height: 24.00pt;\">\n<td style=\"width: 40%;\" align=\"center\">Ca\u0142kowita wysoko\u015b\u0107 (z wyj\u0105tkiem pokrywy)<\/td>\n<td style=\"width: 30%;\" align=\"center\">mm<\/td>\n<td style=\"width: 30%;\" align=\"center\">5800<\/td>\n<\/tr>\n<tr style=\"height: 20.00pt;\">\n<td style=\"width: 100%; border-right: 1.0pt solid #000000;\" colspan=\"3\" align=\"center\"><strong>Model zasilacza silnika wysokopr\u0119\u017cnego: DP600<\/strong><\/td>\n<\/tr>\n<tr style=\"height: 27.00pt;\">\n<td style=\"width: 40%;\" align=\"center\">Model silnika wysokopr\u0119\u017cnego<\/td>\n<td style=\"width: 100%; border-right: 1.0pt solid #000000;\" colspan=\"3\" align=\"center\">CUMMINS-QSX15-C600\/WEICHAI-WP15H<\/td>\n<\/tr>\n<tr style=\"height: 27.00pt;\">\n<td style=\"width: 40%;\" align=\"center\">Moc silnika wysokopr\u0119\u017cnego<\/td>\n<td style=\"width: 30%;\" align=\"center\">KW<\/td>\n<td style=\"width: 30%;\" align=\"center\">447\/566<\/td>\n<\/tr>\n<tr style=\"height: 20.00pt;\">\n<td style=\"width: 40%;\" align=\"center\">Ci\u015bnienie znamionowe<\/td>\n<td style=\"width: 30%;\" align=\"center\">Mpa<\/td>\n<td style=\"width: 30%;\" align=\"center\">25<\/td>\n<\/tr>\n<tr style=\"height: 15.75pt;\">\n<td style=\"width: 40%;\" align=\"center\">Maks. przep\u0142yw<\/td>\n<td style=\"width: 30%;\" align=\"center\">L\/min<\/td>\n<td style=\"width: 30%;\" align=\"center\">770<\/td>\n<\/tr>\n<tr style=\"height: 15.75pt;\">\n<td style=\"width: 40%;\" align=\"center\">Zbiornik oleju hydraulicznego<\/td>\n<td style=\"width: 30%;\" align=\"center\">L<\/td>\n<td style=\"width: 30%;\" align=\"center\">2310<\/td>\n<\/tr>\n<tr style=\"height: 15.75pt;\">\n<td style=\"width: 40%;\" align=\"center\">Zbiornik oleju nap\u0119dowego<\/td>\n<td style=\"width: 30%;\" align=\"center\">L<\/td>\n<td style=\"width: 30%;\" align=\"center\">750<\/td>\n<\/tr>\n<tr style=\"height: 15.75pt;\">\n<td style=\"width: 40%;\" align=\"center\">Waga netto<\/td>\n<td style=\"width: 30%;\" align=\"center\">kg<\/td>\n<td style=\"width: 30%;\" align=\"center\">7250<\/td>\n<\/tr>\n<tr style=\"height: 20.00pt;\">\n<td style=\"width: 100%; border-right: 1.0pt solid #000000;\" colspan=\"3\" align=\"center\"><strong>Model zasilacza silnika elektrycznego: EP350<\/strong><\/td>\n<\/tr>\n<tr style=\"height: 27.00pt;\">\n<td style=\"width: 40%;\" align=\"center\">Moc silnika<\/td>\n<td style=\"width: 30%;\" align=\"center\">KW<\/td>\n<td style=\"width: 30%;\" align=\"center\">90\u00d73<\/td>\n<\/tr>\n<tr style=\"height: 20.00pt;\">\n<td style=\"width: 40%;\" align=\"center\">Ci\u015bnienie znamionowe<\/td>\n<td style=\"width: 30%;\" align=\"center\">Mpa<\/td>\n<td style=\"width: 30%;\" align=\"center\">23<\/td>\n<\/tr>\n<tr style=\"height: 15.75pt;\">\n<td style=\"width: 40%;\" align=\"center\">Maks. przep\u0142yw<\/td>\n<td style=\"width: 30%;\" align=\"center\">L\/min<\/td>\n<td style=\"width: 30%;\" align=\"center\">760<\/td>\n<\/tr>\n<tr style=\"height: 15.75pt;\">\n<td style=\"width: 40%;\" align=\"center\">Zbiornik oleju hydraulicznego<\/td>\n<td style=\"width: 30%;\" align=\"center\">L<\/td>\n<td style=\"width: 30%;\" align=\"center\">2280<\/td>\n<\/tr>\n<tr style=\"height: 15.75pt;\">\n<td style=\"width: 40%;\" align=\"center\">Waga netto<\/td>\n<td style=\"width: 30%;\" align=\"center\">kg<\/td>\n<td style=\"width: 30%;\" align=\"center\">6650<\/td>\n<\/tr>\n<\/tbody>\n<\/table>\n<\/div>","protected":false},"excerpt":{"rendered":"<p>Hydrauliczny m\u0142ot udarowy Juwei serii HI ma prost\u0105 konstrukcj\u0119, kt\u00f3ra mo\u017ce podnie\u015b\u0107 rdze\u0144 m\u0142ota za pomoc\u0105 energii hydraulicznej, a nast\u0119pnie wykorzysta\u0107 grawitacyjn\u0105 energi\u0119 potencjaln\u0105 do uderzenia w koniec pala.<\/p>\n<ul>\n<li>Model: HI-18<\/li>\n<li>Ram Waga: 18 ton<\/li>\n<li>Maks. Energia: 270 kj<\/li>\n<li>Zastosowanie kompozytowych nak\u0142adek na pale<\/li>\n<li>Wysoka wydajno\u015b\u0107 wykorzystania energii<\/li>\n<li>\u0141atwo\u015b\u0107 obs\u0142ugi i konserwacji<\/li>\n<li>Uk\u0142ad hydrauliczny zapewnia zasilanie<\/li>\n<\/ul>","protected":false},"featured_media":2608,"template":"","meta":{"_seopress_robots_primary_cat":"none","_seopress_titles_title":"18ton Hydraulic Impact Pile Driver Hammer for Deep Foundation","_seopress_titles_desc":"JUWEI 18ton hydraulic impact pile hammer. It's ideal for offshore projects, wind power, oil and gas platforms, bridges and various building foundations.","_seopress_robots_index":"","site-sidebar-layout":"default","site-content-layout":"","ast-site-content-layout":"default","site-content-style":"default","site-sidebar-style":"default","ast-global-header-display":"","ast-banner-title-visibility":"","ast-main-header-display":"","ast-hfb-above-header-display":"","ast-hfb-below-header-display":"","ast-hfb-mobile-header-display":"","site-post-title":"","ast-breadcrumbs-content":"","ast-featured-img":"","footer-sml-layout":"","theme-transparent-header-meta":"default","adv-header-id-meta":"","stick-header-meta":"","header-above-stick-meta":"","header-main-stick-meta":"","header-below-stick-meta":"","astra-migrate-meta-layouts":"set","ast-page-background-enabled":"default","ast-page-background-meta":{"desktop":{"background-color":"var(--ast-global-color-4)","background-image":"","background-repeat":"repeat","background-position":"center center","background-size":"auto","background-attachment":"scroll","background-type":"","background-media":"","overlay-type":"","overlay-color":"","overlay-opacity":"","overlay-gradient":""},"tablet":{"background-color":"","background-image":"","background-repeat":"repeat","background-position":"center center","background-size":"auto","background-attachment":"scroll","background-type":"","background-media":"","overlay-type":"","overlay-color":"","overlay-opacity":"","overlay-gradient":""},"mobile":{"background-color":"","background-image":"","background-repeat":"repeat","background-position":"center center","background-size":"auto","background-attachment":"scroll","background-type":"","background-media":"","overlay-type":"","overlay-color":"","overlay-opacity":"","overlay-gradient":""}},"ast-content-background-meta":{"desktop":{"background-color":"var(--ast-global-color-5)","background-image":"","background-repeat":"repeat","background-position":"center center","background-size":"auto","background-attachment":"scroll","background-type":"","background-media":"","overlay-type":"","overlay-color":"","overlay-opacity":"","overlay-gradient":""},"tablet":{"background-color":"var(--ast-global-color-5)","background-image":"","background-repeat":"repeat","background-position":"center center","background-size":"auto","background-attachment":"scroll","background-type":"","background-media":"","overlay-type":"","overlay-color":"","overlay-opacity":"","overlay-gradient":""},"mobile":{"background-color":"var(--ast-global-color-5)","background-image":"","background-repeat":"repeat","background-position":"center center","background-size":"auto","background-attachment":"scroll","background-type":"","background-media":"","overlay-type":"","overlay-color":"","overlay-opacity":"","overlay-gradient":""}}},"product_brand":[],"product_cat":[23],"product_tag":[],"class_list":{"0":"post-22614","1":"product","2":"type-product","3":"status-publish","4":"has-post-thumbnail","6":"product_cat-pile-hydraulic-impact-hammers","7":"desktop-align-left","8":"tablet-align-left","9":"mobile-align-left","11":"first","12":"instock","13":"shipping-taxable","14":"product-type-simple"},"_links":{"self":[{"href":"https:\/\/www.juweihammer.com\/pl\/wp-json\/wp\/v2\/product\/22614","targetHints":{"allow":["GET"]}}],"collection":[{"href":"https:\/\/www.juweihammer.com\/pl\/wp-json\/wp\/v2\/product"}],"about":[{"href":"https:\/\/www.juweihammer.com\/pl\/wp-json\/wp\/v2\/types\/product"}],"version-history":[{"count":4,"href":"https:\/\/www.juweihammer.com\/pl\/wp-json\/wp\/v2\/product\/22614\/revisions"}],"predecessor-version":[{"id":22622,"href":"https:\/\/www.juweihammer.com\/pl\/wp-json\/wp\/v2\/product\/22614\/revisions\/22622"}],"wp:featuredmedia":[{"embeddable":true,"href":"https:\/\/www.juweihammer.com\/pl\/wp-json\/wp\/v2\/media\/2608"}],"wp:attachment":[{"href":"https:\/\/www.juweihammer.com\/pl\/wp-json\/wp\/v2\/media?parent=22614"}],"wp:term":[{"taxonomy":"product_brand","embeddable":true,"href":"https:\/\/www.juweihammer.com\/pl\/wp-json\/wp\/v2\/product_brand?post=22614"},{"taxonomy":"product_cat","embeddable":true,"href":"https:\/\/www.juweihammer.com\/pl\/wp-json\/wp\/v2\/product_cat?post=22614"},{"taxonomy":"product_tag","embeddable":true,"href":"https:\/\/www.juweihammer.com\/pl\/wp-json\/wp\/v2\/product_tag?post=22614"}],"curies":[{"name":"wp","href":"https:\/\/api.w.org\/{rel}","templated":true}]}}