{"id":2572,"date":"2024-07-24T05:52:18","date_gmt":"2024-07-24T05:52:18","guid":{"rendered":"https:\/\/www.juweihammer.com\/?post_type=product&#038;p=2572"},"modified":"2024-11-08T02:47:33","modified_gmt":"2024-11-08T02:47:33","slug":"dd35-3-5ton-pile-diesel-hammer-for-sale-china-factory","status":"publish","type":"product","link":"https:\/\/www.juweihammer.com\/nl\/product\/dd35-3-5ton-pile-diesel-hammer-for-sale-china-factory\/","title":{"rendered":"DD35 3.5ton Stapeldiesel Hamer te koop | Fabriek van China"},"content":{"rendered":"<p><span data-slate-fragment=\"JTVCJTdCJTIydHlwZSUyMiUzQSUyMnBhcmFncmFwaCUyMiUyQyUyMmNoaWxkcmVuJTIyJTNBJTVCJTdCJTIyaWQlMjIlM0ElMjJCWnlwQWdqNVF6JTIyJTJDJTIycGFyYUlkeCUyMiUzQTAlMkMlMjJzcmMlMjIlM0ElMjJKdXdlaSUyMGlzJTIwdGhlJTIwdG9wJTIwMSUyMG1hbnVmYWN0dXJlcnMlMjBhbmQlMjBzdXBwbGllcnMlMjBvZiUyMEREJTIwcmFpbCUyMGhhbW1lcnMlMjBpbiUyMENoaW5hJTIyJTJDJTIyZHN0JTIyJTNBJTIyJUU1JUI3JUE4JUU1JUE4JTgxJUU2JTk4JUFGJUU0JUI4JUFEJUU1JTlCJUJEREQlRTklOTIlQTIlRTglQkQlQTglRTklOTQlQTQlRTclOUElODQlRTclQUMlQUMlRTQlQjglODAlRTUlQTQlQTclRTUlODglQjYlRTklODAlQTAlRTUlOTUlODYlRTUlOTIlOEMlRTQlQkUlOUIlRTUlQkElOTQlRTUlOTUlODYlMjIlMkMlMjJtZXRhZGF0YSUyMiUzQSUyMiUyMiUyQyUyMm1ldGFEYXRhJTIyJTNBJTVCJTVEJTJDJTIydGV4dCUyMiUzQSUyMkp1d2VpJTIwaXMlMjB0aGUlMjB0b3AlMjAxJTIwbWFudWZhY3R1cmVycyUyMGFuZCUyMHN1cHBsaWVycyUyMG9mJTIwREQlMjByYWlsJTIwaGFtbWVycyUyMGluJTIwQ2hpbmElMjIlN0QlNUQlN0QlNUQ=\">Juwei is de top 1 fabrikant en leverancier van DD-geleidestang diesel heihamer in China. <\/span>Juwei's DD-serie diesel heihamer heeft meer dan 30 jaar ervaring in ontwerp, productie en toepassing. <span style=\"color: #0000ff;\"><strong>Klik op de knop \"Factory\" voor meer informatie!<\/strong><\/span><\/p>\n<p><strong>De D-geleidestang dieselhamer kan worden onderverdeeld in lichte, middelzware en zware types.<\/strong><\/p>\n<p><strong><b># Licht Model<\/b><\/strong><\/p>\n<p>Model omvat: DD4, DD6, DD12, DD18, DD25, DD30<\/p>\n<p>De lichtgewicht dieselhamer met geleidestang is ontworpen voor het ondergronds heien van gewapend beton, metalen palen, houten palen en damplanken. Dit multifunctionele apparaat is van cruciaal belang in diverse bouwtoepassingen, waaronder:<\/p>\n<ul>\n<li>Projecten Elektriciteitstechniek<\/li>\n<li>Stichting Olie- en Gasindustrie<\/li>\n<li>Bouw van funderingen en platforms voor industri\u00eble en civiele gebouwen<\/li>\n<\/ul>\n<p>Deze heimachines worden meestal ge\u00efnstalleerd op machines op rupsbanden en op wielen. Bij de modernisering van rupskranen en graafmachines worden heipalen ge\u00efnstalleerd om effici\u00ebnt te kunnen werken.<\/p>\n<p>De belangrijkste kenmerken van deze lichtgewicht heimachine zijn de enorme slagkracht en de duurzame zuigerveren. Deze hamer wordt op grote schaal ge\u00ebxporteerd naar regio's als Rusland, Indonesi\u00eb, de Filippijnen, Afrika en Zuidoost-Azi\u00eb, en zijn betrouwbaarheid en prestaties zijn erkend.<\/p>\n<p><strong># Medium Model<\/strong><\/p>\n<p>De modellen omvatten: DD35, DD45, DD55, DD65, DD75, DD85, DD105<\/p>\n<p>De middelgrote heihamer met geleidestang is geschikt voor het heien van diverse soorten palen, waaronder gewapend betonpalen, stalen palen, damplanken, H-balken, ronde palen, vierkante palen en houten palen. Deze middelgrote heimachine is zeer geschikt voor funderings- en ondersteuningsconstructies op de volgende gebieden:<\/p>\n<ul>\n<li>Olie- en gasindustrie<\/li>\n<li>Elektriciteit en energie<\/li>\n<li>Industrie<\/li>\n<li>civiele techniek<\/li>\n<li>waterbouwkunde<\/li>\n<\/ul>\n<p>Deze heihamer is compatibel met rupskranen, graafmachines, heiblokken met masten, drijvende heiblokken en wandelende heiblokken, en is veelzijdig en effici\u00ebnt.<br \/>\nOnze middelgrote DD-dieselhamers worden op grote schaal ge\u00ebxporteerd naar Zuidoost-Azi\u00eb, het Midden-Oosten, Europa, Afrika en Zuid-Amerika.<\/p>\n<p><strong>#Heavy Model<\/strong><\/p>\n<p>De modellen omvatten: DD128, DD160, DD180, DD200, DD220, DD300, DD350, DD400, DD450, DD500<\/p>\n<p>De zware DD hei-dieselhamer heeft de zwaarste slagcomponent, waardoor het de meest effici\u00ebnte uitrusting is voor heiwerkzaamheden. Het is een ideale keuze voor de volgende doeleinden:<\/p>\n<ul>\n<li><span data-slate-fragment=\"JTVCJTdCJTIydHlwZSUyMiUzQSUyMnBhcmFncmFwaCUyMiUyQyUyMmNoaWxkcmVuJTIyJTNBJTVCJTdCJTIyaWQlMjIlM0ElMjJlRU5SazlnUjdWJTIyJTJDJTIycGFyYUlkeCUyMiUzQTElMkMlMjJzcmMlMjIlM0ElMjJPZmZzaG9yZSUyME9wZXJhdGlvbnMlMjIlMkMlMjJkc3QlMjIlM0ElMjJPZmZzaG9yZSUyME9wZXJhdGlvbnMlMjIlMkMlMjJtZXRhZGF0YSUyMiUzQSUyMiUyMiUyQyUyMm1ldGFEYXRhJTIyJTNBJTVCJTVEJTJDJTIydGV4dCUyMiUzQSUyMk9mZnNob3JlJTIwT3BlcmF0aW9ucyUyMiU3RCU1RCU3RCU1RA==\">Offshore activiteiten<\/span><\/li>\n<li><span data-slate-fragment=\"JTVCJTdCJTIydHlwZSUyMiUzQSUyMnBhcmFncmFwaCUyMiUyQyUyMmNoaWxkcmVuJTIyJTNBJTVCJTdCJTIyaWQlMjIlM0ElMjJCbzEwNjRQMG5WJTIyJTJDJTIycGFyYUlkeCUyMiUzQTIlMkMlMjJzcmMlMjIlM0ElMjJPZmZzaG9yZSUyMERyaWxsaW5nJTIwUGxhdGZvcm1zJTIyJTJDJTIyZHN0JTIyJTNBJTIyT2Zmc2hvcmUlMjBEcmlsbGluZyUyMFBsYXRmb3JtcyUyMiUyQyUyMm1ldGFkYXRhJTIyJTNBJTIyJTIyJTJDJTIybWV0YURhdGElMjIlM0ElNUIlNUQlMkMlMjJ0ZXh0JTIyJTNBJTIyT2Zmc2hvcmUlMjBEcmlsbGluZyUyMFBsYXRmb3JtcyUyMiU3RCU1RCU3RCU1RA==\">Offshore boorplatforms<\/span><\/li>\n<li><span data-slate-fragment=\"JTVCJTdCJTIydHlwZSUyMiUzQSUyMnBhcmFncmFwaCUyMiUyQyUyMmNoaWxkcmVuJTIyJTNBJTVCJTdCJTIyaWQlMjIlM0ElMjJWMHJZOW9MWUFCJTIyJTJDJTIycGFyYUlkeCUyMiUzQTMlMkMlMjJzcmMlMjIlM0ElMjJEZWVwd2F0ZXIlMjBQb3J0cyUyMiUyQyUyMmRzdCUyMiUzQSUyMkRlZXB3YXRlciUyMFBvcnRzJTIyJTJDJTIybWV0YWRhdGElMjIlM0ElMjIlMjIlMkMlMjJtZXRhRGF0YSUyMiUzQSU1QiU1RCUyQyUyMnRleHQlMjIlM0ElMjJEZWVwd2F0ZXIlMjBQb3J0cyUyMiU3RCU1RCU3RCU1RA==\">Diepwaterhavens<\/span><\/li>\n<li><span data-slate-fragment=\"JTVCJTdCJTIydHlwZSUyMiUzQSUyMnBhcmFncmFwaCUyMiUyQyUyMmNoaWxkcmVuJTIyJTNBJTVCJTdCJTIyaWQlMjIlM0ElMjJlSlJHNGdPR0RlJTIyJTJDJTIycGFyYUlkeCUyMiUzQTQlMkMlMjJzcmMlMjIlM0ElMjJCcmlkZ2UlMjBDb25zdHJ1Y3Rpb24lMjIlMkMlMjJkc3QlMjIlM0ElMjJCcmlkZ2UlMjBDb25zdHJ1Y3Rpb24lMjIlMkMlMjJtZXRhZGF0YSUyMiUzQSUyMiUyMiUyQyUyMm1ldGFEYXRhJTIyJTNBJTVCJTVEJTJDJTIydGV4dCUyMiUzQSUyMkJyaWRnZSUyMENvbnN0cnVjdGlvbiUyMiU3RCU1RCU3RCU1RA==\">Brugconstructie<\/span><\/li>\n<li><span data-slate-fragment=\"JTVCJTdCJTIydHlwZSUyMiUzQSUyMnBhcmFncmFwaCUyMiUyQyUyMmNoaWxkcmVuJTIyJTNBJTVCJTdCJTIyaWQlMjIlM0ElMjJCWHd5RFBPeTd6JTIyJTJDJTIycGFyYUlkeCUyMiUzQTUlMkMlMjJzcmMlMjIlM0ElMjJCb3RoJTIwVGVycmVzdHJpYWwlMjBhbmQlMjBBcXVhdGljJTIwQnVpbGRpbmclMjBQcm9qZWN0cyUyMiUyQyUyMmRzdCUyMiUzQSUyMkJvdGglMjBUZXJyZXN0cmlhbCUyMGFuZCUyMEFxdWF0aWMlMjBCdWlsZGluZyUyMFByb2plY3RzJTIyJTJDJTIybWV0YWRhdGElMjIlM0ElMjIlMjIlMkMlMjJtZXRhRGF0YSUyMiUzQSU1QiU1RCUyQyUyMnRleHQlMjIlM0ElMjJUZXJyZXN0cmlhbCUyMGFuZCUyMEFxdWF0aWMlMjBCdWlsZGluZyUyMFByb2plY3RzJTIyJTdEJTVEJTdEJTVE\">Bouwprojecten op het land en in het water<\/span><\/li>\n<\/ul>\n<p>Onze dieselhamers voor zwaar gebruik worden veel gebruikt in Noord-Amerika, Zuid-Amerika, het Midden-Oosten, Azi\u00eb, Afrika, Europa, Rusland en Turkije.<br \/>\nDD-128 en DD-200: uitgerust met twee geleiderails voor het verplaatsen van botscomponenten.<br \/>\nDD-300 en zwaardere modellen: met behulp van vier geleiderails, stapelbaar met een helling van 1:3<\/p>\n<p><span style=\"color: #0000ff;\"><strong>Klik op de knop \"DD Serie Details\" voor meer informatie!<\/strong><\/span><\/p>\n<p><strong>1TP5Klantspecifieke oplossingen:<\/strong><\/p>\n<p>Ons ingenieursteam kan oplossingen op maat maken op basis van uw projectsituatie. U kunt een bodemrapport, paaltype en heimachine aanleveren. Wij leveren een cilinderhamer die compatibel is met het ontwerp.<\/p>\n<p><strong>1TP5Verpakking en transport<\/strong>:<\/p>\n<p>Verpakking: Het gebruiken van de hulpmiddelen van het de uitvoer standaardstaalvervoer voor verpakking<br \/>\nTransport: 20GP of 40GP containervervoer<\/p>\n<p><strong>#Specificaties:<\/strong><\/p>\n<style>\n    .table-container {<br \/>        overflow-x: auto;<br \/>        margin: 0 auto;<br \/>    }<br \/>    table {<br \/>        width: 100%;<br \/>        border-collapse: collapse;<br \/>    }<br \/>    th, td {<br \/>        padding: 8px;<br \/>        border: 1px solid #ddd;<br \/>        text-align: left;<br \/>    }<br \/>    @media screen and (max-width: 600px) {<br \/>        table, thead, tbody, th, td, tr {<br \/>            display: block;<br \/>            width: 100%;<br \/>        }<br \/>        thead tr {<br \/>            display: none;<br \/>        }<br \/>        tr {<br \/>            margin-bottom: 15px;<br \/>        }<br \/>        td {<br \/>            text-align: right;<br \/>            padding-left: 50%;<br \/>            position: relative;<br \/>        }<br \/>        td:before {<br \/>            content: attr(data-label);<br \/>            position: absolute;<br \/>            left: 0;<br \/>            width: 50%;<br \/>            padding-left: 10px;<br \/>            font-weight: bold;<br \/>            text-align: left;<br \/>        }<br \/>    }<br \/><\/style>\n<div class=\"table-container\">\n<table>\n<thead>\n<tr>\n<th>Specificaties<\/th>\n<th>Type<\/th>\n<th>DD35<\/th>\n<\/tr>\n<\/thead>\n<tbody>\n<tr>\n<td data-label=\"Specifications\">Cilinder Complexe massa<\/td>\n<td data-label=\"Type\">kg<\/td>\n<td data-label=\"DD25\">3500<\/td>\n<\/tr>\n<tr>\n<td data-label=\"Specifications\">Max. Cilinderslag<\/td>\n<td data-label=\"Type\">m<\/td>\n<td data-label=\"DD25\">2.8<\/td>\n<\/tr>\n<tr>\n<td data-label=\"Specifications\">Frequentie<\/td>\n<td data-label=\"Type\">min-l<\/td>\n<td data-label=\"DD25\">40~50<\/td>\n<\/tr>\n<tr>\n<td data-label=\"Specifications\">Max. Energie<\/td>\n<td data-label=\"Type\">kj<\/td>\n<td data-label=\"DD25\">98<\/td>\n<\/tr>\n<tr>\n<td data-label=\"Specifications\">Olieverbruik<\/td>\n<td data-label=\"Type\">L\/u<\/td>\n<td data-label=\"DD25\">12<\/td>\n<\/tr>\n<tr>\n<td data-label=\"Specifications\">Explosiekracht Stapel<\/td>\n<td data-label=\"Type\">KN<\/td>\n<td data-label=\"DD25\">1250<\/td>\n<\/tr>\n<tr>\n<td data-label=\"Specifications\">Verminderingsratio<\/td>\n<td data-label=\"Type\"><\/td>\n<td data-label=\"DD25\">22<\/td>\n<\/tr>\n<tr>\n<td data-label=\"Specifications\">Hamer massa<\/td>\n<td data-label=\"Type\">kg<\/td>\n<td data-label=\"DD25\">6100<\/td>\n<\/tr>\n<tr>\n<td data-label=\"Specifications\">Gids Afstand<\/td>\n<td data-label=\"Type\">mm<\/td>\n<td data-label=\"DD25\">360\/330<\/td>\n<\/tr>\n<\/tbody>\n<\/table>\n<h2>DD35 Stapelhamer te koop Verpakking<\/h2>\n<p><img fetchpriority=\"high\" decoding=\"async\" class=\"size-full wp-image-11327\" src=\"https:\/\/www.juweihammer.com\/wp-content\/uploads\/2024\/09\/DD-guide-rod-diesel-hammer-packaging.webp\" alt=\"DD geleidestang diesel hamer verpakking\" width=\"975\" height=\"696\" srcset=\"https:\/\/www.juweihammer.com\/wp-content\/uploads\/2024\/09\/DD-guide-rod-diesel-hammer-packaging.webp 975w, https:\/\/www.juweihammer.com\/wp-content\/uploads\/2024\/09\/DD-guide-rod-diesel-hammer-packaging-768x548.webp 768w, https:\/\/www.juweihammer.com\/wp-content\/uploads\/2024\/09\/DD-guide-rod-diesel-hammer-packaging-18x12.webp 18w, https:\/\/www.juweihammer.com\/wp-content\/uploads\/2024\/09\/DD-guide-rod-diesel-hammer-packaging-600x428.webp 600w\" sizes=\"(max-width: 975px) 100vw, 975px\" \/><\/p>\n<\/div>","protected":false},"excerpt":{"rendered":"<p>DD-serie geleidestang diesel heihamer: Het is een heimachine die werkt volgens het principe van een tweetakt verbrandingsmotor.<\/p>\n<ul>\n<li>Cilinder Complex Massa: 3,5 ton<\/li>\n<li>Max. Energie: 98 Kj<\/li>\n<li>Eenvoudige structuur<\/li>\n<li><span data-slate-fragment=\"JTVCJTdCJTIydHlwZSUyMiUzQSUyMnBhcmFncmFwaCUyMiUyQyUyMmNoaWxkcmVuJTIyJTNBJTVCJTdCJTIyaWQlMjIlM0ElMjJlM29YZGRuUVllJTIyJTJDJTIycGFyYUlkeCUyMiUzQTAlMkMlMjJzcmMlMjIlM0ElMjJIaWdoJTIwU3RyaWtlJTIwV2ZmaWNpZW5jeSUyMiUyQyUyMmRzdCUyMiUzQSUyMiVFOSVBQiU5OCVFNiU4OSU5MyVFNSU4NyVCQiVFNiU5NSU4OCVFNyU4RSU4NyUyMiUyQyUyMm1ldGFkYXRhJTIyJTNBJTIyJTIyJTJDJTIybWV0YURhdGElMjIlM0ElNUIlNUQlMkMlMjJ0ZXh0JTIyJTNBJTIySGlnaCUyMFN0cmlrZSUyMFdmZmljaWVuY3klMjIlN0QlNUQlN0QlNUQ=\">Concurrerende prijzen<\/span><\/li>\n<li>Gemakkelijker te starten<\/li>\n<li>Handig onderhoud<\/li>\n<\/ul>","protected":false},"featured_media":2555,"template":"","meta":{"_seopress_robots_primary_cat":"none","_seopress_titles_title":"DD35 3.5ton Pile Diesel Hammer for Sale - China Factory","_seopress_titles_desc":"JUWEI factory DD35 3.5ton pile diesel hammer for sale. It has the cheapest price! Contact Us Now!","_seopress_robots_index":"","site-sidebar-layout":"default","site-content-layout":"","ast-site-content-layout":"default","site-content-style":"default","site-sidebar-style":"default","ast-global-header-display":"","ast-banner-title-visibility":"","ast-main-header-display":"","ast-hfb-above-header-display":"","ast-hfb-below-header-display":"","ast-hfb-mobile-header-display":"","site-post-title":"","ast-breadcrumbs-content":"","ast-featured-img":"","footer-sml-layout":"","theme-transparent-header-meta":"default","adv-header-id-meta":"","stick-header-meta":"","header-above-stick-meta":"","header-main-stick-meta":"","header-below-stick-meta":"","astra-migrate-meta-layouts":"set","ast-page-background-enabled":"default","ast-page-background-meta":{"desktop":{"background-color":"var(--ast-global-color-4)","background-image":"","background-repeat":"repeat","background-position":"center center","background-size":"auto","background-attachment":"scroll","background-type":"","background-media":"","overlay-type":"","overlay-color":"","overlay-opacity":"","overlay-gradient":""},"tablet":{"background-color":"","background-image":"","background-repeat":"repeat","background-position":"center center","background-size":"auto","background-attachment":"scroll","background-type":"","background-media":"","overlay-type":"","overlay-color":"","overlay-opacity":"","overlay-gradient":""},"mobile":{"background-color":"","background-image":"","background-repeat":"repeat","background-position":"center center","background-size":"auto","background-attachment":"scroll","background-type":"","background-media":"","overlay-type":"","overlay-color":"","overlay-opacity":"","overlay-gradient":""}},"ast-content-background-meta":{"desktop":{"background-color":"var(--ast-global-color-5)","background-image":"","background-repeat":"repeat","background-position":"center center","background-size":"auto","background-attachment":"scroll","background-type":"","background-media":"","overlay-type":"","overlay-color":"","overlay-opacity":"","overlay-gradient":""},"tablet":{"background-color":"var(--ast-global-color-5)","background-image":"","background-repeat":"repeat","background-position":"center center","background-size":"auto","background-attachment":"scroll","background-type":"","background-media":"","overlay-type":"","overlay-color":"","overlay-opacity":"","overlay-gradient":""},"mobile":{"background-color":"var(--ast-global-color-5)","background-image":"","background-repeat":"repeat","background-position":"center center","background-size":"auto","background-attachment":"scroll","background-type":"","background-media":"","overlay-type":"","overlay-color":"","overlay-opacity":"","overlay-gradient":""}}},"product_brand":[],"product_cat":[22],"product_tag":[],"class_list":{"0":"post-2572","1":"product","2":"type-product","3":"status-publish","4":"has-post-thumbnail","6":"product_cat-dd-guide-rod-diesel-pile-hammer","7":"desktop-align-left","8":"tablet-align-left","9":"mobile-align-left","11":"first","12":"instock","13":"shipping-taxable","14":"product-type-simple"},"_links":{"self":[{"href":"https:\/\/www.juweihammer.com\/nl\/wp-json\/wp\/v2\/product\/2572","targetHints":{"allow":["GET"]}}],"collection":[{"href":"https:\/\/www.juweihammer.com\/nl\/wp-json\/wp\/v2\/product"}],"about":[{"href":"https:\/\/www.juweihammer.com\/nl\/wp-json\/wp\/v2\/types\/product"}],"version-history":[{"count":2,"href":"https:\/\/www.juweihammer.com\/nl\/wp-json\/wp\/v2\/product\/2572\/revisions"}],"predecessor-version":[{"id":11357,"href":"https:\/\/www.juweihammer.com\/nl\/wp-json\/wp\/v2\/product\/2572\/revisions\/11357"}],"wp:featuredmedia":[{"embeddable":true,"href":"https:\/\/www.juweihammer.com\/nl\/wp-json\/wp\/v2\/media\/2555"}],"wp:attachment":[{"href":"https:\/\/www.juweihammer.com\/nl\/wp-json\/wp\/v2\/media?parent=2572"}],"wp:term":[{"taxonomy":"product_brand","embeddable":true,"href":"https:\/\/www.juweihammer.com\/nl\/wp-json\/wp\/v2\/product_brand?post=2572"},{"taxonomy":"product_cat","embeddable":true,"href":"https:\/\/www.juweihammer.com\/nl\/wp-json\/wp\/v2\/product_cat?post=2572"},{"taxonomy":"product_tag","embeddable":true,"href":"https:\/\/www.juweihammer.com\/nl\/wp-json\/wp\/v2\/product_tag?post=2572"}],"curies":[{"name":"wp","href":"https:\/\/api.w.org\/{rel}","templated":true}]}}