{"id":2432,"date":"2024-07-22T07:57:23","date_gmt":"2024-07-22T07:57:23","guid":{"rendered":"https:\/\/www.juweihammer.com\/?post_type=product&#038;p=2432"},"modified":"2024-11-08T02:23:43","modified_gmt":"2024-11-08T02:23:43","slug":"china-d138-diesel-pile-hammer-supplier-customized-oem","status":"publish","type":"product","link":"https:\/\/www.juweihammer.com\/nl\/product\/china-d138-diesel-pile-hammer-supplier-customized-oem\/","title":{"rendered":"China D138 Diesel Stapelhamer Leverancier - Aangepaste &amp; OEM"},"content":{"rendered":"<p>Als een van<strong> de top 10<\/strong> piel diesel hamer fabrikanten en leveranciers in wereldwijd. Juwei's D-serie diesel heihamer kan bogen op meer dan 30 jaar ervaring in ontwerp, productie en toepassing. <span style=\"color: #0000ff;\"><strong>Klik op \"Fabriek\" voor meer informatie over onze fabriek.<\/strong><\/span><span style=\"color: #000080;\">!<\/span><\/p>\n<p><strong>#All <span data-slate-fragment=\"JTVCJTdCJTIydHlwZSUyMiUzQSUyMnBhcmFncmFwaCUyMiUyQyUyMmNoaWxkcmVuJTIyJTNBJTVCJTdCJTIyaWQlMjIlM0ElMjJlYk40UmdFcXBlJTIyJTJDJTIycGFyYUlkeCUyMiUzQTQlMkMlMjJzcmMlMjIlM0ElMjJDb21wbGV0ZSUyME1vZGVsJTIwUmFuZ2UlMjBvZiUyMEQlMjBTZXJpZXMlMjBUdWJ1bGFyJTIwRGllc2VsJTIwUGlsZSUyMERyaXZlciUyMEhhbW1lcnMlMjIlMkMlMjJkc3QlMjIlM0ElMjJEJUU3JUIzJUJCJUU1JTg4JTk3JUU3JUFFJUExJUU3JThBJUI2JUU2JTlGJUI0JUU2JUIyJUI5JUU2JTg5JTkzJUU2JUExJUE5JUU5JTk0JUE0JUU3JTlBJTg0JUU1JUFFJThDJUU2JTk1JUI0JUU1JTlFJThCJUU1JThGJUI3JUU3JUIzJUJCJUU1JTg4JTk3JTIyJTJDJTIybWV0YWRhdGElMjIlM0ElMjIlMjIlMkMlMjJtZXRhRGF0YSUyMiUzQSU1QiU1RCUyQyUyMnRleHQlMjIlM0ElMjJDb21wbGV0ZSUyME1vZGVsJTIyJTdEJTVEJTdEJTVE\">Model<\/span> van D Serie Diesel Hamers<\/strong><\/p>\n<p>D12: 1,28 ton, D16: 1,6 ton, D19: 1,82 ton, D25: 2,5 ton, D30: 3 ton, D36: 3,6 ton, D46: 4,6 ton, D50: 5 ton, D62:6.2 ton, D80: 80 ton, D100: 10 ton, D128: 12,8 ton, D138: 13,8 ton, D160: 16 ton, D180: 18 ton, D225: 22,5 ton, D265: 26,5 ton, D320: 32 ton, D400: 40 ton. \u00a0<span style=\"color: #0000ff;\"><strong><span class=\"null\" data-slate-leaf=\"true\" data-sent-id=\"VpbK2QLMrB\">Klik voor gedetailleerde informatie op de knop \"D Series Details\".<\/span><\/strong><\/span><\/p>\n<p><strong>1TP5Klantspecifieke oplossingen:<\/strong><\/p>\n<p>Ons engineeringteam kan oplossingen op maat bieden <span data-slate-fragment=\"JTVCJTdCJTIydHlwZSUyMiUzQSUyMnBhcmFncmFwaCUyMiUyQyUyMmNoaWxkcmVuJTIyJTNBJTVCJTdCJTIyaWQlMjIlM0ElMjJCdjVScmFXa1B6JTIyJTJDJTIycGFyYUlkeCUyMiUzQTEwJTJDJTIyc3JjJTIyJTNBJTIyT3VyJTIwZW5naW5lZXJpbmclMjB0ZWFtJTIwb2ZmZXJzJTIwY3VzdG9taXplZCUyMHNvbHV0aW9ucyUyMHRhaWxvcmVkJTIwdG8lMjB5b3VyJTIwcHJvamVjdCUyMG5lZWRzLiUyMCUyMiUyQyUyMmRzdCUyMiUzQSUyMiVFNiU4OCU5MSVFNCVCQiVBQyVFNyU5QSU4NCVFNSVCNyVBNSVFNyVBOCU4QiVFNSU5QiVBMiVFOSU5OCU5RiVFNiVBMCVCOSVFNiU4RCVBRSVFNiU4MiVBOCVFNyU5QSU4NCVFOSVBMSVCOSVFNyU5QiVBRSVFOSU5QyU4MCVFNiVCMSU4MiVFNiU4RiU5MCVFNCVCRSU5QiVFNSVBRSU5QSVFNSU4OCVCNiVFNyU5QSU4NCVFOCVBNyVBMyVFNSU4NiVCMyVFNiU5NiVCOSVFNiVBMSU4OCVFMyU4MCU4MiUyMiUyQyUyMm1ldGFkYXRhJTIyJTNBJTIyJTIyJTJDJTIybWV0YURhdGElMjIlM0ElNUIlNUQlMkMlMjJ0ZXh0JTIyJTNBJTIydGFpbG9yZWQlMjB0byUyMHlvdXIlMjBwcm9qZWN0JTIwbmVlZHMlMjIlN0QlNUQlN0QlNUQ=\">afgestemd op uw projectbehoeften<\/span>. <span data-slate-node=\"text\"><span class=\"null\" data-slate-leaf=\"true\" data-sent-id=\"ej04Roardz\">Geef ons een rapport van het grondadres, het paaltype en de specificaties van de heimachine. <\/span><\/span><span data-slate-node=\"text\" data-slate-fragment=\"JTVCJTdCJTIydHlwZSUyMiUzQSUyMnBhcmFncmFwaCUyMiUyQyUyMmNoaWxkcmVuJTIyJTNBJTVCJTdCJTIyaWQlMjIlM0ElMjJlajA0Um9hcmR6JTIyJTJDJTIycGFyYUlkeCUyMiUzQTEwJTJDJTIyc3JjJTIyJTNBJTIyUHJvdmlkZSUyMHVzJTIwd2l0aCUyMGElMjBzb2lsJTIwYWRkcmVzcyUyMHJlcG9ydCUyQyUyMHBpbGUlMjB0eXBlJTJDJTIwYW5kJTIwcGlsZSUyMGRyaXZpbmclMjBlcXVpcG1lbnQlMjBzcGVjaWZpY2F0aW9ucy4lMjAlMjIlMkMlMjJkc3QlMjIlM0ElMjIlRTUlOTAlOTElRTYlODglOTElRTQlQkIlQUMlRTYlOEYlOTAlRTQlQkUlOUIlRTUlOUMlOUYlRTUlQTMlQTQlRTUlOUMlQjAlRTUlOUQlODAlRTYlOEElQTUlRTUlOTElOEElRTMlODAlODElRTYlQTElQTklRTclQjElQkIlRTUlOUUlOEIlRTUlOTIlOEMlRTYlODklOTMlRTYlQTElQTklRTglQUUlQkUlRTUlQTQlODclRTglQTclODQlRTYlQTAlQkMlRTMlODAlODIlMjIlMkMlMjJtZXRhZGF0YSUyMiUzQSUyMiUyMiUyQyUyMm1ldGFEYXRhJTIyJTNBJTVCJTVEJTJDJTIydGV4dCUyMiUzQSUyMlByb3ZpZGUlMjB1cyUyMHdpdGglMjBhJTIwc29pbCUyMGFkZHJlc3MlMjByZXBvcnQlMkMlMjBwaWxlJTIwdHlwZSUyQyUyMGFuZCUyMHBpbGUlMjBkcml2aW5nJTIwZXF1aXBtZW50JTIwc3BlY2lmaWNhdGlvbnMuJTIwJTIyJTdEJTJDJTdCJTIyaWQlMjIlM0ElMjJWTjZtbGE4RDFWJTIyJTJDJTIycGFyYUlkeCUyMiUzQTEwJTJDJTIyc3JjJTIyJTNBJTIyV2UlMjBkZWxpdmVyJTIwYSUyMGNvbXBhdGlibGUlMjBjeWxpbmRlciUyMGhhbW1lciUyMGRlc2lnbmVkJTIwZm9yJTIweW91ciUyMHByb2plY3QuJTIyJTJDJTIyZHN0JTIyJTNBJTIyJUU2JTg4JTkxJUU0JUJCJUFDJUU0JUI4JUJBJUU2JTgyJUE4JUU3JTlBJTg0JUU5JUExJUI5JUU3JTlCJUFFJUU2JThGJTkwJUU0JUJFJTlCJUU1JTg1JUJDJUU1JUFFJUI5JUU3JTlBJTg0JUU1JTlDJTg2JUU3JUFEJTkyJUU5JTk0JUE0JUUzJTgwJTgyJTIyJTJDJTIybWV0YWRhdGElMjIlM0ElMjIlMjIlMkMlMjJtZXRhRGF0YSUyMiUzQSU1QiU1RCUyQyUyMnRleHQlMjIlM0ElMjJXZSUyMGRlbGl2ZXIlMjBhJTIwY29tcGF0aWJsZSUyMGN5bGluZGVyJTIwaGFtbWVyJTIwZGVzaWduZWQlMjBmb3IlMjB5b3VyJTIwcHJvamVjdC4lMjIlN0QlNUQlN0QlNUQ=\"><span class=\"null\" data-slate-leaf=\"true\" data-sent-id=\"VN6mla8D1V\">We leveren een compatibele hamer die is ontworpen voor jouw project.<\/span><\/span><\/p>\n<p><strong>#<\/strong><strong>Type pool:<\/strong><\/p>\n<p><span data-slate-fragment=\"JTVCJTdCJTIydHlwZSUyMiUzQSUyMnBhcmFncmFwaCUyMiUyQyUyMmNoaWxkcmVuJTIyJTNBJTVCJTdCJTIyaWQlMjIlM0ElMjJlbU1LUllacEplJTIyJTJDJTIycGFyYUlkeCUyMiUzQTE0JTJDJTIyc3JjJTIyJTNBJTIyT3VyJTIwaGFtbWVycyUyMGFyZSUyMHN1aXRhYmxlJTIwZm9yJTIwZHJpdmluZyUyMHZhcmlvdXMlMjBwaWxlJTIwdHlwZXMlMkMlMjBpbmNsdWRpbmclMjBwcmVjYXN0JTIwY29uY3JldGUlMjBwaWxlcyUyQyUyMEgtYmVhbXMlMkMlMjBzdGVlbCUyMHBpcGUlMjBwaWxlcyUyQyUyMGNpcmN1bGFyJTIwcGlsZXMlMkMlMjBzcXVhcmUlMjBwaWxlcyUyQyUyMHNoZWV0JTIwcGlsZXMlMkMlMjBhbmQlMjB3b29kZW4lMjBwaWxlcy4lMjIlMkMlMjJkc3QlMjIlM0ElMjIlRTYlODglOTElRTQlQkIlQUMlRTclOUElODQlRTklOTQlQTQlRTUlQUQlOTAlRTklODAlODIlRTclOTQlQTglRTQlQkElOEUlRTYlODklOTMlRTYlQTElQTklRTUlOTAlODQlRTclQTclOEQlRTYlQTElQTklRTUlOUUlOEIlRUYlQkMlOEMlRTUlOEMlODUlRTYlOEIlQUMlRTklQTIlODQlRTUlODglQjYlRTYlQjclQjclRTUlODclOUQlRTUlOUMlOUYlRTYlQTElQTklRTMlODAlODFIJUU1JTlFJThCJUU5JTkyJUEyJUUzJTgwJTgxJUU5JTkyJUEyJUU3JUFFJUExJUU2JUExJUE5JUUzJTgwJTgxJUU1JTlDJTg2JUU1JUJEJUEyJUU2JUExJUE5JUUzJTgwJTgxJUU2JTk2JUI5JUU1JUJEJUEyJUU2JUExJUE5JUUzJTgwJTgxJUU2JTlEJUJGJUU2JUExJUE5JUU1JTkyJThDJUU2JTlDJUE4JUU2JUExJUE5JUUzJTgwJTgyJTIyJTJDJTIybWV0YWRhdGElMjIlM0ElMjIlMjIlMkMlMjJtZXRhRGF0YSUyMiUzQSU1QiU1RCUyQyUyMnRleHQlMjIlM0ElMjJPdXIlMjBoYW1tZXJzJTIwYXJlJTIwc3VpdGFibGUlMjBmb3IlMjBkcml2aW5nJTIwdmFyaW91cyUyMHBpbGUlMjB0eXBlcyUyMiU3RCU1RCU3RCU1RA==\">Onze hamers zijn ideaal voor het heien van verschillende soorten palen,<\/span> omvatten prefab betonpalen, H-balken, stalen buispalen, ronde palen, vierkante palen, damplanken, houten palen, enz.<\/p>\n<p><strong>#AToepassing<\/strong>:<\/p>\n<p><span data-slate-fragment=\"JTVCJTdCJTIydHlwZSUyMiUzQSUyMnBhcmFncmFwaCUyMiUyQyUyMmNoaWxkcmVuJTIyJTNBJTVCJTdCJTIyaWQlMjIlM0ElMjJCNGtLT1E2QVJ6JTIyJTJDJTIycGFyYUlkeCUyMiUzQTE4JTJDJTIyc3JjJTIyJTNBJTIyT3VyJTIwZGllc2VsJTIwaGFtbWVycyUyMGFyZSUyMGlkZWFsJTIwZm9yJTIwb2Zmc2hvcmUlMjBwcm9qZWN0cyUyMHN1Y2glMjBhcyUyMHdpbmQlMjBwb3dlciUyMGdlbmVyYXRpb24lMkMlMjBlbmVyZ3klMkMlMjBicmlkZ2VzJTJDJTIwcG9ydHMlMkMlMjBkb2NrJTIwY29uc3RydWN0aW9uJTJDJTIwYW5kJTIwb2lsJTIwYW5kJTIwZ2FzJTIwZXh0cmFjdGlvbi4lMjAlMjIlMkMlMjJkc3QlMjIlM0ElMjIlRTYlODglOTElRTQlQkIlQUMlRTclOUElODQlRTYlOUYlQjQlRTYlQjIlQjklRTklOTQlQTQlRTYlOTglQUYlRTklQTMlOEUlRTUlOEElOUIlRTUlOEYlOTElRTclOTQlQjUlRTMlODAlODElRTglODMlQkQlRTYlQkElOTAlRTMlODAlODElRTYlQTElQTUlRTYlQTIlODElRTMlODAlODElRTYlQjglQUYlRTUlOEYlQTMlRTMlODAlODElRTclQTAlODElRTUlQTQlQjQlRTUlQkIlQkElRTglQUUlQkUlRTQlQkIlQTUlRTUlOEYlOEElRTclOUYlQjMlRTYlQjIlQjklRTUlOTIlOEMlRTUlQTQlQTklRTclODQlQjYlRTYlQjAlOTQlRTUlQkMlODAlRTklODclODclRTclQUQlODklRTYlQjUlQjclRTQlQjglOEElRTklQTElQjklRTclOUIlQUUlRTclOUElODQlRTclOTAlODYlRTYlODMlQjMlRTklODAlODklRTYlOEIlQTklRTMlODAlODIlMjIlMkMlMjJtZXRhZGF0YSUyMiUzQSUyMiUyMiUyQyUyMm1ldGFEYXRhJTIyJTNBJTVCJTVEJTJDJTIydGV4dCUyMiUzQSUyMk91ciUyMGRpZXNlbCUyMGhhbW1lcnMlMjBhcmUlMjBpZGVhbCUyMGZvciUyMCUyMiU3RCU1RCU3RCU1RA==\">Onze dieselhamers zijn ideaal voor <\/span>offshore projecten, zoals de opwekking van windenergie, energie, bruggen, havens, de bouw van dokken en olie- en gaswinning. <span data-slate-fragment=\"JTVCJTdCJTIydHlwZSUyMiUzQSUyMnBhcmFncmFwaCUyMiUyQyUyMmNoaWxkcmVuJTIyJTNBJTVCJTdCJTIyaWQlMjIlM0ElMjJWQVlFTzhhbzFWJTIyJTJDJTIycGFyYUlkeCUyMiUzQTE4JTJDJTIyc3JjJTIyJTNBJTIyVGhleSUyMGFyZSUyMGFsc28lMjBzdWl0YWJsZSUyMGZvciUyMHJvYWQlMjBhbmQlMjBjaXZpbCUyMGVuZ2luZWVyaW5nJTIwcHJvamVjdHMlMkMlMjBwdWJsaWMlMjB1dGlsaXRpZXMlMkMlMjBjb2ZmZXJkYW1zJTJDJTIwYnJpZGdlcyUyQyUyMHBob3Rvdm9sdGFpY3MlMkMlMjBhbmQlMjBlbnZpcm9ubWVudGFsJTIwcHJvamVjdHMuJTIwJTIyJTJDJTIyZHN0JTIyJTNBJTIyJUU1JUFFJTgzJUU0JUJCJUFDJUU0JUI5JTlGJUU5JTgwJTgyJUU3JTk0JUE4JUU0JUJBJThFJUU5JTgxJTkzJUU4JUI3JUFGJUU1JTkyJThDJUU1JTlDJTlGJUU2JTlDJUE4JUU1JUI3JUE1JUU3JUE4JThCJUU5JUExJUI5JUU3JTlCJUFFJUUzJTgwJTgxJUU1JTg1JUFDJUU3JTk0JUE4JUU0JUJBJThCJUU0JUI4JTlBJUUzJTgwJTgxJUU1JTlCJUI0JUU1JUEwJUIwJUUzJTgwJTgxJUU2JUExJUE1JUU2JUEyJTgxJUUzJTgwJTgxJUU1JTg1JTg5JUU0JUJDJThGJUU1JTkyJThDJUU3JThFJUFGJUU1JUEyJTgzJUU5JUExJUI5JUU3JTlCJUFFJUUzJTgwJTgyJTIyJTJDJTIybWV0YWRhdGElMjIlM0ElMjIlMjIlMkMlMjJtZXRhRGF0YSUyMiUzQSU1QiU1RCUyQyUyMnRleHQlMjIlM0ElMjJUaGV5JTIwYXJlJTIwYWxzbyUyMHN1aXRhYmxlJTIyJTdEJTVEJTdEJTVE\">Ze zijn ook geschikt voor <\/span>wegenbouw- en civieltechnische projecten, openbare voorzieningen, civiele nutsvoorzieningen, kofferdammen, bruggen met stangen, fotovolta\u00efsche panelen en het milieu. <span style=\"color: #000080;\"><strong>Klik op de knop \"Projecten\" voor meer informatie!<\/strong><\/span><\/p>\n<p>#<strong>Uitrustingsselectie\uff1a<\/strong><\/p>\n<p>Graafmachine, rupskraan, heimachine, heipalen en andere.<\/p>\n<p><strong>1TP5Verpakking en transport<\/strong>:<\/p>\n<p>Verpakking: <span data-slate-fragment=\"JTVCJTdCJTIydHlwZSUyMiUzQSUyMnBhcmFncmFwaCUyMiUyQyUyMmNoaWxkcmVuJTIyJTNBJTVCJTdCJTIyaWQlMjIlM0ElMjJ6eUswRHh2TEtlJTIyJTJDJTIycGFyYUlkeCUyMiUzQTIyJTJDJTIyc3JjJTIyJTNBJTIyUGFja2FnaW5nJTNBJTIwV2UlMjB1c2UlMjBleHBvcnQtc3RhbmRhcmQlMjBzdGVlbCUyMHRyYW5zcG9ydGF0aW9uJTIwdG9vbHMlMjBmb3IlMjBwYWNrYWdpbmcuJTIyJTJDJTIyZHN0JTIyJTNBJTIyJUU1JThDJTg1JUU4JUEzJTg1JUVGJUJDJTlBJUU2JTg4JTkxJUU0JUJCJUFDJUU0JUJEJUJGJUU3JTk0JUE4JUU1JTg3JUJBJUU1JThGJUEzJUU2JUEwJTg3JUU1JTg3JTg2JUU5JTkyJUEyJUU2JTlEJTkwJUU4JUJGJTkwJUU4JUJFJTkzJUU1JUI3JUE1JUU1JTg1JUI3JUU4JUJGJTlCJUU4JUExJThDJUU1JThDJTg1JUU4JUEzJTg1JUUzJTgwJTgyJTIyJTJDJTIybWV0YWRhdGElMjIlM0ElMjIlMjIlMkMlMjJtZXRhRGF0YSUyMiUzQSU1QiU1RCUyQyUyMnRleHQlMjIlM0ElMjJXZSUyMHVzZSUyMGV4cG9ydC1zdGFuZGFyZCUyMHN0ZWVsJTIwdHJhbnNwb3J0YXRpb24lMjB0b29scyUyMGZvciUyMHBhY2thZ2luZyUyMiU3RCU1RCU3RCU1RA==\">We gebruiken transportgereedschap van exportstandaard staal voor het verpakken<\/span><br \/>\nTransport: 20GP of 40GP containervervoer<\/p>\n<p><strong>#Exporteerd naar vele landen<\/strong><\/p>\n<p>Dit product wordt ge\u00ebxporteerd naar Europa, Rusland, Zuidoost-Azi\u00eb, Noord-Amerika, Zuid-Amerika, het Midden-Oosten, Afrika en andere regio's. (Zoals: Filippijnen, T\u00fcrkiye, Indonesi\u00eb, Thailand, Vietnam, Bangladesh, de Verenigde Staten, Saoedi-Arabi\u00eb, Rusland, Australi\u00eb, Brazili\u00eb en andere landen)<\/p>\n<p><strong>#Specificaties:<\/strong><\/p>\n<style>\n    .table-container {<br \/>        overflow-x: auto;<br \/>        margin: 0 auto;<br \/>    }<br \/>    table {<br \/>        width: 100%;<br \/>        border-collapse: collapse;<br \/>    }<br \/>    th, td {<br \/>        padding: 8px;<br \/>        border: 1px solid #ddd;<br \/>        text-align: left;<br \/>    }<br \/>    @media screen and (max-width: 600px) {<br \/>        table, thead, tbody, th, td, tr {<br \/>            display: block;<br \/>            width: 100%;<br \/>        }<br \/>        thead tr {<br \/>            display: none;<br \/>        }<br \/>        tr {<br \/>            margin-bottom: 15px;<br \/>        }<br \/>        td {<br \/>            text-align: right;<br \/>            padding-left: 50%;<br \/>            position: relative;<br \/>        }<br \/>        td:before {<br \/>            content: attr(data-label);<br \/>            position: absolute;<br \/>            left: 0;<br \/>            width: 50%;<br \/>            padding-left: 10px;<br \/>            font-weight: bold;<br \/>            text-align: left;<br \/>        }<br \/>    }<br \/><\/style>\n<div class=\"table-container\">\n<table>\n<thead>\n<tr>\n<th>Specificaties<\/th>\n<th>Type<\/th>\n<th>D138<\/th>\n<\/tr>\n<\/thead>\n<tbody>\n<tr>\n<td data-label=\"Specifications\">Slaggewicht (zuiger)<\/td>\n<td data-label=\"Type\">kg<\/td>\n<td data-label=\"D138\">13800<\/td>\n<\/tr>\n<tr>\n<td data-label=\"Specifications\">Energie per slag<\/td>\n<td data-label=\"Type\">KNm<\/td>\n<td data-label=\"D138\">461.00~295.00<\/td>\n<\/tr>\n<tr>\n<td data-label=\"Specifications\">Aantal slagen<\/td>\n<td data-label=\"Type\">min-l<\/td>\n<td data-label=\"D138\">36~45<\/td>\n<\/tr>\n<tr>\n<td data-label=\"Specifications\">Kracht van explosiedruk op paal max.<\/td>\n<td data-label=\"Type\">KN<\/td>\n<td data-label=\"D138\">3985<\/td>\n<\/tr>\n<tr>\n<td data-label=\"Specifications\">Geschikt voor het heien van palen tot<\/td>\n<td data-label=\"Type\">Kg<\/td>\n<td data-label=\"D138\">70000<\/td>\n<\/tr>\n<tr>\n<td data-label=\"Specifications\">Toegestane kabeldiameter voor deflectorschijf van de struikelinrichting max.<\/td>\n<td data-label=\"Type\">mm<\/td>\n<td data-label=\"D138\">\u03a630<\/td>\n<\/tr>\n<tr>\n<td data-label=\"Specifications\">Dieselolie<\/td>\n<td data-label=\"Type\">L\/u<\/td>\n<td data-label=\"D138\">39<\/td>\n<\/tr>\n<tr>\n<td data-label=\"Specifications\">Smeermiddel<\/td>\n<td data-label=\"Type\">L\/u<\/td>\n<td data-label=\"D138\">4<\/td>\n<\/tr>\n<tr>\n<td data-label=\"Specifications\">Dieselolietank<\/td>\n<td data-label=\"Type\">L<\/td>\n<td data-label=\"D138\">190<\/td>\n<\/tr>\n<tr>\n<td data-label=\"Specifications\">Smeerolietank<\/td>\n<td data-label=\"Type\">L<\/td>\n<td data-label=\"D138\">60<\/td>\n<\/tr>\n<tr>\n<td data-label=\"Specifications\">Diesel heihamer ca.<\/td>\n<td data-label=\"Type\">kg<\/td>\n<td data-label=\"D138\">25900<\/td>\n<\/tr>\n<tr>\n<td data-label=\"Specifications\">Uitschakelapparaat ca.<\/td>\n<td data-label=\"Type\">kg<\/td>\n<td data-label=\"D138\">750<\/td>\n<\/tr>\n<tr>\n<td data-label=\"Specifications\">Transportbeugel\/houder ca.<\/td>\n<td data-label=\"Type\">kg<\/td>\n<td data-label=\"D138\">135<\/td>\n<\/tr>\n<tr>\n<td data-label=\"Specifications\">Transportbewaker ca.<\/td>\n<td data-label=\"Type\">kg<\/td>\n<td data-label=\"D138\">220<\/td>\n<\/tr>\n<tr>\n<td data-label=\"Specifications\">Gereedschapskist ca.<\/td>\n<td data-label=\"Type\">kg<\/td>\n<td data-label=\"D138\">125<\/td>\n<\/tr>\n<tr>\n<td data-label=\"Specifications\">Lengte van Diesel heihamer (a\/al)<\/td>\n<td data-label=\"Type\">mm<\/td>\n<td data-label=\"D138\">7983<\/td>\n<\/tr>\n<tr>\n<td data-label=\"Specifications\">Buitendiameter van impactblok (b)<\/td>\n<td data-label=\"Type\">mm<\/td>\n<td data-label=\"D138\">\u03a6910<\/td>\n<\/tr>\n<tr>\n<td data-label=\"Specifications\">Totale afmetingen gemeten over bevestigingsschroeven van de geleidebekken (c)<\/td>\n<td data-label=\"Type\">mm<\/td>\n<td data-label=\"D138\">1210<\/td>\n<\/tr>\n<tr>\n<td data-label=\"Specifications\">Breedte van Diesel heihamer (d)<\/td>\n<td data-label=\"Type\">mm<\/td>\n<td data-label=\"D138\">1030<\/td>\n<\/tr>\n<tr>\n<td data-label=\"Specifications\">Breedte voor verbinding van geleidebekken (e)<\/td>\n<td data-label=\"Type\">mm<\/td>\n<td data-label=\"D138\">850<\/td>\n<\/tr>\n<tr>\n<td data-label=\"Specifications\">Midden van Diesel heihamer tot aan pompbeveiliging (f)<\/td>\n<td data-label=\"Type\">mm<\/td>\n<td data-label=\"D138\">560<\/td>\n<\/tr>\n<tr>\n<td data-label=\"Specifications\">Midden van Diesel heihamer tot midden van draadgat voor bevestigingsschroef van de geleidebekken (g)<\/td>\n<td data-label=\"Type\">mm<\/td>\n<td data-label=\"D138\">370<\/td>\n<\/tr>\n<tr>\n<td data-label=\"Specifications\">Diepte van Diesel heihamer (h)<\/td>\n<td data-label=\"Type\">mm<\/td>\n<td data-label=\"D138\">1220<\/td>\n<\/tr>\n<tr>\n<td data-label=\"Specifications\">Standaardafstand van het midden van de Diesel-paalhamer tot het midden van het lood (H)<\/td>\n<td data-label=\"Type\">mm<\/td>\n<td data-label=\"D138\">765<\/td>\n<\/tr>\n<tr>\n<td data-label=\"Specifications\">Breedte draden (L)<\/td>\n<td data-label=\"Type\">mm<\/td>\n<td data-label=\"D138\">600x (\u03a6102)<\/td>\n<\/tr>\n<\/tbody>\n<\/table>\n<h2>D138 Diesel Hamer Verpakking<\/h2>\n<p><img fetchpriority=\"high\" decoding=\"async\" class=\"size-full wp-image-11326\" src=\"https:\/\/www.juweihammer.com\/wp-content\/uploads\/2024\/09\/D-tubular-diesel-hammer-packaging.webp\" alt=\"D buisvormige diesel hamer verpakking\" width=\"975\" height=\"696\" srcset=\"https:\/\/www.juweihammer.com\/wp-content\/uploads\/2024\/09\/D-tubular-diesel-hammer-packaging.webp 975w, https:\/\/www.juweihammer.com\/wp-content\/uploads\/2024\/09\/D-tubular-diesel-hammer-packaging-768x548.webp 768w, https:\/\/www.juweihammer.com\/wp-content\/uploads\/2024\/09\/D-tubular-diesel-hammer-packaging-18x12.webp 18w, https:\/\/www.juweihammer.com\/wp-content\/uploads\/2024\/09\/D-tubular-diesel-hammer-packaging-600x428.webp 600w\" sizes=\"(max-width: 975px) 100vw, 975px\" \/><\/p>\n<\/div>","protected":false},"excerpt":{"rendered":"<p>De D buisvormige diesel heihamer is momenteel de meest gebruikte heimachine voor de bouw van funderingen.<\/p>\n<ul>\n<li>Slaggewicht (zuiger): 13,8 ton<\/li>\n<li><span data-slate-fragment=\"JTVCJTdCJTIydHlwZSUyMiUzQSUyMnBhcmFncmFwaCUyMiUyQyUyMmNoaWxkcmVuJTIyJTNBJTVCJTdCJTIyaWQlMjIlM0ElMjJCNGtLdjI1cVl6JTIyJTJDJTIycGFyYUlkeCUyMiUzQTQlMkMlMjJzcmMlMjIlM0ElMjJIaWdoJTIwU3RyaWtpbmclMjBFbmVyZ3klMjIlMkMlMjJkc3QlMjIlM0ElMjIlRTklQUIlOTglRTglODMlQkQlRTglODAlOTclMjIlMkMlMjJtZXRhZGF0YSUyMiUzQSUyMiUyMiUyQyUyMm1ldGFEYXRhJTIyJTNBJTVCJTVEJTJDJTIydGV4dCUyMiUzQSUyMkhpZ2glMjBTdHJpa2luZyUyMEVuZXJneSUyMiU3RCU1RCU3RCU1RA==\">Hoge opvallende energie<\/span><\/li>\n<li><span data-slate-fragment=\"JTVCJTdCJTIydHlwZSUyMiUzQSUyMnBhcmFncmFwaCUyMiUyQyUyMmNoaWxkcmVuJTIyJTNBJTVCJTdCJTIyaWQlMjIlM0ElMjJWQVlFM1hMMFBWJTIyJTJDJTIycGFyYUlkeCUyMiUzQTUlMkMlMjJzcmMlMjIlM0ElMjJMb3clMjBGdWVsJTIwQ29uc3VtcHRpb24lMjIlMkMlMjJkc3QlMjIlM0ElMjIlRTclODclODMlRTYlQjIlQjklRTYlQjYlODglRTglODAlOTclRTQlQkQlOEUlMjIlMkMlMjJtZXRhZGF0YSUyMiUzQSUyMiUyMiUyQyUyMm1ldGFEYXRhJTIyJTNBJTVCJTVEJTJDJTIydGV4dCUyMiUzQSUyMkxvdyUyMEZ1ZWwlMjBDb25zdW1wdGlvbiUyMiU3RCU1RCU3RCU1RA==\">Laag brandstofverbruik<\/span><\/li>\n<li>Gemakkelijk te bedienen en te onderhouden<\/li>\n<li><span data-slate-fragment=\"JTVCJTdCJTIydHlwZSUyMiUzQSUyMnBhcmFncmFwaCUyMiUyQyUyMmNoaWxkcmVuJTIyJTNBJTVCJTdCJTIyaWQlMjIlM0ElMjJlNm5BTjJNMERlJTIyJTJDJTIycGFyYUlkeCUyMiUzQTclMkMlMjJzcmMlMjIlM0ElMjJDb21wcmVoZW5zaXZlJTIwUmFuZ2UlMjBvZiUyMFBpbGUlMjBUeXBlcyUyMiUyQyUyMmRzdCUyMiUzQSUyMiVFNiVBMSVBOSVFNyVCMSVCQiVFNSU5RSU4QiVFNyU5QSU4NCVFNSU4NSVBOCVFOSU5RCVBMiVFOCU4QyU4MyVFNSU5QiVCNCUyMiUyQyUyMm1ldGFkYXRhJTIyJTNBJTIyJTIyJTJDJTIybWV0YURhdGElMjIlM0ElNUIlNUQlMkMlMjJ0ZXh0JTIyJTNBJTIyQ29tcHJlaGVuc2l2ZSUyMFJhbmdlJTIwb2YlMjBQaWxlJTIwVHlwZXMlMjIlN0QlNUQlN0QlNUQ=\">Uitgebreide reeks paaltypes<\/span><\/li>\n<li><span data-slate-fragment=\"JTVCJTdCJTIydHlwZSUyMiUzQSUyMnBhcmFncmFwaCUyMiUyQyUyMmNoaWxkcmVuJTIyJTNBJTVCJTdCJTIyaWQlMjIlM0ElMjJleHJBOVhSWDl6JTIyJTJDJTIycGFyYUlkeCUyMiUzQTAlMkMlMjJzcmMlMjIlM0ElMjJlbnZpcm9ubWVudC1mcmllbmRseSUyMiUyQyUyMmRzdCUyMiUzQSUyMiVFNyU4RSVBRiVFNSVBMiU4MyVFNSU4RiU4QiVFNSVBNSVCRCVFNyU5QSU4NCUyMiUyQyUyMm1ldGFkYXRhJTIyJTNBJTIyJTIyJTJDJTIybWV0YURhdGElMjIlM0ElNUIlNUQlMkMlMjJ0ZXh0JTIyJTNBJTIyZW52aXJvbm1lbnQtZnJpZW5kbHklMjIlN0QlNUQlN0QlNUQ=\">Milieuvriendelijk<\/span><\/li>\n<\/ul>","protected":false},"featured_media":2365,"template":"","meta":{"_seopress_robots_primary_cat":"none","_seopress_titles_title":"China D138 Diesel Pile Hammer Supplier - Customized & OEM","_seopress_titles_desc":"China d138 diesel pile hammer supplier. Exported to America, Russia, Philippines, Turkey,  Indonesia, Vietnam, Bangladesh, Australia, Brazil, Europe and More.","_seopress_robots_index":"","site-sidebar-layout":"default","site-content-layout":"","ast-site-content-layout":"default","site-content-style":"default","site-sidebar-style":"default","ast-global-header-display":"","ast-banner-title-visibility":"","ast-main-header-display":"","ast-hfb-above-header-display":"","ast-hfb-below-header-display":"","ast-hfb-mobile-header-display":"","site-post-title":"","ast-breadcrumbs-content":"","ast-featured-img":"","footer-sml-layout":"","theme-transparent-header-meta":"default","adv-header-id-meta":"","stick-header-meta":"","header-above-stick-meta":"","header-main-stick-meta":"","header-below-stick-meta":"","astra-migrate-meta-layouts":"set","ast-page-background-enabled":"default","ast-page-background-meta":{"desktop":{"background-color":"var(--ast-global-color-4)","background-image":"","background-repeat":"repeat","background-position":"center center","background-size":"auto","background-attachment":"scroll","background-type":"","background-media":"","overlay-type":"","overlay-color":"","overlay-opacity":"","overlay-gradient":""},"tablet":{"background-color":"","background-image":"","background-repeat":"repeat","background-position":"center center","background-size":"auto","background-attachment":"scroll","background-type":"","background-media":"","overlay-type":"","overlay-color":"","overlay-opacity":"","overlay-gradient":""},"mobile":{"background-color":"","background-image":"","background-repeat":"repeat","background-position":"center center","background-size":"auto","background-attachment":"scroll","background-type":"","background-media":"","overlay-type":"","overlay-color":"","overlay-opacity":"","overlay-gradient":""}},"ast-content-background-meta":{"desktop":{"background-color":"var(--ast-global-color-5)","background-image":"","background-repeat":"repeat","background-position":"center center","background-size":"auto","background-attachment":"scroll","background-type":"","background-media":"","overlay-type":"","overlay-color":"","overlay-opacity":"","overlay-gradient":""},"tablet":{"background-color":"var(--ast-global-color-5)","background-image":"","background-repeat":"repeat","background-position":"center center","background-size":"auto","background-attachment":"scroll","background-type":"","background-media":"","overlay-type":"","overlay-color":"","overlay-opacity":"","overlay-gradient":""},"mobile":{"background-color":"var(--ast-global-color-5)","background-image":"","background-repeat":"repeat","background-position":"center center","background-size":"auto","background-attachment":"scroll","background-type":"","background-media":"","overlay-type":"","overlay-color":"","overlay-opacity":"","overlay-gradient":""}}},"product_brand":[],"product_cat":[21],"product_tag":[],"class_list":{"0":"post-2432","1":"product","2":"type-product","3":"status-publish","4":"has-post-thumbnail","6":"product_cat-d-diesel-hammer","7":"desktop-align-left","8":"tablet-align-left","9":"mobile-align-left","11":"first","12":"instock","13":"shipping-taxable","14":"product-type-simple"},"_links":{"self":[{"href":"https:\/\/www.juweihammer.com\/nl\/wp-json\/wp\/v2\/product\/2432","targetHints":{"allow":["GET"]}}],"collection":[{"href":"https:\/\/www.juweihammer.com\/nl\/wp-json\/wp\/v2\/product"}],"about":[{"href":"https:\/\/www.juweihammer.com\/nl\/wp-json\/wp\/v2\/types\/product"}],"version-history":[{"count":2,"href":"https:\/\/www.juweihammer.com\/nl\/wp-json\/wp\/v2\/product\/2432\/revisions"}],"predecessor-version":[{"id":11335,"href":"https:\/\/www.juweihammer.com\/nl\/wp-json\/wp\/v2\/product\/2432\/revisions\/11335"}],"wp:featuredmedia":[{"embeddable":true,"href":"https:\/\/www.juweihammer.com\/nl\/wp-json\/wp\/v2\/media\/2365"}],"wp:attachment":[{"href":"https:\/\/www.juweihammer.com\/nl\/wp-json\/wp\/v2\/media?parent=2432"}],"wp:term":[{"taxonomy":"product_brand","embeddable":true,"href":"https:\/\/www.juweihammer.com\/nl\/wp-json\/wp\/v2\/product_brand?post=2432"},{"taxonomy":"product_cat","embeddable":true,"href":"https:\/\/www.juweihammer.com\/nl\/wp-json\/wp\/v2\/product_cat?post=2432"},{"taxonomy":"product_tag","embeddable":true,"href":"https:\/\/www.juweihammer.com\/nl\/wp-json\/wp\/v2\/product_tag?post=2432"}],"curies":[{"name":"wp","href":"https:\/\/api.w.org\/{rel}","templated":true}]}}