{"id":2580,"date":"2024-07-24T07:13:02","date_gmt":"2024-07-24T07:13:02","guid":{"rendered":"https:\/\/www.juweihammer.com\/?post_type=product&#038;p=2580"},"modified":"2024-11-08T02:41:41","modified_gmt":"2024-11-08T02:41:41","slug":"china-dd128-diesel-pile-hammer-supplier-for-offshore","status":"publish","type":"product","link":"https:\/\/www.juweihammer.com\/it\/prodotto\/china-dd128-diesel-pile-hammer-supplier-for-offshore\/","title":{"rendered":"Fornitore cinese di martello demolitore diesel DD128 per l'offshore"},"content":{"rendered":"<p><span data-slate-fragment=\"JTVCJTdCJTIydHlwZSUyMiUzQSUyMnBhcmFncmFwaCUyMiUyQyUyMmNoaWxkcmVuJTIyJTNBJTVCJTdCJTIyaWQlMjIlM0ElMjJCWnlwQWdqNVF6JTIyJTJDJTIycGFyYUlkeCUyMiUzQTAlMkMlMjJzcmMlMjIlM0ElMjJKdXdlaSUyMGlzJTIwdGhlJTIwdG9wJTIwMSUyMG1hbnVmYWN0dXJlcnMlMjBhbmQlMjBzdXBwbGllcnMlMjBvZiUyMEREJTIwcmFpbCUyMGhhbW1lcnMlMjBpbiUyMENoaW5hJTIyJTJDJTIyZHN0JTIyJTNBJTIyJUU1JUI3JUE4JUU1JUE4JTgxJUU2JTk4JUFGJUU0JUI4JUFEJUU1JTlCJUJEREQlRTklOTIlQTIlRTglQkQlQTglRTklOTQlQTQlRTclOUElODQlRTclQUMlQUMlRTQlQjglODAlRTUlQTQlQTclRTUlODglQjYlRTklODAlQTAlRTUlOTUlODYlRTUlOTIlOEMlRTQlQkUlOUIlRTUlQkElOTQlRTUlOTUlODYlMjIlMkMlMjJtZXRhZGF0YSUyMiUzQSUyMiUyMiUyQyUyMm1ldGFEYXRhJTIyJTNBJTVCJTVEJTJDJTIydGV4dCUyMiUzQSUyMkp1d2VpJTIwaXMlMjB0aGUlMjB0b3AlMjAxJTIwbWFudWZhY3R1cmVycyUyMGFuZCUyMHN1cHBsaWVycyUyMG9mJTIwREQlMjByYWlsJTIwaGFtbWVycyUyMGluJTIwQ2hpbmElMjIlN0QlNUQlN0QlNUQ=\">Juwei \u00e8 il primo produttore e fornitore di martello pneumatico con asta di guida DD in Cina. <\/span>Il martello pneumatico diesel Juwei della serie DD vanta oltre 30 anni di esperienza nella progettazione, produzione e applicazione. <span style=\"color: #0000ff;\"><strong>Cliccate sul pulsante \"Factory\" per saperne di pi\u00f9!<\/strong><\/span><\/p>\n<p><strong>Il martello diesel con asta di guida D pu\u00f2 essere suddiviso in tipi leggeri, medi e pesanti.<\/strong><\/p>\n<p><strong><b>Modello di luce #<\/b><\/strong><\/p>\n<p>I modelli includono: DD4, DD6, DD12, DD18, DD25, DD30<\/p>\n<p>Il martello diesel leggero con asta di guida \u00e8 progettato per l'infissione di cemento armato, pali metallici, pali in legno e palancole nel sottosuolo. Questo dispositivo multifunzionale \u00e8 fondamentale in diverse applicazioni edilizie, tra cui:<\/p>\n<ul>\n<li>Progetti di ingegneria elettrica<\/li>\n<li>Fondazione dell'industria petrolifera e del gas<\/li>\n<li>Costruzione di fondazioni e piattaforme per edifici industriali e civili<\/li>\n<\/ul>\n<p>Questa apparecchiatura di infissione dei pali viene solitamente installata su macchine cingolate e gommate. L'ammodernamento delle gru cingolate e degli escavatori prevede l'installazione di pali per ottenere un funzionamento efficiente.<\/p>\n<p>Le caratteristiche principali di questa attrezzatura leggera per l'infissione di pali sono l'enorme forza d'impatto e le fasce elastiche durevoli. Questo martello \u00e8 ampiamente esportato in regioni come la Russia, l'Indonesia, le Filippine, l'Africa e il Sud-Est asiatico, e la sua affidabilit\u00e0 e le sue prestazioni sono state riconosciute.<\/p>\n<p><strong># Modello medio<\/strong><\/p>\n<p>I modelli includono: DD35, DD45, DD55, DD65, DD75, DD85, DD105<\/p>\n<p>Il martello battipalo ad asta di guida media \u00e8 adatto per l'infissione di vari tipi di pali, tra cui pali in cemento armato, pali in acciaio, palancole, travi ad H, pali tondi, pali quadrati e pali in legno. Questa attrezzatura di medie dimensioni per l'infissione di pali \u00e8 molto adatta per le fondazioni e le strutture di supporto nei seguenti settori:<\/p>\n<ul>\n<li>Industria del petrolio e del gas<\/li>\n<li>Elettricit\u00e0 ed energia<\/li>\n<li>Industria<\/li>\n<li>ingegneria civile<\/li>\n<li>ingegneria idraulica<\/li>\n<\/ul>\n<p>Questo martello battipalo \u00e8 compatibile con gru cingolate, escavatori, battipali con pali, battipali galleggianti e battipali ambulanti, e offre versatilit\u00e0 ed efficienza.<br \/>\nI nostri martelli diesel DD medi sono ampiamente esportati nel Sud-Est asiatico, in Medio Oriente, Europa, Africa e Sud America.<\/p>\n<p><strong>Modello #Heavy<\/strong><\/p>\n<p>I modelli includono: DD128, DD160, DD180, DD200, DD220, DD300, DD350, DD400, DD450, DD500<\/p>\n<p>Il martello diesel pesante per pali DD ha il componente d'impatto pi\u00f9 pesante, che lo rende l'attrezzatura pi\u00f9 efficiente per le operazioni di infissione dei pali. \u00c8 la scelta ideale per i seguenti scopi:<\/p>\n<ul>\n<li><span data-slate-fragment=\"JTVCJTdCJTIydHlwZSUyMiUzQSUyMnBhcmFncmFwaCUyMiUyQyUyMmNoaWxkcmVuJTIyJTNBJTVCJTdCJTIyaWQlMjIlM0ElMjJlRU5SazlnUjdWJTIyJTJDJTIycGFyYUlkeCUyMiUzQTElMkMlMjJzcmMlMjIlM0ElMjJPZmZzaG9yZSUyME9wZXJhdGlvbnMlMjIlMkMlMjJkc3QlMjIlM0ElMjJPZmZzaG9yZSUyME9wZXJhdGlvbnMlMjIlMkMlMjJtZXRhZGF0YSUyMiUzQSUyMiUyMiUyQyUyMm1ldGFEYXRhJTIyJTNBJTVCJTVEJTJDJTIydGV4dCUyMiUzQSUyMk9mZnNob3JlJTIwT3BlcmF0aW9ucyUyMiU3RCU1RCU3RCU1RA==\">Operazioni offshore<\/span><\/li>\n<li><span data-slate-fragment=\"JTVCJTdCJTIydHlwZSUyMiUzQSUyMnBhcmFncmFwaCUyMiUyQyUyMmNoaWxkcmVuJTIyJTNBJTVCJTdCJTIyaWQlMjIlM0ElMjJCbzEwNjRQMG5WJTIyJTJDJTIycGFyYUlkeCUyMiUzQTIlMkMlMjJzcmMlMjIlM0ElMjJPZmZzaG9yZSUyMERyaWxsaW5nJTIwUGxhdGZvcm1zJTIyJTJDJTIyZHN0JTIyJTNBJTIyT2Zmc2hvcmUlMjBEcmlsbGluZyUyMFBsYXRmb3JtcyUyMiUyQyUyMm1ldGFkYXRhJTIyJTNBJTIyJTIyJTJDJTIybWV0YURhdGElMjIlM0ElNUIlNUQlMkMlMjJ0ZXh0JTIyJTNBJTIyT2Zmc2hvcmUlMjBEcmlsbGluZyUyMFBsYXRmb3JtcyUyMiU3RCU1RCU3RCU1RA==\">Piattaforme di perforazione offshore<\/span><\/li>\n<li><span data-slate-fragment=\"JTVCJTdCJTIydHlwZSUyMiUzQSUyMnBhcmFncmFwaCUyMiUyQyUyMmNoaWxkcmVuJTIyJTNBJTVCJTdCJTIyaWQlMjIlM0ElMjJWMHJZOW9MWUFCJTIyJTJDJTIycGFyYUlkeCUyMiUzQTMlMkMlMjJzcmMlMjIlM0ElMjJEZWVwd2F0ZXIlMjBQb3J0cyUyMiUyQyUyMmRzdCUyMiUzQSUyMkRlZXB3YXRlciUyMFBvcnRzJTIyJTJDJTIybWV0YWRhdGElMjIlM0ElMjIlMjIlMkMlMjJtZXRhRGF0YSUyMiUzQSU1QiU1RCUyQyUyMnRleHQlMjIlM0ElMjJEZWVwd2F0ZXIlMjBQb3J0cyUyMiU3RCU1RCU3RCU1RA==\">Porti in acque profonde<\/span><\/li>\n<li><span data-slate-fragment=\"JTVCJTdCJTIydHlwZSUyMiUzQSUyMnBhcmFncmFwaCUyMiUyQyUyMmNoaWxkcmVuJTIyJTNBJTVCJTdCJTIyaWQlMjIlM0ElMjJlSlJHNGdPR0RlJTIyJTJDJTIycGFyYUlkeCUyMiUzQTQlMkMlMjJzcmMlMjIlM0ElMjJCcmlkZ2UlMjBDb25zdHJ1Y3Rpb24lMjIlMkMlMjJkc3QlMjIlM0ElMjJCcmlkZ2UlMjBDb25zdHJ1Y3Rpb24lMjIlMkMlMjJtZXRhZGF0YSUyMiUzQSUyMiUyMiUyQyUyMm1ldGFEYXRhJTIyJTNBJTVCJTVEJTJDJTIydGV4dCUyMiUzQSUyMkJyaWRnZSUyMENvbnN0cnVjdGlvbiUyMiU3RCU1RCU3RCU1RA==\">Costruzione di ponti<\/span><\/li>\n<li><span data-slate-fragment=\"JTVCJTdCJTIydHlwZSUyMiUzQSUyMnBhcmFncmFwaCUyMiUyQyUyMmNoaWxkcmVuJTIyJTNBJTVCJTdCJTIyaWQlMjIlM0ElMjJCWHd5RFBPeTd6JTIyJTJDJTIycGFyYUlkeCUyMiUzQTUlMkMlMjJzcmMlMjIlM0ElMjJCb3RoJTIwVGVycmVzdHJpYWwlMjBhbmQlMjBBcXVhdGljJTIwQnVpbGRpbmclMjBQcm9qZWN0cyUyMiUyQyUyMmRzdCUyMiUzQSUyMkJvdGglMjBUZXJyZXN0cmlhbCUyMGFuZCUyMEFxdWF0aWMlMjBCdWlsZGluZyUyMFByb2plY3RzJTIyJTJDJTIybWV0YWRhdGElMjIlM0ElMjIlMjIlMkMlMjJtZXRhRGF0YSUyMiUzQSU1QiU1RCUyQyUyMnRleHQlMjIlM0ElMjJUZXJyZXN0cmlhbCUyMGFuZCUyMEFxdWF0aWMlMjBCdWlsZGluZyUyMFByb2plY3RzJTIyJTdEJTVEJTdEJTVE\">Progetti di edilizia terrestre e acquatica<\/span><\/li>\n<\/ul>\n<p>I nostri martelli diesel per impieghi gravosi sono ampiamente utilizzati in Nord America, Sud America, Medio Oriente, Asia, Africa, Europa, Russia e Turchia.<br \/>\nDD-128 e DD-200: dotati di due guide per lo spostamento dei componenti d'impatto.<br \/>\nDD-300 e modelli pi\u00f9 pesanti: grazie a quattro binari di guida, possono essere impilati con un'inclinazione di 1:3<\/p>\n<p><span style=\"color: #0000ff;\"><strong>Cliccate sul pulsante \"Dettagli serie DD\" per saperne di pi\u00f9!<\/strong><\/span><\/p>\n<p><strong>1TP5Soluzioni personalizzate:<\/strong><\/p>\n<p>Il nostro team di ingegneri pu\u00f2 personalizzare le soluzioni in base alla situazione del progetto. Potete fornire una relazione sull'indirizzo del terreno, il tipo di palo e l'attrezzatura di infissione. Noi forniamo un martello cilindrico compatibile con il progetto.<\/p>\n<p><strong>#P Imballaggio e trasporto<\/strong>:<\/p>\n<p>Imballaggio: Utilizzando strumenti di trasporto in acciaio standard di esportazione per l'imballaggio<br \/>\nTrasporto: trasporto in container da 20GP o 40GP<\/p>\n<p><strong>#Specifiche:<\/strong><\/p>\n<style>\n    .table-container {<br \/>        overflow-x: auto;<br \/>        margin: 0 auto;<br \/>    }<br \/>    table {<br \/>        width: 100%;<br \/>        border-collapse: collapse;<br \/>    }<br \/>    th, td {<br \/>        padding: 8px;<br \/>        border: 1px solid #ddd;<br \/>        text-align: left;<br \/>    }<br \/>    @media screen and (max-width: 600px) {<br \/>        table, thead, tbody, th, td, tr {<br \/>            display: block;<br \/>            width: 100%;<br \/>        }<br \/>        thead tr {<br \/>            display: none;<br \/>        }<br \/>        tr {<br \/>            margin-bottom: 15px;<br \/>        }<br \/>        td {<br \/>            text-align: right;<br \/>            padding-left: 50%;<br \/>            position: relative;<br \/>        }<br \/>        td:before {<br \/>            content: attr(data-label);<br \/>            position: absolute;<br \/>            left: 0;<br \/>            width: 50%;<br \/>            padding-left: 10px;<br \/>            font-weight: bold;<br \/>            text-align: left;<br \/>        }<br \/>    }<br \/><\/style>\n<div class=\"table-container\">\n<table>\n<thead>\n<tr>\n<th>Specifiche tecniche<\/th>\n<th>Tipo<\/th>\n<th>DD128<\/th>\n<\/tr>\n<\/thead>\n<tbody>\n<tr>\n<td data-label=\"Specifications\">Cilindro Massa complessa<\/td>\n<td data-label=\"Type\">kg<\/td>\n<td data-label=\"DD25\">12800<\/td>\n<\/tr>\n<tr>\n<td data-label=\"Specifications\">Max. Corsa del cilindro<\/td>\n<td data-label=\"Type\">m<\/td>\n<td data-label=\"DD25\">3<\/td>\n<\/tr>\n<tr>\n<td data-label=\"Specifications\">Frequenza<\/td>\n<td data-label=\"Type\">min-l<\/td>\n<td data-label=\"DD25\">38~50<\/td>\n<\/tr>\n<tr>\n<td data-label=\"Specifications\">Massimo. Energia<\/td>\n<td data-label=\"Type\">kj<\/td>\n<td data-label=\"DD25\">384<\/td>\n<\/tr>\n<tr>\n<td data-label=\"Specifications\">Consumo di olio<\/td>\n<td data-label=\"Type\">L\/h<\/td>\n<td data-label=\"DD25\">38<\/td>\n<\/tr>\n<tr>\n<td data-label=\"Specifications\">Forza di esplosione Pile<\/td>\n<td data-label=\"Type\">KN<\/td>\n<td data-label=\"DD25\">3460<\/td>\n<\/tr>\n<tr>\n<td data-label=\"Specifications\">Rapporto di riduzione<\/td>\n<td data-label=\"Type\"><\/td>\n<td data-label=\"DD25\">28<\/td>\n<\/tr>\n<tr>\n<td data-label=\"Specifications\">Massa del martello<\/td>\n<td data-label=\"Type\">kg<\/td>\n<td data-label=\"DD25\">24200<\/td>\n<\/tr>\n<tr>\n<td data-label=\"Specifications\">Distanza della guida<\/td>\n<td data-label=\"Type\">mm<\/td>\n<td data-label=\"DD25\">330-600<\/td>\n<\/tr>\n<\/tbody>\n<\/table>\n<h2>DD128 Diesel Pile Driver Imballaggio<\/h2>\n<p><img fetchpriority=\"high\" decoding=\"async\" class=\"size-full wp-image-11327\" src=\"https:\/\/www.juweihammer.com\/wp-content\/uploads\/2024\/09\/DD-guide-rod-diesel-hammer-packaging.webp\" alt=\"Asta di guida DD imballaggio martello diesel\" width=\"975\" height=\"696\" srcset=\"https:\/\/www.juweihammer.com\/wp-content\/uploads\/2024\/09\/DD-guide-rod-diesel-hammer-packaging.webp 975w, https:\/\/www.juweihammer.com\/wp-content\/uploads\/2024\/09\/DD-guide-rod-diesel-hammer-packaging-768x548.webp 768w, https:\/\/www.juweihammer.com\/wp-content\/uploads\/2024\/09\/DD-guide-rod-diesel-hammer-packaging-18x12.webp 18w, https:\/\/www.juweihammer.com\/wp-content\/uploads\/2024\/09\/DD-guide-rod-diesel-hammer-packaging-600x428.webp 600w\" sizes=\"(max-width: 975px) 100vw, 975px\" \/><\/p>\n<\/div>","protected":false},"excerpt":{"rendered":"<p>Martello pneumatico diesel ad asta di guida della serie DD: Si tratta di un'attrezzatura per il battipalo che funziona secondo il principio del motore a combustione interna a due tempi.<\/p>\n<ul>\n<li>Complesso cilindrico Massa: 12,8 tonnellate<\/li>\n<li>Max. Energia: 384 kj<\/li>\n<li><span data-slate-fragment=\"JTVCJTdCJTIydHlwZSUyMiUzQSUyMnBhcmFncmFwaCUyMiUyQyUyMmNoaWxkcmVuJTIyJTNBJTVCJTdCJTIyaWQlMjIlM0ElMjJ6ZzEzeDNNMkFlJTIyJTJDJTIycGFyYUlkeCUyMiUzQTMlMkMlMjJzcmMlMjIlM0ElMjI0LiUyMENvbnZlbmllbnQlMjBNYWludGVuYW5jZSUyMiUyQyUyMmRzdCUyMiUzQSUyMjQuJUU3JUJCJUI0JUU2JThBJUE0JUU2JTk2JUI5JUU0JUJFJUJGJTIyJTJDJTIybWV0YWRhdGElMjIlM0ElMjIlMjIlMkMlMjJtZXRhRGF0YSUyMiUzQSU1QiU1RCUyQyUyMnRleHQlMjIlM0ElMjJDb252ZW5pZW50JTIwTWFpbnRlbmFuY2UlMjIlN0QlNUQlN0QlNUQ=\">Manutenzione conveniente<\/span><\/li>\n<li>Prezzo competitivo<\/li>\n<li><span data-slate-fragment=\"JTVCJTdCJTIydHlwZSUyMiUzQSUyMnBhcmFncmFwaCUyMiUyQyUyMmNoaWxkcmVuJTIyJTNBJTVCJTdCJTIyaWQlMjIlM0ElMjJlbU1XbjdSbDJlJTIyJTJDJTIycGFyYUlkeCUyMiUzQTQlMkMlMjJzcmMlMjIlM0ElMjI1LiUyMFN1cGVyaW9yJTIwY29sZCUyMHN0YXJ0JTIwZnVuY3Rpb24lMjIlMkMlMjJkc3QlMjIlM0ElMjI1LiVFNSU4RCU5MyVFOCVCNiU4QSVFNyU5QSU4NCVFNSU4NiVCNyVFNSU5MCVBRiVFNSU4QSVBOCVFNSU4QSU5RiVFOCU4MyVCRCUyMiUyQyUyMm1ldGFkYXRhJTIyJTNBJTIyJTIyJTJDJTIybWV0YURhdGElMjIlM0ElNUIlNUQlMkMlMjJ0ZXh0JTIyJTNBJTIyU3VwZXJpb3IlMjBjb2xkJTIwc3RhcnQlMjBmdW5jdGlvbiUyMiU3RCU1RCU3RCU1RA==\">Funzione superiore di avviamento a freddo<\/span><\/li>\n<li><span data-slate-fragment=\"JTVCJTdCJTIydHlwZSUyMiUzQSUyMnBhcmFncmFwaCUyMiUyQyUyMmNoaWxkcmVuJTIyJTNBJTVCJTdCJTIyaWQlMjIlM0ElMjJCYWFLTDgzOFpCJTIyJTJDJTIycGFyYUlkeCUyMiUzQTMlMkMlMjJzcmMlMjIlM0ElMjI0LiUyMENvbnZlbmllbnQlMjBvcGVyYXRpb24lMjBhbmQlMjBtYWludGVuYW5jZSUyMiUyQyUyMmRzdCUyMiUzQSUyMjQuJUU2JTkzJThEJUU0JUJEJTlDJUU3JUJCJUI0JUU2JThBJUE0JUU2JTk2JUI5JUU0JUJFJUJGJTIyJTJDJTIybWV0YWRhdGElMjIlM0ElMjIlMjIlMkMlMjJtZXRhRGF0YSUyMiUzQSU1QiU1RCUyQyUyMnRleHQlMjIlM0ElMjJDb252ZW5pZW50JTIwb3BlcmF0aW9uJTIyJTdEJTVEJTdEJTVE\">Funzionamento comodo<\/span><\/li>\n<\/ul>","protected":false},"featured_media":2521,"template":"","meta":{"_seopress_robots_primary_cat":"none","_seopress_titles_title":"China DD128 Diesel Pile Hammer Supplier for Offshore","_seopress_titles_desc":"JUWEI china DD128 diesel pile hammer is ideal choice for offshore , offshore drilling platforms, bridge construction, terrestrial projects","_seopress_robots_index":"","site-sidebar-layout":"default","site-content-layout":"","ast-site-content-layout":"default","site-content-style":"default","site-sidebar-style":"default","ast-global-header-display":"","ast-banner-title-visibility":"","ast-main-header-display":"","ast-hfb-above-header-display":"","ast-hfb-below-header-display":"","ast-hfb-mobile-header-display":"","site-post-title":"","ast-breadcrumbs-content":"","ast-featured-img":"","footer-sml-layout":"","theme-transparent-header-meta":"default","adv-header-id-meta":"","stick-header-meta":"","header-above-stick-meta":"","header-main-stick-meta":"","header-below-stick-meta":"","astra-migrate-meta-layouts":"set","ast-page-background-enabled":"default","ast-page-background-meta":{"desktop":{"background-color":"var(--ast-global-color-4)","background-image":"","background-repeat":"repeat","background-position":"center center","background-size":"auto","background-attachment":"scroll","background-type":"","background-media":"","overlay-type":"","overlay-color":"","overlay-opacity":"","overlay-gradient":""},"tablet":{"background-color":"","background-image":"","background-repeat":"repeat","background-position":"center center","background-size":"auto","background-attachment":"scroll","background-type":"","background-media":"","overlay-type":"","overlay-color":"","overlay-opacity":"","overlay-gradient":""},"mobile":{"background-color":"","background-image":"","background-repeat":"repeat","background-position":"center center","background-size":"auto","background-attachment":"scroll","background-type":"","background-media":"","overlay-type":"","overlay-color":"","overlay-opacity":"","overlay-gradient":""}},"ast-content-background-meta":{"desktop":{"background-color":"var(--ast-global-color-5)","background-image":"","background-repeat":"repeat","background-position":"center center","background-size":"auto","background-attachment":"scroll","background-type":"","background-media":"","overlay-type":"","overlay-color":"","overlay-opacity":"","overlay-gradient":""},"tablet":{"background-color":"var(--ast-global-color-5)","background-image":"","background-repeat":"repeat","background-position":"center center","background-size":"auto","background-attachment":"scroll","background-type":"","background-media":"","overlay-type":"","overlay-color":"","overlay-opacity":"","overlay-gradient":""},"mobile":{"background-color":"var(--ast-global-color-5)","background-image":"","background-repeat":"repeat","background-position":"center center","background-size":"auto","background-attachment":"scroll","background-type":"","background-media":"","overlay-type":"","overlay-color":"","overlay-opacity":"","overlay-gradient":""}}},"product_brand":[],"product_cat":[22],"product_tag":[],"class_list":{"0":"post-2580","1":"product","2":"type-product","3":"status-publish","4":"has-post-thumbnail","6":"product_cat-dd-guide-rod-diesel-pile-hammer","7":"desktop-align-left","8":"tablet-align-left","9":"mobile-align-left","11":"first","12":"instock","13":"shipping-taxable","14":"product-type-simple"},"_links":{"self":[{"href":"https:\/\/www.juweihammer.com\/it\/wp-json\/wp\/v2\/product\/2580","targetHints":{"allow":["GET"]}}],"collection":[{"href":"https:\/\/www.juweihammer.com\/it\/wp-json\/wp\/v2\/product"}],"about":[{"href":"https:\/\/www.juweihammer.com\/it\/wp-json\/wp\/v2\/types\/product"}],"version-history":[{"count":2,"href":"https:\/\/www.juweihammer.com\/it\/wp-json\/wp\/v2\/product\/2580\/revisions"}],"predecessor-version":[{"id":11351,"href":"https:\/\/www.juweihammer.com\/it\/wp-json\/wp\/v2\/product\/2580\/revisions\/11351"}],"wp:featuredmedia":[{"embeddable":true,"href":"https:\/\/www.juweihammer.com\/it\/wp-json\/wp\/v2\/media\/2521"}],"wp:attachment":[{"href":"https:\/\/www.juweihammer.com\/it\/wp-json\/wp\/v2\/media?parent=2580"}],"wp:term":[{"taxonomy":"product_brand","embeddable":true,"href":"https:\/\/www.juweihammer.com\/it\/wp-json\/wp\/v2\/product_brand?post=2580"},{"taxonomy":"product_cat","embeddable":true,"href":"https:\/\/www.juweihammer.com\/it\/wp-json\/wp\/v2\/product_cat?post=2580"},{"taxonomy":"product_tag","embeddable":true,"href":"https:\/\/www.juweihammer.com\/it\/wp-json\/wp\/v2\/product_tag?post=2580"}],"curies":[{"name":"wp","href":"https:\/\/api.w.org\/{rel}","templated":true}]}}