{"id":22604,"date":"2025-10-30T06:46:42","date_gmt":"2025-10-30T06:46:42","guid":{"rendered":"https:\/\/www.juweihammer.com\/?post_type=product&#038;p=22604"},"modified":"2025-10-30T07:01:19","modified_gmt":"2025-10-30T07:01:19","slug":"10ton-china-hydraulic-pile-hammer-for-pile-driving","status":"publish","type":"product","link":"https:\/\/www.juweihammer.com\/it\/prodotto\/10ton-china-hydraulic-pile-hammer-for-pile-driving\/","title":{"rendered":"Martello idraulico della Cina di 10ton per l'infissione di pali"},"content":{"rendered":"<p><span data-slate-fragment=\"JTVCJTdCJTIydHlwZSUyMiUzQSUyMnBhcmFncmFwaCUyMiUyQyUyMmNoaWxkcmVuJTIyJTNBJTVCJTdCJTIyaWQlMjIlM0ElMjJCWnlwQWdqNVF6JTIyJTJDJTIycGFyYUlkeCUyMiUzQTAlMkMlMjJzcmMlMjIlM0ElMjJKdXdlaSUyMGlzJTIwdGhlJTIwdG9wJTIwMSUyMG1hbnVmYWN0dXJlcnMlMjBhbmQlMjBzdXBwbGllcnMlMjBvZiUyMEREJTIwcmFpbCUyMGhhbW1lcnMlMjBpbiUyMENoaW5hJTIyJTJDJTIyZHN0JTIyJTNBJTIyJUU1JUI3JUE4JUU1JUE4JTgxJUU2JTk4JUFGJUU0JUI4JUFEJUU1JTlCJUJEREQlRTklOTIlQTIlRTglQkQlQTglRTklOTQlQTQlRTclOUElODQlRTclQUMlQUMlRTQlQjglODAlRTUlQTQlQTclRTUlODglQjYlRTklODAlQTAlRTUlOTUlODYlRTUlOTIlOEMlRTQlQkUlOUIlRTUlQkElOTQlRTUlOTUlODYlMjIlMkMlMjJtZXRhZGF0YSUyMiUzQSUyMiUyMiUyQyUyMm1ldGFEYXRhJTIyJTNBJTVCJTVEJTJDJTIydGV4dCUyMiUzQSUyMkp1d2VpJTIwaXMlMjB0aGUlMjB0b3AlMjAxJTIwbWFudWZhY3R1cmVycyUyMGFuZCUyMHN1cHBsaWVycyUyMG9mJTIwREQlMjByYWlsJTIwaGFtbWVycyUyMGluJTIwQ2hpbmElMjIlN0QlNUQlN0QlNUQ=\">Juwei \u00e8 uno dei primi 10 produttori e fornitori di martelli idraulici a percussione al mondo. <\/span>Le attrezzature per l'infissione di pali Juwei vantano oltre 30 anni di esperienza nella progettazione, produzione e applicazione. <span style=\"color: #0000ff;\"><strong>Cliccate sul pulsante \"Factory\" per saperne di pi\u00f9!<\/strong><\/span><\/p>\n<p><strong><b>#<\/b><\/strong><strong><b>Conservazione dell'energia e protezione dell'ambiente<\/b><\/strong><\/p>\n<p>Il martello idraulico a percussione della serie HI di Juwei \u00e8 alimentato da un sistema idraulico che consente un controllo preciso della forza d'urto e della frequenza. Rispetto ai martelli diesel tradizionali, ha una bassa rumorosit\u00e0, un basso inquinamento e una maggiore efficienza di conversione energetica.<\/p>\n<p>L'armadio di potenza \u00e8 azionato da pi\u00f9 motori, che garantiscono un'eccellente fattibilit\u00e0 economica, affidabilit\u00e0 e prestazioni complessive.<\/p>\n<p><strong># <\/strong><strong><b>Affidabilit\u00e0 del sistema<\/b><\/strong><\/p>\n<p>Il sistema \u00e8 dotato di componenti di alta qualit\u00e0 per quanto riguarda pompe, valvole e cilindri idraulici, che offrono buone prestazioni in termini di riduzione delle vibrazioni, resistenza agli urti e durata, garantendo un'elevata affidabilit\u00e0.<\/p>\n<p>Il materiale del nucleo del martello e il trattamento termico sono stati accuratamente selezionati per ottimizzare la resistenza alla temperatura, all'usura, all'assorbimento delle vibrazioni e agli urti. L'accumulatore di alta e bassa pressione adotta un design compatto del pistone, che migliora l'affidabilit\u00e0.<\/p>\n<p><strong>#<\/strong><strong><b>Ampio campo di applicazione<\/b><\/strong><\/p>\n<p>Caratterizzato da tappi per pali in materiale composito facilmente sostituibili, in grado di adattarsi a varie forme e materiali dei pali. La forza d'impatto e la frequenza del martello possono essere regolate e controllate in base alle condizioni geologiche e alla resistenza del materiale del palo.<\/p>\n<p>I martelli idraulici per pali rappresentano una soluzione economica ed ecologica per l'installazione di pali in acciaio o calcestruzzo in ambienti terrestri e marini. Possono essere utilizzati su battipali, gru a sospensione, gru cingolate e chiatte.<\/p>\n<ul>\n<li>Molto adatto per progetti offshore, impianti eolici, piattaforme per petrolio e gas, costruzione di porti e banchine e ponti offshore.<\/li>\n<li>Adatto a varie fondazioni di edifici, dighe in legno, nonch\u00e9 a strutture pubbliche come impianti di energia e di trattamento delle acque.<\/li>\n<\/ul>\n<p><span style=\"color: #0000ff;\"><strong>Cliccate sul pulsante \"Progetto\" per saperne di pi\u00f9!<\/strong><\/span><\/p>\n<p><strong>#ipi di piastrelle<\/strong><\/p>\n<p>Il martello idraulico a percussione di Juwei \u00e8 in grado di piantare diversi tipi di pali, tra cui pali prefabbricati in calcestruzzo, travi ad H, pali rotondi, pali in tubi d'acciaio, pali quadrati, pali in legno, ecc.<\/p>\n<p><strong>1TP5Soluzioni personalizzate:<\/strong><\/p>\n<p>Il nostro team di ingegneri pu\u00f2 personalizzare le soluzioni in base alla situazione del progetto. A causa delle diverse tipologie, dimensioni e condizioni del terreno dei pali, anche la capacit\u00e0 portante richiesta dei martelli pu\u00f2 variare. \u00c8 possibile fornire un rapporto sull'indirizzo del terreno, il tipo di palo e l'attrezzatura per l'infissione dei pali. Noi forniamo martelli compatibili con il progetto.<\/p>\n<p><strong>#P Imballaggio e trasporto<\/strong>:<\/p>\n<p>Imballaggio: Utilizzando strumenti di trasporto in acciaio standard di esportazione per l'imballaggio<br \/>\nTrasporto: trasporto in container da 20GP o 40GP<\/p>\n<p><strong>#Specifiche:<\/strong><\/p>\n<div style=\"overflow-x: auto;\">\n<table style=\"border-collapse: collapse; width: 100%;\" border=\"1\" cellspacing=\"0\" cellpadding=\"0\">\n<tbody>\n<tr style=\"height: 20.00pt;\">\n<td style=\"width: 40%;\" align=\"center\"><strong>Specifiche tecniche<\/strong><\/td>\n<td style=\"width: 30%;\" align=\"center\"><strong>Tipo<\/strong><\/td>\n<td style=\"width: 30%;\" align=\"center\"><strong>HI-10<\/strong><\/td>\n<\/tr>\n<tr style=\"height: 20.00pt;\">\n<td style=\"width: 40%;\" align=\"center\">Modello Power Pack (opzionale)<\/td>\n<td style=\"width: 30%;\" align=\"center\">Motore diesel\/<br \/>\nMotore elettrico<\/td>\n<td style=\"width: 30%;\" align=\"center\">DP325\/<br \/>\nEP250<\/td>\n<\/tr>\n<tr style=\"height: 20.00pt;\">\n<td style=\"width: 40%;\" align=\"center\">Energia massima della corsa<\/td>\n<td style=\"width: 30%;\" align=\"center\">kN.m<\/td>\n<td style=\"width: 30%;\" align=\"center\">150<\/td>\n<\/tr>\n<tr style=\"height: 24.00pt;\">\n<td style=\"width: 40%;\" align=\"center\">Corsa massima<\/td>\n<td style=\"width: 30%;\" align=\"center\">mm<\/td>\n<td style=\"width: 30%;\" align=\"center\">1500<\/td>\n<\/tr>\n<tr style=\"height: 20.00pt;\">\n<td style=\"width: 40%;\" align=\"center\">Frequenza (Min\/Max)<\/td>\n<td style=\"width: 30%;\" align=\"center\">bpm<\/td>\n<td style=\"width: 30%;\" align=\"center\">30\/80<\/td>\n<\/tr>\n<tr style=\"height: 20.00pt;\">\n<td style=\"width: 40%;\" align=\"center\">Peso dell'ariete<\/td>\n<td style=\"width: 30%;\" align=\"center\">kg<\/td>\n<td style=\"width: 30%;\" align=\"center\">10000<\/td>\n<\/tr>\n<tr style=\"height: 20.00pt;\">\n<td style=\"width: 40%;\" align=\"center\">Peso totale (escluso il tappo)<\/td>\n<td style=\"width: 30%;\" align=\"center\">kg<\/td>\n<td style=\"width: 30%;\" align=\"center\">16200<\/td>\n<\/tr>\n<tr style=\"height: 24.00pt;\">\n<td style=\"width: 40%;\" align=\"center\">Altezza totale (esclusa la calotta)<\/td>\n<td style=\"width: 30%;\" align=\"center\">mm<\/td>\n<td style=\"width: 30%;\" align=\"center\">5320<\/td>\n<\/tr>\n<tr style=\"height: 20.00pt;\">\n<td style=\"width: 100%; border-right: 1.0pt solid #000000;\" colspan=\"3\" align=\"center\"><strong>Motore diesel Power Pack Modello: DP325<\/strong><\/td>\n<\/tr>\n<tr style=\"height: 27.00pt;\">\n<td style=\"width: 40%;\" align=\"center\">Modello di motore diesel<\/td>\n<td style=\"width: 100%; border-right: 1.0pt solid #000000;\" colspan=\"3\" align=\"center\">CUMMINS-C325\/WEICHAI-WP10<\/td>\n<\/tr>\n<tr style=\"height: 27.00pt;\">\n<td style=\"width: 40%;\" align=\"center\">Potenza del motore diesel<\/td>\n<td style=\"width: 30%;\" align=\"center\">KW<\/td>\n<td style=\"width: 30%;\" align=\"center\">239\/247<\/td>\n<\/tr>\n<tr style=\"height: 20.00pt;\">\n<td style=\"width: 40%;\" align=\"center\">Pressione nominale<\/td>\n<td style=\"width: 30%;\" align=\"center\">Mpa<\/td>\n<td style=\"width: 30%;\" align=\"center\">25<\/td>\n<\/tr>\n<tr style=\"height: 15.75pt;\">\n<td style=\"width: 40%;\" align=\"center\">Flusso massimo<\/td>\n<td style=\"width: 30%;\" align=\"center\">L\/min<\/td>\n<td style=\"width: 30%;\" align=\"center\">390<\/td>\n<\/tr>\n<tr style=\"height: 15.75pt;\">\n<td style=\"width: 40%;\" align=\"center\">Serbatoio dell'olio idraulico<\/td>\n<td style=\"width: 30%;\" align=\"center\">L<\/td>\n<td style=\"width: 30%;\" align=\"center\">1500<\/td>\n<\/tr>\n<tr style=\"height: 15.75pt;\">\n<td style=\"width: 40%;\" align=\"center\">Serbatoio del gasolio<\/td>\n<td style=\"width: 30%;\" align=\"center\">L<\/td>\n<td style=\"width: 30%;\" align=\"center\">450<\/td>\n<\/tr>\n<tr style=\"height: 15.75pt;\">\n<td style=\"width: 40%;\" align=\"center\">Peso netto<\/td>\n<td style=\"width: 30%;\" align=\"center\">kg<\/td>\n<td style=\"width: 30%;\" align=\"center\">5150<\/td>\n<\/tr>\n<tr style=\"height: 20.00pt;\">\n<td style=\"width: 100%; border-right: 1.0pt solid #000000;\" colspan=\"3\" align=\"center\"><strong>Centralina per motore elettrico Modello: EP250<\/strong><\/td>\n<\/tr>\n<tr style=\"height: 27.00pt;\">\n<td style=\"width: 40%;\" align=\"center\">Potenza del motore<\/td>\n<td style=\"width: 30%;\" align=\"center\">KW<\/td>\n<td style=\"width: 30%;\" align=\"center\">90\u00d72<\/td>\n<\/tr>\n<tr style=\"height: 20.00pt;\">\n<td style=\"width: 40%;\" align=\"center\">Pressione nominale<\/td>\n<td style=\"width: 30%;\" align=\"center\">Mpa<\/td>\n<td style=\"width: 30%;\" align=\"center\">23<\/td>\n<\/tr>\n<tr style=\"height: 15.75pt;\">\n<td style=\"width: 40%;\" align=\"center\">Flusso massimo<\/td>\n<td style=\"width: 30%;\" align=\"center\">L\/min<\/td>\n<td style=\"width: 30%;\" align=\"center\">500<\/td>\n<\/tr>\n<tr style=\"height: 15.75pt;\">\n<td style=\"width: 40%;\" align=\"center\">Serbatoio dell'olio idraulico<\/td>\n<td style=\"width: 30%;\" align=\"center\">L<\/td>\n<td style=\"width: 30%;\" align=\"center\">1750<\/td>\n<\/tr>\n<tr style=\"height: 15.75pt;\">\n<td style=\"width: 40%;\" align=\"center\">Peso netto<\/td>\n<td style=\"width: 30%;\" align=\"center\">kg<\/td>\n<td style=\"width: 30%;\" align=\"center\">4450<\/td>\n<\/tr>\n<\/tbody>\n<\/table>\n<\/div>","protected":false},"excerpt":{"rendered":"<p>Il martello idraulico per pali della serie HI di Juwei ha una struttura semplice, in grado di sollevare il nucleo del martello attraverso l'energia idraulica e di utilizzare l'energia potenziale gravitazionale per colpire l'estremit\u00e0 del palo.<\/p>\n<ul>\n<li>Modello: HI-10<\/li>\n<li>Peso dell'ariete: 10 tonnellate<\/li>\n<li>Massima. Energia: 150 kj<\/li>\n<li><span data-slate-fragment=\"JTVCJTdCJTIydHlwZSUyMiUzQSUyMnBhcmFncmFwaCUyMiUyQyUyMmNoaWxkcmVuJTIyJTNBJTVCJTdCJTIyaWQlMjIlM0ElMjJ6ZzEzeDNNMkFlJTIyJTJDJTIycGFyYUlkeCUyMiUzQTMlMkMlMjJzcmMlMjIlM0ElMjI0LiUyMENvbnZlbmllbnQlMjBNYWludGVuYW5jZSUyMiUyQyUyMmRzdCUyMiUzQSUyMjQuJUU3JUJCJUI0JUU2JThBJUE0JUU2JTk2JUI5JUU0JUJFJUJGJTIyJTJDJTIybWV0YWRhdGElMjIlM0ElMjIlMjIlMkMlMjJtZXRhRGF0YSUyMiUzQSU1QiU1RCUyQyUyMnRleHQlMjIlM0ElMjJDb252ZW5pZW50JTIwTWFpbnRlbmFuY2UlMjIlN0QlNUQlN0QlNUQ=\">Valvola di controllo integrata<\/span><\/li>\n<li>Elevata efficienza lavorativa<\/li>\n<li>Prezzi competitivi<\/li>\n<li>Pile Driving a gamma completa<\/li>\n<\/ul>","protected":false},"featured_media":2621,"template":"","meta":{"_seopress_robots_primary_cat":"none","_seopress_titles_title":"12ton Hydraulic Impact Pile Hammer for Offshore - OEM","_seopress_titles_desc":"OEM 12ton hydraulic pile hammer is enables precise control of impact force and frequency. It has low noise and pollution. Get Free Quote!","_seopress_robots_index":"","site-sidebar-layout":"default","site-content-layout":"","ast-site-content-layout":"default","site-content-style":"default","site-sidebar-style":"default","ast-global-header-display":"","ast-banner-title-visibility":"","ast-main-header-display":"","ast-hfb-above-header-display":"","ast-hfb-below-header-display":"","ast-hfb-mobile-header-display":"","site-post-title":"","ast-breadcrumbs-content":"","ast-featured-img":"","footer-sml-layout":"","theme-transparent-header-meta":"default","adv-header-id-meta":"","stick-header-meta":"","header-above-stick-meta":"","header-main-stick-meta":"","header-below-stick-meta":"","astra-migrate-meta-layouts":"set","ast-page-background-enabled":"default","ast-page-background-meta":{"desktop":{"background-color":"var(--ast-global-color-4)","background-image":"","background-repeat":"repeat","background-position":"center center","background-size":"auto","background-attachment":"scroll","background-type":"","background-media":"","overlay-type":"","overlay-color":"","overlay-opacity":"","overlay-gradient":""},"tablet":{"background-color":"","background-image":"","background-repeat":"repeat","background-position":"center center","background-size":"auto","background-attachment":"scroll","background-type":"","background-media":"","overlay-type":"","overlay-color":"","overlay-opacity":"","overlay-gradient":""},"mobile":{"background-color":"","background-image":"","background-repeat":"repeat","background-position":"center center","background-size":"auto","background-attachment":"scroll","background-type":"","background-media":"","overlay-type":"","overlay-color":"","overlay-opacity":"","overlay-gradient":""}},"ast-content-background-meta":{"desktop":{"background-color":"var(--ast-global-color-5)","background-image":"","background-repeat":"repeat","background-position":"center center","background-size":"auto","background-attachment":"scroll","background-type":"","background-media":"","overlay-type":"","overlay-color":"","overlay-opacity":"","overlay-gradient":""},"tablet":{"background-color":"var(--ast-global-color-5)","background-image":"","background-repeat":"repeat","background-position":"center center","background-size":"auto","background-attachment":"scroll","background-type":"","background-media":"","overlay-type":"","overlay-color":"","overlay-opacity":"","overlay-gradient":""},"mobile":{"background-color":"var(--ast-global-color-5)","background-image":"","background-repeat":"repeat","background-position":"center center","background-size":"auto","background-attachment":"scroll","background-type":"","background-media":"","overlay-type":"","overlay-color":"","overlay-opacity":"","overlay-gradient":""}}},"product_brand":[],"product_cat":[23],"product_tag":[],"class_list":{"0":"post-22604","1":"product","2":"type-product","3":"status-publish","4":"has-post-thumbnail","6":"product_cat-pile-hydraulic-impact-hammers","7":"desktop-align-left","8":"tablet-align-left","9":"mobile-align-left","11":"first","12":"instock","13":"shipping-taxable","14":"product-type-simple"},"_links":{"self":[{"href":"https:\/\/www.juweihammer.com\/it\/wp-json\/wp\/v2\/product\/22604","targetHints":{"allow":["GET"]}}],"collection":[{"href":"https:\/\/www.juweihammer.com\/it\/wp-json\/wp\/v2\/product"}],"about":[{"href":"https:\/\/www.juweihammer.com\/it\/wp-json\/wp\/v2\/types\/product"}],"version-history":[{"count":4,"href":"https:\/\/www.juweihammer.com\/it\/wp-json\/wp\/v2\/product\/22604\/revisions"}],"predecessor-version":[{"id":22608,"href":"https:\/\/www.juweihammer.com\/it\/wp-json\/wp\/v2\/product\/22604\/revisions\/22608"}],"wp:featuredmedia":[{"embeddable":true,"href":"https:\/\/www.juweihammer.com\/it\/wp-json\/wp\/v2\/media\/2621"}],"wp:attachment":[{"href":"https:\/\/www.juweihammer.com\/it\/wp-json\/wp\/v2\/media?parent=22604"}],"wp:term":[{"taxonomy":"product_brand","embeddable":true,"href":"https:\/\/www.juweihammer.com\/it\/wp-json\/wp\/v2\/product_brand?post=22604"},{"taxonomy":"product_cat","embeddable":true,"href":"https:\/\/www.juweihammer.com\/it\/wp-json\/wp\/v2\/product_cat?post=22604"},{"taxonomy":"product_tag","embeddable":true,"href":"https:\/\/www.juweihammer.com\/it\/wp-json\/wp\/v2\/product_tag?post=22604"}],"curies":[{"name":"wp","href":"https:\/\/api.w.org\/{rel}","templated":true}]}}