{"id":8659,"date":"2024-09-04T05:13:45","date_gmt":"2024-09-04T05:13:45","guid":{"rendered":"https:\/\/www.juweihammer.com\/?post_type=product&#038;p=8659"},"modified":"2025-05-25T04:59:59","modified_gmt":"2025-05-25T04:59:59","slug":"dd160-16ton-diesel-pile-driver-hammers-guide-rod-type","status":"publish","type":"product","link":"https:\/\/www.juweihammer.com\/fr\/produit\/dd160-16ton-diesel-pile-driver-hammers-guide-rod-type\/","title":{"rendered":"Marteaux de battage de pieux diesel DD160 16 tonnes | Type de tige de guidage"},"content":{"rendered":"<p><span data-slate-fragment=\"JTVCJTdCJTIydHlwZSUyMiUzQSUyMnBhcmFncmFwaCUyMiUyQyUyMmNoaWxkcmVuJTIyJTNBJTVCJTdCJTIyaWQlMjIlM0ElMjJCWnlwQWdqNVF6JTIyJTJDJTIycGFyYUlkeCUyMiUzQTAlMkMlMjJzcmMlMjIlM0ElMjJKdXdlaSUyMGlzJTIwdGhlJTIwdG9wJTIwMSUyMG1hbnVmYWN0dXJlcnMlMjBhbmQlMjBzdXBwbGllcnMlMjBvZiUyMEREJTIwcmFpbCUyMGhhbW1lcnMlMjBpbiUyMENoaW5hJTIyJTJDJTIyZHN0JTIyJTNBJTIyJUU1JUI3JUE4JUU1JUE4JTgxJUU2JTk4JUFGJUU0JUI4JUFEJUU1JTlCJUJEREQlRTklOTIlQTIlRTglQkQlQTglRTklOTQlQTQlRTclOUElODQlRTclQUMlQUMlRTQlQjglODAlRTUlQTQlQTclRTUlODglQjYlRTklODAlQTAlRTUlOTUlODYlRTUlOTIlOEMlRTQlQkUlOUIlRTUlQkElOTQlRTUlOTUlODYlMjIlMkMlMjJtZXRhZGF0YSUyMiUzQSUyMiUyMiUyQyUyMm1ldGFEYXRhJTIyJTNBJTVCJTVEJTJDJTIydGV4dCUyMiUzQSUyMkp1d2VpJTIwaXMlMjB0aGUlMjB0b3AlMjAxJTIwbWFudWZhY3R1cmVycyUyMGFuZCUyMHN1cHBsaWVycyUyMG9mJTIwREQlMjByYWlsJTIwaGFtbWVycyUyMGluJTIwQ2hpbmElMjIlN0QlNUQlN0QlNUQ=\">Juwei est le premier fabricant et fournisseur de marteau piqueur diesel \u00e0 tige de guidage DD en Chine. <\/span>Le marteau piqueur diesel de la s\u00e9rie DD de Juwei b\u00e9n\u00e9ficie de plus de 30 ans d'exp\u00e9rience en mati\u00e8re de conception, de fabrication et d'application. <span style=\"color: #0000ff;\"><strong>Cliquez sur le bouton \"Usine\" pour en savoir plus !<\/strong><\/span><\/p>\n<p><strong>Le marteau diesel \u00e0 tige de guidage D peut \u00eatre divis\u00e9 en trois types : l\u00e9ger, moyen et lourd.<\/strong><\/p>\n<p><strong><b># Mod\u00e8le de lumi\u00e8re<\/b><\/strong><\/p>\n<p>Les mod\u00e8les comprennent : DD4, DD6, DD12, DD18, DD25, DD30<\/p>\n<p>Le marteau diesel l\u00e9ger \u00e0 tige de guidage est con\u00e7u pour enfoncer sous terre des pieux en b\u00e9ton arm\u00e9, des pieux m\u00e9talliques, des pieux en bois et des palplanches. Cet appareil multifonctionnel est essentiel dans diverses applications de construction, notamment :<\/p>\n<ul>\n<li>Projets d'ing\u00e9nierie de l'\u00e9nergie \u00e9lectrique<\/li>\n<li>Fondation de l'industrie du p\u00e9trole et du gaz<\/li>\n<li>Construction de fondations et de plates-formes pour les b\u00e2timents industriels et civils<\/li>\n<\/ul>\n<p>Cet \u00e9quipement de battage est g\u00e9n\u00e9ralement install\u00e9 sur des machines \u00e0 chenilles et \u00e0 roues. La modernisation des grues sur chenilles et des excavateurs implique l'installation de pieux pour un fonctionnement efficace.<\/p>\n<p>Les principales caract\u00e9ristiques de cet \u00e9quipement l\u00e9ger de battage de pieux sont son \u00e9norme force d'impact et ses segments de piston durables. Ce marteau est largement export\u00e9 vers des r\u00e9gions telles que la Russie, l'Indon\u00e9sie, les Philippines, l'Afrique et l'Asie du Sud-Est, et sa fiabilit\u00e9 et ses performances sont reconnues.<\/p>\n<p><strong># Mod\u00e8le moyen<\/strong><\/p>\n<p>Les mod\u00e8les comprennent : DD35, DD45, DD55, DD65, DD75, DD85, DD105<\/p>\n<p>Le marteau-pilon \u00e0 tige de guidage de taille moyenne convient au battage de divers types de pieux, notamment les pieux en b\u00e9ton arm\u00e9, les pieux en acier, les palplanches, les poutres en H, les pieux ronds, les pieux carr\u00e9s et les pieux en bois. Cet \u00e9quipement de battage de taille moyenne convient parfaitement aux fondations et aux structures de soutien dans les domaines suivants :<\/p>\n<ul>\n<li>Industrie p\u00e9troli\u00e8re et gazi\u00e8re<\/li>\n<li>\u00c9lectricit\u00e9 et \u00e9nergie<\/li>\n<li>L'industrie<\/li>\n<li>g\u00e9nie civil<\/li>\n<li>l'ing\u00e9nierie hydraulique<\/li>\n<\/ul>\n<p>Ce marteau enfonceur de pieux est compatible avec les grues sur chenilles, les excavateurs, les enfonceurs de pieux avec m\u00e2ts, les enfonceurs de pieux flottants et les enfonceurs de pieux \u00e0 pied, et il est polyvalent et efficace.<br \/>\nNos marteaux diesel DD de taille moyenne sont largement export\u00e9s vers l'Asie du Sud-Est, le Moyen-Orient, l'Europe, l'Afrique et l'Am\u00e9rique du Sud.<\/p>\n<p><strong>#Heavy Mod\u00e8le<\/strong><\/p>\n<p>Les mod\u00e8les comprennent : DD128, DD160, DD180, DD200, DD220, DD300, DD350, DD400, DD450, DD500<\/p>\n<p>Le marteau diesel pour pieux DD lourd poss\u00e8de le composant d'impact le plus lourd, ce qui en fait l'\u00e9quipement le plus efficace pour les op\u00e9rations de battage de pieux. Il s'agit d'un choix id\u00e9al pour les applications suivantes :<\/p>\n<ul>\n<li><span data-slate-fragment=\"JTVCJTdCJTIydHlwZSUyMiUzQSUyMnBhcmFncmFwaCUyMiUyQyUyMmNoaWxkcmVuJTIyJTNBJTVCJTdCJTIyaWQlMjIlM0ElMjJlRU5SazlnUjdWJTIyJTJDJTIycGFyYUlkeCUyMiUzQTElMkMlMjJzcmMlMjIlM0ElMjJPZmZzaG9yZSUyME9wZXJhdGlvbnMlMjIlMkMlMjJkc3QlMjIlM0ElMjJPZmZzaG9yZSUyME9wZXJhdGlvbnMlMjIlMkMlMjJtZXRhZGF0YSUyMiUzQSUyMiUyMiUyQyUyMm1ldGFEYXRhJTIyJTNBJTVCJTVEJTJDJTIydGV4dCUyMiUzQSUyMk9mZnNob3JlJTIwT3BlcmF0aW9ucyUyMiU3RCU1RCU3RCU1RA==\">Op\u00e9rations en mer<\/span><\/li>\n<li><span data-slate-fragment=\"JTVCJTdCJTIydHlwZSUyMiUzQSUyMnBhcmFncmFwaCUyMiUyQyUyMmNoaWxkcmVuJTIyJTNBJTVCJTdCJTIyaWQlMjIlM0ElMjJCbzEwNjRQMG5WJTIyJTJDJTIycGFyYUlkeCUyMiUzQTIlMkMlMjJzcmMlMjIlM0ElMjJPZmZzaG9yZSUyMERyaWxsaW5nJTIwUGxhdGZvcm1zJTIyJTJDJTIyZHN0JTIyJTNBJTIyT2Zmc2hvcmUlMjBEcmlsbGluZyUyMFBsYXRmb3JtcyUyMiUyQyUyMm1ldGFkYXRhJTIyJTNBJTIyJTIyJTJDJTIybWV0YURhdGElMjIlM0ElNUIlNUQlMkMlMjJ0ZXh0JTIyJTNBJTIyT2Zmc2hvcmUlMjBEcmlsbGluZyUyMFBsYXRmb3JtcyUyMiU3RCU1RCU3RCU1RA==\">Plates-formes de forage en mer<\/span><\/li>\n<li><span data-slate-fragment=\"JTVCJTdCJTIydHlwZSUyMiUzQSUyMnBhcmFncmFwaCUyMiUyQyUyMmNoaWxkcmVuJTIyJTNBJTVCJTdCJTIyaWQlMjIlM0ElMjJWMHJZOW9MWUFCJTIyJTJDJTIycGFyYUlkeCUyMiUzQTMlMkMlMjJzcmMlMjIlM0ElMjJEZWVwd2F0ZXIlMjBQb3J0cyUyMiUyQyUyMmRzdCUyMiUzQSUyMkRlZXB3YXRlciUyMFBvcnRzJTIyJTJDJTIybWV0YWRhdGElMjIlM0ElMjIlMjIlMkMlMjJtZXRhRGF0YSUyMiUzQSU1QiU1RCUyQyUyMnRleHQlMjIlM0ElMjJEZWVwd2F0ZXIlMjBQb3J0cyUyMiU3RCU1RCU3RCU1RA==\">Ports en eau profonde<\/span><\/li>\n<li><span data-slate-fragment=\"JTVCJTdCJTIydHlwZSUyMiUzQSUyMnBhcmFncmFwaCUyMiUyQyUyMmNoaWxkcmVuJTIyJTNBJTVCJTdCJTIyaWQlMjIlM0ElMjJlSlJHNGdPR0RlJTIyJTJDJTIycGFyYUlkeCUyMiUzQTQlMkMlMjJzcmMlMjIlM0ElMjJCcmlkZ2UlMjBDb25zdHJ1Y3Rpb24lMjIlMkMlMjJkc3QlMjIlM0ElMjJCcmlkZ2UlMjBDb25zdHJ1Y3Rpb24lMjIlMkMlMjJtZXRhZGF0YSUyMiUzQSUyMiUyMiUyQyUyMm1ldGFEYXRhJTIyJTNBJTVCJTVEJTJDJTIydGV4dCUyMiUzQSUyMkJyaWRnZSUyMENvbnN0cnVjdGlvbiUyMiU3RCU1RCU3RCU1RA==\">Construction de ponts<\/span><\/li>\n<li><span data-slate-fragment=\"JTVCJTdCJTIydHlwZSUyMiUzQSUyMnBhcmFncmFwaCUyMiUyQyUyMmNoaWxkcmVuJTIyJTNBJTVCJTdCJTIyaWQlMjIlM0ElMjJCWHd5RFBPeTd6JTIyJTJDJTIycGFyYUlkeCUyMiUzQTUlMkMlMjJzcmMlMjIlM0ElMjJCb3RoJTIwVGVycmVzdHJpYWwlMjBhbmQlMjBBcXVhdGljJTIwQnVpbGRpbmclMjBQcm9qZWN0cyUyMiUyQyUyMmRzdCUyMiUzQSUyMkJvdGglMjBUZXJyZXN0cmlhbCUyMGFuZCUyMEFxdWF0aWMlMjBCdWlsZGluZyUyMFByb2plY3RzJTIyJTJDJTIybWV0YWRhdGElMjIlM0ElMjIlMjIlMkMlMjJtZXRhRGF0YSUyMiUzQSU1QiU1RCUyQyUyMnRleHQlMjIlM0ElMjJUZXJyZXN0cmlhbCUyMGFuZCUyMEFxdWF0aWMlMjBCdWlsZGluZyUyMFByb2plY3RzJTIyJTdEJTVEJTdEJTVE\">Projets de construction terrestres et aquatiques<\/span><\/li>\n<\/ul>\n<p>Nos marteaux diesel lourds sont largement utilis\u00e9s en Am\u00e9rique du Nord, en Am\u00e9rique du Sud, au Moyen-Orient, en Asie, en Afrique, en Europe, en Russie et en Turquie.<br \/>\nDD-128 et DD-200 : \u00e9quip\u00e9s de deux rails de guidage pour le d\u00e9placement des \u00e9l\u00e9ments de frappe.<br \/>\nDD-300 et mod\u00e8les plus lourds : \u00e0 l'aide de quatre rails de guidage, ils peuvent \u00eatre empil\u00e9s avec une inclinaison de 1:3.<\/p>\n<p><span style=\"color: #0000ff;\"><strong>Cliquez sur le bouton \"D\u00e9tails de la s\u00e9rie DD\" pour en savoir plus !<\/strong><\/span><\/p>\n<p><strong>1TP5Solutions personnalis\u00e9es :<\/strong><\/p>\n<p>Notre \u00e9quipe d'ing\u00e9nieurs peut personnaliser les solutions en fonction de la situation de votre projet. Vous pouvez fournir un rapport sur l'adresse du sol, le type de pieu et l'\u00e9quipement de battage. Nous fournissons un marteau-cylindre compatible avec la conception.<\/p>\n<p><strong>1TP5Emballage et transport<\/strong>:<\/p>\n<p>Emballage : L'emballage se fait \u00e0 l'aide d'outils de transport en acier conformes aux normes d'exportation.<br \/>\nTransport : transport par conteneur 20GP ou 40GP<\/p>\n<p><strong>#Sp\u00e9cifications :<\/strong><\/p>\n<style>\n    .table-container {<br \/>        overflow-x: auto;<br \/>        margin: 0 auto;<br \/>    }<br \/>    table {<br \/>        width: 100%;<br \/>        border-collapse: collapse;<br \/>    }<br \/>    th, td {<br \/>        padding: 8px;<br \/>        border: 1px solid #ddd;<br \/>        text-align: left;<br \/>    }<br \/>    @media screen and (max-width: 600px) {<br \/>        table, thead, tbody, th, td, tr {<br \/>            display: block;<br \/>            width: 100%;<br \/>        }<br \/>        thead tr {<br \/>            display: none;<br \/>        }<br \/>        tr {<br \/>            margin-bottom: 15px;<br \/>        }<br \/>        td {<br \/>            text-align: right;<br \/>            padding-left: 50%;<br \/>            position: relative;<br \/>        }<br \/>        td:before {<br \/>            content: attr(data-label);<br \/>            position: absolute;<br \/>            left: 0;<br \/>            width: 50%;<br \/>            padding-left: 10px;<br \/>            font-weight: bold;<br \/>            text-align: left;<br \/>        }<br \/>    }<br \/><\/style>\n<div class=\"table-container\">\n<table>\n<thead>\n<tr>\n<th>Sp\u00e9cifications<\/th>\n<th>Type<\/th>\n<th>DD160<\/th>\n<\/tr>\n<\/thead>\n<tbody>\n<tr>\n<td data-label=\"Specifications\">Cylindre Masse complexe<\/td>\n<td data-label=\"Type\">kg<\/td>\n<td data-label=\"DD25\">16000<\/td>\n<\/tr>\n<tr>\n<td data-label=\"Specifications\">Course max. Course du v\u00e9rin<\/td>\n<td data-label=\"Type\">m<\/td>\n<td data-label=\"DD25\">3<\/td>\n<\/tr>\n<tr>\n<td data-label=\"Specifications\">Fr\u00e9quence<\/td>\n<td data-label=\"Type\">min-l<\/td>\n<td data-label=\"DD25\">38~50<\/td>\n<\/tr>\n<tr>\n<td data-label=\"Specifications\">Max. \u00c9nergie<\/td>\n<td data-label=\"Type\">kj<\/td>\n<td data-label=\"DD25\">480<\/td>\n<\/tr>\n<tr>\n<td data-label=\"Specifications\">Consommation d'huile<\/td>\n<td data-label=\"Type\">L\/h<\/td>\n<td data-label=\"DD25\">46<\/td>\n<\/tr>\n<tr>\n<td data-label=\"Specifications\">Force d'explosion Pile<\/td>\n<td data-label=\"Type\">KN<\/td>\n<td data-label=\"DD25\">4325<\/td>\n<\/tr>\n<tr>\n<td data-label=\"Specifications\">Taux de r\u00e9duction<\/td>\n<td data-label=\"Type\"><\/td>\n<td data-label=\"DD25\">28<\/td>\n<\/tr>\n<tr>\n<td data-label=\"Specifications\">Masse du marteau<\/td>\n<td data-label=\"Type\">kg<\/td>\n<td data-label=\"DD25\">30200<\/td>\n<\/tr>\n<tr>\n<td data-label=\"Specifications\">Distance du guide<\/td>\n<td data-label=\"Type\">mm<\/td>\n<td data-label=\"DD25\">600<\/td>\n<\/tr>\n<\/tbody>\n<\/table>\n<h2>DD160 Emballage \u00e0 marteau diesel<\/h2>\n<p><img fetchpriority=\"high\" decoding=\"async\" class=\"size-full wp-image-11327\" src=\"https:\/\/www.juweihammer.com\/wp-content\/uploads\/2024\/09\/DD-guide-rod-diesel-hammer-packaging.webp\" alt=\"Emballage de marteaux diesel \u00e0 tige de guidage DD\" width=\"975\" height=\"696\" srcset=\"https:\/\/www.juweihammer.com\/wp-content\/uploads\/2024\/09\/DD-guide-rod-diesel-hammer-packaging.webp 975w, https:\/\/www.juweihammer.com\/wp-content\/uploads\/2024\/09\/DD-guide-rod-diesel-hammer-packaging-768x548.webp 768w, https:\/\/www.juweihammer.com\/wp-content\/uploads\/2024\/09\/DD-guide-rod-diesel-hammer-packaging-18x12.webp 18w, https:\/\/www.juweihammer.com\/wp-content\/uploads\/2024\/09\/DD-guide-rod-diesel-hammer-packaging-600x428.webp 600w\" sizes=\"(max-width: 975px) 100vw, 975px\" \/><\/p>\n<\/div>","protected":false},"excerpt":{"rendered":"<p>Marteau-pilon diesel \u00e0 tige de guidage de la s\u00e9rie DD : Il s'agit d'un \u00e9quipement de battage de pieux qui fonctionne selon le principe d'un moteur \u00e0 combustion interne \u00e0 deux temps.<\/p>\n<ul>\n<li>Masse du complexe cylindrique : 16 tonnes<\/li>\n<li>\u00c9nergie max. \u00c9nergie : 480 kj<\/li>\n<li><span data-slate-fragment=\"JTVCJTdCJTIydHlwZSUyMiUzQSUyMnBhcmFncmFwaCUyMiUyQyUyMmNoaWxkcmVuJTIyJTNBJTVCJTdCJTIyaWQlMjIlM0ElMjJ6ZzEzeDNNMkFlJTIyJTJDJTIycGFyYUlkeCUyMiUzQTMlMkMlMjJzcmMlMjIlM0ElMjI0LiUyMENvbnZlbmllbnQlMjBNYWludGVuYW5jZSUyMiUyQyUyMmRzdCUyMiUzQSUyMjQuJUU3JUJCJUI0JUU2JThBJUE0JUU2JTk2JUI5JUU0JUJFJUJGJTIyJTJDJTIybWV0YWRhdGElMjIlM0ElMjIlMjIlMkMlMjJtZXRhRGF0YSUyMiUzQSU1QiU1RCUyQyUyMnRleHQlMjIlM0ElMjJDb252ZW5pZW50JTIwTWFpbnRlbmFuY2UlMjIlN0QlNUQlN0QlNUQ=\">Entretien pratique<\/span><\/li>\n<li>Prix comp\u00e9titif<\/li>\n<li><span data-slate-fragment=\"JTVCJTdCJTIydHlwZSUyMiUzQSUyMnBhcmFncmFwaCUyMiUyQyUyMmNoaWxkcmVuJTIyJTNBJTVCJTdCJTIyaWQlMjIlM0ElMjJlbU1XbjdSbDJlJTIyJTJDJTIycGFyYUlkeCUyMiUzQTQlMkMlMjJzcmMlMjIlM0ElMjI1LiUyMFN1cGVyaW9yJTIwY29sZCUyMHN0YXJ0JTIwZnVuY3Rpb24lMjIlMkMlMjJkc3QlMjIlM0ElMjI1LiVFNSU4RCU5MyVFOCVCNiU4QSVFNyU5QSU4NCVFNSU4NiVCNyVFNSU5MCVBRiVFNSU4QSVBOCVFNSU4QSU5RiVFOCU4MyVCRCUyMiUyQyUyMm1ldGFkYXRhJTIyJTNBJTIyJTIyJTJDJTIybWV0YURhdGElMjIlM0ElNUIlNUQlMkMlMjJ0ZXh0JTIyJTNBJTIyU3VwZXJpb3IlMjBjb2xkJTIwc3RhcnQlMjBmdW5jdGlvbiUyMiU3RCU1RCU3RCU1RA==\">Fonction sup\u00e9rieure de d\u00e9marrage \u00e0 froid<\/span><\/li>\n<li><span data-slate-fragment=\"JTVCJTdCJTIydHlwZSUyMiUzQSUyMnBhcmFncmFwaCUyMiUyQyUyMmNoaWxkcmVuJTIyJTNBJTVCJTdCJTIyaWQlMjIlM0ElMjJCYWFLTDgzOFpCJTIyJTJDJTIycGFyYUlkeCUyMiUzQTMlMkMlMjJzcmMlMjIlM0ElMjI0LiUyMENvbnZlbmllbnQlMjBvcGVyYXRpb24lMjBhbmQlMjBtYWludGVuYW5jZSUyMiUyQyUyMmRzdCUyMiUzQSUyMjQuJUU2JTkzJThEJUU0JUJEJTlDJUU3JUJCJUI0JUU2JThBJUE0JUU2JTk2JUI5JUU0JUJFJUJGJTIyJTJDJTIybWV0YWRhdGElMjIlM0ElMjIlMjIlMkMlMjJtZXRhRGF0YSUyMiUzQSU1QiU1RCUyQyUyMnRleHQlMjIlM0ElMjJDb252ZW5pZW50JTIwb3BlcmF0aW9uJTIyJTdEJTVEJTdEJTVE\">Fonctionnement pratique<\/span><\/li>\n<\/ul>","protected":false},"featured_media":8663,"template":"","meta":{"_seopress_robots_primary_cat":"none","_seopress_titles_title":"DD160 16ton Diesel Pile Driver Hammers | Guide Rod Type","_seopress_titles_desc":"JUWEI china DD160 diesel pile hammer is ideal choice for offshore, dock, port bridge construction, terrestrial projects. Get Free Solutions.","_seopress_robots_index":"","site-sidebar-layout":"default","site-content-layout":"","ast-site-content-layout":"default","site-content-style":"default","site-sidebar-style":"default","ast-global-header-display":"","ast-banner-title-visibility":"","ast-main-header-display":"","ast-hfb-above-header-display":"","ast-hfb-below-header-display":"","ast-hfb-mobile-header-display":"","site-post-title":"","ast-breadcrumbs-content":"","ast-featured-img":"","footer-sml-layout":"","theme-transparent-header-meta":"default","adv-header-id-meta":"","stick-header-meta":"","header-above-stick-meta":"","header-main-stick-meta":"","header-below-stick-meta":"","astra-migrate-meta-layouts":"set","ast-page-background-enabled":"default","ast-page-background-meta":{"desktop":{"background-color":"var(--ast-global-color-4)","background-image":"","background-repeat":"repeat","background-position":"center center","background-size":"auto","background-attachment":"scroll","background-type":"","background-media":"","overlay-type":"","overlay-color":"","overlay-opacity":"","overlay-gradient":""},"tablet":{"background-color":"","background-image":"","background-repeat":"repeat","background-position":"center center","background-size":"auto","background-attachment":"scroll","background-type":"","background-media":"","overlay-type":"","overlay-color":"","overlay-opacity":"","overlay-gradient":""},"mobile":{"background-color":"","background-image":"","background-repeat":"repeat","background-position":"center center","background-size":"auto","background-attachment":"scroll","background-type":"","background-media":"","overlay-type":"","overlay-color":"","overlay-opacity":"","overlay-gradient":""}},"ast-content-background-meta":{"desktop":{"background-color":"var(--ast-global-color-5)","background-image":"","background-repeat":"repeat","background-position":"center center","background-size":"auto","background-attachment":"scroll","background-type":"","background-media":"","overlay-type":"","overlay-color":"","overlay-opacity":"","overlay-gradient":""},"tablet":{"background-color":"var(--ast-global-color-5)","background-image":"","background-repeat":"repeat","background-position":"center center","background-size":"auto","background-attachment":"scroll","background-type":"","background-media":"","overlay-type":"","overlay-color":"","overlay-opacity":"","overlay-gradient":""},"mobile":{"background-color":"var(--ast-global-color-5)","background-image":"","background-repeat":"repeat","background-position":"center center","background-size":"auto","background-attachment":"scroll","background-type":"","background-media":"","overlay-type":"","overlay-color":"","overlay-opacity":"","overlay-gradient":""}}},"product_brand":[],"product_cat":[22],"product_tag":[],"class_list":{"0":"post-8659","1":"product","2":"type-product","3":"status-publish","4":"has-post-thumbnail","6":"product_cat-dd-guide-rod-diesel-pile-hammer","7":"desktop-align-left","8":"tablet-align-left","9":"mobile-align-left","11":"first","12":"instock","13":"shipping-taxable","14":"product-type-simple"},"_links":{"self":[{"href":"https:\/\/www.juweihammer.com\/fr\/wp-json\/wp\/v2\/product\/8659","targetHints":{"allow":["GET"]}}],"collection":[{"href":"https:\/\/www.juweihammer.com\/fr\/wp-json\/wp\/v2\/product"}],"about":[{"href":"https:\/\/www.juweihammer.com\/fr\/wp-json\/wp\/v2\/types\/product"}],"version-history":[{"count":2,"href":"https:\/\/www.juweihammer.com\/fr\/wp-json\/wp\/v2\/product\/8659\/revisions"}],"predecessor-version":[{"id":11350,"href":"https:\/\/www.juweihammer.com\/fr\/wp-json\/wp\/v2\/product\/8659\/revisions\/11350"}],"wp:featuredmedia":[{"embeddable":true,"href":"https:\/\/www.juweihammer.com\/fr\/wp-json\/wp\/v2\/media\/8663"}],"wp:attachment":[{"href":"https:\/\/www.juweihammer.com\/fr\/wp-json\/wp\/v2\/media?parent=8659"}],"wp:term":[{"taxonomy":"product_brand","embeddable":true,"href":"https:\/\/www.juweihammer.com\/fr\/wp-json\/wp\/v2\/product_brand?post=8659"},{"taxonomy":"product_cat","embeddable":true,"href":"https:\/\/www.juweihammer.com\/fr\/wp-json\/wp\/v2\/product_cat?post=8659"},{"taxonomy":"product_tag","embeddable":true,"href":"https:\/\/www.juweihammer.com\/fr\/wp-json\/wp\/v2\/product_tag?post=8659"}],"curies":[{"name":"wp","href":"https:\/\/api.w.org\/{rel}","templated":true}]}}