{"id":2646,"date":"2024-07-26T05:46:47","date_gmt":"2024-07-26T05:46:47","guid":{"rendered":"https:\/\/www.juweihammer.com\/?post_type=product&#038;p=2646"},"modified":"2024-08-01T06:29:29","modified_gmt":"2024-08-01T06:29:29","slug":"4ton-hydraulic-pile-driving-hammer-china-supplier","status":"publish","type":"product","link":"https:\/\/www.juweihammer.com\/fr\/produit\/4ton-hydraulic-pile-driving-hammer-china-supplier\/","title":{"rendered":"Marteau hydraulique de battage de pieux de 4 tonnes | Fournisseur chinois"},"content":{"rendered":"<p><span data-slate-fragment=\"JTVCJTdCJTIydHlwZSUyMiUzQSUyMnBhcmFncmFwaCUyMiUyQyUyMmNoaWxkcmVuJTIyJTNBJTVCJTdCJTIyaWQlMjIlM0ElMjJCWnlwQWdqNVF6JTIyJTJDJTIycGFyYUlkeCUyMiUzQTAlMkMlMjJzcmMlMjIlM0ElMjJKdXdlaSUyMGlzJTIwdGhlJTIwdG9wJTIwMSUyMG1hbnVmYWN0dXJlcnMlMjBhbmQlMjBzdXBwbGllcnMlMjBvZiUyMEREJTIwcmFpbCUyMGhhbW1lcnMlMjBpbiUyMENoaW5hJTIyJTJDJTIyZHN0JTIyJTNBJTIyJUU1JUI3JUE4JUU1JUE4JTgxJUU2JTk4JUFGJUU0JUI4JUFEJUU1JTlCJUJEREQlRTklOTIlQTIlRTglQkQlQTglRTklOTQlQTQlRTclOUElODQlRTclQUMlQUMlRTQlQjglODAlRTUlQTQlQTclRTUlODglQjYlRTklODAlQTAlRTUlOTUlODYlRTUlOTIlOEMlRTQlQkUlOUIlRTUlQkElOTQlRTUlOTUlODYlMjIlMkMlMjJtZXRhZGF0YSUyMiUzQSUyMiUyMiUyQyUyMm1ldGFEYXRhJTIyJTNBJTVCJTVEJTJDJTIydGV4dCUyMiUzQSUyMkp1d2VpJTIwaXMlMjB0aGUlMjB0b3AlMjAxJTIwbWFudWZhY3R1cmVycyUyMGFuZCUyMHN1cHBsaWVycyUyMG9mJTIwREQlMjByYWlsJTIwaGFtbWVycyUyMGluJTIwQ2hpbmElMjIlN0QlNUQlN0QlNUQ=\">Juwei est l'un des 10 premiers fabricants et fournisseurs de marteaux \u00e0 percussion hydrauliques au monde. <\/span>Les \u00e9quipements de battage de pieux de Juwei b\u00e9n\u00e9ficient de plus de 30 ans d'exp\u00e9rience en mati\u00e8re de conception, de fabrication et d'application. <span style=\"color: #0000ff;\"><strong>Cliquez sur le bouton \"Usine\" pour en savoir plus !<\/strong><\/span><\/p>\n<p><strong><b>#<\/b><\/strong><strong><b>\u00c9conomie d'\u00e9nergie et protection de l'environnement<\/b><\/strong><\/p>\n<p>Le marteau hydraulique \u00e0 percussion Juwei de la s\u00e9rie HI est aliment\u00e9 par un syst\u00e8me hydraulique qui permet un contr\u00f4le pr\u00e9cis de la force et de la fr\u00e9quence d'impact. Compar\u00e9 aux marteaux diesel traditionnels, il est peu bruyant, peu polluant et a une efficacit\u00e9 de conversion \u00e9nerg\u00e9tique plus \u00e9lev\u00e9e.<\/p>\n<p>L'armoire \u00e9lectrique est entra\u00een\u00e9e par plusieurs moteurs, ce qui garantit une excellente faisabilit\u00e9 \u00e9conomique, une grande fiabilit\u00e9 et d'excellentes performances globales.<\/p>\n<p><strong># <\/strong><strong><b>Fiabilit\u00e9 du syst\u00e8me<\/b><\/strong><\/p>\n<p>Le syst\u00e8me est \u00e9quip\u00e9 de composants de haute qualit\u00e9 pour les pompes hydrauliques, les valves et les cylindres, qui sont performants en termes de r\u00e9duction des vibrations, de r\u00e9sistance aux chocs et de durabilit\u00e9, ce qui garantit une grande fiabilit\u00e9.<\/p>\n<p>Le mat\u00e9riau du noyau du marteau et le traitement thermique sont soigneusement s\u00e9lectionn\u00e9s pour optimiser la r\u00e9sistance \u00e0 la temp\u00e9rature, la r\u00e9sistance \u00e0 l'usure, l'absorption des vibrations et la r\u00e9sistance aux chocs. L'accumulateur haute et basse pression adopte une conception compacte du piston, ce qui am\u00e9liore la fiabilit\u00e9.<\/p>\n<p><strong>#<\/strong><strong><b>Large gamme d'applications<\/b><\/strong><\/p>\n<p>Les capuchons de pieux en composite sont facilement rempla\u00e7ables et peuvent s'adapter \u00e0 diff\u00e9rentes formes de pieux et de mat\u00e9riaux. La force d'impact et la fr\u00e9quence du marteau peuvent \u00eatre r\u00e9gl\u00e9es et contr\u00f4l\u00e9es en fonction des conditions g\u00e9ologiques et de la r\u00e9sistance du mat\u00e9riau du pieu.<\/p>\n<p>Les marteaux-pilons hydrauliques constituent une solution \u00e9conomique et respectueuse de l'environnement pour l'installation de pieux en acier ou en b\u00e9ton dans les environnements terrestres et marins. Il peut \u00eatre utilis\u00e9 sur des engins de battage, des suspensions de grues, des grues sur chenilles et des barges.<\/p>\n<ul>\n<li>Convient parfaitement aux projets offshore, aux installations \u00e9oliennes, aux plates-formes p\u00e9troli\u00e8res et gazi\u00e8res, \u00e0 la construction de ports et de docks et aux ponts offshore.<\/li>\n<li>Convient pour les fondations de divers b\u00e2timents, les batardeaux en bois, ainsi que les installations publiques telles que les centrales \u00e9lectriques et les usines de traitement de l'eau.<\/li>\n<\/ul>\n<p><span style=\"color: #0000ff;\"><strong>Cliquez sur le bouton \"Projet\" pour en savoir plus !<\/strong><\/span><\/p>\n<p><strong>#ypes de tuiles<\/strong><\/p>\n<p>Le marteau hydraulique \u00e0 percussion Juwei peut enfoncer divers types de pieux, notamment des pieux en b\u00e9ton pr\u00e9fabriqu\u00e9, des poutres en H, des pieux ronds, des pieux en acier, des pieux carr\u00e9s, des pieux en bois, etc.<\/p>\n<p><strong>1TP5Solutions personnalis\u00e9es :<\/strong><\/p>\n<p>Notre \u00e9quipe d'ing\u00e9nieurs peut personnaliser les solutions en fonction de la situation de votre projet. En raison des diff\u00e9rents types, tailles et conditions de sol des pieux, la capacit\u00e9 portante requise des marteaux peut \u00e9galement varier. Vous pouvez fournir un rapport sur l'adresse du sol, le type de pieu et l'\u00e9quipement de battage. Nous fournissons des marteaux compatibles avec la conception.<\/p>\n<p><strong>1TP5Emballage et transport<\/strong>:<\/p>\n<p>Emballage : L'emballage se fait \u00e0 l'aide d'outils de transport en acier conformes aux normes d'exportation.<br \/>\nTransport : transport par conteneur 20GP ou 40GP<\/p>\n<p><strong>#Sp\u00e9cifications :<\/strong><\/p>\n<div style=\"overflow-x: auto;\">\n<table style=\"border-collapse: collapse; width: 100%;\" border=\"1\" cellspacing=\"0\" cellpadding=\"0\">\n<tbody>\n<tr style=\"height: 20.00pt;\">\n<td style=\"width: 40%;\" align=\"center\"><strong>Sp\u00e9cifications<\/strong><\/td>\n<td style=\"width: 30%;\" align=\"center\"><strong>Type<\/strong><\/td>\n<td style=\"width: 30%;\" align=\"center\"><strong>HI-80<\/strong><\/td>\n<\/tr>\n<tr style=\"height: 20.00pt;\">\n<td style=\"width: 40%;\" align=\"center\">Mod\u00e8le Power Pack (en option)<\/td>\n<td style=\"width: 30%;\" align=\"center\"><\/td>\n<td style=\"width: 30%;\" align=\"center\">180P<\/td>\n<\/tr>\n<tr style=\"height: 20.00pt;\">\n<td style=\"width: 40%;\" align=\"center\">Mod\u00e8le Power Pack (Diesel)<\/td>\n<td style=\"width: 30%;\" align=\"center\"><\/td>\n<td style=\"width: 30%;\" align=\"center\">CUMMINS-C180<\/td>\n<\/tr>\n<tr style=\"height: 20.00pt;\">\n<td style=\"width: 40%;\" align=\"center\">Mod\u00e8le de bloc d'alimentation (moteur)<\/td>\n<td style=\"width: 30%;\" align=\"center\"><\/td>\n<td style=\"width: 30%;\" align=\"center\">100EP<\/td>\n<\/tr>\n<tr style=\"height: 20.00pt;\">\n<td style=\"width: 40%;\" align=\"center\">Puissance du moteur<\/td>\n<td style=\"width: 30%;\" align=\"center\">KW<\/td>\n<td style=\"width: 30%;\" align=\"center\">75<\/td>\n<\/tr>\n<tr style=\"height: 20.00pt;\">\n<td style=\"width: 40%;\" align=\"center\">\u00c9nergie \u00e0 la course max.<\/td>\n<td style=\"width: 30%;\" align=\"center\">kN.m<\/td>\n<td style=\"width: 30%;\" align=\"center\">80<\/td>\n<\/tr>\n<tr style=\"height: 24.00pt;\">\n<td style=\"width: 40%;\" align=\"center\">Course max.<\/td>\n<td style=\"width: 30%;\" align=\"center\">mm<\/td>\n<td style=\"width: 30%;\" align=\"center\">1600<\/td>\n<\/tr>\n<tr style=\"height: 20.00pt;\">\n<td style=\"width: 40%;\" align=\"center\">Fr\u00e9quence (Min\/Max)<\/td>\n<td style=\"width: 30%;\" align=\"center\">bpm<\/td>\n<td style=\"width: 30%;\" align=\"center\">36\/80<\/td>\n<\/tr>\n<tr style=\"height: 20.00pt;\">\n<td style=\"width: 40%;\" align=\"center\">Poids du b\u00e9lier<\/td>\n<td style=\"width: 30%;\" align=\"center\">kg<\/td>\n<td style=\"width: 30%;\" align=\"center\">4000<\/td>\n<\/tr>\n<tr style=\"height: 20.00pt;\">\n<td style=\"width: 40%;\" align=\"center\">Poids total (sauf capuchon)<\/td>\n<td style=\"width: 30%;\" align=\"center\">kg<\/td>\n<td style=\"width: 30%;\" align=\"center\">7790<\/td>\n<\/tr>\n<tr style=\"height: 24.00pt;\">\n<td style=\"width: 40%;\" align=\"center\">Hauteur totale (sauf capuchon)<\/td>\n<td style=\"width: 30%;\" align=\"center\">mm<\/td>\n<td style=\"width: 30%;\" align=\"center\">4850<\/td>\n<\/tr>\n<tr style=\"height: 20.00pt;\">\n<td style=\"width: 100%; border-right: 1.0pt solid #000000;\" colspan=\"3\" align=\"center\"><strong>Mod\u00e8le de bloc d'alimentation (moteur) : 100EP<\/strong><\/td>\n<\/tr>\n<tr style=\"height: 27.00pt;\">\n<td style=\"width: 40%;\" align=\"center\">Puissance du moteur<\/td>\n<td style=\"width: 30%;\" align=\"center\">kw<\/td>\n<td style=\"width: 30%;\" align=\"center\">75<\/td>\n<\/tr>\n<tr style=\"height: 20.00pt;\">\n<td style=\"width: 40%;\" align=\"center\">Pression nominale<\/td>\n<td style=\"width: 30%;\" align=\"center\">Mpa<\/td>\n<td style=\"width: 30%;\" align=\"center\">26<\/td>\n<\/tr>\n<tr style=\"height: 15.75pt;\">\n<td style=\"width: 40%;\" align=\"center\">D\u00e9bit max.<\/td>\n<td style=\"width: 30%;\" align=\"center\">L\/min<\/td>\n<td style=\"width: 30%;\" align=\"center\">200<\/td>\n<\/tr>\n<tr style=\"height: 15.75pt;\">\n<td style=\"width: 40%;\" align=\"center\">R\u00e9servoir d'huile hydraulique<\/td>\n<td style=\"width: 30%;\" align=\"center\">L<\/td>\n<td style=\"width: 30%;\" align=\"center\">900<\/td>\n<\/tr>\n<tr style=\"height: 15.75pt;\">\n<td style=\"width: 40%;\" align=\"center\">Poids net<\/td>\n<td style=\"width: 30%;\" align=\"center\">kg<\/td>\n<td style=\"width: 30%;\" align=\"center\">3050<\/td>\n<\/tr>\n<\/tbody>\n<\/table>\n<\/div>","protected":false},"excerpt":{"rendered":"<p>Le marteau hydraulique \u00e0 percussion Juwei de la s\u00e9rie HI a une structure simple, qui peut soulever le noyau du marteau gr\u00e2ce \u00e0 l'\u00e9nergie hydraulique, puis utiliser l'\u00e9nergie potentielle gravitationnelle pour frapper l'extr\u00e9mit\u00e9 du pieu.<\/p>\n<ul>\n<li>Mod\u00e8le : HI-80<\/li>\n<li>Poids du b\u00e9lier : 4 tonnes<\/li>\n<li>\u00c9nergie max. \u00c9nergie : 80 kj<\/li>\n<li><span data-slate-fragment=\"JTVCJTdCJTIydHlwZSUyMiUzQSUyMnBhcmFncmFwaCUyMiUyQyUyMmNoaWxkcmVuJTIyJTNBJTVCJTdCJTIyaWQlMjIlM0ElMjJ6ZzEzeDNNMkFlJTIyJTJDJTIycGFyYUlkeCUyMiUzQTMlMkMlMjJzcmMlMjIlM0ElMjI0LiUyMENvbnZlbmllbnQlMjBNYWludGVuYW5jZSUyMiUyQyUyMmRzdCUyMiUzQSUyMjQuJUU3JUJCJUI0JUU2JThBJUE0JUU2JTk2JUI5JUU0JUJFJUJGJTIyJTJDJTIybWV0YWRhdGElMjIlM0ElMjIlMjIlMkMlMjJtZXRhRGF0YSUyMiUzQSU1QiU1RCUyQyUyMnRleHQlMjIlM0ElMjJDb252ZW5pZW50JTIwTWFpbnRlbmFuY2UlMjIlN0QlNUQlN0QlNUQ=\">\u00c9nergie \u00e0 fort impact<\/span><\/li>\n<li>Un contr\u00f4le pr\u00e9cis<\/li>\n<li>Am\u00e9lioration de l'efficacit\u00e9<\/li>\n<li>Fournir des services apr\u00e8s-vente.<\/li>\n<\/ul>","protected":false},"featured_media":2621,"template":"","meta":{"_seopress_robots_primary_cat":"none","_seopress_titles_title":"4ton Hydraulic Pile Driving Hammer - China Supplier","_seopress_titles_desc":"4ton hydraulic pile driving hammer compared with traditional diesel hammers, it has low noise and pollution, higher energy conversion efficiency. Get Quote!","_seopress_robots_index":"","site-sidebar-layout":"default","site-content-layout":"","ast-site-content-layout":"","site-content-style":"default","site-sidebar-style":"default","ast-global-header-display":"","ast-banner-title-visibility":"","ast-main-header-display":"","ast-hfb-above-header-display":"","ast-hfb-below-header-display":"","ast-hfb-mobile-header-display":"","site-post-title":"","ast-breadcrumbs-content":"","ast-featured-img":"","footer-sml-layout":"","theme-transparent-header-meta":"","adv-header-id-meta":"","stick-header-meta":"","header-above-stick-meta":"","header-main-stick-meta":"","header-below-stick-meta":"","astra-migrate-meta-layouts":"default","ast-page-background-enabled":"default","ast-page-background-meta":{"desktop":{"background-color":"var(--ast-global-color-4)","background-image":"","background-repeat":"repeat","background-position":"center center","background-size":"auto","background-attachment":"scroll","background-type":"","background-media":"","overlay-type":"","overlay-color":"","overlay-opacity":"","overlay-gradient":""},"tablet":{"background-color":"","background-image":"","background-repeat":"repeat","background-position":"center center","background-size":"auto","background-attachment":"scroll","background-type":"","background-media":"","overlay-type":"","overlay-color":"","overlay-opacity":"","overlay-gradient":""},"mobile":{"background-color":"","background-image":"","background-repeat":"repeat","background-position":"center center","background-size":"auto","background-attachment":"scroll","background-type":"","background-media":"","overlay-type":"","overlay-color":"","overlay-opacity":"","overlay-gradient":""}},"ast-content-background-meta":{"desktop":{"background-color":"var(--ast-global-color-5)","background-image":"","background-repeat":"repeat","background-position":"center center","background-size":"auto","background-attachment":"scroll","background-type":"","background-media":"","overlay-type":"","overlay-color":"","overlay-opacity":"","overlay-gradient":""},"tablet":{"background-color":"var(--ast-global-color-5)","background-image":"","background-repeat":"repeat","background-position":"center center","background-size":"auto","background-attachment":"scroll","background-type":"","background-media":"","overlay-type":"","overlay-color":"","overlay-opacity":"","overlay-gradient":""},"mobile":{"background-color":"var(--ast-global-color-5)","background-image":"","background-repeat":"repeat","background-position":"center center","background-size":"auto","background-attachment":"scroll","background-type":"","background-media":"","overlay-type":"","overlay-color":"","overlay-opacity":"","overlay-gradient":""}}},"product_brand":[],"product_cat":[23],"product_tag":[],"class_list":{"0":"post-2646","1":"product","2":"type-product","3":"status-publish","4":"has-post-thumbnail","6":"product_cat-pile-hydraulic-impact-hammers","7":"desktop-align-left","8":"tablet-align-left","9":"mobile-align-left","11":"first","12":"instock","13":"shipping-taxable","14":"product-type-simple"},"_links":{"self":[{"href":"https:\/\/www.juweihammer.com\/fr\/wp-json\/wp\/v2\/product\/2646","targetHints":{"allow":["GET"]}}],"collection":[{"href":"https:\/\/www.juweihammer.com\/fr\/wp-json\/wp\/v2\/product"}],"about":[{"href":"https:\/\/www.juweihammer.com\/fr\/wp-json\/wp\/v2\/types\/product"}],"version-history":[{"count":1,"href":"https:\/\/www.juweihammer.com\/fr\/wp-json\/wp\/v2\/product\/2646\/revisions"}],"predecessor-version":[{"id":3077,"href":"https:\/\/www.juweihammer.com\/fr\/wp-json\/wp\/v2\/product\/2646\/revisions\/3077"}],"wp:featuredmedia":[{"embeddable":true,"href":"https:\/\/www.juweihammer.com\/fr\/wp-json\/wp\/v2\/media\/2621"}],"wp:attachment":[{"href":"https:\/\/www.juweihammer.com\/fr\/wp-json\/wp\/v2\/media?parent=2646"}],"wp:term":[{"taxonomy":"product_brand","embeddable":true,"href":"https:\/\/www.juweihammer.com\/fr\/wp-json\/wp\/v2\/product_brand?post=2646"},{"taxonomy":"product_cat","embeddable":true,"href":"https:\/\/www.juweihammer.com\/fr\/wp-json\/wp\/v2\/product_cat?post=2646"},{"taxonomy":"product_tag","embeddable":true,"href":"https:\/\/www.juweihammer.com\/fr\/wp-json\/wp\/v2\/product_tag?post=2646"}],"curies":[{"name":"wp","href":"https:\/\/api.w.org\/{rel}","templated":true}]}}