{"id":2404,"date":"2024-07-22T06:39:15","date_gmt":"2024-07-22T06:39:15","guid":{"rendered":"https:\/\/www.juweihammer.com\/?post_type=product&#038;p=2404"},"modified":"2024-11-08T02:25:34","modified_gmt":"2024-11-08T02:25:34","slug":"d80-tubular-diesel-pile-hammer-supplier-for-sale","status":"publish","type":"product","link":"https:\/\/www.juweihammer.com\/fr\/produit\/d80-tubular-diesel-pile-hammer-supplier-for-sale\/","title":{"rendered":"D80 Tubular Diesel Pile Hammer Supplier for Sale (en anglais)"},"content":{"rendered":"<p>En tant que l'un des<strong> le top 10<\/strong> marteau diesel piel fabricants et fournisseurs dans le monde entier. Les marteaux piqueurs diesel de la s\u00e9rie D de Juwei b\u00e9n\u00e9ficient de plus de 30 ans d'exp\u00e9rience en mati\u00e8re de conception, de fabrication et d'application. <span style=\"color: #0000ff;\"><strong>Pour en savoir plus sur notre usine, cliquez sur \"Usine\".<\/strong><\/span><span style=\"color: #000080;\">!<\/span><\/p>\n<p><strong>#All <span data-slate-fragment=\"JTVCJTdCJTIydHlwZSUyMiUzQSUyMnBhcmFncmFwaCUyMiUyQyUyMmNoaWxkcmVuJTIyJTNBJTVCJTdCJTIyaWQlMjIlM0ElMjJlYk40UmdFcXBlJTIyJTJDJTIycGFyYUlkeCUyMiUzQTQlMkMlMjJzcmMlMjIlM0ElMjJDb21wbGV0ZSUyME1vZGVsJTIwUmFuZ2UlMjBvZiUyMEQlMjBTZXJpZXMlMjBUdWJ1bGFyJTIwRGllc2VsJTIwUGlsZSUyMERyaXZlciUyMEhhbW1lcnMlMjIlMkMlMjJkc3QlMjIlM0ElMjJEJUU3JUIzJUJCJUU1JTg4JTk3JUU3JUFFJUExJUU3JThBJUI2JUU2JTlGJUI0JUU2JUIyJUI5JUU2JTg5JTkzJUU2JUExJUE5JUU5JTk0JUE0JUU3JTlBJTg0JUU1JUFFJThDJUU2JTk1JUI0JUU1JTlFJThCJUU1JThGJUI3JUU3JUIzJUJCJUU1JTg4JTk3JTIyJTJDJTIybWV0YWRhdGElMjIlM0ElMjIlMjIlMkMlMjJtZXRhRGF0YSUyMiUzQSU1QiU1RCUyQyUyMnRleHQlMjIlM0ElMjJDb21wbGV0ZSUyME1vZGVsJTIyJTdEJTVEJTdEJTVE\">Mod\u00e8le<\/span> des marteaux diesel pour pieux de la s\u00e9rie D<\/strong><\/p>\n<p>D12 : 1,28 tonnes, D16 : 1,6 tonnes, D19 : 1,82 tonnes, D25 : 2,5 tonnes, D30 : 3 tonnes, D36 : 3,6 tonnes, D46 : 4,6 tonnes, D50 : 5 tonnes, D62:6.2 tonnes, D80 : 80 tonnes, D100 : 10 tonnes, D128 : 12,8 tonnes, D138 : 13,8 tonnes, D160 : 16 tonnes, D180 : 18 tonnes, D225 : 22,5 tonnes, D265 : 26,5 tonnes, D320 : 32 tonnes, D400 : 40 tonnes. \u00a0<span style=\"color: #0000ff;\"><strong><span class=\"null\" data-slate-leaf=\"true\" data-sent-id=\"VpbK2QLMrB\">Pour obtenir des informations d\u00e9taill\u00e9es, cliquez sur le bouton \"D\u00e9tails de la s\u00e9rie D\".<\/span><\/strong><\/span><\/p>\n<p><strong>1TP5Solutions personnalis\u00e9es :<\/strong><\/p>\n<p>Notre \u00e9quipe d'ing\u00e9nieurs peut proposer des solutions personnalis\u00e9es <span data-slate-fragment=\"JTVCJTdCJTIydHlwZSUyMiUzQSUyMnBhcmFncmFwaCUyMiUyQyUyMmNoaWxkcmVuJTIyJTNBJTVCJTdCJTIyaWQlMjIlM0ElMjJCdjVScmFXa1B6JTIyJTJDJTIycGFyYUlkeCUyMiUzQTEwJTJDJTIyc3JjJTIyJTNBJTIyT3VyJTIwZW5naW5lZXJpbmclMjB0ZWFtJTIwb2ZmZXJzJTIwY3VzdG9taXplZCUyMHNvbHV0aW9ucyUyMHRhaWxvcmVkJTIwdG8lMjB5b3VyJTIwcHJvamVjdCUyMG5lZWRzLiUyMCUyMiUyQyUyMmRzdCUyMiUzQSUyMiVFNiU4OCU5MSVFNCVCQiVBQyVFNyU5QSU4NCVFNSVCNyVBNSVFNyVBOCU4QiVFNSU5QiVBMiVFOSU5OCU5RiVFNiVBMCVCOSVFNiU4RCVBRSVFNiU4MiVBOCVFNyU5QSU4NCVFOSVBMSVCOSVFNyU5QiVBRSVFOSU5QyU4MCVFNiVCMSU4MiVFNiU4RiU5MCVFNCVCRSU5QiVFNSVBRSU5QSVFNSU4OCVCNiVFNyU5QSU4NCVFOCVBNyVBMyVFNSU4NiVCMyVFNiU5NiVCOSVFNiVBMSU4OCVFMyU4MCU4MiUyMiUyQyUyMm1ldGFkYXRhJTIyJTNBJTIyJTIyJTJDJTIybWV0YURhdGElMjIlM0ElNUIlNUQlMkMlMjJ0ZXh0JTIyJTNBJTIydGFpbG9yZWQlMjB0byUyMHlvdXIlMjBwcm9qZWN0JTIwbmVlZHMlMjIlN0QlNUQlN0QlNUQ=\">adapt\u00e9s aux besoins de votre projet<\/span>. <span data-slate-node=\"text\"><span class=\"null\" data-slate-leaf=\"true\" data-sent-id=\"ej04Roardz\">Nous fournir un rapport sur l'adresse du sol, le type de pieu et les sp\u00e9cifications de l'\u00e9quipement de battage. <\/span><\/span><span data-slate-node=\"text\" data-slate-fragment=\"JTVCJTdCJTIydHlwZSUyMiUzQSUyMnBhcmFncmFwaCUyMiUyQyUyMmNoaWxkcmVuJTIyJTNBJTVCJTdCJTIyaWQlMjIlM0ElMjJlajA0Um9hcmR6JTIyJTJDJTIycGFyYUlkeCUyMiUzQTEwJTJDJTIyc3JjJTIyJTNBJTIyUHJvdmlkZSUyMHVzJTIwd2l0aCUyMGElMjBzb2lsJTIwYWRkcmVzcyUyMHJlcG9ydCUyQyUyMHBpbGUlMjB0eXBlJTJDJTIwYW5kJTIwcGlsZSUyMGRyaXZpbmclMjBlcXVpcG1lbnQlMjBzcGVjaWZpY2F0aW9ucy4lMjAlMjIlMkMlMjJkc3QlMjIlM0ElMjIlRTUlOTAlOTElRTYlODglOTElRTQlQkIlQUMlRTYlOEYlOTAlRTQlQkUlOUIlRTUlOUMlOUYlRTUlQTMlQTQlRTUlOUMlQjAlRTUlOUQlODAlRTYlOEElQTUlRTUlOTElOEElRTMlODAlODElRTYlQTElQTklRTclQjElQkIlRTUlOUUlOEIlRTUlOTIlOEMlRTYlODklOTMlRTYlQTElQTklRTglQUUlQkUlRTUlQTQlODclRTglQTclODQlRTYlQTAlQkMlRTMlODAlODIlMjIlMkMlMjJtZXRhZGF0YSUyMiUzQSUyMiUyMiUyQyUyMm1ldGFEYXRhJTIyJTNBJTVCJTVEJTJDJTIydGV4dCUyMiUzQSUyMlByb3ZpZGUlMjB1cyUyMHdpdGglMjBhJTIwc29pbCUyMGFkZHJlc3MlMjByZXBvcnQlMkMlMjBwaWxlJTIwdHlwZSUyQyUyMGFuZCUyMHBpbGUlMjBkcml2aW5nJTIwZXF1aXBtZW50JTIwc3BlY2lmaWNhdGlvbnMuJTIwJTIyJTdEJTJDJTdCJTIyaWQlMjIlM0ElMjJWTjZtbGE4RDFWJTIyJTJDJTIycGFyYUlkeCUyMiUzQTEwJTJDJTIyc3JjJTIyJTNBJTIyV2UlMjBkZWxpdmVyJTIwYSUyMGNvbXBhdGlibGUlMjBjeWxpbmRlciUyMGhhbW1lciUyMGRlc2lnbmVkJTIwZm9yJTIweW91ciUyMHByb2plY3QuJTIyJTJDJTIyZHN0JTIyJTNBJTIyJUU2JTg4JTkxJUU0JUJCJUFDJUU0JUI4JUJBJUU2JTgyJUE4JUU3JTlBJTg0JUU5JUExJUI5JUU3JTlCJUFFJUU2JThGJTkwJUU0JUJFJTlCJUU1JTg1JUJDJUU1JUFFJUI5JUU3JTlBJTg0JUU1JTlDJTg2JUU3JUFEJTkyJUU5JTk0JUE0JUUzJTgwJTgyJTIyJTJDJTIybWV0YWRhdGElMjIlM0ElMjIlMjIlMkMlMjJtZXRhRGF0YSUyMiUzQSU1QiU1RCUyQyUyMnRleHQlMjIlM0ElMjJXZSUyMGRlbGl2ZXIlMjBhJTIwY29tcGF0aWJsZSUyMGN5bGluZGVyJTIwaGFtbWVyJTIwZGVzaWduZWQlMjBmb3IlMjB5b3VyJTIwcHJvamVjdC4lMjIlN0QlNUQlN0QlNUQ=\"><span class=\"null\" data-slate-leaf=\"true\" data-sent-id=\"VN6mla8D1V\">Nous livrons un marteau compatible con\u00e7u pour votre projet.<\/span><\/span><\/p>\n<p><strong>#<\/strong><strong>Type de poils :<\/strong><\/p>\n<p><span data-slate-fragment=\"JTVCJTdCJTIydHlwZSUyMiUzQSUyMnBhcmFncmFwaCUyMiUyQyUyMmNoaWxkcmVuJTIyJTNBJTVCJTdCJTIyaWQlMjIlM0ElMjJlbU1LUllacEplJTIyJTJDJTIycGFyYUlkeCUyMiUzQTE0JTJDJTIyc3JjJTIyJTNBJTIyT3VyJTIwaGFtbWVycyUyMGFyZSUyMHN1aXRhYmxlJTIwZm9yJTIwZHJpdmluZyUyMHZhcmlvdXMlMjBwaWxlJTIwdHlwZXMlMkMlMjBpbmNsdWRpbmclMjBwcmVjYXN0JTIwY29uY3JldGUlMjBwaWxlcyUyQyUyMEgtYmVhbXMlMkMlMjBzdGVlbCUyMHBpcGUlMjBwaWxlcyUyQyUyMGNpcmN1bGFyJTIwcGlsZXMlMkMlMjBzcXVhcmUlMjBwaWxlcyUyQyUyMHNoZWV0JTIwcGlsZXMlMkMlMjBhbmQlMjB3b29kZW4lMjBwaWxlcy4lMjIlMkMlMjJkc3QlMjIlM0ElMjIlRTYlODglOTElRTQlQkIlQUMlRTclOUElODQlRTklOTQlQTQlRTUlQUQlOTAlRTklODAlODIlRTclOTQlQTglRTQlQkElOEUlRTYlODklOTMlRTYlQTElQTklRTUlOTAlODQlRTclQTclOEQlRTYlQTElQTklRTUlOUUlOEIlRUYlQkMlOEMlRTUlOEMlODUlRTYlOEIlQUMlRTklQTIlODQlRTUlODglQjYlRTYlQjclQjclRTUlODclOUQlRTUlOUMlOUYlRTYlQTElQTklRTMlODAlODFIJUU1JTlFJThCJUU5JTkyJUEyJUUzJTgwJTgxJUU5JTkyJUEyJUU3JUFFJUExJUU2JUExJUE5JUUzJTgwJTgxJUU1JTlDJTg2JUU1JUJEJUEyJUU2JUExJUE5JUUzJTgwJTgxJUU2JTk2JUI5JUU1JUJEJUEyJUU2JUExJUE5JUUzJTgwJTgxJUU2JTlEJUJGJUU2JUExJUE5JUU1JTkyJThDJUU2JTlDJUE4JUU2JUExJUE5JUUzJTgwJTgyJTIyJTJDJTIybWV0YWRhdGElMjIlM0ElMjIlMjIlMkMlMjJtZXRhRGF0YSUyMiUzQSU1QiU1RCUyQyUyMnRleHQlMjIlM0ElMjJPdXIlMjBoYW1tZXJzJTIwYXJlJTIwc3VpdGFibGUlMjBmb3IlMjBkcml2aW5nJTIwdmFyaW91cyUyMHBpbGUlMjB0eXBlcyUyMiU3RCU1RCU3RCU1RA==\">Nos marteaux sont id\u00e9aux pour enfoncer diff\u00e9rents types de pieux,<\/span> comprennent les pieux en b\u00e9ton pr\u00e9fabriqu\u00e9, les poutres en H, les pieux en acier, les pieux circulaires, les pieux carr\u00e9s, les palplanches, les pieux en bois, etc.<\/p>\n<p><strong>#Application<\/strong>:<\/p>\n<p><span data-slate-fragment=\"JTVCJTdCJTIydHlwZSUyMiUzQSUyMnBhcmFncmFwaCUyMiUyQyUyMmNoaWxkcmVuJTIyJTNBJTVCJTdCJTIyaWQlMjIlM0ElMjJCNGtLT1E2QVJ6JTIyJTJDJTIycGFyYUlkeCUyMiUzQTE4JTJDJTIyc3JjJTIyJTNBJTIyT3VyJTIwZGllc2VsJTIwaGFtbWVycyUyMGFyZSUyMGlkZWFsJTIwZm9yJTIwb2Zmc2hvcmUlMjBwcm9qZWN0cyUyMHN1Y2glMjBhcyUyMHdpbmQlMjBwb3dlciUyMGdlbmVyYXRpb24lMkMlMjBlbmVyZ3klMkMlMjBicmlkZ2VzJTJDJTIwcG9ydHMlMkMlMjBkb2NrJTIwY29uc3RydWN0aW9uJTJDJTIwYW5kJTIwb2lsJTIwYW5kJTIwZ2FzJTIwZXh0cmFjdGlvbi4lMjAlMjIlMkMlMjJkc3QlMjIlM0ElMjIlRTYlODglOTElRTQlQkIlQUMlRTclOUElODQlRTYlOUYlQjQlRTYlQjIlQjklRTklOTQlQTQlRTYlOTglQUYlRTklQTMlOEUlRTUlOEElOUIlRTUlOEYlOTElRTclOTQlQjUlRTMlODAlODElRTglODMlQkQlRTYlQkElOTAlRTMlODAlODElRTYlQTElQTUlRTYlQTIlODElRTMlODAlODElRTYlQjglQUYlRTUlOEYlQTMlRTMlODAlODElRTclQTAlODElRTUlQTQlQjQlRTUlQkIlQkElRTglQUUlQkUlRTQlQkIlQTUlRTUlOEYlOEElRTclOUYlQjMlRTYlQjIlQjklRTUlOTIlOEMlRTUlQTQlQTklRTclODQlQjYlRTYlQjAlOTQlRTUlQkMlODAlRTklODclODclRTclQUQlODklRTYlQjUlQjclRTQlQjglOEElRTklQTElQjklRTclOUIlQUUlRTclOUElODQlRTclOTAlODYlRTYlODMlQjMlRTklODAlODklRTYlOEIlQTklRTMlODAlODIlMjIlMkMlMjJtZXRhZGF0YSUyMiUzQSUyMiUyMiUyQyUyMm1ldGFEYXRhJTIyJTNBJTVCJTVEJTJDJTIydGV4dCUyMiUzQSUyMk91ciUyMGRpZXNlbCUyMGhhbW1lcnMlMjBhcmUlMjBpZGVhbCUyMGZvciUyMCUyMiU3RCU1RCU3RCU1RA==\">Nos marteaux diesel sont id\u00e9aux pour <\/span>des projets en mer, tels que la production d'\u00e9nergie \u00e9olienne, l'\u00e9nergie, les ponts, les ports, la construction de docks et l'extraction de p\u00e9trole et de gaz. <span data-slate-fragment=\"JTVCJTdCJTIydHlwZSUyMiUzQSUyMnBhcmFncmFwaCUyMiUyQyUyMmNoaWxkcmVuJTIyJTNBJTVCJTdCJTIyaWQlMjIlM0ElMjJWQVlFTzhhbzFWJTIyJTJDJTIycGFyYUlkeCUyMiUzQTE4JTJDJTIyc3JjJTIyJTNBJTIyVGhleSUyMGFyZSUyMGFsc28lMjBzdWl0YWJsZSUyMGZvciUyMHJvYWQlMjBhbmQlMjBjaXZpbCUyMGVuZ2luZWVyaW5nJTIwcHJvamVjdHMlMkMlMjBwdWJsaWMlMjB1dGlsaXRpZXMlMkMlMjBjb2ZmZXJkYW1zJTJDJTIwYnJpZGdlcyUyQyUyMHBob3Rvdm9sdGFpY3MlMkMlMjBhbmQlMjBlbnZpcm9ubWVudGFsJTIwcHJvamVjdHMuJTIwJTIyJTJDJTIyZHN0JTIyJTNBJTIyJUU1JUFFJTgzJUU0JUJCJUFDJUU0JUI5JTlGJUU5JTgwJTgyJUU3JTk0JUE4JUU0JUJBJThFJUU5JTgxJTkzJUU4JUI3JUFGJUU1JTkyJThDJUU1JTlDJTlGJUU2JTlDJUE4JUU1JUI3JUE1JUU3JUE4JThCJUU5JUExJUI5JUU3JTlCJUFFJUUzJTgwJTgxJUU1JTg1JUFDJUU3JTk0JUE4JUU0JUJBJThCJUU0JUI4JTlBJUUzJTgwJTgxJUU1JTlCJUI0JUU1JUEwJUIwJUUzJTgwJTgxJUU2JUExJUE1JUU2JUEyJTgxJUUzJTgwJTgxJUU1JTg1JTg5JUU0JUJDJThGJUU1JTkyJThDJUU3JThFJUFGJUU1JUEyJTgzJUU5JUExJUI5JUU3JTlCJUFFJUUzJTgwJTgyJTIyJTJDJTIybWV0YWRhdGElMjIlM0ElMjIlMjIlMkMlMjJtZXRhRGF0YSUyMiUzQSU1QiU1RCUyQyUyMnRleHQlMjIlM0ElMjJUaGV5JTIwYXJlJTIwYWxzbyUyMHN1aXRhYmxlJTIyJTdEJTVEJTdEJTVE\">Ils conviennent \u00e9galement pour <\/span>les projets routiers et de g\u00e9nie civil, les services publics, les services de g\u00e9nie civil, les batardeaux, les ponts \u00e0 chevalets, le photovolta\u00efque et l'environnement. <span style=\"color: #000080;\"><strong>Cliquez sur le bouton \"Projets\" pour en savoir plus !<\/strong><\/span><\/p>\n<p><strong>1TP5Emballage et transport<\/strong>:<\/p>\n<p>Emballage : <span data-slate-fragment=\"JTVCJTdCJTIydHlwZSUyMiUzQSUyMnBhcmFncmFwaCUyMiUyQyUyMmNoaWxkcmVuJTIyJTNBJTVCJTdCJTIyaWQlMjIlM0ElMjJ6eUswRHh2TEtlJTIyJTJDJTIycGFyYUlkeCUyMiUzQTIyJTJDJTIyc3JjJTIyJTNBJTIyUGFja2FnaW5nJTNBJTIwV2UlMjB1c2UlMjBleHBvcnQtc3RhbmRhcmQlMjBzdGVlbCUyMHRyYW5zcG9ydGF0aW9uJTIwdG9vbHMlMjBmb3IlMjBwYWNrYWdpbmcuJTIyJTJDJTIyZHN0JTIyJTNBJTIyJUU1JThDJTg1JUU4JUEzJTg1JUVGJUJDJTlBJUU2JTg4JTkxJUU0JUJCJUFDJUU0JUJEJUJGJUU3JTk0JUE4JUU1JTg3JUJBJUU1JThGJUEzJUU2JUEwJTg3JUU1JTg3JTg2JUU5JTkyJUEyJUU2JTlEJTkwJUU4JUJGJTkwJUU4JUJFJTkzJUU1JUI3JUE1JUU1JTg1JUI3JUU4JUJGJTlCJUU4JUExJThDJUU1JThDJTg1JUU4JUEzJTg1JUUzJTgwJTgyJTIyJTJDJTIybWV0YWRhdGElMjIlM0ElMjIlMjIlMkMlMjJtZXRhRGF0YSUyMiUzQSU1QiU1RCUyQyUyMnRleHQlMjIlM0ElMjJXZSUyMHVzZSUyMGV4cG9ydC1zdGFuZGFyZCUyMHN0ZWVsJTIwdHJhbnNwb3J0YXRpb24lMjB0b29scyUyMGZvciUyMHBhY2thZ2luZyUyMiU3RCU1RCU3RCU1RA==\">Nous utilisons des outils de transport en acier conformes aux normes d'exportation pour l'emballage.<\/span><br \/>\nTransport : transport par conteneur 20GP ou 40GP<\/p>\n<p><strong>#Export\u00e9 dans de nombreux pays<\/strong><\/p>\n<p>Ce produit est export\u00e9 vers l'Europe, la Russie, l'Asie du Sud-Est, l'Am\u00e9rique du Nord, l'Am\u00e9rique du Sud, le Moyen-Orient, l'Afrique et d'autres r\u00e9gions. (Tels que : Philippines, Turquie, Indon\u00e9sie, Tha\u00eflande, Vi\u00eat Nam, Bangladesh, \u00c9tats-Unis, Arabie saoudite, Russie, Australie, Br\u00e9sil et autres pays.)<\/p>\n<p><strong>#Sp\u00e9cifications :<\/strong><\/p>\n<style>\n    .table-container {<br \/>        overflow-x: auto;<br \/>        margin: 0 auto;<br \/>    }<br \/>    table {<br \/>        width: 100%;<br \/>        border-collapse: collapse;<br \/>    }<br \/>    th, td {<br \/>        padding: 8px;<br \/>        border: 1px solid #ddd;<br \/>        text-align: left;<br \/>    }<br \/>    @media screen and (max-width: 600px) {<br \/>        table, thead, tbody, th, td, tr {<br \/>            display: block;<br \/>            width: 100%;<br \/>        }<br \/>        thead tr {<br \/>            display: none;<br \/>        }<br \/>        tr {<br \/>            margin-bottom: 15px;<br \/>        }<br \/>        td {<br \/>            text-align: right;<br \/>            padding-left: 50%;<br \/>            position: relative;<br \/>        }<br \/>        td:before {<br \/>            content: attr(data-label);<br \/>            position: absolute;<br \/>            left: 0;<br \/>            width: 50%;<br \/>            padding-left: 10px;<br \/>            font-weight: bold;<br \/>            text-align: left;<br \/>        }<br \/>    }<br \/><\/style>\n<div class=\"table-container\">\n<table>\n<thead>\n<tr>\n<th>Sp\u00e9cifications<\/th>\n<th>Type<\/th>\n<th>D80<\/th>\n<\/tr>\n<\/thead>\n<tbody>\n<tr>\n<td data-label=\"Specifications\">Poids d'impact (piston)<\/td>\n<td data-label=\"Type\">kg<\/td>\n<td data-label=\"D80\">8000<\/td>\n<\/tr>\n<tr>\n<td data-label=\"Specifications\">\u00c9nergie par coup<\/td>\n<td data-label=\"Type\">KNm<\/td>\n<td data-label=\"D80\">266.83~171.09<\/td>\n<\/tr>\n<tr>\n<td data-label=\"Specifications\">Nombre de coups<\/td>\n<td data-label=\"Type\">min-l<\/td>\n<td data-label=\"D80\">36~45<\/td>\n<\/tr>\n<tr>\n<td data-label=\"Specifications\">Force de la pression d'explosion sur le pieu max.<\/td>\n<td data-label=\"Type\">KN<\/td>\n<td data-label=\"D80\">2600<\/td>\n<\/tr>\n<tr>\n<td data-label=\"Specifications\">Convient \u00e0 l'enfoncement de pieux jusqu'\u00e0<\/td>\n<td data-label=\"Type\">Kg<\/td>\n<td data-label=\"D80\">30000<\/td>\n<\/tr>\n<tr>\n<td data-label=\"Specifications\">Diam\u00e8tre de c\u00e2ble admissible pour la poulie d\u00e9flectrice du dispositif de d\u00e9clenchement max.<\/td>\n<td data-label=\"Type\">mm<\/td>\n<td data-label=\"D80\">\u03a630<\/td>\n<\/tr>\n<tr>\n<td data-label=\"Specifications\">Gazole<\/td>\n<td data-label=\"Type\">L\/h<\/td>\n<td data-label=\"D80\">25<\/td>\n<\/tr>\n<tr>\n<td data-label=\"Specifications\">Lubrifiant<\/td>\n<td data-label=\"Type\">L\/h<\/td>\n<td data-label=\"D80\">2.9<\/td>\n<\/tr>\n<tr>\n<td data-label=\"Specifications\">R\u00e9servoir de gasoil<\/td>\n<td data-label=\"Type\">L<\/td>\n<td data-label=\"D80\">155<\/td>\n<\/tr>\n<tr>\n<td data-label=\"Specifications\">R\u00e9servoir de lubrifiant<\/td>\n<td data-label=\"Type\">L<\/td>\n<td data-label=\"D80\">32<\/td>\n<\/tr>\n<tr>\n<td data-label=\"Specifications\">Marteau piqueur diesel approx.<\/td>\n<td data-label=\"Type\">kg<\/td>\n<td data-label=\"D80\">16365\/ 16905<\/td>\n<\/tr>\n<tr>\n<td data-label=\"Specifications\">Dispositif de d\u00e9clenchement env.<\/td>\n<td data-label=\"Type\">kg<\/td>\n<td data-label=\"D80\">750<\/td>\n<\/tr>\n<tr>\n<td data-label=\"Specifications\">Support de transport \/ berceau env.<\/td>\n<td data-label=\"Type\">kg<\/td>\n<td data-label=\"D80\">135<\/td>\n<\/tr>\n<tr>\n<td data-label=\"Specifications\">Gardien de transport env.<\/td>\n<td data-label=\"Type\">kg<\/td>\n<td data-label=\"D80\">220<\/td>\n<\/tr>\n<tr>\n<td data-label=\"Specifications\">Bo\u00eete \u00e0 outils environ<\/td>\n<td data-label=\"Type\">kg<\/td>\n<td data-label=\"D80\">125<\/td>\n<\/tr>\n<tr>\n<td data-label=\"Specifications\">Longueur du marteau-pilon diesel (a\/al)<\/td>\n<td data-label=\"Type\">mm<\/td>\n<td data-label=\"D80\">6200\/ 7200<\/td>\n<\/tr>\n<tr>\n<td data-label=\"Specifications\">Diam\u00e8tre ext\u00e9rieur du bloc d'impact (b)<\/td>\n<td data-label=\"Type\">mm<\/td>\n<td data-label=\"D80\">\u03a6820<\/td>\n<\/tr>\n<tr>\n<td data-label=\"Specifications\">Dimensions hors tout mesur\u00e9es au-dessus des vis de fixation des m\u00e2choires de guidage (c)<\/td>\n<td data-label=\"Type\">mm<\/td>\n<td data-label=\"D80\">1110<\/td>\n<\/tr>\n<tr>\n<td data-label=\"Specifications\">Largeur du marteau-pilon diesel (d)<\/td>\n<td data-label=\"Type\">mm<\/td>\n<td data-label=\"D80\">890<\/td>\n<\/tr>\n<tr>\n<td data-label=\"Specifications\">Largeur pour la connexion des m\u00e2choires de guidage (e)<\/td>\n<td data-label=\"Type\">mm<\/td>\n<td data-label=\"D80\">800<\/td>\n<\/tr>\n<tr>\n<td data-label=\"Specifications\">Centre du marteau-pilon diesel jusqu'\u00e0 la protection de la pompe (f)<\/td>\n<td data-label=\"Type\">mm<\/td>\n<td data-label=\"D80\">550<\/td>\n<\/tr>\n<tr>\n<td data-label=\"Specifications\">Centre du marteau piqueur Diesel jusqu'au centre du trou filet\u00e9 pour la vis de fixation des m\u00e2choires de guidage (g)<\/td>\n<td data-label=\"Type\">mm<\/td>\n<td data-label=\"D80\">350<\/td>\n<\/tr>\n<tr>\n<td data-label=\"Specifications\">Profondeur du marteau-pilon diesel (h)<\/td>\n<td data-label=\"Type\">mm<\/td>\n<td data-label=\"D80\">1110<\/td>\n<\/tr>\n<tr>\n<td data-label=\"Specifications\">Distance standard entre le centre du marteau de la pile Diesel et le centre du plomb (H)<\/td>\n<td data-label=\"Type\">mm<\/td>\n<td data-label=\"D80\">720<\/td>\n<\/tr>\n<tr>\n<td data-label=\"Specifications\">Largeur des fils (L)<\/td>\n<td data-label=\"Type\">mm<\/td>\n<td data-label=\"D80\">600x(\u03a6102)<\/td>\n<\/tr>\n<\/tbody>\n<\/table>\n<h2>Emballage du marteau diesel tubulaire D80<\/h2>\n<p><img fetchpriority=\"high\" decoding=\"async\" class=\"size-full wp-image-11326\" src=\"https:\/\/www.juweihammer.com\/wp-content\/uploads\/2024\/09\/D-tubular-diesel-hammer-packaging.webp\" alt=\"Emballage de marteaux diesel tubulaires D\" width=\"975\" height=\"696\" srcset=\"https:\/\/www.juweihammer.com\/wp-content\/uploads\/2024\/09\/D-tubular-diesel-hammer-packaging.webp 975w, https:\/\/www.juweihammer.com\/wp-content\/uploads\/2024\/09\/D-tubular-diesel-hammer-packaging-768x548.webp 768w, https:\/\/www.juweihammer.com\/wp-content\/uploads\/2024\/09\/D-tubular-diesel-hammer-packaging-18x12.webp 18w, https:\/\/www.juweihammer.com\/wp-content\/uploads\/2024\/09\/D-tubular-diesel-hammer-packaging-600x428.webp 600w\" sizes=\"(max-width: 975px) 100vw, 975px\" \/><\/p>\n<\/div>","protected":false},"excerpt":{"rendered":"<p>Le marteau-pilon diesel de forme cylindrique D est actuellement l'\u00e9quipement de construction de fondations par battage de pieux le plus largement utilis\u00e9.<\/p>\n<ul>\n<li>Poids de l'impact (piston) : 8 tonnes<\/li>\n<li>Enfoncement continu des pieux<\/li>\n<li>Faible consommation de carburant<\/li>\n<li>Efficacit\u00e9 \u00e9lev\u00e9e du travail<\/li>\n<li>Excavateur, grue sur chenilles, enfonceur de pieux, t\u00eate de file pour pieux<\/li>\n<li><span data-slate-fragment=\"JTVCJTdCJTIydHlwZSUyMiUzQSUyMnBhcmFncmFwaCUyMiUyQyUyMmNoaWxkcmVuJTIyJTNBJTVCJTdCJTIyaWQlMjIlM0ElMjJCdjVSOFl3bFd6JTIyJTJDJTIycGFyYUlkeCUyMiUzQTAlMkMlMjJzcmMlMjIlM0ElMjJEdWFsJTIwZnVlbCUyMHB1bXAlMjBzeXN0ZW0lMjIlMkMlMjJkc3QlMjIlM0ElMjIlRTUlOEYlOEMlRTclODclODMlRTYlQjIlQjklRTYlQjMlQjUlRTclQjMlQkIlRTclQkIlOUYlMjIlMkMlMjJtZXRhZGF0YSUyMiUzQSUyMiUyMiUyQyUyMm1ldGFEYXRhJTIyJTNBJTVCJTVEJTJDJTIydGV4dCUyMiUzQSUyMkR1YWwlMjBmdWVsJTIwcHVtcCUyMHN5c3RlbSUyMiU3RCU1RCU3RCU1RA==\">OEM disponible<\/span><\/li>\n<\/ul>","protected":false},"featured_media":2407,"template":"","meta":{"_seopress_robots_primary_cat":"none","_seopress_titles_title":"D80 Tubular Diesel Pile Hammer Supplier for Sale","_seopress_titles_desc":"D80 diesel pile hammer for sale, is ideal for precast concrete piles, H-beams, steel pipe piles, round piles, square piles, sheet piles. Get Free Quotes!","_seopress_robots_index":"","site-sidebar-layout":"default","site-content-layout":"","ast-site-content-layout":"default","site-content-style":"default","site-sidebar-style":"default","ast-global-header-display":"","ast-banner-title-visibility":"","ast-main-header-display":"","ast-hfb-above-header-display":"","ast-hfb-below-header-display":"","ast-hfb-mobile-header-display":"","site-post-title":"","ast-breadcrumbs-content":"","ast-featured-img":"","footer-sml-layout":"","theme-transparent-header-meta":"default","adv-header-id-meta":"","stick-header-meta":"","header-above-stick-meta":"","header-main-stick-meta":"","header-below-stick-meta":"","astra-migrate-meta-layouts":"set","ast-page-background-enabled":"default","ast-page-background-meta":{"desktop":{"background-color":"var(--ast-global-color-4)","background-image":"","background-repeat":"repeat","background-position":"center center","background-size":"auto","background-attachment":"scroll","background-type":"","background-media":"","overlay-type":"","overlay-color":"","overlay-opacity":"","overlay-gradient":""},"tablet":{"background-color":"","background-image":"","background-repeat":"repeat","background-position":"center center","background-size":"auto","background-attachment":"scroll","background-type":"","background-media":"","overlay-type":"","overlay-color":"","overlay-opacity":"","overlay-gradient":""},"mobile":{"background-color":"","background-image":"","background-repeat":"repeat","background-position":"center center","background-size":"auto","background-attachment":"scroll","background-type":"","background-media":"","overlay-type":"","overlay-color":"","overlay-opacity":"","overlay-gradient":""}},"ast-content-background-meta":{"desktop":{"background-color":"var(--ast-global-color-5)","background-image":"","background-repeat":"repeat","background-position":"center center","background-size":"auto","background-attachment":"scroll","background-type":"","background-media":"","overlay-type":"","overlay-color":"","overlay-opacity":"","overlay-gradient":""},"tablet":{"background-color":"var(--ast-global-color-5)","background-image":"","background-repeat":"repeat","background-position":"center center","background-size":"auto","background-attachment":"scroll","background-type":"","background-media":"","overlay-type":"","overlay-color":"","overlay-opacity":"","overlay-gradient":""},"mobile":{"background-color":"var(--ast-global-color-5)","background-image":"","background-repeat":"repeat","background-position":"center center","background-size":"auto","background-attachment":"scroll","background-type":"","background-media":"","overlay-type":"","overlay-color":"","overlay-opacity":"","overlay-gradient":""}}},"product_brand":[],"product_cat":[21],"product_tag":[],"class_list":{"0":"post-2404","1":"product","2":"type-product","3":"status-publish","4":"has-post-thumbnail","6":"product_cat-d-diesel-hammer","7":"desktop-align-left","8":"tablet-align-left","9":"mobile-align-left","11":"first","12":"instock","13":"shipping-taxable","14":"product-type-simple"},"_links":{"self":[{"href":"https:\/\/www.juweihammer.com\/fr\/wp-json\/wp\/v2\/product\/2404","targetHints":{"allow":["GET"]}}],"collection":[{"href":"https:\/\/www.juweihammer.com\/fr\/wp-json\/wp\/v2\/product"}],"about":[{"href":"https:\/\/www.juweihammer.com\/fr\/wp-json\/wp\/v2\/types\/product"}],"version-history":[{"count":2,"href":"https:\/\/www.juweihammer.com\/fr\/wp-json\/wp\/v2\/product\/2404\/revisions"}],"predecessor-version":[{"id":11338,"href":"https:\/\/www.juweihammer.com\/fr\/wp-json\/wp\/v2\/product\/2404\/revisions\/11338"}],"wp:featuredmedia":[{"embeddable":true,"href":"https:\/\/www.juweihammer.com\/fr\/wp-json\/wp\/v2\/media\/2407"}],"wp:attachment":[{"href":"https:\/\/www.juweihammer.com\/fr\/wp-json\/wp\/v2\/media?parent=2404"}],"wp:term":[{"taxonomy":"product_brand","embeddable":true,"href":"https:\/\/www.juweihammer.com\/fr\/wp-json\/wp\/v2\/product_brand?post=2404"},{"taxonomy":"product_cat","embeddable":true,"href":"https:\/\/www.juweihammer.com\/fr\/wp-json\/wp\/v2\/product_cat?post=2404"},{"taxonomy":"product_tag","embeddable":true,"href":"https:\/\/www.juweihammer.com\/fr\/wp-json\/wp\/v2\/product_tag?post=2404"}],"curies":[{"name":"wp","href":"https:\/\/api.w.org\/{rel}","templated":true}]}}