{"id":2333,"date":"2024-07-19T08:24:04","date_gmt":"2024-07-19T08:24:04","guid":{"rendered":"https:\/\/www.juweihammer.com\/?post_type=product&#038;p=2333"},"modified":"2024-11-08T02:39:12","modified_gmt":"2024-11-08T02:39:12","slug":"china-d19-diesel-pile-hammer-manufacturer-supplier","status":"publish","type":"product","link":"https:\/\/www.juweihammer.com\/fr\/produit\/china-d19-diesel-pile-hammer-manufacturer-supplier\/","title":{"rendered":"Fabricant et fournisseur de marteaux piqueurs diesel D19 en Chine"},"content":{"rendered":"<p>Juwei est l'un des<strong> le top 10<\/strong> fabricants et fournisseurs de marteaux diesel dans le monde entier. Le marteau piqueur diesel de la s\u00e9rie D de Juwei b\u00e9n\u00e9ficie de plus de 30 ans d'exp\u00e9rience en mati\u00e8re de conception, de fabrication et d'application. <span style=\"color: #0000ff;\"><strong>Cliquez sur le bouton \"Usine\" pour en savoir plus !<\/strong><\/span><\/p>\n<p><strong>#otal Mod\u00e8le de marteaux piqueurs diesel de la s\u00e9rie D<\/strong><\/p>\n<p>D12, D16, D19, D25, D30, D36, D46, D50, D62, D80, D100, D128, D138, D160, D180, D225, D265, D320, D400. <span style=\"color: #0000ff;\"><strong>Cliquez sur le bouton \"D\u00e9tails de la s\u00e9rie D\" pour en savoir plus !<\/strong><\/span><\/p>\n<p><strong>1TP5Solutions personnalis\u00e9es :<\/strong><\/p>\n<p>Notre \u00e9quipe d'ing\u00e9nieurs peut personnaliser les solutions en fonction de la situation de votre projet. Vous pouvez fournir un rapport sur l'adresse du sol, le type de pieu et l'\u00e9quipement de battage. Nous fournissons un marteau-cylindre compatible avec la conception.<\/p>\n<p><strong>#<\/strong><strong>Type de poils :<\/strong><\/p>\n<p>Les types de pieux pour le battage comprennent les pieux en b\u00e9ton pr\u00e9fabriqu\u00e9, les poutres en H, les pieux en acier, les pieux circulaires, les pieux carr\u00e9s, les palplanches, les pieux en bois, etc.<\/p>\n<p><strong>#Application<\/strong>:<\/p>\n<p>Les projets offshore comprennent la production d'\u00e9nergie \u00e9olienne, l'\u00e9nergie, les ponts, les ports, la construction de docks et l'extraction de p\u00e9trole et de gaz. Il s'applique \u00e9galement aux projets routiers et de g\u00e9nie civil, aux services publics, aux services de g\u00e9nie civil, aux batardeaux, aux ponts, \u00e0 l'\u00e9nergie photovolta\u00efque et \u00e0 l'environnement. <span style=\"color: #0000ff;\"><strong>Cliquez sur le bouton \"Projets\" pour en savoir plus !<\/strong><\/span><\/p>\n<p><strong>1TP5Emballage et transport<\/strong>:<\/p>\n<p>Emballage : L'emballage se fait \u00e0 l'aide d'outils de transport en acier conformes aux normes d'exportation.<br \/>\nTransport : transport par conteneur 20GP ou 40GP<\/p>\n<p><strong>#Export\u00e9 dans de nombreux pays<\/strong><\/p>\n<p>Ce produit est export\u00e9 vers l'Europe, la Russie, l'Asie du Sud-Est, l'Am\u00e9rique du Nord, l'Am\u00e9rique du Sud, le Moyen-Orient, l'Afrique et d'autres r\u00e9gions.<\/p>\n<p><strong>#Sp\u00e9cifications :<\/strong><\/p>\n<style>\n    .table-container {<br \/>        overflow-x: auto;<br \/>        margin: 0 auto;<br \/>    }<br \/>    table {<br \/>        width: 100%;<br \/>        border-collapse: collapse;<br \/>    }<br \/>    th, td {<br \/>        padding: 8px;<br \/>        border: 1px solid #ddd;<br \/>        text-align: left;<br \/>    }<br \/>    @media screen and (max-width: 600px) {<br \/>        table, thead, tbody, th, td, tr {<br \/>            display: block;<br \/>            width: 100%;<br \/>        }<br \/>        thead tr {<br \/>            display: none;<br \/>        }<br \/>        tr {<br \/>            margin-bottom: 15px;<br \/>        }<br \/>        td {<br \/>            text-align: right;<br \/>            padding-left: 50%;<br \/>            position: relative;<br \/>        }<br \/>        td:before {<br \/>            content: attr(data-label);<br \/>            position: absolute;<br \/>            left: 0;<br \/>            width: 50%;<br \/>            padding-left: 10px;<br \/>            font-weight: bold;<br \/>            text-align: left;<br \/>        }<br \/>    }<br \/><\/style>\n<div class=\"table-container\">\n<table>\n<thead>\n<tr>\n<th>Sp\u00e9cifications<\/th>\n<th>Type<\/th>\n<th>D19<\/th>\n<\/tr>\n<\/thead>\n<tbody>\n<tr>\n<td data-label=\"Specifications\">Poids d'impact (piston)<\/td>\n<td data-label=\"Type\">kg<\/td>\n<td data-label=\"D19\">1820<\/td>\n<\/tr>\n<tr>\n<td data-label=\"Specifications\">\u00c9nergie par coup<\/td>\n<td data-label=\"Type\">KNm<\/td>\n<td data-label=\"D19\">65.52~45.68<\/td>\n<\/tr>\n<tr>\n<td data-label=\"Specifications\">Nombre de coups<\/td>\n<td data-label=\"Type\">min-l<\/td>\n<td data-label=\"D19\">35~42<\/td>\n<\/tr>\n<tr>\n<td data-label=\"Specifications\">Force de la pression d'explosion sur le pieu max.<\/td>\n<td data-label=\"Type\">KN<\/td>\n<td data-label=\"D19\">686<\/td>\n<\/tr>\n<tr>\n<td data-label=\"Specifications\">Convient \u00e0 l'enfoncement de pieux jusqu'\u00e0<\/td>\n<td data-label=\"Type\">Kg<\/td>\n<td data-label=\"D19\">6600<\/td>\n<\/tr>\n<tr>\n<td data-label=\"Specifications\">Diam\u00e8tre de c\u00e2ble admissible pour la poulie d\u00e9flectrice du dispositif de d\u00e9clenchement max.<\/td>\n<td data-label=\"Type\">mm<\/td>\n<td data-label=\"D19\">20<\/td>\n<\/tr>\n<tr>\n<td data-label=\"Specifications\">Gazole<\/td>\n<td data-label=\"Type\">L\/h<\/td>\n<td data-label=\"D19\">7.5<\/td>\n<\/tr>\n<tr>\n<td data-label=\"Specifications\">Lubrifiant<\/td>\n<td data-label=\"Type\">L\/h<\/td>\n<td data-label=\"D19\">0.6<\/td>\n<\/tr>\n<tr>\n<td data-label=\"Specifications\">R\u00e9servoir de gasoil<\/td>\n<td data-label=\"Type\">L<\/td>\n<td data-label=\"D19\">32<\/td>\n<\/tr>\n<tr>\n<td data-label=\"Specifications\">R\u00e9servoir de lubrifiant<\/td>\n<td data-label=\"Type\">L<\/td>\n<td data-label=\"D19\">9<\/td>\n<\/tr>\n<tr>\n<td data-label=\"Specifications\">Marteau piqueur diesel approx.<\/td>\n<td data-label=\"Type\">kg<\/td>\n<td data-label=\"D19\">3695<\/td>\n<\/tr>\n<tr>\n<td data-label=\"Specifications\">Dispositif de d\u00e9clenchement env.<\/td>\n<td data-label=\"Type\">kg<\/td>\n<td data-label=\"D19\">100<\/td>\n<\/tr>\n<tr>\n<td data-label=\"Specifications\">Support de transport \/ berceau env.<\/td>\n<td data-label=\"Type\">kg<\/td>\n<td data-label=\"D19\">11<\/td>\n<\/tr>\n<tr>\n<td data-label=\"Specifications\">Gardien de transport env.<\/td>\n<td data-label=\"Type\">kg<\/td>\n<td data-label=\"D19\">15<\/td>\n<\/tr>\n<tr>\n<td data-label=\"Specifications\">Bo\u00eete \u00e0 outils environ<\/td>\n<td data-label=\"Type\">kg<\/td>\n<td data-label=\"D19\">75<\/td>\n<\/tr>\n<tr>\n<td data-label=\"Specifications\">Longueur du marteau-pilon diesel (a\/al)<\/td>\n<td data-label=\"Type\">mm<\/td>\n<td data-label=\"D19\">5158<\/td>\n<\/tr>\n<tr>\n<td data-label=\"Specifications\">Diam\u00e8tre ext\u00e9rieur du bloc d'impact (b)<\/td>\n<td data-label=\"Type\">mm<\/td>\n<td data-label=\"D19\">440<\/td>\n<\/tr>\n<tr>\n<td data-label=\"Specifications\">Dimensions hors tout mesur\u00e9es au-dessus des vis de fixation des m\u00e2choires de guidage (c)<\/td>\n<td data-label=\"Type\">mm<\/td>\n<td data-label=\"D19\">560<\/td>\n<\/tr>\n<tr>\n<td data-label=\"Specifications\">Largeur du marteau-pilon diesel (d)<\/td>\n<td data-label=\"Type\">mm<\/td>\n<td data-label=\"D19\">485<\/td>\n<\/tr>\n<tr>\n<td data-label=\"Specifications\">Largeur pour la connexion des m\u00e2choires de guidage (e)<\/td>\n<td data-label=\"Type\">mm<\/td>\n<td data-label=\"D19\">320<\/td>\n<\/tr>\n<tr>\n<td data-label=\"Specifications\">Centre du marteau-pilon diesel jusqu'\u00e0 la protection de la pompe (f)<\/td>\n<td data-label=\"Type\">mm<\/td>\n<td data-label=\"D19\">345<\/td>\n<\/tr>\n<tr>\n<td data-label=\"Specifications\">Centre du marteau piqueur Diesel jusqu'au centre du trou filet\u00e9 pour la vis de fixation des m\u00e2choires de guidage (g)<\/td>\n<td data-label=\"Type\">mm<\/td>\n<td data-label=\"D19\">280<\/td>\n<\/tr>\n<tr>\n<td data-label=\"Specifications\">Profondeur du marteau-pilon diesel (h)<\/td>\n<td data-label=\"Type\">mm<\/td>\n<td data-label=\"D19\">665<\/td>\n<\/tr>\n<tr>\n<td data-label=\"Specifications\">Distance standard entre le centre du marteau de la pile Diesel et le centre du plomb (H)<\/td>\n<td data-label=\"Type\">mm<\/td>\n<td data-label=\"D19\">440<\/td>\n<\/tr>\n<tr>\n<td data-label=\"Specifications\">Largeur des fils (L)<\/td>\n<td data-label=\"Type\">mm<\/td>\n<td data-label=\"D19\">330x(\u03a670)<\/td>\n<\/tr>\n<\/tbody>\n<\/table>\n<h2>Emballage du marteau diesel D19-42<\/h2>\n<p><img fetchpriority=\"high\" decoding=\"async\" class=\"size-full wp-image-11326\" src=\"https:\/\/www.juweihammer.com\/wp-content\/uploads\/2024\/09\/D-tubular-diesel-hammer-packaging.webp\" alt=\"Emballage de marteaux diesel tubulaires D\" width=\"975\" height=\"696\" srcset=\"https:\/\/www.juweihammer.com\/wp-content\/uploads\/2024\/09\/D-tubular-diesel-hammer-packaging.webp 975w, https:\/\/www.juweihammer.com\/wp-content\/uploads\/2024\/09\/D-tubular-diesel-hammer-packaging-768x548.webp 768w, https:\/\/www.juweihammer.com\/wp-content\/uploads\/2024\/09\/D-tubular-diesel-hammer-packaging-18x12.webp 18w, https:\/\/www.juweihammer.com\/wp-content\/uploads\/2024\/09\/D-tubular-diesel-hammer-packaging-600x428.webp 600w\" sizes=\"(max-width: 975px) 100vw, 975px\" \/><\/p>\n<\/div>","protected":false},"excerpt":{"rendered":"<p>Le marteau-pilon diesel de la s\u00e9rie D est actuellement l'\u00e9quipement de construction de fondations par battage de pieux le plus largement utilis\u00e9.<\/p>\n<ul>\n<li>Poids de l'impact (piston) : 1,82 tonne<\/li>\n<li>\u00c9nergie Impac : 65,52~45,68 Kj<\/li>\n<li>Faible consommation de carburant<\/li>\n<li><span data-slate-fragment=\"JTVCJTdCJTIydHlwZSUyMiUzQSUyMnBhcmFncmFwaCUyMiUyQyUyMmNoaWxkcmVuJTIyJTNBJTVCJTdCJTIyaWQlMjIlM0ElMjJlM29YZGRuUVllJTIyJTJDJTIycGFyYUlkeCUyMiUzQTAlMkMlMjJzcmMlMjIlM0ElMjJIaWdoJTIwU3RyaWtlJTIwV2ZmaWNpZW5jeSUyMiUyQyUyMmRzdCUyMiUzQSUyMiVFOSVBQiU5OCVFNiU4OSU5MyVFNSU4NyVCQiVFNiU5NSU4OCVFNyU4RSU4NyUyMiUyQyUyMm1ldGFkYXRhJTIyJTNBJTIyJTIyJTJDJTIybWV0YURhdGElMjIlM0ElNUIlNUQlMkMlMjJ0ZXh0JTIyJTNBJTIySGlnaCUyMFN0cmlrZSUyMFdmZmljaWVuY3klMjIlN0QlNUQlN0QlNUQ=\">Efficacit\u00e9 de frappe \u00e9lev\u00e9e<\/span><\/li>\n<li>Longue dur\u00e9e de vie<\/li>\n<\/ul>","protected":false},"featured_media":2334,"template":"","meta":{"_seopress_robots_primary_cat":"none","_seopress_titles_title":"China D19 Diesel Pile Hammer Supplier & Manufacturer","_seopress_titles_desc":"D19 tubular diesel pile hammer is widely used pile driving foundation construction equipment. Impact Weight (Piston): 1.82 tons. Get Quotes!","_seopress_robots_index":"","site-sidebar-layout":"default","site-content-layout":"","ast-site-content-layout":"default","site-content-style":"default","site-sidebar-style":"default","ast-global-header-display":"","ast-banner-title-visibility":"","ast-main-header-display":"","ast-hfb-above-header-display":"","ast-hfb-below-header-display":"","ast-hfb-mobile-header-display":"","site-post-title":"","ast-breadcrumbs-content":"","ast-featured-img":"","footer-sml-layout":"","theme-transparent-header-meta":"default","adv-header-id-meta":"","stick-header-meta":"","header-above-stick-meta":"","header-main-stick-meta":"","header-below-stick-meta":"","astra-migrate-meta-layouts":"set","ast-page-background-enabled":"default","ast-page-background-meta":{"desktop":{"background-color":"var(--ast-global-color-4)","background-image":"","background-repeat":"repeat","background-position":"center center","background-size":"auto","background-attachment":"scroll","background-type":"","background-media":"","overlay-type":"","overlay-color":"","overlay-opacity":"","overlay-gradient":""},"tablet":{"background-color":"","background-image":"","background-repeat":"repeat","background-position":"center center","background-size":"auto","background-attachment":"scroll","background-type":"","background-media":"","overlay-type":"","overlay-color":"","overlay-opacity":"","overlay-gradient":""},"mobile":{"background-color":"","background-image":"","background-repeat":"repeat","background-position":"center center","background-size":"auto","background-attachment":"scroll","background-type":"","background-media":"","overlay-type":"","overlay-color":"","overlay-opacity":"","overlay-gradient":""}},"ast-content-background-meta":{"desktop":{"background-color":"var(--ast-global-color-5)","background-image":"","background-repeat":"repeat","background-position":"center center","background-size":"auto","background-attachment":"scroll","background-type":"","background-media":"","overlay-type":"","overlay-color":"","overlay-opacity":"","overlay-gradient":""},"tablet":{"background-color":"var(--ast-global-color-5)","background-image":"","background-repeat":"repeat","background-position":"center center","background-size":"auto","background-attachment":"scroll","background-type":"","background-media":"","overlay-type":"","overlay-color":"","overlay-opacity":"","overlay-gradient":""},"mobile":{"background-color":"var(--ast-global-color-5)","background-image":"","background-repeat":"repeat","background-position":"center center","background-size":"auto","background-attachment":"scroll","background-type":"","background-media":"","overlay-type":"","overlay-color":"","overlay-opacity":"","overlay-gradient":""}}},"product_brand":[],"product_cat":[21],"product_tag":[],"class_list":{"0":"post-2333","1":"product","2":"type-product","3":"status-publish","4":"has-post-thumbnail","6":"product_cat-d-diesel-hammer","7":"desktop-align-left","8":"tablet-align-left","9":"mobile-align-left","11":"first","12":"instock","13":"shipping-taxable","14":"product-type-simple"},"_links":{"self":[{"href":"https:\/\/www.juweihammer.com\/fr\/wp-json\/wp\/v2\/product\/2333","targetHints":{"allow":["GET"]}}],"collection":[{"href":"https:\/\/www.juweihammer.com\/fr\/wp-json\/wp\/v2\/product"}],"about":[{"href":"https:\/\/www.juweihammer.com\/fr\/wp-json\/wp\/v2\/types\/product"}],"version-history":[{"count":2,"href":"https:\/\/www.juweihammer.com\/fr\/wp-json\/wp\/v2\/product\/2333\/revisions"}],"predecessor-version":[{"id":11348,"href":"https:\/\/www.juweihammer.com\/fr\/wp-json\/wp\/v2\/product\/2333\/revisions\/11348"}],"wp:featuredmedia":[{"embeddable":true,"href":"https:\/\/www.juweihammer.com\/fr\/wp-json\/wp\/v2\/media\/2334"}],"wp:attachment":[{"href":"https:\/\/www.juweihammer.com\/fr\/wp-json\/wp\/v2\/media?parent=2333"}],"wp:term":[{"taxonomy":"product_brand","embeddable":true,"href":"https:\/\/www.juweihammer.com\/fr\/wp-json\/wp\/v2\/product_brand?post=2333"},{"taxonomy":"product_cat","embeddable":true,"href":"https:\/\/www.juweihammer.com\/fr\/wp-json\/wp\/v2\/product_cat?post=2333"},{"taxonomy":"product_tag","embeddable":true,"href":"https:\/\/www.juweihammer.com\/fr\/wp-json\/wp\/v2\/product_tag?post=2333"}],"curies":[{"name":"wp","href":"https:\/\/api.w.org\/{rel}","templated":true}]}}