{"id":8659,"date":"2024-09-04T05:13:45","date_gmt":"2024-09-04T05:13:45","guid":{"rendered":"https:\/\/www.juweihammer.com\/?post_type=product&#038;p=8659"},"modified":"2025-05-25T04:59:59","modified_gmt":"2025-05-25T04:59:59","slug":"dd160-16ton-diesel-pile-driver-hammers-guide-rod-type","status":"publish","type":"product","link":"https:\/\/www.juweihammer.com\/fi\/tuote\/dd160-16ton-diesel-pile-driver-hammers-guide-rod-type\/","title":{"rendered":"DD160 16ton 16ton Diesel Pile Driver Hammers | Guide Rod tyyppi"},"content":{"rendered":"<p><span data-slate-fragment=\"JTVCJTdCJTIydHlwZSUyMiUzQSUyMnBhcmFncmFwaCUyMiUyQyUyMmNoaWxkcmVuJTIyJTNBJTVCJTdCJTIyaWQlMjIlM0ElMjJCWnlwQWdqNVF6JTIyJTJDJTIycGFyYUlkeCUyMiUzQTAlMkMlMjJzcmMlMjIlM0ElMjJKdXdlaSUyMGlzJTIwdGhlJTIwdG9wJTIwMSUyMG1hbnVmYWN0dXJlcnMlMjBhbmQlMjBzdXBwbGllcnMlMjBvZiUyMEREJTIwcmFpbCUyMGhhbW1lcnMlMjBpbiUyMENoaW5hJTIyJTJDJTIyZHN0JTIyJTNBJTIyJUU1JUI3JUE4JUU1JUE4JTgxJUU2JTk4JUFGJUU0JUI4JUFEJUU1JTlCJUJEREQlRTklOTIlQTIlRTglQkQlQTglRTklOTQlQTQlRTclOUElODQlRTclQUMlQUMlRTQlQjglODAlRTUlQTQlQTclRTUlODglQjYlRTklODAlQTAlRTUlOTUlODYlRTUlOTIlOEMlRTQlQkUlOUIlRTUlQkElOTQlRTUlOTUlODYlMjIlMkMlMjJtZXRhZGF0YSUyMiUzQSUyMiUyMiUyQyUyMm1ldGFEYXRhJTIyJTNBJTVCJTVEJTJDJTIydGV4dCUyMiUzQSUyMkp1d2VpJTIwaXMlMjB0aGUlMjB0b3AlMjAxJTIwbWFudWZhY3R1cmVycyUyMGFuZCUyMHN1cHBsaWVycyUyMG9mJTIwREQlMjByYWlsJTIwaGFtbWVycyUyMGluJTIwQ2hpbmElMjIlN0QlNUQlN0QlNUQ=\">Juwei on Kiinan alkuun 1 valmistaja ja toimittaja DD-ohjaustangon dieselpaalukoneen vasaralle. <\/span>Juwein DD-sarjan dieselpaaluvasaralla on yli 30 vuoden kokemus suunnittelusta, valmistuksesta ja k\u00e4yt\u00f6st\u00e4. <span style=\"color: #0000ff;\"><strong>Klikkaa painiketta \"Factory\" saadaksesi lis\u00e4tietoja!<\/strong><\/span><\/p>\n<p><strong>D-ohjaussauvan dieselvasara voidaan jakaa kevyeen, keskiraskaaseen ja raskaaseen tyyppiin.<\/strong><\/p>\n<p><strong><b># Valon malli<\/b><\/strong><\/p>\n<p>Malli sis\u00e4lt\u00e4\u00e4: DD4, DD6, DD12, DD18, DD25, DD30.<\/p>\n<p>Kevyt ohjaussauvatyyppinen dieselvasara on suunniteltu ter\u00e4sbetoni-, metalli-, puu- ja levypaalujen ly\u00f6miseen maan alle. T\u00e4m\u00e4 monik\u00e4ytt\u00f6inen laite on ratkaisevan t\u00e4rke\u00e4 erilaisissa rakennussovelluksissa, mukaan lukien:<\/p>\n<ul>\n<li>S\u00e4hk\u00f6voimatekniikan hankkeet<\/li>\n<li>\u00d6ljy- ja kaasuteollisuuden s\u00e4\u00e4ti\u00f6<\/li>\n<li>Teollisuus- ja siviilirakennusten perustusten ja alustojen rakentaminen<\/li>\n<\/ul>\n<p>T\u00e4m\u00e4 paalutuslaitteisto asennetaan yleens\u00e4 telaketjuihin ja py\u00f6rill\u00e4 varustettuihin koneisiin. Telanostureiden ja kaivinkoneiden nykyaikaistamiseen kuuluu paalujen asentaminen tehokkaan toiminnan saavuttamiseksi.<\/p>\n<p>T\u00e4m\u00e4n kevyen paalutuslaitteen t\u00e4rkeimpiin ominaisuuksiin kuuluvat valtava iskuvoima ja kest\u00e4v\u00e4t m\u00e4nn\u00e4nrenkaat. T\u00e4t\u00e4 vasaraa vied\u00e4\u00e4n laajalti esimerkiksi Ven\u00e4j\u00e4lle, Indonesiaan, Filippiineille, Afrikkaan ja Kaakkois-Aasiaan, ja sen luotettavuus ja suorituskyky on tunnustettu.<\/p>\n<p><strong># Keskikokoinen malli<\/strong><\/p>\n<p>Malli sis\u00e4lt\u00e4\u00e4: DD35, DD45, DD55, DD65, DD75, DD85, DD105.<\/p>\n<p>Keskipitk\u00e4n ohjaussauvan paaluvasara soveltuu erityyppisten paalujen, kuten ter\u00e4sbetonipaalujen, ter\u00e4spaalujen, levypaalujen, H-palkkien, py\u00f6reiden paalujen, neli\u00f6paalujen ja puupaalujen ly\u00f6miseen. T\u00e4m\u00e4 keskikokoinen ly\u00f6ntipaalulaite soveltuu hyvin perustus- ja tukirakenteisiin seuraavilla aloilla:<\/p>\n<ul>\n<li>\u00d6ljy- ja kaasuteollisuus<\/li>\n<li>S\u00e4hk\u00f6 ja energia<\/li>\n<li>Teollisuus<\/li>\n<li>rakennustekniikka<\/li>\n<li>vesirakentaminen<\/li>\n<\/ul>\n<p>T\u00e4m\u00e4 ly\u00f6ntipaaluvasara on yhteensopiva tela-alustaisten nostureiden, kaivinkoneiden, mastolla varustettujen ly\u00f6ntipaaluvasaroiden, kelluvien ly\u00f6ntipaaluvasaroiden ja k\u00e4velevien ly\u00f6ntipaaluvasaroiden kanssa, ja se on monipuolinen ja tehokas.<br \/>\nKeskisuuria DD-dieselvasaroitamme vied\u00e4\u00e4n laajalti Kaakkois-Aasiaan, L\u00e4hi-it\u00e4\u00e4n, Eurooppaan, Afrikkaan ja Etel\u00e4-Amerikkaan.<\/p>\n<p><strong>#Heavy malli<\/strong><\/p>\n<p>Malli sis\u00e4lt\u00e4\u00e4: DD128, DD160, DD180, DD200, DD220, DD300, DD350, DD400, DD450, DD500.<\/p>\n<p>Raskaassa DD-paaluvasarassa on raskain iskukomponentti, joten se on tehokkain laite paalutusty\u00f6ss\u00e4. Se on ihanteellinen valinta seuraaviin tarkoituksiin:<\/p>\n<ul>\n<li><span data-slate-fragment=\"JTVCJTdCJTIydHlwZSUyMiUzQSUyMnBhcmFncmFwaCUyMiUyQyUyMmNoaWxkcmVuJTIyJTNBJTVCJTdCJTIyaWQlMjIlM0ElMjJlRU5SazlnUjdWJTIyJTJDJTIycGFyYUlkeCUyMiUzQTElMkMlMjJzcmMlMjIlM0ElMjJPZmZzaG9yZSUyME9wZXJhdGlvbnMlMjIlMkMlMjJkc3QlMjIlM0ElMjJPZmZzaG9yZSUyME9wZXJhdGlvbnMlMjIlMkMlMjJtZXRhZGF0YSUyMiUzQSUyMiUyMiUyQyUyMm1ldGFEYXRhJTIyJTNBJTVCJTVEJTJDJTIydGV4dCUyMiUzQSUyMk9mZnNob3JlJTIwT3BlcmF0aW9ucyUyMiU3RCU1RCU3RCU1RA==\">Offshore-toiminta<\/span><\/li>\n<li><span data-slate-fragment=\"JTVCJTdCJTIydHlwZSUyMiUzQSUyMnBhcmFncmFwaCUyMiUyQyUyMmNoaWxkcmVuJTIyJTNBJTVCJTdCJTIyaWQlMjIlM0ElMjJCbzEwNjRQMG5WJTIyJTJDJTIycGFyYUlkeCUyMiUzQTIlMkMlMjJzcmMlMjIlM0ElMjJPZmZzaG9yZSUyMERyaWxsaW5nJTIwUGxhdGZvcm1zJTIyJTJDJTIyZHN0JTIyJTNBJTIyT2Zmc2hvcmUlMjBEcmlsbGluZyUyMFBsYXRmb3JtcyUyMiUyQyUyMm1ldGFkYXRhJTIyJTNBJTIyJTIyJTJDJTIybWV0YURhdGElMjIlM0ElNUIlNUQlMkMlMjJ0ZXh0JTIyJTNBJTIyT2Zmc2hvcmUlMjBEcmlsbGluZyUyMFBsYXRmb3JtcyUyMiU3RCU1RCU3RCU1RA==\">Offshore-porausalustat<\/span><\/li>\n<li><span data-slate-fragment=\"JTVCJTdCJTIydHlwZSUyMiUzQSUyMnBhcmFncmFwaCUyMiUyQyUyMmNoaWxkcmVuJTIyJTNBJTVCJTdCJTIyaWQlMjIlM0ElMjJWMHJZOW9MWUFCJTIyJTJDJTIycGFyYUlkeCUyMiUzQTMlMkMlMjJzcmMlMjIlM0ElMjJEZWVwd2F0ZXIlMjBQb3J0cyUyMiUyQyUyMmRzdCUyMiUzQSUyMkRlZXB3YXRlciUyMFBvcnRzJTIyJTJDJTIybWV0YWRhdGElMjIlM0ElMjIlMjIlMkMlMjJtZXRhRGF0YSUyMiUzQSU1QiU1RCUyQyUyMnRleHQlMjIlM0ElMjJEZWVwd2F0ZXIlMjBQb3J0cyUyMiU3RCU1RCU3RCU1RA==\">Syv\u00e4nmeren satamat<\/span><\/li>\n<li><span data-slate-fragment=\"JTVCJTdCJTIydHlwZSUyMiUzQSUyMnBhcmFncmFwaCUyMiUyQyUyMmNoaWxkcmVuJTIyJTNBJTVCJTdCJTIyaWQlMjIlM0ElMjJlSlJHNGdPR0RlJTIyJTJDJTIycGFyYUlkeCUyMiUzQTQlMkMlMjJzcmMlMjIlM0ElMjJCcmlkZ2UlMjBDb25zdHJ1Y3Rpb24lMjIlMkMlMjJkc3QlMjIlM0ElMjJCcmlkZ2UlMjBDb25zdHJ1Y3Rpb24lMjIlMkMlMjJtZXRhZGF0YSUyMiUzQSUyMiUyMiUyQyUyMm1ldGFEYXRhJTIyJTNBJTVCJTVEJTJDJTIydGV4dCUyMiUzQSUyMkJyaWRnZSUyMENvbnN0cnVjdGlvbiUyMiU3RCU1RCU3RCU1RA==\">Sillan rakentaminen<\/span><\/li>\n<li><span data-slate-fragment=\"JTVCJTdCJTIydHlwZSUyMiUzQSUyMnBhcmFncmFwaCUyMiUyQyUyMmNoaWxkcmVuJTIyJTNBJTVCJTdCJTIyaWQlMjIlM0ElMjJCWHd5RFBPeTd6JTIyJTJDJTIycGFyYUlkeCUyMiUzQTUlMkMlMjJzcmMlMjIlM0ElMjJCb3RoJTIwVGVycmVzdHJpYWwlMjBhbmQlMjBBcXVhdGljJTIwQnVpbGRpbmclMjBQcm9qZWN0cyUyMiUyQyUyMmRzdCUyMiUzQSUyMkJvdGglMjBUZXJyZXN0cmlhbCUyMGFuZCUyMEFxdWF0aWMlMjBCdWlsZGluZyUyMFByb2plY3RzJTIyJTJDJTIybWV0YWRhdGElMjIlM0ElMjIlMjIlMkMlMjJtZXRhRGF0YSUyMiUzQSU1QiU1RCUyQyUyMnRleHQlMjIlM0ElMjJUZXJyZXN0cmlhbCUyMGFuZCUyMEFxdWF0aWMlMjBCdWlsZGluZyUyMFByb2plY3RzJTIyJTdEJTVEJTdEJTVE\">Maa- ja vesialueiden rakennushankkeet<\/span><\/li>\n<\/ul>\n<p>Raskaita dieselvasaroitamme k\u00e4ytet\u00e4\u00e4n laajalti Pohjois-Amerikassa, Etel\u00e4-Amerikassa, L\u00e4hi-id\u00e4ss\u00e4, Aasiassa, Afrikassa, Euroopassa, Ven\u00e4j\u00e4ll\u00e4 ja Turkissa.<br \/>\nDD-128 ja DD-200: varustettu kahdella ohjauskiskolla iskukomponenttien siirt\u00e4mist\u00e4 varten.<br \/>\nDD-300 ja raskaammat mallit: nelj\u00e4n ohjainkiskon avulla voidaan pinota 1:3-kallistuksella.<\/p>\n<p><span style=\"color: #0000ff;\"><strong>Klikkaa painiketta \"DD Series Details\" saadaksesi lis\u00e4tietoja!<\/strong><\/span><\/p>\n<p><strong>1TP5R\u00e4\u00e4t\u00e4l\u00f6idyt ratkaisut:<\/strong><\/p>\n<p>Insin\u00f6\u00f6ritiimimme voi r\u00e4\u00e4t\u00e4l\u00f6id\u00e4 ratkaisuja projektisi tilanteen mukaan. Voit toimittaa maaper\u00e4n osoiteraportin, paalutyypin ja paalutuskaluston. Tarjoamme suunnittelun kanssa yhteensopivan sylinterivasaran.<\/p>\n<p><strong>1TP5Pakkaus ja kuljetus<\/strong>:<\/p>\n<p>Pakkaus: Pakkaaminen: K\u00e4ytt\u00e4m\u00e4ll\u00e4 vientistandardin mukaisia ter\u00e4ksisi\u00e4 kuljetusty\u00f6kaluja pakkaamiseen<br \/>\nKuljetus: 20GP tai 40GP kontti kuljetus<\/p>\n<p><strong>#Spesifikaatiot:<\/strong><\/p>\n<style>\n    .table-container {<br \/>        overflow-x: auto;<br \/>        margin: 0 auto;<br \/>    }<br \/>    table {<br \/>        width: 100%;<br \/>        border-collapse: collapse;<br \/>    }<br \/>    th, td {<br \/>        padding: 8px;<br \/>        border: 1px solid #ddd;<br \/>        text-align: left;<br \/>    }<br \/>    @media screen and (max-width: 600px) {<br \/>        table, thead, tbody, th, td, tr {<br \/>            display: block;<br \/>            width: 100%;<br \/>        }<br \/>        thead tr {<br \/>            display: none;<br \/>        }<br \/>        tr {<br \/>            margin-bottom: 15px;<br \/>        }<br \/>        td {<br \/>            text-align: right;<br \/>            padding-left: 50%;<br \/>            position: relative;<br \/>        }<br \/>        td:before {<br \/>            content: attr(data-label);<br \/>            position: absolute;<br \/>            left: 0;<br \/>            width: 50%;<br \/>            padding-left: 10px;<br \/>            font-weight: bold;<br \/>            text-align: left;<br \/>        }<br \/>    }<br \/><\/style>\n<div class=\"table-container\">\n<table>\n<thead>\n<tr>\n<th>Tekniset tiedot<\/th>\n<th>Tyyppi<\/th>\n<th>DD160<\/th>\n<\/tr>\n<\/thead>\n<tbody>\n<tr>\n<td data-label=\"Specifications\">Sylinteri Monimutkainen massa<\/td>\n<td data-label=\"Type\">kg<\/td>\n<td data-label=\"DD25\">16000<\/td>\n<\/tr>\n<tr>\n<td data-label=\"Specifications\">Max. Sylinterin isku<\/td>\n<td data-label=\"Type\">m<\/td>\n<td data-label=\"DD25\">3<\/td>\n<\/tr>\n<tr>\n<td data-label=\"Specifications\">Taajuus<\/td>\n<td data-label=\"Type\">min-l<\/td>\n<td data-label=\"DD25\">38~50<\/td>\n<\/tr>\n<tr>\n<td data-label=\"Specifications\">Max. Energia<\/td>\n<td data-label=\"Type\">kj<\/td>\n<td data-label=\"DD25\">480<\/td>\n<\/tr>\n<tr>\n<td data-label=\"Specifications\">\u00d6ljyn kulutus<\/td>\n<td data-label=\"Type\">L\/h<\/td>\n<td data-label=\"DD25\">46<\/td>\n<\/tr>\n<tr>\n<td data-label=\"Specifications\">R\u00e4j\u00e4hdysvoima Kasa<\/td>\n<td data-label=\"Type\">KN<\/td>\n<td data-label=\"DD25\">4325<\/td>\n<\/tr>\n<tr>\n<td data-label=\"Specifications\">V\u00e4hennyssuhde<\/td>\n<td data-label=\"Type\"><\/td>\n<td data-label=\"DD25\">28<\/td>\n<\/tr>\n<tr>\n<td data-label=\"Specifications\">Vasaran massa<\/td>\n<td data-label=\"Type\">kg<\/td>\n<td data-label=\"DD25\">30200<\/td>\n<\/tr>\n<tr>\n<td data-label=\"Specifications\">Opas Et\u00e4isyys<\/td>\n<td data-label=\"Type\">mm<\/td>\n<td data-label=\"DD25\">600<\/td>\n<\/tr>\n<\/tbody>\n<\/table>\n<h2>DD160 Diesel Hammer Pakkaus<\/h2>\n<p><img fetchpriority=\"high\" decoding=\"async\" class=\"size-full wp-image-11327\" src=\"https:\/\/www.juweihammer.com\/wp-content\/uploads\/2024\/09\/DD-guide-rod-diesel-hammer-packaging.webp\" alt=\"DD-ohjaussauva dieselvasaran pakkaus\" width=\"975\" height=\"696\" srcset=\"https:\/\/www.juweihammer.com\/wp-content\/uploads\/2024\/09\/DD-guide-rod-diesel-hammer-packaging.webp 975w, https:\/\/www.juweihammer.com\/wp-content\/uploads\/2024\/09\/DD-guide-rod-diesel-hammer-packaging-768x548.webp 768w, https:\/\/www.juweihammer.com\/wp-content\/uploads\/2024\/09\/DD-guide-rod-diesel-hammer-packaging-18x12.webp 18w, https:\/\/www.juweihammer.com\/wp-content\/uploads\/2024\/09\/DD-guide-rod-diesel-hammer-packaging-600x428.webp 600w\" sizes=\"(max-width: 975px) 100vw, 975px\" \/><\/p>\n<\/div>","protected":false},"excerpt":{"rendered":"<p>DD-sarjan ohjaussauva dieselpaaluvasara: Se on paalutuslaite, joka toimii kaksitahtisen polttomoottorin periaatteella.<\/p>\n<ul>\n<li>Sylinteri Complex Mass: 16 tonnia<\/li>\n<li>Max. Energia: 480 kj<\/li>\n<li><span data-slate-fragment=\"JTVCJTdCJTIydHlwZSUyMiUzQSUyMnBhcmFncmFwaCUyMiUyQyUyMmNoaWxkcmVuJTIyJTNBJTVCJTdCJTIyaWQlMjIlM0ElMjJ6ZzEzeDNNMkFlJTIyJTJDJTIycGFyYUlkeCUyMiUzQTMlMkMlMjJzcmMlMjIlM0ElMjI0LiUyMENvbnZlbmllbnQlMjBNYWludGVuYW5jZSUyMiUyQyUyMmRzdCUyMiUzQSUyMjQuJUU3JUJCJUI0JUU2JThBJUE0JUU2JTk2JUI5JUU0JUJFJUJGJTIyJTJDJTIybWV0YWRhdGElMjIlM0ElMjIlMjIlMkMlMjJtZXRhRGF0YSUyMiUzQSU1QiU1RCUyQyUyMnRleHQlMjIlM0ElMjJDb252ZW5pZW50JTIwTWFpbnRlbmFuY2UlMjIlN0QlNUQlN0QlNUQ=\">K\u00e4tev\u00e4 huolto<\/span><\/li>\n<li>Kilpailukykyinen hinta<\/li>\n<li><span data-slate-fragment=\"JTVCJTdCJTIydHlwZSUyMiUzQSUyMnBhcmFncmFwaCUyMiUyQyUyMmNoaWxkcmVuJTIyJTNBJTVCJTdCJTIyaWQlMjIlM0ElMjJlbU1XbjdSbDJlJTIyJTJDJTIycGFyYUlkeCUyMiUzQTQlMkMlMjJzcmMlMjIlM0ElMjI1LiUyMFN1cGVyaW9yJTIwY29sZCUyMHN0YXJ0JTIwZnVuY3Rpb24lMjIlMkMlMjJkc3QlMjIlM0ElMjI1LiVFNSU4RCU5MyVFOCVCNiU4QSVFNyU5QSU4NCVFNSU4NiVCNyVFNSU5MCVBRiVFNSU4QSVBOCVFNSU4QSU5RiVFOCU4MyVCRCUyMiUyQyUyMm1ldGFkYXRhJTIyJTNBJTIyJTIyJTJDJTIybWV0YURhdGElMjIlM0ElNUIlNUQlMkMlMjJ0ZXh0JTIyJTNBJTIyU3VwZXJpb3IlMjBjb2xkJTIwc3RhcnQlMjBmdW5jdGlvbiUyMiU3RCU1RCU3RCU1RA==\">Ylivoimainen kylm\u00e4k\u00e4ynnistystoiminto<\/span><\/li>\n<li><span data-slate-fragment=\"JTVCJTdCJTIydHlwZSUyMiUzQSUyMnBhcmFncmFwaCUyMiUyQyUyMmNoaWxkcmVuJTIyJTNBJTVCJTdCJTIyaWQlMjIlM0ElMjJCYWFLTDgzOFpCJTIyJTJDJTIycGFyYUlkeCUyMiUzQTMlMkMlMjJzcmMlMjIlM0ElMjI0LiUyMENvbnZlbmllbnQlMjBvcGVyYXRpb24lMjBhbmQlMjBtYWludGVuYW5jZSUyMiUyQyUyMmRzdCUyMiUzQSUyMjQuJUU2JTkzJThEJUU0JUJEJTlDJUU3JUJCJUI0JUU2JThBJUE0JUU2JTk2JUI5JUU0JUJFJUJGJTIyJTJDJTIybWV0YWRhdGElMjIlM0ElMjIlMjIlMkMlMjJtZXRhRGF0YSUyMiUzQSU1QiU1RCUyQyUyMnRleHQlMjIlM0ElMjJDb252ZW5pZW50JTIwb3BlcmF0aW9uJTIyJTdEJTVEJTdEJTVE\">K\u00e4tev\u00e4 k\u00e4ytt\u00f6<\/span><\/li>\n<\/ul>","protected":false},"featured_media":8663,"template":"","meta":{"_seopress_robots_primary_cat":"none","_seopress_titles_title":"DD160 16ton Diesel Pile Driver Hammers | Guide Rod Type","_seopress_titles_desc":"JUWEI china DD160 diesel pile hammer is ideal choice for offshore, dock, port bridge construction, terrestrial projects. Get Free Solutions.","_seopress_robots_index":"","site-sidebar-layout":"default","site-content-layout":"","ast-site-content-layout":"default","site-content-style":"default","site-sidebar-style":"default","ast-global-header-display":"","ast-banner-title-visibility":"","ast-main-header-display":"","ast-hfb-above-header-display":"","ast-hfb-below-header-display":"","ast-hfb-mobile-header-display":"","site-post-title":"","ast-breadcrumbs-content":"","ast-featured-img":"","footer-sml-layout":"","theme-transparent-header-meta":"default","adv-header-id-meta":"","stick-header-meta":"","header-above-stick-meta":"","header-main-stick-meta":"","header-below-stick-meta":"","astra-migrate-meta-layouts":"set","ast-page-background-enabled":"default","ast-page-background-meta":{"desktop":{"background-color":"var(--ast-global-color-4)","background-image":"","background-repeat":"repeat","background-position":"center center","background-size":"auto","background-attachment":"scroll","background-type":"","background-media":"","overlay-type":"","overlay-color":"","overlay-opacity":"","overlay-gradient":""},"tablet":{"background-color":"","background-image":"","background-repeat":"repeat","background-position":"center center","background-size":"auto","background-attachment":"scroll","background-type":"","background-media":"","overlay-type":"","overlay-color":"","overlay-opacity":"","overlay-gradient":""},"mobile":{"background-color":"","background-image":"","background-repeat":"repeat","background-position":"center center","background-size":"auto","background-attachment":"scroll","background-type":"","background-media":"","overlay-type":"","overlay-color":"","overlay-opacity":"","overlay-gradient":""}},"ast-content-background-meta":{"desktop":{"background-color":"var(--ast-global-color-5)","background-image":"","background-repeat":"repeat","background-position":"center center","background-size":"auto","background-attachment":"scroll","background-type":"","background-media":"","overlay-type":"","overlay-color":"","overlay-opacity":"","overlay-gradient":""},"tablet":{"background-color":"var(--ast-global-color-5)","background-image":"","background-repeat":"repeat","background-position":"center center","background-size":"auto","background-attachment":"scroll","background-type":"","background-media":"","overlay-type":"","overlay-color":"","overlay-opacity":"","overlay-gradient":""},"mobile":{"background-color":"var(--ast-global-color-5)","background-image":"","background-repeat":"repeat","background-position":"center center","background-size":"auto","background-attachment":"scroll","background-type":"","background-media":"","overlay-type":"","overlay-color":"","overlay-opacity":"","overlay-gradient":""}}},"product_brand":[],"product_cat":[22],"product_tag":[],"class_list":{"0":"post-8659","1":"product","2":"type-product","3":"status-publish","4":"has-post-thumbnail","6":"product_cat-dd-guide-rod-diesel-pile-hammer","7":"desktop-align-left","8":"tablet-align-left","9":"mobile-align-left","11":"first","12":"instock","13":"shipping-taxable","14":"product-type-simple"},"_links":{"self":[{"href":"https:\/\/www.juweihammer.com\/fi\/wp-json\/wp\/v2\/product\/8659","targetHints":{"allow":["GET"]}}],"collection":[{"href":"https:\/\/www.juweihammer.com\/fi\/wp-json\/wp\/v2\/product"}],"about":[{"href":"https:\/\/www.juweihammer.com\/fi\/wp-json\/wp\/v2\/types\/product"}],"version-history":[{"count":2,"href":"https:\/\/www.juweihammer.com\/fi\/wp-json\/wp\/v2\/product\/8659\/revisions"}],"predecessor-version":[{"id":11350,"href":"https:\/\/www.juweihammer.com\/fi\/wp-json\/wp\/v2\/product\/8659\/revisions\/11350"}],"wp:featuredmedia":[{"embeddable":true,"href":"https:\/\/www.juweihammer.com\/fi\/wp-json\/wp\/v2\/media\/8663"}],"wp:attachment":[{"href":"https:\/\/www.juweihammer.com\/fi\/wp-json\/wp\/v2\/media?parent=8659"}],"wp:term":[{"taxonomy":"product_brand","embeddable":true,"href":"https:\/\/www.juweihammer.com\/fi\/wp-json\/wp\/v2\/product_brand?post=8659"},{"taxonomy":"product_cat","embeddable":true,"href":"https:\/\/www.juweihammer.com\/fi\/wp-json\/wp\/v2\/product_cat?post=8659"},{"taxonomy":"product_tag","embeddable":true,"href":"https:\/\/www.juweihammer.com\/fi\/wp-json\/wp\/v2\/product_tag?post=8659"}],"curies":[{"name":"wp","href":"https:\/\/api.w.org\/{rel}","templated":true}]}}