{"id":8219,"date":"2024-08-27T05:44:11","date_gmt":"2024-08-27T05:44:11","guid":{"rendered":"https:\/\/www.juweihammer.com\/?post_type=product&#038;p=8219"},"modified":"2024-11-08T02:22:00","modified_gmt":"2024-11-08T02:22:00","slug":"d50-tubular-diesel-hammers-for-pile-driving-customized","status":"publish","type":"product","link":"https:\/\/www.juweihammer.com\/fi\/tuote\/d50-tubular-diesel-hammers-for-pile-driving-customized\/","title":{"rendered":"D50 putkimainen Diesel vasarat paalutus | R\u00e4\u00e4t\u00e4l\u00f6ityj\u00e4"},"content":{"rendered":"<p>Yhten\u00e4<strong> top 10<\/strong> piel diesel vasaran valmistajat ja toimittajat maailmanlaajuisesti. Juwein D-sarjan diesel-paaluvasaralla on yli 30 vuoden kokemus suunnittelusta, valmistuksesta ja soveltamisesta. <span style=\"color: #0000ff;\"><strong>Lue lis\u00e4\u00e4 tehtaastamme klikkaamalla \"Tehdas\".<\/strong><\/span><span style=\"color: #000080;\">!<\/span><\/p>\n<p><strong>#All <span data-slate-fragment=\"JTVCJTdCJTIydHlwZSUyMiUzQSUyMnBhcmFncmFwaCUyMiUyQyUyMmNoaWxkcmVuJTIyJTNBJTVCJTdCJTIyaWQlMjIlM0ElMjJlYk40UmdFcXBlJTIyJTJDJTIycGFyYUlkeCUyMiUzQTQlMkMlMjJzcmMlMjIlM0ElMjJDb21wbGV0ZSUyME1vZGVsJTIwUmFuZ2UlMjBvZiUyMEQlMjBTZXJpZXMlMjBUdWJ1bGFyJTIwRGllc2VsJTIwUGlsZSUyMERyaXZlciUyMEhhbW1lcnMlMjIlMkMlMjJkc3QlMjIlM0ElMjJEJUU3JUIzJUJCJUU1JTg4JTk3JUU3JUFFJUExJUU3JThBJUI2JUU2JTlGJUI0JUU2JUIyJUI5JUU2JTg5JTkzJUU2JUExJUE5JUU5JTk0JUE0JUU3JTlBJTg0JUU1JUFFJThDJUU2JTk1JUI0JUU1JTlFJThCJUU1JThGJUI3JUU3JUIzJUJCJUU1JTg4JTk3JTIyJTJDJTIybWV0YWRhdGElMjIlM0ElMjIlMjIlMkMlMjJtZXRhRGF0YSUyMiUzQSU1QiU1RCUyQyUyMnRleHQlMjIlM0ElMjJDb21wbGV0ZSUyME1vZGVsJTIyJTdEJTVEJTdEJTVE\">Malli<\/span> D-sarjan paaluvasarat<\/strong><\/p>\n<p>D12: 1,28 tonnia, D16: 1,6 tonnia, D19: 1,82 tonnia, D25: 2,5 tonnia, D30: 3 tonnia, D36: 3,6 tonnia, D46: 4,6 tonnia, D50: 5 tonnia, D62:6.2 tonnia, D80: 80 tonnia, D100: 10 tonnia, D128: 12,8 tonnia, D138: 13,8 tonnia, D160: 16 tonnia, D180: 18 tonnia, D225: 22,5 tonnia, D265: 26,5 tonnia, D320: 32 tonnia, D400: 40 tonnia. \u00a0<span style=\"color: #0000ff;\"><strong><span class=\"null\" data-slate-leaf=\"true\" data-sent-id=\"VpbK2QLMrB\">Saat yksityiskohtaisia tietoja napsauttamalla painiketta \"D-sarjan tiedot\".<\/span><\/strong><\/span><\/p>\n<p><strong>1TP5R\u00e4\u00e4t\u00e4l\u00f6idyt ratkaisut:<\/strong><\/p>\n<p>Insin\u00f6\u00f6ritiimimme voi r\u00e4\u00e4t\u00e4l\u00f6id\u00e4 ratkaisuja <span data-slate-fragment=\"JTVCJTdCJTIydHlwZSUyMiUzQSUyMnBhcmFncmFwaCUyMiUyQyUyMmNoaWxkcmVuJTIyJTNBJTVCJTdCJTIyaWQlMjIlM0ElMjJCdjVScmFXa1B6JTIyJTJDJTIycGFyYUlkeCUyMiUzQTEwJTJDJTIyc3JjJTIyJTNBJTIyT3VyJTIwZW5naW5lZXJpbmclMjB0ZWFtJTIwb2ZmZXJzJTIwY3VzdG9taXplZCUyMHNvbHV0aW9ucyUyMHRhaWxvcmVkJTIwdG8lMjB5b3VyJTIwcHJvamVjdCUyMG5lZWRzLiUyMCUyMiUyQyUyMmRzdCUyMiUzQSUyMiVFNiU4OCU5MSVFNCVCQiVBQyVFNyU5QSU4NCVFNSVCNyVBNSVFNyVBOCU4QiVFNSU5QiVBMiVFOSU5OCU5RiVFNiVBMCVCOSVFNiU4RCVBRSVFNiU4MiVBOCVFNyU5QSU4NCVFOSVBMSVCOSVFNyU5QiVBRSVFOSU5QyU4MCVFNiVCMSU4MiVFNiU4RiU5MCVFNCVCRSU5QiVFNSVBRSU5QSVFNSU4OCVCNiVFNyU5QSU4NCVFOCVBNyVBMyVFNSU4NiVCMyVFNiU5NiVCOSVFNiVBMSU4OCVFMyU4MCU4MiUyMiUyQyUyMm1ldGFkYXRhJTIyJTNBJTIyJTIyJTJDJTIybWV0YURhdGElMjIlM0ElNUIlNUQlMkMlMjJ0ZXh0JTIyJTNBJTIydGFpbG9yZWQlMjB0byUyMHlvdXIlMjBwcm9qZWN0JTIwbmVlZHMlMjIlN0QlNUQlN0QlNUQ=\">r\u00e4\u00e4t\u00e4l\u00f6id\u00e4\u00e4n projektisi tarpeisiin<\/span>. <span data-slate-node=\"text\"><span class=\"null\" data-slate-leaf=\"true\" data-sent-id=\"ej04Roardz\">Toimita meille maaper\u00e4n osoiteraportti, paalutyyppi ja paalutuslaitteiden tekniset tiedot. <\/span><\/span><span data-slate-node=\"text\" data-slate-fragment=\"JTVCJTdCJTIydHlwZSUyMiUzQSUyMnBhcmFncmFwaCUyMiUyQyUyMmNoaWxkcmVuJTIyJTNBJTVCJTdCJTIyaWQlMjIlM0ElMjJlajA0Um9hcmR6JTIyJTJDJTIycGFyYUlkeCUyMiUzQTEwJTJDJTIyc3JjJTIyJTNBJTIyUHJvdmlkZSUyMHVzJTIwd2l0aCUyMGElMjBzb2lsJTIwYWRkcmVzcyUyMHJlcG9ydCUyQyUyMHBpbGUlMjB0eXBlJTJDJTIwYW5kJTIwcGlsZSUyMGRyaXZpbmclMjBlcXVpcG1lbnQlMjBzcGVjaWZpY2F0aW9ucy4lMjAlMjIlMkMlMjJkc3QlMjIlM0ElMjIlRTUlOTAlOTElRTYlODglOTElRTQlQkIlQUMlRTYlOEYlOTAlRTQlQkUlOUIlRTUlOUMlOUYlRTUlQTMlQTQlRTUlOUMlQjAlRTUlOUQlODAlRTYlOEElQTUlRTUlOTElOEElRTMlODAlODElRTYlQTElQTklRTclQjElQkIlRTUlOUUlOEIlRTUlOTIlOEMlRTYlODklOTMlRTYlQTElQTklRTglQUUlQkUlRTUlQTQlODclRTglQTclODQlRTYlQTAlQkMlRTMlODAlODIlMjIlMkMlMjJtZXRhZGF0YSUyMiUzQSUyMiUyMiUyQyUyMm1ldGFEYXRhJTIyJTNBJTVCJTVEJTJDJTIydGV4dCUyMiUzQSUyMlByb3ZpZGUlMjB1cyUyMHdpdGglMjBhJTIwc29pbCUyMGFkZHJlc3MlMjByZXBvcnQlMkMlMjBwaWxlJTIwdHlwZSUyQyUyMGFuZCUyMHBpbGUlMjBkcml2aW5nJTIwZXF1aXBtZW50JTIwc3BlY2lmaWNhdGlvbnMuJTIwJTIyJTdEJTJDJTdCJTIyaWQlMjIlM0ElMjJWTjZtbGE4RDFWJTIyJTJDJTIycGFyYUlkeCUyMiUzQTEwJTJDJTIyc3JjJTIyJTNBJTIyV2UlMjBkZWxpdmVyJTIwYSUyMGNvbXBhdGlibGUlMjBjeWxpbmRlciUyMGhhbW1lciUyMGRlc2lnbmVkJTIwZm9yJTIweW91ciUyMHByb2plY3QuJTIyJTJDJTIyZHN0JTIyJTNBJTIyJUU2JTg4JTkxJUU0JUJCJUFDJUU0JUI4JUJBJUU2JTgyJUE4JUU3JTlBJTg0JUU5JUExJUI5JUU3JTlCJUFFJUU2JThGJTkwJUU0JUJFJTlCJUU1JTg1JUJDJUU1JUFFJUI5JUU3JTlBJTg0JUU1JTlDJTg2JUU3JUFEJTkyJUU5JTk0JUE0JUUzJTgwJTgyJTIyJTJDJTIybWV0YWRhdGElMjIlM0ElMjIlMjIlMkMlMjJtZXRhRGF0YSUyMiUzQSU1QiU1RCUyQyUyMnRleHQlMjIlM0ElMjJXZSUyMGRlbGl2ZXIlMjBhJTIwY29tcGF0aWJsZSUyMGN5bGluZGVyJTIwaGFtbWVyJTIwZGVzaWduZWQlMjBmb3IlMjB5b3VyJTIwcHJvamVjdC4lMjIlN0QlNUQlN0QlNUQ=\"><span class=\"null\" data-slate-leaf=\"true\" data-sent-id=\"VN6mla8D1V\">Toimitamme yhteensopivan vasaran, joka on suunniteltu juuri sinun projektiisi.<\/span><\/span><\/p>\n<p><strong>#<\/strong><strong>Kasan tyyppi:<\/strong><\/p>\n<p><span data-slate-fragment=\"JTVCJTdCJTIydHlwZSUyMiUzQSUyMnBhcmFncmFwaCUyMiUyQyUyMmNoaWxkcmVuJTIyJTNBJTVCJTdCJTIyaWQlMjIlM0ElMjJlbU1LUllacEplJTIyJTJDJTIycGFyYUlkeCUyMiUzQTE0JTJDJTIyc3JjJTIyJTNBJTIyT3VyJTIwaGFtbWVycyUyMGFyZSUyMHN1aXRhYmxlJTIwZm9yJTIwZHJpdmluZyUyMHZhcmlvdXMlMjBwaWxlJTIwdHlwZXMlMkMlMjBpbmNsdWRpbmclMjBwcmVjYXN0JTIwY29uY3JldGUlMjBwaWxlcyUyQyUyMEgtYmVhbXMlMkMlMjBzdGVlbCUyMHBpcGUlMjBwaWxlcyUyQyUyMGNpcmN1bGFyJTIwcGlsZXMlMkMlMjBzcXVhcmUlMjBwaWxlcyUyQyUyMHNoZWV0JTIwcGlsZXMlMkMlMjBhbmQlMjB3b29kZW4lMjBwaWxlcy4lMjIlMkMlMjJkc3QlMjIlM0ElMjIlRTYlODglOTElRTQlQkIlQUMlRTclOUElODQlRTklOTQlQTQlRTUlQUQlOTAlRTklODAlODIlRTclOTQlQTglRTQlQkElOEUlRTYlODklOTMlRTYlQTElQTklRTUlOTAlODQlRTclQTclOEQlRTYlQTElQTklRTUlOUUlOEIlRUYlQkMlOEMlRTUlOEMlODUlRTYlOEIlQUMlRTklQTIlODQlRTUlODglQjYlRTYlQjclQjclRTUlODclOUQlRTUlOUMlOUYlRTYlQTElQTklRTMlODAlODFIJUU1JTlFJThCJUU5JTkyJUEyJUUzJTgwJTgxJUU5JTkyJUEyJUU3JUFFJUExJUU2JUExJUE5JUUzJTgwJTgxJUU1JTlDJTg2JUU1JUJEJUEyJUU2JUExJUE5JUUzJTgwJTgxJUU2JTk2JUI5JUU1JUJEJUEyJUU2JUExJUE5JUUzJTgwJTgxJUU2JTlEJUJGJUU2JUExJUE5JUU1JTkyJThDJUU2JTlDJUE4JUU2JUExJUE5JUUzJTgwJTgyJTIyJTJDJTIybWV0YWRhdGElMjIlM0ElMjIlMjIlMkMlMjJtZXRhRGF0YSUyMiUzQSU1QiU1RCUyQyUyMnRleHQlMjIlM0ElMjJPdXIlMjBoYW1tZXJzJTIwYXJlJTIwc3VpdGFibGUlMjBmb3IlMjBkcml2aW5nJTIwdmFyaW91cyUyMHBpbGUlMjB0eXBlcyUyMiU3RCU1RCU3RCU1RA==\">D-dieselvasaramme soveltuvat erinomaisesti erilaisten paalutyyppien ly\u00f6miseen.<\/span>\u00a0N\u00e4it\u00e4 ovat betonielementtipaalut, H-palkit, ter\u00e4sputkipaalut, py\u00f6re\u00e4t paalut, neli\u00f6paalut, levypaalut, puupaalut jne.<\/p>\n<p><strong>#Ahakemus<\/strong>:<\/p>\n<p><span data-slate-fragment=\"JTVCJTdCJTIydHlwZSUyMiUzQSUyMnBhcmFncmFwaCUyMiUyQyUyMmNoaWxkcmVuJTIyJTNBJTVCJTdCJTIyaWQlMjIlM0ElMjJCNGtLT1E2QVJ6JTIyJTJDJTIycGFyYUlkeCUyMiUzQTE4JTJDJTIyc3JjJTIyJTNBJTIyT3VyJTIwZGllc2VsJTIwaGFtbWVycyUyMGFyZSUyMGlkZWFsJTIwZm9yJTIwb2Zmc2hvcmUlMjBwcm9qZWN0cyUyMHN1Y2glMjBhcyUyMHdpbmQlMjBwb3dlciUyMGdlbmVyYXRpb24lMkMlMjBlbmVyZ3klMkMlMjBicmlkZ2VzJTJDJTIwcG9ydHMlMkMlMjBkb2NrJTIwY29uc3RydWN0aW9uJTJDJTIwYW5kJTIwb2lsJTIwYW5kJTIwZ2FzJTIwZXh0cmFjdGlvbi4lMjAlMjIlMkMlMjJkc3QlMjIlM0ElMjIlRTYlODglOTElRTQlQkIlQUMlRTclOUElODQlRTYlOUYlQjQlRTYlQjIlQjklRTklOTQlQTQlRTYlOTglQUYlRTklQTMlOEUlRTUlOEElOUIlRTUlOEYlOTElRTclOTQlQjUlRTMlODAlODElRTglODMlQkQlRTYlQkElOTAlRTMlODAlODElRTYlQTElQTUlRTYlQTIlODElRTMlODAlODElRTYlQjglQUYlRTUlOEYlQTMlRTMlODAlODElRTclQTAlODElRTUlQTQlQjQlRTUlQkIlQkElRTglQUUlQkUlRTQlQkIlQTUlRTUlOEYlOEElRTclOUYlQjMlRTYlQjIlQjklRTUlOTIlOEMlRTUlQTQlQTklRTclODQlQjYlRTYlQjAlOTQlRTUlQkMlODAlRTklODclODclRTclQUQlODklRTYlQjUlQjclRTQlQjglOEElRTklQTElQjklRTclOUIlQUUlRTclOUElODQlRTclOTAlODYlRTYlODMlQjMlRTklODAlODklRTYlOEIlQTklRTMlODAlODIlMjIlMkMlMjJtZXRhZGF0YSUyMiUzQSUyMiUyMiUyQyUyMm1ldGFEYXRhJTIyJTNBJTVCJTVEJTJDJTIydGV4dCUyMiUzQSUyMk91ciUyMGRpZXNlbCUyMGhhbW1lcnMlMjBhcmUlMjBpZGVhbCUyMGZvciUyMCUyMiU3RCU1RCU3RCU1RA==\">Dieselvasaramme ovat ihanteellisia <\/span>offshore-hankkeet. T\u00e4llaisia ovat esimerkiksi tuulivoimantuotanto, energia, sillat, satamat, telakoiden rakentaminen sek\u00e4 \u00f6ljyn ja kaasun tuotanto. <span data-slate-fragment=\"JTVCJTdCJTIydHlwZSUyMiUzQSUyMnBhcmFncmFwaCUyMiUyQyUyMmNoaWxkcmVuJTIyJTNBJTVCJTdCJTIyaWQlMjIlM0ElMjJWQVlFTzhhbzFWJTIyJTJDJTIycGFyYUlkeCUyMiUzQTE4JTJDJTIyc3JjJTIyJTNBJTIyVGhleSUyMGFyZSUyMGFsc28lMjBzdWl0YWJsZSUyMGZvciUyMHJvYWQlMjBhbmQlMjBjaXZpbCUyMGVuZ2luZWVyaW5nJTIwcHJvamVjdHMlMkMlMjBwdWJsaWMlMjB1dGlsaXRpZXMlMkMlMjBjb2ZmZXJkYW1zJTJDJTIwYnJpZGdlcyUyQyUyMHBob3Rvdm9sdGFpY3MlMkMlMjBhbmQlMjBlbnZpcm9ubWVudGFsJTIwcHJvamVjdHMuJTIwJTIyJTJDJTIyZHN0JTIyJTNBJTIyJUU1JUFFJTgzJUU0JUJCJUFDJUU0JUI5JTlGJUU5JTgwJTgyJUU3JTk0JUE4JUU0JUJBJThFJUU5JTgxJTkzJUU4JUI3JUFGJUU1JTkyJThDJUU1JTlDJTlGJUU2JTlDJUE4JUU1JUI3JUE1JUU3JUE4JThCJUU5JUExJUI5JUU3JTlCJUFFJUUzJTgwJTgxJUU1JTg1JUFDJUU3JTk0JUE4JUU0JUJBJThCJUU0JUI4JTlBJUUzJTgwJTgxJUU1JTlCJUI0JUU1JUEwJUIwJUUzJTgwJTgxJUU2JUExJUE1JUU2JUEyJTgxJUUzJTgwJTgxJUU1JTg1JTg5JUU0JUJDJThGJUU1JTkyJThDJUU3JThFJUFGJUU1JUEyJTgzJUU5JUExJUI5JUU3JTlCJUFFJUUzJTgwJTgyJTIyJTJDJTIybWV0YWRhdGElMjIlM0ElMjIlMjIlMkMlMjJtZXRhRGF0YSUyMiUzQSU1QiU1RCUyQyUyMnRleHQlMjIlM0ElMjJUaGV5JTIwYXJlJTIwYWxzbyUyMHN1aXRhYmxlJTIyJTdEJTVEJTdEJTVE\">Ne soveltuvat my\u00f6s <\/span>tie- ja maarakennushankkeet, yleishy\u00f6dylliset laitokset, yleishy\u00f6dylliset laitokset, sulkupadot, pengersillat, aurinkos\u00e4hk\u00f6 ja ymp\u00e4rist\u00f6. <span style=\"color: #000080;\"><strong>Klikkaa painiketta \"Projektit\" saadaksesi lis\u00e4tietoja!<\/strong><\/span><\/p>\n<p>#<strong>Laitteiden valinta\uff1a<\/strong><\/p>\n<p>Kaivinkone, tela-alustainen nosturi, paalunajuri, paalujohdot ja muut.<\/p>\n<p><strong>1TP5Pakkaus ja kuljetus<\/strong>:<\/p>\n<p>Pakkaus: <span data-slate-fragment=\"JTVCJTdCJTIydHlwZSUyMiUzQSUyMnBhcmFncmFwaCUyMiUyQyUyMmNoaWxkcmVuJTIyJTNBJTVCJTdCJTIyaWQlMjIlM0ElMjJ6eUswRHh2TEtlJTIyJTJDJTIycGFyYUlkeCUyMiUzQTIyJTJDJTIyc3JjJTIyJTNBJTIyUGFja2FnaW5nJTNBJTIwV2UlMjB1c2UlMjBleHBvcnQtc3RhbmRhcmQlMjBzdGVlbCUyMHRyYW5zcG9ydGF0aW9uJTIwdG9vbHMlMjBmb3IlMjBwYWNrYWdpbmcuJTIyJTJDJTIyZHN0JTIyJTNBJTIyJUU1JThDJTg1JUU4JUEzJTg1JUVGJUJDJTlBJUU2JTg4JTkxJUU0JUJCJUFDJUU0JUJEJUJGJUU3JTk0JUE4JUU1JTg3JUJBJUU1JThGJUEzJUU2JUEwJTg3JUU1JTg3JTg2JUU5JTkyJUEyJUU2JTlEJTkwJUU4JUJGJTkwJUU4JUJFJTkzJUU1JUI3JUE1JUU1JTg1JUI3JUU4JUJGJTlCJUU4JUExJThDJUU1JThDJTg1JUU4JUEzJTg1JUUzJTgwJTgyJTIyJTJDJTIybWV0YWRhdGElMjIlM0ElMjIlMjIlMkMlMjJtZXRhRGF0YSUyMiUzQSU1QiU1RCUyQyUyMnRleHQlMjIlM0ElMjJXZSUyMHVzZSUyMGV4cG9ydC1zdGFuZGFyZCUyMHN0ZWVsJTIwdHJhbnNwb3J0YXRpb24lMjB0b29scyUyMGZvciUyMHBhY2thZ2luZyUyMiU3RCU1RCU3RCU1RA==\">K\u00e4yt\u00e4mme pakkaamiseen vientistandardin mukaisia ter\u00e4ksisi\u00e4 kuljetusv\u00e4lineit\u00e4.<\/span><br \/>\nKuljetus: 20GP tai 40GP kontti kuljetus<\/p>\n<p><strong>#Exported moniin maihin<\/strong><\/p>\n<p>T\u00e4t\u00e4 tuotetta vied\u00e4\u00e4n Eurooppaan, Ven\u00e4j\u00e4lle, Kaakkois-Aasiaan, Pohjois-Amerikkaan, Etel\u00e4-Amerikkaan, L\u00e4hi-it\u00e4\u00e4n, Afrikkaan ja muille alueille. (Kuten: Filippiinit, Turkkiye, Indonesia, Thaimaa, Vietnam, Bangladesh, Yhdysvallat, Saudi-Arabia, Ven\u00e4j\u00e4, Australia, Brasilia ja muut maat).<\/p>\n<p><strong>#Spesifikaatiot:<\/strong><\/p>\n<style>\n    .table-container {<br \/>        overflow-x: auto;<br \/>        margin: 0 auto;<br \/>    }<br \/>    table {<br \/>        width: 100%;<br \/>        border-collapse: collapse;<br \/>    }<br \/>    th, td {<br \/>        padding: 8px;<br \/>        border: 1px solid #ddd;<br \/>        text-align: left;<br \/>    }<br \/>    @media screen and (max-width: 600px) {<br \/>        table, thead, tbody, th, td, tr {<br \/>            display: block;<br \/>            width: 100%;<br \/>        }<br \/>        thead tr {<br \/>            display: none;<br \/>        }<br \/>        tr {<br \/>            margin-bottom: 15px;<br \/>        }<br \/>        td {<br \/>            text-align: right;<br \/>            padding-left: 50%;<br \/>            position: relative;<br \/>        }<br \/>        td:before {<br \/>            content: attr(data-label);<br \/>            position: absolute;<br \/>            left: 0;<br \/>            width: 50%;<br \/>            padding-left: 10px;<br \/>            font-weight: bold;<br \/>            text-align: left;<br \/>        }<br \/>    }<br \/><\/style>\n<div class=\"table-container\">\n<table>\n<thead>\n<tr>\n<th>Tekniset tiedot<\/th>\n<th>Tyyppi<\/th>\n<th>D50<\/th>\n<\/tr>\n<\/thead>\n<tbody>\n<tr>\n<td data-label=\"Specifications\">Isku Paino (m\u00e4nt\u00e4)<\/td>\n<td data-label=\"Type\">kg<\/td>\n<td data-label=\"D138\">5000<\/td>\n<\/tr>\n<tr>\n<td data-label=\"Specifications\">Energia iskua kohti<\/td>\n<td data-label=\"Type\">KNm<\/td>\n<td data-label=\"D138\">180~80<\/td>\n<\/tr>\n<tr>\n<td data-label=\"Specifications\">Iskujen m\u00e4\u00e4r\u00e4<\/td>\n<td data-label=\"Type\">min-l<\/td>\n<td data-label=\"D138\">35~52<\/td>\n<\/tr>\n<tr>\n<td data-label=\"Specifications\">Paaluun kohdistuva r\u00e4j\u00e4hdyspaineen voima max.<\/td>\n<td data-label=\"Type\">KN<\/td>\n<td data-label=\"D138\">1770<\/td>\n<\/tr>\n<tr>\n<td data-label=\"Specifications\">Soveltuu paalujen paaluttamiseen jopa<\/td>\n<td data-label=\"Type\">Kg<\/td>\n<td data-label=\"D138\">20000<\/td>\n<\/tr>\n<tr>\n<td data-label=\"Specifications\">Sallittu k\u00f6yden halkaisija laukaisulaitteen ohjainrullalle max.<\/td>\n<td data-label=\"Type\">mm<\/td>\n<td data-label=\"D138\">\u03a625<\/td>\n<\/tr>\n<tr>\n<td data-label=\"Specifications\">Diesel\u00f6ljy<\/td>\n<td data-label=\"Type\">L\/h<\/td>\n<td data-label=\"D138\">17.6<\/td>\n<\/tr>\n<tr>\n<td data-label=\"Specifications\">Voiteluaine<\/td>\n<td data-label=\"Type\">L\/h<\/td>\n<td data-label=\"D138\">3<\/td>\n<\/tr>\n<tr>\n<td data-label=\"Specifications\">Diesel\u00f6ljys\u00e4ili\u00f6<\/td>\n<td data-label=\"Type\">L<\/td>\n<td data-label=\"D138\">83<\/td>\n<\/tr>\n<tr>\n<td data-label=\"Specifications\">Voitelu\u00f6ljys\u00e4ili\u00f6<\/td>\n<td data-label=\"Type\">L<\/td>\n<td data-label=\"D138\">20.9<\/td>\n<\/tr>\n<tr>\n<td data-label=\"Specifications\">Diesel-paaluvasara n.<\/td>\n<td data-label=\"Type\">kg<\/td>\n<td data-label=\"D138\">11400<\/td>\n<\/tr>\n<tr>\n<td data-label=\"Specifications\">Laukaisulaite noin<\/td>\n<td data-label=\"Type\">kg<\/td>\n<td data-label=\"D138\">600<\/td>\n<\/tr>\n<tr>\n<td data-label=\"Specifications\">Kuljetusteline\/teline n.<\/td>\n<td data-label=\"Type\">kg<\/td>\n<td data-label=\"D138\">45<\/td>\n<\/tr>\n<tr>\n<td data-label=\"Specifications\">Kuljetusvartija n.<\/td>\n<td data-label=\"Type\">kg<\/td>\n<td data-label=\"D138\">25<\/td>\n<\/tr>\n<tr>\n<td data-label=\"Specifications\">Ty\u00f6kalulaatikko noin<\/td>\n<td data-label=\"Type\">kg<\/td>\n<td data-label=\"D138\">100<\/td>\n<\/tr>\n<tr>\n<td data-label=\"Specifications\">Dieselpaaluvasaran pituus (a\/al)<\/td>\n<td data-label=\"Type\">mm<\/td>\n<td data-label=\"D138\">5560<\/td>\n<\/tr>\n<tr>\n<td data-label=\"Specifications\">Iskulohkon ulkohalkaisija (b)<\/td>\n<td data-label=\"Type\">mm<\/td>\n<td data-label=\"D138\">\u03a6670<\/td>\n<\/tr>\n<tr>\n<td data-label=\"Specifications\">Kokonaismitat mitattuna ohjausleukojen kiinnitysruuvien yli (c).<\/td>\n<td data-label=\"Type\">mm<\/td>\n<td data-label=\"D138\">900<\/td>\n<\/tr>\n<tr>\n<td data-label=\"Specifications\">Dieselpaaluvasaran leveys (d)<\/td>\n<td data-label=\"Type\">mm<\/td>\n<td data-label=\"D138\">1002<\/td>\n<\/tr>\n<tr>\n<td data-label=\"Specifications\">Leveys ohjainleukojen liitt\u00e4mist\u00e4 varten (e)<\/td>\n<td data-label=\"Type\">mm<\/td>\n<td data-label=\"D138\">660<\/td>\n<\/tr>\n<tr>\n<td data-label=\"Specifications\">Dieselpaaluvasaran keskikohta pumpun suojukseen asti (f)<\/td>\n<td data-label=\"Type\">mm<\/td>\n<td data-label=\"D138\">460<\/td>\n<\/tr>\n<tr>\n<td data-label=\"Specifications\">Diesel-paaluvasaran keskikohta ohjausleukojen kiinnitysruuvin kierteitetyn rei\u00e4n keskikohtaan asti (g).<\/td>\n<td data-label=\"Type\">mm<\/td>\n<td data-label=\"D138\">320<\/td>\n<\/tr>\n<tr>\n<td data-label=\"Specifications\">Diesel-paaluvasaran syvyys (h)<\/td>\n<td data-label=\"Type\">mm<\/td>\n<td data-label=\"D138\">880<\/td>\n<\/tr>\n<tr>\n<td data-label=\"Specifications\">Vakiov\u00e4li Diesel-paaluvasaran keskipisteest\u00e4 lyijyn keskipisteeseen (H) asti<\/td>\n<td data-label=\"Type\">mm<\/td>\n<td data-label=\"D138\">544<\/td>\n<\/tr>\n<tr>\n<td data-label=\"Specifications\">Johtojen leveys (L)<\/td>\n<td data-label=\"Type\">mm<\/td>\n<td data-label=\"D138\">600*(\u03a6102)<\/td>\n<\/tr>\n<\/tbody>\n<\/table>\n<h2>D50 dieselvasara Pakkaus<\/h2>\n<p><img fetchpriority=\"high\" decoding=\"async\" class=\"size-full wp-image-11326\" src=\"https:\/\/www.juweihammer.com\/wp-content\/uploads\/2024\/09\/D-tubular-diesel-hammer-packaging.webp\" alt=\"D putkimainen dieselvasara pakkaus\" width=\"975\" height=\"696\" srcset=\"https:\/\/www.juweihammer.com\/wp-content\/uploads\/2024\/09\/D-tubular-diesel-hammer-packaging.webp 975w, https:\/\/www.juweihammer.com\/wp-content\/uploads\/2024\/09\/D-tubular-diesel-hammer-packaging-768x548.webp 768w, https:\/\/www.juweihammer.com\/wp-content\/uploads\/2024\/09\/D-tubular-diesel-hammer-packaging-18x12.webp 18w, https:\/\/www.juweihammer.com\/wp-content\/uploads\/2024\/09\/D-tubular-diesel-hammer-packaging-600x428.webp 600w\" sizes=\"(max-width: 975px) 100vw, 975px\" \/><\/p>\n<\/div>","protected":false},"excerpt":{"rendered":"<p><span data-slate-node=\"text\">Syvempien perustusten rakennushankkeissa. <\/span><span data-slate-node=\"text\">D-putki dieselvasarat on keskeinen laite. <\/span><span data-slate-node=\"text\">T\u00e4ll\u00e4 paalutuslaitteistolla paalut upotetaan maahan. E<\/span><span data-slate-node=\"text\" data-slate-fragment=\"JTVCJTdCJTIydHlwZSUyMiUzQSUyMnBhcmFncmFwaCUyMiUyQyUyMmNoaWxkcmVuJTIyJTNBJTVCJTdCJTIyaWQlMjIlM0ElMjJCUE1wNWxvMlJlJTIyJTJDJTIycGFyYUlkeCUyMiUzQTAlMkMlMjJzcmMlMjIlM0ElMjJJbiUyMG1vcmUlMjBkZWVwJTIwZm91bmRhdGlvbiUyMGNvbnN0cnVjdGlvbiUyMHByb2plY3RzLiUyMCUyMiUyQyUyMmRzdCUyMiUzQSUyMiVFNSU5QyVBOCVFNiU5QiVCNCVFNiVCNyVCMSVFNSVCMSU4MiVFNyU5QSU4NCVFNSU5RiVCQSVFNyVBMSU4MCVFNSVCQiVCQSVFOCVBRSVCRSVFOSVBMSVCOSVFNyU5QiVBRSVFNCVCOCVBRCVFMyU4MCU4MiUyMiUyQyUyMm1ldGFkYXRhJTIyJTNBJTIyJTIyJTJDJTIybWV0YURhdGElMjIlM0ElNUIlNUQlMkMlMjJ0ZXh0JTIyJTNBJTIySW4lMjBtb3JlJTIwZGVlcCUyMGZvdW5kYXRpb24lMjBjb25zdHJ1Y3Rpb24lMjBwcm9qZWN0cy4lMjAlMjIlN0QlMkMlN0IlMjJpZCUyMiUzQSUyMkJ3Z2tNTldHNUIlMjIlMkMlMjJwYXJhSWR4JTIyJTNBMCUyQyUyMnNyYyUyMiUzQSUyMkQlMjBkaWVzZWwlMjBoYW1tZXJzJTIwaXMlMjBhJTIwa2V5JTIwZXF1aXBtZW50LiUyMCUyMiUyQyUyMmRzdCUyMiUzQSUyMkQlRTUlOUUlOEIlRTYlOUYlQjQlRTYlQjIlQjklRTklOTQlQTQlRTYlOTglQUYlRTQlQjglODAlRTclQTclOEQlRTUlODUlQjMlRTklOTQlQUUlRTglQUUlQkUlRTUlQTQlODclRTMlODAlODIlMjIlMkMlMjJtZXRhZGF0YSUyMiUzQSUyMiUyMiUyQyUyMm1ldGFEYXRhJTIyJTNBJTVCJTVEJTJDJTIydGV4dCUyMiUzQSUyMkQlMjBkaWVzZWwlMjBoYW1tZXJzJTIwaXMlMjBhJTIwa2V5JTIwZXF1aXBtZW50LiUyMCUyMiU3RCUyQyU3QiUyMmlkJTIyJTNBJTIyejlkbll5UXJkViUyMiUyQyUyMnBhcmFJZHglMjIlM0EwJTJDJTIyc3JjJTIyJTNBJTIyVGhpcyUyMHBpbGUlMjBkcml2aW5nJTIwbWFjaGluZSUyMGRyaXZlcyUyMHBpbGVzJTIwaW50byUyMHRoZSUyMGdyb3VuZC4lMjAlMjIlMkMlMjJkc3QlMjIlM0ElMjIlRTglQkYlOTklRTUlOEYlQjAlRTYlODklOTMlRTYlQTElQTklRTYlOUMlQkElRTYlOEElOEElRTYlQTElQTklRTYlODklOTMlRTUlODUlQTUlRTUlOUMlQjAlRTQlQjglOEIlRTMlODAlODIlMjIlMkMlMjJtZXRhZGF0YSUyMiUzQSUyMiUyMiUyQyUyMm1ldGFEYXRhJTIyJTNBJTVCJTVEJTJDJTIydGV4dCUyMiUzQSUyMlRoaXMlMjBwaWxlJTIwZHJpdmluZyUyMG1hY2hpbmUlMjBkcml2ZXMlMjBwaWxlcyUyMGludG8lMjB0aGUlMjBncm91bmQuJTIwJTIyJTdEJTJDJTdCJTIyaWQlMjIlM0ElMjJCYWF3OVptRFlCJTIyJTJDJTIycGFyYUlkeCUyMiUzQTAlMkMlMjJzcmMlMjIlM0ElMjJlbnN1cmluZyUyMHRoZSUyMHN0YWJpbGl0eSUyMG9mJTIwZm91bmRhdGlvbiUyMHN0cnVjdHVyZXMuJTIwJTIyJTJDJTIyZHN0JTIyJTNBJTIyJUU3JUExJUFFJUU0JUJGJTlEJUU1JTlGJUJBJUU3JUExJTgwJUU3JUJCJTkzJUU2JTlFJTg0JUU3JTlBJTg0JUU3JUE4JUIzJUU1JUFFJTlBJUU2JTgwJUE3JUUzJTgwJTgyJTIyJTJDJTIybWV0YWRhdGElMjIlM0ElMjIlMjIlMkMlMjJtZXRhRGF0YSUyMiUzQSU1QiU1RCUyQyUyMnRleHQlMjIlM0ElMjJlbnN1cmluZyUyMHRoZSUyMHN0YWJpbGl0eSUyMG9mJTIwZm91bmRhdGlvbiUyMHN0cnVjdHVyZXMuJTIwJTIyJTdEJTVEJTdEJTVE\">perustamisrakenteiden vakauden varmistaminen. <\/span><\/p>\n<ul>\n<li>Iskupaino (m\u00e4nt\u00e4): Paino: 5 tonnia<\/li>\n<li><span data-slate-fragment=\"JTVCJTdCJTIydHlwZSUyMiUzQSUyMnBhcmFncmFwaCUyMiUyQyUyMmNoaWxkcmVuJTIyJTNBJTVCJTdCJTIyaWQlMjIlM0ElMjJCNGtLdjI1cVl6JTIyJTJDJTIycGFyYUlkeCUyMiUzQTQlMkMlMjJzcmMlMjIlM0ElMjJIaWdoJTIwU3RyaWtpbmclMjBFbmVyZ3klMjIlMkMlMjJkc3QlMjIlM0ElMjIlRTklQUIlOTglRTglODMlQkQlRTglODAlOTclMjIlMkMlMjJtZXRhZGF0YSUyMiUzQSUyMiUyMiUyQyUyMm1ldGFEYXRhJTIyJTNBJTVCJTVEJTJDJTIydGV4dCUyMiUzQSUyMkhpZ2glMjBTdHJpa2luZyUyMEVuZXJneSUyMiU3RCU1RCU3RCU1RA==\">Korkea silmiinpist\u00e4v\u00e4 energia<\/span><\/li>\n<li><span data-slate-fragment=\"JTVCJTdCJTIydHlwZSUyMiUzQSUyMnBhcmFncmFwaCUyMiUyQyUyMmNoaWxkcmVuJTIyJTNBJTVCJTdCJTIyaWQlMjIlM0ElMjJWQVlFM1hMMFBWJTIyJTJDJTIycGFyYUlkeCUyMiUzQTUlMkMlMjJzcmMlMjIlM0ElMjJMb3clMjBGdWVsJTIwQ29uc3VtcHRpb24lMjIlMkMlMjJkc3QlMjIlM0ElMjIlRTclODclODMlRTYlQjIlQjklRTYlQjYlODglRTglODAlOTclRTQlQkQlOEUlMjIlMkMlMjJtZXRhZGF0YSUyMiUzQSUyMiUyMiUyQyUyMm1ldGFEYXRhJTIyJTNBJTVCJTVEJTJDJTIydGV4dCUyMiUzQSUyMkxvdyUyMEZ1ZWwlMjBDb25zdW1wdGlvbiUyMiU3RCU1RCU3RCU1RA==\">Paalutuksen tarkkuus<\/span><\/li>\n<li>Helppo k\u00e4ytt\u00e4\u00e4 ja yll\u00e4pit\u00e4\u00e4<\/li>\n<li><span data-slate-fragment=\"JTVCJTdCJTIydHlwZSUyMiUzQSUyMnBhcmFncmFwaCUyMiUyQyUyMmNoaWxkcmVuJTIyJTNBJTVCJTdCJTIyaWQlMjIlM0ElMjJlNm5BTjJNMERlJTIyJTJDJTIycGFyYUlkeCUyMiUzQTclMkMlMjJzcmMlMjIlM0ElMjJDb21wcmVoZW5zaXZlJTIwUmFuZ2UlMjBvZiUyMFBpbGUlMjBUeXBlcyUyMiUyQyUyMmRzdCUyMiUzQSUyMiVFNiVBMSVBOSVFNyVCMSVCQiVFNSU5RSU4QiVFNyU5QSU4NCVFNSU4NSVBOCVFOSU5RCVBMiVFOCU4QyU4MyVFNSU5QiVCNCUyMiUyQyUyMm1ldGFkYXRhJTIyJTNBJTIyJTIyJTJDJTIybWV0YURhdGElMjIlM0ElNUIlNUQlMkMlMjJ0ZXh0JTIyJTNBJTIyQ29tcHJlaGVuc2l2ZSUyMFJhbmdlJTIwb2YlMjBQaWxlJTIwVHlwZXMlMjIlN0QlNUQlN0QlNUQ=\">OEM Avaliable<\/span><\/li>\n<li><span data-slate-fragment=\"JTVCJTdCJTIydHlwZSUyMiUzQSUyMnBhcmFncmFwaCUyMiUyQyUyMmNoaWxkcmVuJTIyJTNBJTVCJTdCJTIyaWQlMjIlM0ElMjJleHJBOVhSWDl6JTIyJTJDJTIycGFyYUlkeCUyMiUzQTAlMkMlMjJzcmMlMjIlM0ElMjJlbnZpcm9ubWVudC1mcmllbmRseSUyMiUyQyUyMmRzdCUyMiUzQSUyMiVFNyU4RSVBRiVFNSVBMiU4MyVFNSU4RiU4QiVFNSVBNSVCRCVFNyU5QSU4NCUyMiUyQyUyMm1ldGFkYXRhJTIyJTNBJTIyJTIyJTJDJTIybWV0YURhdGElMjIlM0ElNUIlNUQlMkMlMjJ0ZXh0JTIyJTNBJTIyZW52aXJvbm1lbnQtZnJpZW5kbHklMjIlN0QlNUQlN0QlNUQ=\">R\u00e4\u00e4t\u00e4l\u00f6idyt ratkaisut<\/span><\/li>\n<\/ul>","protected":false},"featured_media":2401,"template":"","meta":{"_seopress_robots_primary_cat":"none","_seopress_titles_title":"D225 Largest Pile Diesel Hammers | 22.5ton","_seopress_titles_desc":"D50 diesel hammers is a key equipment in more deep foundation construction projects. This pile driving equipment drives piles into the ground.","_seopress_robots_index":"","site-sidebar-layout":"default","site-content-layout":"","ast-site-content-layout":"default","site-content-style":"default","site-sidebar-style":"default","ast-global-header-display":"","ast-banner-title-visibility":"","ast-main-header-display":"","ast-hfb-above-header-display":"","ast-hfb-below-header-display":"","ast-hfb-mobile-header-display":"","site-post-title":"","ast-breadcrumbs-content":"","ast-featured-img":"","footer-sml-layout":"","theme-transparent-header-meta":"default","adv-header-id-meta":"","stick-header-meta":"","header-above-stick-meta":"","header-main-stick-meta":"","header-below-stick-meta":"","astra-migrate-meta-layouts":"set","ast-page-background-enabled":"default","ast-page-background-meta":{"desktop":{"background-color":"var(--ast-global-color-4)","background-image":"","background-repeat":"repeat","background-position":"center center","background-size":"auto","background-attachment":"scroll","background-type":"","background-media":"","overlay-type":"","overlay-color":"","overlay-opacity":"","overlay-gradient":""},"tablet":{"background-color":"","background-image":"","background-repeat":"repeat","background-position":"center center","background-size":"auto","background-attachment":"scroll","background-type":"","background-media":"","overlay-type":"","overlay-color":"","overlay-opacity":"","overlay-gradient":""},"mobile":{"background-color":"","background-image":"","background-repeat":"repeat","background-position":"center center","background-size":"auto","background-attachment":"scroll","background-type":"","background-media":"","overlay-type":"","overlay-color":"","overlay-opacity":"","overlay-gradient":""}},"ast-content-background-meta":{"desktop":{"background-color":"var(--ast-global-color-5)","background-image":"","background-repeat":"repeat","background-position":"center center","background-size":"auto","background-attachment":"scroll","background-type":"","background-media":"","overlay-type":"","overlay-color":"","overlay-opacity":"","overlay-gradient":""},"tablet":{"background-color":"var(--ast-global-color-5)","background-image":"","background-repeat":"repeat","background-position":"center center","background-size":"auto","background-attachment":"scroll","background-type":"","background-media":"","overlay-type":"","overlay-color":"","overlay-opacity":"","overlay-gradient":""},"mobile":{"background-color":"var(--ast-global-color-5)","background-image":"","background-repeat":"repeat","background-position":"center center","background-size":"auto","background-attachment":"scroll","background-type":"","background-media":"","overlay-type":"","overlay-color":"","overlay-opacity":"","overlay-gradient":""}}},"product_brand":[],"product_cat":[21],"product_tag":[],"class_list":{"0":"post-8219","1":"product","2":"type-product","3":"status-publish","4":"has-post-thumbnail","6":"product_cat-d-diesel-hammer","7":"desktop-align-left","8":"tablet-align-left","9":"mobile-align-left","11":"first","12":"instock","13":"shipping-taxable","14":"product-type-simple"},"_links":{"self":[{"href":"https:\/\/www.juweihammer.com\/fi\/wp-json\/wp\/v2\/product\/8219","targetHints":{"allow":["GET"]}}],"collection":[{"href":"https:\/\/www.juweihammer.com\/fi\/wp-json\/wp\/v2\/product"}],"about":[{"href":"https:\/\/www.juweihammer.com\/fi\/wp-json\/wp\/v2\/types\/product"}],"version-history":[{"count":2,"href":"https:\/\/www.juweihammer.com\/fi\/wp-json\/wp\/v2\/product\/8219\/revisions"}],"predecessor-version":[{"id":11332,"href":"https:\/\/www.juweihammer.com\/fi\/wp-json\/wp\/v2\/product\/8219\/revisions\/11332"}],"wp:featuredmedia":[{"embeddable":true,"href":"https:\/\/www.juweihammer.com\/fi\/wp-json\/wp\/v2\/media\/2401"}],"wp:attachment":[{"href":"https:\/\/www.juweihammer.com\/fi\/wp-json\/wp\/v2\/media?parent=8219"}],"wp:term":[{"taxonomy":"product_brand","embeddable":true,"href":"https:\/\/www.juweihammer.com\/fi\/wp-json\/wp\/v2\/product_brand?post=8219"},{"taxonomy":"product_cat","embeddable":true,"href":"https:\/\/www.juweihammer.com\/fi\/wp-json\/wp\/v2\/product_cat?post=8219"},{"taxonomy":"product_tag","embeddable":true,"href":"https:\/\/www.juweihammer.com\/fi\/wp-json\/wp\/v2\/product_tag?post=8219"}],"curies":[{"name":"wp","href":"https:\/\/api.w.org\/{rel}","templated":true}]}}