{"id":2651,"date":"2024-07-26T06:11:59","date_gmt":"2024-07-26T06:11:59","guid":{"rendered":"https:\/\/www.juweihammer.com\/?post_type=product&#038;p=2651"},"modified":"2025-10-30T06:27:49","modified_gmt":"2025-10-30T06:27:49","slug":"customized-16ton-hydraulic-hammer-piling-machine-with-leads","status":"publish","type":"product","link":"https:\/\/www.juweihammer.com\/fi\/tuote\/customized-16ton-hydraulic-hammer-piling-machine-with-leads\/","title":{"rendered":"Kiina 16ton Hydraulinen vasara paalutuskoneen kanssa johtaa"},"content":{"rendered":"<p><span data-slate-fragment=\"JTVCJTdCJTIydHlwZSUyMiUzQSUyMnBhcmFncmFwaCUyMiUyQyUyMmNoaWxkcmVuJTIyJTNBJTVCJTdCJTIyaWQlMjIlM0ElMjJCWnlwQWdqNVF6JTIyJTJDJTIycGFyYUlkeCUyMiUzQTAlMkMlMjJzcmMlMjIlM0ElMjJKdXdlaSUyMGlzJTIwdGhlJTIwdG9wJTIwMSUyMG1hbnVmYWN0dXJlcnMlMjBhbmQlMjBzdXBwbGllcnMlMjBvZiUyMEREJTIwcmFpbCUyMGhhbW1lcnMlMjBpbiUyMENoaW5hJTIyJTJDJTIyZHN0JTIyJTNBJTIyJUU1JUI3JUE4JUU1JUE4JTgxJUU2JTk4JUFGJUU0JUI4JUFEJUU1JTlCJUJEREQlRTklOTIlQTIlRTglQkQlQTglRTklOTQlQTQlRTclOUElODQlRTclQUMlQUMlRTQlQjglODAlRTUlQTQlQTclRTUlODglQjYlRTklODAlQTAlRTUlOTUlODYlRTUlOTIlOEMlRTQlQkUlOUIlRTUlQkElOTQlRTUlOTUlODYlMjIlMkMlMjJtZXRhZGF0YSUyMiUzQSUyMiUyMiUyQyUyMm1ldGFEYXRhJTIyJTNBJTVCJTVEJTJDJTIydGV4dCUyMiUzQSUyMkp1d2VpJTIwaXMlMjB0aGUlMjB0b3AlMjAxJTIwbWFudWZhY3R1cmVycyUyMGFuZCUyMHN1cHBsaWVycyUyMG9mJTIwREQlMjByYWlsJTIwaGFtbWVycyUyMGluJTIwQ2hpbmElMjIlN0QlNUQlN0QlNUQ=\">Juwei on yksi maailman 10 t\u00e4rkeimm\u00e4st\u00e4 hydraulisen iskuvasaran valmistajasta ja toimittajasta. <\/span>Juwein paalutuslaitteilla on yli 30 vuoden kokemus suunnittelusta, valmistuksesta ja k\u00e4yt\u00f6st\u00e4. <span style=\"color: #0000ff;\"><strong>Klikkaa painiketta \"Factory\" saadaksesi lis\u00e4tietoja!<\/strong><\/span><\/p>\n<p><strong><b>#<\/b><\/strong><strong><b>Energians\u00e4\u00e4st\u00f6 ja ymp\u00e4rist\u00f6nsuojelu<\/b><\/strong><\/p>\n<p>Juwei HI-sarjan hydraulisen iskuvasaran voimanl\u00e4hteen\u00e4 on hydraulinen j\u00e4rjestelm\u00e4, joka mahdollistaa iskuvoiman ja -taajuuden tarkan s\u00e4\u00e4d\u00f6n. Perinteisiin diesel-iskuvasaroihin verrattuna sen melu on v\u00e4h\u00e4ist\u00e4, saastuminen v\u00e4h\u00e4ist\u00e4 ja energiamuunnoksen hy\u00f6tysuhde korkeampi.<\/p>\n<p>S\u00e4hk\u00f6kaappia ohjataan useilla moottoreilla, mik\u00e4 takaa erinomaisen taloudellisen toteutettavuuden, luotettavuuden ja yleisen suorituskyvyn.<\/p>\n<p><strong># <\/strong><strong><b>J\u00e4rjestelm\u00e4n luotettavuus<\/b><\/strong><\/p>\n<p>J\u00e4rjestelm\u00e4 on varustettu korkealaatuisilla hydraulipumppujen, venttiilien ja sylintereiden komponenteilla, jotka toimivat hyvin t\u00e4rin\u00e4nvaimennuksen, iskunkest\u00e4vyyden ja kest\u00e4vyyden osalta ja takaavat korkean luotettavuuden.<\/p>\n<p>Vasaran ydinmateriaali ja l\u00e4mp\u00f6k\u00e4sittely valitaan huolellisesti l\u00e4mp\u00f6tilan kest\u00e4vyyden, kulumiskest\u00e4vyyden, t\u00e4rin\u00e4nvaimennuksen ja iskunkest\u00e4vyyden optimoimiseksi. Korkea- ja matalapaineakussa k\u00e4ytet\u00e4\u00e4n kompaktia m\u00e4nt\u00e4rakennetta, joka parantaa luotettavuutta.<\/p>\n<p><strong>#<\/strong><strong><b>Laaja k\u00e4ytt\u00f6alue<\/b><\/strong><\/p>\n<p>Siin\u00e4 on helposti vaihdettavat komposiittipaalujen suojukset, jotka sopivat erilaisiin paalujen muotoihin ja materiaaleihin. Vasaran iskuvoimaa ja -taajuutta voidaan s\u00e4\u00e4t\u00e4\u00e4 ja hallita geologisten olosuhteiden ja paalumateriaalin lujuuden mukaan.<\/p>\n<p>Hydrauliset paaluvasarat ovat taloudellinen ja ymp\u00e4rist\u00f6yst\u00e4v\u00e4llinen ratkaisu ter\u00e4s- tai betonipaalujen asentamiseen sek\u00e4 maa- ett\u00e4 meriymp\u00e4rist\u00f6iss\u00e4. Niit\u00e4 voidaan k\u00e4ytt\u00e4\u00e4 paalutuskoneilla, nosturijousilla, tela-alustaisilla nostureilla ja proomuilla.<\/p>\n<ul>\n<li>Soveltuu erinomaisesti offshore-hankkeisiin, tuulivoimalaitoksiin, \u00f6ljy- ja kaasulautoille, satamien ja telakoiden rakentamiseen sek\u00e4 offshore-siltoihin.<\/li>\n<li>Soveltuu erilaisiin rakennusten perustuksiin, puutekniikan sulkupatoihin sek\u00e4 julkisiin laitoksiin, kuten voimalaitoksiin ja vedenpuhdistamoihin.<\/li>\n<\/ul>\n<p><span style=\"color: #0000ff;\"><strong>Klikkaa painiketta \"Projekti\" saadaksesi lis\u00e4tietoja!<\/strong><\/span><\/p>\n<p><strong>1TP5Paalutyypit<\/strong><\/p>\n<p>Juwei hydraulinen iskuvasara voi ajaa erityyppisi\u00e4 paaluja, mukaan lukien betonielementtipaalut, H-palkit, py\u00f6re\u00e4t paalut, ter\u00e4sputkipaalut, neli\u00f6paalut, puupaalut jne.<\/p>\n<p><strong>1TP5R\u00e4\u00e4t\u00e4l\u00f6idyt ratkaisut:<\/strong><\/p>\n<p>Insin\u00f6\u00f6ritiimimme voi r\u00e4\u00e4t\u00e4l\u00f6id\u00e4 ratkaisuja projektisi tilanteen mukaan. Paalujen eri tyyppien, kokojen ja maaper\u00e4olosuhteiden vuoksi my\u00f6s vasaroiden vaadittu kantavuus voi vaihdella. Voit toimittaa maaper\u00e4n osoiteraportin, paalutyypin ja paalutuskaluston. Tarjoamme vasarat, jotka ovat yhteensopivia suunnittelun kanssa.<\/p>\n<p><strong>1TP5Pakkaus ja kuljetus<\/strong>:<\/p>\n<p>Pakkaus: Pakkaaminen: K\u00e4ytt\u00e4m\u00e4ll\u00e4 vientistandardin mukaisia ter\u00e4ksisi\u00e4 kuljetusty\u00f6kaluja pakkaamiseen<br \/>\nKuljetus: 20GP tai 40GP kontti kuljetus<\/p>\n<p><strong>#Spesifikaatiot:<\/strong><\/p>\n<div style=\"overflow-x: auto;\">\n<table style=\"border-collapse: collapse; width: 100%;\" border=\"1\" cellspacing=\"0\" cellpadding=\"0\">\n<tbody>\n<tr style=\"height: 20.00pt;\">\n<td style=\"width: 40%;\" align=\"center\"><strong>Tekniset tiedot<\/strong><\/td>\n<td style=\"width: 30%;\" align=\"center\"><strong>Tyyppi<\/strong><\/td>\n<td style=\"width: 30%;\" align=\"center\"><strong>HI-16<\/strong><\/td>\n<\/tr>\n<tr style=\"height: 20.00pt;\">\n<td style=\"width: 40%;\" align=\"center\">Power Pack -malli (valinnainen)<\/td>\n<td style=\"width: 30%;\" align=\"center\">Dieselmoottori\/<br \/>\nS\u00e4hk\u00f6moottori<\/td>\n<td style=\"width: 30%;\" align=\"center\">DP500\/<br \/>\nEP300<\/td>\n<\/tr>\n<tr style=\"height: 20.00pt;\">\n<td style=\"width: 40%;\" align=\"center\">Max.Stroke Energia<\/td>\n<td style=\"width: 30%;\" align=\"center\">kN.m<\/td>\n<td style=\"width: 30%;\" align=\"center\">240<\/td>\n<\/tr>\n<tr style=\"height: 24.00pt;\">\n<td style=\"width: 40%;\" align=\"center\">Max.isku<\/td>\n<td style=\"width: 30%;\" align=\"center\">mm<\/td>\n<td style=\"width: 30%;\" align=\"center\">1500<\/td>\n<\/tr>\n<tr style=\"height: 20.00pt;\">\n<td style=\"width: 40%;\" align=\"center\">Taajuus (Min\/Max)<\/td>\n<td style=\"width: 30%;\" align=\"center\">bpm<\/td>\n<td style=\"width: 30%;\" align=\"center\">30\/80<\/td>\n<\/tr>\n<tr style=\"height: 20.00pt;\">\n<td style=\"width: 40%;\" align=\"center\">Ram Paino<\/td>\n<td style=\"width: 30%;\" align=\"center\">kg<\/td>\n<td style=\"width: 30%;\" align=\"center\">16000<\/td>\n<\/tr>\n<tr style=\"height: 20.00pt;\">\n<td style=\"width: 40%;\" align=\"center\">Kokonaispaino (ilman korkkia)<\/td>\n<td style=\"width: 30%;\" align=\"center\">kg<\/td>\n<td style=\"width: 30%;\" align=\"center\">22650<\/td>\n<\/tr>\n<tr style=\"height: 24.00pt;\">\n<td style=\"width: 40%;\" align=\"center\">Kokonaiskorkeus (ilman korkkia)<\/td>\n<td style=\"width: 30%;\" align=\"center\">mm<\/td>\n<td style=\"width: 30%;\" align=\"center\">5800<\/td>\n<\/tr>\n<tr style=\"height: 20.00pt;\">\n<td style=\"width: 100%; border-right: 1.0pt solid #000000;\" colspan=\"3\" align=\"center\"><strong>Dieselmoottorin tehopaketti Malli: DP500<\/strong><\/td>\n<\/tr>\n<tr style=\"height: 27.00pt;\">\n<td style=\"width: 40%;\" align=\"center\">Dieselmoottorin malli<\/td>\n<td style=\"width: 100%; border-right: 1.0pt solid #000000;\" colspan=\"3\" align=\"center\">CUMMINS-QSNT-C500S30\/WEICHAI-WP13<\/td>\n<\/tr>\n<tr style=\"height: 27.00pt;\">\n<td style=\"width: 40%;\" align=\"center\">Dieselmoottorin teho<\/td>\n<td style=\"width: 30%;\" align=\"center\">KW<\/td>\n<td style=\"width: 30%;\" align=\"center\">373\/390<\/td>\n<\/tr>\n<tr style=\"height: 20.00pt;\">\n<td style=\"width: 40%;\" align=\"center\">Nimellispaine<\/td>\n<td style=\"width: 30%;\" align=\"center\">Mpa<\/td>\n<td style=\"width: 30%;\" align=\"center\">25<\/td>\n<\/tr>\n<tr style=\"height: 15.75pt;\">\n<td style=\"width: 40%;\" align=\"center\">Max.Flow<\/td>\n<td style=\"width: 30%;\" align=\"center\">L\/min<\/td>\n<td style=\"width: 30%;\" align=\"center\">620<\/td>\n<\/tr>\n<tr style=\"height: 15.75pt;\">\n<td style=\"width: 40%;\" align=\"center\">Hydrauli\u00f6ljys\u00e4ili\u00f6<\/td>\n<td style=\"width: 30%;\" align=\"center\">L<\/td>\n<td style=\"width: 30%;\" align=\"center\">2100<\/td>\n<\/tr>\n<tr style=\"height: 15.75pt;\">\n<td style=\"width: 40%;\" align=\"center\">Diesel\u00f6ljys\u00e4ili\u00f6<\/td>\n<td style=\"width: 30%;\" align=\"center\">L<\/td>\n<td style=\"width: 30%;\" align=\"center\">500<\/td>\n<\/tr>\n<tr style=\"height: 15.75pt;\">\n<td style=\"width: 40%;\" align=\"center\">Nettopaino<\/td>\n<td style=\"width: 30%;\" align=\"center\">kg<\/td>\n<td style=\"width: 30%;\" align=\"center\">6850<\/td>\n<\/tr>\n<tr style=\"height: 20.00pt;\">\n<td style=\"width: 100%; border-right: 1.0pt solid #000000;\" colspan=\"3\" align=\"center\"><strong>S\u00e4hk\u00f6moottorin tehopaketti Malli: EP300<\/strong><\/td>\n<\/tr>\n<tr style=\"height: 27.00pt;\">\n<td style=\"width: 40%;\" align=\"center\">Moottorin teho<\/td>\n<td style=\"width: 30%;\" align=\"center\">KW<\/td>\n<td style=\"width: 30%;\" align=\"center\">90\u00d72+55<\/td>\n<\/tr>\n<tr style=\"height: 20.00pt;\">\n<td style=\"width: 40%;\" align=\"center\">Nimellispaine<\/td>\n<td style=\"width: 30%;\" align=\"center\">Mpa<\/td>\n<td style=\"width: 30%;\" align=\"center\">23<\/td>\n<\/tr>\n<tr style=\"height: 15.75pt;\">\n<td style=\"width: 40%;\" align=\"center\">Max.Flow<\/td>\n<td style=\"width: 30%;\" align=\"center\">L\/min<\/td>\n<td style=\"width: 30%;\" align=\"center\">650<\/td>\n<\/tr>\n<tr style=\"height: 15.75pt;\">\n<td style=\"width: 40%;\" align=\"center\">Hydrauli\u00f6ljys\u00e4ili\u00f6<\/td>\n<td style=\"width: 30%;\" align=\"center\">L<\/td>\n<td style=\"width: 30%;\" align=\"center\">2275<\/td>\n<\/tr>\n<tr style=\"height: 15.75pt;\">\n<td style=\"width: 40%;\" align=\"center\">Nettopaino<\/td>\n<td style=\"width: 30%;\" align=\"center\">kg<\/td>\n<td style=\"width: 30%;\" align=\"center\">6570<\/td>\n<\/tr>\n<\/tbody>\n<\/table>\n<\/div>","protected":false},"excerpt":{"rendered":"<p>Juwei HI-sarjan hydraulinen ly\u00f6ntipaaluvasara on rakenteeltaan yksinkertainen, ja se voi nostaa vasaran ytimen hydraulisella energialla ja k\u00e4ytt\u00e4\u00e4 sitten painovoimapotentiaalienergiaa ly\u00f6ntiin paalun p\u00e4\u00e4h\u00e4n.<\/p>\n<ul>\n<li>Malli: HI-16<\/li>\n<li>Ram Paino: 16 tonnia<\/li>\n<li>Max. Energia: 240 kj<\/li>\n<li>Komposiittipaalujen korkkien k\u00e4ytt\u00f6\u00f6notto<\/li>\n<li>Korkea ty\u00f6tehokkuus<\/li>\n<li>Kilpailukykyiset hinnat<\/li>\n<li>Hydraulinen j\u00e4rjestelm\u00e4 tuottaa tehoa<\/li>\n<\/ul>","protected":false},"featured_media":2619,"template":"","meta":{"_seopress_robots_primary_cat":"none","_seopress_titles_title":"Customized 16ton Hydraulic Hammer Piling Machine with Leads","_seopress_titles_desc":"16ton hydraulic hammer piling machine is double acting hammer. Widely exported to North America, Europe, South America, Southeast Asia, Australia and more.","_seopress_robots_index":"","site-sidebar-layout":"default","site-content-layout":"","ast-site-content-layout":"default","site-content-style":"default","site-sidebar-style":"default","ast-global-header-display":"","ast-banner-title-visibility":"","ast-main-header-display":"","ast-hfb-above-header-display":"","ast-hfb-below-header-display":"","ast-hfb-mobile-header-display":"","site-post-title":"","ast-breadcrumbs-content":"","ast-featured-img":"","footer-sml-layout":"","theme-transparent-header-meta":"default","adv-header-id-meta":"","stick-header-meta":"","header-above-stick-meta":"","header-main-stick-meta":"","header-below-stick-meta":"","astra-migrate-meta-layouts":"set","ast-page-background-enabled":"default","ast-page-background-meta":{"desktop":{"background-color":"var(--ast-global-color-4)","background-image":"","background-repeat":"repeat","background-position":"center center","background-size":"auto","background-attachment":"scroll","background-type":"","background-media":"","overlay-type":"","overlay-color":"","overlay-opacity":"","overlay-gradient":""},"tablet":{"background-color":"","background-image":"","background-repeat":"repeat","background-position":"center center","background-size":"auto","background-attachment":"scroll","background-type":"","background-media":"","overlay-type":"","overlay-color":"","overlay-opacity":"","overlay-gradient":""},"mobile":{"background-color":"","background-image":"","background-repeat":"repeat","background-position":"center center","background-size":"auto","background-attachment":"scroll","background-type":"","background-media":"","overlay-type":"","overlay-color":"","overlay-opacity":"","overlay-gradient":""}},"ast-content-background-meta":{"desktop":{"background-color":"var(--ast-global-color-5)","background-image":"","background-repeat":"repeat","background-position":"center center","background-size":"auto","background-attachment":"scroll","background-type":"","background-media":"","overlay-type":"","overlay-color":"","overlay-opacity":"","overlay-gradient":""},"tablet":{"background-color":"var(--ast-global-color-5)","background-image":"","background-repeat":"repeat","background-position":"center center","background-size":"auto","background-attachment":"scroll","background-type":"","background-media":"","overlay-type":"","overlay-color":"","overlay-opacity":"","overlay-gradient":""},"mobile":{"background-color":"var(--ast-global-color-5)","background-image":"","background-repeat":"repeat","background-position":"center center","background-size":"auto","background-attachment":"scroll","background-type":"","background-media":"","overlay-type":"","overlay-color":"","overlay-opacity":"","overlay-gradient":""}}},"product_brand":[],"product_cat":[23],"product_tag":[],"class_list":{"0":"post-2651","1":"product","2":"type-product","3":"status-publish","4":"has-post-thumbnail","6":"product_cat-pile-hydraulic-impact-hammers","7":"desktop-align-left","8":"tablet-align-left","9":"mobile-align-left","11":"first","12":"instock","13":"shipping-taxable","14":"product-type-simple"},"_links":{"self":[{"href":"https:\/\/www.juweihammer.com\/fi\/wp-json\/wp\/v2\/product\/2651","targetHints":{"allow":["GET"]}}],"collection":[{"href":"https:\/\/www.juweihammer.com\/fi\/wp-json\/wp\/v2\/product"}],"about":[{"href":"https:\/\/www.juweihammer.com\/fi\/wp-json\/wp\/v2\/types\/product"}],"version-history":[{"count":6,"href":"https:\/\/www.juweihammer.com\/fi\/wp-json\/wp\/v2\/product\/2651\/revisions"}],"predecessor-version":[{"id":22597,"href":"https:\/\/www.juweihammer.com\/fi\/wp-json\/wp\/v2\/product\/2651\/revisions\/22597"}],"wp:featuredmedia":[{"embeddable":true,"href":"https:\/\/www.juweihammer.com\/fi\/wp-json\/wp\/v2\/media\/2619"}],"wp:attachment":[{"href":"https:\/\/www.juweihammer.com\/fi\/wp-json\/wp\/v2\/media?parent=2651"}],"wp:term":[{"taxonomy":"product_brand","embeddable":true,"href":"https:\/\/www.juweihammer.com\/fi\/wp-json\/wp\/v2\/product_brand?post=2651"},{"taxonomy":"product_cat","embeddable":true,"href":"https:\/\/www.juweihammer.com\/fi\/wp-json\/wp\/v2\/product_cat?post=2651"},{"taxonomy":"product_tag","embeddable":true,"href":"https:\/\/www.juweihammer.com\/fi\/wp-json\/wp\/v2\/product_tag?post=2651"}],"curies":[{"name":"wp","href":"https:\/\/api.w.org\/{rel}","templated":true}]}}