{"id":2367,"date":"2024-07-22T02:11:37","date_gmt":"2024-07-22T02:11:37","guid":{"rendered":"https:\/\/www.juweihammer.com\/?post_type=product&#038;p=2367"},"modified":"2024-11-08T02:38:36","modified_gmt":"2024-11-08T02:38:36","slug":"d25-diesel-pile-driver-hammer","status":"publish","type":"product","link":"https:\/\/www.juweihammer.com\/fi\/tuote\/d25-diesel-pile-driver-hammer\/","title":{"rendered":"D25 Diesel Pile Driver Hammer myyt\u00e4v\u00e4n\u00e4 | OEM saatavilla"},"content":{"rendered":"<p>Juwei on yksi<strong> top 10<\/strong> dieselvasaran valmistajat ja toimittajat maailmanlaajuisesti. Juwein D-sarjan diesel-paaluvasaralla on yli 30 vuoden kokemus suunnittelusta, valmistuksesta ja k\u00e4yt\u00f6st\u00e4. <strong><span style=\"color: #0000ff;\">Klikkaa painiketta \"Factory\" saadaksesi lis\u00e4tietoja!<\/span><\/strong><\/p>\n<p><strong>#Total D-sarjan putkimaisten dieselpaaluvasaroiden kokonaismalli<\/strong><\/p>\n<p>D12, D16, D19, D25, D30, D36, D46, D50, D62, D80, D100, D128, D138, D160, D180, D225, D265, D320, D400. <strong><span style=\"color: #0000ff;\">Klikkaa painiketta \"D-sarjan tiedot\" saadaksesi lis\u00e4tietoja!<\/span><\/strong><\/p>\n<p><strong>1TP5R\u00e4\u00e4t\u00e4l\u00f6idyt ratkaisut:<\/strong><\/p>\n<p>Insin\u00f6\u00f6ritiimimme voi r\u00e4\u00e4t\u00e4l\u00f6id\u00e4 ratkaisuja projektisi tilanteen mukaan. Sinun tarvitsee vain toimittaa maaper\u00e4n osoiteraportti, paalutyyppi ja paalutuskalusto. Me tarjoamme suunnittelun kanssa yhteensopivan sylinterivasaran.<\/p>\n<p><strong>#<\/strong><strong>Kasan tyyppi:<\/strong><\/p>\n<p>Paalutettaviin paalutyyppeihin kuuluvat betonielementtipaalut, H-palkit, ter\u00e4sputkipaalut, py\u00f6re\u00e4t paalut, neli\u00f6paalut, levypaalut, puupaalut jne.<\/p>\n<p><strong>#Ahakemus<\/strong>:<\/p>\n<p>offshore-hankkeisiin kuuluvat tuulivoiman tuotanto, energia, sillat, satamat, telakoiden rakentaminen sek\u00e4 \u00f6ljyn ja kaasun tuotanto. Sit\u00e4 voidaan soveltaa my\u00f6s tie- ja maarakennushankkeisiin, yleishy\u00f6dyllisiin laitoksiin, maanrakennushankkeisiin, kofferdameihin, siltoihin, aurinkos\u00e4hk\u00f6\u00f6n ja ymp\u00e4rist\u00f6\u00f6n. <strong><span style=\"color: #0000ff;\">Klikkaa painiketta \"Projektit\" saadaksesi lis\u00e4tietoja!<\/span><\/strong><\/p>\n<p><strong>1TP5Pakkaus ja kuljetus<\/strong>:<\/p>\n<p>Pakkaus: Pakkaaminen: K\u00e4ytt\u00e4m\u00e4ll\u00e4 vientistandardin mukaisia ter\u00e4ksisi\u00e4 kuljetusty\u00f6kaluja pakkaamiseen<br \/>\nKuljetus: 20GP tai 40GP kontti kuljetus<\/p>\n<p><strong>#Exported moniin maihin<\/strong><\/p>\n<p>T\u00e4t\u00e4 tuotetta vied\u00e4\u00e4n Eurooppaan, Ven\u00e4j\u00e4lle, Kaakkois-Aasiaan, Pohjois-Amerikkaan, Etel\u00e4-Amerikkaan, L\u00e4hi-it\u00e4\u00e4n, Afrikkaan ja muille alueille. (Kuten )<\/p>\n<p><strong>#Spesifikaatiot:<\/strong><\/p>\n<style>\n    .table-container {<br \/>        overflow-x: auto;<br \/>        margin: 0 auto;<br \/>    }<br \/>    table {<br \/>        width: 100%;<br \/>        border-collapse: collapse;<br \/>    }<br \/>    th, td {<br \/>        padding: 8px;<br \/>        border: 1px solid #ddd;<br \/>        text-align: left;<br \/>    }<br \/>    @media screen and (max-width: 600px) {<br \/>        table, thead, tbody, th, td, tr {<br \/>            display: block;<br \/>            width: 100%;<br \/>        }<br \/>        thead tr {<br \/>            display: none;<br \/>        }<br \/>        tr {<br \/>            margin-bottom: 15px;<br \/>        }<br \/>        td {<br \/>            text-align: right;<br \/>            padding-left: 50%;<br \/>            position: relative;<br \/>        }<br \/>        td:before {<br \/>            content: attr(data-label);<br \/>            position: absolute;<br \/>            left: 0;<br \/>            width: 50%;<br \/>            padding-left: 10px;<br \/>            font-weight: bold;<br \/>            text-align: left;<br \/>        }<br \/>    }<br \/><\/style>\n<div class=\"table-container\">\n<table>\n<thead>\n<tr>\n<th>Tekniset tiedot<\/th>\n<th>Tyyppi<\/th>\n<th>D25<\/th>\n<\/tr>\n<\/thead>\n<tbody>\n<tr>\n<td data-label=\"Specifications\">Isku Paino (m\u00e4nt\u00e4)<\/td>\n<td data-label=\"Type\">kg<\/td>\n<td data-label=\"D25\">2500<\/td>\n<\/tr>\n<tr>\n<td data-label=\"Specifications\">Energia iskua kohti<\/td>\n<td data-label=\"Type\">KNm<\/td>\n<td data-label=\"D25\">90.00~39.98<\/td>\n<\/tr>\n<tr>\n<td data-label=\"Specifications\">Iskujen m\u00e4\u00e4r\u00e4<\/td>\n<td data-label=\"Type\">min-l<\/td>\n<td data-label=\"D25\">35~52<\/td>\n<\/tr>\n<tr>\n<td data-label=\"Specifications\">Paaluun kohdistuva r\u00e4j\u00e4hdyspaineen voima max.<\/td>\n<td data-label=\"Type\">KN<\/td>\n<td data-label=\"D25\">1304<\/td>\n<\/tr>\n<tr>\n<td data-label=\"Specifications\">Soveltuu paalujen paaluttamiseen jopa<\/td>\n<td data-label=\"Type\">Kg<\/td>\n<td data-label=\"D25\">7500<\/td>\n<\/tr>\n<tr>\n<td data-label=\"Specifications\">Sallittu k\u00f6yden halkaisija laukaisulaitteen ohjainrullalle max.<\/td>\n<td data-label=\"Type\">mm<\/td>\n<td data-label=\"D25\">\u03a622<\/td>\n<\/tr>\n<tr>\n<td data-label=\"Specifications\">Diesel\u00f6ljy<\/td>\n<td data-label=\"Type\">L\/h<\/td>\n<td data-label=\"D25\">8<\/td>\n<\/tr>\n<tr>\n<td data-label=\"Specifications\">Voiteluaine<\/td>\n<td data-label=\"Type\">L\/h<\/td>\n<td data-label=\"D25\">1<\/td>\n<\/tr>\n<tr>\n<td data-label=\"Specifications\">Diesel\u00f6ljys\u00e4ili\u00f6<\/td>\n<td data-label=\"Type\">L<\/td>\n<td data-label=\"D25\">67<\/td>\n<\/tr>\n<tr>\n<td data-label=\"Specifications\">Voitelu\u00f6ljys\u00e4ili\u00f6<\/td>\n<td data-label=\"Type\">L<\/td>\n<td data-label=\"D25\">19<\/td>\n<\/tr>\n<tr>\n<td data-label=\"Specifications\">Diesel-paaluvasara n.<\/td>\n<td data-label=\"Type\">kg<\/td>\n<td data-label=\"D25\">5330\/ 5810<\/td>\n<\/tr>\n<tr>\n<td data-label=\"Specifications\">Laukaisulaite noin<\/td>\n<td data-label=\"Type\">kg<\/td>\n<td data-label=\"D25\">180<\/td>\n<\/tr>\n<tr>\n<td data-label=\"Specifications\">Kuljetusteline\/teline n.<\/td>\n<td data-label=\"Type\">kg<\/td>\n<td data-label=\"D25\">20<\/td>\n<\/tr>\n<tr>\n<td data-label=\"Specifications\">Kuljetusvartija n.<\/td>\n<td data-label=\"Type\">kg<\/td>\n<td data-label=\"D25\">23<\/td>\n<\/tr>\n<tr>\n<td data-label=\"Specifications\">Ty\u00f6kalulaatikko noin<\/td>\n<td data-label=\"Type\">kg<\/td>\n<td data-label=\"D25\">100<\/td>\n<\/tr>\n<tr>\n<td data-label=\"Specifications\">Dieselpaaluvasaran pituus (a\/al)<\/td>\n<td data-label=\"Type\">mm<\/td>\n<td data-label=\"D25\">5450\/ 6290<\/td>\n<\/tr>\n<tr>\n<td data-label=\"Specifications\">Iskulohkon ulkohalkaisija (b)<\/td>\n<td data-label=\"Type\">mm<\/td>\n<td data-label=\"D25\">560<\/td>\n<\/tr>\n<tr>\n<td data-label=\"Specifications\">Kokonaismitat mitattuna ohjausleukojen kiinnitysruuvien yli (c).<\/td>\n<td data-label=\"Type\">mm<\/td>\n<td data-label=\"D25\">780<\/td>\n<\/tr>\n<tr>\n<td data-label=\"Specifications\">Dieselpaaluvasaran leveys (d)<\/td>\n<td data-label=\"Type\">mm<\/td>\n<td data-label=\"D25\">640<\/td>\n<\/tr>\n<tr>\n<td data-label=\"Specifications\">Leveys ohjainleukojen liitt\u00e4mist\u00e4 varten (e)<\/td>\n<td data-label=\"Type\">mm<\/td>\n<td data-label=\"D25\">540<\/td>\n<\/tr>\n<tr>\n<td data-label=\"Specifications\">Dieselpaaluvasaran keskikohta pumpun suojukseen asti (f)<\/td>\n<td data-label=\"Type\">mm<\/td>\n<td data-label=\"D25\">405<\/td>\n<\/tr>\n<tr>\n<td data-label=\"Specifications\">Diesel-paaluvasaran keskikohta ohjausleukojen kiinnitysruuvin kierteitetyn rei\u00e4n keskikohtaan asti (g).<\/td>\n<td data-label=\"Type\">mm<\/td>\n<td data-label=\"D25\">235<\/td>\n<\/tr>\n<tr>\n<td data-label=\"Specifications\">Diesel-paaluvasaran syvyys (h)<\/td>\n<td data-label=\"Type\">mm<\/td>\n<td data-label=\"D25\">715<\/td>\n<\/tr>\n<tr>\n<td data-label=\"Specifications\">Vakiov\u00e4li Diesel-paaluvasaran keskipisteest\u00e4 lyijyn keskipisteeseen (H) asti<\/td>\n<td data-label=\"Type\">mm<\/td>\n<td data-label=\"D25\">440<\/td>\n<\/tr>\n<tr>\n<td data-label=\"Specifications\">Johtojen leveys (L)<\/td>\n<td data-label=\"Type\">mm<\/td>\n<td data-label=\"D25\">330x(\u03a670)<\/td>\n<\/tr>\n<\/tbody>\n<\/table>\n<h2>D25 Diesel-vasara Pakkaus<\/h2>\n<p><img fetchpriority=\"high\" decoding=\"async\" class=\"size-full wp-image-11326\" src=\"https:\/\/www.juweihammer.com\/wp-content\/uploads\/2024\/09\/D-tubular-diesel-hammer-packaging.webp\" alt=\"D putkimainen dieselvasara pakkaus\" width=\"975\" height=\"696\" srcset=\"https:\/\/www.juweihammer.com\/wp-content\/uploads\/2024\/09\/D-tubular-diesel-hammer-packaging.webp 975w, https:\/\/www.juweihammer.com\/wp-content\/uploads\/2024\/09\/D-tubular-diesel-hammer-packaging-768x548.webp 768w, https:\/\/www.juweihammer.com\/wp-content\/uploads\/2024\/09\/D-tubular-diesel-hammer-packaging-18x12.webp 18w, https:\/\/www.juweihammer.com\/wp-content\/uploads\/2024\/09\/D-tubular-diesel-hammer-packaging-600x428.webp 600w\" sizes=\"(max-width: 975px) 100vw, 975px\" \/><\/p>\n<\/div>","protected":false},"excerpt":{"rendered":"<p>D-sarjan putkimainen diesel-paaluvasara on t\u00e4ll\u00e4 hetkell\u00e4 yleisimmin k\u00e4ytetty paalun ly\u00f6ntipaalun ly\u00f6ntipaalun perustuksen rakennuslaitteisto.<\/p>\n<ul>\n<li>Iskupaino (m\u00e4nt\u00e4): Paino: 2,5 tonnia<\/li>\n<li>Impac Energia: 90~39,98 Kj<\/li>\n<li>OEM <span data-slate-fragment=\"JTVCJTdCJTIydHlwZSUyMiUzQSUyMnBhcmFncmFwaCUyMiUyQyUyMmNoaWxkcmVuJTIyJTNBJTVCJTdCJTIyaWQlMjIlM0ElMjJWMHJtR2R2NjJCJTIyJTJDJTIycGFyYUlkeCUyMiUzQTAlMkMlMjJzcmMlMjIlM0ElMjJhdmFpbGFibGUlMjIlMkMlMjJkc3QlMjIlM0ElMjIlRTUlOEYlQUYlRTglOEUlQjclRTUlQkUlOTclRTclOUElODQlMjIlMkMlMjJtZXRhZGF0YSUyMiUzQSUyMiUyMiUyQyUyMm1ldGFEYXRhJTIyJTNBJTVCJTVEJTJDJTIydGV4dCUyMiUzQSUyMmF2YWlsYWJsZSUyMiU3RCU1RCU3RCU1RA==\">Saatavilla<\/span><\/li>\n<li>R\u00e4\u00e4t\u00e4l\u00f6idyt ratkaisut<\/li>\n<li><span data-slate-fragment=\"JTVCJTdCJTIydHlwZSUyMiUzQSUyMnBhcmFncmFwaCUyMiUyQyUyMmNoaWxkcmVuJTIyJTNBJTVCJTdCJTIyaWQlMjIlM0ElMjJCdjVSOFl3bFd6JTIyJTJDJTIycGFyYUlkeCUyMiUzQTAlMkMlMjJzcmMlMjIlM0ElMjJEdWFsJTIwZnVlbCUyMHB1bXAlMjBzeXN0ZW0lMjIlMkMlMjJkc3QlMjIlM0ElMjIlRTUlOEYlOEMlRTclODclODMlRTYlQjIlQjklRTYlQjMlQjUlRTclQjMlQkIlRTclQkIlOUYlMjIlMkMlMjJtZXRhZGF0YSUyMiUzQSUyMiUyMiUyQyUyMm1ldGFEYXRhJTIyJTNBJTVCJTVEJTJDJTIydGV4dCUyMiUzQSUyMkR1YWwlMjBmdWVsJTIwcHVtcCUyMHN5c3RlbSUyMiU3RCU1RCU3RCU1RA==\">Kahden polttoainepumpun j\u00e4rjestelm\u00e4<\/span><\/li>\n<\/ul>","protected":false},"featured_media":2374,"template":"","meta":{"_seopress_robots_primary_cat":"none","_seopress_titles_title":"China D25 Diesel Pile Driver Hammer for Sale | OEM","_seopress_titles_desc":"The D25 tubular diesel pile hammer is used pile driving foundation construction equipment.\r\nImpact Weight (Piston): 2.5 tons OEM Available. Get Quotes","_seopress_robots_index":"","site-sidebar-layout":"default","site-content-layout":"","ast-site-content-layout":"default","site-content-style":"default","site-sidebar-style":"default","ast-global-header-display":"","ast-banner-title-visibility":"","ast-main-header-display":"","ast-hfb-above-header-display":"","ast-hfb-below-header-display":"","ast-hfb-mobile-header-display":"","site-post-title":"","ast-breadcrumbs-content":"","ast-featured-img":"","footer-sml-layout":"","theme-transparent-header-meta":"default","adv-header-id-meta":"","stick-header-meta":"","header-above-stick-meta":"","header-main-stick-meta":"","header-below-stick-meta":"","astra-migrate-meta-layouts":"set","ast-page-background-enabled":"default","ast-page-background-meta":{"desktop":{"background-color":"var(--ast-global-color-4)","background-image":"","background-repeat":"repeat","background-position":"center center","background-size":"auto","background-attachment":"scroll","background-type":"","background-media":"","overlay-type":"","overlay-color":"","overlay-opacity":"","overlay-gradient":""},"tablet":{"background-color":"","background-image":"","background-repeat":"repeat","background-position":"center center","background-size":"auto","background-attachment":"scroll","background-type":"","background-media":"","overlay-type":"","overlay-color":"","overlay-opacity":"","overlay-gradient":""},"mobile":{"background-color":"","background-image":"","background-repeat":"repeat","background-position":"center center","background-size":"auto","background-attachment":"scroll","background-type":"","background-media":"","overlay-type":"","overlay-color":"","overlay-opacity":"","overlay-gradient":""}},"ast-content-background-meta":{"desktop":{"background-color":"var(--ast-global-color-5)","background-image":"","background-repeat":"repeat","background-position":"center center","background-size":"auto","background-attachment":"scroll","background-type":"","background-media":"","overlay-type":"","overlay-color":"","overlay-opacity":"","overlay-gradient":""},"tablet":{"background-color":"var(--ast-global-color-5)","background-image":"","background-repeat":"repeat","background-position":"center center","background-size":"auto","background-attachment":"scroll","background-type":"","background-media":"","overlay-type":"","overlay-color":"","overlay-opacity":"","overlay-gradient":""},"mobile":{"background-color":"var(--ast-global-color-5)","background-image":"","background-repeat":"repeat","background-position":"center center","background-size":"auto","background-attachment":"scroll","background-type":"","background-media":"","overlay-type":"","overlay-color":"","overlay-opacity":"","overlay-gradient":""}}},"product_brand":[],"product_cat":[21],"product_tag":[],"class_list":{"0":"post-2367","1":"product","2":"type-product","3":"status-publish","4":"has-post-thumbnail","6":"product_cat-d-diesel-hammer","7":"desktop-align-left","8":"tablet-align-left","9":"mobile-align-left","11":"first","12":"instock","13":"shipping-taxable","14":"product-type-simple"},"_links":{"self":[{"href":"https:\/\/www.juweihammer.com\/fi\/wp-json\/wp\/v2\/product\/2367","targetHints":{"allow":["GET"]}}],"collection":[{"href":"https:\/\/www.juweihammer.com\/fi\/wp-json\/wp\/v2\/product"}],"about":[{"href":"https:\/\/www.juweihammer.com\/fi\/wp-json\/wp\/v2\/types\/product"}],"version-history":[{"count":2,"href":"https:\/\/www.juweihammer.com\/fi\/wp-json\/wp\/v2\/product\/2367\/revisions"}],"predecessor-version":[{"id":11347,"href":"https:\/\/www.juweihammer.com\/fi\/wp-json\/wp\/v2\/product\/2367\/revisions\/11347"}],"wp:featuredmedia":[{"embeddable":true,"href":"https:\/\/www.juweihammer.com\/fi\/wp-json\/wp\/v2\/media\/2374"}],"wp:attachment":[{"href":"https:\/\/www.juweihammer.com\/fi\/wp-json\/wp\/v2\/media?parent=2367"}],"wp:term":[{"taxonomy":"product_brand","embeddable":true,"href":"https:\/\/www.juweihammer.com\/fi\/wp-json\/wp\/v2\/product_brand?post=2367"},{"taxonomy":"product_cat","embeddable":true,"href":"https:\/\/www.juweihammer.com\/fi\/wp-json\/wp\/v2\/product_cat?post=2367"},{"taxonomy":"product_tag","embeddable":true,"href":"https:\/\/www.juweihammer.com\/fi\/wp-json\/wp\/v2\/product_tag?post=2367"}],"curies":[{"name":"wp","href":"https:\/\/api.w.org\/{rel}","templated":true}]}}