{"id":2333,"date":"2024-07-19T08:24:04","date_gmt":"2024-07-19T08:24:04","guid":{"rendered":"https:\/\/www.juweihammer.com\/?post_type=product&#038;p=2333"},"modified":"2024-11-08T02:39:12","modified_gmt":"2024-11-08T02:39:12","slug":"china-d19-diesel-pile-hammer-manufacturer-supplier","status":"publish","type":"product","link":"https:\/\/www.juweihammer.com\/fi\/tuote\/china-d19-diesel-pile-hammer-manufacturer-supplier\/","title":{"rendered":"Kiina D19 Diesel Pile Hammer | Valmistaja &amp; toimittaja"},"content":{"rendered":"<p>Juwei on yksi<strong> top 10<\/strong> dieselvasaran valmistajat ja toimittajat maailmanlaajuisesti. Juwein D-sarjan diesel-paaluvasaralla on yli 30 vuoden kokemus suunnittelusta, valmistuksesta ja k\u00e4yt\u00f6st\u00e4. <span style=\"color: #0000ff;\"><strong>Klikkaa painiketta \"Factory\" saadaksesi lis\u00e4tietoja!<\/strong><\/span><\/p>\n<p><strong>1TP5D-sarjan dieselpaaluhampaiden kokonaismalli D-sarjan paaluhampaat<\/strong><\/p>\n<p>D12, D16, D19, D25, D30, D36, D46, D50, D62, D80, D100, D128, D138, D160, D180, D225, D265, D320, D400. <span style=\"color: #0000ff;\"><strong>Klikkaa painiketta \"D-sarjan tiedot\" saadaksesi lis\u00e4tietoja!<\/strong><\/span><\/p>\n<p><strong>1TP5R\u00e4\u00e4t\u00e4l\u00f6idyt ratkaisut:<\/strong><\/p>\n<p>Insin\u00f6\u00f6ritiimimme voi r\u00e4\u00e4t\u00e4l\u00f6id\u00e4 ratkaisuja projektisi tilanteen mukaan. Voit toimittaa maaper\u00e4n osoiteraportin, paalutyypin ja paalutuskaluston. Tarjoamme suunnittelun kanssa yhteensopivan sylinterivasaran.<\/p>\n<p><strong>#<\/strong><strong>Kasan tyyppi:<\/strong><\/p>\n<p>Paalutettaviin paalutyyppeihin kuuluvat betonielementtipaalut, H-palkit, ter\u00e4sputkipaalut, py\u00f6re\u00e4t paalut, neli\u00f6paalut, levypaalut, puupaalut jne.<\/p>\n<p><strong>#Ahakemus<\/strong>:<\/p>\n<p>offshore-hankkeisiin kuuluvat tuulivoiman tuotanto, energia, sillat, satamat, telakoiden rakentaminen sek\u00e4 \u00f6ljyn ja kaasun tuotanto. Sit\u00e4 voidaan soveltaa my\u00f6s tie- ja maarakennushankkeisiin, yleishy\u00f6dyllisiin laitoksiin, maanrakennushankkeisiin, kofferdameihin, siltoihin, aurinkos\u00e4hk\u00f6\u00f6n ja ymp\u00e4rist\u00f6\u00f6n. <span style=\"color: #0000ff;\"><strong>Klikkaa painiketta \"Projektit\" saadaksesi lis\u00e4tietoja!<\/strong><\/span><\/p>\n<p><strong>1TP5Pakkaus ja kuljetus<\/strong>:<\/p>\n<p>Pakkaus: Pakkaaminen: K\u00e4ytt\u00e4m\u00e4ll\u00e4 vientistandardin mukaisia ter\u00e4ksisi\u00e4 kuljetusty\u00f6kaluja pakkaamiseen<br \/>\nKuljetus: 20GP tai 40GP kontti kuljetus<\/p>\n<p><strong>#Exported moniin maihin<\/strong><\/p>\n<p>T\u00e4t\u00e4 tuotetta vied\u00e4\u00e4n Eurooppaan, Ven\u00e4j\u00e4lle, Kaakkois-Aasiaan, Pohjois-Amerikkaan, Etel\u00e4-Amerikkaan, L\u00e4hi-it\u00e4\u00e4n, Afrikkaan ja muille alueille.<\/p>\n<p><strong>#Spesifikaatiot:<\/strong><\/p>\n<style>\n    .table-container {<br \/>        overflow-x: auto;<br \/>        margin: 0 auto;<br \/>    }<br \/>    table {<br \/>        width: 100%;<br \/>        border-collapse: collapse;<br \/>    }<br \/>    th, td {<br \/>        padding: 8px;<br \/>        border: 1px solid #ddd;<br \/>        text-align: left;<br \/>    }<br \/>    @media screen and (max-width: 600px) {<br \/>        table, thead, tbody, th, td, tr {<br \/>            display: block;<br \/>            width: 100%;<br \/>        }<br \/>        thead tr {<br \/>            display: none;<br \/>        }<br \/>        tr {<br \/>            margin-bottom: 15px;<br \/>        }<br \/>        td {<br \/>            text-align: right;<br \/>            padding-left: 50%;<br \/>            position: relative;<br \/>        }<br \/>        td:before {<br \/>            content: attr(data-label);<br \/>            position: absolute;<br \/>            left: 0;<br \/>            width: 50%;<br \/>            padding-left: 10px;<br \/>            font-weight: bold;<br \/>            text-align: left;<br \/>        }<br \/>    }<br \/><\/style>\n<div class=\"table-container\">\n<table>\n<thead>\n<tr>\n<th>Tekniset tiedot<\/th>\n<th>Tyyppi<\/th>\n<th>D19<\/th>\n<\/tr>\n<\/thead>\n<tbody>\n<tr>\n<td data-label=\"Specifications\">Isku Paino (m\u00e4nt\u00e4)<\/td>\n<td data-label=\"Type\">kg<\/td>\n<td data-label=\"D19\">1820<\/td>\n<\/tr>\n<tr>\n<td data-label=\"Specifications\">Energia iskua kohti<\/td>\n<td data-label=\"Type\">KNm<\/td>\n<td data-label=\"D19\">65.52~45.68<\/td>\n<\/tr>\n<tr>\n<td data-label=\"Specifications\">Iskujen m\u00e4\u00e4r\u00e4<\/td>\n<td data-label=\"Type\">min-l<\/td>\n<td data-label=\"D19\">35~42<\/td>\n<\/tr>\n<tr>\n<td data-label=\"Specifications\">Paaluun kohdistuva r\u00e4j\u00e4hdyspaineen voima max.<\/td>\n<td data-label=\"Type\">KN<\/td>\n<td data-label=\"D19\">686<\/td>\n<\/tr>\n<tr>\n<td data-label=\"Specifications\">Soveltuu paalujen paaluttamiseen jopa<\/td>\n<td data-label=\"Type\">Kg<\/td>\n<td data-label=\"D19\">6600<\/td>\n<\/tr>\n<tr>\n<td data-label=\"Specifications\">Sallittu k\u00f6yden halkaisija laukaisulaitteen ohjainrullalle max.<\/td>\n<td data-label=\"Type\">mm<\/td>\n<td data-label=\"D19\">20<\/td>\n<\/tr>\n<tr>\n<td data-label=\"Specifications\">Diesel\u00f6ljy<\/td>\n<td data-label=\"Type\">L\/h<\/td>\n<td data-label=\"D19\">7.5<\/td>\n<\/tr>\n<tr>\n<td data-label=\"Specifications\">Voiteluaine<\/td>\n<td data-label=\"Type\">L\/h<\/td>\n<td data-label=\"D19\">0.6<\/td>\n<\/tr>\n<tr>\n<td data-label=\"Specifications\">Diesel\u00f6ljys\u00e4ili\u00f6<\/td>\n<td data-label=\"Type\">L<\/td>\n<td data-label=\"D19\">32<\/td>\n<\/tr>\n<tr>\n<td data-label=\"Specifications\">Voitelu\u00f6ljys\u00e4ili\u00f6<\/td>\n<td data-label=\"Type\">L<\/td>\n<td data-label=\"D19\">9<\/td>\n<\/tr>\n<tr>\n<td data-label=\"Specifications\">Diesel-paaluvasara n.<\/td>\n<td data-label=\"Type\">kg<\/td>\n<td data-label=\"D19\">3695<\/td>\n<\/tr>\n<tr>\n<td data-label=\"Specifications\">Laukaisulaite noin<\/td>\n<td data-label=\"Type\">kg<\/td>\n<td data-label=\"D19\">100<\/td>\n<\/tr>\n<tr>\n<td data-label=\"Specifications\">Kuljetusteline\/teline n.<\/td>\n<td data-label=\"Type\">kg<\/td>\n<td data-label=\"D19\">11<\/td>\n<\/tr>\n<tr>\n<td data-label=\"Specifications\">Kuljetusvartija n.<\/td>\n<td data-label=\"Type\">kg<\/td>\n<td data-label=\"D19\">15<\/td>\n<\/tr>\n<tr>\n<td data-label=\"Specifications\">Ty\u00f6kalulaatikko noin<\/td>\n<td data-label=\"Type\">kg<\/td>\n<td data-label=\"D19\">75<\/td>\n<\/tr>\n<tr>\n<td data-label=\"Specifications\">Dieselpaaluvasaran pituus (a\/al)<\/td>\n<td data-label=\"Type\">mm<\/td>\n<td data-label=\"D19\">5158<\/td>\n<\/tr>\n<tr>\n<td data-label=\"Specifications\">Iskulohkon ulkohalkaisija (b)<\/td>\n<td data-label=\"Type\">mm<\/td>\n<td data-label=\"D19\">440<\/td>\n<\/tr>\n<tr>\n<td data-label=\"Specifications\">Kokonaismitat mitattuna ohjausleukojen kiinnitysruuvien yli (c).<\/td>\n<td data-label=\"Type\">mm<\/td>\n<td data-label=\"D19\">560<\/td>\n<\/tr>\n<tr>\n<td data-label=\"Specifications\">Dieselpaaluvasaran leveys (d)<\/td>\n<td data-label=\"Type\">mm<\/td>\n<td data-label=\"D19\">485<\/td>\n<\/tr>\n<tr>\n<td data-label=\"Specifications\">Leveys ohjainleukojen liitt\u00e4mist\u00e4 varten (e)<\/td>\n<td data-label=\"Type\">mm<\/td>\n<td data-label=\"D19\">320<\/td>\n<\/tr>\n<tr>\n<td data-label=\"Specifications\">Dieselpaaluvasaran keskikohta pumpun suojukseen asti (f)<\/td>\n<td data-label=\"Type\">mm<\/td>\n<td data-label=\"D19\">345<\/td>\n<\/tr>\n<tr>\n<td data-label=\"Specifications\">Diesel-paaluvasaran keskikohta ohjausleukojen kiinnitysruuvin kierteitetyn rei\u00e4n keskikohtaan asti (g).<\/td>\n<td data-label=\"Type\">mm<\/td>\n<td data-label=\"D19\">280<\/td>\n<\/tr>\n<tr>\n<td data-label=\"Specifications\">Diesel-paaluvasaran syvyys (h)<\/td>\n<td data-label=\"Type\">mm<\/td>\n<td data-label=\"D19\">665<\/td>\n<\/tr>\n<tr>\n<td data-label=\"Specifications\">Vakiov\u00e4li Diesel-paaluvasaran keskipisteest\u00e4 lyijyn keskipisteeseen (H) asti<\/td>\n<td data-label=\"Type\">mm<\/td>\n<td data-label=\"D19\">440<\/td>\n<\/tr>\n<tr>\n<td data-label=\"Specifications\">Johtojen leveys (L)<\/td>\n<td data-label=\"Type\">mm<\/td>\n<td data-label=\"D19\">330x(\u03a670)<\/td>\n<\/tr>\n<\/tbody>\n<\/table>\n<h2>D19-42 Diesel-vasara Pakkaus<\/h2>\n<p><img fetchpriority=\"high\" decoding=\"async\" class=\"size-full wp-image-11326\" src=\"https:\/\/www.juweihammer.com\/wp-content\/uploads\/2024\/09\/D-tubular-diesel-hammer-packaging.webp\" alt=\"D putkimainen dieselvasara pakkaus\" width=\"975\" height=\"696\" srcset=\"https:\/\/www.juweihammer.com\/wp-content\/uploads\/2024\/09\/D-tubular-diesel-hammer-packaging.webp 975w, https:\/\/www.juweihammer.com\/wp-content\/uploads\/2024\/09\/D-tubular-diesel-hammer-packaging-768x548.webp 768w, https:\/\/www.juweihammer.com\/wp-content\/uploads\/2024\/09\/D-tubular-diesel-hammer-packaging-18x12.webp 18w, https:\/\/www.juweihammer.com\/wp-content\/uploads\/2024\/09\/D-tubular-diesel-hammer-packaging-600x428.webp 600w\" sizes=\"(max-width: 975px) 100vw, 975px\" \/><\/p>\n<\/div>","protected":false},"excerpt":{"rendered":"<p>D-sarjan diesel-paaluvasara on t\u00e4ll\u00e4 hetkell\u00e4 yleisimmin k\u00e4ytetty paalun ly\u00f6ntipaalun perustuksen rakennuslaitteisto.<\/p>\n<ul>\n<li>Iskupaino (m\u00e4nt\u00e4): Paino: 1,82 tonnia<\/li>\n<li>Impac-energia: 65,52 ~ 45,68 KJ<\/li>\n<li>Alhainen polttoaineen kulutus<\/li>\n<li><span data-slate-fragment=\"JTVCJTdCJTIydHlwZSUyMiUzQSUyMnBhcmFncmFwaCUyMiUyQyUyMmNoaWxkcmVuJTIyJTNBJTVCJTdCJTIyaWQlMjIlM0ElMjJlM29YZGRuUVllJTIyJTJDJTIycGFyYUlkeCUyMiUzQTAlMkMlMjJzcmMlMjIlM0ElMjJIaWdoJTIwU3RyaWtlJTIwV2ZmaWNpZW5jeSUyMiUyQyUyMmRzdCUyMiUzQSUyMiVFOSVBQiU5OCVFNiU4OSU5MyVFNSU4NyVCQiVFNiU5NSU4OCVFNyU4RSU4NyUyMiUyQyUyMm1ldGFkYXRhJTIyJTNBJTIyJTIyJTJDJTIybWV0YURhdGElMjIlM0ElNUIlNUQlMkMlMjJ0ZXh0JTIyJTNBJTIySGlnaCUyMFN0cmlrZSUyMFdmZmljaWVuY3klMjIlN0QlNUQlN0QlNUQ=\">Korkea lakkotehokkuus<\/span><\/li>\n<li>Pitk\u00e4 k\u00e4ytt\u00f6ik\u00e4<\/li>\n<\/ul>","protected":false},"featured_media":2334,"template":"","meta":{"_seopress_robots_primary_cat":"none","_seopress_titles_title":"China D19 Diesel Pile Hammer Supplier & Manufacturer","_seopress_titles_desc":"D19 tubular diesel pile hammer is widely used pile driving foundation construction equipment. Impact Weight (Piston): 1.82 tons. Get Quotes!","_seopress_robots_index":"","site-sidebar-layout":"default","site-content-layout":"","ast-site-content-layout":"default","site-content-style":"default","site-sidebar-style":"default","ast-global-header-display":"","ast-banner-title-visibility":"","ast-main-header-display":"","ast-hfb-above-header-display":"","ast-hfb-below-header-display":"","ast-hfb-mobile-header-display":"","site-post-title":"","ast-breadcrumbs-content":"","ast-featured-img":"","footer-sml-layout":"","theme-transparent-header-meta":"default","adv-header-id-meta":"","stick-header-meta":"","header-above-stick-meta":"","header-main-stick-meta":"","header-below-stick-meta":"","astra-migrate-meta-layouts":"set","ast-page-background-enabled":"default","ast-page-background-meta":{"desktop":{"background-color":"var(--ast-global-color-4)","background-image":"","background-repeat":"repeat","background-position":"center center","background-size":"auto","background-attachment":"scroll","background-type":"","background-media":"","overlay-type":"","overlay-color":"","overlay-opacity":"","overlay-gradient":""},"tablet":{"background-color":"","background-image":"","background-repeat":"repeat","background-position":"center center","background-size":"auto","background-attachment":"scroll","background-type":"","background-media":"","overlay-type":"","overlay-color":"","overlay-opacity":"","overlay-gradient":""},"mobile":{"background-color":"","background-image":"","background-repeat":"repeat","background-position":"center center","background-size":"auto","background-attachment":"scroll","background-type":"","background-media":"","overlay-type":"","overlay-color":"","overlay-opacity":"","overlay-gradient":""}},"ast-content-background-meta":{"desktop":{"background-color":"var(--ast-global-color-5)","background-image":"","background-repeat":"repeat","background-position":"center center","background-size":"auto","background-attachment":"scroll","background-type":"","background-media":"","overlay-type":"","overlay-color":"","overlay-opacity":"","overlay-gradient":""},"tablet":{"background-color":"var(--ast-global-color-5)","background-image":"","background-repeat":"repeat","background-position":"center center","background-size":"auto","background-attachment":"scroll","background-type":"","background-media":"","overlay-type":"","overlay-color":"","overlay-opacity":"","overlay-gradient":""},"mobile":{"background-color":"var(--ast-global-color-5)","background-image":"","background-repeat":"repeat","background-position":"center center","background-size":"auto","background-attachment":"scroll","background-type":"","background-media":"","overlay-type":"","overlay-color":"","overlay-opacity":"","overlay-gradient":""}}},"product_brand":[],"product_cat":[21],"product_tag":[],"class_list":{"0":"post-2333","1":"product","2":"type-product","3":"status-publish","4":"has-post-thumbnail","6":"product_cat-d-diesel-hammer","7":"desktop-align-left","8":"tablet-align-left","9":"mobile-align-left","11":"first","12":"instock","13":"shipping-taxable","14":"product-type-simple"},"_links":{"self":[{"href":"https:\/\/www.juweihammer.com\/fi\/wp-json\/wp\/v2\/product\/2333","targetHints":{"allow":["GET"]}}],"collection":[{"href":"https:\/\/www.juweihammer.com\/fi\/wp-json\/wp\/v2\/product"}],"about":[{"href":"https:\/\/www.juweihammer.com\/fi\/wp-json\/wp\/v2\/types\/product"}],"version-history":[{"count":2,"href":"https:\/\/www.juweihammer.com\/fi\/wp-json\/wp\/v2\/product\/2333\/revisions"}],"predecessor-version":[{"id":11348,"href":"https:\/\/www.juweihammer.com\/fi\/wp-json\/wp\/v2\/product\/2333\/revisions\/11348"}],"wp:featuredmedia":[{"embeddable":true,"href":"https:\/\/www.juweihammer.com\/fi\/wp-json\/wp\/v2\/media\/2334"}],"wp:attachment":[{"href":"https:\/\/www.juweihammer.com\/fi\/wp-json\/wp\/v2\/media?parent=2333"}],"wp:term":[{"taxonomy":"product_brand","embeddable":true,"href":"https:\/\/www.juweihammer.com\/fi\/wp-json\/wp\/v2\/product_brand?post=2333"},{"taxonomy":"product_cat","embeddable":true,"href":"https:\/\/www.juweihammer.com\/fi\/wp-json\/wp\/v2\/product_cat?post=2333"},{"taxonomy":"product_tag","embeddable":true,"href":"https:\/\/www.juweihammer.com\/fi\/wp-json\/wp\/v2\/product_tag?post=2333"}],"curies":[{"name":"wp","href":"https:\/\/api.w.org\/{rel}","templated":true}]}}