{"id":2577,"date":"2024-07-24T06:19:58","date_gmt":"2024-07-24T06:19:58","guid":{"rendered":"https:\/\/www.juweihammer.com\/?post_type=product&#038;p=2577"},"modified":"2024-11-08T02:43:11","modified_gmt":"2024-11-08T02:43:11","slug":"dd65-6-5ton-diesel-piling-hammer-manufacturer-guide-rod","status":"publish","type":"product","link":"https:\/\/www.juweihammer.com\/es\/producto\/dd65-6-5ton-diesel-piling-hammer-manufacturer-guide-rod\/","title":{"rendered":"DD65 6.5ton Martillo piloteador diesel Fabricante | Varilla gu\u00eda"},"content":{"rendered":"<p><span data-slate-fragment=\"JTVCJTdCJTIydHlwZSUyMiUzQSUyMnBhcmFncmFwaCUyMiUyQyUyMmNoaWxkcmVuJTIyJTNBJTVCJTdCJTIyaWQlMjIlM0ElMjJCWnlwQWdqNVF6JTIyJTJDJTIycGFyYUlkeCUyMiUzQTAlMkMlMjJzcmMlMjIlM0ElMjJKdXdlaSUyMGlzJTIwdGhlJTIwdG9wJTIwMSUyMG1hbnVmYWN0dXJlcnMlMjBhbmQlMjBzdXBwbGllcnMlMjBvZiUyMEREJTIwcmFpbCUyMGhhbW1lcnMlMjBpbiUyMENoaW5hJTIyJTJDJTIyZHN0JTIyJTNBJTIyJUU1JUI3JUE4JUU1JUE4JTgxJUU2JTk4JUFGJUU0JUI4JUFEJUU1JTlCJUJEREQlRTklOTIlQTIlRTglQkQlQTglRTklOTQlQTQlRTclOUElODQlRTclQUMlQUMlRTQlQjglODAlRTUlQTQlQTclRTUlODglQjYlRTklODAlQTAlRTUlOTUlODYlRTUlOTIlOEMlRTQlQkUlOUIlRTUlQkElOTQlRTUlOTUlODYlMjIlMkMlMjJtZXRhZGF0YSUyMiUzQSUyMiUyMiUyQyUyMm1ldGFEYXRhJTIyJTNBJTVCJTVEJTJDJTIydGV4dCUyMiUzQSUyMkp1d2VpJTIwaXMlMjB0aGUlMjB0b3AlMjAxJTIwbWFudWZhY3R1cmVycyUyMGFuZCUyMHN1cHBsaWVycyUyMG9mJTIwREQlMjByYWlsJTIwaGFtbWVycyUyMGluJTIwQ2hpbmElMjIlN0QlNUQlN0QlNUQ=\">Juwei es el l\u00edder 1 fabricantes y proveedores de DD gu\u00eda varilla diesel martillo pilote en China. <\/span>El martillo pil\u00f3n di\u00e9sel de la serie DD de Juwei cuenta con m\u00e1s de 30 a\u00f1os de experiencia en dise\u00f1o, fabricaci\u00f3n y aplicaci\u00f3n. <span style=\"color: #0000ff;\"><strong>Haga clic en el bot\u00f3n \"F\u00e1brica\" para obtener m\u00e1s informaci\u00f3n.<\/strong><\/span><\/p>\n<p><strong>El martillo diesel de varilla gu\u00eda D puede dividirse en los tipos ligero, medio y pesado.<\/strong><\/p>\n<p><strong><b>Modelo de luz #<\/b><\/strong><\/p>\n<p>El modelo incluye: DD4, DD6, DD12, DD18, DD25, DD30<\/p>\n<p>El martillo di\u00e9sel ligero tipo barra gu\u00eda est\u00e1 dise\u00f1ado para hincar pilotes de hormig\u00f3n armado, pilotes met\u00e1licos, pilotes de madera y tablestacas bajo tierra. Este dispositivo multifuncional es crucial en diversas aplicaciones de construcci\u00f3n, incluyendo:<\/p>\n<ul>\n<li>Proyectos de ingenier\u00eda el\u00e9ctrica<\/li>\n<li>Fundaci\u00f3n de la Industria del Petr\u00f3leo y el Gas<\/li>\n<li>Construcci\u00f3n de cimentaciones y plataformas para edificios industriales y civiles<\/li>\n<\/ul>\n<p>Estos equipos de hinca de pilotes suelen instalarse en maquinaria de orugas y ruedas. La modernizaci\u00f3n de gr\u00faas sobre orugas y excavadoras implica la instalaci\u00f3n de pilotes para lograr un funcionamiento eficiente.<\/p>\n<p>Las principales caracter\u00edsticas de este equipo ligero de hinca de pilotes incluyen su enorme fuerza de impacto y sus duraderos anillos de pist\u00f3n. Este martillo se exporta ampliamente a regiones como Rusia, Indonesia, Filipinas, \u00c1frica y el Sudeste Asi\u00e1tico, y su fiabilidad y rendimiento han sido reconocidos.<\/p>\n<p><strong># Modelo mediano<\/strong><\/p>\n<p>El modelo incluye: DD35, DD45, DD55, DD65, DD75, DD85, DD105<\/p>\n<p>El martillo pilote de v\u00e1stago gu\u00eda mediano es adecuado para hincar varios tipos de pilotes, incluyendo pilotes de hormig\u00f3n armado, pilotes de acero, tablestacas, vigas en H, pilotes redondos, pilotes cuadrados y pilotes de madera. Este equipo de hinca de pilotes de tama\u00f1o medio es muy adecuado para estructuras de cimentaci\u00f3n y soporte en los siguientes campos:<\/p>\n<ul>\n<li>Industria petrolera y del gas<\/li>\n<li>Electricidad y energ\u00eda<\/li>\n<li>Industria<\/li>\n<li>ingenier\u00eda civil<\/li>\n<li>ingenier\u00eda hidr\u00e1ulica<\/li>\n<\/ul>\n<p>Este martillo martinete es compatible con gr\u00faas sobre orugas, excavadoras, martinetes con m\u00e1stil, martinetes flotantes y martinetes a pie, y presenta versatilidad y eficacia.<br \/>\nNuestros martillos diesel DD medianos se exportan ampliamente al sudeste asi\u00e1tico, Oriente Medio, Europa, \u00c1frica y Am\u00e9rica del Sur.<\/p>\n<p><strong>Modelo #Heavy<\/strong><\/p>\n<p>El modelo incluye: DD128, DD160, DD180, DD200, DD220, DD300, DD350, DD400, DD450, DD500<\/p>\n<p>El martillo diesel para pilotes DD pesado tiene el componente de impacto m\u00e1s pesado, lo que lo convierte en el equipo m\u00e1s eficaz para las operaciones de hincado de pilotes. Es una opci\u00f3n ideal para los siguientes fines:<\/p>\n<ul>\n<li><span data-slate-fragment=\"JTVCJTdCJTIydHlwZSUyMiUzQSUyMnBhcmFncmFwaCUyMiUyQyUyMmNoaWxkcmVuJTIyJTNBJTVCJTdCJTIyaWQlMjIlM0ElMjJlRU5SazlnUjdWJTIyJTJDJTIycGFyYUlkeCUyMiUzQTElMkMlMjJzcmMlMjIlM0ElMjJPZmZzaG9yZSUyME9wZXJhdGlvbnMlMjIlMkMlMjJkc3QlMjIlM0ElMjJPZmZzaG9yZSUyME9wZXJhdGlvbnMlMjIlMkMlMjJtZXRhZGF0YSUyMiUzQSUyMiUyMiUyQyUyMm1ldGFEYXRhJTIyJTNBJTVCJTVEJTJDJTIydGV4dCUyMiUzQSUyMk9mZnNob3JlJTIwT3BlcmF0aW9ucyUyMiU3RCU1RCU3RCU1RA==\">Operaciones en alta mar<\/span><\/li>\n<li><span data-slate-fragment=\"JTVCJTdCJTIydHlwZSUyMiUzQSUyMnBhcmFncmFwaCUyMiUyQyUyMmNoaWxkcmVuJTIyJTNBJTVCJTdCJTIyaWQlMjIlM0ElMjJCbzEwNjRQMG5WJTIyJTJDJTIycGFyYUlkeCUyMiUzQTIlMkMlMjJzcmMlMjIlM0ElMjJPZmZzaG9yZSUyMERyaWxsaW5nJTIwUGxhdGZvcm1zJTIyJTJDJTIyZHN0JTIyJTNBJTIyT2Zmc2hvcmUlMjBEcmlsbGluZyUyMFBsYXRmb3JtcyUyMiUyQyUyMm1ldGFkYXRhJTIyJTNBJTIyJTIyJTJDJTIybWV0YURhdGElMjIlM0ElNUIlNUQlMkMlMjJ0ZXh0JTIyJTNBJTIyT2Zmc2hvcmUlMjBEcmlsbGluZyUyMFBsYXRmb3JtcyUyMiU3RCU1RCU3RCU1RA==\">Plataformas de perforaci\u00f3n en alta mar<\/span><\/li>\n<li><span data-slate-fragment=\"JTVCJTdCJTIydHlwZSUyMiUzQSUyMnBhcmFncmFwaCUyMiUyQyUyMmNoaWxkcmVuJTIyJTNBJTVCJTdCJTIyaWQlMjIlM0ElMjJWMHJZOW9MWUFCJTIyJTJDJTIycGFyYUlkeCUyMiUzQTMlMkMlMjJzcmMlMjIlM0ElMjJEZWVwd2F0ZXIlMjBQb3J0cyUyMiUyQyUyMmRzdCUyMiUzQSUyMkRlZXB3YXRlciUyMFBvcnRzJTIyJTJDJTIybWV0YWRhdGElMjIlM0ElMjIlMjIlMkMlMjJtZXRhRGF0YSUyMiUzQSU1QiU1RCUyQyUyMnRleHQlMjIlM0ElMjJEZWVwd2F0ZXIlMjBQb3J0cyUyMiU3RCU1RCU3RCU1RA==\">Puertos de aguas profundas<\/span><\/li>\n<li><span data-slate-fragment=\"JTVCJTdCJTIydHlwZSUyMiUzQSUyMnBhcmFncmFwaCUyMiUyQyUyMmNoaWxkcmVuJTIyJTNBJTVCJTdCJTIyaWQlMjIlM0ElMjJlSlJHNGdPR0RlJTIyJTJDJTIycGFyYUlkeCUyMiUzQTQlMkMlMjJzcmMlMjIlM0ElMjJCcmlkZ2UlMjBDb25zdHJ1Y3Rpb24lMjIlMkMlMjJkc3QlMjIlM0ElMjJCcmlkZ2UlMjBDb25zdHJ1Y3Rpb24lMjIlMkMlMjJtZXRhZGF0YSUyMiUzQSUyMiUyMiUyQyUyMm1ldGFEYXRhJTIyJTNBJTVCJTVEJTJDJTIydGV4dCUyMiUzQSUyMkJyaWRnZSUyMENvbnN0cnVjdGlvbiUyMiU3RCU1RCU3RCU1RA==\">Construcci\u00f3n de puentes<\/span><\/li>\n<li><span data-slate-fragment=\"JTVCJTdCJTIydHlwZSUyMiUzQSUyMnBhcmFncmFwaCUyMiUyQyUyMmNoaWxkcmVuJTIyJTNBJTVCJTdCJTIyaWQlMjIlM0ElMjJCWHd5RFBPeTd6JTIyJTJDJTIycGFyYUlkeCUyMiUzQTUlMkMlMjJzcmMlMjIlM0ElMjJCb3RoJTIwVGVycmVzdHJpYWwlMjBhbmQlMjBBcXVhdGljJTIwQnVpbGRpbmclMjBQcm9qZWN0cyUyMiUyQyUyMmRzdCUyMiUzQSUyMkJvdGglMjBUZXJyZXN0cmlhbCUyMGFuZCUyMEFxdWF0aWMlMjBCdWlsZGluZyUyMFByb2plY3RzJTIyJTJDJTIybWV0YWRhdGElMjIlM0ElMjIlMjIlMkMlMjJtZXRhRGF0YSUyMiUzQSU1QiU1RCUyQyUyMnRleHQlMjIlM0ElMjJUZXJyZXN0cmlhbCUyMGFuZCUyMEFxdWF0aWMlMjBCdWlsZGluZyUyMFByb2plY3RzJTIyJTdEJTVEJTdEJTVE\">Proyectos de construcci\u00f3n terrestres y acu\u00e1ticos<\/span><\/li>\n<\/ul>\n<p>Nuestros martillos diesel de alta resistencia son ampliamente utilizados en Am\u00e9rica del Norte, Am\u00e9rica del Sur, Oriente Medio, Asia, \u00c1frica, Europa, Rusia y Turqu\u00eda.<br \/>\nDD-128 y DD-200: equipados con dos carriles gu\u00eda para desplazar los componentes de impacto.<br \/>\nDD-300 y modelos m\u00e1s pesados: mediante cuatro carriles gu\u00eda, se pueden apilar con una inclinaci\u00f3n de 1:3<\/p>\n<p><span style=\"color: #0000ff;\"><strong>Haga clic en el bot\u00f3n \"Detalles de la serie DD\" para obtener m\u00e1s informaci\u00f3n.<\/strong><\/span><\/p>\n<p><strong>1TP5Soluciones personalizadas:<\/strong><\/p>\n<p>Nuestro equipo de ingenieros puede personalizar soluciones basadas en la situaci\u00f3n de su proyecto. Puede proporcionarnos un informe de la direcci\u00f3n del suelo, el tipo de pilote y el equipo de hinca. Proporcionamos un martillo cil\u00edndrico compatible con el dise\u00f1o.<\/p>\n<p><strong>1TP5Envasado y transporte<\/strong>:<\/p>\n<p>Embalaje: Utilizando herramientas de transporte de acero est\u00e1ndar de exportaci\u00f3n para el embalaje<br \/>\nTransporte: transporte en contenedor de 20GP o 40GP<\/p>\n<p><strong>#Specificaci\u00f3n:<\/strong><\/p>\n<style>\n    .table-container {<br \/>        overflow-x: auto;<br \/>        margin: 0 auto;<br \/>    }<br \/>    table {<br \/>        width: 100%;<br \/>        border-collapse: collapse;<br \/>    }<br \/>    th, td {<br \/>        padding: 8px;<br \/>        border: 1px solid #ddd;<br \/>        text-align: left;<br \/>    }<br \/>    @media screen and (max-width: 600px) {<br \/>        table, thead, tbody, th, td, tr {<br \/>            display: block;<br \/>            width: 100%;<br \/>        }<br \/>        thead tr {<br \/>            display: none;<br \/>        }<br \/>        tr {<br \/>            margin-bottom: 15px;<br \/>        }<br \/>        td {<br \/>            text-align: right;<br \/>            padding-left: 50%;<br \/>            position: relative;<br \/>        }<br \/>        td:before {<br \/>            content: attr(data-label);<br \/>            position: absolute;<br \/>            left: 0;<br \/>            width: 50%;<br \/>            padding-left: 10px;<br \/>            font-weight: bold;<br \/>            text-align: left;<br \/>        }<br \/>    }<br \/><\/style>\n<div class=\"table-container\">\n<table>\n<thead>\n<tr>\n<th>Especificaciones<\/th>\n<th>Tipo<\/th>\n<th>DD65<\/th>\n<\/tr>\n<\/thead>\n<tbody>\n<tr>\n<td data-label=\"Specifications\">Cilindro Masa compleja<\/td>\n<td data-label=\"Type\">kg<\/td>\n<td data-label=\"DD25\">6500<\/td>\n<\/tr>\n<tr>\n<td data-label=\"Specifications\">Max. Carrera del cilindro<\/td>\n<td data-label=\"Type\">m<\/td>\n<td data-label=\"DD25\">3<\/td>\n<\/tr>\n<tr>\n<td data-label=\"Specifications\">Frecuencia<\/td>\n<td data-label=\"Type\">min-l<\/td>\n<td data-label=\"DD25\">38~50<\/td>\n<\/tr>\n<tr>\n<td data-label=\"Specifications\">Max. Energ\u00eda<\/td>\n<td data-label=\"Type\">kj<\/td>\n<td data-label=\"DD25\">195<\/td>\n<\/tr>\n<tr>\n<td data-label=\"Specifications\">Consumo de aceite<\/td>\n<td data-label=\"Type\">L\/h<\/td>\n<td data-label=\"DD25\">18<\/td>\n<\/tr>\n<tr>\n<td data-label=\"Specifications\">Fuerza de explosi\u00f3n Pila<\/td>\n<td data-label=\"Type\">KN<\/td>\n<td data-label=\"DD25\">1980<\/td>\n<\/tr>\n<tr>\n<td data-label=\"Specifications\">Ratio de reducci\u00f3n<\/td>\n<td data-label=\"Type\"><\/td>\n<td data-label=\"DD25\">22<\/td>\n<\/tr>\n<tr>\n<td data-label=\"Specifications\">Masa de martillo<\/td>\n<td data-label=\"Type\">kg<\/td>\n<td data-label=\"DD25\">13000<\/td>\n<\/tr>\n<tr>\n<td data-label=\"Specifications\">Gu\u00eda Distancia<\/td>\n<td data-label=\"Type\">mm<\/td>\n<td data-label=\"DD25\">330<\/td>\n<\/tr>\n<\/tbody>\n<\/table>\n<h2>Embalaje del martillo pil\u00f3n diesel DD65<\/h2>\n<p><img fetchpriority=\"high\" decoding=\"async\" class=\"size-full wp-image-11327\" src=\"https:\/\/www.juweihammer.com\/wp-content\/uploads\/2024\/09\/DD-guide-rod-diesel-hammer-packaging.webp\" alt=\"Embalaje del martillo diesel de varilla gu\u00eda DD\" width=\"975\" height=\"696\" srcset=\"https:\/\/www.juweihammer.com\/wp-content\/uploads\/2024\/09\/DD-guide-rod-diesel-hammer-packaging.webp 975w, https:\/\/www.juweihammer.com\/wp-content\/uploads\/2024\/09\/DD-guide-rod-diesel-hammer-packaging-768x548.webp 768w, https:\/\/www.juweihammer.com\/wp-content\/uploads\/2024\/09\/DD-guide-rod-diesel-hammer-packaging-18x12.webp 18w, https:\/\/www.juweihammer.com\/wp-content\/uploads\/2024\/09\/DD-guide-rod-diesel-hammer-packaging-600x428.webp 600w\" sizes=\"(max-width: 975px) 100vw, 975px\" \/><\/p>\n<\/div>","protected":false},"excerpt":{"rendered":"<p>Martillo pil\u00f3n diesel de varilla gu\u00eda serie DD: Es un equipo de hinca de pilotes que funciona utilizando el principio de un motor de combusti\u00f3n interna de dos tiempos.<\/p>\n<ul>\n<li>Masa del complejo de cilindros 6,5 toneladas<\/li>\n<li>Max. Energ\u00eda: 195 kj<\/li>\n<li>Patente Dispositivo de desacoplamiento autom\u00e1tico<\/li>\n<li>Ligero y muy resistente<\/li>\n<li><span data-slate-fragment=\"JTVCJTdCJTIydHlwZSUyMiUzQSUyMnBhcmFncmFwaCUyMiUyQyUyMmNoaWxkcmVuJTIyJTNBJTVCJTdCJTIyaWQlMjIlM0ElMjJWUU9KWW9LM0VCJTIyJTJDJTIycGFyYUlkeCUyMiUzQTAlMkMlMjJzcmMlMjIlM0ElMjJoaWdoJTIwd29yayUyMGVmZmljaWVuY3klMjIlMkMlMjJkc3QlMjIlM0ElMjIlRTUlQjclQTUlRTQlQkQlOUMlRTYlOTUlODglRTclOEUlODclRTklQUIlOTglMjIlMkMlMjJtZXRhZGF0YSUyMiUzQSUyMiUyMiUyQyUyMm1ldGFEYXRhJTIyJTNBJTVCJTVEJTJDJTIydGV4dCUyMiUzQSUyMmhpZ2glMjB3b3JrJTIwZWZmaWNpZW5jeSUyMiU3RCU1RCU3RCU1RA==\">Alta eficiencia laboral<\/span><\/li>\n<\/ul>","protected":false},"featured_media":2524,"template":"","meta":{"_seopress_robots_primary_cat":"none","_seopress_titles_title":"DD65 6.5ton Diesel Piling Hammer Manufacturer - Guide Rod","_seopress_titles_desc":"DD65 6.5ton diesel piling hammer with guide type is suitable for driving concrete piles, steel and sheet piles, H-beams, wooden piles. Get Free Quote!","_seopress_robots_index":"","site-sidebar-layout":"default","site-content-layout":"","ast-site-content-layout":"default","site-content-style":"default","site-sidebar-style":"default","ast-global-header-display":"","ast-banner-title-visibility":"","ast-main-header-display":"","ast-hfb-above-header-display":"","ast-hfb-below-header-display":"","ast-hfb-mobile-header-display":"","site-post-title":"","ast-breadcrumbs-content":"","ast-featured-img":"","footer-sml-layout":"","theme-transparent-header-meta":"default","adv-header-id-meta":"","stick-header-meta":"","header-above-stick-meta":"","header-main-stick-meta":"","header-below-stick-meta":"","astra-migrate-meta-layouts":"set","ast-page-background-enabled":"default","ast-page-background-meta":{"desktop":{"background-color":"var(--ast-global-color-4)","background-image":"","background-repeat":"repeat","background-position":"center center","background-size":"auto","background-attachment":"scroll","background-type":"","background-media":"","overlay-type":"","overlay-color":"","overlay-opacity":"","overlay-gradient":""},"tablet":{"background-color":"","background-image":"","background-repeat":"repeat","background-position":"center center","background-size":"auto","background-attachment":"scroll","background-type":"","background-media":"","overlay-type":"","overlay-color":"","overlay-opacity":"","overlay-gradient":""},"mobile":{"background-color":"","background-image":"","background-repeat":"repeat","background-position":"center center","background-size":"auto","background-attachment":"scroll","background-type":"","background-media":"","overlay-type":"","overlay-color":"","overlay-opacity":"","overlay-gradient":""}},"ast-content-background-meta":{"desktop":{"background-color":"var(--ast-global-color-5)","background-image":"","background-repeat":"repeat","background-position":"center center","background-size":"auto","background-attachment":"scroll","background-type":"","background-media":"","overlay-type":"","overlay-color":"","overlay-opacity":"","overlay-gradient":""},"tablet":{"background-color":"var(--ast-global-color-5)","background-image":"","background-repeat":"repeat","background-position":"center center","background-size":"auto","background-attachment":"scroll","background-type":"","background-media":"","overlay-type":"","overlay-color":"","overlay-opacity":"","overlay-gradient":""},"mobile":{"background-color":"var(--ast-global-color-5)","background-image":"","background-repeat":"repeat","background-position":"center center","background-size":"auto","background-attachment":"scroll","background-type":"","background-media":"","overlay-type":"","overlay-color":"","overlay-opacity":"","overlay-gradient":""}}},"product_brand":[],"product_cat":[22],"product_tag":[],"class_list":{"0":"post-2577","1":"product","2":"type-product","3":"status-publish","4":"has-post-thumbnail","6":"product_cat-dd-guide-rod-diesel-pile-hammer","7":"desktop-align-left","8":"tablet-align-left","9":"mobile-align-left","11":"first","12":"instock","13":"shipping-taxable","14":"product-type-simple"},"_links":{"self":[{"href":"https:\/\/www.juweihammer.com\/es\/wp-json\/wp\/v2\/product\/2577","targetHints":{"allow":["GET"]}}],"collection":[{"href":"https:\/\/www.juweihammer.com\/es\/wp-json\/wp\/v2\/product"}],"about":[{"href":"https:\/\/www.juweihammer.com\/es\/wp-json\/wp\/v2\/types\/product"}],"version-history":[{"count":2,"href":"https:\/\/www.juweihammer.com\/es\/wp-json\/wp\/v2\/product\/2577\/revisions"}],"predecessor-version":[{"id":11353,"href":"https:\/\/www.juweihammer.com\/es\/wp-json\/wp\/v2\/product\/2577\/revisions\/11353"}],"wp:featuredmedia":[{"embeddable":true,"href":"https:\/\/www.juweihammer.com\/es\/wp-json\/wp\/v2\/media\/2524"}],"wp:attachment":[{"href":"https:\/\/www.juweihammer.com\/es\/wp-json\/wp\/v2\/media?parent=2577"}],"wp:term":[{"taxonomy":"product_brand","embeddable":true,"href":"https:\/\/www.juweihammer.com\/es\/wp-json\/wp\/v2\/product_brand?post=2577"},{"taxonomy":"product_cat","embeddable":true,"href":"https:\/\/www.juweihammer.com\/es\/wp-json\/wp\/v2\/product_cat?post=2577"},{"taxonomy":"product_tag","embeddable":true,"href":"https:\/\/www.juweihammer.com\/es\/wp-json\/wp\/v2\/product_tag?post=2577"}],"curies":[{"name":"wp","href":"https:\/\/api.w.org\/{rel}","templated":true}]}}