{"id":2404,"date":"2024-07-22T06:39:15","date_gmt":"2024-07-22T06:39:15","guid":{"rendered":"https:\/\/www.juweihammer.com\/?post_type=product&#038;p=2404"},"modified":"2024-11-08T02:25:34","modified_gmt":"2024-11-08T02:25:34","slug":"d80-tubular-diesel-pile-hammer-supplier-for-sale","status":"publish","type":"product","link":"https:\/\/www.juweihammer.com\/es\/producto\/d80-tubular-diesel-pile-hammer-supplier-for-sale\/","title":{"rendered":"Venta de martillo pil\u00f3n tubular diesel D80"},"content":{"rendered":"<p>Como uno de<strong> los 10 primeros<\/strong> martillo pil\u00f3n diesel fabricantes y proveedores en todo el mundo. El martillo pil\u00f3n di\u00e9sel de la serie D de Juwei cuenta con m\u00e1s de 30 a\u00f1os de experiencia en dise\u00f1o, fabricaci\u00f3n y aplicaci\u00f3n. <span style=\"color: #0000ff;\"><strong>Descubra m\u00e1s sobre nuestra f\u00e1brica haciendo clic en \"F\u00e1brica\".<\/strong><\/span><span style=\"color: #000080;\">!<\/span><\/p>\n<p><strong>#All <span data-slate-fragment=\"JTVCJTdCJTIydHlwZSUyMiUzQSUyMnBhcmFncmFwaCUyMiUyQyUyMmNoaWxkcmVuJTIyJTNBJTVCJTdCJTIyaWQlMjIlM0ElMjJlYk40UmdFcXBlJTIyJTJDJTIycGFyYUlkeCUyMiUzQTQlMkMlMjJzcmMlMjIlM0ElMjJDb21wbGV0ZSUyME1vZGVsJTIwUmFuZ2UlMjBvZiUyMEQlMjBTZXJpZXMlMjBUdWJ1bGFyJTIwRGllc2VsJTIwUGlsZSUyMERyaXZlciUyMEhhbW1lcnMlMjIlMkMlMjJkc3QlMjIlM0ElMjJEJUU3JUIzJUJCJUU1JTg4JTk3JUU3JUFFJUExJUU3JThBJUI2JUU2JTlGJUI0JUU2JUIyJUI5JUU2JTg5JTkzJUU2JUExJUE5JUU5JTk0JUE0JUU3JTlBJTg0JUU1JUFFJThDJUU2JTk1JUI0JUU1JTlFJThCJUU1JThGJUI3JUU3JUIzJUJCJUU1JTg4JTk3JTIyJTJDJTIybWV0YWRhdGElMjIlM0ElMjIlMjIlMkMlMjJtZXRhRGF0YSUyMiUzQSU1QiU1RCUyQyUyMnRleHQlMjIlM0ElMjJDb21wbGV0ZSUyME1vZGVsJTIyJTdEJTVEJTdEJTVE\">Modelo<\/span> de martillos perforadores diesel para pilotes de la serie D<\/strong><\/p>\n<p>D12: 1,28 toneladas, D16: 1,6 toneladas, D19: 1,82 toneladas, D25: 2,5 toneladas, D30: 3 toneladas, D36: 3,6 toneladas, D46: 4,6 toneladas, D50: 5 toneladas, D62:6.2 toneladas, D80: 80 toneladas, D100: 10 toneladas, D128: 12,8 toneladas, D138: 13,8 toneladas, D160: 16 toneladas, D180: 18 toneladas, D225: 22,5 toneladas, D265: 26,5 toneladas, D320: 32 toneladas, D400: 40 toneladas. \u00a0<span style=\"color: #0000ff;\"><strong><span class=\"null\" data-slate-leaf=\"true\" data-sent-id=\"VpbK2QLMrB\">Para obtener informaci\u00f3n detallada, haga clic en el bot\u00f3n \"Detalles de la serie D\".<\/span><\/strong><\/span><\/p>\n<p><strong>1TP5Soluciones personalizadas:<\/strong><\/p>\n<p>Nuestro equipo de ingenieros puede personalizar soluciones <span data-slate-fragment=\"JTVCJTdCJTIydHlwZSUyMiUzQSUyMnBhcmFncmFwaCUyMiUyQyUyMmNoaWxkcmVuJTIyJTNBJTVCJTdCJTIyaWQlMjIlM0ElMjJCdjVScmFXa1B6JTIyJTJDJTIycGFyYUlkeCUyMiUzQTEwJTJDJTIyc3JjJTIyJTNBJTIyT3VyJTIwZW5naW5lZXJpbmclMjB0ZWFtJTIwb2ZmZXJzJTIwY3VzdG9taXplZCUyMHNvbHV0aW9ucyUyMHRhaWxvcmVkJTIwdG8lMjB5b3VyJTIwcHJvamVjdCUyMG5lZWRzLiUyMCUyMiUyQyUyMmRzdCUyMiUzQSUyMiVFNiU4OCU5MSVFNCVCQiVBQyVFNyU5QSU4NCVFNSVCNyVBNSVFNyVBOCU4QiVFNSU5QiVBMiVFOSU5OCU5RiVFNiVBMCVCOSVFNiU4RCVBRSVFNiU4MiVBOCVFNyU5QSU4NCVFOSVBMSVCOSVFNyU5QiVBRSVFOSU5QyU4MCVFNiVCMSU4MiVFNiU4RiU5MCVFNCVCRSU5QiVFNSVBRSU5QSVFNSU4OCVCNiVFNyU5QSU4NCVFOCVBNyVBMyVFNSU4NiVCMyVFNiU5NiVCOSVFNiVBMSU4OCVFMyU4MCU4MiUyMiUyQyUyMm1ldGFkYXRhJTIyJTNBJTIyJTIyJTJDJTIybWV0YURhdGElMjIlM0ElNUIlNUQlMkMlMjJ0ZXh0JTIyJTNBJTIydGFpbG9yZWQlMjB0byUyMHlvdXIlMjBwcm9qZWN0JTIwbmVlZHMlMjIlN0QlNUQlN0QlNUQ=\">adaptado a las necesidades de su proyecto<\/span>. <span data-slate-node=\"text\"><span class=\"null\" data-slate-leaf=\"true\" data-sent-id=\"ej04Roardz\">Facil\u00edtenos un informe sobre la direcci\u00f3n del suelo, el tipo de pilote y las especificaciones del equipo de hinca. <\/span><\/span><span data-slate-node=\"text\" data-slate-fragment=\"JTVCJTdCJTIydHlwZSUyMiUzQSUyMnBhcmFncmFwaCUyMiUyQyUyMmNoaWxkcmVuJTIyJTNBJTVCJTdCJTIyaWQlMjIlM0ElMjJlajA0Um9hcmR6JTIyJTJDJTIycGFyYUlkeCUyMiUzQTEwJTJDJTIyc3JjJTIyJTNBJTIyUHJvdmlkZSUyMHVzJTIwd2l0aCUyMGElMjBzb2lsJTIwYWRkcmVzcyUyMHJlcG9ydCUyQyUyMHBpbGUlMjB0eXBlJTJDJTIwYW5kJTIwcGlsZSUyMGRyaXZpbmclMjBlcXVpcG1lbnQlMjBzcGVjaWZpY2F0aW9ucy4lMjAlMjIlMkMlMjJkc3QlMjIlM0ElMjIlRTUlOTAlOTElRTYlODglOTElRTQlQkIlQUMlRTYlOEYlOTAlRTQlQkUlOUIlRTUlOUMlOUYlRTUlQTMlQTQlRTUlOUMlQjAlRTUlOUQlODAlRTYlOEElQTUlRTUlOTElOEElRTMlODAlODElRTYlQTElQTklRTclQjElQkIlRTUlOUUlOEIlRTUlOTIlOEMlRTYlODklOTMlRTYlQTElQTklRTglQUUlQkUlRTUlQTQlODclRTglQTclODQlRTYlQTAlQkMlRTMlODAlODIlMjIlMkMlMjJtZXRhZGF0YSUyMiUzQSUyMiUyMiUyQyUyMm1ldGFEYXRhJTIyJTNBJTVCJTVEJTJDJTIydGV4dCUyMiUzQSUyMlByb3ZpZGUlMjB1cyUyMHdpdGglMjBhJTIwc29pbCUyMGFkZHJlc3MlMjByZXBvcnQlMkMlMjBwaWxlJTIwdHlwZSUyQyUyMGFuZCUyMHBpbGUlMjBkcml2aW5nJTIwZXF1aXBtZW50JTIwc3BlY2lmaWNhdGlvbnMuJTIwJTIyJTdEJTJDJTdCJTIyaWQlMjIlM0ElMjJWTjZtbGE4RDFWJTIyJTJDJTIycGFyYUlkeCUyMiUzQTEwJTJDJTIyc3JjJTIyJTNBJTIyV2UlMjBkZWxpdmVyJTIwYSUyMGNvbXBhdGlibGUlMjBjeWxpbmRlciUyMGhhbW1lciUyMGRlc2lnbmVkJTIwZm9yJTIweW91ciUyMHByb2plY3QuJTIyJTJDJTIyZHN0JTIyJTNBJTIyJUU2JTg4JTkxJUU0JUJCJUFDJUU0JUI4JUJBJUU2JTgyJUE4JUU3JTlBJTg0JUU5JUExJUI5JUU3JTlCJUFFJUU2JThGJTkwJUU0JUJFJTlCJUU1JTg1JUJDJUU1JUFFJUI5JUU3JTlBJTg0JUU1JTlDJTg2JUU3JUFEJTkyJUU5JTk0JUE0JUUzJTgwJTgyJTIyJTJDJTIybWV0YWRhdGElMjIlM0ElMjIlMjIlMkMlMjJtZXRhRGF0YSUyMiUzQSU1QiU1RCUyQyUyMnRleHQlMjIlM0ElMjJXZSUyMGRlbGl2ZXIlMjBhJTIwY29tcGF0aWJsZSUyMGN5bGluZGVyJTIwaGFtbWVyJTIwZGVzaWduZWQlMjBmb3IlMjB5b3VyJTIwcHJvamVjdC4lMjIlN0QlNUQlN0QlNUQ=\"><span class=\"null\" data-slate-leaf=\"true\" data-sent-id=\"VN6mla8D1V\">Le entregamos un martillo compatible dise\u00f1ado para su proyecto.<\/span><\/span><\/p>\n<p><strong>#<\/strong><strong>Tipo de pelo:<\/strong><\/p>\n<p><span data-slate-fragment=\"JTVCJTdCJTIydHlwZSUyMiUzQSUyMnBhcmFncmFwaCUyMiUyQyUyMmNoaWxkcmVuJTIyJTNBJTVCJTdCJTIyaWQlMjIlM0ElMjJlbU1LUllacEplJTIyJTJDJTIycGFyYUlkeCUyMiUzQTE0JTJDJTIyc3JjJTIyJTNBJTIyT3VyJTIwaGFtbWVycyUyMGFyZSUyMHN1aXRhYmxlJTIwZm9yJTIwZHJpdmluZyUyMHZhcmlvdXMlMjBwaWxlJTIwdHlwZXMlMkMlMjBpbmNsdWRpbmclMjBwcmVjYXN0JTIwY29uY3JldGUlMjBwaWxlcyUyQyUyMEgtYmVhbXMlMkMlMjBzdGVlbCUyMHBpcGUlMjBwaWxlcyUyQyUyMGNpcmN1bGFyJTIwcGlsZXMlMkMlMjBzcXVhcmUlMjBwaWxlcyUyQyUyMHNoZWV0JTIwcGlsZXMlMkMlMjBhbmQlMjB3b29kZW4lMjBwaWxlcy4lMjIlMkMlMjJkc3QlMjIlM0ElMjIlRTYlODglOTElRTQlQkIlQUMlRTclOUElODQlRTklOTQlQTQlRTUlQUQlOTAlRTklODAlODIlRTclOTQlQTglRTQlQkElOEUlRTYlODklOTMlRTYlQTElQTklRTUlOTAlODQlRTclQTclOEQlRTYlQTElQTklRTUlOUUlOEIlRUYlQkMlOEMlRTUlOEMlODUlRTYlOEIlQUMlRTklQTIlODQlRTUlODglQjYlRTYlQjclQjclRTUlODclOUQlRTUlOUMlOUYlRTYlQTElQTklRTMlODAlODFIJUU1JTlFJThCJUU5JTkyJUEyJUUzJTgwJTgxJUU5JTkyJUEyJUU3JUFFJUExJUU2JUExJUE5JUUzJTgwJTgxJUU1JTlDJTg2JUU1JUJEJUEyJUU2JUExJUE5JUUzJTgwJTgxJUU2JTk2JUI5JUU1JUJEJUEyJUU2JUExJUE5JUUzJTgwJTgxJUU2JTlEJUJGJUU2JUExJUE5JUU1JTkyJThDJUU2JTlDJUE4JUU2JUExJUE5JUUzJTgwJTgyJTIyJTJDJTIybWV0YWRhdGElMjIlM0ElMjIlMjIlMkMlMjJtZXRhRGF0YSUyMiUzQSU1QiU1RCUyQyUyMnRleHQlMjIlM0ElMjJPdXIlMjBoYW1tZXJzJTIwYXJlJTIwc3VpdGFibGUlMjBmb3IlMjBkcml2aW5nJTIwdmFyaW91cyUyMHBpbGUlMjB0eXBlcyUyMiU3RCU1RCU3RCU1RA==\">Nuestros martillos son ideales para hincar diversos tipos de pilotes,<\/span> Incluyen pilotes prefabricados de hormig\u00f3n, vigas en H, pilotes de tubos de acero, pilotes circulares, pilotes cuadrados, tablestacas, pilotes de madera, etc.<\/p>\n<p><strong>#Aplicaci\u00f3n<\/strong>:<\/p>\n<p><span data-slate-fragment=\"JTVCJTdCJTIydHlwZSUyMiUzQSUyMnBhcmFncmFwaCUyMiUyQyUyMmNoaWxkcmVuJTIyJTNBJTVCJTdCJTIyaWQlMjIlM0ElMjJCNGtLT1E2QVJ6JTIyJTJDJTIycGFyYUlkeCUyMiUzQTE4JTJDJTIyc3JjJTIyJTNBJTIyT3VyJTIwZGllc2VsJTIwaGFtbWVycyUyMGFyZSUyMGlkZWFsJTIwZm9yJTIwb2Zmc2hvcmUlMjBwcm9qZWN0cyUyMHN1Y2glMjBhcyUyMHdpbmQlMjBwb3dlciUyMGdlbmVyYXRpb24lMkMlMjBlbmVyZ3klMkMlMjBicmlkZ2VzJTJDJTIwcG9ydHMlMkMlMjBkb2NrJTIwY29uc3RydWN0aW9uJTJDJTIwYW5kJTIwb2lsJTIwYW5kJTIwZ2FzJTIwZXh0cmFjdGlvbi4lMjAlMjIlMkMlMjJkc3QlMjIlM0ElMjIlRTYlODglOTElRTQlQkIlQUMlRTclOUElODQlRTYlOUYlQjQlRTYlQjIlQjklRTklOTQlQTQlRTYlOTglQUYlRTklQTMlOEUlRTUlOEElOUIlRTUlOEYlOTElRTclOTQlQjUlRTMlODAlODElRTglODMlQkQlRTYlQkElOTAlRTMlODAlODElRTYlQTElQTUlRTYlQTIlODElRTMlODAlODElRTYlQjglQUYlRTUlOEYlQTMlRTMlODAlODElRTclQTAlODElRTUlQTQlQjQlRTUlQkIlQkElRTglQUUlQkUlRTQlQkIlQTUlRTUlOEYlOEElRTclOUYlQjMlRTYlQjIlQjklRTUlOTIlOEMlRTUlQTQlQTklRTclODQlQjYlRTYlQjAlOTQlRTUlQkMlODAlRTklODclODclRTclQUQlODklRTYlQjUlQjclRTQlQjglOEElRTklQTElQjklRTclOUIlQUUlRTclOUElODQlRTclOTAlODYlRTYlODMlQjMlRTklODAlODklRTYlOEIlQTklRTMlODAlODIlMjIlMkMlMjJtZXRhZGF0YSUyMiUzQSUyMiUyMiUyQyUyMm1ldGFEYXRhJTIyJTNBJTVCJTVEJTJDJTIydGV4dCUyMiUzQSUyMk91ciUyMGRpZXNlbCUyMGhhbW1lcnMlMjBhcmUlMjBpZGVhbCUyMGZvciUyMCUyMiU3RCU1RCU3RCU1RA==\">Nuestros martillos diesel son ideales para <\/span>proyectos en alta mar, como generaci\u00f3n de energ\u00eda e\u00f3lica, energ\u00eda, puentes, puertos, construcci\u00f3n de muelles y extracci\u00f3n de petr\u00f3leo y gas. <span data-slate-fragment=\"JTVCJTdCJTIydHlwZSUyMiUzQSUyMnBhcmFncmFwaCUyMiUyQyUyMmNoaWxkcmVuJTIyJTNBJTVCJTdCJTIyaWQlMjIlM0ElMjJWQVlFTzhhbzFWJTIyJTJDJTIycGFyYUlkeCUyMiUzQTE4JTJDJTIyc3JjJTIyJTNBJTIyVGhleSUyMGFyZSUyMGFsc28lMjBzdWl0YWJsZSUyMGZvciUyMHJvYWQlMjBhbmQlMjBjaXZpbCUyMGVuZ2luZWVyaW5nJTIwcHJvamVjdHMlMkMlMjBwdWJsaWMlMjB1dGlsaXRpZXMlMkMlMjBjb2ZmZXJkYW1zJTJDJTIwYnJpZGdlcyUyQyUyMHBob3Rvdm9sdGFpY3MlMkMlMjBhbmQlMjBlbnZpcm9ubWVudGFsJTIwcHJvamVjdHMuJTIwJTIyJTJDJTIyZHN0JTIyJTNBJTIyJUU1JUFFJTgzJUU0JUJCJUFDJUU0JUI5JTlGJUU5JTgwJTgyJUU3JTk0JUE4JUU0JUJBJThFJUU5JTgxJTkzJUU4JUI3JUFGJUU1JTkyJThDJUU1JTlDJTlGJUU2JTlDJUE4JUU1JUI3JUE1JUU3JUE4JThCJUU5JUExJUI5JUU3JTlCJUFFJUUzJTgwJTgxJUU1JTg1JUFDJUU3JTk0JUE4JUU0JUJBJThCJUU0JUI4JTlBJUUzJTgwJTgxJUU1JTlCJUI0JUU1JUEwJUIwJUUzJTgwJTgxJUU2JUExJUE1JUU2JUEyJTgxJUUzJTgwJTgxJUU1JTg1JTg5JUU0JUJDJThGJUU1JTkyJThDJUU3JThFJUFGJUU1JUEyJTgzJUU5JUExJUI5JUU3JTlCJUFFJUUzJTgwJTgyJTIyJTJDJTIybWV0YWRhdGElMjIlM0ElMjIlMjIlMkMlMjJtZXRhRGF0YSUyMiUzQSU1QiU1RCUyQyUyMnRleHQlMjIlM0ElMjJUaGV5JTIwYXJlJTIwYWxzbyUyMHN1aXRhYmxlJTIyJTdEJTVEJTdEJTVE\">Tambi\u00e9n son adecuados para <\/span>proyectos viarios y de ingenier\u00eda civil, servicios p\u00fablicos, servicios civiles, atagu\u00edas, puentes de caballete, energ\u00eda fotovoltaica y medio ambiente. <span style=\"color: #000080;\"><strong>Haga clic en el bot\u00f3n \"Proyectos\" para obtener m\u00e1s informaci\u00f3n.<\/strong><\/span><\/p>\n<p><strong>1TP5Envasado y transporte<\/strong>:<\/p>\n<p>Embalaje: <span data-slate-fragment=\"JTVCJTdCJTIydHlwZSUyMiUzQSUyMnBhcmFncmFwaCUyMiUyQyUyMmNoaWxkcmVuJTIyJTNBJTVCJTdCJTIyaWQlMjIlM0ElMjJ6eUswRHh2TEtlJTIyJTJDJTIycGFyYUlkeCUyMiUzQTIyJTJDJTIyc3JjJTIyJTNBJTIyUGFja2FnaW5nJTNBJTIwV2UlMjB1c2UlMjBleHBvcnQtc3RhbmRhcmQlMjBzdGVlbCUyMHRyYW5zcG9ydGF0aW9uJTIwdG9vbHMlMjBmb3IlMjBwYWNrYWdpbmcuJTIyJTJDJTIyZHN0JTIyJTNBJTIyJUU1JThDJTg1JUU4JUEzJTg1JUVGJUJDJTlBJUU2JTg4JTkxJUU0JUJCJUFDJUU0JUJEJUJGJUU3JTk0JUE4JUU1JTg3JUJBJUU1JThGJUEzJUU2JUEwJTg3JUU1JTg3JTg2JUU5JTkyJUEyJUU2JTlEJTkwJUU4JUJGJTkwJUU4JUJFJTkzJUU1JUI3JUE1JUU1JTg1JUI3JUU4JUJGJTlCJUU4JUExJThDJUU1JThDJTg1JUU4JUEzJTg1JUUzJTgwJTgyJTIyJTJDJTIybWV0YWRhdGElMjIlM0ElMjIlMjIlMkMlMjJtZXRhRGF0YSUyMiUzQSU1QiU1RCUyQyUyMnRleHQlMjIlM0ElMjJXZSUyMHVzZSUyMGV4cG9ydC1zdGFuZGFyZCUyMHN0ZWVsJTIwdHJhbnNwb3J0YXRpb24lMjB0b29scyUyMGZvciUyMHBhY2thZ2luZyUyMiU3RCU1RCU3RCU1RA==\">Para el embalaje utilizamos herramientas de transporte de acero est\u00e1ndar para la exportaci\u00f3n<\/span><br \/>\nTransporte: transporte en contenedor de 20GP o 40GP<\/p>\n<p><strong>#Exportado a muchos pa\u00edses<\/strong><\/p>\n<p>Este producto se exporta a Europa, Rusia, Sudeste Asi\u00e1tico, Norteam\u00e9rica, Sudam\u00e9rica, Oriente Medio, \u00c1frica y otras regiones. (Tales como: Filipinas, T\u00fcrkiye, Indonesia, Tailandia, Vietnam, Bangladesh, Estados Unidos, Arabia Saudita, Rusia, Australia, Brasil y otros pa\u00edses )<\/p>\n<p><strong>#Specificaci\u00f3n:<\/strong><\/p>\n<style>\n    .table-container {<br \/>        overflow-x: auto;<br \/>        margin: 0 auto;<br \/>    }<br \/>    table {<br \/>        width: 100%;<br \/>        border-collapse: collapse;<br \/>    }<br \/>    th, td {<br \/>        padding: 8px;<br \/>        border: 1px solid #ddd;<br \/>        text-align: left;<br \/>    }<br \/>    @media screen and (max-width: 600px) {<br \/>        table, thead, tbody, th, td, tr {<br \/>            display: block;<br \/>            width: 100%;<br \/>        }<br \/>        thead tr {<br \/>            display: none;<br \/>        }<br \/>        tr {<br \/>            margin-bottom: 15px;<br \/>        }<br \/>        td {<br \/>            text-align: right;<br \/>            padding-left: 50%;<br \/>            position: relative;<br \/>        }<br \/>        td:before {<br \/>            content: attr(data-label);<br \/>            position: absolute;<br \/>            left: 0;<br \/>            width: 50%;<br \/>            padding-left: 10px;<br \/>            font-weight: bold;<br \/>            text-align: left;<br \/>        }<br \/>    }<br \/><\/style>\n<div class=\"table-container\">\n<table>\n<thead>\n<tr>\n<th>Especificaciones<\/th>\n<th>Tipo<\/th>\n<th>D80<\/th>\n<\/tr>\n<\/thead>\n<tbody>\n<tr>\n<td data-label=\"Specifications\">Impacto Peso (pist\u00f3n)<\/td>\n<td data-label=\"Type\">kg<\/td>\n<td data-label=\"D80\">8000<\/td>\n<\/tr>\n<tr>\n<td data-label=\"Specifications\">Energ\u00eda por golpe<\/td>\n<td data-label=\"Type\">KNm<\/td>\n<td data-label=\"D80\">266.83~171.09<\/td>\n<\/tr>\n<tr>\n<td data-label=\"Specifications\">N\u00famero de golpes<\/td>\n<td data-label=\"Type\">min-l<\/td>\n<td data-label=\"D80\">36~45<\/td>\n<\/tr>\n<tr>\n<td data-label=\"Specifications\">Fuerza de la presi\u00f3n de explosi\u00f3n sobre el pilote m\u00e1x.<\/td>\n<td data-label=\"Type\">KN<\/td>\n<td data-label=\"D80\">2600<\/td>\n<\/tr>\n<tr>\n<td data-label=\"Specifications\">Adecuado para hincar pilotes de hasta<\/td>\n<td data-label=\"Type\">Kg<\/td>\n<td data-label=\"D80\">30000<\/td>\n<\/tr>\n<tr>\n<td data-label=\"Specifications\">Di\u00e1metro admisible del cable para la polea deflectora del dispositivo de disparo m\u00e1x.<\/td>\n<td data-label=\"Type\">mm<\/td>\n<td data-label=\"D80\">\u03a630<\/td>\n<\/tr>\n<tr>\n<td data-label=\"Specifications\">Gas\u00f3leo<\/td>\n<td data-label=\"Type\">L\/h<\/td>\n<td data-label=\"D80\">25<\/td>\n<\/tr>\n<tr>\n<td data-label=\"Specifications\">Lubricante<\/td>\n<td data-label=\"Type\">L\/h<\/td>\n<td data-label=\"D80\">2.9<\/td>\n<\/tr>\n<tr>\n<td data-label=\"Specifications\">Dep\u00f3sito de gas\u00f3leo<\/td>\n<td data-label=\"Type\">L<\/td>\n<td data-label=\"D80\">155<\/td>\n<\/tr>\n<tr>\n<td data-label=\"Specifications\">Dep\u00f3sito de lubricante<\/td>\n<td data-label=\"Type\">L<\/td>\n<td data-label=\"D80\">32<\/td>\n<\/tr>\n<tr>\n<td data-label=\"Specifications\">Martillo pil\u00f3n diesel aprox.<\/td>\n<td data-label=\"Type\">kg<\/td>\n<td data-label=\"D80\">16365\/ 16905<\/td>\n<\/tr>\n<tr>\n<td data-label=\"Specifications\">Dispositivo de disparo aprox.<\/td>\n<td data-label=\"Type\">kg<\/td>\n<td data-label=\"D80\">750<\/td>\n<\/tr>\n<tr>\n<td data-label=\"Specifications\">Soporte de transporte aprox.<\/td>\n<td data-label=\"Type\">kg<\/td>\n<td data-label=\"D80\">135<\/td>\n<\/tr>\n<tr>\n<td data-label=\"Specifications\">Guardia de transporte aprox.<\/td>\n<td data-label=\"Type\">kg<\/td>\n<td data-label=\"D80\">220<\/td>\n<\/tr>\n<tr>\n<td data-label=\"Specifications\">Caja de herramientas aprox.<\/td>\n<td data-label=\"Type\">kg<\/td>\n<td data-label=\"D80\">125<\/td>\n<\/tr>\n<tr>\n<td data-label=\"Specifications\">Longitud del martillo pil\u00f3n diesel (a\/al)<\/td>\n<td data-label=\"Type\">mm<\/td>\n<td data-label=\"D80\">6200\/ 7200<\/td>\n<\/tr>\n<tr>\n<td data-label=\"Specifications\">Di\u00e1metro exterior del bloque de impacto (b)<\/td>\n<td data-label=\"Type\">mm<\/td>\n<td data-label=\"D80\">\u03a6820<\/td>\n<\/tr>\n<tr>\n<td data-label=\"Specifications\">Dimensiones totales medidas sobre los tornillos de fijaci\u00f3n de las mordazas gu\u00eda (c)<\/td>\n<td data-label=\"Type\">mm<\/td>\n<td data-label=\"D80\">1110<\/td>\n<\/tr>\n<tr>\n<td data-label=\"Specifications\">Anchura del martillo pil\u00f3n diesel (d)<\/td>\n<td data-label=\"Type\">mm<\/td>\n<td data-label=\"D80\">890<\/td>\n<\/tr>\n<tr>\n<td data-label=\"Specifications\">Anchura para la conexi\u00f3n de las mordazas gu\u00eda (e)<\/td>\n<td data-label=\"Type\">mm<\/td>\n<td data-label=\"D80\">800<\/td>\n<\/tr>\n<tr>\n<td data-label=\"Specifications\">Centro del martillo pil\u00f3n diesel hasta la protecci\u00f3n de la bomba (f)<\/td>\n<td data-label=\"Type\">mm<\/td>\n<td data-label=\"D80\">550<\/td>\n<\/tr>\n<tr>\n<td data-label=\"Specifications\">Centro del martillo pil\u00f3n Diesel hasta el centro del orificio roscado para el tornillo de fijaci\u00f3n de las mordazas gu\u00eda (g)<\/td>\n<td data-label=\"Type\">mm<\/td>\n<td data-label=\"D80\">350<\/td>\n<\/tr>\n<tr>\n<td data-label=\"Specifications\">Profundidad del martillo pil\u00f3n di\u00e9sel (h)<\/td>\n<td data-label=\"Type\">mm<\/td>\n<td data-label=\"D80\">1110<\/td>\n<\/tr>\n<tr>\n<td data-label=\"Specifications\">Distancia est\u00e1ndar desde el centro del martillo pil\u00f3n Diesel hasta el centro del plomo (H)<\/td>\n<td data-label=\"Type\">mm<\/td>\n<td data-label=\"D80\">720<\/td>\n<\/tr>\n<tr>\n<td data-label=\"Specifications\">Anchura de los cables (L)<\/td>\n<td data-label=\"Type\">mm<\/td>\n<td data-label=\"D80\">600x(\u03a6102)<\/td>\n<\/tr>\n<\/tbody>\n<\/table>\n<h2>Embalaje del martillo tubular di\u00e9sel D80<\/h2>\n<p><img fetchpriority=\"high\" decoding=\"async\" class=\"size-full wp-image-11326\" src=\"https:\/\/www.juweihammer.com\/wp-content\/uploads\/2024\/09\/D-tubular-diesel-hammer-packaging.webp\" alt=\"Embalaje de martillos tubulares di\u00e9sel D\" width=\"975\" height=\"696\" srcset=\"https:\/\/www.juweihammer.com\/wp-content\/uploads\/2024\/09\/D-tubular-diesel-hammer-packaging.webp 975w, https:\/\/www.juweihammer.com\/wp-content\/uploads\/2024\/09\/D-tubular-diesel-hammer-packaging-768x548.webp 768w, https:\/\/www.juweihammer.com\/wp-content\/uploads\/2024\/09\/D-tubular-diesel-hammer-packaging-18x12.webp 18w, https:\/\/www.juweihammer.com\/wp-content\/uploads\/2024\/09\/D-tubular-diesel-hammer-packaging-600x428.webp 600w\" sizes=\"(max-width: 975px) 100vw, 975px\" \/><\/p>\n<\/div>","protected":false},"excerpt":{"rendered":"<p>El martillo piloteador diesel de forma cil\u00edndrica D es actualmente el equipo de construcci\u00f3n de cimientos de hinca de pilotes m\u00e1s utilizado.<\/p>\n<ul>\n<li>Peso de impacto (pist\u00f3n): 8 toneladas<\/li>\n<li>Hinca continua<\/li>\n<li>Bajo consumo de combustible<\/li>\n<li>Alta eficiencia laboral<\/li>\n<li>Excavadora, Gr\u00faa sobre orugas, Martillo pil\u00f3n, Plomos para pilotes<\/li>\n<li><span data-slate-fragment=\"JTVCJTdCJTIydHlwZSUyMiUzQSUyMnBhcmFncmFwaCUyMiUyQyUyMmNoaWxkcmVuJTIyJTNBJTVCJTdCJTIyaWQlMjIlM0ElMjJCdjVSOFl3bFd6JTIyJTJDJTIycGFyYUlkeCUyMiUzQTAlMkMlMjJzcmMlMjIlM0ElMjJEdWFsJTIwZnVlbCUyMHB1bXAlMjBzeXN0ZW0lMjIlMkMlMjJkc3QlMjIlM0ElMjIlRTUlOEYlOEMlRTclODclODMlRTYlQjIlQjklRTYlQjMlQjUlRTclQjMlQkIlRTclQkIlOUYlMjIlMkMlMjJtZXRhZGF0YSUyMiUzQSUyMiUyMiUyQyUyMm1ldGFEYXRhJTIyJTNBJTVCJTVEJTJDJTIydGV4dCUyMiUzQSUyMkR1YWwlMjBmdWVsJTIwcHVtcCUyMHN5c3RlbSUyMiU3RCU1RCU3RCU1RA==\">Disponible OEM<\/span><\/li>\n<\/ul>","protected":false},"featured_media":2407,"template":"","meta":{"_seopress_robots_primary_cat":"none","_seopress_titles_title":"D80 Tubular Diesel Pile Hammer Supplier for Sale","_seopress_titles_desc":"D80 diesel pile hammer for sale, is ideal for precast concrete piles, H-beams, steel pipe piles, round piles, square piles, sheet piles. Get Free Quotes!","_seopress_robots_index":"","site-sidebar-layout":"default","site-content-layout":"","ast-site-content-layout":"default","site-content-style":"default","site-sidebar-style":"default","ast-global-header-display":"","ast-banner-title-visibility":"","ast-main-header-display":"","ast-hfb-above-header-display":"","ast-hfb-below-header-display":"","ast-hfb-mobile-header-display":"","site-post-title":"","ast-breadcrumbs-content":"","ast-featured-img":"","footer-sml-layout":"","theme-transparent-header-meta":"default","adv-header-id-meta":"","stick-header-meta":"","header-above-stick-meta":"","header-main-stick-meta":"","header-below-stick-meta":"","astra-migrate-meta-layouts":"set","ast-page-background-enabled":"default","ast-page-background-meta":{"desktop":{"background-color":"var(--ast-global-color-4)","background-image":"","background-repeat":"repeat","background-position":"center center","background-size":"auto","background-attachment":"scroll","background-type":"","background-media":"","overlay-type":"","overlay-color":"","overlay-opacity":"","overlay-gradient":""},"tablet":{"background-color":"","background-image":"","background-repeat":"repeat","background-position":"center center","background-size":"auto","background-attachment":"scroll","background-type":"","background-media":"","overlay-type":"","overlay-color":"","overlay-opacity":"","overlay-gradient":""},"mobile":{"background-color":"","background-image":"","background-repeat":"repeat","background-position":"center center","background-size":"auto","background-attachment":"scroll","background-type":"","background-media":"","overlay-type":"","overlay-color":"","overlay-opacity":"","overlay-gradient":""}},"ast-content-background-meta":{"desktop":{"background-color":"var(--ast-global-color-5)","background-image":"","background-repeat":"repeat","background-position":"center center","background-size":"auto","background-attachment":"scroll","background-type":"","background-media":"","overlay-type":"","overlay-color":"","overlay-opacity":"","overlay-gradient":""},"tablet":{"background-color":"var(--ast-global-color-5)","background-image":"","background-repeat":"repeat","background-position":"center center","background-size":"auto","background-attachment":"scroll","background-type":"","background-media":"","overlay-type":"","overlay-color":"","overlay-opacity":"","overlay-gradient":""},"mobile":{"background-color":"var(--ast-global-color-5)","background-image":"","background-repeat":"repeat","background-position":"center center","background-size":"auto","background-attachment":"scroll","background-type":"","background-media":"","overlay-type":"","overlay-color":"","overlay-opacity":"","overlay-gradient":""}}},"product_brand":[],"product_cat":[21],"product_tag":[],"class_list":{"0":"post-2404","1":"product","2":"type-product","3":"status-publish","4":"has-post-thumbnail","6":"product_cat-d-diesel-hammer","7":"desktop-align-left","8":"tablet-align-left","9":"mobile-align-left","11":"first","12":"instock","13":"shipping-taxable","14":"product-type-simple"},"_links":{"self":[{"href":"https:\/\/www.juweihammer.com\/es\/wp-json\/wp\/v2\/product\/2404","targetHints":{"allow":["GET"]}}],"collection":[{"href":"https:\/\/www.juweihammer.com\/es\/wp-json\/wp\/v2\/product"}],"about":[{"href":"https:\/\/www.juweihammer.com\/es\/wp-json\/wp\/v2\/types\/product"}],"version-history":[{"count":2,"href":"https:\/\/www.juweihammer.com\/es\/wp-json\/wp\/v2\/product\/2404\/revisions"}],"predecessor-version":[{"id":11338,"href":"https:\/\/www.juweihammer.com\/es\/wp-json\/wp\/v2\/product\/2404\/revisions\/11338"}],"wp:featuredmedia":[{"embeddable":true,"href":"https:\/\/www.juweihammer.com\/es\/wp-json\/wp\/v2\/media\/2407"}],"wp:attachment":[{"href":"https:\/\/www.juweihammer.com\/es\/wp-json\/wp\/v2\/media?parent=2404"}],"wp:term":[{"taxonomy":"product_brand","embeddable":true,"href":"https:\/\/www.juweihammer.com\/es\/wp-json\/wp\/v2\/product_brand?post=2404"},{"taxonomy":"product_cat","embeddable":true,"href":"https:\/\/www.juweihammer.com\/es\/wp-json\/wp\/v2\/product_cat?post=2404"},{"taxonomy":"product_tag","embeddable":true,"href":"https:\/\/www.juweihammer.com\/es\/wp-json\/wp\/v2\/product_tag?post=2404"}],"curies":[{"name":"wp","href":"https:\/\/api.w.org\/{rel}","templated":true}]}}