{"id":2367,"date":"2024-07-22T02:11:37","date_gmt":"2024-07-22T02:11:37","guid":{"rendered":"https:\/\/www.juweihammer.com\/?post_type=product&#038;p=2367"},"modified":"2024-11-08T02:38:36","modified_gmt":"2024-11-08T02:38:36","slug":"d25-diesel-pile-driver-hammer","status":"publish","type":"product","link":"https:\/\/www.juweihammer.com\/es\/producto\/d25-diesel-pile-driver-hammer\/","title":{"rendered":"D25 Diesel martillo perforador para la venta | OEM disponible"},"content":{"rendered":"<p>Juwei es uno de<strong> los 10 primeros<\/strong> fabricantes y proveedores de martillos diesel en todo el mundo. El martillo pil\u00f3n di\u00e9sel de la serie D de Juwei cuenta con m\u00e1s de 30 a\u00f1os de experiencia en dise\u00f1o, fabricaci\u00f3n y aplicaci\u00f3n. <strong><span style=\"color: #0000ff;\">Haga clic en el bot\u00f3n \"F\u00e1brica\" para obtener m\u00e1s informaci\u00f3n.<\/span><\/strong><\/p>\n<p><strong>#Total de modelos de martillos perforadores tubulares diesel de la serie D<\/strong><\/p>\n<p>D12, D16, D19, D25, D30, D36, D46, D50, D62, D80, D100, D128, D138, D160, D180, D225, D265, D320, D400. <strong><span style=\"color: #0000ff;\">Haga clic en el bot\u00f3n \"Detalles de la serie D\" para obtener m\u00e1s informaci\u00f3n.<\/span><\/strong><\/p>\n<p><strong>1TP5Soluciones personalizadas:<\/strong><\/p>\n<p>Nuestro equipo de ingenieros puede personalizar soluciones basadas en la situaci\u00f3n de su proyecto. Usted s\u00f3lo tiene que proporcionar un informe de la direcci\u00f3n del suelo, el tipo de pilote y el equipo de hinca. Nosotros le proporcionamos un martillo cil\u00edndrico compatible con el dise\u00f1o.<\/p>\n<p><strong>#<\/strong><strong>Tipo de pelo:<\/strong><\/p>\n<p>Los tipos de pilotes para hinca incluyen pilotes prefabricados de hormig\u00f3n, vigas en H, pilotes de tubos de acero, pilotes circulares, pilotes cuadrados, tablestacas, pilotes de madera, etc.<\/p>\n<p><strong>#Aplicaci\u00f3n<\/strong>:<\/p>\n<p>Los proyectos en alta mar incluyen la generaci\u00f3n de energ\u00eda e\u00f3lica, energ\u00eda, puentes, puertos, construcci\u00f3n de muelles y extracci\u00f3n de petr\u00f3leo y gas. Tambi\u00e9n es aplicable a proyectos de carreteras e ingenier\u00eda civil, servicios p\u00fablicos, servicios civiles, atagu\u00edas, puentes, energ\u00eda fotovoltaica y medio ambiente. <strong><span style=\"color: #0000ff;\">Haga clic en el bot\u00f3n \"Proyectos\" para obtener m\u00e1s informaci\u00f3n.<\/span><\/strong><\/p>\n<p><strong>1TP5Envasado y transporte<\/strong>:<\/p>\n<p>Embalaje: Utilizando herramientas de transporte de acero est\u00e1ndar de exportaci\u00f3n para el embalaje<br \/>\nTransporte: transporte en contenedor de 20GP o 40GP<\/p>\n<p><strong>#Exportado a muchos pa\u00edses<\/strong><\/p>\n<p>Este producto se exporta a Europa, Rusia, Sudeste Asi\u00e1tico, Norteam\u00e9rica, Sudam\u00e9rica, Oriente Medio, \u00c1frica y otras regiones. (Tales como )<\/p>\n<p><strong>#Specificaci\u00f3n:<\/strong><\/p>\n<style>\n    .table-container {<br \/>        overflow-x: auto;<br \/>        margin: 0 auto;<br \/>    }<br \/>    table {<br \/>        width: 100%;<br \/>        border-collapse: collapse;<br \/>    }<br \/>    th, td {<br \/>        padding: 8px;<br \/>        border: 1px solid #ddd;<br \/>        text-align: left;<br \/>    }<br \/>    @media screen and (max-width: 600px) {<br \/>        table, thead, tbody, th, td, tr {<br \/>            display: block;<br \/>            width: 100%;<br \/>        }<br \/>        thead tr {<br \/>            display: none;<br \/>        }<br \/>        tr {<br \/>            margin-bottom: 15px;<br \/>        }<br \/>        td {<br \/>            text-align: right;<br \/>            padding-left: 50%;<br \/>            position: relative;<br \/>        }<br \/>        td:before {<br \/>            content: attr(data-label);<br \/>            position: absolute;<br \/>            left: 0;<br \/>            width: 50%;<br \/>            padding-left: 10px;<br \/>            font-weight: bold;<br \/>            text-align: left;<br \/>        }<br \/>    }<br \/><\/style>\n<div class=\"table-container\">\n<table>\n<thead>\n<tr>\n<th>Especificaciones<\/th>\n<th>Tipo<\/th>\n<th>D25<\/th>\n<\/tr>\n<\/thead>\n<tbody>\n<tr>\n<td data-label=\"Specifications\">Impacto Peso (pist\u00f3n)<\/td>\n<td data-label=\"Type\">kg<\/td>\n<td data-label=\"D25\">2500<\/td>\n<\/tr>\n<tr>\n<td data-label=\"Specifications\">Energ\u00eda por golpe<\/td>\n<td data-label=\"Type\">KNm<\/td>\n<td data-label=\"D25\">90.00~39.98<\/td>\n<\/tr>\n<tr>\n<td data-label=\"Specifications\">N\u00famero de golpes<\/td>\n<td data-label=\"Type\">min-l<\/td>\n<td data-label=\"D25\">35~52<\/td>\n<\/tr>\n<tr>\n<td data-label=\"Specifications\">Fuerza de la presi\u00f3n de explosi\u00f3n sobre el pilote m\u00e1x.<\/td>\n<td data-label=\"Type\">KN<\/td>\n<td data-label=\"D25\">1304<\/td>\n<\/tr>\n<tr>\n<td data-label=\"Specifications\">Adecuado para hincar pilotes de hasta<\/td>\n<td data-label=\"Type\">Kg<\/td>\n<td data-label=\"D25\">7500<\/td>\n<\/tr>\n<tr>\n<td data-label=\"Specifications\">Di\u00e1metro admisible del cable para la polea deflectora del dispositivo de disparo m\u00e1x.<\/td>\n<td data-label=\"Type\">mm<\/td>\n<td data-label=\"D25\">\u03a622<\/td>\n<\/tr>\n<tr>\n<td data-label=\"Specifications\">Gas\u00f3leo<\/td>\n<td data-label=\"Type\">L\/h<\/td>\n<td data-label=\"D25\">8<\/td>\n<\/tr>\n<tr>\n<td data-label=\"Specifications\">Lubricante<\/td>\n<td data-label=\"Type\">L\/h<\/td>\n<td data-label=\"D25\">1<\/td>\n<\/tr>\n<tr>\n<td data-label=\"Specifications\">Dep\u00f3sito de gas\u00f3leo<\/td>\n<td data-label=\"Type\">L<\/td>\n<td data-label=\"D25\">67<\/td>\n<\/tr>\n<tr>\n<td data-label=\"Specifications\">Dep\u00f3sito de lubricante<\/td>\n<td data-label=\"Type\">L<\/td>\n<td data-label=\"D25\">19<\/td>\n<\/tr>\n<tr>\n<td data-label=\"Specifications\">Martillo pil\u00f3n diesel aprox.<\/td>\n<td data-label=\"Type\">kg<\/td>\n<td data-label=\"D25\">5330\/ 5810<\/td>\n<\/tr>\n<tr>\n<td data-label=\"Specifications\">Dispositivo de disparo aprox.<\/td>\n<td data-label=\"Type\">kg<\/td>\n<td data-label=\"D25\">180<\/td>\n<\/tr>\n<tr>\n<td data-label=\"Specifications\">Soporte de transporte aprox.<\/td>\n<td data-label=\"Type\">kg<\/td>\n<td data-label=\"D25\">20<\/td>\n<\/tr>\n<tr>\n<td data-label=\"Specifications\">Guardia de transporte aprox.<\/td>\n<td data-label=\"Type\">kg<\/td>\n<td data-label=\"D25\">23<\/td>\n<\/tr>\n<tr>\n<td data-label=\"Specifications\">Caja de herramientas aprox.<\/td>\n<td data-label=\"Type\">kg<\/td>\n<td data-label=\"D25\">100<\/td>\n<\/tr>\n<tr>\n<td data-label=\"Specifications\">Longitud del martillo pil\u00f3n diesel (a\/al)<\/td>\n<td data-label=\"Type\">mm<\/td>\n<td data-label=\"D25\">5450\/ 6290<\/td>\n<\/tr>\n<tr>\n<td data-label=\"Specifications\">Di\u00e1metro exterior del bloque de impacto (b)<\/td>\n<td data-label=\"Type\">mm<\/td>\n<td data-label=\"D25\">560<\/td>\n<\/tr>\n<tr>\n<td data-label=\"Specifications\">Dimensiones totales medidas sobre los tornillos de fijaci\u00f3n de las mordazas gu\u00eda (c)<\/td>\n<td data-label=\"Type\">mm<\/td>\n<td data-label=\"D25\">780<\/td>\n<\/tr>\n<tr>\n<td data-label=\"Specifications\">Anchura del martillo pil\u00f3n diesel (d)<\/td>\n<td data-label=\"Type\">mm<\/td>\n<td data-label=\"D25\">640<\/td>\n<\/tr>\n<tr>\n<td data-label=\"Specifications\">Anchura para la conexi\u00f3n de las mordazas gu\u00eda (e)<\/td>\n<td data-label=\"Type\">mm<\/td>\n<td data-label=\"D25\">540<\/td>\n<\/tr>\n<tr>\n<td data-label=\"Specifications\">Centro del martillo pil\u00f3n diesel hasta la protecci\u00f3n de la bomba (f)<\/td>\n<td data-label=\"Type\">mm<\/td>\n<td data-label=\"D25\">405<\/td>\n<\/tr>\n<tr>\n<td data-label=\"Specifications\">Centro del martillo pil\u00f3n Diesel hasta el centro del orificio roscado para el tornillo de fijaci\u00f3n de las mordazas gu\u00eda (g)<\/td>\n<td data-label=\"Type\">mm<\/td>\n<td data-label=\"D25\">235<\/td>\n<\/tr>\n<tr>\n<td data-label=\"Specifications\">Profundidad del martillo pil\u00f3n di\u00e9sel (h)<\/td>\n<td data-label=\"Type\">mm<\/td>\n<td data-label=\"D25\">715<\/td>\n<\/tr>\n<tr>\n<td data-label=\"Specifications\">Distancia est\u00e1ndar desde el centro del martillo pil\u00f3n Diesel hasta el centro del plomo (H)<\/td>\n<td data-label=\"Type\">mm<\/td>\n<td data-label=\"D25\">440<\/td>\n<\/tr>\n<tr>\n<td data-label=\"Specifications\">Anchura de los cables (L)<\/td>\n<td data-label=\"Type\">mm<\/td>\n<td data-label=\"D25\">330x(\u03a670)<\/td>\n<\/tr>\n<\/tbody>\n<\/table>\n<h2>Embalaje de martillos diesel D25<\/h2>\n<p><img fetchpriority=\"high\" decoding=\"async\" class=\"size-full wp-image-11326\" src=\"https:\/\/www.juweihammer.com\/wp-content\/uploads\/2024\/09\/D-tubular-diesel-hammer-packaging.webp\" alt=\"Embalaje de martillos tubulares di\u00e9sel D\" width=\"975\" height=\"696\" srcset=\"https:\/\/www.juweihammer.com\/wp-content\/uploads\/2024\/09\/D-tubular-diesel-hammer-packaging.webp 975w, https:\/\/www.juweihammer.com\/wp-content\/uploads\/2024\/09\/D-tubular-diesel-hammer-packaging-768x548.webp 768w, https:\/\/www.juweihammer.com\/wp-content\/uploads\/2024\/09\/D-tubular-diesel-hammer-packaging-18x12.webp 18w, https:\/\/www.juweihammer.com\/wp-content\/uploads\/2024\/09\/D-tubular-diesel-hammer-packaging-600x428.webp 600w\" sizes=\"(max-width: 975px) 100vw, 975px\" \/><\/p>\n<\/div>","protected":false},"excerpt":{"rendered":"<p>El martillo pil\u00f3n tubular di\u00e9sel de la serie D es actualmente el equipo de construcci\u00f3n de cimentaciones por hincado de pilotes m\u00e1s utilizado.<\/p>\n<ul>\n<li>Peso de impacto (pist\u00f3n): 2,5 toneladas<\/li>\n<li>Energ\u00eda Impac: 90~39,98 Kj<\/li>\n<li>OEM <span data-slate-fragment=\"JTVCJTdCJTIydHlwZSUyMiUzQSUyMnBhcmFncmFwaCUyMiUyQyUyMmNoaWxkcmVuJTIyJTNBJTVCJTdCJTIyaWQlMjIlM0ElMjJWMHJtR2R2NjJCJTIyJTJDJTIycGFyYUlkeCUyMiUzQTAlMkMlMjJzcmMlMjIlM0ElMjJhdmFpbGFibGUlMjIlMkMlMjJkc3QlMjIlM0ElMjIlRTUlOEYlQUYlRTglOEUlQjclRTUlQkUlOTclRTclOUElODQlMjIlMkMlMjJtZXRhZGF0YSUyMiUzQSUyMiUyMiUyQyUyMm1ldGFEYXRhJTIyJTNBJTVCJTVEJTJDJTIydGV4dCUyMiUzQSUyMmF2YWlsYWJsZSUyMiU3RCU1RCU3RCU1RA==\">Disponible<\/span><\/li>\n<li>Soluciones Personalizadas<\/li>\n<li><span data-slate-fragment=\"JTVCJTdCJTIydHlwZSUyMiUzQSUyMnBhcmFncmFwaCUyMiUyQyUyMmNoaWxkcmVuJTIyJTNBJTVCJTdCJTIyaWQlMjIlM0ElMjJCdjVSOFl3bFd6JTIyJTJDJTIycGFyYUlkeCUyMiUzQTAlMkMlMjJzcmMlMjIlM0ElMjJEdWFsJTIwZnVlbCUyMHB1bXAlMjBzeXN0ZW0lMjIlMkMlMjJkc3QlMjIlM0ElMjIlRTUlOEYlOEMlRTclODclODMlRTYlQjIlQjklRTYlQjMlQjUlRTclQjMlQkIlRTclQkIlOUYlMjIlMkMlMjJtZXRhZGF0YSUyMiUzQSUyMiUyMiUyQyUyMm1ldGFEYXRhJTIyJTNBJTVCJTVEJTJDJTIydGV4dCUyMiUzQSUyMkR1YWwlMjBmdWVsJTIwcHVtcCUyMHN5c3RlbSUyMiU3RCU1RCU3RCU1RA==\">Sistema de doble bomba de combustible<\/span><\/li>\n<\/ul>","protected":false},"featured_media":2374,"template":"","meta":{"_seopress_robots_primary_cat":"none","_seopress_titles_title":"China D25 Diesel Pile Driver Hammer for Sale | OEM","_seopress_titles_desc":"The D25 tubular diesel pile hammer is used pile driving foundation construction equipment.\r\nImpact Weight (Piston): 2.5 tons OEM Available. Get Quotes","_seopress_robots_index":"","site-sidebar-layout":"default","site-content-layout":"","ast-site-content-layout":"default","site-content-style":"default","site-sidebar-style":"default","ast-global-header-display":"","ast-banner-title-visibility":"","ast-main-header-display":"","ast-hfb-above-header-display":"","ast-hfb-below-header-display":"","ast-hfb-mobile-header-display":"","site-post-title":"","ast-breadcrumbs-content":"","ast-featured-img":"","footer-sml-layout":"","theme-transparent-header-meta":"default","adv-header-id-meta":"","stick-header-meta":"","header-above-stick-meta":"","header-main-stick-meta":"","header-below-stick-meta":"","astra-migrate-meta-layouts":"set","ast-page-background-enabled":"default","ast-page-background-meta":{"desktop":{"background-color":"var(--ast-global-color-4)","background-image":"","background-repeat":"repeat","background-position":"center center","background-size":"auto","background-attachment":"scroll","background-type":"","background-media":"","overlay-type":"","overlay-color":"","overlay-opacity":"","overlay-gradient":""},"tablet":{"background-color":"","background-image":"","background-repeat":"repeat","background-position":"center center","background-size":"auto","background-attachment":"scroll","background-type":"","background-media":"","overlay-type":"","overlay-color":"","overlay-opacity":"","overlay-gradient":""},"mobile":{"background-color":"","background-image":"","background-repeat":"repeat","background-position":"center center","background-size":"auto","background-attachment":"scroll","background-type":"","background-media":"","overlay-type":"","overlay-color":"","overlay-opacity":"","overlay-gradient":""}},"ast-content-background-meta":{"desktop":{"background-color":"var(--ast-global-color-5)","background-image":"","background-repeat":"repeat","background-position":"center center","background-size":"auto","background-attachment":"scroll","background-type":"","background-media":"","overlay-type":"","overlay-color":"","overlay-opacity":"","overlay-gradient":""},"tablet":{"background-color":"var(--ast-global-color-5)","background-image":"","background-repeat":"repeat","background-position":"center center","background-size":"auto","background-attachment":"scroll","background-type":"","background-media":"","overlay-type":"","overlay-color":"","overlay-opacity":"","overlay-gradient":""},"mobile":{"background-color":"var(--ast-global-color-5)","background-image":"","background-repeat":"repeat","background-position":"center center","background-size":"auto","background-attachment":"scroll","background-type":"","background-media":"","overlay-type":"","overlay-color":"","overlay-opacity":"","overlay-gradient":""}}},"product_brand":[],"product_cat":[21],"product_tag":[],"class_list":{"0":"post-2367","1":"product","2":"type-product","3":"status-publish","4":"has-post-thumbnail","6":"product_cat-d-diesel-hammer","7":"desktop-align-left","8":"tablet-align-left","9":"mobile-align-left","11":"first","12":"instock","13":"shipping-taxable","14":"product-type-simple"},"_links":{"self":[{"href":"https:\/\/www.juweihammer.com\/es\/wp-json\/wp\/v2\/product\/2367","targetHints":{"allow":["GET"]}}],"collection":[{"href":"https:\/\/www.juweihammer.com\/es\/wp-json\/wp\/v2\/product"}],"about":[{"href":"https:\/\/www.juweihammer.com\/es\/wp-json\/wp\/v2\/types\/product"}],"version-history":[{"count":2,"href":"https:\/\/www.juweihammer.com\/es\/wp-json\/wp\/v2\/product\/2367\/revisions"}],"predecessor-version":[{"id":11347,"href":"https:\/\/www.juweihammer.com\/es\/wp-json\/wp\/v2\/product\/2367\/revisions\/11347"}],"wp:featuredmedia":[{"embeddable":true,"href":"https:\/\/www.juweihammer.com\/es\/wp-json\/wp\/v2\/media\/2374"}],"wp:attachment":[{"href":"https:\/\/www.juweihammer.com\/es\/wp-json\/wp\/v2\/media?parent=2367"}],"wp:term":[{"taxonomy":"product_brand","embeddable":true,"href":"https:\/\/www.juweihammer.com\/es\/wp-json\/wp\/v2\/product_brand?post=2367"},{"taxonomy":"product_cat","embeddable":true,"href":"https:\/\/www.juweihammer.com\/es\/wp-json\/wp\/v2\/product_cat?post=2367"},{"taxonomy":"product_tag","embeddable":true,"href":"https:\/\/www.juweihammer.com\/es\/wp-json\/wp\/v2\/product_tag?post=2367"}],"curies":[{"name":"wp","href":"https:\/\/api.w.org\/{rel}","templated":true}]}}