{"id":22611,"date":"2025-10-30T07:13:39","date_gmt":"2025-10-30T07:13:39","guid":{"rendered":"https:\/\/www.juweihammer.com\/?post_type=product&#038;p=22611"},"modified":"2025-10-30T07:31:33","modified_gmt":"2025-10-30T07:31:33","slug":"china-14ton-hydraulic-impact-pile-hammer-for-piling","status":"publish","type":"product","link":"https:\/\/www.juweihammer.com\/es\/producto\/china-14ton-hydraulic-impact-pile-hammer-for-piling\/","title":{"rendered":"China 14ton martillo de impacto hidr\u00e1ulico para pilotes"},"content":{"rendered":"<p><span data-slate-fragment=\"JTVCJTdCJTIydHlwZSUyMiUzQSUyMnBhcmFncmFwaCUyMiUyQyUyMmNoaWxkcmVuJTIyJTNBJTVCJTdCJTIyaWQlMjIlM0ElMjJCWnlwQWdqNVF6JTIyJTJDJTIycGFyYUlkeCUyMiUzQTAlMkMlMjJzcmMlMjIlM0ElMjJKdXdlaSUyMGlzJTIwdGhlJTIwdG9wJTIwMSUyMG1hbnVmYWN0dXJlcnMlMjBhbmQlMjBzdXBwbGllcnMlMjBvZiUyMEREJTIwcmFpbCUyMGhhbW1lcnMlMjBpbiUyMENoaW5hJTIyJTJDJTIyZHN0JTIyJTNBJTIyJUU1JUI3JUE4JUU1JUE4JTgxJUU2JTk4JUFGJUU0JUI4JUFEJUU1JTlCJUJEREQlRTklOTIlQTIlRTglQkQlQTglRTklOTQlQTQlRTclOUElODQlRTclQUMlQUMlRTQlQjglODAlRTUlQTQlQTclRTUlODglQjYlRTklODAlQTAlRTUlOTUlODYlRTUlOTIlOEMlRTQlQkUlOUIlRTUlQkElOTQlRTUlOTUlODYlMjIlMkMlMjJtZXRhZGF0YSUyMiUzQSUyMiUyMiUyQyUyMm1ldGFEYXRhJTIyJTNBJTVCJTVEJTJDJTIydGV4dCUyMiUzQSUyMkp1d2VpJTIwaXMlMjB0aGUlMjB0b3AlMjAxJTIwbWFudWZhY3R1cmVycyUyMGFuZCUyMHN1cHBsaWVycyUyMG9mJTIwREQlMjByYWlsJTIwaGFtbWVycyUyMGluJTIwQ2hpbmElMjIlN0QlNUQlN0QlNUQ=\">Juwei es uno de los 10 principales fabricantes y proveedores de martillo de impacto hidr\u00e1ulico del mundo. <\/span>Los equipos de hinca de pilotes de Juwei cuentan con m\u00e1s de 30 a\u00f1os de experiencia en dise\u00f1o, fabricaci\u00f3n y aplicaci\u00f3n. <span style=\"color: #0000ff;\"><strong>Haga clic en el bot\u00f3n \"F\u00e1brica\" para obtener m\u00e1s informaci\u00f3n.<\/strong><\/span><\/p>\n<p><strong><b>#<\/b><\/strong><strong><b>Conservaci\u00f3n de la energ\u00eda y protecci\u00f3n del medio ambiente<\/b><\/strong><\/p>\n<p>El martillo de impacto hidr\u00e1ulico de la serie HI de Juwei es accionado por un sistema hidr\u00e1ulico, que permite un control preciso de la fuerza de impacto y la frecuencia. En comparaci\u00f3n con los martillos di\u00e9sel tradicionales, tiene bajo nivel de ruido, baja contaminaci\u00f3n y mayor eficiencia de conversi\u00f3n de energ\u00eda.<\/p>\n<p>El armario el\u00e9ctrico est\u00e1 accionado por varios motores, lo que garantiza una excelente viabilidad econ\u00f3mica, fiabilidad y rendimiento general.<\/p>\n<p><strong># <\/strong><strong><b>Fiabilidad del sistema<\/b><\/strong><\/p>\n<p>El sistema est\u00e1 equipado con componentes de alta calidad en bombas hidr\u00e1ulicas, v\u00e1lvulas y cilindros, que ofrecen buenos resultados en reducci\u00f3n de vibraciones, resistencia a impactos y durabilidad, lo que garantiza una alta fiabilidad.<\/p>\n<p>El material del n\u00facleo del martillo y el tratamiento t\u00e9rmico se seleccionan cuidadosamente para optimizar la resistencia a la temperatura, la resistencia al desgaste, la absorci\u00f3n de vibraciones y la resistencia a los impactos. El acumulador de alta y baja presi\u00f3n adopta un dise\u00f1o de pist\u00f3n compacto, que mejora la fiabilidad.<\/p>\n<p><strong>#<\/strong><strong><b>Amplia gama de aplicaciones<\/b><\/strong><\/p>\n<p>Incorpora encepados compuestos f\u00e1cilmente reemplazables que pueden adaptarse a diversas formas y materiales de pilotes. La fuerza de impacto y la frecuencia del martillo pueden ajustarse y controlarse en funci\u00f3n de las condiciones geol\u00f3gicas y la resistencia del material del pilote.<\/p>\n<p>Los martillos pil\u00f3n hidr\u00e1ulicos proporcionan una soluci\u00f3n econ\u00f3mica y respetuosa con el medio ambiente para instalar pilotes de acero u hormig\u00f3n tanto en entornos terrestres como marinos. Puede funcionar en martinetes, gr\u00faas suspendidas, gr\u00faas sobre orugas y barcazas.<\/p>\n<ul>\n<li>Muy adecuado para proyectos en alta mar, instalaciones de energ\u00eda e\u00f3lica, plataformas petrol\u00edferas y de gas, construcci\u00f3n de puertos y muelles, y puentes en alta mar.<\/li>\n<li>Adecuado para diversos cimientos de edificios, atagu\u00edas de ingenier\u00eda de la madera, as\u00ed como instalaciones p\u00fablicas como centrales el\u00e9ctricas y plantas de tratamiento de agua.<\/li>\n<\/ul>\n<p><span style=\"color: #0000ff;\"><strong>Haga clic en el bot\u00f3n \"Proyecto\" para obtener m\u00e1s informaci\u00f3n.<\/strong><\/span><\/p>\n<p><strong>#ipos de baldosas<\/strong><\/p>\n<p>El martillo de impacto hidr\u00e1ulico Juwei puede hincar varios tipos de pilotes, incluidos pilotes prefabricados de hormig\u00f3n, vigas en H, pilotes redondos, pilotes de tubos de acero, pilotes cuadrados, pilotes de madera, etc.<\/p>\n<p><strong>1TP5Soluciones personalizadas:<\/strong><\/p>\n<p>Nuestro equipo de ingenieros puede personalizar soluciones basadas en la situaci\u00f3n de su proyecto. Debido a los diferentes tipos, tama\u00f1os y condiciones del suelo de los pilotes, la capacidad portante requerida de los martillos tambi\u00e9n puede variar. Puede proporcionarnos un informe de la direcci\u00f3n del suelo, el tipo de pilote y el equipo de hincado. Suministramos martillos compatibles con el dise\u00f1o.<\/p>\n<p><strong>1TP5Envasado y transporte<\/strong>:<\/p>\n<p>Embalaje: Utilizando herramientas de transporte de acero est\u00e1ndar de exportaci\u00f3n para el embalaje<br \/>\nTransporte: transporte en contenedor de 20GP o 40GP<\/p>\n<p><strong>#Specificaci\u00f3n:<\/strong><\/p>\n<div style=\"overflow-x: auto;\">\n<table style=\"border-collapse: collapse; width: 100%;\" border=\"1\" cellspacing=\"0\" cellpadding=\"0\">\n<tbody>\n<tr style=\"height: 20.00pt;\">\n<td style=\"width: 40%;\" align=\"center\"><strong>Especificaciones<\/strong><\/td>\n<td style=\"width: 30%;\" align=\"center\"><strong>Tipo<\/strong><\/td>\n<td style=\"width: 30%;\" align=\"center\"><strong>HI-14<\/strong><\/td>\n<\/tr>\n<tr style=\"height: 20.00pt;\">\n<td style=\"width: 40%;\" align=\"center\">Modelo de unidad de alimentaci\u00f3n (opcional)<\/td>\n<td style=\"width: 30%;\" align=\"center\">Motor diesel\/<br \/>\nMotor el\u00e9ctrico<\/td>\n<td style=\"width: 30%;\" align=\"center\">DP400\/<br \/>\nEP300<\/td>\n<\/tr>\n<tr style=\"height: 20.00pt;\">\n<td style=\"width: 40%;\" align=\"center\">Energ\u00eda m\u00e1xima de carrera<\/td>\n<td style=\"width: 30%;\" align=\"center\">kN.m<\/td>\n<td style=\"width: 30%;\" align=\"center\">210<\/td>\n<\/tr>\n<tr style=\"height: 24.00pt;\">\n<td style=\"width: 40%;\" align=\"center\">Carrera m\u00e1x.<\/td>\n<td style=\"width: 30%;\" align=\"center\">mm<\/td>\n<td style=\"width: 30%;\" align=\"center\">1500<\/td>\n<\/tr>\n<tr style=\"height: 20.00pt;\">\n<td style=\"width: 40%;\" align=\"center\">Frecuencia (M\u00edn\/M\u00e1x)<\/td>\n<td style=\"width: 30%;\" align=\"center\">bpm<\/td>\n<td style=\"width: 30%;\" align=\"center\">30\/80<\/td>\n<\/tr>\n<tr style=\"height: 20.00pt;\">\n<td style=\"width: 40%;\" align=\"center\">Peso del carnero<\/td>\n<td style=\"width: 30%;\" align=\"center\">kg<\/td>\n<td style=\"width: 30%;\" align=\"center\">14000<\/td>\n<\/tr>\n<tr style=\"height: 20.00pt;\">\n<td style=\"width: 40%;\" align=\"center\">Peso total (excepto tap\u00f3n)<\/td>\n<td style=\"width: 30%;\" align=\"center\">kg<\/td>\n<td style=\"width: 30%;\" align=\"center\">19950<\/td>\n<\/tr>\n<tr style=\"height: 24.00pt;\">\n<td style=\"width: 40%;\" align=\"center\">Altura total (excepto la tapa)<\/td>\n<td style=\"width: 30%;\" align=\"center\">mm<\/td>\n<td style=\"width: 30%;\" align=\"center\">5770<\/td>\n<\/tr>\n<tr style=\"height: 20.00pt;\">\n<td style=\"width: 100%; border-right: 1.0pt solid #000000;\" colspan=\"3\" align=\"center\"><strong>Motor diesel Power Pack Modelo: DP400<\/strong><\/td>\n<\/tr>\n<tr style=\"height: 27.00pt;\">\n<td style=\"width: 40%;\" align=\"center\">Modelo de motor diesel<\/td>\n<td style=\"width: 100%; border-right: 1.0pt solid #000000;\" colspan=\"3\" align=\"center\">CUMMINS-QS-M11\/WEICHAI-WP12<\/td>\n<\/tr>\n<tr style=\"height: 27.00pt;\">\n<td style=\"width: 40%;\" align=\"center\">Potencia del motor diesel<\/td>\n<td style=\"width: 30%;\" align=\"center\">KW<\/td>\n<td style=\"width: 30%;\" align=\"center\">298\/316<\/td>\n<\/tr>\n<tr style=\"height: 20.00pt;\">\n<td style=\"width: 40%;\" align=\"center\">Presi\u00f3n nominal<\/td>\n<td style=\"width: 30%;\" align=\"center\">Mpa<\/td>\n<td style=\"width: 30%;\" align=\"center\">25<\/td>\n<\/tr>\n<tr style=\"height: 15.75pt;\">\n<td style=\"width: 40%;\" align=\"center\">Caudal m\u00e1ximo<\/td>\n<td style=\"width: 30%;\" align=\"center\">L\/min<\/td>\n<td style=\"width: 30%;\" align=\"center\">540<\/td>\n<\/tr>\n<tr style=\"height: 15.75pt;\">\n<td style=\"width: 40%;\" align=\"center\">Dep\u00f3sito de aceite hidr\u00e1ulico<\/td>\n<td style=\"width: 30%;\" align=\"center\">L<\/td>\n<td style=\"width: 30%;\" align=\"center\">2100<\/td>\n<\/tr>\n<tr style=\"height: 15.75pt;\">\n<td style=\"width: 40%;\" align=\"center\">Dep\u00f3sito de gas\u00f3leo<\/td>\n<td style=\"width: 30%;\" align=\"center\">L<\/td>\n<td style=\"width: 30%;\" align=\"center\">500<\/td>\n<\/tr>\n<tr style=\"height: 15.75pt;\">\n<td style=\"width: 40%;\" align=\"center\">Peso neto<\/td>\n<td style=\"width: 30%;\" align=\"center\">kg<\/td>\n<td style=\"width: 30%;\" align=\"center\">6850<\/td>\n<\/tr>\n<tr style=\"height: 20.00pt;\">\n<td style=\"width: 100%; border-right: 1.0pt solid #000000;\" colspan=\"3\" align=\"center\"><strong>Grupo electr\u00f3geno para motor el\u00e9ctrico Modelo: EP300<\/strong><\/td>\n<\/tr>\n<tr style=\"height: 27.00pt;\">\n<td style=\"width: 40%;\" align=\"center\">Potencia del motor<\/td>\n<td style=\"width: 30%;\" align=\"center\">KW<\/td>\n<td style=\"width: 30%;\" align=\"center\">90\u00d72+55<\/td>\n<\/tr>\n<tr style=\"height: 20.00pt;\">\n<td style=\"width: 40%;\" align=\"center\">Presi\u00f3n nominal<\/td>\n<td style=\"width: 30%;\" align=\"center\">Mpa<\/td>\n<td style=\"width: 30%;\" align=\"center\">23<\/td>\n<\/tr>\n<tr style=\"height: 15.75pt;\">\n<td style=\"width: 40%;\" align=\"center\">Caudal m\u00e1ximo<\/td>\n<td style=\"width: 30%;\" align=\"center\">L\/min<\/td>\n<td style=\"width: 30%;\" align=\"center\">650<\/td>\n<\/tr>\n<tr style=\"height: 15.75pt;\">\n<td style=\"width: 40%;\" align=\"center\">Dep\u00f3sito de aceite hidr\u00e1ulico<\/td>\n<td style=\"width: 30%;\" align=\"center\">L<\/td>\n<td style=\"width: 30%;\" align=\"center\">2275<\/td>\n<\/tr>\n<tr style=\"height: 15.75pt;\">\n<td style=\"width: 40%;\" align=\"center\">Peso neto<\/td>\n<td style=\"width: 30%;\" align=\"center\">kg<\/td>\n<td style=\"width: 30%;\" align=\"center\">6570<\/td>\n<\/tr>\n<\/tbody>\n<\/table>\n<\/div>","protected":false},"excerpt":{"rendered":"<p>El martillo hidr\u00e1ulico de impacto para pilotes de la serie HI de Juwei tiene una estructura simple, que puede levantar el n\u00facleo del martillo a trav\u00e9s de energ\u00eda hidr\u00e1ulica y luego usar energ\u00eda potencial gravitacional para golpear el extremo del pilote.<\/p>\n<ul>\n<li>Modelo: HI-14<\/li>\n<li>Peso del ariete: 14 toneladas<\/li>\n<li>Max. Energ\u00eda: 210 kj<\/li>\n<li>Adopci\u00f3n de encepados compuestos<\/li>\n<li>Alta eficiencia laboral<\/li>\n<li>Precios Competitivos<\/li>\n<li>El sistema hidr\u00e1ulico proporciona potencia<\/li>\n<\/ul>","protected":false},"featured_media":22561,"template":"","meta":{"_seopress_robots_primary_cat":"none","_seopress_titles_title":"China 14ton Hydraulic Impact Pile Hammer for Piling","_seopress_titles_desc":"14ton hydraulic hammer piling machine is double acting hammer. Widely exported to North America, Europe, South America, Southeast Asia, Australia and more.","_seopress_robots_index":"","site-sidebar-layout":"default","site-content-layout":"","ast-site-content-layout":"default","site-content-style":"default","site-sidebar-style":"default","ast-global-header-display":"","ast-banner-title-visibility":"","ast-main-header-display":"","ast-hfb-above-header-display":"","ast-hfb-below-header-display":"","ast-hfb-mobile-header-display":"","site-post-title":"","ast-breadcrumbs-content":"","ast-featured-img":"","footer-sml-layout":"","theme-transparent-header-meta":"default","adv-header-id-meta":"","stick-header-meta":"","header-above-stick-meta":"","header-main-stick-meta":"","header-below-stick-meta":"","astra-migrate-meta-layouts":"set","ast-page-background-enabled":"default","ast-page-background-meta":{"desktop":{"background-color":"var(--ast-global-color-4)","background-image":"","background-repeat":"repeat","background-position":"center center","background-size":"auto","background-attachment":"scroll","background-type":"","background-media":"","overlay-type":"","overlay-color":"","overlay-opacity":"","overlay-gradient":""},"tablet":{"background-color":"","background-image":"","background-repeat":"repeat","background-position":"center center","background-size":"auto","background-attachment":"scroll","background-type":"","background-media":"","overlay-type":"","overlay-color":"","overlay-opacity":"","overlay-gradient":""},"mobile":{"background-color":"","background-image":"","background-repeat":"repeat","background-position":"center center","background-size":"auto","background-attachment":"scroll","background-type":"","background-media":"","overlay-type":"","overlay-color":"","overlay-opacity":"","overlay-gradient":""}},"ast-content-background-meta":{"desktop":{"background-color":"var(--ast-global-color-5)","background-image":"","background-repeat":"repeat","background-position":"center center","background-size":"auto","background-attachment":"scroll","background-type":"","background-media":"","overlay-type":"","overlay-color":"","overlay-opacity":"","overlay-gradient":""},"tablet":{"background-color":"var(--ast-global-color-5)","background-image":"","background-repeat":"repeat","background-position":"center center","background-size":"auto","background-attachment":"scroll","background-type":"","background-media":"","overlay-type":"","overlay-color":"","overlay-opacity":"","overlay-gradient":""},"mobile":{"background-color":"var(--ast-global-color-5)","background-image":"","background-repeat":"repeat","background-position":"center center","background-size":"auto","background-attachment":"scroll","background-type":"","background-media":"","overlay-type":"","overlay-color":"","overlay-opacity":"","overlay-gradient":""}}},"product_brand":[],"product_cat":[23],"product_tag":[],"class_list":{"0":"post-22611","1":"product","2":"type-product","3":"status-publish","4":"has-post-thumbnail","6":"product_cat-pile-hydraulic-impact-hammers","7":"desktop-align-left","8":"tablet-align-left","9":"mobile-align-left","11":"first","12":"instock","13":"shipping-taxable","14":"product-type-simple"},"_links":{"self":[{"href":"https:\/\/www.juweihammer.com\/es\/wp-json\/wp\/v2\/product\/22611","targetHints":{"allow":["GET"]}}],"collection":[{"href":"https:\/\/www.juweihammer.com\/es\/wp-json\/wp\/v2\/product"}],"about":[{"href":"https:\/\/www.juweihammer.com\/es\/wp-json\/wp\/v2\/types\/product"}],"version-history":[{"count":4,"href":"https:\/\/www.juweihammer.com\/es\/wp-json\/wp\/v2\/product\/22611\/revisions"}],"predecessor-version":[{"id":22624,"href":"https:\/\/www.juweihammer.com\/es\/wp-json\/wp\/v2\/product\/22611\/revisions\/22624"}],"wp:featuredmedia":[{"embeddable":true,"href":"https:\/\/www.juweihammer.com\/es\/wp-json\/wp\/v2\/media\/22561"}],"wp:attachment":[{"href":"https:\/\/www.juweihammer.com\/es\/wp-json\/wp\/v2\/media?parent=22611"}],"wp:term":[{"taxonomy":"product_brand","embeddable":true,"href":"https:\/\/www.juweihammer.com\/es\/wp-json\/wp\/v2\/product_brand?post=22611"},{"taxonomy":"product_cat","embeddable":true,"href":"https:\/\/www.juweihammer.com\/es\/wp-json\/wp\/v2\/product_cat?post=22611"},{"taxonomy":"product_tag","embeddable":true,"href":"https:\/\/www.juweihammer.com\/es\/wp-json\/wp\/v2\/product_tag?post=22611"}],"curies":[{"name":"wp","href":"https:\/\/api.w.org\/{rel}","templated":true}]}}