{"id":2646,"date":"2024-07-26T05:46:47","date_gmt":"2024-07-26T05:46:47","guid":{"rendered":"https:\/\/www.juweihammer.com\/?post_type=product&#038;p=2646"},"modified":"2024-08-01T06:29:29","modified_gmt":"2024-08-01T06:29:29","slug":"4ton-hydraulic-pile-driving-hammer-china-supplier","status":"publish","type":"product","link":"https:\/\/www.juweihammer.com\/de\/produkt\/4ton-hydraulic-pile-driving-hammer-china-supplier\/","title":{"rendered":"4t Hydraulischer Rammhammer | China Lieferant"},"content":{"rendered":"<p><span data-slate-fragment=\"JTVCJTdCJTIydHlwZSUyMiUzQSUyMnBhcmFncmFwaCUyMiUyQyUyMmNoaWxkcmVuJTIyJTNBJTVCJTdCJTIyaWQlMjIlM0ElMjJCWnlwQWdqNVF6JTIyJTJDJTIycGFyYUlkeCUyMiUzQTAlMkMlMjJzcmMlMjIlM0ElMjJKdXdlaSUyMGlzJTIwdGhlJTIwdG9wJTIwMSUyMG1hbnVmYWN0dXJlcnMlMjBhbmQlMjBzdXBwbGllcnMlMjBvZiUyMEREJTIwcmFpbCUyMGhhbW1lcnMlMjBpbiUyMENoaW5hJTIyJTJDJTIyZHN0JTIyJTNBJTIyJUU1JUI3JUE4JUU1JUE4JTgxJUU2JTk4JUFGJUU0JUI4JUFEJUU1JTlCJUJEREQlRTklOTIlQTIlRTglQkQlQTglRTklOTQlQTQlRTclOUElODQlRTclQUMlQUMlRTQlQjglODAlRTUlQTQlQTclRTUlODglQjYlRTklODAlQTAlRTUlOTUlODYlRTUlOTIlOEMlRTQlQkUlOUIlRTUlQkElOTQlRTUlOTUlODYlMjIlMkMlMjJtZXRhZGF0YSUyMiUzQSUyMiUyMiUyQyUyMm1ldGFEYXRhJTIyJTNBJTVCJTVEJTJDJTIydGV4dCUyMiUzQSUyMkp1d2VpJTIwaXMlMjB0aGUlMjB0b3AlMjAxJTIwbWFudWZhY3R1cmVycyUyMGFuZCUyMHN1cHBsaWVycyUyMG9mJTIwREQlMjByYWlsJTIwaGFtbWVycyUyMGluJTIwQ2hpbmElMjIlN0QlNUQlN0QlNUQ=\">Juwei ist einer der 10 gr\u00f6\u00dften Hersteller und Lieferanten von hydraulischen Schlagh\u00e4mmern in der Welt. <\/span>Die Rammger\u00e4te von Juwei verf\u00fcgen \u00fcber mehr als 30 Jahre Erfahrung in der Entwicklung, Herstellung und Anwendung. <span style=\"color: #0000ff;\"><strong>Klicken Sie auf die Schaltfl\u00e4che \"Fabrik\", um mehr zu erfahren!<\/strong><\/span><\/p>\n<p><strong><b>#<\/b><\/strong><strong><b>Energieeinsparung und Umweltschutz<\/b><\/strong><\/p>\n<p>Der hydraulische Schlaghammer der HI-Serie von Juwei wird von einem Hydrauliksystem angetrieben, das eine pr\u00e4zise Steuerung der Schlagkraft und -frequenz erm\u00f6glicht. Im Vergleich zu herk\u00f6mmlichen Dieselh\u00e4mmern ist er ger\u00e4uscharm, schadstoffarm und hat eine h\u00f6here Energieumwandlungseffizienz.<\/p>\n<p>Der Schaltschrank wird von mehreren Motoren angetrieben, was eine hervorragende Wirtschaftlichkeit, Zuverl\u00e4ssigkeit und Gesamtleistung gew\u00e4hrleistet.<\/p>\n<p><strong># <\/strong><strong><b>System-Zuverl\u00e4ssigkeit<\/b><\/strong><\/p>\n<p>Das System ist mit hochwertigen Komponenten wie Hydraulikpumpen, -ventilen und -zylindern ausgestattet, die sich durch hohe Vibrationsd\u00e4mpfung, Sto\u00dffestigkeit und Langlebigkeit auszeichnen und eine hohe Zuverl\u00e4ssigkeit gew\u00e4hrleisten.<\/p>\n<p>Das Material des Hammerkerns und die W\u00e4rmebehandlung werden sorgf\u00e4ltig ausgew\u00e4hlt, um Temperaturbest\u00e4ndigkeit, Verschlei\u00dffestigkeit, Vibrationsd\u00e4mpfung und Schlagfestigkeit zu optimieren. Der Hoch- und Niederdruckspeicher verf\u00fcgt \u00fcber eine kompakte Kolbenkonstruktion, die die Zuverl\u00e4ssigkeit erh\u00f6ht.<\/p>\n<p><strong>#<\/strong><strong><b>Breiter Anwendungsbereich<\/b><\/strong><\/p>\n<p>Ausgestattet mit leicht austauschbaren Pfahlkappen aus Verbundwerkstoff, die sich an verschiedene Pfahlformen und -materialien anpassen lassen. Die Schlagkraft und die Frequenz des Hammers k\u00f6nnen je nach geologischen Bedingungen und der St\u00e4rke des Pfahlmaterials eingestellt und kontrolliert werden.<\/p>\n<p>Hydraulische Pfahlrammen sind eine wirtschaftliche und umweltfreundliche L\u00f6sung f\u00fcr das Einbringen von Stahl- oder Betonpf\u00e4hlen sowohl an Land als auch auf See. Sie k\u00f6nnen auf Rammger\u00e4ten, Kranaufh\u00e4ngungen, Raupenkr\u00e4nen und Schiffen betrieben werden.<\/p>\n<ul>\n<li>Sehr gut geeignet f\u00fcr Offshore-Projekte, Windkraftanlagen, \u00d6l- und Gasplattformen, Hafen- und Dockbau sowie Offshore-Br\u00fccken.<\/li>\n<li>Geeignet f\u00fcr verschiedene Geb\u00e4udefundamente, Fanged\u00e4mme im Holzbau sowie f\u00fcr \u00f6ffentliche Einrichtungen wie Kraftwerke und Wasseraufbereitungsanlagen.<\/li>\n<\/ul>\n<p><span style=\"color: #0000ff;\"><strong>Klicken Sie auf die Schaltfl\u00e4che \"Projekt\", um mehr zu erfahren!<\/strong><\/span><\/p>\n<p><strong>#Pile-Typen<\/strong><\/p>\n<p>Der hydraulische Schlaghammer von Juwei kann verschiedene Arten von Pf\u00e4hlen einschlagen, darunter Betonfertigteilpf\u00e4hle, H-Tr\u00e4ger, runde Pf\u00e4hle, Stahlrohrpf\u00e4hle, quadratische Pf\u00e4hle, Holzpf\u00e4hle, usw.<\/p>\n<p><strong>1TP5Kundenspezifische L\u00f6sungen:<\/strong><\/p>\n<p>Unser Ingenieurteam kann auf der Grundlage Ihrer Projektsituation ma\u00dfgeschneiderte L\u00f6sungen erarbeiten. Je nach Art, Gr\u00f6\u00dfe und Bodenbeschaffenheit der Pf\u00e4hle kann auch die erforderliche Tragf\u00e4higkeit der Rammger\u00e4te variieren. Sie k\u00f6nnen einen Bericht \u00fcber die Bodenbeschaffenheit, den Pfahltyp und die Rammausr\u00fcstung zur Verf\u00fcgung stellen. Wir liefern H\u00e4mmer, die mit dem Entwurf kompatibel sind.<\/p>\n<p><strong>#PVerpackung und Transport<\/strong>:<\/p>\n<p>Verpackung: Mit Export-Standard-Stahl-Transport-Tools f\u00fcr die Verpackung<br \/>\nTransport: 20GP oder 40GP Containertransport<\/p>\n<p><strong>1TP5Spezifikationen:<\/strong><\/p>\n<div style=\"overflow-x: auto;\">\n<table style=\"border-collapse: collapse; width: 100%;\" border=\"1\" cellspacing=\"0\" cellpadding=\"0\">\n<tbody>\n<tr style=\"height: 20.00pt;\">\n<td style=\"width: 40%;\" align=\"center\"><strong>Spezifikationen<\/strong><\/td>\n<td style=\"width: 30%;\" align=\"center\"><strong>Typ<\/strong><\/td>\n<td style=\"width: 30%;\" align=\"center\"><strong>HI-80<\/strong><\/td>\n<\/tr>\n<tr style=\"height: 20.00pt;\">\n<td style=\"width: 40%;\" align=\"center\">Power Pack Modell (optional)<\/td>\n<td style=\"width: 30%;\" align=\"center\"><\/td>\n<td style=\"width: 30%;\" align=\"center\">180P<\/td>\n<\/tr>\n<tr style=\"height: 20.00pt;\">\n<td style=\"width: 40%;\" align=\"center\">Power Pack Modell (Diesel)<\/td>\n<td style=\"width: 30%;\" align=\"center\"><\/td>\n<td style=\"width: 30%;\" align=\"center\">CUMMINS-C180<\/td>\n<\/tr>\n<tr style=\"height: 20.00pt;\">\n<td style=\"width: 40%;\" align=\"center\">Power Pack Modell (Motor)<\/td>\n<td style=\"width: 30%;\" align=\"center\"><\/td>\n<td style=\"width: 30%;\" align=\"center\">100EP<\/td>\n<\/tr>\n<tr style=\"height: 20.00pt;\">\n<td style=\"width: 40%;\" align=\"center\">Motorleistung<\/td>\n<td style=\"width: 30%;\" align=\"center\">KW<\/td>\n<td style=\"width: 30%;\" align=\"center\">75<\/td>\n<\/tr>\n<tr style=\"height: 20.00pt;\">\n<td style=\"width: 40%;\" align=\"center\">Max.Hub Energie<\/td>\n<td style=\"width: 30%;\" align=\"center\">kN.m<\/td>\n<td style=\"width: 30%;\" align=\"center\">80<\/td>\n<\/tr>\n<tr style=\"height: 24.00pt;\">\n<td style=\"width: 40%;\" align=\"center\">Max. Hub<\/td>\n<td style=\"width: 30%;\" align=\"center\">mm<\/td>\n<td style=\"width: 30%;\" align=\"center\">1600<\/td>\n<\/tr>\n<tr style=\"height: 20.00pt;\">\n<td style=\"width: 40%;\" align=\"center\">H\u00e4ufigkeit (Min\/Max)<\/td>\n<td style=\"width: 30%;\" align=\"center\">bpm<\/td>\n<td style=\"width: 30%;\" align=\"center\">36\/80<\/td>\n<\/tr>\n<tr style=\"height: 20.00pt;\">\n<td style=\"width: 40%;\" align=\"center\">Widder Gewicht<\/td>\n<td style=\"width: 30%;\" align=\"center\">kg<\/td>\n<td style=\"width: 30%;\" align=\"center\">4000<\/td>\n<\/tr>\n<tr style=\"height: 20.00pt;\">\n<td style=\"width: 40%;\" align=\"center\">Gesamtgewicht (ohne Kappe)<\/td>\n<td style=\"width: 30%;\" align=\"center\">kg<\/td>\n<td style=\"width: 30%;\" align=\"center\">7790<\/td>\n<\/tr>\n<tr style=\"height: 24.00pt;\">\n<td style=\"width: 40%;\" align=\"center\">Gesamth\u00f6he (au\u00dfer Kappe)<\/td>\n<td style=\"width: 30%;\" align=\"center\">mm<\/td>\n<td style=\"width: 30%;\" align=\"center\">4850<\/td>\n<\/tr>\n<tr style=\"height: 20.00pt;\">\n<td style=\"width: 100%; border-right: 1.0pt solid #000000;\" colspan=\"3\" align=\"center\"><strong>Power Pack Modell (Motor): 100EP<\/strong><\/td>\n<\/tr>\n<tr style=\"height: 27.00pt;\">\n<td style=\"width: 40%;\" align=\"center\">Motorleistung<\/td>\n<td style=\"width: 30%;\" align=\"center\">kw<\/td>\n<td style=\"width: 30%;\" align=\"center\">75<\/td>\n<\/tr>\n<tr style=\"height: 20.00pt;\">\n<td style=\"width: 40%;\" align=\"center\">Nenndruck<\/td>\n<td style=\"width: 30%;\" align=\"center\">Mpa<\/td>\n<td style=\"width: 30%;\" align=\"center\">26<\/td>\n<\/tr>\n<tr style=\"height: 15.75pt;\">\n<td style=\"width: 40%;\" align=\"center\">Max. Durchfluss<\/td>\n<td style=\"width: 30%;\" align=\"center\">L\/min<\/td>\n<td style=\"width: 30%;\" align=\"center\">200<\/td>\n<\/tr>\n<tr style=\"height: 15.75pt;\">\n<td style=\"width: 40%;\" align=\"center\">Hydraulik\u00f6ltank<\/td>\n<td style=\"width: 30%;\" align=\"center\">L<\/td>\n<td style=\"width: 30%;\" align=\"center\">900<\/td>\n<\/tr>\n<tr style=\"height: 15.75pt;\">\n<td style=\"width: 40%;\" align=\"center\">Nettogewicht<\/td>\n<td style=\"width: 30%;\" align=\"center\">kg<\/td>\n<td style=\"width: 30%;\" align=\"center\">3050<\/td>\n<\/tr>\n<\/tbody>\n<\/table>\n<\/div>","protected":false},"excerpt":{"rendered":"<p>Der hydraulische Rammb\u00e4r der Juwei HI-Serie hat eine einfache Struktur, die den Hammerkern durch hydraulische Energie anhebt und dann die potenzielle Gravitationsenergie nutzt, um das Pfahlende zu schlagen.<\/p>\n<ul>\n<li>Modell: HI-80<\/li>\n<li>Widder Gewicht: 4 Tonnen<\/li>\n<li>Max. Energie: 80 kj<\/li>\n<li><span data-slate-fragment=\"JTVCJTdCJTIydHlwZSUyMiUzQSUyMnBhcmFncmFwaCUyMiUyQyUyMmNoaWxkcmVuJTIyJTNBJTVCJTdCJTIyaWQlMjIlM0ElMjJ6ZzEzeDNNMkFlJTIyJTJDJTIycGFyYUlkeCUyMiUzQTMlMkMlMjJzcmMlMjIlM0ElMjI0LiUyMENvbnZlbmllbnQlMjBNYWludGVuYW5jZSUyMiUyQyUyMmRzdCUyMiUzQSUyMjQuJUU3JUJCJUI0JUU2JThBJUE0JUU2JTk2JUI5JUU0JUJFJUJGJTIyJTJDJTIybWV0YWRhdGElMjIlM0ElMjIlMjIlMkMlMjJtZXRhRGF0YSUyMiUzQSU1QiU1RCUyQyUyMnRleHQlMjIlM0ElMjJDb252ZW5pZW50JTIwTWFpbnRlbmFuY2UlMjIlN0QlNUQlN0QlNUQ=\">Hohe Aufprallenergie<\/span><\/li>\n<li>Genaue Kontrolle<\/li>\n<li>Verbesserung der Effizienz<\/li>\n<li>Erbringung von Kundendienstleistungen.<\/li>\n<\/ul>","protected":false},"featured_media":2621,"template":"","meta":{"_seopress_robots_primary_cat":"none","_seopress_titles_title":"4ton Hydraulic Pile Driving Hammer - China Supplier","_seopress_titles_desc":"4ton hydraulic pile driving hammer compared with traditional diesel hammers, it has low noise and pollution, higher energy conversion efficiency. Get Quote!","_seopress_robots_index":"","site-sidebar-layout":"default","site-content-layout":"","ast-site-content-layout":"","site-content-style":"default","site-sidebar-style":"default","ast-global-header-display":"","ast-banner-title-visibility":"","ast-main-header-display":"","ast-hfb-above-header-display":"","ast-hfb-below-header-display":"","ast-hfb-mobile-header-display":"","site-post-title":"","ast-breadcrumbs-content":"","ast-featured-img":"","footer-sml-layout":"","theme-transparent-header-meta":"","adv-header-id-meta":"","stick-header-meta":"","header-above-stick-meta":"","header-main-stick-meta":"","header-below-stick-meta":"","astra-migrate-meta-layouts":"default","ast-page-background-enabled":"default","ast-page-background-meta":{"desktop":{"background-color":"var(--ast-global-color-4)","background-image":"","background-repeat":"repeat","background-position":"center center","background-size":"auto","background-attachment":"scroll","background-type":"","background-media":"","overlay-type":"","overlay-color":"","overlay-opacity":"","overlay-gradient":""},"tablet":{"background-color":"","background-image":"","background-repeat":"repeat","background-position":"center center","background-size":"auto","background-attachment":"scroll","background-type":"","background-media":"","overlay-type":"","overlay-color":"","overlay-opacity":"","overlay-gradient":""},"mobile":{"background-color":"","background-image":"","background-repeat":"repeat","background-position":"center center","background-size":"auto","background-attachment":"scroll","background-type":"","background-media":"","overlay-type":"","overlay-color":"","overlay-opacity":"","overlay-gradient":""}},"ast-content-background-meta":{"desktop":{"background-color":"var(--ast-global-color-5)","background-image":"","background-repeat":"repeat","background-position":"center center","background-size":"auto","background-attachment":"scroll","background-type":"","background-media":"","overlay-type":"","overlay-color":"","overlay-opacity":"","overlay-gradient":""},"tablet":{"background-color":"var(--ast-global-color-5)","background-image":"","background-repeat":"repeat","background-position":"center center","background-size":"auto","background-attachment":"scroll","background-type":"","background-media":"","overlay-type":"","overlay-color":"","overlay-opacity":"","overlay-gradient":""},"mobile":{"background-color":"var(--ast-global-color-5)","background-image":"","background-repeat":"repeat","background-position":"center center","background-size":"auto","background-attachment":"scroll","background-type":"","background-media":"","overlay-type":"","overlay-color":"","overlay-opacity":"","overlay-gradient":""}}},"product_brand":[],"product_cat":[23],"product_tag":[],"class_list":{"0":"post-2646","1":"product","2":"type-product","3":"status-publish","4":"has-post-thumbnail","6":"product_cat-pile-hydraulic-impact-hammers","7":"desktop-align-left","8":"tablet-align-left","9":"mobile-align-left","11":"first","12":"instock","13":"shipping-taxable","14":"product-type-simple"},"_links":{"self":[{"href":"https:\/\/www.juweihammer.com\/de\/wp-json\/wp\/v2\/product\/2646","targetHints":{"allow":["GET"]}}],"collection":[{"href":"https:\/\/www.juweihammer.com\/de\/wp-json\/wp\/v2\/product"}],"about":[{"href":"https:\/\/www.juweihammer.com\/de\/wp-json\/wp\/v2\/types\/product"}],"version-history":[{"count":1,"href":"https:\/\/www.juweihammer.com\/de\/wp-json\/wp\/v2\/product\/2646\/revisions"}],"predecessor-version":[{"id":3077,"href":"https:\/\/www.juweihammer.com\/de\/wp-json\/wp\/v2\/product\/2646\/revisions\/3077"}],"wp:featuredmedia":[{"embeddable":true,"href":"https:\/\/www.juweihammer.com\/de\/wp-json\/wp\/v2\/media\/2621"}],"wp:attachment":[{"href":"https:\/\/www.juweihammer.com\/de\/wp-json\/wp\/v2\/media?parent=2646"}],"wp:term":[{"taxonomy":"product_brand","embeddable":true,"href":"https:\/\/www.juweihammer.com\/de\/wp-json\/wp\/v2\/product_brand?post=2646"},{"taxonomy":"product_cat","embeddable":true,"href":"https:\/\/www.juweihammer.com\/de\/wp-json\/wp\/v2\/product_cat?post=2646"},{"taxonomy":"product_tag","embeddable":true,"href":"https:\/\/www.juweihammer.com\/de\/wp-json\/wp\/v2\/product_tag?post=2646"}],"curies":[{"name":"wp","href":"https:\/\/api.w.org\/{rel}","templated":true}]}}