{"id":2578,"date":"2024-07-24T06:31:36","date_gmt":"2024-07-24T06:31:36","guid":{"rendered":"https:\/\/www.juweihammer.com\/?post_type=product&#038;p=2578"},"modified":"2025-04-07T10:35:38","modified_gmt":"2025-04-07T10:35:38","slug":"dd85-diesel-pile-driving-equipment-8-5ton-pile-hammer","status":"publish","type":"product","link":"https:\/\/www.juweihammer.com\/de\/produkt\/dd85-diesel-pile-driving-equipment-8-5ton-pile-hammer\/","title":{"rendered":"DD85 Diesel Rammger\u00e4t | 8.5ton Pfahlhammer"},"content":{"rendered":"<p><strong>DD F\u00fchrungsstange Diesel Hammer Viedo:<\/strong><\/p>\n<div class=\"ast-oembed-container\" style=\"height: 100%;\"><iframe title=\"DD F\u00fchrungsstangen-Dieselhammer f\u00fcr Stahl-Rundpf\u00e4hle1TP5Pfahlbau #chinafactory 1TP5Pfahlramme 1TP5Hammer\" width=\"500\" height=\"281\" src=\"https:\/\/www.youtube.com\/embed\/AZduXLgvqkA?feature=oembed\" frameborder=\"0\" allow=\"accelerometer; autoplay; clipboard-write; encrypted-media; gyroscope; picture-in-picture; web-share\" referrerpolicy=\"strict-origin-when-cross-origin\" allowfullscreen><\/iframe><\/div>\n<p><span data-slate-fragment=\"JTVCJTdCJTIydHlwZSUyMiUzQSUyMnBhcmFncmFwaCUyMiUyQyUyMmNoaWxkcmVuJTIyJTNBJTVCJTdCJTIyaWQlMjIlM0ElMjJCWnlwQWdqNVF6JTIyJTJDJTIycGFyYUlkeCUyMiUzQTAlMkMlMjJzcmMlMjIlM0ElMjJKdXdlaSUyMGlzJTIwdGhlJTIwdG9wJTIwMSUyMG1hbnVmYWN0dXJlcnMlMjBhbmQlMjBzdXBwbGllcnMlMjBvZiUyMEREJTIwcmFpbCUyMGhhbW1lcnMlMjBpbiUyMENoaW5hJTIyJTJDJTIyZHN0JTIyJTNBJTIyJUU1JUI3JUE4JUU1JUE4JTgxJUU2JTk4JUFGJUU0JUI4JUFEJUU1JTlCJUJEREQlRTklOTIlQTIlRTglQkQlQTglRTklOTQlQTQlRTclOUElODQlRTclQUMlQUMlRTQlQjglODAlRTUlQTQlQTclRTUlODglQjYlRTklODAlQTAlRTUlOTUlODYlRTUlOTIlOEMlRTQlQkUlOUIlRTUlQkElOTQlRTUlOTUlODYlMjIlMkMlMjJtZXRhZGF0YSUyMiUzQSUyMiUyMiUyQyUyMm1ldGFEYXRhJTIyJTNBJTVCJTVEJTJDJTIydGV4dCUyMiUzQSUyMkp1d2VpJTIwaXMlMjB0aGUlMjB0b3AlMjAxJTIwbWFudWZhY3R1cmVycyUyMGFuZCUyMHN1cHBsaWVycyUyMG9mJTIwREQlMjByYWlsJTIwaGFtbWVycyUyMGluJTIwQ2hpbmElMjIlN0QlNUQlN0QlNUQ=\">Juwei ist der Top 1 Hersteller und Lieferant von DD F\u00fchrungsstange Dieselramme in China. <\/span>Die Diesel-Rammh\u00e4mmer der DD-Serie von Juwei verf\u00fcgen \u00fcber mehr als 30 Jahre Erfahrung in der Entwicklung, Herstellung und Anwendung. <span style=\"color: #0000ff;\"><strong>Klicken Sie auf die Schaltfl\u00e4che \"Fabrik\", um mehr zu erfahren!<\/strong><\/span><\/p>\n<p><strong>Der Dieselhammer mit F\u00fchrungsstange D kann in leichte, mittlere und schwere Typen unterteilt werden.<\/strong><\/p>\n<p><strong><b># Leichtes Modell<\/b><\/strong><\/p>\n<p>Modell umfassen: DD4, DD6, DD12, DD18, DD25, DD30<\/p>\n<p>Der leichte Dieselhammer mit F\u00fchrungsstange ist f\u00fcr das Eintreiben von Stahlbeton, Metallpf\u00e4hlen, Holzpf\u00e4hlen und Spundw\u00e4nden in den Untergrund konzipiert. Dieses multifunktionale Ger\u00e4t ist bei verschiedenen Bauanwendungen von entscheidender Bedeutung, darunter:<\/p>\n<ul>\n<li>Projekte der elektrischen Energietechnik<\/li>\n<li>Stiftung der \u00d6l- und Gasindustrie<\/li>\n<li>Bau von Fundamenten und Plattformen f\u00fcr industrielle und zivile Geb\u00e4ude<\/li>\n<\/ul>\n<p>Diese Rammger\u00e4te werden normalerweise auf Raupen- und Radmaschinen installiert. Die Modernisierung von Raupenkr\u00e4nen und Baggern beinhaltet den Einbau von Pf\u00e4hlen, um einen effizienten Betrieb zu erreichen.<\/p>\n<p>Zu den Hauptmerkmalen dieses leichten Rammger\u00e4ts geh\u00f6ren seine enorme Schlagkraft und die langlebigen Kolbenringe. Dieser Hammer wird weithin in Regionen wie Russland, Indonesien, die Philippinen, Afrika und S\u00fcdostasien exportiert, und seine Zuverl\u00e4ssigkeit und Leistung sind anerkannt.<\/p>\n<p><strong># Medium Modell<\/strong><\/p>\n<p>Modell umfassen: DD35, DD45, DD55, DD65, DD75, DD85, DD105<\/p>\n<p>Der mittelgro\u00dfe Rammhammer mit F\u00fchrungsstange eignet sich zum Rammen verschiedener Arten von Pf\u00e4hlen, darunter Stahlbetonpf\u00e4hle, Stahlpf\u00e4hle, Spundw\u00e4nde, H-Tr\u00e4ger, runde Pf\u00e4hle, quadratische Pf\u00e4hle und Holzpf\u00e4hle. Diese mittelgro\u00dfe Rammausr\u00fcstung ist sehr geeignet f\u00fcr Fundamente und St\u00fctzstrukturen in den folgenden Bereichen:<\/p>\n<ul>\n<li>\u00d6l- und Gasindustrie<\/li>\n<li>Elektrizit\u00e4t und Energie<\/li>\n<li>Industrie<\/li>\n<li>Bauingenieurwesen<\/li>\n<li>Wasserbau<\/li>\n<\/ul>\n<p>Dieser Rammhammer ist mit Raupenkr\u00e4nen, Baggern, Rammger\u00e4ten mit Masten, schwimmenden Rammger\u00e4ten und gehenden Rammger\u00e4ten kompatibel und zeichnet sich durch Vielseitigkeit und Effizienz aus.<br \/>\nUnsere mittelgro\u00dfen DD-Dieselh\u00e4mmer werden weithin nach S\u00fcdostasien, in den Nahen Osten, nach Europa, Afrika und S\u00fcdamerika exportiert.<\/p>\n<p><strong>#Heavy Modell<\/strong><\/p>\n<p>Zu den Modellen geh\u00f6ren: DD128, DD160, DD180, DD200, DD220, DD300, DD350, DD400, DD450, DD500<\/p>\n<p>Der schwere DD-Rammhammer hat die schwerste Schlagkomponente und ist damit das effizienteste Ger\u00e4t f\u00fcr Rammarbeiten. Er ist eine ideale Wahl f\u00fcr die folgenden Zwecke:<\/p>\n<ul>\n<li><span data-slate-fragment=\"JTVCJTdCJTIydHlwZSUyMiUzQSUyMnBhcmFncmFwaCUyMiUyQyUyMmNoaWxkcmVuJTIyJTNBJTVCJTdCJTIyaWQlMjIlM0ElMjJlRU5SazlnUjdWJTIyJTJDJTIycGFyYUlkeCUyMiUzQTElMkMlMjJzcmMlMjIlM0ElMjJPZmZzaG9yZSUyME9wZXJhdGlvbnMlMjIlMkMlMjJkc3QlMjIlM0ElMjJPZmZzaG9yZSUyME9wZXJhdGlvbnMlMjIlMkMlMjJtZXRhZGF0YSUyMiUzQSUyMiUyMiUyQyUyMm1ldGFEYXRhJTIyJTNBJTVCJTVEJTJDJTIydGV4dCUyMiUzQSUyMk9mZnNob3JlJTIwT3BlcmF0aW9ucyUyMiU3RCU1RCU3RCU1RA==\">Offshore-Betrieb<\/span><\/li>\n<li><span data-slate-fragment=\"JTVCJTdCJTIydHlwZSUyMiUzQSUyMnBhcmFncmFwaCUyMiUyQyUyMmNoaWxkcmVuJTIyJTNBJTVCJTdCJTIyaWQlMjIlM0ElMjJCbzEwNjRQMG5WJTIyJTJDJTIycGFyYUlkeCUyMiUzQTIlMkMlMjJzcmMlMjIlM0ElMjJPZmZzaG9yZSUyMERyaWxsaW5nJTIwUGxhdGZvcm1zJTIyJTJDJTIyZHN0JTIyJTNBJTIyT2Zmc2hvcmUlMjBEcmlsbGluZyUyMFBsYXRmb3JtcyUyMiUyQyUyMm1ldGFkYXRhJTIyJTNBJTIyJTIyJTJDJTIybWV0YURhdGElMjIlM0ElNUIlNUQlMkMlMjJ0ZXh0JTIyJTNBJTIyT2Zmc2hvcmUlMjBEcmlsbGluZyUyMFBsYXRmb3JtcyUyMiU3RCU1RCU3RCU1RA==\">Offshore-Bohrplattformen<\/span><\/li>\n<li><span data-slate-fragment=\"JTVCJTdCJTIydHlwZSUyMiUzQSUyMnBhcmFncmFwaCUyMiUyQyUyMmNoaWxkcmVuJTIyJTNBJTVCJTdCJTIyaWQlMjIlM0ElMjJWMHJZOW9MWUFCJTIyJTJDJTIycGFyYUlkeCUyMiUzQTMlMkMlMjJzcmMlMjIlM0ElMjJEZWVwd2F0ZXIlMjBQb3J0cyUyMiUyQyUyMmRzdCUyMiUzQSUyMkRlZXB3YXRlciUyMFBvcnRzJTIyJTJDJTIybWV0YWRhdGElMjIlM0ElMjIlMjIlMkMlMjJtZXRhRGF0YSUyMiUzQSU1QiU1RCUyQyUyMnRleHQlMjIlM0ElMjJEZWVwd2F0ZXIlMjBQb3J0cyUyMiU3RCU1RCU3RCU1RA==\">Tiefseeh\u00e4fen<\/span><\/li>\n<li><span data-slate-fragment=\"JTVCJTdCJTIydHlwZSUyMiUzQSUyMnBhcmFncmFwaCUyMiUyQyUyMmNoaWxkcmVuJTIyJTNBJTVCJTdCJTIyaWQlMjIlM0ElMjJlSlJHNGdPR0RlJTIyJTJDJTIycGFyYUlkeCUyMiUzQTQlMkMlMjJzcmMlMjIlM0ElMjJCcmlkZ2UlMjBDb25zdHJ1Y3Rpb24lMjIlMkMlMjJkc3QlMjIlM0ElMjJCcmlkZ2UlMjBDb25zdHJ1Y3Rpb24lMjIlMkMlMjJtZXRhZGF0YSUyMiUzQSUyMiUyMiUyQyUyMm1ldGFEYXRhJTIyJTNBJTVCJTVEJTJDJTIydGV4dCUyMiUzQSUyMkJyaWRnZSUyMENvbnN0cnVjdGlvbiUyMiU3RCU1RCU3RCU1RA==\">Br\u00fcckenbau<\/span><\/li>\n<li><span data-slate-fragment=\"JTVCJTdCJTIydHlwZSUyMiUzQSUyMnBhcmFncmFwaCUyMiUyQyUyMmNoaWxkcmVuJTIyJTNBJTVCJTdCJTIyaWQlMjIlM0ElMjJCWHd5RFBPeTd6JTIyJTJDJTIycGFyYUlkeCUyMiUzQTUlMkMlMjJzcmMlMjIlM0ElMjJCb3RoJTIwVGVycmVzdHJpYWwlMjBhbmQlMjBBcXVhdGljJTIwQnVpbGRpbmclMjBQcm9qZWN0cyUyMiUyQyUyMmRzdCUyMiUzQSUyMkJvdGglMjBUZXJyZXN0cmlhbCUyMGFuZCUyMEFxdWF0aWMlMjBCdWlsZGluZyUyMFByb2plY3RzJTIyJTJDJTIybWV0YWRhdGElMjIlM0ElMjIlMjIlMkMlMjJtZXRhRGF0YSUyMiUzQSU1QiU1RCUyQyUyMnRleHQlMjIlM0ElMjJUZXJyZXN0cmlhbCUyMGFuZCUyMEFxdWF0aWMlMjBCdWlsZGluZyUyMFByb2plY3RzJTIyJTdEJTVEJTdEJTVE\">Terrestrische und aquatische Bauprojekte<\/span><\/li>\n<\/ul>\n<p>Unsere Hochleistungs-Dieselh\u00e4mmer sind in Nordamerika, S\u00fcdamerika, dem Nahen Osten, Asien, Afrika, Europa, Russland und der T\u00fcrkei weit verbreitet.<br \/>\nDD-128 und DD-200: Ausgestattet mit zwei F\u00fchrungsschienen f\u00fcr die Bewegung der Aufprallkomponenten.<br \/>\nDD-300 und schwerere Modelle: mit vier F\u00fchrungsschienen, stapelbar in einer Neigung von 1:3<\/p>\n<p><span style=\"color: #0000ff;\"><strong>Klicken Sie auf die Schaltfl\u00e4che \"DD Series Details\", um mehr zu erfahren!<\/strong><\/span><\/p>\n<p><strong>1TP5Kundenspezifische L\u00f6sungen:<\/strong><\/p>\n<p>Unser Ingenieurteam kann auf der Grundlage Ihrer Projektsituation ma\u00dfgeschneiderte L\u00f6sungen erarbeiten. Sie k\u00f6nnen einen Bericht \u00fcber die Bodenadresse, den Pfahltyp und die Rammausr\u00fcstung zur Verf\u00fcgung stellen. Wir stellen einen Zylinderhammer zur Verf\u00fcgung, der mit dem Design kompatibel ist.<\/p>\n<p><strong>#PVerpackung und Transport<\/strong>:<\/p>\n<p>Verpackung: Mit Export-Standard-Stahl-Transport-Tools f\u00fcr die Verpackung<br \/>\nTransport: 20GP oder 40GP Containertransport<\/p>\n<p><strong>1TP5Spezifikationen:<\/strong><\/p>\n<style>\n    .table-container {<br \/>        overflow-x: auto;<br \/>        margin: 0 auto;<br \/>    }<br \/>    table {<br \/>        width: 100%;<br \/>        border-collapse: collapse;<br \/>    }<br \/>    th, td {<br \/>        padding: 8px;<br \/>        border: 1px solid #ddd;<br \/>        text-align: left;<br \/>    }<br \/>    @media screen and (max-width: 600px) {<br \/>        table, thead, tbody, th, td, tr {<br \/>            display: block;<br \/>            width: 100%;<br \/>        }<br \/>        thead tr {<br \/>            display: none;<br \/>        }<br \/>        tr {<br \/>            margin-bottom: 15px;<br \/>        }<br \/>        td {<br \/>            text-align: right;<br \/>            padding-left: 50%;<br \/>            position: relative;<br \/>        }<br \/>        td:before {<br \/>            content: attr(data-label);<br \/>            position: absolute;<br \/>            left: 0;<br \/>            width: 50%;<br \/>            padding-left: 10px;<br \/>            font-weight: bold;<br \/>            text-align: left;<br \/>        }<br \/>    }<br \/><\/style>\n<div class=\"table-container\">\n<table>\n<thead>\n<tr>\n<th>Spezifikationen<\/th>\n<th>Typ<\/th>\n<th>DD85<\/th>\n<\/tr>\n<\/thead>\n<tbody>\n<tr>\n<td data-label=\"Specifications\">Komplexe Masse des Zylinders<\/td>\n<td data-label=\"Type\">kg<\/td>\n<td data-label=\"DD25\">8500<\/td>\n<\/tr>\n<tr>\n<td data-label=\"Specifications\">Max. Hub des Zylinders<\/td>\n<td data-label=\"Type\">m<\/td>\n<td data-label=\"DD25\">3<\/td>\n<\/tr>\n<tr>\n<td data-label=\"Specifications\">Frequenz<\/td>\n<td data-label=\"Type\">min-l<\/td>\n<td data-label=\"DD25\">38~50<\/td>\n<\/tr>\n<tr>\n<td data-label=\"Specifications\">Max. Energie<\/td>\n<td data-label=\"Type\">kj<\/td>\n<td data-label=\"DD25\">255<\/td>\n<\/tr>\n<tr>\n<td data-label=\"Specifications\">\u00d6lverbrauch<\/td>\n<td data-label=\"Type\">L\/h<\/td>\n<td data-label=\"DD25\">25<\/td>\n<\/tr>\n<tr>\n<td data-label=\"Specifications\">Kraft der Explosion Haufen<\/td>\n<td data-label=\"Type\">KN<\/td>\n<td data-label=\"DD25\">2560<\/td>\n<\/tr>\n<tr>\n<td data-label=\"Specifications\">Verkleinerungsfaktor<\/td>\n<td data-label=\"Type\"><\/td>\n<td data-label=\"DD25\">25<\/td>\n<\/tr>\n<tr>\n<td data-label=\"Specifications\">Hammer Masse<\/td>\n<td data-label=\"Type\">kg<\/td>\n<td data-label=\"DD25\">15800<\/td>\n<\/tr>\n<tr>\n<td data-label=\"Specifications\">Leitfaden Abstand<\/td>\n<td data-label=\"Type\">mm<\/td>\n<td data-label=\"DD25\">330-600<\/td>\n<\/tr>\n<\/tbody>\n<\/table>\n<h2>DD85 Diesel Rammger\u00e4te Verpackung<\/h2>\n<p><img fetchpriority=\"high\" decoding=\"async\" class=\"size-full wp-image-11327\" src=\"https:\/\/www.juweihammer.com\/wp-content\/uploads\/2024\/09\/DD-guide-rod-diesel-hammer-packaging.webp\" alt=\"DD F\u00fchrungsstange Dieselhammer Verpackung\" width=\"975\" height=\"696\" srcset=\"https:\/\/www.juweihammer.com\/wp-content\/uploads\/2024\/09\/DD-guide-rod-diesel-hammer-packaging.webp 975w, https:\/\/www.juweihammer.com\/wp-content\/uploads\/2024\/09\/DD-guide-rod-diesel-hammer-packaging-768x548.webp 768w, https:\/\/www.juweihammer.com\/wp-content\/uploads\/2024\/09\/DD-guide-rod-diesel-hammer-packaging-18x12.webp 18w, https:\/\/www.juweihammer.com\/wp-content\/uploads\/2024\/09\/DD-guide-rod-diesel-hammer-packaging-600x428.webp 600w\" sizes=\"(max-width: 975px) 100vw, 975px\" \/><\/p>\n<\/div>","protected":false},"excerpt":{"rendered":"<p>Dieselramme mit F\u00fchrungsstange der Serie DD: Es handelt sich um ein Rammger\u00e4t, das nach dem Prinzip eines Zweitakt-Verbrennungsmotors arbeitet.<\/p>\n<ul>\n<li>Zylinderkomplex Masse: 8,5 Tonnen<\/li>\n<li>Max. Energie: 255 kj<\/li>\n<li>Patent Automatische Entkopplungsvorrichtung<\/li>\n<li><span data-slate-fragment=\"JTVCJTdCJTIydHlwZSUyMiUzQSUyMnBhcmFncmFwaCUyMiUyQyUyMmNoaWxkcmVuJTIyJTNBJTVCJTdCJTIyaWQlMjIlM0ElMjJlbU1XbjdSbDJlJTIyJTJDJTIycGFyYUlkeCUyMiUzQTQlMkMlMjJzcmMlMjIlM0ElMjI1LiUyMFN1cGVyaW9yJTIwY29sZCUyMHN0YXJ0JTIwZnVuY3Rpb24lMjIlMkMlMjJkc3QlMjIlM0ElMjI1LiVFNSU4RCU5MyVFOCVCNiU4QSVFNyU5QSU4NCVFNSU4NiVCNyVFNSU5MCVBRiVFNSU4QSVBOCVFNSU4QSU5RiVFOCU4MyVCRCUyMiUyQyUyMm1ldGFkYXRhJTIyJTNBJTIyJTIyJTJDJTIybWV0YURhdGElMjIlM0ElNUIlNUQlMkMlMjJ0ZXh0JTIyJTNBJTIyU3VwZXJpb3IlMjBjb2xkJTIwc3RhcnQlMjBmdW5jdGlvbiUyMiU3RCU1RCU3RCU1RA==\">\u00dcberlegene Kaltstartfunktion<\/span><\/li>\n<li><span data-slate-fragment=\"JTVCJTdCJTIydHlwZSUyMiUzQSUyMnBhcmFncmFwaCUyMiUyQyUyMmNoaWxkcmVuJTIyJTNBJTVCJTdCJTIyaWQlMjIlM0ElMjJCYWFLTDgzOFpCJTIyJTJDJTIycGFyYUlkeCUyMiUzQTMlMkMlMjJzcmMlMjIlM0ElMjI0LiUyMENvbnZlbmllbnQlMjBvcGVyYXRpb24lMjBhbmQlMjBtYWludGVuYW5jZSUyMiUyQyUyMmRzdCUyMiUzQSUyMjQuJUU2JTkzJThEJUU0JUJEJTlDJUU3JUJCJUI0JUU2JThBJUE0JUU2JTk2JUI5JUU0JUJFJUJGJTIyJTJDJTIybWV0YWRhdGElMjIlM0ElMjIlMjIlMkMlMjJtZXRhRGF0YSUyMiUzQSU1QiU1RCUyQyUyMnRleHQlMjIlM0ElMjJDb252ZW5pZW50JTIwb3BlcmF0aW9uJTIyJTdEJTVEJTdEJTVE\">Bequeme Bedienung<\/span><\/li>\n<\/ul>","protected":false},"featured_media":2561,"template":"","meta":{"_seopress_robots_primary_cat":"none","_seopress_titles_title":"DD85 Diesel Pile Driving Equipment - 8.5ton Pile Hammer","_seopress_titles_desc":"DD85 8.5ton diesel pile driving equipment is suitable for foundation and support structures: oil and gas industry, electricity, energy, civil engineering and more.","_seopress_robots_index":"","site-sidebar-layout":"default","site-content-layout":"","ast-site-content-layout":"default","site-content-style":"default","site-sidebar-style":"default","ast-global-header-display":"","ast-banner-title-visibility":"","ast-main-header-display":"","ast-hfb-above-header-display":"","ast-hfb-below-header-display":"","ast-hfb-mobile-header-display":"","site-post-title":"","ast-breadcrumbs-content":"","ast-featured-img":"","footer-sml-layout":"","theme-transparent-header-meta":"default","adv-header-id-meta":"","stick-header-meta":"","header-above-stick-meta":"","header-main-stick-meta":"","header-below-stick-meta":"","astra-migrate-meta-layouts":"set","ast-page-background-enabled":"default","ast-page-background-meta":{"desktop":{"background-color":"var(--ast-global-color-4)","background-image":"","background-repeat":"repeat","background-position":"center center","background-size":"auto","background-attachment":"scroll","background-type":"","background-media":"","overlay-type":"","overlay-color":"","overlay-opacity":"","overlay-gradient":""},"tablet":{"background-color":"","background-image":"","background-repeat":"repeat","background-position":"center center","background-size":"auto","background-attachment":"scroll","background-type":"","background-media":"","overlay-type":"","overlay-color":"","overlay-opacity":"","overlay-gradient":""},"mobile":{"background-color":"","background-image":"","background-repeat":"repeat","background-position":"center center","background-size":"auto","background-attachment":"scroll","background-type":"","background-media":"","overlay-type":"","overlay-color":"","overlay-opacity":"","overlay-gradient":""}},"ast-content-background-meta":{"desktop":{"background-color":"var(--ast-global-color-5)","background-image":"","background-repeat":"repeat","background-position":"center center","background-size":"auto","background-attachment":"scroll","background-type":"","background-media":"","overlay-type":"","overlay-color":"","overlay-opacity":"","overlay-gradient":""},"tablet":{"background-color":"var(--ast-global-color-5)","background-image":"","background-repeat":"repeat","background-position":"center center","background-size":"auto","background-attachment":"scroll","background-type":"","background-media":"","overlay-type":"","overlay-color":"","overlay-opacity":"","overlay-gradient":""},"mobile":{"background-color":"var(--ast-global-color-5)","background-image":"","background-repeat":"repeat","background-position":"center center","background-size":"auto","background-attachment":"scroll","background-type":"","background-media":"","overlay-type":"","overlay-color":"","overlay-opacity":"","overlay-gradient":""}}},"product_brand":[],"product_cat":[22],"product_tag":[],"class_list":{"0":"post-2578","1":"product","2":"type-product","3":"status-publish","4":"has-post-thumbnail","6":"product_cat-dd-guide-rod-diesel-pile-hammer","7":"desktop-align-left","8":"tablet-align-left","9":"mobile-align-left","11":"first","12":"instock","13":"shipping-taxable","14":"product-type-simple"},"_links":{"self":[{"href":"https:\/\/www.juweihammer.com\/de\/wp-json\/wp\/v2\/product\/2578","targetHints":{"allow":["GET"]}}],"collection":[{"href":"https:\/\/www.juweihammer.com\/de\/wp-json\/wp\/v2\/product"}],"about":[{"href":"https:\/\/www.juweihammer.com\/de\/wp-json\/wp\/v2\/types\/product"}],"version-history":[{"count":3,"href":"https:\/\/www.juweihammer.com\/de\/wp-json\/wp\/v2\/product\/2578\/revisions"}],"predecessor-version":[{"id":3073,"href":"https:\/\/www.juweihammer.com\/de\/wp-json\/wp\/v2\/product\/2578\/revisions\/3073"}],"wp:featuredmedia":[{"embeddable":true,"href":"https:\/\/www.juweihammer.com\/de\/wp-json\/wp\/v2\/media\/2561"}],"wp:attachment":[{"href":"https:\/\/www.juweihammer.com\/de\/wp-json\/wp\/v2\/media?parent=2578"}],"wp:term":[{"taxonomy":"product_brand","embeddable":true,"href":"https:\/\/www.juweihammer.com\/de\/wp-json\/wp\/v2\/product_brand?post=2578"},{"taxonomy":"product_cat","embeddable":true,"href":"https:\/\/www.juweihammer.com\/de\/wp-json\/wp\/v2\/product_cat?post=2578"},{"taxonomy":"product_tag","embeddable":true,"href":"https:\/\/www.juweihammer.com\/de\/wp-json\/wp\/v2\/product_tag?post=2578"}],"curies":[{"name":"wp","href":"https:\/\/api.w.org\/{rel}","templated":true}]}}