{"id":2411,"date":"2024-07-22T06:58:48","date_gmt":"2024-07-22T06:58:48","guid":{"rendered":"https:\/\/www.juweihammer.com\/?post_type=product&#038;p=2411"},"modified":"2024-11-08T02:26:12","modified_gmt":"2024-11-08T02:26:12","slug":"supply-d100-diesel-pile-hammer-for-offshore-and-road","status":"publish","type":"product","link":"https:\/\/www.juweihammer.com\/de\/produkt\/supply-d100-diesel-pile-hammer-for-offshore-and-road\/","title":{"rendered":"Lieferung D100 Diesel Pfahlhammer f\u00fcr Offshore und Stra\u00dfe"},"content":{"rendered":"<p>Als einer der<strong> die Top 10<\/strong> piel diesel hammer Hersteller und Lieferanten in weltweit. Die Dieselrammen der D-Serie von Juwei verf\u00fcgen \u00fcber mehr als 30 Jahre Erfahrung in der Entwicklung, Herstellung und Anwendung. <span style=\"color: #0000ff;\"><strong>Erfahren Sie mehr \u00fcber unsere Fabrik, indem Sie auf \"Fabrik\" klicken.<\/strong><\/span><span style=\"color: #000080;\">!<\/span><\/p>\n<p><strong>#All <span data-slate-fragment=\"JTVCJTdCJTIydHlwZSUyMiUzQSUyMnBhcmFncmFwaCUyMiUyQyUyMmNoaWxkcmVuJTIyJTNBJTVCJTdCJTIyaWQlMjIlM0ElMjJlYk40UmdFcXBlJTIyJTJDJTIycGFyYUlkeCUyMiUzQTQlMkMlMjJzcmMlMjIlM0ElMjJDb21wbGV0ZSUyME1vZGVsJTIwUmFuZ2UlMjBvZiUyMEQlMjBTZXJpZXMlMjBUdWJ1bGFyJTIwRGllc2VsJTIwUGlsZSUyMERyaXZlciUyMEhhbW1lcnMlMjIlMkMlMjJkc3QlMjIlM0ElMjJEJUU3JUIzJUJCJUU1JTg4JTk3JUU3JUFFJUExJUU3JThBJUI2JUU2JTlGJUI0JUU2JUIyJUI5JUU2JTg5JTkzJUU2JUExJUE5JUU5JTk0JUE0JUU3JTlBJTg0JUU1JUFFJThDJUU2JTk1JUI0JUU1JTlFJThCJUU1JThGJUI3JUU3JUIzJUJCJUU1JTg4JTk3JTIyJTJDJTIybWV0YWRhdGElMjIlM0ElMjIlMjIlMkMlMjJtZXRhRGF0YSUyMiUzQSU1QiU1RCUyQyUyMnRleHQlMjIlM0ElMjJDb21wbGV0ZSUyME1vZGVsJTIyJTdEJTVEJTdEJTVE\">Modell<\/span> von Pfahl-Dieselh\u00e4mmern der Serie D<\/strong><\/p>\n<p>D12: 1,28 Tonnen, D16: 1,6 Tonnen, D19: 1,82 Tonnen, D25: 2,5 Tonnen, D30: 3 Tonnen, D36: 3,6 Tonnen, D46: 4,6 Tonnen, D50: 5 Tonnen, D62:6.2 Tonnen, D80: 80 Tonnen, D100: 10 Tonnen, D128: 12,8 Tonnen, D138: 13,8 Tonnen, D160: 16 Tonnen, D180: 18 Tonnen, D225: 22,5 Tonnen, D265: 26,5 Tonnen, D320: 32 Tonnen, D400: 40 Tonnen. \u00a0<span style=\"color: #0000ff;\"><strong><span class=\"null\" data-slate-leaf=\"true\" data-sent-id=\"VpbK2QLMrB\">Ausf\u00fchrliche Informationen erhalten Sie, wenn Sie auf die Schaltfl\u00e4che \"Details zur Serie D\" klicken.<\/span><\/strong><\/span><\/p>\n<p><strong>1TP5Kundenspezifische L\u00f6sungen:<\/strong><\/p>\n<p>Unser Ingenieurteam kann ma\u00dfgeschneiderte L\u00f6sungen anbieten <span data-slate-fragment=\"JTVCJTdCJTIydHlwZSUyMiUzQSUyMnBhcmFncmFwaCUyMiUyQyUyMmNoaWxkcmVuJTIyJTNBJTVCJTdCJTIyaWQlMjIlM0ElMjJCdjVScmFXa1B6JTIyJTJDJTIycGFyYUlkeCUyMiUzQTEwJTJDJTIyc3JjJTIyJTNBJTIyT3VyJTIwZW5naW5lZXJpbmclMjB0ZWFtJTIwb2ZmZXJzJTIwY3VzdG9taXplZCUyMHNvbHV0aW9ucyUyMHRhaWxvcmVkJTIwdG8lMjB5b3VyJTIwcHJvamVjdCUyMG5lZWRzLiUyMCUyMiUyQyUyMmRzdCUyMiUzQSUyMiVFNiU4OCU5MSVFNCVCQiVBQyVFNyU5QSU4NCVFNSVCNyVBNSVFNyVBOCU4QiVFNSU5QiVBMiVFOSU5OCU5RiVFNiVBMCVCOSVFNiU4RCVBRSVFNiU4MiVBOCVFNyU5QSU4NCVFOSVBMSVCOSVFNyU5QiVBRSVFOSU5QyU4MCVFNiVCMSU4MiVFNiU4RiU5MCVFNCVCRSU5QiVFNSVBRSU5QSVFNSU4OCVCNiVFNyU5QSU4NCVFOCVBNyVBMyVFNSU4NiVCMyVFNiU5NiVCOSVFNiVBMSU4OCVFMyU4MCU4MiUyMiUyQyUyMm1ldGFkYXRhJTIyJTNBJTIyJTIyJTJDJTIybWV0YURhdGElMjIlM0ElNUIlNUQlMkMlMjJ0ZXh0JTIyJTNBJTIydGFpbG9yZWQlMjB0byUyMHlvdXIlMjBwcm9qZWN0JTIwbmVlZHMlMjIlN0QlNUQlN0QlNUQ=\">zugeschnitten auf Ihre Projektanforderungen<\/span>. <span data-slate-node=\"text\"><span class=\"null\" data-slate-leaf=\"true\" data-sent-id=\"ej04Roardz\">Stellen Sie uns einen Bericht \u00fcber die Bodenadresse, den Pfahltyp und die Spezifikationen der Rammausr\u00fcstung zur Verf\u00fcgung. <\/span><\/span><span data-slate-node=\"text\" data-slate-fragment=\"JTVCJTdCJTIydHlwZSUyMiUzQSUyMnBhcmFncmFwaCUyMiUyQyUyMmNoaWxkcmVuJTIyJTNBJTVCJTdCJTIyaWQlMjIlM0ElMjJlajA0Um9hcmR6JTIyJTJDJTIycGFyYUlkeCUyMiUzQTEwJTJDJTIyc3JjJTIyJTNBJTIyUHJvdmlkZSUyMHVzJTIwd2l0aCUyMGElMjBzb2lsJTIwYWRkcmVzcyUyMHJlcG9ydCUyQyUyMHBpbGUlMjB0eXBlJTJDJTIwYW5kJTIwcGlsZSUyMGRyaXZpbmclMjBlcXVpcG1lbnQlMjBzcGVjaWZpY2F0aW9ucy4lMjAlMjIlMkMlMjJkc3QlMjIlM0ElMjIlRTUlOTAlOTElRTYlODglOTElRTQlQkIlQUMlRTYlOEYlOTAlRTQlQkUlOUIlRTUlOUMlOUYlRTUlQTMlQTQlRTUlOUMlQjAlRTUlOUQlODAlRTYlOEElQTUlRTUlOTElOEElRTMlODAlODElRTYlQTElQTklRTclQjElQkIlRTUlOUUlOEIlRTUlOTIlOEMlRTYlODklOTMlRTYlQTElQTklRTglQUUlQkUlRTUlQTQlODclRTglQTclODQlRTYlQTAlQkMlRTMlODAlODIlMjIlMkMlMjJtZXRhZGF0YSUyMiUzQSUyMiUyMiUyQyUyMm1ldGFEYXRhJTIyJTNBJTVCJTVEJTJDJTIydGV4dCUyMiUzQSUyMlByb3ZpZGUlMjB1cyUyMHdpdGglMjBhJTIwc29pbCUyMGFkZHJlc3MlMjByZXBvcnQlMkMlMjBwaWxlJTIwdHlwZSUyQyUyMGFuZCUyMHBpbGUlMjBkcml2aW5nJTIwZXF1aXBtZW50JTIwc3BlY2lmaWNhdGlvbnMuJTIwJTIyJTdEJTJDJTdCJTIyaWQlMjIlM0ElMjJWTjZtbGE4RDFWJTIyJTJDJTIycGFyYUlkeCUyMiUzQTEwJTJDJTIyc3JjJTIyJTNBJTIyV2UlMjBkZWxpdmVyJTIwYSUyMGNvbXBhdGlibGUlMjBjeWxpbmRlciUyMGhhbW1lciUyMGRlc2lnbmVkJTIwZm9yJTIweW91ciUyMHByb2plY3QuJTIyJTJDJTIyZHN0JTIyJTNBJTIyJUU2JTg4JTkxJUU0JUJCJUFDJUU0JUI4JUJBJUU2JTgyJUE4JUU3JTlBJTg0JUU5JUExJUI5JUU3JTlCJUFFJUU2JThGJTkwJUU0JUJFJTlCJUU1JTg1JUJDJUU1JUFFJUI5JUU3JTlBJTg0JUU1JTlDJTg2JUU3JUFEJTkyJUU5JTk0JUE0JUUzJTgwJTgyJTIyJTJDJTIybWV0YWRhdGElMjIlM0ElMjIlMjIlMkMlMjJtZXRhRGF0YSUyMiUzQSU1QiU1RCUyQyUyMnRleHQlMjIlM0ElMjJXZSUyMGRlbGl2ZXIlMjBhJTIwY29tcGF0aWJsZSUyMGN5bGluZGVyJTIwaGFtbWVyJTIwZGVzaWduZWQlMjBmb3IlMjB5b3VyJTIwcHJvamVjdC4lMjIlN0QlNUQlN0QlNUQ=\"><span class=\"null\" data-slate-leaf=\"true\" data-sent-id=\"VN6mla8D1V\">Wir liefern einen kompatiblen Hammer f\u00fcr Ihr Projekt.<\/span><\/span><\/p>\n<p><strong>#<\/strong><strong>Flortyp:<\/strong><\/p>\n<p><span data-slate-fragment=\"JTVCJTdCJTIydHlwZSUyMiUzQSUyMnBhcmFncmFwaCUyMiUyQyUyMmNoaWxkcmVuJTIyJTNBJTVCJTdCJTIyaWQlMjIlM0ElMjJlbU1LUllacEplJTIyJTJDJTIycGFyYUlkeCUyMiUzQTE0JTJDJTIyc3JjJTIyJTNBJTIyT3VyJTIwaGFtbWVycyUyMGFyZSUyMHN1aXRhYmxlJTIwZm9yJTIwZHJpdmluZyUyMHZhcmlvdXMlMjBwaWxlJTIwdHlwZXMlMkMlMjBpbmNsdWRpbmclMjBwcmVjYXN0JTIwY29uY3JldGUlMjBwaWxlcyUyQyUyMEgtYmVhbXMlMkMlMjBzdGVlbCUyMHBpcGUlMjBwaWxlcyUyQyUyMGNpcmN1bGFyJTIwcGlsZXMlMkMlMjBzcXVhcmUlMjBwaWxlcyUyQyUyMHNoZWV0JTIwcGlsZXMlMkMlMjBhbmQlMjB3b29kZW4lMjBwaWxlcy4lMjIlMkMlMjJkc3QlMjIlM0ElMjIlRTYlODglOTElRTQlQkIlQUMlRTclOUElODQlRTklOTQlQTQlRTUlQUQlOTAlRTklODAlODIlRTclOTQlQTglRTQlQkElOEUlRTYlODklOTMlRTYlQTElQTklRTUlOTAlODQlRTclQTclOEQlRTYlQTElQTklRTUlOUUlOEIlRUYlQkMlOEMlRTUlOEMlODUlRTYlOEIlQUMlRTklQTIlODQlRTUlODglQjYlRTYlQjclQjclRTUlODclOUQlRTUlOUMlOUYlRTYlQTElQTklRTMlODAlODFIJUU1JTlFJThCJUU5JTkyJUEyJUUzJTgwJTgxJUU5JTkyJUEyJUU3JUFFJUExJUU2JUExJUE5JUUzJTgwJTgxJUU1JTlDJTg2JUU1JUJEJUEyJUU2JUExJUE5JUUzJTgwJTgxJUU2JTk2JUI5JUU1JUJEJUEyJUU2JUExJUE5JUUzJTgwJTgxJUU2JTlEJUJGJUU2JUExJUE5JUU1JTkyJThDJUU2JTlDJUE4JUU2JUExJUE5JUUzJTgwJTgyJTIyJTJDJTIybWV0YWRhdGElMjIlM0ElMjIlMjIlMkMlMjJtZXRhRGF0YSUyMiUzQSU1QiU1RCUyQyUyMnRleHQlMjIlM0ElMjJPdXIlMjBoYW1tZXJzJTIwYXJlJTIwc3VpdGFibGUlMjBmb3IlMjBkcml2aW5nJTIwdmFyaW91cyUyMHBpbGUlMjB0eXBlcyUyMiU3RCU1RCU3RCU1RA==\">Unsere H\u00e4mmer sind ideal f\u00fcr das Rammen verschiedener Pfahltypen,<\/span> Dazu geh\u00f6ren Betonfertigteilpf\u00e4hle, H-Tr\u00e4ger, Stahlrohrpf\u00e4hle, runde Pf\u00e4hle, quadratische Pf\u00e4hle, Spundbohlen, Holzpf\u00e4hle usw.<\/p>\n<p><strong>#Anwendung<\/strong>:<\/p>\n<p><span data-slate-fragment=\"JTVCJTdCJTIydHlwZSUyMiUzQSUyMnBhcmFncmFwaCUyMiUyQyUyMmNoaWxkcmVuJTIyJTNBJTVCJTdCJTIyaWQlMjIlM0ElMjJCNGtLT1E2QVJ6JTIyJTJDJTIycGFyYUlkeCUyMiUzQTE4JTJDJTIyc3JjJTIyJTNBJTIyT3VyJTIwZGllc2VsJTIwaGFtbWVycyUyMGFyZSUyMGlkZWFsJTIwZm9yJTIwb2Zmc2hvcmUlMjBwcm9qZWN0cyUyMHN1Y2glMjBhcyUyMHdpbmQlMjBwb3dlciUyMGdlbmVyYXRpb24lMkMlMjBlbmVyZ3klMkMlMjBicmlkZ2VzJTJDJTIwcG9ydHMlMkMlMjBkb2NrJTIwY29uc3RydWN0aW9uJTJDJTIwYW5kJTIwb2lsJTIwYW5kJTIwZ2FzJTIwZXh0cmFjdGlvbi4lMjAlMjIlMkMlMjJkc3QlMjIlM0ElMjIlRTYlODglOTElRTQlQkIlQUMlRTclOUElODQlRTYlOUYlQjQlRTYlQjIlQjklRTklOTQlQTQlRTYlOTglQUYlRTklQTMlOEUlRTUlOEElOUIlRTUlOEYlOTElRTclOTQlQjUlRTMlODAlODElRTglODMlQkQlRTYlQkElOTAlRTMlODAlODElRTYlQTElQTUlRTYlQTIlODElRTMlODAlODElRTYlQjglQUYlRTUlOEYlQTMlRTMlODAlODElRTclQTAlODElRTUlQTQlQjQlRTUlQkIlQkElRTglQUUlQkUlRTQlQkIlQTUlRTUlOEYlOEElRTclOUYlQjMlRTYlQjIlQjklRTUlOTIlOEMlRTUlQTQlQTklRTclODQlQjYlRTYlQjAlOTQlRTUlQkMlODAlRTklODclODclRTclQUQlODklRTYlQjUlQjclRTQlQjglOEElRTklQTElQjklRTclOUIlQUUlRTclOUElODQlRTclOTAlODYlRTYlODMlQjMlRTklODAlODklRTYlOEIlQTklRTMlODAlODIlMjIlMkMlMjJtZXRhZGF0YSUyMiUzQSUyMiUyMiUyQyUyMm1ldGFEYXRhJTIyJTNBJTVCJTVEJTJDJTIydGV4dCUyMiUzQSUyMk91ciUyMGRpZXNlbCUyMGhhbW1lcnMlMjBhcmUlMjBpZGVhbCUyMGZvciUyMCUyMiU3RCU1RCU3RCU1RA==\">Unsere Dieselh\u00e4mmer sind ideal f\u00fcr <\/span>Offshore-Projekte, z. B. in den Bereichen Windenergieerzeugung, Energie, Br\u00fccken, H\u00e4fen, Hafenbau sowie \u00d6l- und Gasf\u00f6rderung. <span data-slate-fragment=\"JTVCJTdCJTIydHlwZSUyMiUzQSUyMnBhcmFncmFwaCUyMiUyQyUyMmNoaWxkcmVuJTIyJTNBJTVCJTdCJTIyaWQlMjIlM0ElMjJWQVlFTzhhbzFWJTIyJTJDJTIycGFyYUlkeCUyMiUzQTE4JTJDJTIyc3JjJTIyJTNBJTIyVGhleSUyMGFyZSUyMGFsc28lMjBzdWl0YWJsZSUyMGZvciUyMHJvYWQlMjBhbmQlMjBjaXZpbCUyMGVuZ2luZWVyaW5nJTIwcHJvamVjdHMlMkMlMjBwdWJsaWMlMjB1dGlsaXRpZXMlMkMlMjBjb2ZmZXJkYW1zJTJDJTIwYnJpZGdlcyUyQyUyMHBob3Rvdm9sdGFpY3MlMkMlMjBhbmQlMjBlbnZpcm9ubWVudGFsJTIwcHJvamVjdHMuJTIwJTIyJTJDJTIyZHN0JTIyJTNBJTIyJUU1JUFFJTgzJUU0JUJCJUFDJUU0JUI5JTlGJUU5JTgwJTgyJUU3JTk0JUE4JUU0JUJBJThFJUU5JTgxJTkzJUU4JUI3JUFGJUU1JTkyJThDJUU1JTlDJTlGJUU2JTlDJUE4JUU1JUI3JUE1JUU3JUE4JThCJUU5JUExJUI5JUU3JTlCJUFFJUUzJTgwJTgxJUU1JTg1JUFDJUU3JTk0JUE4JUU0JUJBJThCJUU0JUI4JTlBJUUzJTgwJTgxJUU1JTlCJUI0JUU1JUEwJUIwJUUzJTgwJTgxJUU2JUExJUE1JUU2JUEyJTgxJUUzJTgwJTgxJUU1JTg1JTg5JUU0JUJDJThGJUU1JTkyJThDJUU3JThFJUFGJUU1JUEyJTgzJUU5JUExJUI5JUU3JTlCJUFFJUUzJTgwJTgyJTIyJTJDJTIybWV0YWRhdGElMjIlM0ElMjIlMjIlMkMlMjJtZXRhRGF0YSUyMiUzQSU1QiU1RCUyQyUyMnRleHQlMjIlM0ElMjJUaGV5JTIwYXJlJTIwYWxzbyUyMHN1aXRhYmxlJTIyJTdEJTVEJTdEJTVE\">Sie sind auch geeignet f\u00fcr <\/span>Stra\u00dfen- und Tiefbauprojekte, \u00f6ffentliche Versorgungseinrichtungen, Tiefbauarbeiten, Kofferd\u00e4mme, Trestle-Br\u00fccken, Fotovoltaik und Umwelt. <span style=\"color: #000080;\"><strong>Klicken Sie auf die Schaltfl\u00e4che \"Projekte\", um mehr zu erfahren!<\/strong><\/span><\/p>\n<p><strong>#PVerpackung und Transport<\/strong>:<\/p>\n<p>Verpackung: <span data-slate-fragment=\"JTVCJTdCJTIydHlwZSUyMiUzQSUyMnBhcmFncmFwaCUyMiUyQyUyMmNoaWxkcmVuJTIyJTNBJTVCJTdCJTIyaWQlMjIlM0ElMjJ6eUswRHh2TEtlJTIyJTJDJTIycGFyYUlkeCUyMiUzQTIyJTJDJTIyc3JjJTIyJTNBJTIyUGFja2FnaW5nJTNBJTIwV2UlMjB1c2UlMjBleHBvcnQtc3RhbmRhcmQlMjBzdGVlbCUyMHRyYW5zcG9ydGF0aW9uJTIwdG9vbHMlMjBmb3IlMjBwYWNrYWdpbmcuJTIyJTJDJTIyZHN0JTIyJTNBJTIyJUU1JThDJTg1JUU4JUEzJTg1JUVGJUJDJTlBJUU2JTg4JTkxJUU0JUJCJUFDJUU0JUJEJUJGJUU3JTk0JUE4JUU1JTg3JUJBJUU1JThGJUEzJUU2JUEwJTg3JUU1JTg3JTg2JUU5JTkyJUEyJUU2JTlEJTkwJUU4JUJGJTkwJUU4JUJFJTkzJUU1JUI3JUE1JUU1JTg1JUI3JUU4JUJGJTlCJUU4JUExJThDJUU1JThDJTg1JUU4JUEzJTg1JUUzJTgwJTgyJTIyJTJDJTIybWV0YWRhdGElMjIlM0ElMjIlMjIlMkMlMjJtZXRhRGF0YSUyMiUzQSU1QiU1RCUyQyUyMnRleHQlMjIlM0ElMjJXZSUyMHVzZSUyMGV4cG9ydC1zdGFuZGFyZCUyMHN0ZWVsJTIwdHJhbnNwb3J0YXRpb24lMjB0b29scyUyMGZvciUyMHBhY2thZ2luZyUyMiU3RCU1RCU3RCU1RA==\">F\u00fcr die Verpackung verwenden wir Transportwerkzeuge aus Stahl, die dem Exportstandard entsprechen.<\/span><br \/>\nTransport: 20GP oder 40GP Containertransport<\/p>\n<p><strong>#Exportiert in viele L\u00e4nder<\/strong><\/p>\n<p>Dieses Produkt wird nach Europa, Russland, S\u00fcdostasien, Nordamerika, S\u00fcdamerika, dem Nahen Osten, Afrika und anderen Regionen exportiert. (z.B.: Philippinen, T\u00fcrkiye, Indonesien, Thailand, Vietnam, Bangladesch, die Vereinigten Staaten, Saudi-Arabien, Russland, Australien, Brasilien und andere L\u00e4nder )<\/p>\n<p><strong>1TP5Spezifikationen:<\/strong><\/p>\n<style>\n    .table-container {<br \/>        overflow-x: auto;<br \/>        margin: 0 auto;<br \/>    }<br \/>    table {<br \/>        width: 100%;<br \/>        border-collapse: collapse;<br \/>    }<br \/>    th, td {<br \/>        padding: 8px;<br \/>        border: 1px solid #ddd;<br \/>        text-align: left;<br \/>    }<br \/>    @media screen and (max-width: 600px) {<br \/>        table, thead, tbody, th, td, tr {<br \/>            display: block;<br \/>            width: 100%;<br \/>        }<br \/>        thead tr {<br \/>            display: none;<br \/>        }<br \/>        tr {<br \/>            margin-bottom: 15px;<br \/>        }<br \/>        td {<br \/>            text-align: right;<br \/>            padding-left: 50%;<br \/>            position: relative;<br \/>        }<br \/>        td:before {<br \/>            content: attr(data-label);<br \/>            position: absolute;<br \/>            left: 0;<br \/>            width: 50%;<br \/>            padding-left: 10px;<br \/>            font-weight: bold;<br \/>            text-align: left;<br \/>        }<br \/>    }<br \/><\/style>\n<div class=\"table-container\">\n<table>\n<thead>\n<tr>\n<th>Spezifikationen<\/th>\n<th>Typ<\/th>\n<th>D100<\/th>\n<\/tr>\n<\/thead>\n<tbody>\n<tr>\n<td data-label=\"Specifications\">Aufschlag Gewicht (Kolben)<\/td>\n<td data-label=\"Type\">kg<\/td>\n<td data-label=\"D100\">10000<\/td>\n<\/tr>\n<tr>\n<td data-label=\"Specifications\">Energie pro Schlag<\/td>\n<td data-label=\"Type\">KNm<\/td>\n<td data-label=\"D100\">333.54~213.86<\/td>\n<\/tr>\n<tr>\n<td data-label=\"Specifications\">Anzahl der Schl\u00e4ge<\/td>\n<td data-label=\"Type\">min-l<\/td>\n<td data-label=\"D100\">36~45<\/td>\n<\/tr>\n<tr>\n<td data-label=\"Specifications\">Kraft des Explosionsdrucks auf den Pfahl max.<\/td>\n<td data-label=\"Type\">KN<\/td>\n<td data-label=\"D100\">2600<\/td>\n<\/tr>\n<tr>\n<td data-label=\"Specifications\">Geeignet zum Rammen von Pf\u00e4hlen bis zu<\/td>\n<td data-label=\"Type\">Kg<\/td>\n<td data-label=\"D100\">40000<\/td>\n<\/tr>\n<tr>\n<td data-label=\"Specifications\">Zul\u00e4ssiger Seildurchmesser f\u00fcr Umlenkrolle der Ausl\u00f6seeinrichtung max.<\/td>\n<td data-label=\"Type\">mm<\/td>\n<td data-label=\"D100\">\u03a630<\/td>\n<\/tr>\n<tr>\n<td data-label=\"Specifications\">Diesel\u00f6l<\/td>\n<td data-label=\"Type\">L\/h<\/td>\n<td data-label=\"D100\">30<\/td>\n<\/tr>\n<tr>\n<td data-label=\"Specifications\">Schmiermittel<\/td>\n<td data-label=\"Type\">L\/h<\/td>\n<td data-label=\"D100\">2.9<\/td>\n<\/tr>\n<tr>\n<td data-label=\"Specifications\">Diesel\u00f6ltank<\/td>\n<td data-label=\"Type\">L<\/td>\n<td data-label=\"D100\">155<\/td>\n<\/tr>\n<tr>\n<td data-label=\"Specifications\">Schmierstofftank<\/td>\n<td data-label=\"Type\">L<\/td>\n<td data-label=\"D100\">32<\/td>\n<\/tr>\n<tr>\n<td data-label=\"Specifications\">Diesel Rammger\u00e4t ca.<\/td>\n<td data-label=\"Type\">kg<\/td>\n<td data-label=\"D100\">19820\/ 20360<\/td>\n<\/tr>\n<tr>\n<td data-label=\"Specifications\">Ausl\u00f6ser ca.<\/td>\n<td data-label=\"Type\">kg<\/td>\n<td data-label=\"D100\">750<\/td>\n<\/tr>\n<tr>\n<td data-label=\"Specifications\">Transporthalterung\/Wiege ca.<\/td>\n<td data-label=\"Type\">kg<\/td>\n<td data-label=\"D100\">135<\/td>\n<\/tr>\n<tr>\n<td data-label=\"Specifications\">Transportschutz ca.<\/td>\n<td data-label=\"Type\">kg<\/td>\n<td data-label=\"D100\">220<\/td>\n<\/tr>\n<tr>\n<td data-label=\"Specifications\">Werkzeugkasten ca.<\/td>\n<td data-label=\"Type\">kg<\/td>\n<td data-label=\"D100\">125<\/td>\n<\/tr>\n<tr>\n<td data-label=\"Specifications\">L\u00e4nge der Dieselramme (a\/al)<\/td>\n<td data-label=\"Type\">mm<\/td>\n<td data-label=\"D100\">6358\/ 7358<\/td>\n<\/tr>\n<tr>\n<td data-label=\"Specifications\">Au\u00dfendurchmesser des Schlagk\u00f6rpers (b)<\/td>\n<td data-label=\"Type\">mm<\/td>\n<td data-label=\"D100\">\u03a6820<\/td>\n<\/tr>\n<tr>\n<td data-label=\"Specifications\">Gesamtabmessungen, gemessen \u00fcber den Befestigungsschrauben der F\u00fchrungsbacken (c)<\/td>\n<td data-label=\"Type\">mm<\/td>\n<td data-label=\"D100\">1110<\/td>\n<\/tr>\n<tr>\n<td data-label=\"Specifications\">Breite des Dieselrammbocks (d)<\/td>\n<td data-label=\"Type\">mm<\/td>\n<td data-label=\"D100\">890<\/td>\n<\/tr>\n<tr>\n<td data-label=\"Specifications\">Breite f\u00fcr die Verbindung der F\u00fchrungsbacken (e)<\/td>\n<td data-label=\"Type\">mm<\/td>\n<td data-label=\"D100\">800<\/td>\n<\/tr>\n<tr>\n<td data-label=\"Specifications\">Mitte des Dieselramms bis zum Pumpenschutz (f)<\/td>\n<td data-label=\"Type\">mm<\/td>\n<td data-label=\"D100\">550<\/td>\n<\/tr>\n<tr>\n<td data-label=\"Specifications\">Mitte des Dieselramms bis zur Mitte der Gewindebohrung f\u00fcr die Befestigungsschraube der F\u00fchrungsbacken (g)<\/td>\n<td data-label=\"Type\">mm<\/td>\n<td data-label=\"D100\">350<\/td>\n<\/tr>\n<tr>\n<td data-label=\"Specifications\">Tiefe der Dieselramme (h)<\/td>\n<td data-label=\"Type\">mm<\/td>\n<td data-label=\"D100\">1110<\/td>\n<\/tr>\n<tr>\n<td data-label=\"Specifications\">Standardabstand von der Mitte des Dieselhammers bis zur Mitte des Bleis (H)<\/td>\n<td data-label=\"Type\">mm<\/td>\n<td data-label=\"D100\">720<\/td>\n<\/tr>\n<tr>\n<td data-label=\"Specifications\">Breite der Litzen (L)<\/td>\n<td data-label=\"Type\">mm<\/td>\n<td data-label=\"D100\">600x(\u03a6102)<\/td>\n<\/tr>\n<\/tbody>\n<\/table>\n<h2>D1oo Diesel Hammer Verpackung<\/h2>\n<p><img fetchpriority=\"high\" decoding=\"async\" class=\"size-full wp-image-11326\" src=\"https:\/\/www.juweihammer.com\/wp-content\/uploads\/2024\/09\/D-tubular-diesel-hammer-packaging.webp\" alt=\"D R\u00f6hrenf\u00f6rmige Dieselhammer-Verpackung\" width=\"975\" height=\"696\" srcset=\"https:\/\/www.juweihammer.com\/wp-content\/uploads\/2024\/09\/D-tubular-diesel-hammer-packaging.webp 975w, https:\/\/www.juweihammer.com\/wp-content\/uploads\/2024\/09\/D-tubular-diesel-hammer-packaging-768x548.webp 768w, https:\/\/www.juweihammer.com\/wp-content\/uploads\/2024\/09\/D-tubular-diesel-hammer-packaging-18x12.webp 18w, https:\/\/www.juweihammer.com\/wp-content\/uploads\/2024\/09\/D-tubular-diesel-hammer-packaging-600x428.webp 600w\" sizes=\"(max-width: 975px) 100vw, 975px\" \/><\/p>\n<\/div>","protected":false},"excerpt":{"rendered":"<p><span data-slate-fragment=\"JTVCJTdCJTIydHlwZSUyMiUzQSUyMnBhcmFncmFwaCUyMiUyQyUyMmNoaWxkcmVuJTIyJTNBJTVCJTdCJTIyaWQlMjIlM0ElMjJlNm5BUG44S3ZlJTIyJTJDJTIycGFyYUlkeCUyMiUzQTAlMkMlMjJzcmMlMjIlM0ElMjJUaGUlMjBEJTIwc2VyaWVzJTIwdHVidWxhciUyMGRpZXNlbCUyMHBpbGUlMjBoYW1tZXIlMjBpcyUyMHBvd2VyZnVsJTJDJTIwd2l0aCUyMGhpZ2glMjBzdHJpa2luZyUyMGVuZXJneSUyQyUyMGxvdyUyMGZ1ZWwlMjBjb25zdW1wdGlvbiUyQyUyMGxvdyUyMGZhaWx1cmUlMjByYXRlJTJDJTIwYW5kJTIwbG9uZyUyMGNvbnRpbnVvdXMlMjBjb25zdHJ1Y3Rpb24lMjBvcGVyYXRpb24lMjB0aW1lLiUyMCUyMiUyQyUyMmRzdCUyMiUzQSUyMkQlRTclQjMlQkIlRTUlODglOTclRTclQUUlQTElRTUlQkMlOEYlRTYlOUYlQjQlRTYlQjIlQjklRTYlQTElQTklRTklOTQlQTQlRTUlOEElQTglRTUlOEElOUIlRTUlQkMlQkElRTUlOEElQjIlRUYlQkMlOEMlRTUlODYlQjIlRTUlODclQkIlRTglODMlQkQlRTklODclOEYlRTklQUIlOTglRUYlQkMlOEMlRTYlQjIlQjklRTglODAlOTclRTQlQkQlOEUlRUYlQkMlOEMlRTYlOTUlODUlRTklOUElOUMlRTclOEUlODclRTQlQkQlOEUlRUYlQkMlOEMlRTglQkYlOUUlRTclQkIlQUQlRTYlOTYlQkQlRTUlQjclQTUlRTQlQkQlOUMlRTQlQjglOUElRTYlOTclQjYlRTklOTclQjQlRTklOTUlQkYlRTMlODAlODIlMjIlMkMlMjJtZXRhZGF0YSUyMiUzQSUyMiUyMiUyQyUyMm1ldGFEYXRhJTIyJTNBJTVCJTVEJTJDJTIydGV4dCUyMiUzQSUyMlRoZSUyMEQlMjBzZXJpZXMlMjB0dWJ1bGFyJTIwZGllc2VsJTIwcGlsZSUyMGhhbW1lciUyMGlzJTIwcG93ZXJmdWwlMkMlMjB3aXRoJTIwaGlnaCUyMHN0cmlraW5nJTIwZW5lcmd5JTJDJTIwbG93JTIwZnVlbCUyMGNvbnN1bXB0aW9uJTJDJTIwbG93JTIwZmFpbHVyZSUyMHJhdGUlMkMlMjBhbmQlMjBsb25nJTIwY29udGludW91cyUyMGNvbnN0cnVjdGlvbiUyMG9wZXJhdGlvbiUyMHRpbWUuJTIwJTIyJTdEJTVEJTdEJTVE\">Die Diesel-Rohrramme der Serie D ist leistungsstark, hat eine hohe Schlagenergie, einen geringen Kraftstoffverbrauch, eine niedrige Ausfallrate und eine lange Dauerbetriebszeit. <\/span><\/p>\n<div data-slate-node=\"element\" data-slate-fragment=\"JTVCJTdCJTIydHlwZSUyMiUzQSUyMnBhcmFncmFwaCUyMiUyQyUyMmNoaWxkcmVuJTIyJTNBJTVCJTdCJTIyaWQlMjIlM0ElMjJWNVhOYlhkTTNlJTIyJTJDJTIycGFyYUlkeCUyMiUzQTIlMkMlMjJzcmMlMjIlM0ElMjJJdCUyMGNhbiUyMGJlJTIwZXF1aXBwZWQlMjB3aXRoJTIwYSUyMGR1YWwlMjBmdWVsJTIwcHVtcCUyMHN5c3RlbSUyQyUyMG9wZW4lMjBhbmQlMjBzZW1pJTIwb3BlbiUyMHN1c3BlbnNpb24lMjBkZXZpY2VzJTJDJTIwb3IlMjBhJTIwbmV3JTIwZmxvYXRpbmclMjBwaWxlJTIwY2FwJTIwdG8lMjBtZWV0JTIwdmFyaW91cyUyMGNvbnN0cnVjdGlvbiUyMG9wZXJhdGlvbiUyMHJlcXVpcmVtZW50cy4lMjIlMkMlMjJkc3QlMjIlM0ElMjIlRTUlQUUlODMlRTUlOEYlQUYlRTQlQkIlQTUlRTklODUlOEQlRTUlQTQlODclRTUlOEYlOEMlRTclODclODMlRTYlOTYlOTklRTYlQjMlQjUlRTclQjMlQkIlRTclQkIlOUYlRTMlODAlODElRTUlQkMlODAlRTYlOTQlQkUlRTUlQkMlOEYlRTUlOTIlOEMlRTUlOEQlOEElRTUlQkMlODAlRTYlOTQlQkUlRTUlQkMlOEYlRTYlODIlQUMlRTYlOEMlODIlRTglQTMlODUlRTclQkQlQUUlRUYlQkMlOEMlRTYlODglOTYlRTYlOTYlQjAlRTclOUElODQlRTYlQjUlQUUlRTUlOEElQTglRTYlQTElQTklRTUlQjglQkQlRUYlQkMlOEMlRTQlQkIlQTUlRTYlQkIlQTElRTglQjYlQjMlRTUlOTAlODQlRTclQTclOEQlRTYlOTYlQkQlRTUlQjclQTUlRTQlQkQlOUMlRTQlQjglOUElRTglQTYlODElRTYlQjElODIlRTMlODAlODIlMjIlMkMlMjJtZXRhZGF0YSUyMiUzQSUyMiUyMiUyQyUyMm1ldGFEYXRhJTIyJTNBJTVCJTVEJTJDJTIydGV4dCUyMiUzQSUyMkl0JTIwY2FuJTIwYmUlMjBlcXVpcHBlZCUyMHdpdGglMjBhJTIwZHVhbCUyMGZ1ZWwlMjBwdW1wJTIwc3lzdGVtJTJDJTIwb3BlbiUyMGFuZCUyMHNlbWklMjBvcGVuJTIwc3VzcGVuc2lvbiUyMGRldmljZXMlMkMlMjBvciUyMGElMjBuZXclMjBmbG9hdGluZyUyMHBpbGUlMjBjYXAlMjB0byUyMG1lZXQlMjB2YXJpb3VzJTIwY29uc3RydWN0aW9uJTIwb3BlcmF0aW9uJTIwcmVxdWlyZW1lbnRzLiUyMiU3RCU1RCU3RCUyQyU3QiUyMnR5cGUlMjIlM0ElMjJwYXJhZ3JhcGglMjIlMkMlMjJjaGlsZHJlbiUyMiUzQSU1QiU3QiUyMmlkJTIyJTNBJTIyenlLMDZLcUptZSUyMiUyQyUyMnBhcmFJZHglMjIlM0EzJTJDJTIyc3JjJTIyJTNBJTIyJTIyJTJDJTIyZHN0JTIyJTNBJTIyJTIyJTJDJTIybWV0YWRhdGElMjIlM0ElMjIlMjIlMkMlMjJtZXRhRGF0YSUyMiUzQSU1QiU1RCUyQyUyMnRleHQlMjIlM0ElMjIlMjIlN0QlNUQlN0QlNUQ=\"><span data-slate-node=\"text\">Er kann mit einem doppelten Kraftstoffpumpensystem, offenen und halboffenen Aufh\u00e4ngevorrichtungen oder einer neuen schwimmenden Pfahlkappe ausgestattet werden, um den verschiedenen Anforderungen des Baubetriebs gerecht zu werden.<\/span><\/div>","protected":false},"featured_media":2412,"template":"","meta":{"_seopress_robots_primary_cat":"none","_seopress_titles_title":"Supply D100 Diesel Pile Hammer for Offshore and Road","_seopress_titles_desc":"D100 tubular diesel pile hammer is powerful, with high striking energy, low fuel consumption. Get Free Quotes!","_seopress_robots_index":"","site-sidebar-layout":"default","site-content-layout":"","ast-site-content-layout":"default","site-content-style":"default","site-sidebar-style":"default","ast-global-header-display":"","ast-banner-title-visibility":"","ast-main-header-display":"","ast-hfb-above-header-display":"","ast-hfb-below-header-display":"","ast-hfb-mobile-header-display":"","site-post-title":"","ast-breadcrumbs-content":"","ast-featured-img":"","footer-sml-layout":"","theme-transparent-header-meta":"default","adv-header-id-meta":"","stick-header-meta":"","header-above-stick-meta":"","header-main-stick-meta":"","header-below-stick-meta":"","astra-migrate-meta-layouts":"set","ast-page-background-enabled":"default","ast-page-background-meta":{"desktop":{"background-color":"var(--ast-global-color-4)","background-image":"","background-repeat":"repeat","background-position":"center center","background-size":"auto","background-attachment":"scroll","background-type":"","background-media":"","overlay-type":"","overlay-color":"","overlay-opacity":"","overlay-gradient":""},"tablet":{"background-color":"","background-image":"","background-repeat":"repeat","background-position":"center center","background-size":"auto","background-attachment":"scroll","background-type":"","background-media":"","overlay-type":"","overlay-color":"","overlay-opacity":"","overlay-gradient":""},"mobile":{"background-color":"","background-image":"","background-repeat":"repeat","background-position":"center center","background-size":"auto","background-attachment":"scroll","background-type":"","background-media":"","overlay-type":"","overlay-color":"","overlay-opacity":"","overlay-gradient":""}},"ast-content-background-meta":{"desktop":{"background-color":"var(--ast-global-color-5)","background-image":"","background-repeat":"repeat","background-position":"center center","background-size":"auto","background-attachment":"scroll","background-type":"","background-media":"","overlay-type":"","overlay-color":"","overlay-opacity":"","overlay-gradient":""},"tablet":{"background-color":"var(--ast-global-color-5)","background-image":"","background-repeat":"repeat","background-position":"center center","background-size":"auto","background-attachment":"scroll","background-type":"","background-media":"","overlay-type":"","overlay-color":"","overlay-opacity":"","overlay-gradient":""},"mobile":{"background-color":"var(--ast-global-color-5)","background-image":"","background-repeat":"repeat","background-position":"center center","background-size":"auto","background-attachment":"scroll","background-type":"","background-media":"","overlay-type":"","overlay-color":"","overlay-opacity":"","overlay-gradient":""}}},"product_brand":[],"product_cat":[21],"product_tag":[],"class_list":{"0":"post-2411","1":"product","2":"type-product","3":"status-publish","4":"has-post-thumbnail","6":"product_cat-d-diesel-hammer","7":"desktop-align-left","8":"tablet-align-left","9":"mobile-align-left","11":"first","12":"instock","13":"shipping-taxable","14":"product-type-simple"},"_links":{"self":[{"href":"https:\/\/www.juweihammer.com\/de\/wp-json\/wp\/v2\/product\/2411","targetHints":{"allow":["GET"]}}],"collection":[{"href":"https:\/\/www.juweihammer.com\/de\/wp-json\/wp\/v2\/product"}],"about":[{"href":"https:\/\/www.juweihammer.com\/de\/wp-json\/wp\/v2\/types\/product"}],"version-history":[{"count":2,"href":"https:\/\/www.juweihammer.com\/de\/wp-json\/wp\/v2\/product\/2411\/revisions"}],"predecessor-version":[{"id":11339,"href":"https:\/\/www.juweihammer.com\/de\/wp-json\/wp\/v2\/product\/2411\/revisions\/11339"}],"wp:featuredmedia":[{"embeddable":true,"href":"https:\/\/www.juweihammer.com\/de\/wp-json\/wp\/v2\/media\/2412"}],"wp:attachment":[{"href":"https:\/\/www.juweihammer.com\/de\/wp-json\/wp\/v2\/media?parent=2411"}],"wp:term":[{"taxonomy":"product_brand","embeddable":true,"href":"https:\/\/www.juweihammer.com\/de\/wp-json\/wp\/v2\/product_brand?post=2411"},{"taxonomy":"product_cat","embeddable":true,"href":"https:\/\/www.juweihammer.com\/de\/wp-json\/wp\/v2\/product_cat?post=2411"},{"taxonomy":"product_tag","embeddable":true,"href":"https:\/\/www.juweihammer.com\/de\/wp-json\/wp\/v2\/product_tag?post=2411"}],"curies":[{"name":"wp","href":"https:\/\/api.w.org\/{rel}","templated":true}]}}