{"id":2391,"date":"2024-07-22T05:31:02","date_gmt":"2024-07-22T05:31:02","guid":{"rendered":"https:\/\/www.juweihammer.com\/?post_type=product&#038;p=2391"},"modified":"2024-11-08T02:36:26","modified_gmt":"2024-11-08T02:36:26","slug":"d62-diesel-pile-hammer-with-pile-driving-leads","status":"publish","type":"product","link":"https:\/\/www.juweihammer.com\/de\/produkt\/d62-diesel-pile-hammer-with-pile-driving-leads\/","title":{"rendered":"D62 Diesel-Rammhammer mit Rammschuhen"},"content":{"rendered":"<p>Als einer der<strong> die Top 10<\/strong> piel diesel hammer Hersteller und Lieferanten in weltweit. Die Dieselrammen der D-Serie von Juwei verf\u00fcgen \u00fcber mehr als 30 Jahre Erfahrung in der Entwicklung, Herstellung und Anwendung. <span style=\"color: #0000ff;\"><strong>Erfahren Sie mehr \u00fcber unsere Fabrik, indem Sie auf \"Fabrik\" klicken.<\/strong><\/span><span style=\"color: #000080;\">!<\/span><\/p>\n<p><strong>#Total <span data-slate-fragment=\"JTVCJTdCJTIydHlwZSUyMiUzQSUyMnBhcmFncmFwaCUyMiUyQyUyMmNoaWxkcmVuJTIyJTNBJTVCJTdCJTIyaWQlMjIlM0ElMjJlYk40UmdFcXBlJTIyJTJDJTIycGFyYUlkeCUyMiUzQTQlMkMlMjJzcmMlMjIlM0ElMjJDb21wbGV0ZSUyME1vZGVsJTIwUmFuZ2UlMjBvZiUyMEQlMjBTZXJpZXMlMjBUdWJ1bGFyJTIwRGllc2VsJTIwUGlsZSUyMERyaXZlciUyMEhhbW1lcnMlMjIlMkMlMjJkc3QlMjIlM0ElMjJEJUU3JUIzJUJCJUU1JTg4JTk3JUU3JUFFJUExJUU3JThBJUI2JUU2JTlGJUI0JUU2JUIyJUI5JUU2JTg5JTkzJUU2JUExJUE5JUU5JTk0JUE0JUU3JTlBJTg0JUU1JUFFJThDJUU2JTk1JUI0JUU1JTlFJThCJUU1JThGJUI3JUU3JUIzJUJCJUU1JTg4JTk3JTIyJTJDJTIybWV0YWRhdGElMjIlM0ElMjIlMjIlMkMlMjJtZXRhRGF0YSUyMiUzQSU1QiU1RCUyQyUyMnRleHQlMjIlM0ElMjJDb21wbGV0ZSUyME1vZGVsJTIyJTdEJTVEJTdEJTVE\">Modell<\/span> von Pfahl-Dieselh\u00e4mmern der Serie D<\/strong><\/p>\n<p>D12, D16, D19, D25, D30, D36, D46, D50, D62, D80, D100, D128, D138, D160, D180, D225, D265, D320, D400. \u00a0<span style=\"color: #0000ff;\"><strong><span class=\"null\" data-slate-leaf=\"true\" data-sent-id=\"VpbK2QLMrB\">Ausf\u00fchrliche Informationen erhalten Sie, wenn Sie auf die Schaltfl\u00e4che \"Details zur Serie D\" klicken.<\/span><\/strong><\/span><\/p>\n<p><strong>1TP5Kundenspezifische L\u00f6sungen:<\/strong><\/p>\n<p>Unser Ingenieurteam kann ma\u00dfgeschneiderte L\u00f6sungen anbieten <span data-slate-fragment=\"JTVCJTdCJTIydHlwZSUyMiUzQSUyMnBhcmFncmFwaCUyMiUyQyUyMmNoaWxkcmVuJTIyJTNBJTVCJTdCJTIyaWQlMjIlM0ElMjJCdjVScmFXa1B6JTIyJTJDJTIycGFyYUlkeCUyMiUzQTEwJTJDJTIyc3JjJTIyJTNBJTIyT3VyJTIwZW5naW5lZXJpbmclMjB0ZWFtJTIwb2ZmZXJzJTIwY3VzdG9taXplZCUyMHNvbHV0aW9ucyUyMHRhaWxvcmVkJTIwdG8lMjB5b3VyJTIwcHJvamVjdCUyMG5lZWRzLiUyMCUyMiUyQyUyMmRzdCUyMiUzQSUyMiVFNiU4OCU5MSVFNCVCQiVBQyVFNyU5QSU4NCVFNSVCNyVBNSVFNyVBOCU4QiVFNSU5QiVBMiVFOSU5OCU5RiVFNiVBMCVCOSVFNiU4RCVBRSVFNiU4MiVBOCVFNyU5QSU4NCVFOSVBMSVCOSVFNyU5QiVBRSVFOSU5QyU4MCVFNiVCMSU4MiVFNiU4RiU5MCVFNCVCRSU5QiVFNSVBRSU5QSVFNSU4OCVCNiVFNyU5QSU4NCVFOCVBNyVBMyVFNSU4NiVCMyVFNiU5NiVCOSVFNiVBMSU4OCVFMyU4MCU4MiUyMiUyQyUyMm1ldGFkYXRhJTIyJTNBJTIyJTIyJTJDJTIybWV0YURhdGElMjIlM0ElNUIlNUQlMkMlMjJ0ZXh0JTIyJTNBJTIydGFpbG9yZWQlMjB0byUyMHlvdXIlMjBwcm9qZWN0JTIwbmVlZHMlMjIlN0QlNUQlN0QlNUQ=\">zugeschnitten auf Ihre Projektanforderungen<\/span>. <span data-slate-node=\"text\"><span class=\"null\" data-slate-leaf=\"true\" data-sent-id=\"ej04Roardz\">Stellen Sie uns einen Bericht \u00fcber die Bodenadresse, den Pfahltyp und die Spezifikationen der Rammausr\u00fcstung zur Verf\u00fcgung. <\/span><\/span><span data-slate-node=\"text\" data-slate-fragment=\"JTVCJTdCJTIydHlwZSUyMiUzQSUyMnBhcmFncmFwaCUyMiUyQyUyMmNoaWxkcmVuJTIyJTNBJTVCJTdCJTIyaWQlMjIlM0ElMjJlajA0Um9hcmR6JTIyJTJDJTIycGFyYUlkeCUyMiUzQTEwJTJDJTIyc3JjJTIyJTNBJTIyUHJvdmlkZSUyMHVzJTIwd2l0aCUyMGElMjBzb2lsJTIwYWRkcmVzcyUyMHJlcG9ydCUyQyUyMHBpbGUlMjB0eXBlJTJDJTIwYW5kJTIwcGlsZSUyMGRyaXZpbmclMjBlcXVpcG1lbnQlMjBzcGVjaWZpY2F0aW9ucy4lMjAlMjIlMkMlMjJkc3QlMjIlM0ElMjIlRTUlOTAlOTElRTYlODglOTElRTQlQkIlQUMlRTYlOEYlOTAlRTQlQkUlOUIlRTUlOUMlOUYlRTUlQTMlQTQlRTUlOUMlQjAlRTUlOUQlODAlRTYlOEElQTUlRTUlOTElOEElRTMlODAlODElRTYlQTElQTklRTclQjElQkIlRTUlOUUlOEIlRTUlOTIlOEMlRTYlODklOTMlRTYlQTElQTklRTglQUUlQkUlRTUlQTQlODclRTglQTclODQlRTYlQTAlQkMlRTMlODAlODIlMjIlMkMlMjJtZXRhZGF0YSUyMiUzQSUyMiUyMiUyQyUyMm1ldGFEYXRhJTIyJTNBJTVCJTVEJTJDJTIydGV4dCUyMiUzQSUyMlByb3ZpZGUlMjB1cyUyMHdpdGglMjBhJTIwc29pbCUyMGFkZHJlc3MlMjByZXBvcnQlMkMlMjBwaWxlJTIwdHlwZSUyQyUyMGFuZCUyMHBpbGUlMjBkcml2aW5nJTIwZXF1aXBtZW50JTIwc3BlY2lmaWNhdGlvbnMuJTIwJTIyJTdEJTJDJTdCJTIyaWQlMjIlM0ElMjJWTjZtbGE4RDFWJTIyJTJDJTIycGFyYUlkeCUyMiUzQTEwJTJDJTIyc3JjJTIyJTNBJTIyV2UlMjBkZWxpdmVyJTIwYSUyMGNvbXBhdGlibGUlMjBjeWxpbmRlciUyMGhhbW1lciUyMGRlc2lnbmVkJTIwZm9yJTIweW91ciUyMHByb2plY3QuJTIyJTJDJTIyZHN0JTIyJTNBJTIyJUU2JTg4JTkxJUU0JUJCJUFDJUU0JUI4JUJBJUU2JTgyJUE4JUU3JTlBJTg0JUU5JUExJUI5JUU3JTlCJUFFJUU2JThGJTkwJUU0JUJFJTlCJUU1JTg1JUJDJUU1JUFFJUI5JUU3JTlBJTg0JUU1JTlDJTg2JUU3JUFEJTkyJUU5JTk0JUE0JUUzJTgwJTgyJTIyJTJDJTIybWV0YWRhdGElMjIlM0ElMjIlMjIlMkMlMjJtZXRhRGF0YSUyMiUzQSU1QiU1RCUyQyUyMnRleHQlMjIlM0ElMjJXZSUyMGRlbGl2ZXIlMjBhJTIwY29tcGF0aWJsZSUyMGN5bGluZGVyJTIwaGFtbWVyJTIwZGVzaWduZWQlMjBmb3IlMjB5b3VyJTIwcHJvamVjdC4lMjIlN0QlNUQlN0QlNUQ=\"><span class=\"null\" data-slate-leaf=\"true\" data-sent-id=\"VN6mla8D1V\">Wir liefern einen kompatiblen Hammer f\u00fcr Ihr Projekt.<\/span><\/span><\/p>\n<p><strong>#<\/strong><strong>Flortyp:<\/strong><\/p>\n<p><span data-slate-fragment=\"JTVCJTdCJTIydHlwZSUyMiUzQSUyMnBhcmFncmFwaCUyMiUyQyUyMmNoaWxkcmVuJTIyJTNBJTVCJTdCJTIyaWQlMjIlM0ElMjJlbU1LUllacEplJTIyJTJDJTIycGFyYUlkeCUyMiUzQTE0JTJDJTIyc3JjJTIyJTNBJTIyT3VyJTIwaGFtbWVycyUyMGFyZSUyMHN1aXRhYmxlJTIwZm9yJTIwZHJpdmluZyUyMHZhcmlvdXMlMjBwaWxlJTIwdHlwZXMlMkMlMjBpbmNsdWRpbmclMjBwcmVjYXN0JTIwY29uY3JldGUlMjBwaWxlcyUyQyUyMEgtYmVhbXMlMkMlMjBzdGVlbCUyMHBpcGUlMjBwaWxlcyUyQyUyMGNpcmN1bGFyJTIwcGlsZXMlMkMlMjBzcXVhcmUlMjBwaWxlcyUyQyUyMHNoZWV0JTIwcGlsZXMlMkMlMjBhbmQlMjB3b29kZW4lMjBwaWxlcy4lMjIlMkMlMjJkc3QlMjIlM0ElMjIlRTYlODglOTElRTQlQkIlQUMlRTclOUElODQlRTklOTQlQTQlRTUlQUQlOTAlRTklODAlODIlRTclOTQlQTglRTQlQkElOEUlRTYlODklOTMlRTYlQTElQTklRTUlOTAlODQlRTclQTclOEQlRTYlQTElQTklRTUlOUUlOEIlRUYlQkMlOEMlRTUlOEMlODUlRTYlOEIlQUMlRTklQTIlODQlRTUlODglQjYlRTYlQjclQjclRTUlODclOUQlRTUlOUMlOUYlRTYlQTElQTklRTMlODAlODFIJUU1JTlFJThCJUU5JTkyJUEyJUUzJTgwJTgxJUU5JTkyJUEyJUU3JUFFJUExJUU2JUExJUE5JUUzJTgwJTgxJUU1JTlDJTg2JUU1JUJEJUEyJUU2JUExJUE5JUUzJTgwJTgxJUU2JTk2JUI5JUU1JUJEJUEyJUU2JUExJUE5JUUzJTgwJTgxJUU2JTlEJUJGJUU2JUExJUE5JUU1JTkyJThDJUU2JTlDJUE4JUU2JUExJUE5JUUzJTgwJTgyJTIyJTJDJTIybWV0YWRhdGElMjIlM0ElMjIlMjIlMkMlMjJtZXRhRGF0YSUyMiUzQSU1QiU1RCUyQyUyMnRleHQlMjIlM0ElMjJPdXIlMjBoYW1tZXJzJTIwYXJlJTIwc3VpdGFibGUlMjBmb3IlMjBkcml2aW5nJTIwdmFyaW91cyUyMHBpbGUlMjB0eXBlcyUyMiU3RCU1RCU3RCU1RA==\">Unsere H\u00e4mmer sind f\u00fcr das Rammen verschiedener Pfahltypen geeignet,<\/span> Dazu geh\u00f6ren Betonfertigteilpf\u00e4hle, H-Tr\u00e4ger, Stahlrohrpf\u00e4hle, runde Pf\u00e4hle, quadratische Pf\u00e4hle, Spundbohlen, Holzpf\u00e4hle usw.<\/p>\n<p><strong>#Anwendung<\/strong>:<\/p>\n<p><span data-slate-fragment=\"JTVCJTdCJTIydHlwZSUyMiUzQSUyMnBhcmFncmFwaCUyMiUyQyUyMmNoaWxkcmVuJTIyJTNBJTVCJTdCJTIyaWQlMjIlM0ElMjJCNGtLT1E2QVJ6JTIyJTJDJTIycGFyYUlkeCUyMiUzQTE4JTJDJTIyc3JjJTIyJTNBJTIyT3VyJTIwZGllc2VsJTIwaGFtbWVycyUyMGFyZSUyMGlkZWFsJTIwZm9yJTIwb2Zmc2hvcmUlMjBwcm9qZWN0cyUyMHN1Y2glMjBhcyUyMHdpbmQlMjBwb3dlciUyMGdlbmVyYXRpb24lMkMlMjBlbmVyZ3klMkMlMjBicmlkZ2VzJTJDJTIwcG9ydHMlMkMlMjBkb2NrJTIwY29uc3RydWN0aW9uJTJDJTIwYW5kJTIwb2lsJTIwYW5kJTIwZ2FzJTIwZXh0cmFjdGlvbi4lMjAlMjIlMkMlMjJkc3QlMjIlM0ElMjIlRTYlODglOTElRTQlQkIlQUMlRTclOUElODQlRTYlOUYlQjQlRTYlQjIlQjklRTklOTQlQTQlRTYlOTglQUYlRTklQTMlOEUlRTUlOEElOUIlRTUlOEYlOTElRTclOTQlQjUlRTMlODAlODElRTglODMlQkQlRTYlQkElOTAlRTMlODAlODElRTYlQTElQTUlRTYlQTIlODElRTMlODAlODElRTYlQjglQUYlRTUlOEYlQTMlRTMlODAlODElRTclQTAlODElRTUlQTQlQjQlRTUlQkIlQkElRTglQUUlQkUlRTQlQkIlQTUlRTUlOEYlOEElRTclOUYlQjMlRTYlQjIlQjklRTUlOTIlOEMlRTUlQTQlQTklRTclODQlQjYlRTYlQjAlOTQlRTUlQkMlODAlRTklODclODclRTclQUQlODklRTYlQjUlQjclRTQlQjglOEElRTklQTElQjklRTclOUIlQUUlRTclOUElODQlRTclOTAlODYlRTYlODMlQjMlRTklODAlODklRTYlOEIlQTklRTMlODAlODIlMjIlMkMlMjJtZXRhZGF0YSUyMiUzQSUyMiUyMiUyQyUyMm1ldGFEYXRhJTIyJTNBJTVCJTVEJTJDJTIydGV4dCUyMiUzQSUyMk91ciUyMGRpZXNlbCUyMGhhbW1lcnMlMjBhcmUlMjBpZGVhbCUyMGZvciUyMCUyMiU3RCU1RCU3RCU1RA==\">Unsere Dieselh\u00e4mmer sind ideal f\u00fcr <\/span>Offshore-Projekte, z. B. in den Bereichen Windenergieerzeugung, Energie, Br\u00fccken, H\u00e4fen, Hafenbau sowie \u00d6l- und Gasf\u00f6rderung. <span data-slate-fragment=\"JTVCJTdCJTIydHlwZSUyMiUzQSUyMnBhcmFncmFwaCUyMiUyQyUyMmNoaWxkcmVuJTIyJTNBJTVCJTdCJTIyaWQlMjIlM0ElMjJWQVlFTzhhbzFWJTIyJTJDJTIycGFyYUlkeCUyMiUzQTE4JTJDJTIyc3JjJTIyJTNBJTIyVGhleSUyMGFyZSUyMGFsc28lMjBzdWl0YWJsZSUyMGZvciUyMHJvYWQlMjBhbmQlMjBjaXZpbCUyMGVuZ2luZWVyaW5nJTIwcHJvamVjdHMlMkMlMjBwdWJsaWMlMjB1dGlsaXRpZXMlMkMlMjBjb2ZmZXJkYW1zJTJDJTIwYnJpZGdlcyUyQyUyMHBob3Rvdm9sdGFpY3MlMkMlMjBhbmQlMjBlbnZpcm9ubWVudGFsJTIwcHJvamVjdHMuJTIwJTIyJTJDJTIyZHN0JTIyJTNBJTIyJUU1JUFFJTgzJUU0JUJCJUFDJUU0JUI5JTlGJUU5JTgwJTgyJUU3JTk0JUE4JUU0JUJBJThFJUU5JTgxJTkzJUU4JUI3JUFGJUU1JTkyJThDJUU1JTlDJTlGJUU2JTlDJUE4JUU1JUI3JUE1JUU3JUE4JThCJUU5JUExJUI5JUU3JTlCJUFFJUUzJTgwJTgxJUU1JTg1JUFDJUU3JTk0JUE4JUU0JUJBJThCJUU0JUI4JTlBJUUzJTgwJTgxJUU1JTlCJUI0JUU1JUEwJUIwJUUzJTgwJTgxJUU2JUExJUE1JUU2JUEyJTgxJUUzJTgwJTgxJUU1JTg1JTg5JUU0JUJDJThGJUU1JTkyJThDJUU3JThFJUFGJUU1JUEyJTgzJUU5JUExJUI5JUU3JTlCJUFFJUUzJTgwJTgyJTIyJTJDJTIybWV0YWRhdGElMjIlM0ElMjIlMjIlMkMlMjJtZXRhRGF0YSUyMiUzQSU1QiU1RCUyQyUyMnRleHQlMjIlM0ElMjJUaGV5JTIwYXJlJTIwYWxzbyUyMHN1aXRhYmxlJTIyJTdEJTVEJTdEJTVE\">Sie sind auch geeignet f\u00fcr <\/span>Stra\u00dfen- und Tiefbauprojekte, \u00f6ffentliche Versorgungseinrichtungen, Tiefbauarbeiten, Kofferd\u00e4mme, Br\u00fccken, Photovoltaik und Umwelt. <span style=\"color: #000080;\">Klicken Sie auf die Schaltfl\u00e4che \"Projekte\", um mehr zu erfahren!<\/span><\/p>\n<p><strong>#PVerpackung und Transport<\/strong>:<\/p>\n<p>Verpackung: <span data-slate-fragment=\"JTVCJTdCJTIydHlwZSUyMiUzQSUyMnBhcmFncmFwaCUyMiUyQyUyMmNoaWxkcmVuJTIyJTNBJTVCJTdCJTIyaWQlMjIlM0ElMjJ6eUswRHh2TEtlJTIyJTJDJTIycGFyYUlkeCUyMiUzQTIyJTJDJTIyc3JjJTIyJTNBJTIyUGFja2FnaW5nJTNBJTIwV2UlMjB1c2UlMjBleHBvcnQtc3RhbmRhcmQlMjBzdGVlbCUyMHRyYW5zcG9ydGF0aW9uJTIwdG9vbHMlMjBmb3IlMjBwYWNrYWdpbmcuJTIyJTJDJTIyZHN0JTIyJTNBJTIyJUU1JThDJTg1JUU4JUEzJTg1JUVGJUJDJTlBJUU2JTg4JTkxJUU0JUJCJUFDJUU0JUJEJUJGJUU3JTk0JUE4JUU1JTg3JUJBJUU1JThGJUEzJUU2JUEwJTg3JUU1JTg3JTg2JUU5JTkyJUEyJUU2JTlEJTkwJUU4JUJGJTkwJUU4JUJFJTkzJUU1JUI3JUE1JUU1JTg1JUI3JUU4JUJGJTlCJUU4JUExJThDJUU1JThDJTg1JUU4JUEzJTg1JUUzJTgwJTgyJTIyJTJDJTIybWV0YWRhdGElMjIlM0ElMjIlMjIlMkMlMjJtZXRhRGF0YSUyMiUzQSU1QiU1RCUyQyUyMnRleHQlMjIlM0ElMjJXZSUyMHVzZSUyMGV4cG9ydC1zdGFuZGFyZCUyMHN0ZWVsJTIwdHJhbnNwb3J0YXRpb24lMjB0b29scyUyMGZvciUyMHBhY2thZ2luZyUyMiU3RCU1RCU3RCU1RA==\">F\u00fcr die Verpackung verwenden wir Transportwerkzeuge aus Stahl, die dem Exportstandard entsprechen.<\/span><br \/>\nTransport: 20GP oder 40GP Containertransport<\/p>\n<p><strong>#Exportiert in viele L\u00e4nder<\/strong><\/p>\n<p>Dieses Produkt wird nach Europa, Russland, S\u00fcdostasien, Nordamerika, S\u00fcdamerika, dem Nahen Osten, Afrika und anderen Regionen exportiert. (z.B.: Philippinen, T\u00fcrkiye, Indonesien, Thailand, Vietnam, Bangladesch, die Vereinigten Staaten, Saudi-Arabien, Russland, Australien, Brasilien und andere L\u00e4nder )<\/p>\n<p><strong>1TP5Spezifikationen:<\/strong><\/p>\n<table width=\"602\">\n<tbody>\n<tr>\n<td rowspan=\"2\" width=\"358\">Spezifikationen<\/td>\n<td rowspan=\"2\" width=\"105\">Typ<\/td>\n<td width=\"139\">D62<\/td>\n<\/tr>\n<tr>\n<td width=\"139\">1:3\/1:1<\/td>\n<\/tr>\n<tr>\n<td width=\"358\">Aufschlag Gewicht (Kolben)<\/td>\n<td width=\"105\">kg<\/td>\n<td width=\"139\">6200<\/td>\n<\/tr>\n<tr>\n<td width=\"358\">Energie pro Schlag<\/td>\n<td width=\"105\">KNm<\/td>\n<td width=\"139\">218.96~107.05<\/td>\n<\/tr>\n<tr>\n<td width=\"358\">Anzahl der Schl\u00e4ge<\/td>\n<td width=\"105\">min-l<\/td>\n<td width=\"139\">36~50<\/td>\n<\/tr>\n<tr>\n<td width=\"358\">Kraft des Explosionsdrucks auf den Pfahl max.<\/td>\n<td width=\"105\">KN<\/td>\n<td width=\"139\">1800<\/td>\n<\/tr>\n<tr>\n<td width=\"358\">Geeignet zum Rammen von Pf\u00e4hlen bis zu<\/td>\n<td width=\"105\">Kg<\/td>\n<td width=\"139\">25000<\/td>\n<\/tr>\n<tr>\n<td width=\"358\">Zul\u00e4ssiges Seildimmma\u00df f\u00fcr Umlenkrolle der Ausl\u00f6seeinrichtung max.<\/td>\n<td width=\"105\">mm<\/td>\n<td width=\"139\">\u03a638<\/td>\n<\/tr>\n<tr>\n<td width=\"358\">Diesel\u00f6l<\/td>\n<td width=\"105\">L\/h<\/td>\n<td width=\"139\">20<\/td>\n<\/tr>\n<tr>\n<td width=\"358\">Schmiermittel<\/td>\n<td width=\"105\">L\/h<\/td>\n<td width=\"139\">3.2<\/td>\n<\/tr>\n<tr>\n<td width=\"358\">Diesel\u00f6ltank<\/td>\n<td width=\"105\">L<\/td>\n<td width=\"139\">98<\/td>\n<\/tr>\n<tr>\n<td width=\"358\">Schmierstofftank<\/td>\n<td width=\"105\">L<\/td>\n<td width=\"139\">31.5<\/td>\n<\/tr>\n<tr>\n<td width=\"358\">Diesel Rammger\u00e4t ca.<\/td>\n<td width=\"105\">kg<\/td>\n<td width=\"139\">11870\/\u00a0 12280<\/td>\n<\/tr>\n<tr>\n<td width=\"358\">Ausl\u00f6ser ca.<\/td>\n<td width=\"105\">kg<\/td>\n<td width=\"139\">400<\/td>\n<\/tr>\n<tr>\n<td width=\"358\">Transporthalterung\/Wiege ca.<\/td>\n<td width=\"105\">kg<\/td>\n<td width=\"139\">72<\/td>\n<\/tr>\n<tr>\n<td width=\"358\">Transportschutz ca.<\/td>\n<td width=\"105\">kg<\/td>\n<td width=\"139\">34<\/td>\n<\/tr>\n<tr>\n<td width=\"358\">Werkzeugkasten ca.<\/td>\n<td width=\"105\">kg<\/td>\n<td width=\"139\">125<\/td>\n<\/tr>\n<tr>\n<td width=\"358\">L\u00e4nge des Dieselrammbocks (a\/al)<\/td>\n<td width=\"105\">mm<\/td>\n<td width=\"139\">5910\/ 6910<\/td>\n<\/tr>\n<tr>\n<td width=\"358\">Au\u00dfendurchmesser des Schlagk\u00f6rpers (b)<\/td>\n<td width=\"105\">mm<\/td>\n<td width=\"139\">\u03a6710<\/td>\n<\/tr>\n<tr>\n<td width=\"358\">Gesamtabmessungen, gemessen \u00fcber den Befestigungsschrauben der F\u00fchrungsbacken (c)<\/td>\n<td width=\"105\">mm<\/td>\n<td width=\"139\">828<\/td>\n<\/tr>\n<tr>\n<td width=\"358\">Breite des Dieselrammbocks (d)<\/td>\n<td width=\"105\">mm<\/td>\n<td width=\"139\">800<\/td>\n<\/tr>\n<tr>\n<td width=\"358\">Breite f\u00fcr die Verbindung der F\u00fchrungsbacken (e)<\/td>\n<td width=\"105\">mm<\/td>\n<td width=\"139\">560<\/td>\n<\/tr>\n<tr>\n<td width=\"358\">Mitte des Dieselramms bis zum Pumpenschutz (f)<\/td>\n<td width=\"105\">mm<\/td>\n<td width=\"139\">490<\/td>\n<\/tr>\n<tr>\n<td width=\"358\">Mitte des Dieselramms bis zur Mitte der Gewindebohrung f\u00fcr die Befestigungsschraube der F\u00fchrungsbacken (g)<\/td>\n<td width=\"105\">mm<\/td>\n<td width=\"139\">380<\/td>\n<\/tr>\n<tr>\n<td width=\"358\">Tiefe der Dieselramme (h)<\/td>\n<td width=\"105\">mm<\/td>\n<td width=\"139\">970<\/td>\n<\/tr>\n<tr>\n<td width=\"358\">Standardabstand von der Mitte des Dieselhammers bis zur Mitte des Bleis (H)<\/td>\n<td width=\"105\">mm<\/td>\n<td width=\"139\">560<\/td>\n<\/tr>\n<tr>\n<td width=\"358\">Breite der Litzen (L)<\/td>\n<td width=\"105\">mm<\/td>\n<td width=\"139\">600x(\u03a6102)<\/td>\n<\/tr>\n<\/tbody>\n<\/table>\n<h2>D62 Dieselhammer Verpackung<\/h2>\n<p><img fetchpriority=\"high\" decoding=\"async\" class=\"size-full wp-image-11326\" src=\"https:\/\/www.juweihammer.com\/wp-content\/uploads\/2024\/09\/D-tubular-diesel-hammer-packaging.webp\" alt=\"D R\u00f6hrenf\u00f6rmige Dieselhammer-Verpackung\" width=\"975\" height=\"696\" srcset=\"https:\/\/www.juweihammer.com\/wp-content\/uploads\/2024\/09\/D-tubular-diesel-hammer-packaging.webp 975w, https:\/\/www.juweihammer.com\/wp-content\/uploads\/2024\/09\/D-tubular-diesel-hammer-packaging-768x548.webp 768w, https:\/\/www.juweihammer.com\/wp-content\/uploads\/2024\/09\/D-tubular-diesel-hammer-packaging-18x12.webp 18w, https:\/\/www.juweihammer.com\/wp-content\/uploads\/2024\/09\/D-tubular-diesel-hammer-packaging-600x428.webp 600w\" sizes=\"(max-width: 975px) 100vw, 975px\" \/><\/p>","protected":false},"excerpt":{"rendered":"<p>Der Diesel-Rohrrammb\u00e4r D ist derzeit das am h\u00e4ufigsten eingesetzte Rammger\u00e4t im Tiefbau.<\/p>\n<ul>\n<li>Aufprallgewicht (Piston): 6,2 Tonnen<\/li>\n<li>Impac Energie: 218,96 \uff5e 107,05 Kj<\/li>\n<li>Niedriger \u00d6lverbrauch<\/li>\n<li>Form des Zylinders<\/li>\n<li>Ma\u00dfgeschneiderte L\u00f6sungen<\/li>\n<li><span data-slate-fragment=\"JTVCJTdCJTIydHlwZSUyMiUzQSUyMnBhcmFncmFwaCUyMiUyQyUyMmNoaWxkcmVuJTIyJTNBJTVCJTdCJTIyaWQlMjIlM0ElMjJCdjVSOFl3bFd6JTIyJTJDJTIycGFyYUlkeCUyMiUzQTAlMkMlMjJzcmMlMjIlM0ElMjJEdWFsJTIwZnVlbCUyMHB1bXAlMjBzeXN0ZW0lMjIlMkMlMjJkc3QlMjIlM0ElMjIlRTUlOEYlOEMlRTclODclODMlRTYlQjIlQjklRTYlQjMlQjUlRTclQjMlQkIlRTclQkIlOUYlMjIlMkMlMjJtZXRhZGF0YSUyMiUzQSUyMiUyMiUyQyUyMm1ldGFEYXRhJTIyJTNBJTVCJTVEJTJDJTIydGV4dCUyMiUzQSUyMkR1YWwlMjBmdWVsJTIwcHVtcCUyMHN5c3RlbSUyMiU3RCU1RCU3RCU1RA==\">ProvideOEM<\/span><\/li>\n<\/ul>","protected":false},"featured_media":11343,"template":"","meta":{"_seopress_robots_primary_cat":"none","_seopress_titles_title":"Supply D62 Diesel Pile Hammers with Pile Driving Leads","_seopress_titles_desc":"JUWEI supply D62 tubular diesel pile hammers for piling foundation construction. Impact Weight (Piston): 6.2 tons. Number of Stroke: 36~50 per minute.","_seopress_robots_index":"","site-sidebar-layout":"default","site-content-layout":"","ast-site-content-layout":"default","site-content-style":"default","site-sidebar-style":"default","ast-global-header-display":"","ast-banner-title-visibility":"","ast-main-header-display":"","ast-hfb-above-header-display":"","ast-hfb-below-header-display":"","ast-hfb-mobile-header-display":"","site-post-title":"","ast-breadcrumbs-content":"","ast-featured-img":"","footer-sml-layout":"","theme-transparent-header-meta":"default","adv-header-id-meta":"","stick-header-meta":"","header-above-stick-meta":"","header-main-stick-meta":"","header-below-stick-meta":"","astra-migrate-meta-layouts":"set","ast-page-background-enabled":"default","ast-page-background-meta":{"desktop":{"background-color":"var(--ast-global-color-4)","background-image":"","background-repeat":"repeat","background-position":"center center","background-size":"auto","background-attachment":"scroll","background-type":"","background-media":"","overlay-type":"","overlay-color":"","overlay-opacity":"","overlay-gradient":""},"tablet":{"background-color":"","background-image":"","background-repeat":"repeat","background-position":"center center","background-size":"auto","background-attachment":"scroll","background-type":"","background-media":"","overlay-type":"","overlay-color":"","overlay-opacity":"","overlay-gradient":""},"mobile":{"background-color":"","background-image":"","background-repeat":"repeat","background-position":"center center","background-size":"auto","background-attachment":"scroll","background-type":"","background-media":"","overlay-type":"","overlay-color":"","overlay-opacity":"","overlay-gradient":""}},"ast-content-background-meta":{"desktop":{"background-color":"var(--ast-global-color-5)","background-image":"","background-repeat":"repeat","background-position":"center center","background-size":"auto","background-attachment":"scroll","background-type":"","background-media":"","overlay-type":"","overlay-color":"","overlay-opacity":"","overlay-gradient":""},"tablet":{"background-color":"var(--ast-global-color-5)","background-image":"","background-repeat":"repeat","background-position":"center center","background-size":"auto","background-attachment":"scroll","background-type":"","background-media":"","overlay-type":"","overlay-color":"","overlay-opacity":"","overlay-gradient":""},"mobile":{"background-color":"var(--ast-global-color-5)","background-image":"","background-repeat":"repeat","background-position":"center center","background-size":"auto","background-attachment":"scroll","background-type":"","background-media":"","overlay-type":"","overlay-color":"","overlay-opacity":"","overlay-gradient":""}}},"product_brand":[],"product_cat":[21],"product_tag":[],"class_list":{"0":"post-2391","1":"product","2":"type-product","3":"status-publish","4":"has-post-thumbnail","6":"product_cat-d-diesel-hammer","7":"desktop-align-left","8":"tablet-align-left","9":"mobile-align-left","11":"first","12":"instock","13":"shipping-taxable","14":"product-type-simple"},"_links":{"self":[{"href":"https:\/\/www.juweihammer.com\/de\/wp-json\/wp\/v2\/product\/2391","targetHints":{"allow":["GET"]}}],"collection":[{"href":"https:\/\/www.juweihammer.com\/de\/wp-json\/wp\/v2\/product"}],"about":[{"href":"https:\/\/www.juweihammer.com\/de\/wp-json\/wp\/v2\/types\/product"}],"version-history":[{"count":2,"href":"https:\/\/www.juweihammer.com\/de\/wp-json\/wp\/v2\/product\/2391\/revisions"}],"predecessor-version":[{"id":11344,"href":"https:\/\/www.juweihammer.com\/de\/wp-json\/wp\/v2\/product\/2391\/revisions\/11344"}],"wp:featuredmedia":[{"embeddable":true,"href":"https:\/\/www.juweihammer.com\/de\/wp-json\/wp\/v2\/media\/11343"}],"wp:attachment":[{"href":"https:\/\/www.juweihammer.com\/de\/wp-json\/wp\/v2\/media?parent=2391"}],"wp:term":[{"taxonomy":"product_brand","embeddable":true,"href":"https:\/\/www.juweihammer.com\/de\/wp-json\/wp\/v2\/product_brand?post=2391"},{"taxonomy":"product_cat","embeddable":true,"href":"https:\/\/www.juweihammer.com\/de\/wp-json\/wp\/v2\/product_cat?post=2391"},{"taxonomy":"product_tag","embeddable":true,"href":"https:\/\/www.juweihammer.com\/de\/wp-json\/wp\/v2\/product_tag?post=2391"}],"curies":[{"name":"wp","href":"https:\/\/api.w.org\/{rel}","templated":true}]}}