{"id":2367,"date":"2024-07-22T02:11:37","date_gmt":"2024-07-22T02:11:37","guid":{"rendered":"https:\/\/www.juweihammer.com\/?post_type=product&#038;p=2367"},"modified":"2024-11-08T02:38:36","modified_gmt":"2024-11-08T02:38:36","slug":"d25-diesel-pile-driver-hammer","status":"publish","type":"product","link":"https:\/\/www.juweihammer.com\/de\/produkt\/d25-diesel-pile-driver-hammer\/","title":{"rendered":"D25 Diesel Pfahlramme Hammer zu verkaufen | OEM verf\u00fcgbar"},"content":{"rendered":"<p>Juwei ist einer der<strong> die Top 10<\/strong> Dieselhammer-Hersteller und -Lieferanten weltweit. Die Dieselrammen der D-Serie von Juwei verf\u00fcgen \u00fcber mehr als 30 Jahre Erfahrung in der Entwicklung, Herstellung und Anwendung. <strong><span style=\"color: #0000ff;\">Klicken Sie auf die Schaltfl\u00e4che \"Fabrik\", um mehr zu erfahren!<\/span><\/strong><\/p>\n<p><strong>#Gesamtmodell der D-Serie der rohrf\u00f6rmigen Diesel-Rammh\u00e4mmer<\/strong><\/p>\n<p>D12, D16, D19, D25, D30, D36, D46, D50, D62, D80, D100, D128, D138, D160, D180, D225, D265, D320, D400. <strong><span style=\"color: #0000ff;\">Klicken Sie auf die Schaltfl\u00e4che \"D Series Details\", um mehr zu erfahren!<\/span><\/strong><\/p>\n<p><strong>1TP5Kundenspezifische L\u00f6sungen:<\/strong><\/p>\n<p>Unser Ingenieurteam kann auf der Grundlage Ihrer Projektsituation ma\u00dfgeschneiderte L\u00f6sungen erarbeiten. Sie stellen lediglich einen Bericht \u00fcber die Bodenadresse, den Pfahltyp und die Rammausr\u00fcstung zur Verf\u00fcgung. Wir stellen einen Zylinderhammer zur Verf\u00fcgung, der mit dem Entwurf kompatibel ist.<\/p>\n<p><strong>#<\/strong><strong>Flortyp:<\/strong><\/p>\n<p>Zu den Pfahltypen f\u00fcr die Rammung geh\u00f6ren Betonfertigteilpf\u00e4hle, H-Tr\u00e4ger, Stahlrohrpf\u00e4hle, runde Pf\u00e4hle, quadratische Pf\u00e4hle, Spundbohlen, Holzpf\u00e4hle usw.<\/p>\n<p><strong>#Anwendung<\/strong>:<\/p>\n<p>Offshore-Projekte umfassen Windenergieerzeugung, Energie, Br\u00fccken, H\u00e4fen, Hafenbau sowie \u00d6l- und Gasf\u00f6rderung. Es ist auch anwendbar auf Stra\u00dfen- und Tiefbauprojekte, \u00f6ffentliche Versorgungseinrichtungen, zivile Versorgungseinrichtungen, Kofferd\u00e4mme, Br\u00fccken, Photovoltaik und die Umwelt. <strong><span style=\"color: #0000ff;\">Klicken Sie auf die Schaltfl\u00e4che \"Projekte\", um mehr zu erfahren!<\/span><\/strong><\/p>\n<p><strong>#PVerpackung und Transport<\/strong>:<\/p>\n<p>Verpackung: Mit Export-Standard-Stahl-Transport-Tools f\u00fcr die Verpackung<br \/>\nTransport: 20GP oder 40GP Containertransport<\/p>\n<p><strong>#Exportiert in viele L\u00e4nder<\/strong><\/p>\n<p>Dieses Produkt wird nach Europa, Russland, S\u00fcdostasien, Nordamerika, S\u00fcdamerika, dem Nahen Osten, Afrika und anderen Regionen exportiert. (Wie zum Beispiel)<\/p>\n<p><strong>1TP5Spezifikationen:<\/strong><\/p>\n<style>\n    .table-container {<br \/>        overflow-x: auto;<br \/>        margin: 0 auto;<br \/>    }<br \/>    table {<br \/>        width: 100%;<br \/>        border-collapse: collapse;<br \/>    }<br \/>    th, td {<br \/>        padding: 8px;<br \/>        border: 1px solid #ddd;<br \/>        text-align: left;<br \/>    }<br \/>    @media screen and (max-width: 600px) {<br \/>        table, thead, tbody, th, td, tr {<br \/>            display: block;<br \/>            width: 100%;<br \/>        }<br \/>        thead tr {<br \/>            display: none;<br \/>        }<br \/>        tr {<br \/>            margin-bottom: 15px;<br \/>        }<br \/>        td {<br \/>            text-align: right;<br \/>            padding-left: 50%;<br \/>            position: relative;<br \/>        }<br \/>        td:before {<br \/>            content: attr(data-label);<br \/>            position: absolute;<br \/>            left: 0;<br \/>            width: 50%;<br \/>            padding-left: 10px;<br \/>            font-weight: bold;<br \/>            text-align: left;<br \/>        }<br \/>    }<br \/><\/style>\n<div class=\"table-container\">\n<table>\n<thead>\n<tr>\n<th>Spezifikationen<\/th>\n<th>Typ<\/th>\n<th>D25<\/th>\n<\/tr>\n<\/thead>\n<tbody>\n<tr>\n<td data-label=\"Specifications\">Aufschlag Gewicht (Kolben)<\/td>\n<td data-label=\"Type\">kg<\/td>\n<td data-label=\"D25\">2500<\/td>\n<\/tr>\n<tr>\n<td data-label=\"Specifications\">Energie pro Schlag<\/td>\n<td data-label=\"Type\">KNm<\/td>\n<td data-label=\"D25\">90.00~39.98<\/td>\n<\/tr>\n<tr>\n<td data-label=\"Specifications\">Anzahl der Schl\u00e4ge<\/td>\n<td data-label=\"Type\">min-l<\/td>\n<td data-label=\"D25\">35~52<\/td>\n<\/tr>\n<tr>\n<td data-label=\"Specifications\">Kraft des Explosionsdrucks auf den Pfahl max.<\/td>\n<td data-label=\"Type\">KN<\/td>\n<td data-label=\"D25\">1304<\/td>\n<\/tr>\n<tr>\n<td data-label=\"Specifications\">Geeignet zum Rammen von Pf\u00e4hlen bis zu<\/td>\n<td data-label=\"Type\">Kg<\/td>\n<td data-label=\"D25\">7500<\/td>\n<\/tr>\n<tr>\n<td data-label=\"Specifications\">Zul\u00e4ssiger Seildurchmesser f\u00fcr Umlenkrolle der Ausl\u00f6seeinrichtung max.<\/td>\n<td data-label=\"Type\">mm<\/td>\n<td data-label=\"D25\">\u03a622<\/td>\n<\/tr>\n<tr>\n<td data-label=\"Specifications\">Diesel\u00f6l<\/td>\n<td data-label=\"Type\">L\/h<\/td>\n<td data-label=\"D25\">8<\/td>\n<\/tr>\n<tr>\n<td data-label=\"Specifications\">Schmiermittel<\/td>\n<td data-label=\"Type\">L\/h<\/td>\n<td data-label=\"D25\">1<\/td>\n<\/tr>\n<tr>\n<td data-label=\"Specifications\">Diesel\u00f6ltank<\/td>\n<td data-label=\"Type\">L<\/td>\n<td data-label=\"D25\">67<\/td>\n<\/tr>\n<tr>\n<td data-label=\"Specifications\">Schmierstofftank<\/td>\n<td data-label=\"Type\">L<\/td>\n<td data-label=\"D25\">19<\/td>\n<\/tr>\n<tr>\n<td data-label=\"Specifications\">Diesel Rammger\u00e4t ca.<\/td>\n<td data-label=\"Type\">kg<\/td>\n<td data-label=\"D25\">5330\/ 5810<\/td>\n<\/tr>\n<tr>\n<td data-label=\"Specifications\">Ausl\u00f6ser ca.<\/td>\n<td data-label=\"Type\">kg<\/td>\n<td data-label=\"D25\">180<\/td>\n<\/tr>\n<tr>\n<td data-label=\"Specifications\">Transporthalterung\/Wiege ca.<\/td>\n<td data-label=\"Type\">kg<\/td>\n<td data-label=\"D25\">20<\/td>\n<\/tr>\n<tr>\n<td data-label=\"Specifications\">Transportschutz ca.<\/td>\n<td data-label=\"Type\">kg<\/td>\n<td data-label=\"D25\">23<\/td>\n<\/tr>\n<tr>\n<td data-label=\"Specifications\">Werkzeugkasten ca.<\/td>\n<td data-label=\"Type\">kg<\/td>\n<td data-label=\"D25\">100<\/td>\n<\/tr>\n<tr>\n<td data-label=\"Specifications\">L\u00e4nge der Dieselramme (a\/al)<\/td>\n<td data-label=\"Type\">mm<\/td>\n<td data-label=\"D25\">5450\/ 6290<\/td>\n<\/tr>\n<tr>\n<td data-label=\"Specifications\">Au\u00dfendurchmesser des Schlagk\u00f6rpers (b)<\/td>\n<td data-label=\"Type\">mm<\/td>\n<td data-label=\"D25\">560<\/td>\n<\/tr>\n<tr>\n<td data-label=\"Specifications\">Gesamtabmessungen, gemessen \u00fcber den Befestigungsschrauben der F\u00fchrungsbacken (c)<\/td>\n<td data-label=\"Type\">mm<\/td>\n<td data-label=\"D25\">780<\/td>\n<\/tr>\n<tr>\n<td data-label=\"Specifications\">Breite des Dieselrammbocks (d)<\/td>\n<td data-label=\"Type\">mm<\/td>\n<td data-label=\"D25\">640<\/td>\n<\/tr>\n<tr>\n<td data-label=\"Specifications\">Breite f\u00fcr die Verbindung der F\u00fchrungsbacken (e)<\/td>\n<td data-label=\"Type\">mm<\/td>\n<td data-label=\"D25\">540<\/td>\n<\/tr>\n<tr>\n<td data-label=\"Specifications\">Mitte des Dieselramms bis zum Pumpenschutz (f)<\/td>\n<td data-label=\"Type\">mm<\/td>\n<td data-label=\"D25\">405<\/td>\n<\/tr>\n<tr>\n<td data-label=\"Specifications\">Mitte des Dieselramms bis zur Mitte der Gewindebohrung f\u00fcr die Befestigungsschraube der F\u00fchrungsbacken (g)<\/td>\n<td data-label=\"Type\">mm<\/td>\n<td data-label=\"D25\">235<\/td>\n<\/tr>\n<tr>\n<td data-label=\"Specifications\">Tiefe der Dieselramme (h)<\/td>\n<td data-label=\"Type\">mm<\/td>\n<td data-label=\"D25\">715<\/td>\n<\/tr>\n<tr>\n<td data-label=\"Specifications\">Standardabstand von der Mitte des Dieselhammers bis zur Mitte des Bleis (H)<\/td>\n<td data-label=\"Type\">mm<\/td>\n<td data-label=\"D25\">440<\/td>\n<\/tr>\n<tr>\n<td data-label=\"Specifications\">Breite der Litzen (L)<\/td>\n<td data-label=\"Type\">mm<\/td>\n<td data-label=\"D25\">330x(\u03a670)<\/td>\n<\/tr>\n<\/tbody>\n<\/table>\n<h2>D25 Diesel Hammer Verpackung<\/h2>\n<p><img fetchpriority=\"high\" decoding=\"async\" class=\"size-full wp-image-11326\" src=\"https:\/\/www.juweihammer.com\/wp-content\/uploads\/2024\/09\/D-tubular-diesel-hammer-packaging.webp\" alt=\"D R\u00f6hrenf\u00f6rmige Dieselhammer-Verpackung\" width=\"975\" height=\"696\" srcset=\"https:\/\/www.juweihammer.com\/wp-content\/uploads\/2024\/09\/D-tubular-diesel-hammer-packaging.webp 975w, https:\/\/www.juweihammer.com\/wp-content\/uploads\/2024\/09\/D-tubular-diesel-hammer-packaging-768x548.webp 768w, https:\/\/www.juweihammer.com\/wp-content\/uploads\/2024\/09\/D-tubular-diesel-hammer-packaging-18x12.webp 18w, https:\/\/www.juweihammer.com\/wp-content\/uploads\/2024\/09\/D-tubular-diesel-hammer-packaging-600x428.webp 600w\" sizes=\"(max-width: 975px) 100vw, 975px\" \/><\/p>\n<\/div>","protected":false},"excerpt":{"rendered":"<p>Der r\u00f6hrenf\u00f6rmige Dieselrammb\u00e4r der Serie D ist derzeit das am h\u00e4ufigsten verwendete Rammger\u00e4t f\u00fcr den Tiefbau.<\/p>\n<ul>\n<li>Aufprallgewicht (Kolben): 2,5 Tonnen<\/li>\n<li>Impac Energie: 90~39.98 Kj<\/li>\n<li>OEM <span data-slate-fragment=\"JTVCJTdCJTIydHlwZSUyMiUzQSUyMnBhcmFncmFwaCUyMiUyQyUyMmNoaWxkcmVuJTIyJTNBJTVCJTdCJTIyaWQlMjIlM0ElMjJWMHJtR2R2NjJCJTIyJTJDJTIycGFyYUlkeCUyMiUzQTAlMkMlMjJzcmMlMjIlM0ElMjJhdmFpbGFibGUlMjIlMkMlMjJkc3QlMjIlM0ElMjIlRTUlOEYlQUYlRTglOEUlQjclRTUlQkUlOTclRTclOUElODQlMjIlMkMlMjJtZXRhZGF0YSUyMiUzQSUyMiUyMiUyQyUyMm1ldGFEYXRhJTIyJTNBJTVCJTVEJTJDJTIydGV4dCUyMiUzQSUyMmF2YWlsYWJsZSUyMiU3RCU1RCU3RCU1RA==\">Verf\u00fcgbar<\/span><\/li>\n<li>Ma\u00dfgeschneiderte L\u00f6sungen<\/li>\n<li><span data-slate-fragment=\"JTVCJTdCJTIydHlwZSUyMiUzQSUyMnBhcmFncmFwaCUyMiUyQyUyMmNoaWxkcmVuJTIyJTNBJTVCJTdCJTIyaWQlMjIlM0ElMjJCdjVSOFl3bFd6JTIyJTJDJTIycGFyYUlkeCUyMiUzQTAlMkMlMjJzcmMlMjIlM0ElMjJEdWFsJTIwZnVlbCUyMHB1bXAlMjBzeXN0ZW0lMjIlMkMlMjJkc3QlMjIlM0ElMjIlRTUlOEYlOEMlRTclODclODMlRTYlQjIlQjklRTYlQjMlQjUlRTclQjMlQkIlRTclQkIlOUYlMjIlMkMlMjJtZXRhZGF0YSUyMiUzQSUyMiUyMiUyQyUyMm1ldGFEYXRhJTIyJTNBJTVCJTVEJTJDJTIydGV4dCUyMiUzQSUyMkR1YWwlMjBmdWVsJTIwcHVtcCUyMHN5c3RlbSUyMiU3RCU1RCU3RCU1RA==\">Duales Kraftstoffpumpensystem<\/span><\/li>\n<\/ul>","protected":false},"featured_media":2374,"template":"","meta":{"_seopress_robots_primary_cat":"none","_seopress_titles_title":"China D25 Diesel Pile Driver Hammer for Sale | OEM","_seopress_titles_desc":"The D25 tubular diesel pile hammer is used pile driving foundation construction equipment.\r\nImpact Weight (Piston): 2.5 tons OEM Available. Get Quotes","_seopress_robots_index":"","site-sidebar-layout":"default","site-content-layout":"","ast-site-content-layout":"default","site-content-style":"default","site-sidebar-style":"default","ast-global-header-display":"","ast-banner-title-visibility":"","ast-main-header-display":"","ast-hfb-above-header-display":"","ast-hfb-below-header-display":"","ast-hfb-mobile-header-display":"","site-post-title":"","ast-breadcrumbs-content":"","ast-featured-img":"","footer-sml-layout":"","theme-transparent-header-meta":"default","adv-header-id-meta":"","stick-header-meta":"","header-above-stick-meta":"","header-main-stick-meta":"","header-below-stick-meta":"","astra-migrate-meta-layouts":"set","ast-page-background-enabled":"default","ast-page-background-meta":{"desktop":{"background-color":"var(--ast-global-color-4)","background-image":"","background-repeat":"repeat","background-position":"center center","background-size":"auto","background-attachment":"scroll","background-type":"","background-media":"","overlay-type":"","overlay-color":"","overlay-opacity":"","overlay-gradient":""},"tablet":{"background-color":"","background-image":"","background-repeat":"repeat","background-position":"center center","background-size":"auto","background-attachment":"scroll","background-type":"","background-media":"","overlay-type":"","overlay-color":"","overlay-opacity":"","overlay-gradient":""},"mobile":{"background-color":"","background-image":"","background-repeat":"repeat","background-position":"center center","background-size":"auto","background-attachment":"scroll","background-type":"","background-media":"","overlay-type":"","overlay-color":"","overlay-opacity":"","overlay-gradient":""}},"ast-content-background-meta":{"desktop":{"background-color":"var(--ast-global-color-5)","background-image":"","background-repeat":"repeat","background-position":"center center","background-size":"auto","background-attachment":"scroll","background-type":"","background-media":"","overlay-type":"","overlay-color":"","overlay-opacity":"","overlay-gradient":""},"tablet":{"background-color":"var(--ast-global-color-5)","background-image":"","background-repeat":"repeat","background-position":"center center","background-size":"auto","background-attachment":"scroll","background-type":"","background-media":"","overlay-type":"","overlay-color":"","overlay-opacity":"","overlay-gradient":""},"mobile":{"background-color":"var(--ast-global-color-5)","background-image":"","background-repeat":"repeat","background-position":"center center","background-size":"auto","background-attachment":"scroll","background-type":"","background-media":"","overlay-type":"","overlay-color":"","overlay-opacity":"","overlay-gradient":""}}},"product_brand":[],"product_cat":[21],"product_tag":[],"class_list":{"0":"post-2367","1":"product","2":"type-product","3":"status-publish","4":"has-post-thumbnail","6":"product_cat-d-diesel-hammer","7":"desktop-align-left","8":"tablet-align-left","9":"mobile-align-left","11":"first","12":"instock","13":"shipping-taxable","14":"product-type-simple"},"_links":{"self":[{"href":"https:\/\/www.juweihammer.com\/de\/wp-json\/wp\/v2\/product\/2367","targetHints":{"allow":["GET"]}}],"collection":[{"href":"https:\/\/www.juweihammer.com\/de\/wp-json\/wp\/v2\/product"}],"about":[{"href":"https:\/\/www.juweihammer.com\/de\/wp-json\/wp\/v2\/types\/product"}],"version-history":[{"count":2,"href":"https:\/\/www.juweihammer.com\/de\/wp-json\/wp\/v2\/product\/2367\/revisions"}],"predecessor-version":[{"id":11347,"href":"https:\/\/www.juweihammer.com\/de\/wp-json\/wp\/v2\/product\/2367\/revisions\/11347"}],"wp:featuredmedia":[{"embeddable":true,"href":"https:\/\/www.juweihammer.com\/de\/wp-json\/wp\/v2\/media\/2374"}],"wp:attachment":[{"href":"https:\/\/www.juweihammer.com\/de\/wp-json\/wp\/v2\/media?parent=2367"}],"wp:term":[{"taxonomy":"product_brand","embeddable":true,"href":"https:\/\/www.juweihammer.com\/de\/wp-json\/wp\/v2\/product_brand?post=2367"},{"taxonomy":"product_cat","embeddable":true,"href":"https:\/\/www.juweihammer.com\/de\/wp-json\/wp\/v2\/product_cat?post=2367"},{"taxonomy":"product_tag","embeddable":true,"href":"https:\/\/www.juweihammer.com\/de\/wp-json\/wp\/v2\/product_tag?post=2367"}],"curies":[{"name":"wp","href":"https:\/\/api.w.org\/{rel}","templated":true}]}}