{"id":2333,"date":"2024-07-19T08:24:04","date_gmt":"2024-07-19T08:24:04","guid":{"rendered":"https:\/\/www.juweihammer.com\/?post_type=product&#038;p=2333"},"modified":"2024-11-08T02:39:12","modified_gmt":"2024-11-08T02:39:12","slug":"china-d19-diesel-pile-hammer-manufacturer-supplier","status":"publish","type":"product","link":"https:\/\/www.juweihammer.com\/de\/produkt\/china-d19-diesel-pile-hammer-manufacturer-supplier\/","title":{"rendered":"China D19 Diesel Pfahlhammer | Hersteller &amp; Lieferant"},"content":{"rendered":"<p>Juwei ist einer der<strong> die Top 10<\/strong> Dieselhammer-Hersteller und -Lieferanten weltweit. Die Dieselrammen der D-Serie von Juwei verf\u00fcgen \u00fcber mehr als 30 Jahre Erfahrung in der Entwicklung, Herstellung und Anwendung. <span style=\"color: #0000ff;\"><strong>Klicken Sie auf die Schaltfl\u00e4che \"Fabrik\", um mehr zu erfahren!<\/strong><\/span><\/p>\n<p><strong>#Gesamtmodell der Diesel-Rammb\u00e4ren der Serie D<\/strong><\/p>\n<p>D12, D16, D19, D25, D30, D36, D46, D50, D62, D80, D100, D128, D138, D160, D180, D225, D265, D320, D400. <span style=\"color: #0000ff;\"><strong>Klicken Sie auf die Schaltfl\u00e4che \"D Series Details\", um mehr zu erfahren!<\/strong><\/span><\/p>\n<p><strong>1TP5Kundenspezifische L\u00f6sungen:<\/strong><\/p>\n<p>Unser Ingenieurteam kann auf der Grundlage Ihrer Projektsituation ma\u00dfgeschneiderte L\u00f6sungen erarbeiten. Sie k\u00f6nnen einen Bericht \u00fcber die Bodenadresse, den Pfahltyp und die Rammausr\u00fcstung zur Verf\u00fcgung stellen. Wir stellen einen Zylinderhammer zur Verf\u00fcgung, der mit dem Design kompatibel ist.<\/p>\n<p><strong>#<\/strong><strong>Flortyp:<\/strong><\/p>\n<p>Zu den Pfahltypen f\u00fcr die Rammung geh\u00f6ren Betonfertigteilpf\u00e4hle, H-Tr\u00e4ger, Stahlrohrpf\u00e4hle, runde Pf\u00e4hle, quadratische Pf\u00e4hle, Spundbohlen, Holzpf\u00e4hle usw.<\/p>\n<p><strong>#Anwendung<\/strong>:<\/p>\n<p>Offshore-Projekte umfassen Windenergieerzeugung, Energie, Br\u00fccken, H\u00e4fen, Hafenbau sowie \u00d6l- und Gasf\u00f6rderung. Es ist auch anwendbar auf Stra\u00dfen- und Tiefbauprojekte, \u00f6ffentliche Versorgungseinrichtungen, zivile Versorgungseinrichtungen, Kofferd\u00e4mme, Br\u00fccken, Photovoltaik und die Umwelt. <span style=\"color: #0000ff;\"><strong>Klicken Sie auf die Schaltfl\u00e4che \"Projekte\", um mehr zu erfahren!<\/strong><\/span><\/p>\n<p><strong>#PVerpackung und Transport<\/strong>:<\/p>\n<p>Verpackung: Mit Export-Standard-Stahl-Transport-Tools f\u00fcr die Verpackung<br \/>\nTransport: 20GP oder 40GP Containertransport<\/p>\n<p><strong>#Exportiert in viele L\u00e4nder<\/strong><\/p>\n<p>Dieses Produkt wird nach Europa, Russland, S\u00fcdostasien, Nordamerika, S\u00fcdamerika, in den Nahen Osten, nach Afrika und in andere Regionen exportiert.<\/p>\n<p><strong>1TP5Spezifikationen:<\/strong><\/p>\n<style>\n    .table-container {<br \/>        overflow-x: auto;<br \/>        margin: 0 auto;<br \/>    }<br \/>    table {<br \/>        width: 100%;<br \/>        border-collapse: collapse;<br \/>    }<br \/>    th, td {<br \/>        padding: 8px;<br \/>        border: 1px solid #ddd;<br \/>        text-align: left;<br \/>    }<br \/>    @media screen and (max-width: 600px) {<br \/>        table, thead, tbody, th, td, tr {<br \/>            display: block;<br \/>            width: 100%;<br \/>        }<br \/>        thead tr {<br \/>            display: none;<br \/>        }<br \/>        tr {<br \/>            margin-bottom: 15px;<br \/>        }<br \/>        td {<br \/>            text-align: right;<br \/>            padding-left: 50%;<br \/>            position: relative;<br \/>        }<br \/>        td:before {<br \/>            content: attr(data-label);<br \/>            position: absolute;<br \/>            left: 0;<br \/>            width: 50%;<br \/>            padding-left: 10px;<br \/>            font-weight: bold;<br \/>            text-align: left;<br \/>        }<br \/>    }<br \/><\/style>\n<div class=\"table-container\">\n<table>\n<thead>\n<tr>\n<th>Spezifikationen<\/th>\n<th>Typ<\/th>\n<th>D19<\/th>\n<\/tr>\n<\/thead>\n<tbody>\n<tr>\n<td data-label=\"Specifications\">Aufschlag Gewicht (Kolben)<\/td>\n<td data-label=\"Type\">kg<\/td>\n<td data-label=\"D19\">1820<\/td>\n<\/tr>\n<tr>\n<td data-label=\"Specifications\">Energie pro Schlag<\/td>\n<td data-label=\"Type\">KNm<\/td>\n<td data-label=\"D19\">65.52~45.68<\/td>\n<\/tr>\n<tr>\n<td data-label=\"Specifications\">Anzahl der Schl\u00e4ge<\/td>\n<td data-label=\"Type\">min-l<\/td>\n<td data-label=\"D19\">35~42<\/td>\n<\/tr>\n<tr>\n<td data-label=\"Specifications\">Kraft des Explosionsdrucks auf den Pfahl max.<\/td>\n<td data-label=\"Type\">KN<\/td>\n<td data-label=\"D19\">686<\/td>\n<\/tr>\n<tr>\n<td data-label=\"Specifications\">Geeignet zum Rammen von Pf\u00e4hlen bis zu<\/td>\n<td data-label=\"Type\">Kg<\/td>\n<td data-label=\"D19\">6600<\/td>\n<\/tr>\n<tr>\n<td data-label=\"Specifications\">Zul\u00e4ssiger Seildurchmesser f\u00fcr Umlenkrolle der Ausl\u00f6seeinrichtung max.<\/td>\n<td data-label=\"Type\">mm<\/td>\n<td data-label=\"D19\">20<\/td>\n<\/tr>\n<tr>\n<td data-label=\"Specifications\">Diesel\u00f6l<\/td>\n<td data-label=\"Type\">L\/h<\/td>\n<td data-label=\"D19\">7.5<\/td>\n<\/tr>\n<tr>\n<td data-label=\"Specifications\">Schmiermittel<\/td>\n<td data-label=\"Type\">L\/h<\/td>\n<td data-label=\"D19\">0.6<\/td>\n<\/tr>\n<tr>\n<td data-label=\"Specifications\">Diesel\u00f6ltank<\/td>\n<td data-label=\"Type\">L<\/td>\n<td data-label=\"D19\">32<\/td>\n<\/tr>\n<tr>\n<td data-label=\"Specifications\">Schmierstofftank<\/td>\n<td data-label=\"Type\">L<\/td>\n<td data-label=\"D19\">9<\/td>\n<\/tr>\n<tr>\n<td data-label=\"Specifications\">Diesel Rammger\u00e4t ca.<\/td>\n<td data-label=\"Type\">kg<\/td>\n<td data-label=\"D19\">3695<\/td>\n<\/tr>\n<tr>\n<td data-label=\"Specifications\">Ausl\u00f6ser ca.<\/td>\n<td data-label=\"Type\">kg<\/td>\n<td data-label=\"D19\">100<\/td>\n<\/tr>\n<tr>\n<td data-label=\"Specifications\">Transporthalterung\/Wiege ca.<\/td>\n<td data-label=\"Type\">kg<\/td>\n<td data-label=\"D19\">11<\/td>\n<\/tr>\n<tr>\n<td data-label=\"Specifications\">Transportschutz ca.<\/td>\n<td data-label=\"Type\">kg<\/td>\n<td data-label=\"D19\">15<\/td>\n<\/tr>\n<tr>\n<td data-label=\"Specifications\">Werkzeugkasten ca.<\/td>\n<td data-label=\"Type\">kg<\/td>\n<td data-label=\"D19\">75<\/td>\n<\/tr>\n<tr>\n<td data-label=\"Specifications\">L\u00e4nge der Dieselramme (a\/al)<\/td>\n<td data-label=\"Type\">mm<\/td>\n<td data-label=\"D19\">5158<\/td>\n<\/tr>\n<tr>\n<td data-label=\"Specifications\">Au\u00dfendurchmesser des Schlagk\u00f6rpers (b)<\/td>\n<td data-label=\"Type\">mm<\/td>\n<td data-label=\"D19\">440<\/td>\n<\/tr>\n<tr>\n<td data-label=\"Specifications\">Gesamtabmessungen, gemessen \u00fcber den Befestigungsschrauben der F\u00fchrungsbacken (c)<\/td>\n<td data-label=\"Type\">mm<\/td>\n<td data-label=\"D19\">560<\/td>\n<\/tr>\n<tr>\n<td data-label=\"Specifications\">Breite des Dieselrammbocks (d)<\/td>\n<td data-label=\"Type\">mm<\/td>\n<td data-label=\"D19\">485<\/td>\n<\/tr>\n<tr>\n<td data-label=\"Specifications\">Breite f\u00fcr die Verbindung der F\u00fchrungsbacken (e)<\/td>\n<td data-label=\"Type\">mm<\/td>\n<td data-label=\"D19\">320<\/td>\n<\/tr>\n<tr>\n<td data-label=\"Specifications\">Mitte des Dieselramms bis zum Pumpenschutz (f)<\/td>\n<td data-label=\"Type\">mm<\/td>\n<td data-label=\"D19\">345<\/td>\n<\/tr>\n<tr>\n<td data-label=\"Specifications\">Mitte des Dieselramms bis zur Mitte der Gewindebohrung f\u00fcr die Befestigungsschraube der F\u00fchrungsbacken (g)<\/td>\n<td data-label=\"Type\">mm<\/td>\n<td data-label=\"D19\">280<\/td>\n<\/tr>\n<tr>\n<td data-label=\"Specifications\">Tiefe der Dieselramme (h)<\/td>\n<td data-label=\"Type\">mm<\/td>\n<td data-label=\"D19\">665<\/td>\n<\/tr>\n<tr>\n<td data-label=\"Specifications\">Standardabstand von der Mitte des Dieselhammers bis zur Mitte des Bleis (H)<\/td>\n<td data-label=\"Type\">mm<\/td>\n<td data-label=\"D19\">440<\/td>\n<\/tr>\n<tr>\n<td data-label=\"Specifications\">Breite der Litzen (L)<\/td>\n<td data-label=\"Type\">mm<\/td>\n<td data-label=\"D19\">330x(\u03a670)<\/td>\n<\/tr>\n<\/tbody>\n<\/table>\n<h2>D19-42 Dieselhammer Verpackung<\/h2>\n<p><img fetchpriority=\"high\" decoding=\"async\" class=\"size-full wp-image-11326\" src=\"https:\/\/www.juweihammer.com\/wp-content\/uploads\/2024\/09\/D-tubular-diesel-hammer-packaging.webp\" alt=\"D R\u00f6hrenf\u00f6rmige Dieselhammer-Verpackung\" width=\"975\" height=\"696\" srcset=\"https:\/\/www.juweihammer.com\/wp-content\/uploads\/2024\/09\/D-tubular-diesel-hammer-packaging.webp 975w, https:\/\/www.juweihammer.com\/wp-content\/uploads\/2024\/09\/D-tubular-diesel-hammer-packaging-768x548.webp 768w, https:\/\/www.juweihammer.com\/wp-content\/uploads\/2024\/09\/D-tubular-diesel-hammer-packaging-18x12.webp 18w, https:\/\/www.juweihammer.com\/wp-content\/uploads\/2024\/09\/D-tubular-diesel-hammer-packaging-600x428.webp 600w\" sizes=\"(max-width: 975px) 100vw, 975px\" \/><\/p>\n<\/div>","protected":false},"excerpt":{"rendered":"<p>Die Dieselramme der Serie D ist derzeit das am h\u00e4ufigsten eingesetzte Rammger\u00e4t im Tiefbau.<\/p>\n<ul>\n<li>Aufprallgewicht (Piston): 1,82 Tonnen<\/li>\n<li>Impac Energie: 65,52~45,68 Kj<\/li>\n<li>Niedriger Kraftstoffverbrauch<\/li>\n<li><span data-slate-fragment=\"JTVCJTdCJTIydHlwZSUyMiUzQSUyMnBhcmFncmFwaCUyMiUyQyUyMmNoaWxkcmVuJTIyJTNBJTVCJTdCJTIyaWQlMjIlM0ElMjJlM29YZGRuUVllJTIyJTJDJTIycGFyYUlkeCUyMiUzQTAlMkMlMjJzcmMlMjIlM0ElMjJIaWdoJTIwU3RyaWtlJTIwV2ZmaWNpZW5jeSUyMiUyQyUyMmRzdCUyMiUzQSUyMiVFOSVBQiU5OCVFNiU4OSU5MyVFNSU4NyVCQiVFNiU5NSU4OCVFNyU4RSU4NyUyMiUyQyUyMm1ldGFkYXRhJTIyJTNBJTIyJTIyJTJDJTIybWV0YURhdGElMjIlM0ElNUIlNUQlMkMlMjJ0ZXh0JTIyJTNBJTIySGlnaCUyMFN0cmlrZSUyMFdmZmljaWVuY3klMjIlN0QlNUQlN0QlNUQ=\">Hohe Streikleistung<\/span><\/li>\n<li>Lange Lebensdauer<\/li>\n<\/ul>","protected":false},"featured_media":2334,"template":"","meta":{"_seopress_robots_primary_cat":"none","_seopress_titles_title":"China D19 Diesel Pile Hammer Supplier & Manufacturer","_seopress_titles_desc":"D19 tubular diesel pile hammer is widely used pile driving foundation construction equipment. Impact Weight (Piston): 1.82 tons. Get Quotes!","_seopress_robots_index":"","site-sidebar-layout":"default","site-content-layout":"","ast-site-content-layout":"default","site-content-style":"default","site-sidebar-style":"default","ast-global-header-display":"","ast-banner-title-visibility":"","ast-main-header-display":"","ast-hfb-above-header-display":"","ast-hfb-below-header-display":"","ast-hfb-mobile-header-display":"","site-post-title":"","ast-breadcrumbs-content":"","ast-featured-img":"","footer-sml-layout":"","theme-transparent-header-meta":"default","adv-header-id-meta":"","stick-header-meta":"","header-above-stick-meta":"","header-main-stick-meta":"","header-below-stick-meta":"","astra-migrate-meta-layouts":"set","ast-page-background-enabled":"default","ast-page-background-meta":{"desktop":{"background-color":"var(--ast-global-color-4)","background-image":"","background-repeat":"repeat","background-position":"center center","background-size":"auto","background-attachment":"scroll","background-type":"","background-media":"","overlay-type":"","overlay-color":"","overlay-opacity":"","overlay-gradient":""},"tablet":{"background-color":"","background-image":"","background-repeat":"repeat","background-position":"center center","background-size":"auto","background-attachment":"scroll","background-type":"","background-media":"","overlay-type":"","overlay-color":"","overlay-opacity":"","overlay-gradient":""},"mobile":{"background-color":"","background-image":"","background-repeat":"repeat","background-position":"center center","background-size":"auto","background-attachment":"scroll","background-type":"","background-media":"","overlay-type":"","overlay-color":"","overlay-opacity":"","overlay-gradient":""}},"ast-content-background-meta":{"desktop":{"background-color":"var(--ast-global-color-5)","background-image":"","background-repeat":"repeat","background-position":"center center","background-size":"auto","background-attachment":"scroll","background-type":"","background-media":"","overlay-type":"","overlay-color":"","overlay-opacity":"","overlay-gradient":""},"tablet":{"background-color":"var(--ast-global-color-5)","background-image":"","background-repeat":"repeat","background-position":"center center","background-size":"auto","background-attachment":"scroll","background-type":"","background-media":"","overlay-type":"","overlay-color":"","overlay-opacity":"","overlay-gradient":""},"mobile":{"background-color":"var(--ast-global-color-5)","background-image":"","background-repeat":"repeat","background-position":"center center","background-size":"auto","background-attachment":"scroll","background-type":"","background-media":"","overlay-type":"","overlay-color":"","overlay-opacity":"","overlay-gradient":""}}},"product_brand":[],"product_cat":[21],"product_tag":[],"class_list":{"0":"post-2333","1":"product","2":"type-product","3":"status-publish","4":"has-post-thumbnail","6":"product_cat-d-diesel-hammer","7":"desktop-align-left","8":"tablet-align-left","9":"mobile-align-left","11":"first","12":"instock","13":"shipping-taxable","14":"product-type-simple"},"_links":{"self":[{"href":"https:\/\/www.juweihammer.com\/de\/wp-json\/wp\/v2\/product\/2333","targetHints":{"allow":["GET"]}}],"collection":[{"href":"https:\/\/www.juweihammer.com\/de\/wp-json\/wp\/v2\/product"}],"about":[{"href":"https:\/\/www.juweihammer.com\/de\/wp-json\/wp\/v2\/types\/product"}],"version-history":[{"count":2,"href":"https:\/\/www.juweihammer.com\/de\/wp-json\/wp\/v2\/product\/2333\/revisions"}],"predecessor-version":[{"id":11348,"href":"https:\/\/www.juweihammer.com\/de\/wp-json\/wp\/v2\/product\/2333\/revisions\/11348"}],"wp:featuredmedia":[{"embeddable":true,"href":"https:\/\/www.juweihammer.com\/de\/wp-json\/wp\/v2\/media\/2334"}],"wp:attachment":[{"href":"https:\/\/www.juweihammer.com\/de\/wp-json\/wp\/v2\/media?parent=2333"}],"wp:term":[{"taxonomy":"product_brand","embeddable":true,"href":"https:\/\/www.juweihammer.com\/de\/wp-json\/wp\/v2\/product_brand?post=2333"},{"taxonomy":"product_cat","embeddable":true,"href":"https:\/\/www.juweihammer.com\/de\/wp-json\/wp\/v2\/product_cat?post=2333"},{"taxonomy":"product_tag","embeddable":true,"href":"https:\/\/www.juweihammer.com\/de\/wp-json\/wp\/v2\/product_tag?post=2333"}],"curies":[{"name":"wp","href":"https:\/\/api.w.org\/{rel}","templated":true}]}}