{"id":2646,"date":"2024-07-26T05:46:47","date_gmt":"2024-07-26T05:46:47","guid":{"rendered":"https:\/\/www.juweihammer.com\/?post_type=product&#038;p=2646"},"modified":"2024-08-01T06:29:29","modified_gmt":"2024-08-01T06:29:29","slug":"4ton-hydraulic-pile-driving-hammer-china-supplier","status":"publish","type":"product","link":"https:\/\/www.juweihammer.com\/cs\/produkt\/4ton-hydraulic-pile-driving-hammer-china-supplier\/","title":{"rendered":"4t hydraulick\u00e9 kladivo na piloty | \u010c\u00edna Dodavatel"},"content":{"rendered":"<p><span data-slate-fragment=\"JTVCJTdCJTIydHlwZSUyMiUzQSUyMnBhcmFncmFwaCUyMiUyQyUyMmNoaWxkcmVuJTIyJTNBJTVCJTdCJTIyaWQlMjIlM0ElMjJCWnlwQWdqNVF6JTIyJTJDJTIycGFyYUlkeCUyMiUzQTAlMkMlMjJzcmMlMjIlM0ElMjJKdXdlaSUyMGlzJTIwdGhlJTIwdG9wJTIwMSUyMG1hbnVmYWN0dXJlcnMlMjBhbmQlMjBzdXBwbGllcnMlMjBvZiUyMEREJTIwcmFpbCUyMGhhbW1lcnMlMjBpbiUyMENoaW5hJTIyJTJDJTIyZHN0JTIyJTNBJTIyJUU1JUI3JUE4JUU1JUE4JTgxJUU2JTk4JUFGJUU0JUI4JUFEJUU1JTlCJUJEREQlRTklOTIlQTIlRTglQkQlQTglRTklOTQlQTQlRTclOUElODQlRTclQUMlQUMlRTQlQjglODAlRTUlQTQlQTclRTUlODglQjYlRTklODAlQTAlRTUlOTUlODYlRTUlOTIlOEMlRTQlQkUlOUIlRTUlQkElOTQlRTUlOTUlODYlMjIlMkMlMjJtZXRhZGF0YSUyMiUzQSUyMiUyMiUyQyUyMm1ldGFEYXRhJTIyJTNBJTVCJTVEJTJDJTIydGV4dCUyMiUzQSUyMkp1d2VpJTIwaXMlMjB0aGUlMjB0b3AlMjAxJTIwbWFudWZhY3R1cmVycyUyMGFuZCUyMHN1cHBsaWVycyUyMG9mJTIwREQlMjByYWlsJTIwaGFtbWVycyUyMGluJTIwQ2hpbmElMjIlN0QlNUQlN0QlNUQ=\">Spole\u010dnost Juwei pat\u0159\u00ed mezi 10 nejv\u011bt\u0161\u00edch v\u00fdrobc\u016f a dodavatel\u016f hydraulick\u00fdch kladiv na sv\u011bt\u011b. <\/span>Za\u0159\u00edzen\u00ed Juwei pro hlouben\u00ed pilot m\u00e1 v\u00edce ne\u017e 30 let zku\u0161enost\u00ed s konstrukc\u00ed, v\u00fdrobou a pou\u017eit\u00edm. <span style=\"color: #0000ff;\"><strong>Klikn\u011bte na tla\u010d\u00edtko \"Factory\" a dozv\u00edte se v\u00edce!<\/strong><\/span><\/p>\n<p><strong><b>#<\/b><\/strong><strong><b>\u00daspora energie a ochrana \u017eivotn\u00edho prost\u0159ed\u00ed<\/b><\/strong><\/p>\n<p>Hydraulick\u00e9 kladivo Juwei \u0159ady HI je poh\u00e1n\u011bno hydraulick\u00fdm syst\u00e9mem, kter\u00fd umo\u017e\u0148uje p\u0159esn\u00e9 \u0159\u00edzen\u00ed s\u00edly a frekvence \u00faderu. Ve srovn\u00e1n\u00ed s tradi\u010dn\u00edmi dieselov\u00fdmi kladivy m\u00e1 n\u00edzkou hlu\u010dnost, n\u00edzk\u00e9 zne\u010di\u0161t\u011bn\u00ed a vy\u0161\u0161\u00ed \u00fa\u010dinnost p\u0159em\u011bny energie.<\/p>\n<p>Nap\u00e1jec\u00ed sk\u0159\u00ed\u0148 je poh\u00e1n\u011bna v\u00edce motory, co\u017e zaji\u0161\u0165uje vynikaj\u00edc\u00ed ekonomickou proveditelnost, spolehlivost a celkov\u00fd v\u00fdkon.<\/p>\n<p><strong># <\/strong><strong><b>Spolehlivost syst\u00e9mu<\/b><\/strong><\/p>\n<p>Syst\u00e9m je vybaven vysoce kvalitn\u00edmi sou\u010d\u00e1stmi hydraulick\u00fdch \u010derpadel, ventil\u016f a v\u00e1lc\u016f, kter\u00e9 dob\u0159e tlum\u00ed vibrace, jsou odoln\u00e9 proti n\u00e1raz\u016fm a maj\u00ed dlouhou \u017eivotnost, co\u017e zaji\u0161\u0165uje vysokou spolehlivost.<\/p>\n<p>Materi\u00e1l j\u00e1dra kladiva a jeho tepeln\u00e9 zpracov\u00e1n\u00ed jsou pe\u010dliv\u011b vybr\u00e1ny tak, aby se optimalizovala teplotn\u00ed odolnost, odolnost proti opot\u0159eben\u00ed, absorpce vibrac\u00ed a odolnost proti n\u00e1razu. Vysokotlak\u00fd a n\u00edzkotlak\u00fd akumul\u00e1tor vyu\u017e\u00edv\u00e1 kompaktn\u00ed konstrukci p\u00edstu, kter\u00e1 zvy\u0161uje spolehlivost.<\/p>\n<p><strong>#<\/strong><strong><b>\u0160irok\u00fd rozsah pou\u017eit\u00ed<\/b><\/strong><\/p>\n<p>Snadno vym\u011bniteln\u00e9 kompozitn\u00ed kryty pilot, kter\u00e9 lze p\u0159izp\u016fsobit r\u016fzn\u00fdm tvar\u016fm a materi\u00e1l\u016fm pilot. S\u00edlu \u00faderu a frekvenci kladiva lze nastavit a \u0159\u00eddit podle geologick\u00fdch podm\u00ednek a pevnosti materi\u00e1lu piloty.<\/p>\n<p>Hydraulick\u00e1 kladiva p\u0159edstavuj\u00ed ekonomick\u00e9 a ekologick\u00e9 \u0159e\u0161en\u00ed pro instalaci ocelov\u00fdch nebo betonov\u00fdch pilot v pozemn\u00edm i mo\u0159sk\u00e9m prost\u0159ed\u00ed. Lze je provozovat na pilotovac\u00edch stroj\u00edch, z\u00e1v\u011bsn\u00fdch je\u0159\u00e1bech, p\u00e1sov\u00fdch je\u0159\u00e1bech a b\u00e1rk\u00e1ch.<\/p>\n<ul>\n<li>Velmi vhodn\u00e9 pro projekty na mo\u0159i, v\u011btrn\u00e9 elektr\u00e1rny, ropn\u00e9 a plynov\u00e9 plo\u0161iny, p\u0159\u00edstavn\u00ed a p\u0159\u00edstavn\u00ed konstrukce a mosty na mo\u0159i.<\/li>\n<li>Vhodn\u00e9 pro r\u016fzn\u00e9 z\u00e1klady budov, d\u0159ev\u011bn\u00e9 in\u017een\u00fdrsk\u00e9 kofferdamy a tak\u00e9 pro ve\u0159ejn\u00e1 za\u0159\u00edzen\u00ed, jako jsou elektr\u00e1rny a \u010dist\u00edrny odpadn\u00edch vod.<\/li>\n<\/ul>\n<p><span style=\"color: #0000ff;\"><strong>Klikn\u011bte na tla\u010d\u00edtko \"Projekt\" a dozv\u00edte se v\u00edce!<\/strong><\/span><\/p>\n<p><strong>#Pile types<\/strong><\/p>\n<p>Hydraulick\u00fdm kladivem Juwei lze zatloukat r\u016fzn\u00e9 typy pilot, v\u010detn\u011b prefabrikovan\u00fdch betonov\u00fdch pilot, H-nosn\u00edk\u016f, kulat\u00fdch pilot, ocelov\u00fdch trubkov\u00fdch pilot, hranat\u00fdch pilot, d\u0159ev\u011bn\u00fdch pilot atd.<\/p>\n<p><strong>1TP5\u0158e\u0161en\u00ed na m\u00edru:<\/strong><\/p>\n<p>N\u00e1\u0161 t\u00fdm in\u017een\u00fdr\u016f m\u016f\u017ee p\u0159izp\u016fsobit \u0159e\u0161en\u00ed na z\u00e1klad\u011b situace va\u0161eho projektu. Vzhledem k r\u016fzn\u00fdm typ\u016fm, velikostem a p\u016fdn\u00edm podm\u00ednk\u00e1m pilot se m\u016f\u017ee li\u0161it i po\u017eadovan\u00e1 \u00fanosnost kladiv. M\u016f\u017eete poskytnout zpr\u00e1vu o adrese p\u016fdy, typu piloty a za\u0159\u00edzen\u00ed pro zatlouk\u00e1n\u00ed pilot. Dod\u00e1me kladiva, kter\u00e1 jsou kompatibiln\u00ed s projektem.<\/p>\n<p><strong>1TP5Balen\u00ed a p\u0159eprava<\/strong>:<\/p>\n<p>Balen\u00ed: K balen\u00ed se pou\u017e\u00edvaj\u00ed standardn\u00ed ocelov\u00e9 p\u0159epravn\u00ed n\u00e1stroje<br \/>\nP\u0159eprava: 20GP nebo 40GP kontejnerov\u00e1 p\u0159eprava<\/p>\n<p><strong>#Specifikace:<\/strong><\/p>\n<div style=\"overflow-x: auto;\">\n<table style=\"border-collapse: collapse; width: 100%;\" border=\"1\" cellspacing=\"0\" cellpadding=\"0\">\n<tbody>\n<tr style=\"height: 20.00pt;\">\n<td style=\"width: 40%;\" align=\"center\"><strong>Specifikace<\/strong><\/td>\n<td style=\"width: 30%;\" align=\"center\"><strong>Typ<\/strong><\/td>\n<td style=\"width: 30%;\" align=\"center\"><strong>HI-80<\/strong><\/td>\n<\/tr>\n<tr style=\"height: 20.00pt;\">\n<td style=\"width: 40%;\" align=\"center\">Model nap\u00e1jec\u00edho bal\u00ed\u010dku (voliteln\u00fd)<\/td>\n<td style=\"width: 30%;\" align=\"center\"><\/td>\n<td style=\"width: 30%;\" align=\"center\">180P<\/td>\n<\/tr>\n<tr style=\"height: 20.00pt;\">\n<td style=\"width: 40%;\" align=\"center\">Model Power Pack (Diesel)<\/td>\n<td style=\"width: 30%;\" align=\"center\"><\/td>\n<td style=\"width: 30%;\" align=\"center\">CUMMINS-C180<\/td>\n<\/tr>\n<tr style=\"height: 20.00pt;\">\n<td style=\"width: 40%;\" align=\"center\">Model nap\u00e1jec\u00ed jednotky (motor)<\/td>\n<td style=\"width: 30%;\" align=\"center\"><\/td>\n<td style=\"width: 30%;\" align=\"center\">100EP<\/td>\n<\/tr>\n<tr style=\"height: 20.00pt;\">\n<td style=\"width: 40%;\" align=\"center\">V\u00fdkon motoru<\/td>\n<td style=\"width: 30%;\" align=\"center\">KW<\/td>\n<td style=\"width: 30%;\" align=\"center\">75<\/td>\n<\/tr>\n<tr style=\"height: 20.00pt;\">\n<td style=\"width: 40%;\" align=\"center\">Maxim\u00e1ln\u00ed energie zdvihu<\/td>\n<td style=\"width: 30%;\" align=\"center\">kN.m<\/td>\n<td style=\"width: 30%;\" align=\"center\">80<\/td>\n<\/tr>\n<tr style=\"height: 24.00pt;\">\n<td style=\"width: 40%;\" align=\"center\">Maxim\u00e1ln\u00ed zdvih<\/td>\n<td style=\"width: 30%;\" align=\"center\">mm<\/td>\n<td style=\"width: 30%;\" align=\"center\">1600<\/td>\n<\/tr>\n<tr style=\"height: 20.00pt;\">\n<td style=\"width: 40%;\" align=\"center\">Frekvence (min\/max)<\/td>\n<td style=\"width: 30%;\" align=\"center\">bpm<\/td>\n<td style=\"width: 30%;\" align=\"center\">36\/80<\/td>\n<\/tr>\n<tr style=\"height: 20.00pt;\">\n<td style=\"width: 40%;\" align=\"center\">Hmotnost berana<\/td>\n<td style=\"width: 30%;\" align=\"center\">kg<\/td>\n<td style=\"width: 30%;\" align=\"center\">4000<\/td>\n<\/tr>\n<tr style=\"height: 20.00pt;\">\n<td style=\"width: 40%;\" align=\"center\">Celkov\u00e1 hmotnost (krom\u011b v\u00ed\u010dka)<\/td>\n<td style=\"width: 30%;\" align=\"center\">kg<\/td>\n<td style=\"width: 30%;\" align=\"center\">7790<\/td>\n<\/tr>\n<tr style=\"height: 24.00pt;\">\n<td style=\"width: 40%;\" align=\"center\">Celkov\u00e1 v\u00fd\u0161ka (krom\u011b v\u00ed\u010dka)<\/td>\n<td style=\"width: 30%;\" align=\"center\">mm<\/td>\n<td style=\"width: 30%;\" align=\"center\">4850<\/td>\n<\/tr>\n<tr style=\"height: 20.00pt;\">\n<td style=\"width: 100%; border-right: 1.0pt solid #000000;\" colspan=\"3\" align=\"center\"><strong>Model nap\u00e1jec\u00ed jednotky (motor): 100EP<\/strong><\/td>\n<\/tr>\n<tr style=\"height: 27.00pt;\">\n<td style=\"width: 40%;\" align=\"center\">V\u00fdkon motoru<\/td>\n<td style=\"width: 30%;\" align=\"center\">kw<\/td>\n<td style=\"width: 30%;\" align=\"center\">75<\/td>\n<\/tr>\n<tr style=\"height: 20.00pt;\">\n<td style=\"width: 40%;\" align=\"center\">Jmenovit\u00fd tlak<\/td>\n<td style=\"width: 30%;\" align=\"center\">Mpa<\/td>\n<td style=\"width: 30%;\" align=\"center\">26<\/td>\n<\/tr>\n<tr style=\"height: 15.75pt;\">\n<td style=\"width: 40%;\" align=\"center\">Max. pr\u016ftok<\/td>\n<td style=\"width: 30%;\" align=\"center\">L\/min<\/td>\n<td style=\"width: 30%;\" align=\"center\">200<\/td>\n<\/tr>\n<tr style=\"height: 15.75pt;\">\n<td style=\"width: 40%;\" align=\"center\">N\u00e1dr\u017e na hydraulick\u00fd olej<\/td>\n<td style=\"width: 30%;\" align=\"center\">L<\/td>\n<td style=\"width: 30%;\" align=\"center\">900<\/td>\n<\/tr>\n<tr style=\"height: 15.75pt;\">\n<td style=\"width: 40%;\" align=\"center\">\u010cist\u00e1 hmotnost<\/td>\n<td style=\"width: 30%;\" align=\"center\">kg<\/td>\n<td style=\"width: 30%;\" align=\"center\">3050<\/td>\n<\/tr>\n<\/tbody>\n<\/table>\n<\/div>","protected":false},"excerpt":{"rendered":"<p>Hydraulick\u00e9 kladivo Juwei \u0159ady HI m\u00e1 jednoduchou konstrukci, kter\u00e1 dok\u00e1\u017ee zvednout j\u00e1dro kladiva pomoc\u00ed hydraulick\u00e9 energie a pot\u00e9 vyu\u017e\u00edt gravita\u010dn\u00ed potenci\u00e1ln\u00ed energii k \u00faderu na konec piloty.<\/p>\n<ul>\n<li>Model: HI-80<\/li>\n<li>Hmotnost beranu: 4 tuny<\/li>\n<li>Max. Energie: 80 kj<\/li>\n<li><span data-slate-fragment=\"JTVCJTdCJTIydHlwZSUyMiUzQSUyMnBhcmFncmFwaCUyMiUyQyUyMmNoaWxkcmVuJTIyJTNBJTVCJTdCJTIyaWQlMjIlM0ElMjJ6ZzEzeDNNMkFlJTIyJTJDJTIycGFyYUlkeCUyMiUzQTMlMkMlMjJzcmMlMjIlM0ElMjI0LiUyMENvbnZlbmllbnQlMjBNYWludGVuYW5jZSUyMiUyQyUyMmRzdCUyMiUzQSUyMjQuJUU3JUJCJUI0JUU2JThBJUE0JUU2JTk2JUI5JUU0JUJFJUJGJTIyJTJDJTIybWV0YWRhdGElMjIlM0ElMjIlMjIlMkMlMjJtZXRhRGF0YSUyMiUzQSU1QiU1RCUyQyUyMnRleHQlMjIlM0ElMjJDb252ZW5pZW50JTIwTWFpbnRlbmFuY2UlMjIlN0QlNUQlN0QlNUQ=\">Energie s vysok\u00fdm dopadem<\/span><\/li>\n<li>P\u0159esn\u00e1 kontrola<\/li>\n<li>Zlep\u0161en\u00ed efektivity<\/li>\n<li>Poskytov\u00e1n\u00ed poprodejn\u00edch slu\u017eeb.<\/li>\n<\/ul>","protected":false},"featured_media":2621,"template":"","meta":{"_seopress_robots_primary_cat":"none","_seopress_titles_title":"4ton Hydraulic Pile Driving Hammer - China Supplier","_seopress_titles_desc":"4ton hydraulic pile driving hammer compared with traditional diesel hammers, it has low noise and pollution, higher energy conversion efficiency. Get Quote!","_seopress_robots_index":"","site-sidebar-layout":"default","site-content-layout":"","ast-site-content-layout":"","site-content-style":"default","site-sidebar-style":"default","ast-global-header-display":"","ast-banner-title-visibility":"","ast-main-header-display":"","ast-hfb-above-header-display":"","ast-hfb-below-header-display":"","ast-hfb-mobile-header-display":"","site-post-title":"","ast-breadcrumbs-content":"","ast-featured-img":"","footer-sml-layout":"","theme-transparent-header-meta":"","adv-header-id-meta":"","stick-header-meta":"","header-above-stick-meta":"","header-main-stick-meta":"","header-below-stick-meta":"","astra-migrate-meta-layouts":"default","ast-page-background-enabled":"default","ast-page-background-meta":{"desktop":{"background-color":"var(--ast-global-color-4)","background-image":"","background-repeat":"repeat","background-position":"center center","background-size":"auto","background-attachment":"scroll","background-type":"","background-media":"","overlay-type":"","overlay-color":"","overlay-opacity":"","overlay-gradient":""},"tablet":{"background-color":"","background-image":"","background-repeat":"repeat","background-position":"center center","background-size":"auto","background-attachment":"scroll","background-type":"","background-media":"","overlay-type":"","overlay-color":"","overlay-opacity":"","overlay-gradient":""},"mobile":{"background-color":"","background-image":"","background-repeat":"repeat","background-position":"center center","background-size":"auto","background-attachment":"scroll","background-type":"","background-media":"","overlay-type":"","overlay-color":"","overlay-opacity":"","overlay-gradient":""}},"ast-content-background-meta":{"desktop":{"background-color":"var(--ast-global-color-5)","background-image":"","background-repeat":"repeat","background-position":"center center","background-size":"auto","background-attachment":"scroll","background-type":"","background-media":"","overlay-type":"","overlay-color":"","overlay-opacity":"","overlay-gradient":""},"tablet":{"background-color":"var(--ast-global-color-5)","background-image":"","background-repeat":"repeat","background-position":"center center","background-size":"auto","background-attachment":"scroll","background-type":"","background-media":"","overlay-type":"","overlay-color":"","overlay-opacity":"","overlay-gradient":""},"mobile":{"background-color":"var(--ast-global-color-5)","background-image":"","background-repeat":"repeat","background-position":"center center","background-size":"auto","background-attachment":"scroll","background-type":"","background-media":"","overlay-type":"","overlay-color":"","overlay-opacity":"","overlay-gradient":""}}},"product_brand":[],"product_cat":[23],"product_tag":[],"class_list":{"0":"post-2646","1":"product","2":"type-product","3":"status-publish","4":"has-post-thumbnail","6":"product_cat-pile-hydraulic-impact-hammers","7":"desktop-align-left","8":"tablet-align-left","9":"mobile-align-left","11":"first","12":"instock","13":"shipping-taxable","14":"product-type-simple"},"_links":{"self":[{"href":"https:\/\/www.juweihammer.com\/cs\/wp-json\/wp\/v2\/product\/2646","targetHints":{"allow":["GET"]}}],"collection":[{"href":"https:\/\/www.juweihammer.com\/cs\/wp-json\/wp\/v2\/product"}],"about":[{"href":"https:\/\/www.juweihammer.com\/cs\/wp-json\/wp\/v2\/types\/product"}],"version-history":[{"count":1,"href":"https:\/\/www.juweihammer.com\/cs\/wp-json\/wp\/v2\/product\/2646\/revisions"}],"predecessor-version":[{"id":3077,"href":"https:\/\/www.juweihammer.com\/cs\/wp-json\/wp\/v2\/product\/2646\/revisions\/3077"}],"wp:featuredmedia":[{"embeddable":true,"href":"https:\/\/www.juweihammer.com\/cs\/wp-json\/wp\/v2\/media\/2621"}],"wp:attachment":[{"href":"https:\/\/www.juweihammer.com\/cs\/wp-json\/wp\/v2\/media?parent=2646"}],"wp:term":[{"taxonomy":"product_brand","embeddable":true,"href":"https:\/\/www.juweihammer.com\/cs\/wp-json\/wp\/v2\/product_brand?post=2646"},{"taxonomy":"product_cat","embeddable":true,"href":"https:\/\/www.juweihammer.com\/cs\/wp-json\/wp\/v2\/product_cat?post=2646"},{"taxonomy":"product_tag","embeddable":true,"href":"https:\/\/www.juweihammer.com\/cs\/wp-json\/wp\/v2\/product_tag?post=2646"}],"curies":[{"name":"wp","href":"https:\/\/api.w.org\/{rel}","templated":true}]}}