{"id":2576,"date":"2024-07-24T06:14:29","date_gmt":"2024-07-24T06:14:29","guid":{"rendered":"https:\/\/www.juweihammer.com\/?post_type=product&#038;p=2576"},"modified":"2024-11-08T02:45:14","modified_gmt":"2024-11-08T02:45:14","slug":"dd55-guide-rod-pile-diesel-hammer-for-concrete-sheet","status":"publish","type":"product","link":"https:\/\/www.juweihammer.com\/cs\/produkt\/dd55-guide-rod-pile-diesel-hammer-for-concrete-sheet\/","title":{"rendered":"DD55 Vodic\u00ed ty\u010dov\u00e9 kladivo pro betonov\u00e9 desky"},"content":{"rendered":"<p><span data-slate-fragment=\"JTVCJTdCJTIydHlwZSUyMiUzQSUyMnBhcmFncmFwaCUyMiUyQyUyMmNoaWxkcmVuJTIyJTNBJTVCJTdCJTIyaWQlMjIlM0ElMjJCWnlwQWdqNVF6JTIyJTJDJTIycGFyYUlkeCUyMiUzQTAlMkMlMjJzcmMlMjIlM0ElMjJKdXdlaSUyMGlzJTIwdGhlJTIwdG9wJTIwMSUyMG1hbnVmYWN0dXJlcnMlMjBhbmQlMjBzdXBwbGllcnMlMjBvZiUyMEREJTIwcmFpbCUyMGhhbW1lcnMlMjBpbiUyMENoaW5hJTIyJTJDJTIyZHN0JTIyJTNBJTIyJUU1JUI3JUE4JUU1JUE4JTgxJUU2JTk4JUFGJUU0JUI4JUFEJUU1JTlCJUJEREQlRTklOTIlQTIlRTglQkQlQTglRTklOTQlQTQlRTclOUElODQlRTclQUMlQUMlRTQlQjglODAlRTUlQTQlQTclRTUlODglQjYlRTklODAlQTAlRTUlOTUlODYlRTUlOTIlOEMlRTQlQkUlOUIlRTUlQkElOTQlRTUlOTUlODYlMjIlMkMlMjJtZXRhZGF0YSUyMiUzQSUyMiUyMiUyQyUyMm1ldGFEYXRhJTIyJTNBJTVCJTVEJTJDJTIydGV4dCUyMiUzQSUyMkp1d2VpJTIwaXMlMjB0aGUlMjB0b3AlMjAxJTIwbWFudWZhY3R1cmVycyUyMGFuZCUyMHN1cHBsaWVycyUyMG9mJTIwREQlMjByYWlsJTIwaGFtbWVycyUyMGluJTIwQ2hpbmElMjIlN0QlNUQlN0QlNUQ=\">Spole\u010dnost Juwei je 1. nejv\u00fdznamn\u011bj\u0161\u00edm v\u00fdrobcem a dodavatelem kladiv s vodic\u00ed ty\u010d\u00ed DD v \u010c\u00edn\u011b. <\/span>Dieselov\u00e1 kladiva Juwei \u0159ady DD maj\u00ed v\u00edce ne\u017e 30 let zku\u0161enost\u00ed s konstrukc\u00ed, v\u00fdrobou a pou\u017eit\u00edm. <span style=\"color: #0000ff;\"><strong>Klikn\u011bte na tla\u010d\u00edtko \"Factory\" a dozv\u00edte se v\u00edce!<\/strong><\/span><\/p>\n<p><strong>Vodic\u00ed ty\u010dov\u00e9 kladivo D lze rozd\u011blit na lehk\u00e9, st\u0159edn\u00ed a t\u011b\u017ek\u00e9 typy.<\/strong><\/p>\n<p><strong><b># Light Model<\/b><\/strong><\/p>\n<p>Model zahrnuje: DD4, DD6, DD12, DD18, DD25, DD30<\/p>\n<p>Lehk\u00e9 kladivo s vodic\u00ed ty\u010d\u00ed je ur\u010deno k zatlouk\u00e1n\u00ed \u017eelezobetonov\u00fdch, kovov\u00fdch, d\u0159ev\u011bn\u00fdch a \u0161t\u011btovnicov\u00fdch pilot pod zem. Toto multifunk\u010dn\u00ed za\u0159\u00edzen\u00ed m\u00e1 z\u00e1sadn\u00ed v\u00fdznam pro r\u016fzn\u00e9 stavebn\u00ed aplikace, v\u010detn\u011b:<\/p>\n<ul>\n<li>Projekty v oblasti elektroenergetiky<\/li>\n<li>Nadace ropn\u00e9ho a plyn\u00e1rensk\u00e9ho pr\u016fmyslu<\/li>\n<li>V\u00fdstavba z\u00e1klad\u016f a plo\u0161in pro pr\u016fmyslov\u00e9 a ob\u010dansk\u00e9 stavby<\/li>\n<\/ul>\n<p>Toto za\u0159\u00edzen\u00ed pro hlouben\u00ed pilot se obvykle instaluje na p\u00e1sov\u00e9 a kolov\u00e9 stroje. Modernizace p\u00e1sov\u00fdch je\u0159\u00e1b\u016f a rypadel zahrnuje instalaci pilot pro dosa\u017een\u00ed efektivn\u00edho provozu.<\/p>\n<p>Mezi hlavn\u00ed vlastnosti tohoto lehk\u00e9ho za\u0159\u00edzen\u00ed pro hlouben\u00ed pilot pat\u0159\u00ed obrovsk\u00e1 s\u00edla \u00faderu a odoln\u00e9 p\u00edstn\u00ed krou\u017eky. Toto kladivo se hojn\u011b vyv\u00e1\u017e\u00ed do oblast\u00ed, jako je Rusko, Indon\u00e9sie, Filip\u00edny, Afrika a jihov\u00fdchodn\u00ed Asie, a jeho spolehlivost a v\u00fdkon jsou uzn\u00e1v\u00e1ny.<\/p>\n<p><strong># Medium Model<\/strong><\/p>\n<p>Model zahrnuje: DD35, DD45, DD55, DD65, DD75, DD85, DD105<\/p>\n<p>St\u0159edn\u00ed kladivo s vodic\u00ed ty\u010d\u00ed je vhodn\u00e9 pro zatlouk\u00e1n\u00ed r\u016fzn\u00fdch typ\u016f pilot, v\u010detn\u011b \u017eelezobetonov\u00fdch, ocelov\u00fdch, \u0161t\u011btovnicov\u00fdch, H-nosn\u00edk\u016f, kulat\u00fdch, \u010dtvercov\u00fdch a d\u0159ev\u011bn\u00fdch. Toto st\u0159edn\u011b velk\u00e9 za\u0159\u00edzen\u00ed pro zatlouk\u00e1n\u00ed pilot je velmi vhodn\u00e9 pro zakl\u00e1d\u00e1n\u00ed a podp\u016frn\u00e9 konstrukce v n\u00e1sleduj\u00edc\u00edch oblastech:<\/p>\n<ul>\n<li>Ropn\u00fd a plyn\u00e1rensk\u00fd pr\u016fmysl<\/li>\n<li>Elekt\u0159ina a energie<\/li>\n<li>Pr\u016fmysl<\/li>\n<li>stavebn\u00ed in\u017een\u00fdrstv\u00ed<\/li>\n<li>hydraulick\u00e9 in\u017een\u00fdrstv\u00ed<\/li>\n<\/ul>\n<p>Toto kladivo je kompatibiln\u00ed s p\u00e1sov\u00fdmi je\u0159\u00e1by, bagry, naklada\u010di pilot se sto\u017e\u00e1rem, plovouc\u00edmi naklada\u010di pilot a kr\u00e1\u010dej\u00edc\u00edmi naklada\u010di pilot a je v\u0161estrann\u00e9 a \u00fa\u010dinn\u00e9.<br \/>\nNa\u0161e dieselov\u00e1 kladiva st\u0159edn\u00ed t\u0159\u00eddy DD jsou hojn\u011b vyv\u00e1\u017eena do jihov\u00fdchodn\u00ed Asie, na Bl\u00edzk\u00fd v\u00fdchod, do Evropy, Afriky a Ji\u017en\u00ed Ameriky.<\/p>\n<p><strong>#Heavy Model<\/strong><\/p>\n<p>Model zahrnuje: DD128, DD160, DD180, DD200, DD220, DD300, DD350, DD400, DD450, DD500<\/p>\n<p>T\u011b\u017ek\u00e9 vrtac\u00ed kladivo DD m\u00e1 nejt\u011b\u017e\u0161\u00ed r\u00e1zovou slo\u017eku, co\u017e z n\u011bj \u010din\u00ed nejefektivn\u011bj\u0161\u00ed za\u0159\u00edzen\u00ed pro hlouben\u00ed pilot. Je ide\u00e1ln\u00ed volbou pro n\u00e1sleduj\u00edc\u00ed \u00fa\u010dely:<\/p>\n<ul>\n<li><span data-slate-fragment=\"JTVCJTdCJTIydHlwZSUyMiUzQSUyMnBhcmFncmFwaCUyMiUyQyUyMmNoaWxkcmVuJTIyJTNBJTVCJTdCJTIyaWQlMjIlM0ElMjJlRU5SazlnUjdWJTIyJTJDJTIycGFyYUlkeCUyMiUzQTElMkMlMjJzcmMlMjIlM0ElMjJPZmZzaG9yZSUyME9wZXJhdGlvbnMlMjIlMkMlMjJkc3QlMjIlM0ElMjJPZmZzaG9yZSUyME9wZXJhdGlvbnMlMjIlMkMlMjJtZXRhZGF0YSUyMiUzQSUyMiUyMiUyQyUyMm1ldGFEYXRhJTIyJTNBJTVCJTVEJTJDJTIydGV4dCUyMiUzQSUyMk9mZnNob3JlJTIwT3BlcmF0aW9ucyUyMiU3RCU1RCU3RCU1RA==\">Operace na mo\u0159i<\/span><\/li>\n<li><span data-slate-fragment=\"JTVCJTdCJTIydHlwZSUyMiUzQSUyMnBhcmFncmFwaCUyMiUyQyUyMmNoaWxkcmVuJTIyJTNBJTVCJTdCJTIyaWQlMjIlM0ElMjJCbzEwNjRQMG5WJTIyJTJDJTIycGFyYUlkeCUyMiUzQTIlMkMlMjJzcmMlMjIlM0ElMjJPZmZzaG9yZSUyMERyaWxsaW5nJTIwUGxhdGZvcm1zJTIyJTJDJTIyZHN0JTIyJTNBJTIyT2Zmc2hvcmUlMjBEcmlsbGluZyUyMFBsYXRmb3JtcyUyMiUyQyUyMm1ldGFkYXRhJTIyJTNBJTIyJTIyJTJDJTIybWV0YURhdGElMjIlM0ElNUIlNUQlMkMlMjJ0ZXh0JTIyJTNBJTIyT2Zmc2hvcmUlMjBEcmlsbGluZyUyMFBsYXRmb3JtcyUyMiU3RCU1RCU3RCU1RA==\">Vrtn\u00e9 plo\u0161iny na mo\u0159i<\/span><\/li>\n<li><span data-slate-fragment=\"JTVCJTdCJTIydHlwZSUyMiUzQSUyMnBhcmFncmFwaCUyMiUyQyUyMmNoaWxkcmVuJTIyJTNBJTVCJTdCJTIyaWQlMjIlM0ElMjJWMHJZOW9MWUFCJTIyJTJDJTIycGFyYUlkeCUyMiUzQTMlMkMlMjJzcmMlMjIlM0ElMjJEZWVwd2F0ZXIlMjBQb3J0cyUyMiUyQyUyMmRzdCUyMiUzQSUyMkRlZXB3YXRlciUyMFBvcnRzJTIyJTJDJTIybWV0YWRhdGElMjIlM0ElMjIlMjIlMkMlMjJtZXRhRGF0YSUyMiUzQSU1QiU1RCUyQyUyMnRleHQlMjIlM0ElMjJEZWVwd2F0ZXIlMjBQb3J0cyUyMiU3RCU1RCU3RCU1RA==\">Hlubinn\u00e9 p\u0159\u00edstavy<\/span><\/li>\n<li><span data-slate-fragment=\"JTVCJTdCJTIydHlwZSUyMiUzQSUyMnBhcmFncmFwaCUyMiUyQyUyMmNoaWxkcmVuJTIyJTNBJTVCJTdCJTIyaWQlMjIlM0ElMjJlSlJHNGdPR0RlJTIyJTJDJTIycGFyYUlkeCUyMiUzQTQlMkMlMjJzcmMlMjIlM0ElMjJCcmlkZ2UlMjBDb25zdHJ1Y3Rpb24lMjIlMkMlMjJkc3QlMjIlM0ElMjJCcmlkZ2UlMjBDb25zdHJ1Y3Rpb24lMjIlMkMlMjJtZXRhZGF0YSUyMiUzQSUyMiUyMiUyQyUyMm1ldGFEYXRhJTIyJTNBJTVCJTVEJTJDJTIydGV4dCUyMiUzQSUyMkJyaWRnZSUyMENvbnN0cnVjdGlvbiUyMiU3RCU1RCU3RCU1RA==\">Stavba most\u016f<\/span><\/li>\n<li><span data-slate-fragment=\"JTVCJTdCJTIydHlwZSUyMiUzQSUyMnBhcmFncmFwaCUyMiUyQyUyMmNoaWxkcmVuJTIyJTNBJTVCJTdCJTIyaWQlMjIlM0ElMjJCWHd5RFBPeTd6JTIyJTJDJTIycGFyYUlkeCUyMiUzQTUlMkMlMjJzcmMlMjIlM0ElMjJCb3RoJTIwVGVycmVzdHJpYWwlMjBhbmQlMjBBcXVhdGljJTIwQnVpbGRpbmclMjBQcm9qZWN0cyUyMiUyQyUyMmRzdCUyMiUzQSUyMkJvdGglMjBUZXJyZXN0cmlhbCUyMGFuZCUyMEFxdWF0aWMlMjBCdWlsZGluZyUyMFByb2plY3RzJTIyJTJDJTIybWV0YWRhdGElMjIlM0ElMjIlMjIlMkMlMjJtZXRhRGF0YSUyMiUzQSU1QiU1RCUyQyUyMnRleHQlMjIlM0ElMjJUZXJyZXN0cmlhbCUyMGFuZCUyMEFxdWF0aWMlMjBCdWlsZGluZyUyMFByb2plY3RzJTIyJTdEJTVEJTdEJTVE\">Projekty pozemn\u00edch a vodn\u00edch staveb<\/span><\/li>\n<\/ul>\n<p>Na\u0161e t\u011b\u017ek\u00e1 vzn\u011btov\u00e1 kladiva jsou \u0161iroce pou\u017e\u00edv\u00e1na v Severn\u00ed a Ji\u017en\u00ed Americe, na Bl\u00edzk\u00e9m v\u00fdchod\u011b, v Asii, Africe, Evrop\u011b, Rusku a Turecku.<br \/>\nDD-128 a DD-200: jsou vybaveny dv\u011bma vodic\u00edmi li\u0161tami pro pohyb n\u00e1razov\u00fdch sou\u010d\u00e1st\u00ed.<br \/>\nDD-300 a t\u011b\u017e\u0161\u00ed modely: pomoc\u00ed \u010dty\u0159 vodic\u00edch li\u0161t lze stohovat ve sklonu 1:3.<\/p>\n<p><span style=\"color: #0000ff;\"><strong>Klikn\u011bte na tla\u010d\u00edtko \"DD Series Details\" a dozv\u00edte se v\u00edce!<\/strong><\/span><\/p>\n<p><strong>1TP5\u0158e\u0161en\u00ed na m\u00edru:<\/strong><\/p>\n<p>N\u00e1\u0161 t\u00fdm in\u017een\u00fdr\u016f m\u016f\u017ee p\u0159izp\u016fsobit \u0159e\u0161en\u00ed na z\u00e1klad\u011b situace va\u0161eho projektu. M\u016f\u017eete poskytnout zpr\u00e1vu o adrese p\u016fdy, typu pilot a za\u0159\u00edzen\u00ed pro hlouben\u00ed pilot. Zajist\u00edme v\u00e1lcov\u00e9 kladivo, kter\u00e9 je kompatibiln\u00ed s projektem.<\/p>\n<p><strong>1TP5Balen\u00ed a p\u0159eprava<\/strong>:<\/p>\n<p>Balen\u00ed: K balen\u00ed se pou\u017e\u00edvaj\u00ed standardn\u00ed ocelov\u00e9 p\u0159epravn\u00ed n\u00e1stroje<br \/>\nP\u0159eprava: 20GP nebo 40GP kontejnerov\u00e1 p\u0159eprava<\/p>\n<p><strong>#Specifikace:<\/strong><\/p>\n<style>\n    .table-container {<br \/>        overflow-x: auto;<br \/>        margin: 0 auto;<br \/>    }<br \/>    table {<br \/>        width: 100%;<br \/>        border-collapse: collapse;<br \/>    }<br \/>    th, td {<br \/>        padding: 8px;<br \/>        border: 1px solid #ddd;<br \/>        text-align: left;<br \/>    }<br \/>    @media screen and (max-width: 600px) {<br \/>        table, thead, tbody, th, td, tr {<br \/>            display: block;<br \/>            width: 100%;<br \/>        }<br \/>        thead tr {<br \/>            display: none;<br \/>        }<br \/>        tr {<br \/>            margin-bottom: 15px;<br \/>        }<br \/>        td {<br \/>            text-align: right;<br \/>            padding-left: 50%;<br \/>            position: relative;<br \/>        }<br \/>        td:before {<br \/>            content: attr(data-label);<br \/>            position: absolute;<br \/>            left: 0;<br \/>            width: 50%;<br \/>            padding-left: 10px;<br \/>            font-weight: bold;<br \/>            text-align: left;<br \/>        }<br \/>    }<br \/><\/style>\n<div class=\"table-container\">\n<table>\n<thead>\n<tr>\n<th>Specifikace<\/th>\n<th>Typ<\/th>\n<th>DD55<\/th>\n<\/tr>\n<\/thead>\n<tbody>\n<tr>\n<td data-label=\"Specifications\">V\u00e1lec Komplexn\u00ed hmotnost<\/td>\n<td data-label=\"Type\">kg<\/td>\n<td data-label=\"DD25\">5500<\/td>\n<\/tr>\n<tr>\n<td data-label=\"Specifications\">Max. Zdvih v\u00e1lce<\/td>\n<td data-label=\"Type\">m<\/td>\n<td data-label=\"DD25\">3<\/td>\n<\/tr>\n<tr>\n<td data-label=\"Specifications\">Frekvence<\/td>\n<td data-label=\"Type\">min-l<\/td>\n<td data-label=\"DD25\">38~50<\/td>\n<\/tr>\n<tr>\n<td data-label=\"Specifications\">Max. Energie<\/td>\n<td data-label=\"Type\">kj<\/td>\n<td data-label=\"DD25\">165<\/td>\n<\/tr>\n<tr>\n<td data-label=\"Specifications\">Spot\u0159eba oleje<\/td>\n<td data-label=\"Type\">L\/h<\/td>\n<td data-label=\"DD25\">16<\/td>\n<\/tr>\n<tr>\n<td data-label=\"Specifications\">S\u00edla v\u00fdbuchu hromady<\/td>\n<td data-label=\"Type\">KN<\/td>\n<td data-label=\"DD25\">1690<\/td>\n<\/tr>\n<tr>\n<td data-label=\"Specifications\">Reduk\u010dn\u00ed pom\u011br<\/td>\n<td data-label=\"Type\"><\/td>\n<td data-label=\"DD25\">22<\/td>\n<\/tr>\n<tr>\n<td data-label=\"Specifications\">Hmotnost kladiva<\/td>\n<td data-label=\"Type\">kg<\/td>\n<td data-label=\"DD25\">9800<\/td>\n<\/tr>\n<tr>\n<td data-label=\"Specifications\">Pr\u016fvodce vzd\u00e1lenost\u00ed<\/td>\n<td data-label=\"Type\">mm<\/td>\n<td data-label=\"DD25\">330<\/td>\n<\/tr>\n<\/tbody>\n<\/table>\n<h2>Balen\u00ed kladiva DD55 s vodic\u00ed ty\u010d\u00ed<\/h2>\n<p><img fetchpriority=\"high\" decoding=\"async\" class=\"size-full wp-image-11327\" src=\"https:\/\/www.juweihammer.com\/wp-content\/uploads\/2024\/09\/DD-guide-rod-diesel-hammer-packaging.webp\" alt=\"DD balen\u00ed vodic\u00ed ty\u010de kladiva na naftu\" width=\"975\" height=\"696\" srcset=\"https:\/\/www.juweihammer.com\/wp-content\/uploads\/2024\/09\/DD-guide-rod-diesel-hammer-packaging.webp 975w, https:\/\/www.juweihammer.com\/wp-content\/uploads\/2024\/09\/DD-guide-rod-diesel-hammer-packaging-768x548.webp 768w, https:\/\/www.juweihammer.com\/wp-content\/uploads\/2024\/09\/DD-guide-rod-diesel-hammer-packaging-18x12.webp 18w, https:\/\/www.juweihammer.com\/wp-content\/uploads\/2024\/09\/DD-guide-rod-diesel-hammer-packaging-600x428.webp 600w\" sizes=\"(max-width: 975px) 100vw, 975px\" \/><\/p>\n<\/div>","protected":false},"excerpt":{"rendered":"<p>Dieselov\u00e9 kladivo s vodic\u00ed ty\u010d\u00ed \u0159ady DD: Jedn\u00e1 se o pilotovac\u00ed stroj, kter\u00fd pracuje na principu dvoutaktn\u00edho spalovac\u00edho motoru.<\/p>\n<ul>\n<li>V\u00e1lec Komplexn\u00ed hmotnost: 5,5 tuny<\/li>\n<li>Max. Energie: 165 Kj<\/li>\n<li>Patentovan\u00e9 automatick\u00e9 odpojovac\u00ed za\u0159\u00edzen\u00ed<\/li>\n<li>Snadn\u011bj\u0161\u00ed spu\u0161t\u011bn\u00ed<\/li>\n<li>P\u0159izp\u016fsoben\u00ed provozu p\u0159i vysok\u00e9m zat\u00ed\u017een\u00ed<\/li>\n<\/ul>","protected":false},"featured_media":2518,"template":"","meta":{"_seopress_robots_primary_cat":"none","_seopress_titles_title":"DD55 Guide Rod Pile Diesel Hammer for Concrete Sheet","_seopress_titles_desc":"DD55 5.5ton guide rod pile diesel hammer is suitable for driving concrete piles, steel piles, sheet piles, H-beams, round piles, square piles, wooden piles.","_seopress_robots_index":"","site-sidebar-layout":"default","site-content-layout":"","ast-site-content-layout":"default","site-content-style":"default","site-sidebar-style":"default","ast-global-header-display":"","ast-banner-title-visibility":"","ast-main-header-display":"","ast-hfb-above-header-display":"","ast-hfb-below-header-display":"","ast-hfb-mobile-header-display":"","site-post-title":"","ast-breadcrumbs-content":"","ast-featured-img":"","footer-sml-layout":"","theme-transparent-header-meta":"default","adv-header-id-meta":"","stick-header-meta":"","header-above-stick-meta":"","header-main-stick-meta":"","header-below-stick-meta":"","astra-migrate-meta-layouts":"set","ast-page-background-enabled":"default","ast-page-background-meta":{"desktop":{"background-color":"var(--ast-global-color-4)","background-image":"","background-repeat":"repeat","background-position":"center center","background-size":"auto","background-attachment":"scroll","background-type":"","background-media":"","overlay-type":"","overlay-color":"","overlay-opacity":"","overlay-gradient":""},"tablet":{"background-color":"","background-image":"","background-repeat":"repeat","background-position":"center center","background-size":"auto","background-attachment":"scroll","background-type":"","background-media":"","overlay-type":"","overlay-color":"","overlay-opacity":"","overlay-gradient":""},"mobile":{"background-color":"","background-image":"","background-repeat":"repeat","background-position":"center center","background-size":"auto","background-attachment":"scroll","background-type":"","background-media":"","overlay-type":"","overlay-color":"","overlay-opacity":"","overlay-gradient":""}},"ast-content-background-meta":{"desktop":{"background-color":"var(--ast-global-color-5)","background-image":"","background-repeat":"repeat","background-position":"center center","background-size":"auto","background-attachment":"scroll","background-type":"","background-media":"","overlay-type":"","overlay-color":"","overlay-opacity":"","overlay-gradient":""},"tablet":{"background-color":"var(--ast-global-color-5)","background-image":"","background-repeat":"repeat","background-position":"center center","background-size":"auto","background-attachment":"scroll","background-type":"","background-media":"","overlay-type":"","overlay-color":"","overlay-opacity":"","overlay-gradient":""},"mobile":{"background-color":"var(--ast-global-color-5)","background-image":"","background-repeat":"repeat","background-position":"center center","background-size":"auto","background-attachment":"scroll","background-type":"","background-media":"","overlay-type":"","overlay-color":"","overlay-opacity":"","overlay-gradient":""}}},"product_brand":[],"product_cat":[22],"product_tag":[],"class_list":{"0":"post-2576","1":"product","2":"type-product","3":"status-publish","4":"has-post-thumbnail","6":"product_cat-dd-guide-rod-diesel-pile-hammer","7":"desktop-align-left","8":"tablet-align-left","9":"mobile-align-left","11":"first","12":"instock","13":"shipping-taxable","14":"product-type-simple"},"_links":{"self":[{"href":"https:\/\/www.juweihammer.com\/cs\/wp-json\/wp\/v2\/product\/2576","targetHints":{"allow":["GET"]}}],"collection":[{"href":"https:\/\/www.juweihammer.com\/cs\/wp-json\/wp\/v2\/product"}],"about":[{"href":"https:\/\/www.juweihammer.com\/cs\/wp-json\/wp\/v2\/types\/product"}],"version-history":[{"count":2,"href":"https:\/\/www.juweihammer.com\/cs\/wp-json\/wp\/v2\/product\/2576\/revisions"}],"predecessor-version":[{"id":11355,"href":"https:\/\/www.juweihammer.com\/cs\/wp-json\/wp\/v2\/product\/2576\/revisions\/11355"}],"wp:featuredmedia":[{"embeddable":true,"href":"https:\/\/www.juweihammer.com\/cs\/wp-json\/wp\/v2\/media\/2518"}],"wp:attachment":[{"href":"https:\/\/www.juweihammer.com\/cs\/wp-json\/wp\/v2\/media?parent=2576"}],"wp:term":[{"taxonomy":"product_brand","embeddable":true,"href":"https:\/\/www.juweihammer.com\/cs\/wp-json\/wp\/v2\/product_brand?post=2576"},{"taxonomy":"product_cat","embeddable":true,"href":"https:\/\/www.juweihammer.com\/cs\/wp-json\/wp\/v2\/product_cat?post=2576"},{"taxonomy":"product_tag","embeddable":true,"href":"https:\/\/www.juweihammer.com\/cs\/wp-json\/wp\/v2\/product_tag?post=2576"}],"curies":[{"name":"wp","href":"https:\/\/api.w.org\/{rel}","templated":true}]}}