{"id":2391,"date":"2024-07-22T05:31:02","date_gmt":"2024-07-22T05:31:02","guid":{"rendered":"https:\/\/www.juweihammer.com\/?post_type=product&#038;p=2391"},"modified":"2024-11-08T02:36:26","modified_gmt":"2024-11-08T02:36:26","slug":"d62-diesel-pile-hammer-with-pile-driving-leads","status":"publish","type":"product","link":"https:\/\/www.juweihammer.com\/cs\/produkt\/d62-diesel-pile-hammer-with-pile-driving-leads\/","title":{"rendered":"D62 Dieselov\u00e9 kladivo na piloty s p\u0159\u00edvody pro hlouben\u00ed pilot\u016f"},"content":{"rendered":"<p>Jako jeden z<strong> 10 nejlep\u0161\u00edch<\/strong> V\u00fdrobci a dodavatel\u00e9 kladiv s dieselov\u00fdm motorem na cel\u00e9m sv\u011bt\u011b. Dieselov\u00e1 kladiva Juwei \u0159ady D se mohou pochlubit v\u00edce ne\u017e 30 lety zku\u0161enost\u00ed v oblasti konstrukce, v\u00fdroby a pou\u017eit\u00ed. <span style=\"color: #0000ff;\"><strong>V\u00edce informac\u00ed o na\u0161\u00ed tov\u00e1rn\u011b z\u00edsk\u00e1te kliknut\u00edm na \"Tov\u00e1rna\".<\/strong><\/span><span style=\"color: #000080;\">!<\/span><\/p>\n<p><strong>#Total <span data-slate-fragment=\"JTVCJTdCJTIydHlwZSUyMiUzQSUyMnBhcmFncmFwaCUyMiUyQyUyMmNoaWxkcmVuJTIyJTNBJTVCJTdCJTIyaWQlMjIlM0ElMjJlYk40UmdFcXBlJTIyJTJDJTIycGFyYUlkeCUyMiUzQTQlMkMlMjJzcmMlMjIlM0ElMjJDb21wbGV0ZSUyME1vZGVsJTIwUmFuZ2UlMjBvZiUyMEQlMjBTZXJpZXMlMjBUdWJ1bGFyJTIwRGllc2VsJTIwUGlsZSUyMERyaXZlciUyMEhhbW1lcnMlMjIlMkMlMjJkc3QlMjIlM0ElMjJEJUU3JUIzJUJCJUU1JTg4JTk3JUU3JUFFJUExJUU3JThBJUI2JUU2JTlGJUI0JUU2JUIyJUI5JUU2JTg5JTkzJUU2JUExJUE5JUU5JTk0JUE0JUU3JTlBJTg0JUU1JUFFJThDJUU2JTk1JUI0JUU1JTlFJThCJUU1JThGJUI3JUU3JUIzJUJCJUU1JTg4JTk3JTIyJTJDJTIybWV0YWRhdGElMjIlM0ElMjIlMjIlMkMlMjJtZXRhRGF0YSUyMiUzQSU1QiU1RCUyQyUyMnRleHQlMjIlM0ElMjJDb21wbGV0ZSUyME1vZGVsJTIyJTdEJTVEJTdEJTVE\">Model<\/span> Dieselov\u00fdch kladiv \u0159ady D<\/strong><\/p>\n<p>D12, D16, D19, D25, D30, D36, D46, D50, D62, D80, D100, D128, D138, D160, D180, D225, D265, D320, D400. \u00a0<span style=\"color: #0000ff;\"><strong><span class=\"null\" data-slate-leaf=\"true\" data-sent-id=\"VpbK2QLMrB\">Podrobn\u00e9 informace z\u00edsk\u00e1te kliknut\u00edm na tla\u010d\u00edtko \"Podrobnosti o \u0159ad\u011b D\".<\/span><\/strong><\/span><\/p>\n<p><strong>1TP5\u0158e\u0161en\u00ed na m\u00edru:<\/strong><\/p>\n<p>N\u00e1\u0161 t\u00fdm in\u017een\u00fdr\u016f dok\u00e1\u017ee p\u0159izp\u016fsobit \u0159e\u0161en\u00ed na m\u00edru <span data-slate-fragment=\"JTVCJTdCJTIydHlwZSUyMiUzQSUyMnBhcmFncmFwaCUyMiUyQyUyMmNoaWxkcmVuJTIyJTNBJTVCJTdCJTIyaWQlMjIlM0ElMjJCdjVScmFXa1B6JTIyJTJDJTIycGFyYUlkeCUyMiUzQTEwJTJDJTIyc3JjJTIyJTNBJTIyT3VyJTIwZW5naW5lZXJpbmclMjB0ZWFtJTIwb2ZmZXJzJTIwY3VzdG9taXplZCUyMHNvbHV0aW9ucyUyMHRhaWxvcmVkJTIwdG8lMjB5b3VyJTIwcHJvamVjdCUyMG5lZWRzLiUyMCUyMiUyQyUyMmRzdCUyMiUzQSUyMiVFNiU4OCU5MSVFNCVCQiVBQyVFNyU5QSU4NCVFNSVCNyVBNSVFNyVBOCU4QiVFNSU5QiVBMiVFOSU5OCU5RiVFNiVBMCVCOSVFNiU4RCVBRSVFNiU4MiVBOCVFNyU5QSU4NCVFOSVBMSVCOSVFNyU5QiVBRSVFOSU5QyU4MCVFNiVCMSU4MiVFNiU4RiU5MCVFNCVCRSU5QiVFNSVBRSU5QSVFNSU4OCVCNiVFNyU5QSU4NCVFOCVBNyVBMyVFNSU4NiVCMyVFNiU5NiVCOSVFNiVBMSU4OCVFMyU4MCU4MiUyMiUyQyUyMm1ldGFkYXRhJTIyJTNBJTIyJTIyJTJDJTIybWV0YURhdGElMjIlM0ElNUIlNUQlMkMlMjJ0ZXh0JTIyJTNBJTIydGFpbG9yZWQlMjB0byUyMHlvdXIlMjBwcm9qZWN0JTIwbmVlZHMlMjIlN0QlNUQlN0QlNUQ=\">na m\u00edru pot\u0159eb\u00e1m va\u0161eho projektu<\/span>. <span data-slate-node=\"text\"><span class=\"null\" data-slate-leaf=\"true\" data-sent-id=\"ej04Roardz\">Poskytn\u011bte n\u00e1m zpr\u00e1vu o adrese p\u016fdy, typ piloty a specifikace za\u0159\u00edzen\u00ed pro hlouben\u00ed piloty. <\/span><\/span><span data-slate-node=\"text\" data-slate-fragment=\"JTVCJTdCJTIydHlwZSUyMiUzQSUyMnBhcmFncmFwaCUyMiUyQyUyMmNoaWxkcmVuJTIyJTNBJTVCJTdCJTIyaWQlMjIlM0ElMjJlajA0Um9hcmR6JTIyJTJDJTIycGFyYUlkeCUyMiUzQTEwJTJDJTIyc3JjJTIyJTNBJTIyUHJvdmlkZSUyMHVzJTIwd2l0aCUyMGElMjBzb2lsJTIwYWRkcmVzcyUyMHJlcG9ydCUyQyUyMHBpbGUlMjB0eXBlJTJDJTIwYW5kJTIwcGlsZSUyMGRyaXZpbmclMjBlcXVpcG1lbnQlMjBzcGVjaWZpY2F0aW9ucy4lMjAlMjIlMkMlMjJkc3QlMjIlM0ElMjIlRTUlOTAlOTElRTYlODglOTElRTQlQkIlQUMlRTYlOEYlOTAlRTQlQkUlOUIlRTUlOUMlOUYlRTUlQTMlQTQlRTUlOUMlQjAlRTUlOUQlODAlRTYlOEElQTUlRTUlOTElOEElRTMlODAlODElRTYlQTElQTklRTclQjElQkIlRTUlOUUlOEIlRTUlOTIlOEMlRTYlODklOTMlRTYlQTElQTklRTglQUUlQkUlRTUlQTQlODclRTglQTclODQlRTYlQTAlQkMlRTMlODAlODIlMjIlMkMlMjJtZXRhZGF0YSUyMiUzQSUyMiUyMiUyQyUyMm1ldGFEYXRhJTIyJTNBJTVCJTVEJTJDJTIydGV4dCUyMiUzQSUyMlByb3ZpZGUlMjB1cyUyMHdpdGglMjBhJTIwc29pbCUyMGFkZHJlc3MlMjByZXBvcnQlMkMlMjBwaWxlJTIwdHlwZSUyQyUyMGFuZCUyMHBpbGUlMjBkcml2aW5nJTIwZXF1aXBtZW50JTIwc3BlY2lmaWNhdGlvbnMuJTIwJTIyJTdEJTJDJTdCJTIyaWQlMjIlM0ElMjJWTjZtbGE4RDFWJTIyJTJDJTIycGFyYUlkeCUyMiUzQTEwJTJDJTIyc3JjJTIyJTNBJTIyV2UlMjBkZWxpdmVyJTIwYSUyMGNvbXBhdGlibGUlMjBjeWxpbmRlciUyMGhhbW1lciUyMGRlc2lnbmVkJTIwZm9yJTIweW91ciUyMHByb2plY3QuJTIyJTJDJTIyZHN0JTIyJTNBJTIyJUU2JTg4JTkxJUU0JUJCJUFDJUU0JUI4JUJBJUU2JTgyJUE4JUU3JTlBJTg0JUU5JUExJUI5JUU3JTlCJUFFJUU2JThGJTkwJUU0JUJFJTlCJUU1JTg1JUJDJUU1JUFFJUI5JUU3JTlBJTg0JUU1JTlDJTg2JUU3JUFEJTkyJUU5JTk0JUE0JUUzJTgwJTgyJTIyJTJDJTIybWV0YWRhdGElMjIlM0ElMjIlMjIlMkMlMjJtZXRhRGF0YSUyMiUzQSU1QiU1RCUyQyUyMnRleHQlMjIlM0ElMjJXZSUyMGRlbGl2ZXIlMjBhJTIwY29tcGF0aWJsZSUyMGN5bGluZGVyJTIwaGFtbWVyJTIwZGVzaWduZWQlMjBmb3IlMjB5b3VyJTIwcHJvamVjdC4lMjIlN0QlNUQlN0QlNUQ=\"><span class=\"null\" data-slate-leaf=\"true\" data-sent-id=\"VN6mla8D1V\">Dod\u00e1v\u00e1me kompatibiln\u00ed kladivo ur\u010den\u00e9 pro v\u00e1\u0161 projekt.<\/span><\/span><\/p>\n<p><strong>#<\/strong><strong>Typ hromady:<\/strong><\/p>\n<p><span data-slate-fragment=\"JTVCJTdCJTIydHlwZSUyMiUzQSUyMnBhcmFncmFwaCUyMiUyQyUyMmNoaWxkcmVuJTIyJTNBJTVCJTdCJTIyaWQlMjIlM0ElMjJlbU1LUllacEplJTIyJTJDJTIycGFyYUlkeCUyMiUzQTE0JTJDJTIyc3JjJTIyJTNBJTIyT3VyJTIwaGFtbWVycyUyMGFyZSUyMHN1aXRhYmxlJTIwZm9yJTIwZHJpdmluZyUyMHZhcmlvdXMlMjBwaWxlJTIwdHlwZXMlMkMlMjBpbmNsdWRpbmclMjBwcmVjYXN0JTIwY29uY3JldGUlMjBwaWxlcyUyQyUyMEgtYmVhbXMlMkMlMjBzdGVlbCUyMHBpcGUlMjBwaWxlcyUyQyUyMGNpcmN1bGFyJTIwcGlsZXMlMkMlMjBzcXVhcmUlMjBwaWxlcyUyQyUyMHNoZWV0JTIwcGlsZXMlMkMlMjBhbmQlMjB3b29kZW4lMjBwaWxlcy4lMjIlMkMlMjJkc3QlMjIlM0ElMjIlRTYlODglOTElRTQlQkIlQUMlRTclOUElODQlRTklOTQlQTQlRTUlQUQlOTAlRTklODAlODIlRTclOTQlQTglRTQlQkElOEUlRTYlODklOTMlRTYlQTElQTklRTUlOTAlODQlRTclQTclOEQlRTYlQTElQTklRTUlOUUlOEIlRUYlQkMlOEMlRTUlOEMlODUlRTYlOEIlQUMlRTklQTIlODQlRTUlODglQjYlRTYlQjclQjclRTUlODclOUQlRTUlOUMlOUYlRTYlQTElQTklRTMlODAlODFIJUU1JTlFJThCJUU5JTkyJUEyJUUzJTgwJTgxJUU5JTkyJUEyJUU3JUFFJUExJUU2JUExJUE5JUUzJTgwJTgxJUU1JTlDJTg2JUU1JUJEJUEyJUU2JUExJUE5JUUzJTgwJTgxJUU2JTk2JUI5JUU1JUJEJUEyJUU2JUExJUE5JUUzJTgwJTgxJUU2JTlEJUJGJUU2JUExJUE5JUU1JTkyJThDJUU2JTlDJUE4JUU2JUExJUE5JUUzJTgwJTgyJTIyJTJDJTIybWV0YWRhdGElMjIlM0ElMjIlMjIlMkMlMjJtZXRhRGF0YSUyMiUzQSU1QiU1RCUyQyUyMnRleHQlMjIlM0ElMjJPdXIlMjBoYW1tZXJzJTIwYXJlJTIwc3VpdGFibGUlMjBmb3IlMjBkcml2aW5nJTIwdmFyaW91cyUyMHBpbGUlMjB0eXBlcyUyMiU3RCU1RCU3RCU1RA==\">Na\u0161e kladiva jsou vhodn\u00e1 pro zatlouk\u00e1n\u00ed r\u016fzn\u00fdch typ\u016f pilot,<\/span> pat\u0159\u00ed prefabrikovan\u00e9 betonov\u00e9 piloty, H-nosn\u00edky, ocelov\u00e9 trubkov\u00e9 piloty, kruhov\u00e9 piloty, \u010dtvercov\u00e9 piloty, \u0161t\u011btovnice, d\u0159ev\u011bn\u00e9 piloty atd.<\/p>\n<p><strong>#AAplikace<\/strong>:<\/p>\n<p><span data-slate-fragment=\"JTVCJTdCJTIydHlwZSUyMiUzQSUyMnBhcmFncmFwaCUyMiUyQyUyMmNoaWxkcmVuJTIyJTNBJTVCJTdCJTIyaWQlMjIlM0ElMjJCNGtLT1E2QVJ6JTIyJTJDJTIycGFyYUlkeCUyMiUzQTE4JTJDJTIyc3JjJTIyJTNBJTIyT3VyJTIwZGllc2VsJTIwaGFtbWVycyUyMGFyZSUyMGlkZWFsJTIwZm9yJTIwb2Zmc2hvcmUlMjBwcm9qZWN0cyUyMHN1Y2glMjBhcyUyMHdpbmQlMjBwb3dlciUyMGdlbmVyYXRpb24lMkMlMjBlbmVyZ3klMkMlMjBicmlkZ2VzJTJDJTIwcG9ydHMlMkMlMjBkb2NrJTIwY29uc3RydWN0aW9uJTJDJTIwYW5kJTIwb2lsJTIwYW5kJTIwZ2FzJTIwZXh0cmFjdGlvbi4lMjAlMjIlMkMlMjJkc3QlMjIlM0ElMjIlRTYlODglOTElRTQlQkIlQUMlRTclOUElODQlRTYlOUYlQjQlRTYlQjIlQjklRTklOTQlQTQlRTYlOTglQUYlRTklQTMlOEUlRTUlOEElOUIlRTUlOEYlOTElRTclOTQlQjUlRTMlODAlODElRTglODMlQkQlRTYlQkElOTAlRTMlODAlODElRTYlQTElQTUlRTYlQTIlODElRTMlODAlODElRTYlQjglQUYlRTUlOEYlQTMlRTMlODAlODElRTclQTAlODElRTUlQTQlQjQlRTUlQkIlQkElRTglQUUlQkUlRTQlQkIlQTUlRTUlOEYlOEElRTclOUYlQjMlRTYlQjIlQjklRTUlOTIlOEMlRTUlQTQlQTklRTclODQlQjYlRTYlQjAlOTQlRTUlQkMlODAlRTklODclODclRTclQUQlODklRTYlQjUlQjclRTQlQjglOEElRTklQTElQjklRTclOUIlQUUlRTclOUElODQlRTclOTAlODYlRTYlODMlQjMlRTklODAlODklRTYlOEIlQTklRTMlODAlODIlMjIlMkMlMjJtZXRhZGF0YSUyMiUzQSUyMiUyMiUyQyUyMm1ldGFEYXRhJTIyJTNBJTVCJTVEJTJDJTIydGV4dCUyMiUzQSUyMk91ciUyMGRpZXNlbCUyMGhhbW1lcnMlMjBhcmUlMjBpZGVhbCUyMGZvciUyMCUyMiU3RCU1RCU3RCU1RA==\">Na\u0161e dieselov\u00e1 kladiva jsou ide\u00e1ln\u00ed pro <\/span>projekty na mo\u0159i, jako je v\u00fdroba v\u011btrn\u00e9 energie, energetika, mosty, p\u0159\u00edstavy, v\u00fdstavba dok\u016f a t\u011b\u017eba ropy a plynu. <span data-slate-fragment=\"JTVCJTdCJTIydHlwZSUyMiUzQSUyMnBhcmFncmFwaCUyMiUyQyUyMmNoaWxkcmVuJTIyJTNBJTVCJTdCJTIyaWQlMjIlM0ElMjJWQVlFTzhhbzFWJTIyJTJDJTIycGFyYUlkeCUyMiUzQTE4JTJDJTIyc3JjJTIyJTNBJTIyVGhleSUyMGFyZSUyMGFsc28lMjBzdWl0YWJsZSUyMGZvciUyMHJvYWQlMjBhbmQlMjBjaXZpbCUyMGVuZ2luZWVyaW5nJTIwcHJvamVjdHMlMkMlMjBwdWJsaWMlMjB1dGlsaXRpZXMlMkMlMjBjb2ZmZXJkYW1zJTJDJTIwYnJpZGdlcyUyQyUyMHBob3Rvdm9sdGFpY3MlMkMlMjBhbmQlMjBlbnZpcm9ubWVudGFsJTIwcHJvamVjdHMuJTIwJTIyJTJDJTIyZHN0JTIyJTNBJTIyJUU1JUFFJTgzJUU0JUJCJUFDJUU0JUI5JTlGJUU5JTgwJTgyJUU3JTk0JUE4JUU0JUJBJThFJUU5JTgxJTkzJUU4JUI3JUFGJUU1JTkyJThDJUU1JTlDJTlGJUU2JTlDJUE4JUU1JUI3JUE1JUU3JUE4JThCJUU5JUExJUI5JUU3JTlCJUFFJUUzJTgwJTgxJUU1JTg1JUFDJUU3JTk0JUE4JUU0JUJBJThCJUU0JUI4JTlBJUUzJTgwJTgxJUU1JTlCJUI0JUU1JUEwJUIwJUUzJTgwJTgxJUU2JUExJUE1JUU2JUEyJTgxJUUzJTgwJTgxJUU1JTg1JTg5JUU0JUJDJThGJUU1JTkyJThDJUU3JThFJUFGJUU1JUEyJTgzJUU5JUExJUI5JUU3JTlCJUFFJUUzJTgwJTgyJTIyJTJDJTIybWV0YWRhdGElMjIlM0ElMjIlMjIlMkMlMjJtZXRhRGF0YSUyMiUzQSU1QiU1RCUyQyUyMnRleHQlMjIlM0ElMjJUaGV5JTIwYXJlJTIwYWxzbyUyMHN1aXRhYmxlJTIyJTdEJTVEJTdEJTVE\">Jsou vhodn\u00e9 tak\u00e9 pro <\/span>silni\u010dn\u00ed a in\u017een\u00fdrsk\u00e9 projekty, ve\u0159ejn\u00e9 slu\u017eby, in\u017een\u00fdrsk\u00e9 s\u00edt\u011b, ochrann\u00e9 hr\u00e1ze, mosty, fotovoltaika a \u017eivotn\u00ed prost\u0159ed\u00ed. <span style=\"color: #000080;\">Klikn\u011bte na tla\u010d\u00edtko \"Projekty\" a dozv\u00edte se v\u00edce!<\/span><\/p>\n<p><strong>1TP5Balen\u00ed a p\u0159eprava<\/strong>:<\/p>\n<p>Balen\u00ed: <span data-slate-fragment=\"JTVCJTdCJTIydHlwZSUyMiUzQSUyMnBhcmFncmFwaCUyMiUyQyUyMmNoaWxkcmVuJTIyJTNBJTVCJTdCJTIyaWQlMjIlM0ElMjJ6eUswRHh2TEtlJTIyJTJDJTIycGFyYUlkeCUyMiUzQTIyJTJDJTIyc3JjJTIyJTNBJTIyUGFja2FnaW5nJTNBJTIwV2UlMjB1c2UlMjBleHBvcnQtc3RhbmRhcmQlMjBzdGVlbCUyMHRyYW5zcG9ydGF0aW9uJTIwdG9vbHMlMjBmb3IlMjBwYWNrYWdpbmcuJTIyJTJDJTIyZHN0JTIyJTNBJTIyJUU1JThDJTg1JUU4JUEzJTg1JUVGJUJDJTlBJUU2JTg4JTkxJUU0JUJCJUFDJUU0JUJEJUJGJUU3JTk0JUE4JUU1JTg3JUJBJUU1JThGJUEzJUU2JUEwJTg3JUU1JTg3JTg2JUU5JTkyJUEyJUU2JTlEJTkwJUU4JUJGJTkwJUU4JUJFJTkzJUU1JUI3JUE1JUU1JTg1JUI3JUU4JUJGJTlCJUU4JUExJThDJUU1JThDJTg1JUU4JUEzJTg1JUUzJTgwJTgyJTIyJTJDJTIybWV0YWRhdGElMjIlM0ElMjIlMjIlMkMlMjJtZXRhRGF0YSUyMiUzQSU1QiU1RCUyQyUyMnRleHQlMjIlM0ElMjJXZSUyMHVzZSUyMGV4cG9ydC1zdGFuZGFyZCUyMHN0ZWVsJTIwdHJhbnNwb3J0YXRpb24lMjB0b29scyUyMGZvciUyMHBhY2thZ2luZyUyMiU3RCU1RCU3RCU1RA==\">K balen\u00ed pou\u017e\u00edv\u00e1me ocelov\u00e9 p\u0159epravn\u00ed n\u00e1stroje standardn\u00ed pro export.<\/span><br \/>\nP\u0159eprava: 20GP nebo 40GP kontejnerov\u00e1 p\u0159eprava<\/p>\n<p><strong>#Eexportov\u00e1no do mnoha zem\u00ed<\/strong><\/p>\n<p>Tento v\u00fdrobek se vyv\u00e1\u017e\u00ed do Evropy, Ruska, jihov\u00fdchodn\u00ed Asie, Severn\u00ed Ameriky, Ji\u017en\u00ed Ameriky, na Bl\u00edzk\u00fd v\u00fdchod, do Afriky a dal\u0161\u00edch region\u016f. (Jako nap\u0159: Filip\u00edny, T\u00fcrkiye, Indon\u00e9sie, Thajsko, Vietnam, Banglad\u00e9\u0161, Spojen\u00e9 st\u00e1ty, Sa\u00fadsk\u00e1 Ar\u00e1bie, Rusko, Austr\u00e1lie, Braz\u00edlie a dal\u0161\u00ed zem\u011b ).<\/p>\n<p><strong>#Specifikace:<\/strong><\/p>\n<table width=\"602\">\n<tbody>\n<tr>\n<td rowspan=\"2\" width=\"358\">Specifikace<\/td>\n<td rowspan=\"2\" width=\"105\">Typ<\/td>\n<td width=\"139\">D62<\/td>\n<\/tr>\n<tr>\n<td width=\"139\">1:3\/1:1<\/td>\n<\/tr>\n<tr>\n<td width=\"358\">N\u00e1razov\u00e1 hmotnost (p\u00edst)<\/td>\n<td width=\"105\">kg<\/td>\n<td width=\"139\">6200<\/td>\n<\/tr>\n<tr>\n<td width=\"358\">Energie na \u00fader<\/td>\n<td width=\"105\">KNm<\/td>\n<td width=\"139\">218.96~107.05<\/td>\n<\/tr>\n<tr>\n<td width=\"358\">Po\u010det \u00fader\u016f<\/td>\n<td width=\"105\">min-l<\/td>\n<td width=\"139\">36~50<\/td>\n<\/tr>\n<tr>\n<td width=\"358\">S\u00edla v\u00fdbuchov\u00e9ho tlaku na hromadu max.<\/td>\n<td width=\"105\">KN<\/td>\n<td width=\"139\">1800<\/td>\n<\/tr>\n<tr>\n<td width=\"358\">Vhodn\u00e9 pro hlouben\u00ed pilot a\u017e do<\/td>\n<td width=\"105\">Kg<\/td>\n<td width=\"139\">25000<\/td>\n<\/tr>\n<tr>\n<td width=\"358\">P\u0159\u00edpustn\u00fd stm\u00edva\u010d lana pro vychylovac\u00ed kladku vyp\u00ednac\u00edho za\u0159\u00edzen\u00ed max.<\/td>\n<td width=\"105\">mm<\/td>\n<td width=\"139\">\u03a638<\/td>\n<\/tr>\n<tr>\n<td width=\"358\">Motorov\u00e1 nafta<\/td>\n<td width=\"105\">L\/h<\/td>\n<td width=\"139\">20<\/td>\n<\/tr>\n<tr>\n<td width=\"358\">Mazivo<\/td>\n<td width=\"105\">L\/h<\/td>\n<td width=\"139\">3.2<\/td>\n<\/tr>\n<tr>\n<td width=\"358\">N\u00e1dr\u017e na motorovou naftu<\/td>\n<td width=\"105\">L<\/td>\n<td width=\"139\">98<\/td>\n<\/tr>\n<tr>\n<td width=\"358\">N\u00e1dr\u017e na mazivo<\/td>\n<td width=\"105\">L<\/td>\n<td width=\"139\">31.5<\/td>\n<\/tr>\n<tr>\n<td width=\"358\">Dieselov\u00e9 kladivo na piloty p\u0159ibl.<\/td>\n<td width=\"105\">kg<\/td>\n<td width=\"139\">11870\/\u00a0 12280<\/td>\n<\/tr>\n<tr>\n<td width=\"358\">Vyp\u00ednac\u00ed za\u0159\u00edzen\u00ed cca<\/td>\n<td width=\"105\">kg<\/td>\n<td width=\"139\">400<\/td>\n<\/tr>\n<tr>\n<td width=\"358\">P\u0159epravn\u00ed dr\u017e\u00e1k\/kol\u00e9bka cca<\/td>\n<td width=\"105\">kg<\/td>\n<td width=\"139\">72<\/td>\n<\/tr>\n<tr>\n<td width=\"358\">P\u0159epravn\u00ed str\u00e1\u017e cca.<\/td>\n<td width=\"105\">kg<\/td>\n<td width=\"139\">34<\/td>\n<\/tr>\n<tr>\n<td width=\"358\">Sk\u0159\u00ed\u0148ka na n\u00e1\u0159ad\u00ed cca<\/td>\n<td width=\"105\">kg<\/td>\n<td width=\"139\">125<\/td>\n<\/tr>\n<tr>\n<td width=\"358\">D\u00e9lka naftov\u00e9ho kladiva (a\/al)<\/td>\n<td width=\"105\">mm<\/td>\n<td width=\"139\">5910\/ 6910<\/td>\n<\/tr>\n<tr>\n<td width=\"358\">Vn\u011bj\u0161\u00ed pr\u016fm\u011br n\u00e1razov\u00e9ho bloku (b)<\/td>\n<td width=\"105\">mm<\/td>\n<td width=\"139\">\u03a6710<\/td>\n<\/tr>\n<tr>\n<td width=\"358\">Celkov\u00e9 rozm\u011bry m\u011b\u0159en\u00e9 p\u0159es upev\u0148ovac\u00ed \u0161rouby vodic\u00edch \u010delist\u00ed (c)<\/td>\n<td width=\"105\">mm<\/td>\n<td width=\"139\">828<\/td>\n<\/tr>\n<tr>\n<td width=\"358\">\u0160\u00ed\u0159ka kladiva na naftu (d)<\/td>\n<td width=\"105\">mm<\/td>\n<td width=\"139\">800<\/td>\n<\/tr>\n<tr>\n<td width=\"358\">\u0160\u00ed\u0159ka pro p\u0159ipojen\u00ed vodic\u00edch \u010delist\u00ed (e)<\/td>\n<td width=\"105\">mm<\/td>\n<td width=\"139\">560<\/td>\n<\/tr>\n<tr>\n<td width=\"358\">St\u0159ed naftov\u00e9ho kladiva a\u017e po ochrann\u00fd kryt \u010derpadla (f)<\/td>\n<td width=\"105\">mm<\/td>\n<td width=\"139\">490<\/td>\n<\/tr>\n<tr>\n<td width=\"358\">St\u0159ed kladiva Diesel a\u017e do st\u0159edu z\u00e1vitov\u00e9ho otvoru pro upev\u0148ovac\u00ed \u0161roub vodic\u00edch \u010delist\u00ed (g)<\/td>\n<td width=\"105\">mm<\/td>\n<td width=\"139\">380<\/td>\n<\/tr>\n<tr>\n<td width=\"358\">Hloubka vrtac\u00edho kladiva Diesel (h)<\/td>\n<td width=\"105\">mm<\/td>\n<td width=\"139\">970<\/td>\n<\/tr>\n<tr>\n<td width=\"358\">Standardn\u00ed vzd\u00e1lenost od st\u0159edu kladiva Diesel po st\u0159ed olova (H)<\/td>\n<td width=\"105\">mm<\/td>\n<td width=\"139\">560<\/td>\n<\/tr>\n<tr>\n<td width=\"358\">\u0160\u00ed\u0159ka vodi\u010de (L)<\/td>\n<td width=\"105\">mm<\/td>\n<td width=\"139\">600x(\u03a6102)<\/td>\n<\/tr>\n<\/tbody>\n<\/table>\n<h2>D62 Diesel Hammer Balen\u00ed<\/h2>\n<p><img fetchpriority=\"high\" decoding=\"async\" class=\"size-full wp-image-11326\" src=\"https:\/\/www.juweihammer.com\/wp-content\/uploads\/2024\/09\/D-tubular-diesel-hammer-packaging.webp\" alt=\"D balen\u00ed trubkov\u00e9ho kladiva na naftu\" width=\"975\" height=\"696\" srcset=\"https:\/\/www.juweihammer.com\/wp-content\/uploads\/2024\/09\/D-tubular-diesel-hammer-packaging.webp 975w, https:\/\/www.juweihammer.com\/wp-content\/uploads\/2024\/09\/D-tubular-diesel-hammer-packaging-768x548.webp 768w, https:\/\/www.juweihammer.com\/wp-content\/uploads\/2024\/09\/D-tubular-diesel-hammer-packaging-18x12.webp 18w, https:\/\/www.juweihammer.com\/wp-content\/uploads\/2024\/09\/D-tubular-diesel-hammer-packaging-600x428.webp 600w\" sizes=\"(max-width: 975px) 100vw, 975px\" \/><\/p>","protected":false},"excerpt":{"rendered":"<p>Trubkov\u00e9 naftov\u00e9 kladivo D je v sou\u010dasn\u00e9 dob\u011b nejpou\u017e\u00edvan\u011bj\u0161\u00edm za\u0159\u00edzen\u00edm pro stavbu pilotov\u00fdch z\u00e1klad\u016f.<\/p>\n<ul>\n<li>N\u00e1razov\u00e1 hmotnost (p\u00edst): 6,2 tuny<\/li>\n<li>Impac Energy: 218,96 \uff5e 107,05 Kj<\/li>\n<li>N\u00edzk\u00e1 spot\u0159eba oleje<\/li>\n<li>Tvar v\u00e1lce<\/li>\n<li>\u0158e\u0161en\u00ed na m\u00edru<\/li>\n<li><span data-slate-fragment=\"JTVCJTdCJTIydHlwZSUyMiUzQSUyMnBhcmFncmFwaCUyMiUyQyUyMmNoaWxkcmVuJTIyJTNBJTVCJTdCJTIyaWQlMjIlM0ElMjJCdjVSOFl3bFd6JTIyJTJDJTIycGFyYUlkeCUyMiUzQTAlMkMlMjJzcmMlMjIlM0ElMjJEdWFsJTIwZnVlbCUyMHB1bXAlMjBzeXN0ZW0lMjIlMkMlMjJkc3QlMjIlM0ElMjIlRTUlOEYlOEMlRTclODclODMlRTYlQjIlQjklRTYlQjMlQjUlRTclQjMlQkIlRTclQkIlOUYlMjIlMkMlMjJtZXRhZGF0YSUyMiUzQSUyMiUyMiUyQyUyMm1ldGFEYXRhJTIyJTNBJTVCJTVEJTJDJTIydGV4dCUyMiUzQSUyMkR1YWwlMjBmdWVsJTIwcHVtcCUyMHN5c3RlbSUyMiU3RCU1RCU3RCU1RA==\">ProvideOEM<\/span><\/li>\n<\/ul>","protected":false},"featured_media":11343,"template":"","meta":{"_seopress_robots_primary_cat":"none","_seopress_titles_title":"Supply D62 Diesel Pile Hammers with Pile Driving Leads","_seopress_titles_desc":"JUWEI supply D62 tubular diesel pile hammers for piling foundation construction. Impact Weight (Piston): 6.2 tons. Number of Stroke: 36~50 per minute.","_seopress_robots_index":"","site-sidebar-layout":"default","site-content-layout":"","ast-site-content-layout":"default","site-content-style":"default","site-sidebar-style":"default","ast-global-header-display":"","ast-banner-title-visibility":"","ast-main-header-display":"","ast-hfb-above-header-display":"","ast-hfb-below-header-display":"","ast-hfb-mobile-header-display":"","site-post-title":"","ast-breadcrumbs-content":"","ast-featured-img":"","footer-sml-layout":"","theme-transparent-header-meta":"default","adv-header-id-meta":"","stick-header-meta":"","header-above-stick-meta":"","header-main-stick-meta":"","header-below-stick-meta":"","astra-migrate-meta-layouts":"set","ast-page-background-enabled":"default","ast-page-background-meta":{"desktop":{"background-color":"var(--ast-global-color-4)","background-image":"","background-repeat":"repeat","background-position":"center center","background-size":"auto","background-attachment":"scroll","background-type":"","background-media":"","overlay-type":"","overlay-color":"","overlay-opacity":"","overlay-gradient":""},"tablet":{"background-color":"","background-image":"","background-repeat":"repeat","background-position":"center center","background-size":"auto","background-attachment":"scroll","background-type":"","background-media":"","overlay-type":"","overlay-color":"","overlay-opacity":"","overlay-gradient":""},"mobile":{"background-color":"","background-image":"","background-repeat":"repeat","background-position":"center center","background-size":"auto","background-attachment":"scroll","background-type":"","background-media":"","overlay-type":"","overlay-color":"","overlay-opacity":"","overlay-gradient":""}},"ast-content-background-meta":{"desktop":{"background-color":"var(--ast-global-color-5)","background-image":"","background-repeat":"repeat","background-position":"center center","background-size":"auto","background-attachment":"scroll","background-type":"","background-media":"","overlay-type":"","overlay-color":"","overlay-opacity":"","overlay-gradient":""},"tablet":{"background-color":"var(--ast-global-color-5)","background-image":"","background-repeat":"repeat","background-position":"center center","background-size":"auto","background-attachment":"scroll","background-type":"","background-media":"","overlay-type":"","overlay-color":"","overlay-opacity":"","overlay-gradient":""},"mobile":{"background-color":"var(--ast-global-color-5)","background-image":"","background-repeat":"repeat","background-position":"center center","background-size":"auto","background-attachment":"scroll","background-type":"","background-media":"","overlay-type":"","overlay-color":"","overlay-opacity":"","overlay-gradient":""}}},"product_brand":[],"product_cat":[21],"product_tag":[],"class_list":{"0":"post-2391","1":"product","2":"type-product","3":"status-publish","4":"has-post-thumbnail","6":"product_cat-d-diesel-hammer","7":"desktop-align-left","8":"tablet-align-left","9":"mobile-align-left","11":"first","12":"instock","13":"shipping-taxable","14":"product-type-simple"},"_links":{"self":[{"href":"https:\/\/www.juweihammer.com\/cs\/wp-json\/wp\/v2\/product\/2391","targetHints":{"allow":["GET"]}}],"collection":[{"href":"https:\/\/www.juweihammer.com\/cs\/wp-json\/wp\/v2\/product"}],"about":[{"href":"https:\/\/www.juweihammer.com\/cs\/wp-json\/wp\/v2\/types\/product"}],"version-history":[{"count":2,"href":"https:\/\/www.juweihammer.com\/cs\/wp-json\/wp\/v2\/product\/2391\/revisions"}],"predecessor-version":[{"id":11344,"href":"https:\/\/www.juweihammer.com\/cs\/wp-json\/wp\/v2\/product\/2391\/revisions\/11344"}],"wp:featuredmedia":[{"embeddable":true,"href":"https:\/\/www.juweihammer.com\/cs\/wp-json\/wp\/v2\/media\/11343"}],"wp:attachment":[{"href":"https:\/\/www.juweihammer.com\/cs\/wp-json\/wp\/v2\/media?parent=2391"}],"wp:term":[{"taxonomy":"product_brand","embeddable":true,"href":"https:\/\/www.juweihammer.com\/cs\/wp-json\/wp\/v2\/product_brand?post=2391"},{"taxonomy":"product_cat","embeddable":true,"href":"https:\/\/www.juweihammer.com\/cs\/wp-json\/wp\/v2\/product_cat?post=2391"},{"taxonomy":"product_tag","embeddable":true,"href":"https:\/\/www.juweihammer.com\/cs\/wp-json\/wp\/v2\/product_tag?post=2391"}],"curies":[{"name":"wp","href":"https:\/\/api.w.org\/{rel}","templated":true}]}}