{"id":2367,"date":"2024-07-22T02:11:37","date_gmt":"2024-07-22T02:11:37","guid":{"rendered":"https:\/\/www.juweihammer.com\/?post_type=product&#038;p=2367"},"modified":"2024-11-08T02:38:36","modified_gmt":"2024-11-08T02:38:36","slug":"d25-diesel-pile-driver-hammer","status":"publish","type":"product","link":"https:\/\/www.juweihammer.com\/cs\/produkt\/d25-diesel-pile-driver-hammer\/","title":{"rendered":"D25 Diesel Pile Driver Hammer na prodej | OEM k dispozici"},"content":{"rendered":"<p>Juwei je jedn\u00edm z<strong> 10 nejlep\u0161\u00edch<\/strong> v\u00fdrobci a dodavatel\u00e9 kladiv na naftu po cel\u00e9m sv\u011bt\u011b. Juwei m\u00e1 s konstrukc\u00ed, v\u00fdrobou a pou\u017eit\u00edm dieselov\u00fdch kladiv \u0159ady D v\u00edce ne\u017e 30 let zku\u0161enost\u00ed. <strong><span style=\"color: #0000ff;\">Klikn\u011bte na tla\u010d\u00edtko \"Factory\" a dozv\u00edte se v\u00edce!<\/span><\/strong><\/p>\n<p><strong>#Total Model trubkov\u00fdch dieselov\u00fdch kladiv \u0159ady D<\/strong><\/p>\n<p>D12, D16, D19, D25, D30, D36, D46, D50, D62, D80, D100, D128, D138, D160, D180, D225, D265, D320, D400. <strong><span style=\"color: #0000ff;\">Klikn\u011bte na tla\u010d\u00edtko \"Podrobnosti o \u0159ad\u011b D\" a dozv\u00edte se v\u00edce!<\/span><\/strong><\/p>\n<p><strong>1TP5\u0158e\u0161en\u00ed na m\u00edru:<\/strong><\/p>\n<p>N\u00e1\u0161 t\u00fdm in\u017een\u00fdr\u016f m\u016f\u017ee p\u0159izp\u016fsobit \u0159e\u0161en\u00ed na z\u00e1klad\u011b situace va\u0161eho projektu. Sta\u010d\u00ed poskytnout zpr\u00e1vu o adrese p\u016fdy, typ piloty a za\u0159\u00edzen\u00ed pro hlouben\u00ed piloty. My poskytneme v\u00e1lcov\u00e9 kladivo, kter\u00e9 je kompatibiln\u00ed s projektem.<\/p>\n<p><strong>#<\/strong><strong>Typ hromady:<\/strong><\/p>\n<p>Mezi typy pilot pro zatlouk\u00e1n\u00ed pat\u0159\u00ed prefabrikovan\u00e9 betonov\u00e9 piloty, H-nosn\u00edky, ocelov\u00e9 trubkov\u00e9 piloty, kruhov\u00e9 piloty, \u010dtvercov\u00e9 piloty, \u0161t\u011btovnice, d\u0159ev\u011bn\u00e9 piloty atd.<\/p>\n<p><strong>#AAplikace<\/strong>:<\/p>\n<p>Projekty na mo\u0159i zahrnuj\u00ed v\u00fdrobu v\u011btrn\u00e9 energie, energetiku, mosty, p\u0159\u00edstavy, v\u00fdstavbu dok\u016f a t\u011b\u017ebu ropy a plynu. Je tak\u00e9 pou\u017eiteln\u00fd pro silni\u010dn\u00ed a in\u017een\u00fdrsk\u00e9 projekty, ve\u0159ejn\u00e9 slu\u017eby, in\u017een\u00fdrsk\u00e9 s\u00edt\u011b, ochrann\u00e9 hr\u00e1ze, mosty, fotovoltaiku a \u017eivotn\u00ed prost\u0159ed\u00ed. <strong><span style=\"color: #0000ff;\">Klikn\u011bte na tla\u010d\u00edtko \"Projekty\" a dozv\u00edte se v\u00edce!<\/span><\/strong><\/p>\n<p><strong>1TP5Balen\u00ed a p\u0159eprava<\/strong>:<\/p>\n<p>Balen\u00ed: K balen\u00ed se pou\u017e\u00edvaj\u00ed standardn\u00ed ocelov\u00e9 p\u0159epravn\u00ed n\u00e1stroje<br \/>\nP\u0159eprava: 20GP nebo 40GP kontejnerov\u00e1 p\u0159eprava<\/p>\n<p><strong>#Eexportov\u00e1no do mnoha zem\u00ed<\/strong><\/p>\n<p>Tento v\u00fdrobek se vyv\u00e1\u017e\u00ed do Evropy, Ruska, jihov\u00fdchodn\u00ed Asie, Severn\u00ed Ameriky, Ji\u017en\u00ed Ameriky, na Bl\u00edzk\u00fd v\u00fdchod, do Afriky a dal\u0161\u00edch region\u016f. (Jako nap\u0159. )<\/p>\n<p><strong>#Specifikace:<\/strong><\/p>\n<style>\n    .table-container {<br \/>        overflow-x: auto;<br \/>        margin: 0 auto;<br \/>    }<br \/>    table {<br \/>        width: 100%;<br \/>        border-collapse: collapse;<br \/>    }<br \/>    th, td {<br \/>        padding: 8px;<br \/>        border: 1px solid #ddd;<br \/>        text-align: left;<br \/>    }<br \/>    @media screen and (max-width: 600px) {<br \/>        table, thead, tbody, th, td, tr {<br \/>            display: block;<br \/>            width: 100%;<br \/>        }<br \/>        thead tr {<br \/>            display: none;<br \/>        }<br \/>        tr {<br \/>            margin-bottom: 15px;<br \/>        }<br \/>        td {<br \/>            text-align: right;<br \/>            padding-left: 50%;<br \/>            position: relative;<br \/>        }<br \/>        td:before {<br \/>            content: attr(data-label);<br \/>            position: absolute;<br \/>            left: 0;<br \/>            width: 50%;<br \/>            padding-left: 10px;<br \/>            font-weight: bold;<br \/>            text-align: left;<br \/>        }<br \/>    }<br \/><\/style>\n<div class=\"table-container\">\n<table>\n<thead>\n<tr>\n<th>Specifikace<\/th>\n<th>Typ<\/th>\n<th>D25<\/th>\n<\/tr>\n<\/thead>\n<tbody>\n<tr>\n<td data-label=\"Specifications\">N\u00e1razov\u00e1 hmotnost (p\u00edst)<\/td>\n<td data-label=\"Type\">kg<\/td>\n<td data-label=\"D25\">2500<\/td>\n<\/tr>\n<tr>\n<td data-label=\"Specifications\">Energie na \u00fader<\/td>\n<td data-label=\"Type\">KNm<\/td>\n<td data-label=\"D25\">90.00~39.98<\/td>\n<\/tr>\n<tr>\n<td data-label=\"Specifications\">Po\u010det \u00fader\u016f<\/td>\n<td data-label=\"Type\">min-l<\/td>\n<td data-label=\"D25\">35~52<\/td>\n<\/tr>\n<tr>\n<td data-label=\"Specifications\">S\u00edla v\u00fdbuchov\u00e9ho tlaku na hromadu max.<\/td>\n<td data-label=\"Type\">KN<\/td>\n<td data-label=\"D25\">1304<\/td>\n<\/tr>\n<tr>\n<td data-label=\"Specifications\">Vhodn\u00e9 pro hlouben\u00ed pilot a\u017e do<\/td>\n<td data-label=\"Type\">Kg<\/td>\n<td data-label=\"D25\">7500<\/td>\n<\/tr>\n<tr>\n<td data-label=\"Specifications\">P\u0159\u00edpustn\u00fd pr\u016fm\u011br lana pro vychylovac\u00ed kladku vyp\u00ednac\u00edho za\u0159\u00edzen\u00ed max.<\/td>\n<td data-label=\"Type\">mm<\/td>\n<td data-label=\"D25\">\u03a622<\/td>\n<\/tr>\n<tr>\n<td data-label=\"Specifications\">Motorov\u00e1 nafta<\/td>\n<td data-label=\"Type\">L\/h<\/td>\n<td data-label=\"D25\">8<\/td>\n<\/tr>\n<tr>\n<td data-label=\"Specifications\">Mazivo<\/td>\n<td data-label=\"Type\">L\/h<\/td>\n<td data-label=\"D25\">1<\/td>\n<\/tr>\n<tr>\n<td data-label=\"Specifications\">N\u00e1dr\u017e na motorovou naftu<\/td>\n<td data-label=\"Type\">L<\/td>\n<td data-label=\"D25\">67<\/td>\n<\/tr>\n<tr>\n<td data-label=\"Specifications\">N\u00e1dr\u017e na mazivo<\/td>\n<td data-label=\"Type\">L<\/td>\n<td data-label=\"D25\">19<\/td>\n<\/tr>\n<tr>\n<td data-label=\"Specifications\">Dieselov\u00e9 kladivo na piloty p\u0159ibl.<\/td>\n<td data-label=\"Type\">kg<\/td>\n<td data-label=\"D25\">5330\/ 5810<\/td>\n<\/tr>\n<tr>\n<td data-label=\"Specifications\">Vyp\u00ednac\u00ed za\u0159\u00edzen\u00ed cca<\/td>\n<td data-label=\"Type\">kg<\/td>\n<td data-label=\"D25\">180<\/td>\n<\/tr>\n<tr>\n<td data-label=\"Specifications\">P\u0159epravn\u00ed dr\u017e\u00e1k\/kol\u00e9bka cca<\/td>\n<td data-label=\"Type\">kg<\/td>\n<td data-label=\"D25\">20<\/td>\n<\/tr>\n<tr>\n<td data-label=\"Specifications\">P\u0159epravn\u00ed str\u00e1\u017e cca.<\/td>\n<td data-label=\"Type\">kg<\/td>\n<td data-label=\"D25\">23<\/td>\n<\/tr>\n<tr>\n<td data-label=\"Specifications\">Sk\u0159\u00ed\u0148ka na n\u00e1\u0159ad\u00ed cca<\/td>\n<td data-label=\"Type\">kg<\/td>\n<td data-label=\"D25\">100<\/td>\n<\/tr>\n<tr>\n<td data-label=\"Specifications\">D\u00e9lka naftov\u00e9ho kladiva (a\/al)<\/td>\n<td data-label=\"Type\">mm<\/td>\n<td data-label=\"D25\">5450\/ 6290<\/td>\n<\/tr>\n<tr>\n<td data-label=\"Specifications\">Vn\u011bj\u0161\u00ed pr\u016fm\u011br n\u00e1razov\u00e9ho bloku (b)<\/td>\n<td data-label=\"Type\">mm<\/td>\n<td data-label=\"D25\">560<\/td>\n<\/tr>\n<tr>\n<td data-label=\"Specifications\">Celkov\u00e9 rozm\u011bry m\u011b\u0159en\u00e9 p\u0159es upev\u0148ovac\u00ed \u0161rouby vodic\u00edch \u010delist\u00ed (c)<\/td>\n<td data-label=\"Type\">mm<\/td>\n<td data-label=\"D25\">780<\/td>\n<\/tr>\n<tr>\n<td data-label=\"Specifications\">\u0160\u00ed\u0159ka kladiva na naftu (d)<\/td>\n<td data-label=\"Type\">mm<\/td>\n<td data-label=\"D25\">640<\/td>\n<\/tr>\n<tr>\n<td data-label=\"Specifications\">\u0160\u00ed\u0159ka pro p\u0159ipojen\u00ed vodic\u00edch \u010delist\u00ed (e)<\/td>\n<td data-label=\"Type\">mm<\/td>\n<td data-label=\"D25\">540<\/td>\n<\/tr>\n<tr>\n<td data-label=\"Specifications\">St\u0159ed naftov\u00e9ho kladiva a\u017e po ochrann\u00fd kryt \u010derpadla (f)<\/td>\n<td data-label=\"Type\">mm<\/td>\n<td data-label=\"D25\">405<\/td>\n<\/tr>\n<tr>\n<td data-label=\"Specifications\">St\u0159ed kladiva Diesel a\u017e do st\u0159edu z\u00e1vitov\u00e9ho otvoru pro upev\u0148ovac\u00ed \u0161roub vodic\u00edch \u010delist\u00ed (g)<\/td>\n<td data-label=\"Type\">mm<\/td>\n<td data-label=\"D25\">235<\/td>\n<\/tr>\n<tr>\n<td data-label=\"Specifications\">Hloubka vrtac\u00edho kladiva Diesel (h)<\/td>\n<td data-label=\"Type\">mm<\/td>\n<td data-label=\"D25\">715<\/td>\n<\/tr>\n<tr>\n<td data-label=\"Specifications\">Standardn\u00ed vzd\u00e1lenost od st\u0159edu kladiva Diesel po st\u0159ed olova (H)<\/td>\n<td data-label=\"Type\">mm<\/td>\n<td data-label=\"D25\">440<\/td>\n<\/tr>\n<tr>\n<td data-label=\"Specifications\">\u0160\u00ed\u0159ka vodi\u010de (L)<\/td>\n<td data-label=\"Type\">mm<\/td>\n<td data-label=\"D25\">330x(\u03a670)<\/td>\n<\/tr>\n<\/tbody>\n<\/table>\n<h2>D25 Diesel Hammer Balen\u00ed<\/h2>\n<p><img fetchpriority=\"high\" decoding=\"async\" class=\"size-full wp-image-11326\" src=\"https:\/\/www.juweihammer.com\/wp-content\/uploads\/2024\/09\/D-tubular-diesel-hammer-packaging.webp\" alt=\"D balen\u00ed trubkov\u00e9ho kladiva na naftu\" width=\"975\" height=\"696\" srcset=\"https:\/\/www.juweihammer.com\/wp-content\/uploads\/2024\/09\/D-tubular-diesel-hammer-packaging.webp 975w, https:\/\/www.juweihammer.com\/wp-content\/uploads\/2024\/09\/D-tubular-diesel-hammer-packaging-768x548.webp 768w, https:\/\/www.juweihammer.com\/wp-content\/uploads\/2024\/09\/D-tubular-diesel-hammer-packaging-18x12.webp 18w, https:\/\/www.juweihammer.com\/wp-content\/uploads\/2024\/09\/D-tubular-diesel-hammer-packaging-600x428.webp 600w\" sizes=\"(max-width: 975px) 100vw, 975px\" \/><\/p>\n<\/div>","protected":false},"excerpt":{"rendered":"<p>Trubkov\u00e9 dieselov\u00e9 kladivo \u0159ady D je v sou\u010dasn\u00e9 dob\u011b nejpou\u017e\u00edvan\u011bj\u0161\u00edm za\u0159\u00edzen\u00edm pro stavbu pilotov\u00fdch z\u00e1klad\u016f.<\/p>\n<ul>\n<li>N\u00e1razov\u00e1 hmotnost (p\u00edst): 2,5 tuny<\/li>\n<li>Energie Impac: 90 ~ 39,98 Kj<\/li>\n<li>OEM <span data-slate-fragment=\"JTVCJTdCJTIydHlwZSUyMiUzQSUyMnBhcmFncmFwaCUyMiUyQyUyMmNoaWxkcmVuJTIyJTNBJTVCJTdCJTIyaWQlMjIlM0ElMjJWMHJtR2R2NjJCJTIyJTJDJTIycGFyYUlkeCUyMiUzQTAlMkMlMjJzcmMlMjIlM0ElMjJhdmFpbGFibGUlMjIlMkMlMjJkc3QlMjIlM0ElMjIlRTUlOEYlQUYlRTglOEUlQjclRTUlQkUlOTclRTclOUElODQlMjIlMkMlMjJtZXRhZGF0YSUyMiUzQSUyMiUyMiUyQyUyMm1ldGFEYXRhJTIyJTNBJTVCJTVEJTJDJTIydGV4dCUyMiUzQSUyMmF2YWlsYWJsZSUyMiU3RCU1RCU3RCU1RA==\">Dostupn\u00e9 na<\/span><\/li>\n<li>\u0158e\u0161en\u00ed na m\u00edru<\/li>\n<li><span data-slate-fragment=\"JTVCJTdCJTIydHlwZSUyMiUzQSUyMnBhcmFncmFwaCUyMiUyQyUyMmNoaWxkcmVuJTIyJTNBJTVCJTdCJTIyaWQlMjIlM0ElMjJCdjVSOFl3bFd6JTIyJTJDJTIycGFyYUlkeCUyMiUzQTAlMkMlMjJzcmMlMjIlM0ElMjJEdWFsJTIwZnVlbCUyMHB1bXAlMjBzeXN0ZW0lMjIlMkMlMjJkc3QlMjIlM0ElMjIlRTUlOEYlOEMlRTclODclODMlRTYlQjIlQjklRTYlQjMlQjUlRTclQjMlQkIlRTclQkIlOUYlMjIlMkMlMjJtZXRhZGF0YSUyMiUzQSUyMiUyMiUyQyUyMm1ldGFEYXRhJTIyJTNBJTVCJTVEJTJDJTIydGV4dCUyMiUzQSUyMkR1YWwlMjBmdWVsJTIwcHVtcCUyMHN5c3RlbSUyMiU3RCU1RCU3RCU1RA==\">Syst\u00e9m dvojit\u00e9ho palivov\u00e9ho \u010derpadla<\/span><\/li>\n<\/ul>","protected":false},"featured_media":2374,"template":"","meta":{"_seopress_robots_primary_cat":"none","_seopress_titles_title":"China D25 Diesel Pile Driver Hammer for Sale | OEM","_seopress_titles_desc":"The D25 tubular diesel pile hammer is used pile driving foundation construction equipment.\r\nImpact Weight (Piston): 2.5 tons OEM Available. Get Quotes","_seopress_robots_index":"","site-sidebar-layout":"default","site-content-layout":"","ast-site-content-layout":"default","site-content-style":"default","site-sidebar-style":"default","ast-global-header-display":"","ast-banner-title-visibility":"","ast-main-header-display":"","ast-hfb-above-header-display":"","ast-hfb-below-header-display":"","ast-hfb-mobile-header-display":"","site-post-title":"","ast-breadcrumbs-content":"","ast-featured-img":"","footer-sml-layout":"","theme-transparent-header-meta":"default","adv-header-id-meta":"","stick-header-meta":"","header-above-stick-meta":"","header-main-stick-meta":"","header-below-stick-meta":"","astra-migrate-meta-layouts":"set","ast-page-background-enabled":"default","ast-page-background-meta":{"desktop":{"background-color":"var(--ast-global-color-4)","background-image":"","background-repeat":"repeat","background-position":"center center","background-size":"auto","background-attachment":"scroll","background-type":"","background-media":"","overlay-type":"","overlay-color":"","overlay-opacity":"","overlay-gradient":""},"tablet":{"background-color":"","background-image":"","background-repeat":"repeat","background-position":"center center","background-size":"auto","background-attachment":"scroll","background-type":"","background-media":"","overlay-type":"","overlay-color":"","overlay-opacity":"","overlay-gradient":""},"mobile":{"background-color":"","background-image":"","background-repeat":"repeat","background-position":"center center","background-size":"auto","background-attachment":"scroll","background-type":"","background-media":"","overlay-type":"","overlay-color":"","overlay-opacity":"","overlay-gradient":""}},"ast-content-background-meta":{"desktop":{"background-color":"var(--ast-global-color-5)","background-image":"","background-repeat":"repeat","background-position":"center center","background-size":"auto","background-attachment":"scroll","background-type":"","background-media":"","overlay-type":"","overlay-color":"","overlay-opacity":"","overlay-gradient":""},"tablet":{"background-color":"var(--ast-global-color-5)","background-image":"","background-repeat":"repeat","background-position":"center center","background-size":"auto","background-attachment":"scroll","background-type":"","background-media":"","overlay-type":"","overlay-color":"","overlay-opacity":"","overlay-gradient":""},"mobile":{"background-color":"var(--ast-global-color-5)","background-image":"","background-repeat":"repeat","background-position":"center center","background-size":"auto","background-attachment":"scroll","background-type":"","background-media":"","overlay-type":"","overlay-color":"","overlay-opacity":"","overlay-gradient":""}}},"product_brand":[],"product_cat":[21],"product_tag":[],"class_list":{"0":"post-2367","1":"product","2":"type-product","3":"status-publish","4":"has-post-thumbnail","6":"product_cat-d-diesel-hammer","7":"desktop-align-left","8":"tablet-align-left","9":"mobile-align-left","11":"first","12":"instock","13":"shipping-taxable","14":"product-type-simple"},"_links":{"self":[{"href":"https:\/\/www.juweihammer.com\/cs\/wp-json\/wp\/v2\/product\/2367","targetHints":{"allow":["GET"]}}],"collection":[{"href":"https:\/\/www.juweihammer.com\/cs\/wp-json\/wp\/v2\/product"}],"about":[{"href":"https:\/\/www.juweihammer.com\/cs\/wp-json\/wp\/v2\/types\/product"}],"version-history":[{"count":2,"href":"https:\/\/www.juweihammer.com\/cs\/wp-json\/wp\/v2\/product\/2367\/revisions"}],"predecessor-version":[{"id":11347,"href":"https:\/\/www.juweihammer.com\/cs\/wp-json\/wp\/v2\/product\/2367\/revisions\/11347"}],"wp:featuredmedia":[{"embeddable":true,"href":"https:\/\/www.juweihammer.com\/cs\/wp-json\/wp\/v2\/media\/2374"}],"wp:attachment":[{"href":"https:\/\/www.juweihammer.com\/cs\/wp-json\/wp\/v2\/media?parent=2367"}],"wp:term":[{"taxonomy":"product_brand","embeddable":true,"href":"https:\/\/www.juweihammer.com\/cs\/wp-json\/wp\/v2\/product_brand?post=2367"},{"taxonomy":"product_cat","embeddable":true,"href":"https:\/\/www.juweihammer.com\/cs\/wp-json\/wp\/v2\/product_cat?post=2367"},{"taxonomy":"product_tag","embeddable":true,"href":"https:\/\/www.juweihammer.com\/cs\/wp-json\/wp\/v2\/product_tag?post=2367"}],"curies":[{"name":"wp","href":"https:\/\/api.w.org\/{rel}","templated":true}]}}